{"id":5077,"date":"2022-03-14T11:34:10","date_gmt":"2022-03-14T09:34:10","guid":{"rendered":"https:\/\/idcolor.ee\/kohaletoimetamine\/"},"modified":"2024-01-20T12:10:36","modified_gmt":"2024-01-20T10:10:36","slug":"kohaletoimetamine","status":"publish","type":"page","link":"https:\/\/idcolor.ee\/et\/kohaletoimetamine\/","title":{"rendered":"Kohaletoimetamine"},"content":{"rendered":"<div class=\"wpb-content-wrapper\"><p>[vc_row css=&#8221;.vc_custom_1647250380513{padding-top: 60px !important;padding-bottom: 120px !important;}&#8221;][vc_column]<div class=\"nasa-title clearfix hr-type-full\"><h3 class=\"nasa-heading-title\"><span class=\"nasa-title-wrap\"><span style=\"background: #ffffff; color: #24b3b0;\">Kohaletoimetamine<\/span><span class=\"nasa-title-hr\" style=\"border-color: #24b3b0;\"><\/span><\/span><\/h3><\/div>[vc_row_inner gap=&#8221;35&#8243; css=&#8221;.vc_custom_1647250372585{padding-top: 40px !important;}&#8221;][vc_column_inner width=&#8221;3\/4&#8243; css=&#8221;.vc_custom_1653063783082{padding-top: 20px !important;}&#8221;][vc_column_text]<strong>idcolor.ee veebipoest ostetud kaupa tarnitakse vaid Eesti, L\u00e4ti, Leedu ja Soome territooriumile<\/strong><\/p>\n<p>Kaup tarnitakse tellija valitud pakiautomaati.<\/p>\n<p>Kauba kohaletoimetamise tasu lisandub kauba hinnale.<\/p>\n<p><strong>Kohaletoimetamise tasu ei lisandu tellimuse maksumusest alates 75 \u20ac<\/strong><\/p>\n<p>Kauba kohaletoimetamise tasu on:<br \/>\n<strong>Eesti:<\/strong><br \/>\nOmniva pakiautomaat: 3.60 \u20ac<br \/>\nItella Smartpost pakiautomaat: 3.60 \u20ac<\/p>\n<p><strong>Soome<\/strong>:<br \/>\nPosti pakiautomaat: 8.00 \u20ac<\/p>\n<p><strong>L\u00e4ti:<\/strong><br \/>\nOmniva pakiautomaat: 8.00 \u20ac<\/p>\n<p><strong>Leedu:<\/strong><br \/>\nOmniva pakiautomaat: 8.00 \u20ac<\/p>\n<p>E-poest ostetud kaup j\u00f5uab kohale 1-7 t\u00f6\u00f6p\u00e4eva jooksul alates m\u00fc\u00fcgilepingu j\u00f5ustumisest.<\/p>\n<p>Erandjuhtudel on \u00f5igus kaup kohale toimetada 45 kalendrip\u00e4eva jooksul.<\/p>\n<p>M\u00fc\u00fcja ei vastuta kliendile tekkinud kahju eest, kui m\u00fc\u00fcjast mittetulenevatel p\u00f5hjustel on kolmandad isikud saanud oma valdusse pakiautomaadi unikaalse koodi ning selle alusel on kaup k\u00e4tte saadud.<\/p>\n<p>Juhul, kui klient ei ole hoiut\u00e4htaja m\u00f6\u00f6dudes pakiautomaadist kaupa vastu v\u00f5tnud, loeb m\u00fc\u00fcja, et klient on tellimusest loobunud ning m\u00fc\u00fcja tagastab kliendile ostusumma (miinus kohaletoimetamise tasu) hiljemalt kui 14 kalendrip\u00e4eva jooksul samale arvelduskontole, millelt ostu eest tasuti.[\/vc_column_text][\/vc_column_inner][vc_column_inner width=&#8221;1\/4&#8243;]<a class=\"nasa-link-image\" href=\"https:\/\/www.omniva.ee\/\"><img loading=\"lazy\" decoding=\"async\" class=\"nasa-image\" src=\"https:\/\/idcolor.ee\/wp-content\/uploads\/2022\/03\/Omniva_lockup_horizontal_orange.png\" alt=\"\" width=\"1000\" height=\"400\" \/><\/a><a class=\"nasa-link-image\" href=\"https:\/\/itella.ee\/\"><img loading=\"lazy\" decoding=\"async\" class=\"nasa-image\" src=\"https:\/\/idcolor.ee\/wp-content\/uploads\/2024\/01\/Itella_smartpost.png\" alt=\"\" width=\"1000\" height=\"400\" \/><\/a><a class=\"nasa-link-image\" href=\"https:\/\/www.posti.fi\/fi\"><img loading=\"lazy\" decoding=\"async\" class=\"nasa-image\" src=\"https:\/\/idcolor.ee\/wp-content\/uploads\/2024\/01\/Posti_orange.png\" alt=\"\" width=\"1000\" height=\"400\" \/><\/a>[\/vc_column_inner][\/vc_row_inner][\/vc_column][\/vc_row]<\/p>\n<\/div>","protected":false},"excerpt":{"rendered":"<p>[vc_row css=&#8221;.vc_custom_1647250380513{padding-top: 60px !important;padding-bottom: 120px !important;}&#8221;][vc_column][vc_row_inner gap=&#8221;35&#8243; css=&#8221;.vc_custom_1647250372585{padding-top: 40px !important;}&#8221;][vc_column_inner width=&#8221;3\/4&#8243; css=&#8221;.vc_custom_1653063783082{padding-top: 20px !important;}&#8221;][vc_column_text]idcolor.ee veebipoest ostetud kaupa tarnitakse vaid Eesti, L\u00e4ti, Leedu ja Soome territooriumile Kaup tarnitakse tellija valitud pakiautomaati. Kauba kohaletoimetamise tasu lisandub kauba hinnale. Kohaletoimetamise tasu ei lisandu tellimuse maksumusest alates 75 \u20ac Kauba kohaletoimetamise tasu on: Eesti: Omniva pakiautomaat: 3.60 \u20ac Itella [&hellip;]<\/p>\n","protected":false},"author":1,"featured_media":0,"parent":0,"menu_order":0,"comment_status":"closed","ping_status":"closed","template":"","meta":{"footnotes":""},"class_list":["post-5077","page","type-page","status-publish","hentry"],"yoast_head":"<!-- This site is optimized with the Yoast SEO plugin v27.4 - https:\/\/yoast.com\/product\/yoast-seo-wordpress\/ -->\n<title>Kohaletoimetamine - iD Color<\/title>\n<meta name=\"robots\" content=\"index, follow, max-snippet:-1, max-image-preview:large, max-video-preview:-1\" \/>\n<link rel=\"canonical\" href=\"https:\/\/idcolor.ee\/et\/kohaletoimetamine\/\" \/>\n<meta property=\"og:locale\" content=\"et_EE\" \/>\n<meta property=\"og:type\" content=\"article\" \/>\n<meta property=\"og:title\" content=\"Kohaletoimetamine - iD Color\" \/>\n<meta property=\"og:description\" content=\"[vc_row css=&#8221;.vc_custom_1647250380513{padding-top: 60px !important;padding-bottom: 120px !important;}&#8221;][vc_column][vc_row_inner gap=&#8221;35&#8243; css=&#8221;.vc_custom_1647250372585{padding-top: 40px !important;}&#8221;][vc_column_inner width=&#8221;3\/4&#8243; css=&#8221;.vc_custom_1653063783082{padding-top: 20px !important;}&#8221;][vc_column_text]idcolor.ee veebipoest ostetud kaupa tarnitakse vaid Eesti, L\u00e4ti, Leedu ja Soome territooriumile Kaup tarnitakse tellija valitud pakiautomaati. Kauba kohaletoimetamise tasu lisandub kauba hinnale. Kohaletoimetamise tasu ei lisandu tellimuse maksumusest alates 75 \u20ac Kauba kohaletoimetamise tasu on: Eesti: Omniva pakiautomaat: 3.60 \u20ac Itella [&hellip;]\" \/>\n<meta property=\"og:url\" content=\"https:\/\/idcolor.ee\/et\/kohaletoimetamine\/\" \/>\n<meta property=\"og:site_name\" content=\"iD Color\" \/>\n<meta property=\"article:modified_time\" content=\"2024-01-20T10:10:36+00:00\" \/>\n<meta name=\"twitter:card\" content=\"summary_large_image\" \/>\n<meta name=\"twitter:label1\" content=\"Est. reading time\" \/>\n\t<meta name=\"twitter:data1\" content=\"1 minut\" \/>\n<script type=\"application\/ld+json\" class=\"yoast-schema-graph\">{\"@context\":\"https:\\\/\\\/schema.org\",\"@graph\":[{\"@type\":\"WebPage\",\"@id\":\"https:\\\/\\\/idcolor.ee\\\/et\\\/kohaletoimetamine\\\/\",\"url\":\"https:\\\/\\\/idcolor.ee\\\/et\\\/kohaletoimetamine\\\/\",\"name\":\"Kohaletoimetamine - iD Color\",\"isPartOf\":{\"@id\":\"https:\\\/\\\/idcolor.ee\\\/et\\\/#website\"},\"datePublished\":\"2022-03-14T09:34:10+00:00\",\"dateModified\":\"2024-01-20T10:10:36+00:00\",\"breadcrumb\":{\"@id\":\"https:\\\/\\\/idcolor.ee\\\/et\\\/kohaletoimetamine\\\/#breadcrumb\"},\"inLanguage\":\"et\",\"potentialAction\":[{\"@type\":\"ReadAction\",\"target\":[\"https:\\\/\\\/idcolor.ee\\\/et\\\/kohaletoimetamine\\\/\"]}]},{\"@type\":\"BreadcrumbList\",\"@id\":\"https:\\\/\\\/idcolor.ee\\\/et\\\/kohaletoimetamine\\\/#breadcrumb\",\"itemListElement\":[{\"@type\":\"ListItem\",\"position\":1,\"name\":\"Home\",\"item\":\"https:\\\/\\\/idcolor.ee\\\/et\\\/avaleht\\\/\"},{\"@type\":\"ListItem\",\"position\":2,\"name\":\"Kohaletoimetamine\"}]},{\"@type\":\"WebSite\",\"@id\":\"https:\\\/\\\/idcolor.ee\\\/et\\\/#website\",\"url\":\"https:\\\/\\\/idcolor.ee\\\/et\\\/\",\"name\":\"iD Color\",\"description\":\"Hair care products\",\"publisher\":{\"@id\":\"https:\\\/\\\/idcolor.ee\\\/et\\\/#organization\"},\"potentialAction\":[{\"@type\":\"SearchAction\",\"target\":{\"@type\":\"EntryPoint\",\"urlTemplate\":\"https:\\\/\\\/idcolor.ee\\\/et\\\/?s={search_term_string}\"},\"query-input\":{\"@type\":\"PropertyValueSpecification\",\"valueRequired\":true,\"valueName\":\"search_term_string\"}}],\"inLanguage\":\"et\"},{\"@type\":\"Organization\",\"@id\":\"https:\\\/\\\/idcolor.ee\\\/et\\\/#organization\",\"name\":\"iD Color O\u00dc\",\"url\":\"https:\\\/\\\/idcolor.ee\\\/et\\\/\",\"logo\":{\"@type\":\"ImageObject\",\"inLanguage\":\"et\",\"@id\":\"https:\\\/\\\/idcolor.ee\\\/et\\\/#\\\/schema\\\/logo\\\/image\\\/\",\"url\":\"https:\\\/\\\/idcolor.ee\\\/wp-content\\\/uploads\\\/2022\\\/01\\\/IDColor_Logo_1000.png\",\"contentUrl\":\"https:\\\/\\\/idcolor.ee\\\/wp-content\\\/uploads\\\/2022\\\/01\\\/IDColor_Logo_1000.png\",\"width\":1001,\"height\":354,\"caption\":\"iD Color O\u00dc\"},\"image\":{\"@id\":\"https:\\\/\\\/idcolor.ee\\\/et\\\/#\\\/schema\\\/logo\\\/image\\\/\"}}]}<\/script>\n<!-- \/ Yoast SEO plugin. -->","yoast_head_json":{"title":"Kohaletoimetamine - iD Color","robots":{"index":"index","follow":"follow","max-snippet":"max-snippet:-1","max-image-preview":"max-image-preview:large","max-video-preview":"max-video-preview:-1"},"canonical":"https:\/\/idcolor.ee\/et\/kohaletoimetamine\/","og_locale":"et_EE","og_type":"article","og_title":"Kohaletoimetamine - iD Color","og_description":"[vc_row css=&#8221;.vc_custom_1647250380513{padding-top: 60px !important;padding-bottom: 120px !important;}&#8221;][vc_column][vc_row_inner gap=&#8221;35&#8243; css=&#8221;.vc_custom_1647250372585{padding-top: 40px !important;}&#8221;][vc_column_inner width=&#8221;3\/4&#8243; css=&#8221;.vc_custom_1653063783082{padding-top: 20px !important;}&#8221;][vc_column_text]idcolor.ee veebipoest ostetud kaupa tarnitakse vaid Eesti, L\u00e4ti, Leedu ja Soome territooriumile Kaup tarnitakse tellija valitud pakiautomaati. Kauba kohaletoimetamise tasu lisandub kauba hinnale. Kohaletoimetamise tasu ei lisandu tellimuse maksumusest alates 75 \u20ac Kauba kohaletoimetamise tasu on: Eesti: Omniva pakiautomaat: 3.60 \u20ac Itella [&hellip;]","og_url":"https:\/\/idcolor.ee\/et\/kohaletoimetamine\/","og_site_name":"iD Color","article_modified_time":"2024-01-20T10:10:36+00:00","twitter_card":"summary_large_image","twitter_misc":{"Est. reading time":"1 minut"},"schema":{"@context":"https:\/\/schema.org","@graph":[{"@type":"WebPage","@id":"https:\/\/idcolor.ee\/et\/kohaletoimetamine\/","url":"https:\/\/idcolor.ee\/et\/kohaletoimetamine\/","name":"Kohaletoimetamine - iD Color","isPartOf":{"@id":"https:\/\/idcolor.ee\/et\/#website"},"datePublished":"2022-03-14T09:34:10+00:00","dateModified":"2024-01-20T10:10:36+00:00","breadcrumb":{"@id":"https:\/\/idcolor.ee\/et\/kohaletoimetamine\/#breadcrumb"},"inLanguage":"et","potentialAction":[{"@type":"ReadAction","target":["https:\/\/idcolor.ee\/et\/kohaletoimetamine\/"]}]},{"@type":"BreadcrumbList","@id":"https:\/\/idcolor.ee\/et\/kohaletoimetamine\/#breadcrumb","itemListElement":[{"@type":"ListItem","position":1,"name":"Home","item":"https:\/\/idcolor.ee\/et\/avaleht\/"},{"@type":"ListItem","position":2,"name":"Kohaletoimetamine"}]},{"@type":"WebSite","@id":"https:\/\/idcolor.ee\/et\/#website","url":"https:\/\/idcolor.ee\/et\/","name":"iD Color","description":"Hair care products","publisher":{"@id":"https:\/\/idcolor.ee\/et\/#organization"},"potentialAction":[{"@type":"SearchAction","target":{"@type":"EntryPoint","urlTemplate":"https:\/\/idcolor.ee\/et\/?s={search_term_string}"},"query-input":{"@type":"PropertyValueSpecification","valueRequired":true,"valueName":"search_term_string"}}],"inLanguage":"et"},{"@type":"Organization","@id":"https:\/\/idcolor.ee\/et\/#organization","name":"iD Color O\u00dc","url":"https:\/\/idcolor.ee\/et\/","logo":{"@type":"ImageObject","inLanguage":"et","@id":"https:\/\/idcolor.ee\/et\/#\/schema\/logo\/image\/","url":"https:\/\/idcolor.ee\/wp-content\/uploads\/2022\/01\/IDColor_Logo_1000.png","contentUrl":"https:\/\/idcolor.ee\/wp-content\/uploads\/2022\/01\/IDColor_Logo_1000.png","width":1001,"height":354,"caption":"iD Color O\u00dc"},"image":{"@id":"https:\/\/idcolor.ee\/et\/#\/schema\/logo\/image\/"}}]}},"_links":{"self":[{"href":"https:\/\/idcolor.ee\/et\/wp-json\/wp\/v2\/pages\/5077","targetHints":{"allow":["GET"]}}],"collection":[{"href":"https:\/\/idcolor.ee\/et\/wp-json\/wp\/v2\/pages"}],"about":[{"href":"https:\/\/idcolor.ee\/et\/wp-json\/wp\/v2\/types\/page"}],"author":[{"embeddable":true,"href":"https:\/\/idcolor.ee\/et\/wp-json\/wp\/v2\/users\/1"}],"replies":[{"embeddable":true,"href":"https:\/\/idcolor.ee\/et\/wp-json\/wp\/v2\/comments?post=5077"}],"version-history":[{"count":31,"href":"https:\/\/idcolor.ee\/et\/wp-json\/wp\/v2\/pages\/5077\/revisions"}],"predecessor-version":[{"id":6454,"href":"https:\/\/idcolor.ee\/et\/wp-json\/wp\/v2\/pages\/5077\/revisions\/6454"}],"wp:attachment":[{"href":"https:\/\/idcolor.ee\/et\/wp-json\/wp\/v2\/media?parent=5077"}],"curies":[{"name":"wp","href":"https:\/\/api.w.org\/{rel}","templated":true}]}}