{"id":5083,"date":"2022-01-08T01:32:42","date_gmt":"2022-01-07T23:32:42","guid":{"rendered":"https:\/\/idcolor.ee\/muugitingimused\/"},"modified":"2025-07-01T00:33:36","modified_gmt":"2025-06-30T21:33:36","slug":"muugitingimused","status":"publish","type":"page","link":"https:\/\/idcolor.ee\/et\/muugitingimused\/","title":{"rendered":"M\u00fc\u00fcgitingimused"},"content":{"rendered":"<div class=\"wpb-content-wrapper\"><p>[vc_row css=&#8221;.vc_custom_1641598295106{padding-top: 60px !important;}&#8221;][vc_column]<div class=\"nasa-title clearfix hr-type-full\"><h3 class=\"nasa-heading-title\"><span class=\"nasa-title-wrap\"><span style=\"background: #ffffff; color: #24b3b0;\">E-poe m\u00fc\u00fcgitingimused<\/span><span class=\"nasa-title-hr\" style=\"border-color: #24b3b0;\"><\/span><\/span><\/h3><\/div>[\/vc_column][\/vc_row][vc_row css=&#8221;.vc_custom_1647248779793{padding-top: 35px !important;padding-bottom: 120px !important;}&#8221;][vc_column][vc_column_text css=&#8221;&#8221;]<\/p>\n<h5>1. \u00dcLDS\u00c4TTED<\/h5>\n<p>1.1. K\u00e4esolevad iD Color e-poe (edaspidi: e-pood) m\u00fc\u00fcgitingimused (edaspidi: tingimused) kehtivad iD Color e-poest ostmisel internetiaadressilt www.idcolor.ee. Kauba m\u00fc\u00fcja on ID Color O\u00dc (edaspidi: m\u00fc\u00fcja), aadress Gonsiori 17-4, 10124 Tallinn, EESTI, registrikood 14613686, e-posti aadress shop@idcolor.eu, telefon +372 55133. Tingimused kehtivad k\u00f5igi isikute (edaspidi: klient) ja m\u00fc\u00fcja vahel iD Color e-poe vahendusel kauba ostmisel tekkivate \u00f5igussuhete kohta.<br \/>\n1.2. M\u00fc\u00fcjal on \u00f5igus \u00fchepoolselt tingimusi muuta ja t\u00e4iendada, avaldades uued tingimused internetiaadressil idcolor.ee Kui klient esitas tellimuse enne tingimuste muudatuste j\u00f5ustumist, kohaldatakse kliendile tellimuse esitamise ajal kehtinud tingimused.<br \/>\n1.3. Kliendil on v\u00f5imalik enne ostu sooritamist tingimused salvestada, printida ja vajaduse korral taasesitada ning klient n\u00f5ustub e-poest ostu sooritamisel tingimustes s\u00e4testatuga.<br \/>\n1.4. Tingimustele lisaks kohaldatakse e-poest ostu sooritamisele Eesti Vabariigis kehtivaid \u00f5igusakte.<\/p>\n<h5>2. TELLIMUSE ESITAMINE<\/h5>\n<p>2.1. Klient valib e-poest v\u00e4lja soovitud kaubad ja lisab ostukorvi.<br \/>\n2.2. Klient kinnitab ostukorvi ja tasub kauba eest m\u00fc\u00fcja poolt pakutud maksekeskkondades. Klient kontrollib enne arve tasumist, et arvel olev toodete nimistu vastab kliendi tegelikule soovile.<br \/>\n2.3. P\u00e4rast kauba eest tasumist tuleb kliendil vajutada lingile \u201cTagasi kaupmehe juurde\u201d.<br \/>\n2.4. Tellimuse ja makse k\u00e4ttesaamise kohta saadab m\u00fc\u00fcja kliendile e-kirjaga kinnituse ja arve.<br \/>\n2.5. M\u00fc\u00fcja ja kliendi vahel j\u00f5ustub m\u00fc\u00fcgileping alates kliendi poolt tasutud ostusumma tervikuna laekumisest M\u00fc\u00fcja arvelduskontole.<br \/>\n2.6. Kaupade eest, mida ei \u00f5nnestu komplekteerida, maksab M\u00fc\u00fcja kliendile raha tagasi hiljemalt 14 p\u00e4eva jooksul.<\/p>\n<h5>3. KAUBA HIND JA MAKSEV\u00d5IMALUSED<\/h5>\n<p>3.1. K\u00f5ik ID Color e-poes m\u00fc\u00fcdavate kaupade hinnad on n\u00e4idatud eurodes. Hinnad sisaldavad k\u00e4ibemaksu 24%.<br \/>\n3.2. Klient tasub tellimuse eest ettemaksuna kauba m\u00fc\u00fcgihinna ning kohaletoimetamise tasu t\u00e4ies ulatuses. Tasumine toimub v\u00e4ljaspool e-poodi turvalises keskkonnas \u2013 pangalingiga tasumisel vastava panga turvalises keskkonnas ja krediitkaardiga tasumisel Montonio Finance UAB turvalises keskkonnas. M\u00fc\u00fcjal puudub ligip\u00e4\u00e4s kliendi panga ja krediitkaardi andmetele.<br \/>\n3.3. ID Color O\u00dc on isikuandmete vastutav t\u00f6\u00f6tleja. ID Color O\u00dc edastab maksete teostamiseks vajalikud isikuandmed volitatud t\u00f6\u00f6tlejale Montonio Finance UAB.<br \/>\n3.4. Kauba eest saab tasuda:<br \/>\n3.4.1. pangalinkide kaudu internetipankades:<br \/>\na) EESTI: Swedbank, SEB, LHV, Luminor, Coop Bank, Citadele, N26<br \/>\nb) L\u00c4TI: Swedbank, SEB, Luminor, Citadele<br \/>\nc) LEEDU: Swedbank, SEB, Luminor, Citadele, \u0160iauliu Bankas<br \/>\nd) SOOME: Nordea, Danske Bank, N26, Handelsbanken, Oma S\u00e4\u00e4st\u00f6pankki, POP Pankki, S\u00e4\u00e4stopankki, \u00c5landsbanken, OP, S-Pankki<br \/>\n3.4.2. krediitkaartidega.<br \/>\n3.5. Tellimuse maksumusele v\u00f5ib lisanduda teenustasu vastavalt kliendi ja panga- v\u00f5i krediitkaardi v\u00e4ljastaja vahel s\u00f5lmitud lepingule.<\/p>\n<h5>4. KAUBA TOIMETAMINE<\/h5>\n<p>4.1. Kaupa tarnitakse Eesti, L\u00e4ti, Leedu ja Soome territooriumile pakiautomaatide vahendusel.<br \/>\n4.2. Kauba kohaletoimetamisel kliendi poolt n\u00e4idatud aadressile lisandub kauba hinnale kohaletoimetamise tasu.<br \/>\n4.2.1. Juhul kui tellimuse maksumus \u00fcletab summat 75 \u20ac, kohaletoimetamise tasu ei lisandu.<br \/>\n4.2.2. Kohaletoimatamise tasud.<\/p>\n<p><strong>Eesti:<\/strong><br \/>\nOmniva pakiautomaat: 3.60 \u20ac<br \/>\nItella Smartpost pakiautomaat: 3.60 \u20ac<\/p>\n<p><strong>Soome<\/strong>:<br \/>\nPosti pakiautomaat: 8.00 \u20ac<\/p>\n<p><strong>L\u00e4ti:<\/strong><br \/>\nOmniva pakiautomaat: 8.00 \u20ac<\/p>\n<p><strong>Leedu:<\/strong><br \/>\nOmniva pakiautomaat: 8.00 \u20ac<\/p>\n<p>4.3. E-poest ostetud kaup j\u00f5uab kohale 1-7 t\u00f6\u00f6p\u00e4eva jooksul alates m\u00fc\u00fcgilepingu j\u00f5ustumisest.<\/p>\n<p>4.4. Erandjuhtudel on \u00f5igus kaup kohale toimetada 45 kalendrip\u00e4eva jooksul.<\/p>\n<h5>5. KAUBA KONTROLL<\/h5>\n<p>5.1. Juhul, kui klient avastab kauba k\u00e4ttesaamisel, et talle on saadetud vale v\u00f5i defektne kaup v\u00f5i kaup ei j\u00f5ua kliendini heas seisukorras ja kinnises pakendis, tuleb sellest koheselt teavitada m\u00fc\u00fcja klienditeenindust e-posti teel shop@idcolor.ee.<br \/>\n5.2. M\u00fc\u00fcja vastutab kliendi poolt ostetud kauba eest selle transportimise jooksul. Kauba k\u00e4ttesaamise hetkest l\u00e4heb kauba kahjustumise v\u00f5i kadumise risk \u00fcle kliendile.<\/p>\n<h5>6. KLIENDI ISIKUANDMETE T\u00d6\u00d6TLEMINE<\/h5>\n<p>6.1. M\u00fc\u00fcjal on \u00f5igus t\u00f6\u00f6delda kliendi poolt esitatud isikuandmeid ja ostude andmeid koosk\u00f5las kehtivate \u00f5igusaktidega ulatuses, mis on vajalik eelk\u00f5ige kliendi poolt e-poes esitatud tellimuse t\u00e4itmiseks.<br \/>\n6.2. M\u00fc\u00fcja t\u00f6\u00f6tleb kliendi isikuandmeid j\u00e4rgmistel eesm\u00e4rkidel:<br \/>\na) e-poes esitatud tellimuse t\u00e4itmine;<br \/>\nb) e-poe kliendisuhete haldamine ja kliendiga suhtlemine;<br \/>\nc) kliendi p\u00e4ringutele vastamine;<br \/>\nd) m\u00fc\u00fcgistatistika koostamine;<br \/>\ne) e-poe teenuste haldamine ja arendamine.<br \/>\n6.3. M\u00fc\u00fcja rakendab k\u00f5iki meetmeid (sh administratiivsed, tehnilised ja f\u00fc\u00fcsilised meetmed) kliendi isikuandmete kaitsmiseks. Juurdep\u00e4\u00e4s andmete muutmiseks ja t\u00f6\u00f6tlemiseks on ainult selleks volitatud isikutel.<br \/>\n6.4. M\u00fc\u00fcjal on \u00f5igus e-poes registreeritud isikuandmetele teostada profiilianal\u00fc\u00fcsi, et paremini m\u00f5ista klientide ootusi ja sellest tulenevalt pakkuda paremaid kaupu ja teenuseid v\u00f5imaldades otseturunduse t\u00e4psemat suunamist.<\/p>\n<h5>7. KAUBA TAGASTAMINE JA TAGASIMAKSED<\/h5>\n<p>7.1. E-poest ostetud kaubad saab soovi korral tagastada. Tagastamise \u00f5igus kehtib 14 kalendrip\u00e4eva jooksul alates kauba k\u00e4ttesaamisest ning seda ka juhul, kui tegemist ei ole puudusega kaubaga.<br \/>\n7.2. Tagastatav kaup peab olema kasutamata ja rikkumata. Kliendil on \u00f5igus kaubaga tutvuda viisil, nagu see on lubatud tavap\u00e4raselt poes ning klient vastutab kaubaga tutvumisel kauba v\u00e4\u00e4rtuse v\u00e4henemise eest.<br \/>\n7.3. Juhul, kui klient on tagastatavat kaupa rikkunud v\u00f5i kahjustanud tahtlikult v\u00f5i hooletuse t\u00f5ttu, on m\u00fc\u00fcjal \u00f5igus keelduda kauba tagasi v\u00f5tmisest v\u00f5i n\u00f5uda tekitatud kahju h\u00fcvitamist.<br \/>\n7.4. Kauba tagastamiseks peab klient t\u00e4itma tagastamisavalduse. Kauba tagastamiseks peab klient t\u00e4itma tagastamisavalduse. Tagastatav kaup koos vastava avaldusega tuleb tagastada M\u00fc\u00fcjale aadressil: ID Color O\u00dc, address Tatari 58, Tallinn 10134, EESTI, e-post: <a href=\"mailto:shop@idcolor.ee\">shop@idcolor.ee<\/a><br \/>\n7.5. Tagastatava kauba saatmiskulud tasub ostja. Taganemisavalduse vormi leiab siit: [<a href=\"https:\/\/idcolor.ee\/wp-content\/uploads\/2023\/07\/IDC_Tagastusvorm_EST.pdf\" target=\"_blank\" rel=\"noopener\">TAGANEMISAVALDUS <\/a>]<br \/>\n7.6. Klient on kohustatud taganemis\u00f5iguse kasutamisel tagastama kauba m\u00fc\u00fcjale hiljemalt 14 p\u00e4eva jooksul arvates taganemisavalduse esitamisest.<br \/>\n7.7. Juhul, kui klient on tehingust taganenud, tagastab m\u00fc\u00fcja kliendile ostusumma koos kohaletoimetamise tasuga viivitamata, kuid mitte hiljem kui 14 kalendrip\u00e4eva jooksul taganemisavalduse j\u00f5udmisest m\u00fc\u00fcjale. Tagasimakse tehakse samale arvelduskontole, millelt ostu eest tasuti.[\/vc_column_text][\/vc_column][\/vc_row]<\/p>\n<\/div>","protected":false},"excerpt":{"rendered":"<p>[vc_row css=&#8221;.vc_custom_1641598295106{padding-top: 60px !important;}&#8221;][vc_column][\/vc_column][\/vc_row][vc_row css=&#8221;.vc_custom_1647248779793{padding-top: 35px !important;padding-bottom: 120px !important;}&#8221;][vc_column][vc_column_text css=&#8221;&#8221;] 1. \u00dcLDS\u00c4TTED 1.1. K\u00e4esolevad iD Color e-poe (edaspidi: e-pood) m\u00fc\u00fcgitingimused (edaspidi: tingimused) kehtivad iD Color e-poest ostmisel internetiaadressilt www.idcolor.ee. Kauba m\u00fc\u00fcja on ID Color O\u00dc (edaspidi: m\u00fc\u00fcja), aadress Gonsiori 17-4, 10124 Tallinn, EESTI, registrikood 14613686, e-posti aadress shop@idcolor.eu, telefon +372 55133. Tingimused kehtivad k\u00f5igi isikute [&hellip;]<\/p>\n","protected":false},"author":1,"featured_media":0,"parent":0,"menu_order":0,"comment_status":"closed","ping_status":"closed","template":"","meta":{"footnotes":""},"class_list":["post-5083","page","type-page","status-publish","hentry"],"yoast_head":"<!-- This site is optimized with the Yoast SEO plugin v27.4 - https:\/\/yoast.com\/product\/yoast-seo-wordpress\/ -->\n<title>M\u00fc\u00fcgitingimused - iD Color<\/title>\n<meta name=\"robots\" content=\"index, follow, max-snippet:-1, max-image-preview:large, max-video-preview:-1\" \/>\n<link rel=\"canonical\" href=\"https:\/\/idcolor.ee\/et\/muugitingimused\/\" \/>\n<meta property=\"og:locale\" content=\"et_EE\" \/>\n<meta property=\"og:type\" content=\"article\" \/>\n<meta property=\"og:title\" content=\"M\u00fc\u00fcgitingimused - iD Color\" \/>\n<meta property=\"og:description\" content=\"[vc_row css=&#8221;.vc_custom_1641598295106{padding-top: 60px !important;}&#8221;][vc_column][\/vc_column][\/vc_row][vc_row css=&#8221;.vc_custom_1647248779793{padding-top: 35px !important;padding-bottom: 120px !important;}&#8221;][vc_column][vc_column_text css=&#8221;&#8221;] 1. \u00dcLDS\u00c4TTED 1.1. K\u00e4esolevad iD Color e-poe (edaspidi: e-pood) m\u00fc\u00fcgitingimused (edaspidi: tingimused) kehtivad iD Color e-poest ostmisel internetiaadressilt www.idcolor.ee. Kauba m\u00fc\u00fcja on ID Color O\u00dc (edaspidi: m\u00fc\u00fcja), aadress Gonsiori 17-4, 10124 Tallinn, EESTI, registrikood 14613686, e-posti aadress shop@idcolor.eu, telefon +372 55133. Tingimused kehtivad k\u00f5igi isikute [&hellip;]\" \/>\n<meta property=\"og:url\" content=\"https:\/\/idcolor.ee\/et\/muugitingimused\/\" \/>\n<meta property=\"og:site_name\" content=\"iD Color\" \/>\n<meta property=\"article:modified_time\" content=\"2025-06-30T21:33:36+00:00\" \/>\n<meta name=\"twitter:card\" content=\"summary_large_image\" \/>\n<meta name=\"twitter:label1\" content=\"Est. reading time\" \/>\n\t<meta name=\"twitter:data1\" content=\"5 minutit\" \/>\n<script type=\"application\/ld+json\" class=\"yoast-schema-graph\">{\"@context\":\"https:\\\/\\\/schema.org\",\"@graph\":[{\"@type\":\"WebPage\",\"@id\":\"https:\\\/\\\/idcolor.ee\\\/et\\\/muugitingimused\\\/\",\"url\":\"https:\\\/\\\/idcolor.ee\\\/et\\\/muugitingimused\\\/\",\"name\":\"M\u00fc\u00fcgitingimused - iD Color\",\"isPartOf\":{\"@id\":\"https:\\\/\\\/idcolor.ee\\\/et\\\/#website\"},\"datePublished\":\"2022-01-07T23:32:42+00:00\",\"dateModified\":\"2025-06-30T21:33:36+00:00\",\"breadcrumb\":{\"@id\":\"https:\\\/\\\/idcolor.ee\\\/et\\\/muugitingimused\\\/#breadcrumb\"},\"inLanguage\":\"et\",\"potentialAction\":[{\"@type\":\"ReadAction\",\"target\":[\"https:\\\/\\\/idcolor.ee\\\/et\\\/muugitingimused\\\/\"]}]},{\"@type\":\"BreadcrumbList\",\"@id\":\"https:\\\/\\\/idcolor.ee\\\/et\\\/muugitingimused\\\/#breadcrumb\",\"itemListElement\":[{\"@type\":\"ListItem\",\"position\":1,\"name\":\"Home\",\"item\":\"https:\\\/\\\/idcolor.ee\\\/et\\\/avaleht\\\/\"},{\"@type\":\"ListItem\",\"position\":2,\"name\":\"M\u00fc\u00fcgitingimused\"}]},{\"@type\":\"WebSite\",\"@id\":\"https:\\\/\\\/idcolor.ee\\\/et\\\/#website\",\"url\":\"https:\\\/\\\/idcolor.ee\\\/et\\\/\",\"name\":\"iD Color\",\"description\":\"Hair care products\",\"publisher\":{\"@id\":\"https:\\\/\\\/idcolor.ee\\\/et\\\/#organization\"},\"potentialAction\":[{\"@type\":\"SearchAction\",\"target\":{\"@type\":\"EntryPoint\",\"urlTemplate\":\"https:\\\/\\\/idcolor.ee\\\/et\\\/?s={search_term_string}\"},\"query-input\":{\"@type\":\"PropertyValueSpecification\",\"valueRequired\":true,\"valueName\":\"search_term_string\"}}],\"inLanguage\":\"et\"},{\"@type\":\"Organization\",\"@id\":\"https:\\\/\\\/idcolor.ee\\\/et\\\/#organization\",\"name\":\"iD Color O\u00dc\",\"url\":\"https:\\\/\\\/idcolor.ee\\\/et\\\/\",\"logo\":{\"@type\":\"ImageObject\",\"inLanguage\":\"et\",\"@id\":\"https:\\\/\\\/idcolor.ee\\\/et\\\/#\\\/schema\\\/logo\\\/image\\\/\",\"url\":\"https:\\\/\\\/idcolor.ee\\\/wp-content\\\/uploads\\\/2022\\\/01\\\/IDColor_Logo_1000.png\",\"contentUrl\":\"https:\\\/\\\/idcolor.ee\\\/wp-content\\\/uploads\\\/2022\\\/01\\\/IDColor_Logo_1000.png\",\"width\":1001,\"height\":354,\"caption\":\"iD Color O\u00dc\"},\"image\":{\"@id\":\"https:\\\/\\\/idcolor.ee\\\/et\\\/#\\\/schema\\\/logo\\\/image\\\/\"}}]}<\/script>\n<!-- \/ Yoast SEO plugin. -->","yoast_head_json":{"title":"M\u00fc\u00fcgitingimused - iD Color","robots":{"index":"index","follow":"follow","max-snippet":"max-snippet:-1","max-image-preview":"max-image-preview:large","max-video-preview":"max-video-preview:-1"},"canonical":"https:\/\/idcolor.ee\/et\/muugitingimused\/","og_locale":"et_EE","og_type":"article","og_title":"M\u00fc\u00fcgitingimused - iD Color","og_description":"[vc_row css=&#8221;.vc_custom_1641598295106{padding-top: 60px !important;}&#8221;][vc_column][\/vc_column][\/vc_row][vc_row css=&#8221;.vc_custom_1647248779793{padding-top: 35px !important;padding-bottom: 120px !important;}&#8221;][vc_column][vc_column_text css=&#8221;&#8221;] 1. \u00dcLDS\u00c4TTED 1.1. K\u00e4esolevad iD Color e-poe (edaspidi: e-pood) m\u00fc\u00fcgitingimused (edaspidi: tingimused) kehtivad iD Color e-poest ostmisel internetiaadressilt www.idcolor.ee. Kauba m\u00fc\u00fcja on ID Color O\u00dc (edaspidi: m\u00fc\u00fcja), aadress Gonsiori 17-4, 10124 Tallinn, EESTI, registrikood 14613686, e-posti aadress shop@idcolor.eu, telefon +372 55133. Tingimused kehtivad k\u00f5igi isikute [&hellip;]","og_url":"https:\/\/idcolor.ee\/et\/muugitingimused\/","og_site_name":"iD Color","article_modified_time":"2025-06-30T21:33:36+00:00","twitter_card":"summary_large_image","twitter_misc":{"Est. reading time":"5 minutit"},"schema":{"@context":"https:\/\/schema.org","@graph":[{"@type":"WebPage","@id":"https:\/\/idcolor.ee\/et\/muugitingimused\/","url":"https:\/\/idcolor.ee\/et\/muugitingimused\/","name":"M\u00fc\u00fcgitingimused - iD Color","isPartOf":{"@id":"https:\/\/idcolor.ee\/et\/#website"},"datePublished":"2022-01-07T23:32:42+00:00","dateModified":"2025-06-30T21:33:36+00:00","breadcrumb":{"@id":"https:\/\/idcolor.ee\/et\/muugitingimused\/#breadcrumb"},"inLanguage":"et","potentialAction":[{"@type":"ReadAction","target":["https:\/\/idcolor.ee\/et\/muugitingimused\/"]}]},{"@type":"BreadcrumbList","@id":"https:\/\/idcolor.ee\/et\/muugitingimused\/#breadcrumb","itemListElement":[{"@type":"ListItem","position":1,"name":"Home","item":"https:\/\/idcolor.ee\/et\/avaleht\/"},{"@type":"ListItem","position":2,"name":"M\u00fc\u00fcgitingimused"}]},{"@type":"WebSite","@id":"https:\/\/idcolor.ee\/et\/#website","url":"https:\/\/idcolor.ee\/et\/","name":"iD Color","description":"Hair care products","publisher":{"@id":"https:\/\/idcolor.ee\/et\/#organization"},"potentialAction":[{"@type":"SearchAction","target":{"@type":"EntryPoint","urlTemplate":"https:\/\/idcolor.ee\/et\/?s={search_term_string}"},"query-input":{"@type":"PropertyValueSpecification","valueRequired":true,"valueName":"search_term_string"}}],"inLanguage":"et"},{"@type":"Organization","@id":"https:\/\/idcolor.ee\/et\/#organization","name":"iD Color O\u00dc","url":"https:\/\/idcolor.ee\/et\/","logo":{"@type":"ImageObject","inLanguage":"et","@id":"https:\/\/idcolor.ee\/et\/#\/schema\/logo\/image\/","url":"https:\/\/idcolor.ee\/wp-content\/uploads\/2022\/01\/IDColor_Logo_1000.png","contentUrl":"https:\/\/idcolor.ee\/wp-content\/uploads\/2022\/01\/IDColor_Logo_1000.png","width":1001,"height":354,"caption":"iD Color O\u00dc"},"image":{"@id":"https:\/\/idcolor.ee\/et\/#\/schema\/logo\/image\/"}}]}},"_links":{"self":[{"href":"https:\/\/idcolor.ee\/et\/wp-json\/wp\/v2\/pages\/5083","targetHints":{"allow":["GET"]}}],"collection":[{"href":"https:\/\/idcolor.ee\/et\/wp-json\/wp\/v2\/pages"}],"about":[{"href":"https:\/\/idcolor.ee\/et\/wp-json\/wp\/v2\/types\/page"}],"author":[{"embeddable":true,"href":"https:\/\/idcolor.ee\/et\/wp-json\/wp\/v2\/users\/1"}],"replies":[{"embeddable":true,"href":"https:\/\/idcolor.ee\/et\/wp-json\/wp\/v2\/comments?post=5083"}],"version-history":[{"count":68,"href":"https:\/\/idcolor.ee\/et\/wp-json\/wp\/v2\/pages\/5083\/revisions"}],"predecessor-version":[{"id":6863,"href":"https:\/\/idcolor.ee\/et\/wp-json\/wp\/v2\/pages\/5083\/revisions\/6863"}],"wp:attachment":[{"href":"https:\/\/idcolor.ee\/et\/wp-json\/wp\/v2\/media?parent=5083"}],"curies":[{"name":"wp","href":"https:\/\/api.w.org\/{rel}","templated":true}]}}