{"id":5091,"date":"2022-03-15T14:26:26","date_gmt":"2022-03-15T12:26:26","guid":{"rendered":"https:\/\/idcolor.ee\/tagastus-ja-tagasimaksed\/"},"modified":"2023-07-03T14:56:20","modified_gmt":"2023-07-03T11:56:20","slug":"tagastus-ja-tagasimaksed","status":"publish","type":"page","link":"https:\/\/idcolor.ee\/et\/tagastus-ja-tagasimaksed\/","title":{"rendered":"Tagastus ja tagasimaksed"},"content":{"rendered":"<div class=\"wpb-content-wrapper\"><p>[vc_row css=&#8221;.vc_custom_1641598295106{padding-top: 60px !important;}&#8221;][vc_column]<div class=\"nasa-title clearfix hr-type-full\"><h3 class=\"nasa-heading-title\"><span class=\"nasa-title-wrap\"><span style=\"background: #ffffff; color: #24b3b0;\">Kauba tagastamine ja tagasimaksed<\/span><span class=\"nasa-title-hr\" style=\"border-color: #24b3b0;\"><\/span><\/span><\/h3><\/div>[\/vc_column][\/vc_row][vc_row css=&#8221;.vc_custom_1647248779793{padding-top: 35px !important;padding-bottom: 120px !important;}&#8221;][vc_column][vc_column_text]E-poest ostetud kaubad saab soovi korral tagastada. Tagastamise \u00f5igus kehtib 14 kalendrip\u00e4eva jooksul alates kauba k\u00e4ttesaamisest ning seda ka juhul, kui tegemist ei ole puudusega kaubaga.<\/p>\n<p>Tagastatav kaup peab olema kasutamata ja rikkumata. Kliendil on \u00f5igus kaubaga tutvuda viisil, nagu see on lubatud tavap\u00e4raselt poes ning klient vastutab kaubaga tutvumisel kauba v\u00e4\u00e4rtuse v\u00e4henemise eest.<\/p>\n<p>Juhul, kui klient on tagastatavat kaupa rikkunud v\u00f5i kahjustanud tahtlikult v\u00f5i hooletuse t\u00f5ttu, on m\u00fc\u00fcjal \u00f5igus keelduda kauba tagasi v\u00f5tmisest v\u00f5i n\u00f5uda tekitatud kahju h\u00fcvitamist.<\/p>\n<p>Kauba tagastamiseks peab klient t\u00e4itma tagastamisavalduse. Kauba tagastamiseks peab klient t\u00e4itma tagastamisavalduse. Tagastatav kaup koos vastava avaldusega tuleb tagastada M\u00fc\u00fcjale aadressil: ID Color O\u00dc, address Tatari 58, Tallinn 10134, EESTI, e-post: <a href=\"mailto:shop@idcolor.ee\">shop@idcolor.ee<\/a><\/p>\n<p>Tagastatava kauba saatmiskulud tasub ostja. Taganemisavalduse vormi leiab siit: [<a href=\"https:\/\/idcolor.ee\/wp-content\/uploads\/2023\/07\/IDC_Tagastusvorm_EST.pdf\" target=\"_blank\" rel=\"noopener\">TAGANEMISAVALDUS <\/a>]<\/p>\n<p>Klient on kohustatud taganemis\u00f5iguse kasutamisel tagastama kauba m\u00fc\u00fcjale hiljemalt 14 p\u00e4eva jooksul arvates taganemisavalduse esitamisest.<\/p>\n<p>Juhul, kui klient on tehingust taganenud, tagastab m\u00fc\u00fcja kliendile ostusumma koos kohaletoimetamise tasuga viivitamata, kuid mitte hiljem kui 14 kalendrip\u00e4eva jooksul taganemisavalduse j\u00f5udmisest m\u00fc\u00fcjale. Tagasimakse tehakse samale arvelduskontole, millelt ostu eest tasuti.[\/vc_column_text][\/vc_column][\/vc_row]<\/p>\n<\/div>","protected":false},"excerpt":{"rendered":"<p>[vc_row css=&#8221;.vc_custom_1641598295106{padding-top: 60px !important;}&#8221;][vc_column][\/vc_column][\/vc_row][vc_row css=&#8221;.vc_custom_1647248779793{padding-top: 35px !important;padding-bottom: 120px !important;}&#8221;][vc_column][vc_column_text]E-poest ostetud kaubad saab soovi korral tagastada. Tagastamise \u00f5igus kehtib 14 kalendrip\u00e4eva jooksul alates kauba k\u00e4ttesaamisest ning seda ka juhul, kui tegemist ei ole puudusega kaubaga. Tagastatav kaup peab olema kasutamata ja rikkumata. Kliendil on \u00f5igus kaubaga tutvuda viisil, nagu see on lubatud tavap\u00e4raselt poes ning klient [&hellip;]<\/p>\n","protected":false},"author":1,"featured_media":0,"parent":0,"menu_order":0,"comment_status":"closed","ping_status":"closed","template":"","meta":{"footnotes":""},"class_list":["post-5091","page","type-page","status-publish","hentry"],"yoast_head":"<!-- This site is optimized with the Yoast SEO plugin v27.4 - https:\/\/yoast.com\/product\/yoast-seo-wordpress\/ -->\n<title>Tagastus ja tagasimaksed - iD Color<\/title>\n<meta name=\"robots\" content=\"index, follow, max-snippet:-1, max-image-preview:large, max-video-preview:-1\" \/>\n<link rel=\"canonical\" href=\"https:\/\/idcolor.ee\/et\/tagastus-ja-tagasimaksed\/\" \/>\n<meta property=\"og:locale\" content=\"et_EE\" \/>\n<meta property=\"og:type\" content=\"article\" \/>\n<meta property=\"og:title\" content=\"Tagastus ja tagasimaksed - iD Color\" \/>\n<meta property=\"og:description\" content=\"[vc_row css=&#8221;.vc_custom_1641598295106{padding-top: 60px !important;}&#8221;][vc_column][\/vc_column][\/vc_row][vc_row css=&#8221;.vc_custom_1647248779793{padding-top: 35px !important;padding-bottom: 120px !important;}&#8221;][vc_column][vc_column_text]E-poest ostetud kaubad saab soovi korral tagastada. Tagastamise \u00f5igus kehtib 14 kalendrip\u00e4eva jooksul alates kauba k\u00e4ttesaamisest ning seda ka juhul, kui tegemist ei ole puudusega kaubaga. Tagastatav kaup peab olema kasutamata ja rikkumata. Kliendil on \u00f5igus kaubaga tutvuda viisil, nagu see on lubatud tavap\u00e4raselt poes ning klient [&hellip;]\" \/>\n<meta property=\"og:url\" content=\"https:\/\/idcolor.ee\/et\/tagastus-ja-tagasimaksed\/\" \/>\n<meta property=\"og:site_name\" content=\"iD Color\" \/>\n<meta property=\"article:modified_time\" content=\"2023-07-03T11:56:20+00:00\" \/>\n<meta name=\"twitter:card\" content=\"summary_large_image\" \/>\n<meta name=\"twitter:label1\" content=\"Est. reading time\" \/>\n\t<meta name=\"twitter:data1\" content=\"1 minut\" \/>\n<script type=\"application\/ld+json\" class=\"yoast-schema-graph\">{\"@context\":\"https:\\\/\\\/schema.org\",\"@graph\":[{\"@type\":\"WebPage\",\"@id\":\"https:\\\/\\\/idcolor.ee\\\/et\\\/tagastus-ja-tagasimaksed\\\/\",\"url\":\"https:\\\/\\\/idcolor.ee\\\/et\\\/tagastus-ja-tagasimaksed\\\/\",\"name\":\"Tagastus ja tagasimaksed - iD Color\",\"isPartOf\":{\"@id\":\"https:\\\/\\\/idcolor.ee\\\/et\\\/#website\"},\"datePublished\":\"2022-03-15T12:26:26+00:00\",\"dateModified\":\"2023-07-03T11:56:20+00:00\",\"breadcrumb\":{\"@id\":\"https:\\\/\\\/idcolor.ee\\\/et\\\/tagastus-ja-tagasimaksed\\\/#breadcrumb\"},\"inLanguage\":\"et\",\"potentialAction\":[{\"@type\":\"ReadAction\",\"target\":[\"https:\\\/\\\/idcolor.ee\\\/et\\\/tagastus-ja-tagasimaksed\\\/\"]}]},{\"@type\":\"BreadcrumbList\",\"@id\":\"https:\\\/\\\/idcolor.ee\\\/et\\\/tagastus-ja-tagasimaksed\\\/#breadcrumb\",\"itemListElement\":[{\"@type\":\"ListItem\",\"position\":1,\"name\":\"Home\",\"item\":\"https:\\\/\\\/idcolor.ee\\\/et\\\/avaleht\\\/\"},{\"@type\":\"ListItem\",\"position\":2,\"name\":\"Tagastus ja tagasimaksed\"}]},{\"@type\":\"WebSite\",\"@id\":\"https:\\\/\\\/idcolor.ee\\\/et\\\/#website\",\"url\":\"https:\\\/\\\/idcolor.ee\\\/et\\\/\",\"name\":\"iD Color\",\"description\":\"Hair care products\",\"publisher\":{\"@id\":\"https:\\\/\\\/idcolor.ee\\\/et\\\/#organization\"},\"potentialAction\":[{\"@type\":\"SearchAction\",\"target\":{\"@type\":\"EntryPoint\",\"urlTemplate\":\"https:\\\/\\\/idcolor.ee\\\/et\\\/?s={search_term_string}\"},\"query-input\":{\"@type\":\"PropertyValueSpecification\",\"valueRequired\":true,\"valueName\":\"search_term_string\"}}],\"inLanguage\":\"et\"},{\"@type\":\"Organization\",\"@id\":\"https:\\\/\\\/idcolor.ee\\\/et\\\/#organization\",\"name\":\"iD Color O\u00dc\",\"url\":\"https:\\\/\\\/idcolor.ee\\\/et\\\/\",\"logo\":{\"@type\":\"ImageObject\",\"inLanguage\":\"et\",\"@id\":\"https:\\\/\\\/idcolor.ee\\\/et\\\/#\\\/schema\\\/logo\\\/image\\\/\",\"url\":\"https:\\\/\\\/idcolor.ee\\\/wp-content\\\/uploads\\\/2022\\\/01\\\/IDColor_Logo_1000.png\",\"contentUrl\":\"https:\\\/\\\/idcolor.ee\\\/wp-content\\\/uploads\\\/2022\\\/01\\\/IDColor_Logo_1000.png\",\"width\":1001,\"height\":354,\"caption\":\"iD Color O\u00dc\"},\"image\":{\"@id\":\"https:\\\/\\\/idcolor.ee\\\/et\\\/#\\\/schema\\\/logo\\\/image\\\/\"}}]}<\/script>\n<!-- \/ Yoast SEO plugin. -->","yoast_head_json":{"title":"Tagastus ja tagasimaksed - iD Color","robots":{"index":"index","follow":"follow","max-snippet":"max-snippet:-1","max-image-preview":"max-image-preview:large","max-video-preview":"max-video-preview:-1"},"canonical":"https:\/\/idcolor.ee\/et\/tagastus-ja-tagasimaksed\/","og_locale":"et_EE","og_type":"article","og_title":"Tagastus ja tagasimaksed - iD Color","og_description":"[vc_row css=&#8221;.vc_custom_1641598295106{padding-top: 60px !important;}&#8221;][vc_column][\/vc_column][\/vc_row][vc_row css=&#8221;.vc_custom_1647248779793{padding-top: 35px !important;padding-bottom: 120px !important;}&#8221;][vc_column][vc_column_text]E-poest ostetud kaubad saab soovi korral tagastada. Tagastamise \u00f5igus kehtib 14 kalendrip\u00e4eva jooksul alates kauba k\u00e4ttesaamisest ning seda ka juhul, kui tegemist ei ole puudusega kaubaga. Tagastatav kaup peab olema kasutamata ja rikkumata. Kliendil on \u00f5igus kaubaga tutvuda viisil, nagu see on lubatud tavap\u00e4raselt poes ning klient [&hellip;]","og_url":"https:\/\/idcolor.ee\/et\/tagastus-ja-tagasimaksed\/","og_site_name":"iD Color","article_modified_time":"2023-07-03T11:56:20+00:00","twitter_card":"summary_large_image","twitter_misc":{"Est. reading time":"1 minut"},"schema":{"@context":"https:\/\/schema.org","@graph":[{"@type":"WebPage","@id":"https:\/\/idcolor.ee\/et\/tagastus-ja-tagasimaksed\/","url":"https:\/\/idcolor.ee\/et\/tagastus-ja-tagasimaksed\/","name":"Tagastus ja tagasimaksed - iD Color","isPartOf":{"@id":"https:\/\/idcolor.ee\/et\/#website"},"datePublished":"2022-03-15T12:26:26+00:00","dateModified":"2023-07-03T11:56:20+00:00","breadcrumb":{"@id":"https:\/\/idcolor.ee\/et\/tagastus-ja-tagasimaksed\/#breadcrumb"},"inLanguage":"et","potentialAction":[{"@type":"ReadAction","target":["https:\/\/idcolor.ee\/et\/tagastus-ja-tagasimaksed\/"]}]},{"@type":"BreadcrumbList","@id":"https:\/\/idcolor.ee\/et\/tagastus-ja-tagasimaksed\/#breadcrumb","itemListElement":[{"@type":"ListItem","position":1,"name":"Home","item":"https:\/\/idcolor.ee\/et\/avaleht\/"},{"@type":"ListItem","position":2,"name":"Tagastus ja tagasimaksed"}]},{"@type":"WebSite","@id":"https:\/\/idcolor.ee\/et\/#website","url":"https:\/\/idcolor.ee\/et\/","name":"iD Color","description":"Hair care products","publisher":{"@id":"https:\/\/idcolor.ee\/et\/#organization"},"potentialAction":[{"@type":"SearchAction","target":{"@type":"EntryPoint","urlTemplate":"https:\/\/idcolor.ee\/et\/?s={search_term_string}"},"query-input":{"@type":"PropertyValueSpecification","valueRequired":true,"valueName":"search_term_string"}}],"inLanguage":"et"},{"@type":"Organization","@id":"https:\/\/idcolor.ee\/et\/#organization","name":"iD Color O\u00dc","url":"https:\/\/idcolor.ee\/et\/","logo":{"@type":"ImageObject","inLanguage":"et","@id":"https:\/\/idcolor.ee\/et\/#\/schema\/logo\/image\/","url":"https:\/\/idcolor.ee\/wp-content\/uploads\/2022\/01\/IDColor_Logo_1000.png","contentUrl":"https:\/\/idcolor.ee\/wp-content\/uploads\/2022\/01\/IDColor_Logo_1000.png","width":1001,"height":354,"caption":"iD Color O\u00dc"},"image":{"@id":"https:\/\/idcolor.ee\/et\/#\/schema\/logo\/image\/"}}]}},"_links":{"self":[{"href":"https:\/\/idcolor.ee\/et\/wp-json\/wp\/v2\/pages\/5091","targetHints":{"allow":["GET"]}}],"collection":[{"href":"https:\/\/idcolor.ee\/et\/wp-json\/wp\/v2\/pages"}],"about":[{"href":"https:\/\/idcolor.ee\/et\/wp-json\/wp\/v2\/types\/page"}],"author":[{"embeddable":true,"href":"https:\/\/idcolor.ee\/et\/wp-json\/wp\/v2\/users\/1"}],"replies":[{"embeddable":true,"href":"https:\/\/idcolor.ee\/et\/wp-json\/wp\/v2\/comments?post=5091"}],"version-history":[{"count":9,"href":"https:\/\/idcolor.ee\/et\/wp-json\/wp\/v2\/pages\/5091\/revisions"}],"predecessor-version":[{"id":6056,"href":"https:\/\/idcolor.ee\/et\/wp-json\/wp\/v2\/pages\/5091\/revisions\/6056"}],"wp:attachment":[{"href":"https:\/\/idcolor.ee\/et\/wp-json\/wp\/v2\/media?parent=5091"}],"curies":[{"name":"wp","href":"https:\/\/api.w.org\/{rel}","templated":true}]}}