{"id":5107,"date":"2022-03-11T13:09:32","date_gmt":"2022-03-11T11:09:32","guid":{"rendered":"https:\/\/idcolor.ee\/kontakt\/"},"modified":"2023-04-14T18:21:34","modified_gmt":"2023-04-14T15:21:34","slug":"kontakt","status":"publish","type":"page","link":"https:\/\/idcolor.ee\/et\/kontakt\/","title":{"rendered":"Kontakt"},"content":{"rendered":"<div class=\"wpb-content-wrapper\"><p>[vc_row css=&#8221;.vc_custom_1647247562566{padding-top: 60px !important;}&#8221;][vc_column]<div class=\"nasa-title clearfix hr-type-full\"><h2 class=\"nasa-heading-title\"><span class=\"nasa-title-wrap\"><span style=\"background: #ffffff; color: #24b3b0;\">ID Color O\u00dc<\/span><span class=\"nasa-title-hr\" style=\"border-color: #24b3b0;\"><\/span><\/span><\/h2><\/div>[\/vc_column][\/vc_row][vc_row el_class=&#8221;padding-top-20 padding-bottom-35&#8243; css=&#8221;.vc_custom_1647247575953{padding-bottom: 120px !important;}&#8221;][vc_column width=&#8221;1\/4&#8243;][vc_column_text]<\/p>\n<h5>AADRESS<\/h5>\n<p><span class=\"contact-text\">Gonsiori 17-4<\/span><br \/>\n10124 Tallinn<br \/>\nEESTI[\/vc_column_text][vc_empty_space height=&#8221;20px&#8221;][vc_column_text]<\/p>\n<h5>TELEFON<\/h5>\n<p>+372 50 25 133[\/vc_column_text][vc_empty_space height=&#8221;20px&#8221;][vc_column_text]<\/p>\n<h5 class=\"nasa-title-heading\">MEIL<\/h5>\n<p><a href=\"mailto:shop@idcolor.ee\">shop@idcolor.ee<\/a>[\/vc_column_text][vc_empty_space height=&#8221;20px&#8221;][vc_column_text]<\/p>\n<h5 class=\"nasa-title-heading\">INFO<\/h5>\n<p>[\/vc_column_text][vc_empty_space height=&#8221;10px&#8221;][vc_wp_custommenu nav_menu=&#8221;213&#8243;][\/vc_column][vc_column width=&#8221;3\/4&#8243;][vc_column_text]<\/p>\n<h5>SAADA MEILE KIRI<\/h5>\n<p>Kui sul on k\u00fcsimusi, siis saada meile kiri.<br \/>\nVastame sulle nii ruttu kui v\u00f5imalik. T\u00e4name![\/vc_column_text][vc_empty_space height=&#8221;20px&#8221;]<div role=\"form\" class=\"wpcf7\" id=\"wpcf7-f5114-o1\" lang=\"et\" dir=\"ltr\">\n<div class=\"screen-reader-response\"><p role=\"status\" aria-live=\"polite\" aria-atomic=\"true\"><\/p> <ul><\/ul><\/div>\n<form action=\"\/et\/wp-json\/wp\/v2\/pages\/5107#wpcf7-f5114-o1\" method=\"post\" class=\"wpcf7-form init\" novalidate=\"novalidate\" data-status=\"init\">\n<div style=\"display: none;\">\n<input type=\"hidden\" name=\"_wpcf7\" value=\"5114\" \/>\n<input type=\"hidden\" name=\"_wpcf7_version\" value=\"5.6.4\" \/>\n<input type=\"hidden\" name=\"_wpcf7_locale\" value=\"et\" \/>\n<input type=\"hidden\" name=\"_wpcf7_unit_tag\" value=\"wpcf7-f5114-o1\" \/>\n<input type=\"hidden\" name=\"_wpcf7_container_post\" value=\"0\" \/>\n<input type=\"hidden\" name=\"_wpcf7_posted_data_hash\" value=\"\" \/>\n<\/div>\n<div class=\"contact-form-footer\">\n<div class=\"row\">\n<div class=\"lt-col large-6 columns\">\n       <label> Sinu nimi (n\u00f5utud)<br \/>\n           <span class=\"wpcf7-form-control-wrap\" data-name=\"your-name\"><input type=\"text\" name=\"your-name\" value=\"\" size=\"40\" class=\"wpcf7-form-control wpcf7-text wpcf7-validates-as-required\" aria-required=\"true\" aria-invalid=\"false\" placeholder=\"Sinu nimi\" \/><\/span> <\/label>\n    <\/div>\n<div class=\"lt-col large-6 columns\">\n       <label> Sinu meil (n\u00f5utud)<br \/>\n          <span class=\"wpcf7-form-control-wrap\" data-name=\"your-email\"><input type=\"email\" name=\"your-email\" value=\"\" size=\"40\" class=\"wpcf7-form-control wpcf7-text wpcf7-email wpcf7-validates-as-required wpcf7-validates-as-email\" aria-required=\"true\" aria-invalid=\"false\" placeholder=\"Sinu meil\" \/><\/span> <\/label>\n    <\/div>\n<\/div>\n<div class=\"row\">\n<div class=\"large-12 columns\">\n     <label> Teema<br \/>\n        <span class=\"wpcf7-form-control-wrap\" data-name=\"your-subject\"><input type=\"text\" name=\"your-subject\" value=\"\" size=\"40\" class=\"wpcf7-form-control wpcf7-text\" aria-invalid=\"false\" \/><\/span> <\/label>\n   <\/div>\n<\/div>\n<div class=\"row\">\n<div class=\"large-12 columns\">\n         <label> Sinu kiri<br \/>\n         <span class=\"wpcf7-form-control-wrap\" data-name=\"your-message\"><textarea name=\"your-message\" cols=\"100\" rows=\"60\" class=\"wpcf7-form-control wpcf7-textarea\" aria-invalid=\"false\" placeholder=\"Sinu kiri\"><\/textarea><\/span>\n    <\/div>\n<\/div>\n<p><input type=\"submit\" value=\"SAADA\" class=\"wpcf7-form-control has-spinner wpcf7-submit button small btn-contact\" id=\"form-submit\" \/><\/p>\n<\/div>\n<div class=\"wpcf7-response-output\" aria-hidden=\"true\"><\/div><\/form><\/div>[vc_empty_space height=&#8221;20px&#8221;][\/vc_column][\/vc_row]<\/p>\n<\/div>","protected":false},"excerpt":{"rendered":"<p>[vc_row css=&#8221;.vc_custom_1647247562566{padding-top: 60px !important;}&#8221;][vc_column][\/vc_column][\/vc_row][vc_row el_class=&#8221;padding-top-20 padding-bottom-35&#8243; css=&#8221;.vc_custom_1647247575953{padding-bottom: 120px !important;}&#8221;][vc_column width=&#8221;1\/4&#8243;][vc_column_text] AADRESS Gonsiori 17-4 10124 Tallinn EESTI[\/vc_column_text][vc_empty_space height=&#8221;20px&#8221;][vc_column_text] TELEFON +372 50 25 133[\/vc_column_text][vc_empty_space height=&#8221;20px&#8221;][vc_column_text] MEIL shop@idcolor.ee[\/vc_column_text][vc_empty_space height=&#8221;20px&#8221;][vc_column_text] INFO [\/vc_column_text][vc_empty_space height=&#8221;10px&#8221;][vc_wp_custommenu nav_menu=&#8221;213&#8243;][\/vc_column][vc_column width=&#8221;3\/4&#8243;][vc_column_text] SAADA MEILE KIRI Kui sul on k\u00fcsimusi, siis saada meile kiri. Vastame sulle nii ruttu kui v\u00f5imalik. T\u00e4name![\/vc_column_text][vc_empty_space height=&#8221;20px&#8221;][vc_empty_space height=&#8221;20px&#8221;][\/vc_column][\/vc_row]<\/p>\n","protected":false},"author":1,"featured_media":0,"parent":0,"menu_order":0,"comment_status":"closed","ping_status":"closed","template":"","meta":{"footnotes":""},"class_list":["post-5107","page","type-page","status-publish","hentry"],"yoast_head":"<!-- This site is optimized with the Yoast SEO plugin v27.4 - https:\/\/yoast.com\/product\/yoast-seo-wordpress\/ -->\n<title>Kontakt - iD Color<\/title>\n<meta name=\"robots\" content=\"index, follow, max-snippet:-1, max-image-preview:large, max-video-preview:-1\" \/>\n<link rel=\"canonical\" href=\"https:\/\/idcolor.ee\/et\/kontakt\/\" \/>\n<meta property=\"og:locale\" content=\"et_EE\" \/>\n<meta property=\"og:type\" content=\"article\" \/>\n<meta property=\"og:title\" content=\"Kontakt - iD Color\" \/>\n<meta property=\"og:description\" content=\"[vc_row css=&#8221;.vc_custom_1647247562566{padding-top: 60px !important;}&#8221;][vc_column][\/vc_column][\/vc_row][vc_row el_class=&#8221;padding-top-20 padding-bottom-35&#8243; css=&#8221;.vc_custom_1647247575953{padding-bottom: 120px !important;}&#8221;][vc_column width=&#8221;1\/4&#8243;][vc_column_text] AADRESS Gonsiori 17-4 10124 Tallinn EESTI[\/vc_column_text][vc_empty_space height=&#8221;20px&#8221;][vc_column_text] TELEFON +372 50 25 133[\/vc_column_text][vc_empty_space height=&#8221;20px&#8221;][vc_column_text] MEIL shop@idcolor.ee[\/vc_column_text][vc_empty_space height=&#8221;20px&#8221;][vc_column_text] INFO [\/vc_column_text][vc_empty_space height=&#8221;10px&#8221;][vc_wp_custommenu nav_menu=&#8221;213&#8243;][\/vc_column][vc_column width=&#8221;3\/4&#8243;][vc_column_text] SAADA MEILE KIRI Kui sul on k\u00fcsimusi, siis saada meile kiri. Vastame sulle nii ruttu kui v\u00f5imalik. T\u00e4name![\/vc_column_text][vc_empty_space height=&#8221;20px&#8221;][vc_empty_space height=&#8221;20px&#8221;][\/vc_column][\/vc_row]\" \/>\n<meta property=\"og:url\" content=\"https:\/\/idcolor.ee\/et\/kontakt\/\" \/>\n<meta property=\"og:site_name\" content=\"iD Color\" \/>\n<meta property=\"article:modified_time\" content=\"2023-04-14T15:21:34+00:00\" \/>\n<meta name=\"twitter:card\" content=\"summary_large_image\" \/>\n<meta name=\"twitter:label1\" content=\"Est. reading time\" \/>\n\t<meta name=\"twitter:data1\" content=\"1 minut\" \/>\n<script type=\"application\/ld+json\" class=\"yoast-schema-graph\">{\"@context\":\"https:\\\/\\\/schema.org\",\"@graph\":[{\"@type\":\"WebPage\",\"@id\":\"https:\\\/\\\/idcolor.ee\\\/et\\\/kontakt\\\/\",\"url\":\"https:\\\/\\\/idcolor.ee\\\/et\\\/kontakt\\\/\",\"name\":\"Kontakt - iD Color\",\"isPartOf\":{\"@id\":\"https:\\\/\\\/idcolor.ee\\\/et\\\/#website\"},\"datePublished\":\"2022-03-11T11:09:32+00:00\",\"dateModified\":\"2023-04-14T15:21:34+00:00\",\"breadcrumb\":{\"@id\":\"https:\\\/\\\/idcolor.ee\\\/et\\\/kontakt\\\/#breadcrumb\"},\"inLanguage\":\"et\",\"potentialAction\":[{\"@type\":\"ReadAction\",\"target\":[\"https:\\\/\\\/idcolor.ee\\\/et\\\/kontakt\\\/\"]}]},{\"@type\":\"BreadcrumbList\",\"@id\":\"https:\\\/\\\/idcolor.ee\\\/et\\\/kontakt\\\/#breadcrumb\",\"itemListElement\":[{\"@type\":\"ListItem\",\"position\":1,\"name\":\"Home\",\"item\":\"https:\\\/\\\/idcolor.ee\\\/et\\\/avaleht\\\/\"},{\"@type\":\"ListItem\",\"position\":2,\"name\":\"Kontakt\"}]},{\"@type\":\"WebSite\",\"@id\":\"https:\\\/\\\/idcolor.ee\\\/et\\\/#website\",\"url\":\"https:\\\/\\\/idcolor.ee\\\/et\\\/\",\"name\":\"iD Color\",\"description\":\"Hair care products\",\"publisher\":{\"@id\":\"https:\\\/\\\/idcolor.ee\\\/et\\\/#organization\"},\"potentialAction\":[{\"@type\":\"SearchAction\",\"target\":{\"@type\":\"EntryPoint\",\"urlTemplate\":\"https:\\\/\\\/idcolor.ee\\\/et\\\/?s={search_term_string}\"},\"query-input\":{\"@type\":\"PropertyValueSpecification\",\"valueRequired\":true,\"valueName\":\"search_term_string\"}}],\"inLanguage\":\"et\"},{\"@type\":\"Organization\",\"@id\":\"https:\\\/\\\/idcolor.ee\\\/et\\\/#organization\",\"name\":\"iD Color O\u00dc\",\"url\":\"https:\\\/\\\/idcolor.ee\\\/et\\\/\",\"logo\":{\"@type\":\"ImageObject\",\"inLanguage\":\"et\",\"@id\":\"https:\\\/\\\/idcolor.ee\\\/et\\\/#\\\/schema\\\/logo\\\/image\\\/\",\"url\":\"https:\\\/\\\/idcolor.ee\\\/wp-content\\\/uploads\\\/2022\\\/01\\\/IDColor_Logo_1000.png\",\"contentUrl\":\"https:\\\/\\\/idcolor.ee\\\/wp-content\\\/uploads\\\/2022\\\/01\\\/IDColor_Logo_1000.png\",\"width\":1001,\"height\":354,\"caption\":\"iD Color O\u00dc\"},\"image\":{\"@id\":\"https:\\\/\\\/idcolor.ee\\\/et\\\/#\\\/schema\\\/logo\\\/image\\\/\"}}]}<\/script>\n<!-- \/ Yoast SEO plugin. -->","yoast_head_json":{"title":"Kontakt - iD Color","robots":{"index":"index","follow":"follow","max-snippet":"max-snippet:-1","max-image-preview":"max-image-preview:large","max-video-preview":"max-video-preview:-1"},"canonical":"https:\/\/idcolor.ee\/et\/kontakt\/","og_locale":"et_EE","og_type":"article","og_title":"Kontakt - iD Color","og_description":"[vc_row css=&#8221;.vc_custom_1647247562566{padding-top: 60px !important;}&#8221;][vc_column][\/vc_column][\/vc_row][vc_row el_class=&#8221;padding-top-20 padding-bottom-35&#8243; css=&#8221;.vc_custom_1647247575953{padding-bottom: 120px !important;}&#8221;][vc_column width=&#8221;1\/4&#8243;][vc_column_text] AADRESS Gonsiori 17-4 10124 Tallinn EESTI[\/vc_column_text][vc_empty_space height=&#8221;20px&#8221;][vc_column_text] TELEFON +372 50 25 133[\/vc_column_text][vc_empty_space height=&#8221;20px&#8221;][vc_column_text] MEIL shop@idcolor.ee[\/vc_column_text][vc_empty_space height=&#8221;20px&#8221;][vc_column_text] INFO [\/vc_column_text][vc_empty_space height=&#8221;10px&#8221;][vc_wp_custommenu nav_menu=&#8221;213&#8243;][\/vc_column][vc_column width=&#8221;3\/4&#8243;][vc_column_text] SAADA MEILE KIRI Kui sul on k\u00fcsimusi, siis saada meile kiri. Vastame sulle nii ruttu kui v\u00f5imalik. T\u00e4name![\/vc_column_text][vc_empty_space height=&#8221;20px&#8221;][vc_empty_space height=&#8221;20px&#8221;][\/vc_column][\/vc_row]","og_url":"https:\/\/idcolor.ee\/et\/kontakt\/","og_site_name":"iD Color","article_modified_time":"2023-04-14T15:21:34+00:00","twitter_card":"summary_large_image","twitter_misc":{"Est. reading time":"1 minut"},"schema":{"@context":"https:\/\/schema.org","@graph":[{"@type":"WebPage","@id":"https:\/\/idcolor.ee\/et\/kontakt\/","url":"https:\/\/idcolor.ee\/et\/kontakt\/","name":"Kontakt - iD Color","isPartOf":{"@id":"https:\/\/idcolor.ee\/et\/#website"},"datePublished":"2022-03-11T11:09:32+00:00","dateModified":"2023-04-14T15:21:34+00:00","breadcrumb":{"@id":"https:\/\/idcolor.ee\/et\/kontakt\/#breadcrumb"},"inLanguage":"et","potentialAction":[{"@type":"ReadAction","target":["https:\/\/idcolor.ee\/et\/kontakt\/"]}]},{"@type":"BreadcrumbList","@id":"https:\/\/idcolor.ee\/et\/kontakt\/#breadcrumb","itemListElement":[{"@type":"ListItem","position":1,"name":"Home","item":"https:\/\/idcolor.ee\/et\/avaleht\/"},{"@type":"ListItem","position":2,"name":"Kontakt"}]},{"@type":"WebSite","@id":"https:\/\/idcolor.ee\/et\/#website","url":"https:\/\/idcolor.ee\/et\/","name":"iD Color","description":"Hair care products","publisher":{"@id":"https:\/\/idcolor.ee\/et\/#organization"},"potentialAction":[{"@type":"SearchAction","target":{"@type":"EntryPoint","urlTemplate":"https:\/\/idcolor.ee\/et\/?s={search_term_string}"},"query-input":{"@type":"PropertyValueSpecification","valueRequired":true,"valueName":"search_term_string"}}],"inLanguage":"et"},{"@type":"Organization","@id":"https:\/\/idcolor.ee\/et\/#organization","name":"iD Color O\u00dc","url":"https:\/\/idcolor.ee\/et\/","logo":{"@type":"ImageObject","inLanguage":"et","@id":"https:\/\/idcolor.ee\/et\/#\/schema\/logo\/image\/","url":"https:\/\/idcolor.ee\/wp-content\/uploads\/2022\/01\/IDColor_Logo_1000.png","contentUrl":"https:\/\/idcolor.ee\/wp-content\/uploads\/2022\/01\/IDColor_Logo_1000.png","width":1001,"height":354,"caption":"iD Color O\u00dc"},"image":{"@id":"https:\/\/idcolor.ee\/et\/#\/schema\/logo\/image\/"}}]}},"_links":{"self":[{"href":"https:\/\/idcolor.ee\/et\/wp-json\/wp\/v2\/pages\/5107","targetHints":{"allow":["GET"]}}],"collection":[{"href":"https:\/\/idcolor.ee\/et\/wp-json\/wp\/v2\/pages"}],"about":[{"href":"https:\/\/idcolor.ee\/et\/wp-json\/wp\/v2\/types\/page"}],"author":[{"embeddable":true,"href":"https:\/\/idcolor.ee\/et\/wp-json\/wp\/v2\/users\/1"}],"replies":[{"embeddable":true,"href":"https:\/\/idcolor.ee\/et\/wp-json\/wp\/v2\/comments?post=5107"}],"version-history":[{"count":43,"href":"https:\/\/idcolor.ee\/et\/wp-json\/wp\/v2\/pages\/5107\/revisions"}],"predecessor-version":[{"id":5825,"href":"https:\/\/idcolor.ee\/et\/wp-json\/wp\/v2\/pages\/5107\/revisions\/5825"}],"wp:attachment":[{"href":"https:\/\/idcolor.ee\/et\/wp-json\/wp\/v2\/media?parent=5107"}],"curies":[{"name":"wp","href":"https:\/\/api.w.org\/{rel}","templated":true}]}}