{"id":5184,"date":"2022-01-17T12:57:57","date_gmt":"2022-01-17T10:57:57","guid":{"rendered":"https:\/\/idcolor.ee\/product\/k18-leave-in-molecular-repair-hair-mask-tube\/"},"modified":"2026-03-10T19:25:55","modified_gmt":"2026-03-10T17:25:55","slug":"k18-leave-in-molecular-repair-hair-mask-tube","status":"publish","type":"product","link":"https:\/\/idcolor.ee\/et\/toode\/k18-leave-in-molecular-repair-hair-mask-tube\/","title":{"rendered":"K18 Leave-in Molecular Repair Hair Mask 5 ml"},"content":{"rendered":"<div class=\"wpb-content-wrapper\"><p>[vc_row][vc_column][vc_row_inner][vc_column_inner width=&#8221;1\/4&#8243; offset=&#8221;vc_hidden-sm vc_hidden-xs&#8221; css=&#8221;.vc_custom_1643102252377{padding-right: 40% !important;}&#8221;][vc_single_image image=&#8221;4765&#8243; img_size=&#8221;full&#8221;][vc_empty_space height=&#8221;20px&#8221;][\/vc_column_inner][vc_column_inner width=&#8221;3\/4&#8243; css=&#8221;.vc_custom_1643102395961{padding-right: 70% !important;}&#8221; offset=&#8221;vc_hidden-lg vc_hidden-md&#8221;][vc_single_image image=&#8221;4765&#8243; img_size=&#8221;full&#8221;][vc_empty_space height=&#8221;20px&#8221;][\/vc_column_inner][\/vc_row_inner]<div class=\"nasa-title clearfix nasa-t hr-type-none\"><h4 class=\"nasa-heading-title\"><span class=\"nasa-title-wrap\"><span style=\"color: #000000;\">K18 Leave-in Molecular Repair Hair Mask | Proovikogus 5 ml<\/span><\/span><\/h4><p class=\"nasa-title-desc\" style=\"color: #000000;\">juustesse j\u00e4etav mask parandab kahjustused vaid 4 minutiga<\/p><\/div>[vc_empty_space height=&#8221;20px&#8221;][vc_separator][vc_empty_space height=&#8221;10px&#8221;][vc_column_text]<\/p>\n<h4><strong>tootekirjeldus:<\/strong><\/h4>\n<p>Juustesse j\u00e4etav mask k\u00f5ikidele juukset\u00fc\u00fcpidele parandab kahjustused kliiniliselt vaid 4 minutiga. K18 peptiid on patenteeritud bioaktiivne juuksehooldustehnoloogia, mis parandab helestajatest, v\u00e4rvidest, keemilisest t\u00f6\u00f6tlusest ja kuumusest tekitatud juuksekahjustused ning taastab juuste tugevuse, pehmuse, sileduse ja elastuse.<\/p>\n<p><strong>juuksed nagu uued<\/strong><br \/>\nPatenteeritud revolutsiooniline K18Peptide\u2122 liigub s\u00fcgavamale juuste sisekihti kui traditsioonilised parandustooted, olles t\u00e4pselt \u00f5ige suuruse ja koostisega, et sobituda katkenud keratiiniahelatega ja need taas\u00fchendada taastades juuste tugevuse, pehmuse, sileduse ja elastsuse. Sa n\u00e4ed ja tunned erinevust juba esimesel kasutuskorral.<\/p>\n<p>Parima tulemuse saavutamiseks kasuta esmalt 4-6-l j\u00e4rjestikusel juuksepesul, seej\u00e4rel iga 4\u20133 pesu j\u00e4rel, et kaitsta juukseid igap\u00e4evaste kahjustuste eest.[\/vc_column_text][vc_empty_space height=&#8221;35px&#8221;][vc_row_inner][vc_column_inner offset=&#8221;vc_hidden-sm vc_hidden-xs&#8221;][vc_single_image image=&#8221;5180&#8243; img_size=&#8221;full&#8221;][\/vc_column_inner][\/vc_row_inner][vc_row_inner][vc_column_inner offset=&#8221;vc_hidden-lg vc_hidden-md&#8221;][vc_single_image image=&#8221;5182&#8243; img_size=&#8221;full&#8221;][\/vc_column_inner][\/vc_row_inner][vc_row_inner css=&#8221;.vc_custom_1641810793016{padding-bottom: 30px !important;}&#8221;][vc_column_inner width=&#8221;1\/2&#8243;][vc_empty_space height=&#8221;35px&#8221;][vc_column_text]<\/p>\n<h4><strong>kasutamine:<\/strong><\/h4>\n<p>[\/vc_column_text][vc_empty_space height=&#8221;35px&#8221;][vc_column_text]<\/p>\n<ol>\n<li>Pese juuksed. \u00c4RA KASUTA PALSAMIT!<\/li>\n<li>Kuivata r\u00e4tikuga.<\/li>\n<li>Kanna juustele <strong>K18 Mask.<\/strong> Alusta \u00fchest pumbat\u00e4iest ja lisa vastavalt juuste pikkusele, tihedusele ja seisukorrale (vt doseerimistabelit).<\/li>\n<li>Kanna \u00fchtlaselt juustesse, \u00fche pumbat\u00e4ie kaupa juukseotstest juurteni. Mugavamaks levitamiseks kanna mask juustesse jaotuste kaupa.<\/li>\n<li>Lase m\u00f5juda 4 minutit.<\/li>\n<li>\u00c4RA LOPUTA! Mask j\u00e4\u00e4b juustesse.<\/li>\n<li>Viimistle nagu tavaliselt.<\/li>\n<\/ol>\n<p><strong>T\u00e4pset doseerimist vaadake tabelist.<\/strong>[\/vc_column_text][\/vc_column_inner][vc_column_inner width=&#8221;1\/2&#8243;][vc_empty_space height=&#8221;35px&#8221;][vc_column_text]<\/p>\n<h4 style=\"text-align: center;\"><b>doseerimise juhend<\/b><\/h4>\n<p>[\/vc_column_text][vc_single_image image=&#8221;4773&#8243; img_size=&#8221;full&#8221; alignment=&#8221;center&#8221;][vc_column_text]<\/p>\n<p style=\"text-align: center;\"><strong>1 pumbat\u00e4is = 1 ml<br \/>\n<\/strong><\/p>\n<p>[\/vc_column_text][\/vc_column_inner][\/vc_row_inner][vc_empty_space height=&#8221;10px&#8221;][vc_separator][vc_row_inner][vc_column_inner width=&#8221;1\/2&#8243;][vc_empty_space height=&#8221;25px&#8221;][vc_column_text]<\/p>\n<h4><strong>mida teha + mida mitte <\/strong><\/h4>\n<div class=\"accordion__copy--inner\" data-accordion-copy-text=\"\">\n<ul class=\"green-check\">\n<li><strong>PESE<\/strong> s\u00fcvapuhastava \u0161ampooniga, eriti kui kasutad palju viimistlusvahendeid v\u00f5i kuiv\u0161ampooni<\/li>\n<li><strong>OOTA<\/strong> kindlasti 4 minutit enne soengu tegemist v\u00f5i juustele viimistlusvahendite lisamist<\/li>\n<li><strong>KASUTA<\/strong> esmalt 4-6-l j\u00e4rjestikusel juuksepesul, seej\u00e4rel kord n\u00e4dalas &#8211; nii toimides saavutad parima tulemuse<\/li>\n<\/ul>\n<ul class=\"red-x\">\n<li><strong><span style=\"color: #ff0000;\">\u00c4RA<\/span><\/strong> kasuta palsamit enne K18 maski juustesse kandmist (enamik ei vaja palsamit p\u00e4rast K18 maski, kui siiski vajad lisa see peale 4 minuti m\u00f5juaja m\u00f6\u00f6dumist)<\/li>\n<li><strong><span style=\"color: #ff0000;\">\u00c4RA<\/span><\/strong> doseeri \u00fcle, tabelis n\u00e4idatud kogusest piisab<\/li>\n<li><strong><span style=\"color: #ff0000;\">\u00c4RA<\/span><\/strong> loputa. See on juustesse j\u00e4etav, seega &#8211; mask j\u00e4\u00e4b juustesse!<\/li>\n<\/ul>\n<\/div>\n<p>[\/vc_column_text][\/vc_column_inner][vc_column_inner width=&#8221;1\/2&#8243;][vc_empty_space height=&#8221;25px&#8221;][vc_column_text]<\/p>\n<h4><strong>peamised eelised<\/strong><\/h4>\n<div class=\"accordion__copy--inner\" data-accordion-copy-text=\"\">\n<div class=\"accordion__copy--inner\" data-accordion-copy-text=\"\">\n<p>On kliiniliselt t\u00f5estatud, et K18Peptide\u2122 k\u00f5rvaldab kahjustused vaid 4 minutiga.<\/p>\n<ul class=\"green-check\">\n<li>Parandab helestajatest, v\u00e4rvidest, keemilisest t\u00f6\u00f6tlusest ja kuumusest tekitatud juuksekahjustused<\/li>\n<li>Taastab juuste tugevuse, pehmuse, sileduse ja elastuse<\/li>\n<li>\u0160ampoon ei pese toodet v\u00e4lja, tulemus on p\u00fcsiv<\/li>\n<li>Vegan, v\u00e4rvikindel, julmusevaba<\/li>\n<\/ul>\n<p>taastab kuni 91% ulatuses algse tugevuse*<br \/>\ntaastab kuni 94% ulatuses algse elastuse*<\/p>\n<p>* Tulemused p\u00f5hinevad kliinilisele uuringule, milles kasutatai K18 tooteid pleegitusravi osana. Tulemused v\u00f5ivad erineda olenevalt juuste t\u00fc\u00fcbist, kvaliteedist ja tehtud protseduuride ajaloost.<\/p>\n<\/div>\n<\/div>\n<p>[\/vc_column_text][\/vc_column_inner][\/vc_row_inner][vc_empty_space height=&#8221;10px&#8221;][\/vc_column][\/vc_row]<\/p>\n<\/div>","protected":false},"excerpt":{"rendered":"<h5><strong>Proovikogus 5 ml<\/strong><\/h5>\n<p><strong>Juustesse j\u00e4etav mask k\u00f5ikidele juukset\u00fc\u00fcpidele parandab kahjustused kliiniliselt vaid 4 minutiga.<\/strong> K18 peptiid on patenteeritud bioaktiivne juuksehooldustehnoloogia, mis parandab helestajatest, v\u00e4rvidest, keemilisest t\u00f6\u00f6tlusest ja kuumusest tekitatud juuksekahjustused ning taastab juuste tugevuse, pehmuse, sileduse ja elastuse.<\/p>\n","protected":false},"featured_media":4777,"template":"","meta":[],"product_brand":[],"product_cat":[313],"product_tag":[],"class_list":{"0":"post-5184","1":"product","2":"type-product","3":"status-publish","4":"has-post-thumbnail","6":"product_cat-k18-hair-et","8":"first","9":"instock","10":"taxable","11":"shipping-taxable","12":"purchasable","13":"product-type-simple"},"yoast_head":"<!-- This site is optimized with the Yoast SEO plugin v27.3 - https:\/\/yoast.com\/product\/yoast-seo-wordpress\/ -->\n<title>K18 Leave-in Molecular Repair Hair Mask 5 ml - iD Color<\/title>\n<meta name=\"description\" content=\"Juustesse j\u00e4etav mask parandab kahjustused vaid 4 minutiga. Parandab helestajatest, v\u00e4rvidest, keemilisest t\u00f6\u00f6tlusest ja kuumusest tekitatud juuksekahjustused\" \/>\n<meta name=\"robots\" content=\"index, follow, max-snippet:-1, max-image-preview:large, max-video-preview:-1\" \/>\n<link rel=\"canonical\" href=\"https:\/\/idcolor.ee\/et\/toode\/k18-leave-in-molecular-repair-hair-mask-tube\/\" \/>\n<meta property=\"og:locale\" content=\"et_EE\" \/>\n<meta property=\"og:type\" content=\"article\" \/>\n<meta property=\"og:title\" content=\"K18 Leave-in Molecular Repair Hair Mask 5 ml - iD Color\" \/>\n<meta property=\"og:description\" content=\"Juustesse j\u00e4etav mask parandab kahjustused vaid 4 minutiga. Parandab helestajatest, v\u00e4rvidest, keemilisest t\u00f6\u00f6tlusest ja kuumusest tekitatud juuksekahjustused\" \/>\n<meta property=\"og:url\" content=\"https:\/\/idcolor.ee\/et\/toode\/k18-leave-in-molecular-repair-hair-mask-tube\/\" \/>\n<meta property=\"og:site_name\" content=\"iD Color\" \/>\n<meta property=\"article:modified_time\" content=\"2026-03-10T17:25:55+00:00\" \/>\n<meta property=\"og:image\" content=\"https:\/\/idcolor.ee\/wp-content\/uploads\/2022\/01\/K18_Mask_5ml.jpg\" \/>\n\t<meta property=\"og:image:width\" content=\"1080\" \/>\n\t<meta property=\"og:image:height\" content=\"1080\" \/>\n\t<meta property=\"og:image:type\" content=\"image\/jpeg\" \/>\n<meta name=\"twitter:card\" content=\"summary_large_image\" \/>\n<meta name=\"twitter:label1\" content=\"Est. reading time\" \/>\n\t<meta name=\"twitter:data1\" content=\"3 minutit\" \/>\n<script type=\"application\/ld+json\" class=\"yoast-schema-graph\">{\"@context\":\"https:\\\/\\\/schema.org\",\"@graph\":[{\"@type\":\"WebPage\",\"@id\":\"https:\\\/\\\/idcolor.ee\\\/et\\\/toode\\\/k18-leave-in-molecular-repair-hair-mask-tube\\\/\",\"url\":\"https:\\\/\\\/idcolor.ee\\\/et\\\/toode\\\/k18-leave-in-molecular-repair-hair-mask-tube\\\/\",\"name\":\"K18 Leave-in Molecular Repair Hair Mask 5 ml - iD Color\",\"isPartOf\":{\"@id\":\"https:\\\/\\\/idcolor.ee\\\/et\\\/#website\"},\"primaryImageOfPage\":{\"@id\":\"https:\\\/\\\/idcolor.ee\\\/et\\\/toode\\\/k18-leave-in-molecular-repair-hair-mask-tube\\\/#primaryimage\"},\"image\":{\"@id\":\"https:\\\/\\\/idcolor.ee\\\/et\\\/toode\\\/k18-leave-in-molecular-repair-hair-mask-tube\\\/#primaryimage\"},\"thumbnailUrl\":\"https:\\\/\\\/idcolor.ee\\\/wp-content\\\/uploads\\\/2022\\\/01\\\/K18_Mask_5ml.jpg\",\"datePublished\":\"2022-01-17T10:57:57+00:00\",\"dateModified\":\"2026-03-10T17:25:55+00:00\",\"description\":\"Juustesse j\u00e4etav mask parandab kahjustused vaid 4 minutiga. Parandab helestajatest, v\u00e4rvidest, keemilisest t\u00f6\u00f6tlusest ja kuumusest tekitatud juuksekahjustused\",\"breadcrumb\":{\"@id\":\"https:\\\/\\\/idcolor.ee\\\/et\\\/toode\\\/k18-leave-in-molecular-repair-hair-mask-tube\\\/#breadcrumb\"},\"inLanguage\":\"et\",\"potentialAction\":[{\"@type\":\"ReadAction\",\"target\":[\"https:\\\/\\\/idcolor.ee\\\/et\\\/toode\\\/k18-leave-in-molecular-repair-hair-mask-tube\\\/\"]}]},{\"@type\":\"ImageObject\",\"inLanguage\":\"et\",\"@id\":\"https:\\\/\\\/idcolor.ee\\\/et\\\/toode\\\/k18-leave-in-molecular-repair-hair-mask-tube\\\/#primaryimage\",\"url\":\"https:\\\/\\\/idcolor.ee\\\/wp-content\\\/uploads\\\/2022\\\/01\\\/K18_Mask_5ml.jpg\",\"contentUrl\":\"https:\\\/\\\/idcolor.ee\\\/wp-content\\\/uploads\\\/2022\\\/01\\\/K18_Mask_5ml.jpg\",\"width\":1080,\"height\":1080},{\"@type\":\"BreadcrumbList\",\"@id\":\"https:\\\/\\\/idcolor.ee\\\/et\\\/toode\\\/k18-leave-in-molecular-repair-hair-mask-tube\\\/#breadcrumb\",\"itemListElement\":[{\"@type\":\"ListItem\",\"position\":1,\"name\":\"Home\",\"item\":\"https:\\\/\\\/idcolor.ee\\\/et\\\/avaleht\\\/\"},{\"@type\":\"ListItem\",\"position\":2,\"name\":\"Pood\",\"item\":\"https:\\\/\\\/idcolor.ee\\\/et\\\/shop-2\\\/\"},{\"@type\":\"ListItem\",\"position\":3,\"name\":\"K18 Leave-in Molecular Repair Hair Mask 5 ml\"}]},{\"@type\":\"WebSite\",\"@id\":\"https:\\\/\\\/idcolor.ee\\\/et\\\/#website\",\"url\":\"https:\\\/\\\/idcolor.ee\\\/et\\\/\",\"name\":\"iD Color\",\"description\":\"Hair care products\",\"publisher\":{\"@id\":\"https:\\\/\\\/idcolor.ee\\\/et\\\/#organization\"},\"potentialAction\":[{\"@type\":\"SearchAction\",\"target\":{\"@type\":\"EntryPoint\",\"urlTemplate\":\"https:\\\/\\\/idcolor.ee\\\/et\\\/?s={search_term_string}\"},\"query-input\":{\"@type\":\"PropertyValueSpecification\",\"valueRequired\":true,\"valueName\":\"search_term_string\"}}],\"inLanguage\":\"et\"},{\"@type\":\"Organization\",\"@id\":\"https:\\\/\\\/idcolor.ee\\\/et\\\/#organization\",\"name\":\"iD Color O\u00dc\",\"url\":\"https:\\\/\\\/idcolor.ee\\\/et\\\/\",\"logo\":{\"@type\":\"ImageObject\",\"inLanguage\":\"et\",\"@id\":\"https:\\\/\\\/idcolor.ee\\\/et\\\/#\\\/schema\\\/logo\\\/image\\\/\",\"url\":\"https:\\\/\\\/idcolor.ee\\\/wp-content\\\/uploads\\\/2022\\\/01\\\/IDColor_Logo_1000.png\",\"contentUrl\":\"https:\\\/\\\/idcolor.ee\\\/wp-content\\\/uploads\\\/2022\\\/01\\\/IDColor_Logo_1000.png\",\"width\":1001,\"height\":354,\"caption\":\"iD Color O\u00dc\"},\"image\":{\"@id\":\"https:\\\/\\\/idcolor.ee\\\/et\\\/#\\\/schema\\\/logo\\\/image\\\/\"}}]}<\/script>\n<!-- \/ Yoast SEO plugin. -->","yoast_head_json":{"title":"K18 Leave-in Molecular Repair Hair Mask 5 ml - iD Color","description":"Juustesse j\u00e4etav mask parandab kahjustused vaid 4 minutiga. Parandab helestajatest, v\u00e4rvidest, keemilisest t\u00f6\u00f6tlusest ja kuumusest tekitatud juuksekahjustused","robots":{"index":"index","follow":"follow","max-snippet":"max-snippet:-1","max-image-preview":"max-image-preview:large","max-video-preview":"max-video-preview:-1"},"canonical":"https:\/\/idcolor.ee\/et\/toode\/k18-leave-in-molecular-repair-hair-mask-tube\/","og_locale":"et_EE","og_type":"article","og_title":"K18 Leave-in Molecular Repair Hair Mask 5 ml - iD Color","og_description":"Juustesse j\u00e4etav mask parandab kahjustused vaid 4 minutiga. Parandab helestajatest, v\u00e4rvidest, keemilisest t\u00f6\u00f6tlusest ja kuumusest tekitatud juuksekahjustused","og_url":"https:\/\/idcolor.ee\/et\/toode\/k18-leave-in-molecular-repair-hair-mask-tube\/","og_site_name":"iD Color","article_modified_time":"2026-03-10T17:25:55+00:00","og_image":[{"width":1080,"height":1080,"url":"https:\/\/idcolor.ee\/wp-content\/uploads\/2022\/01\/K18_Mask_5ml.jpg","type":"image\/jpeg"}],"twitter_card":"summary_large_image","twitter_misc":{"Est. reading time":"3 minutit"},"schema":{"@context":"https:\/\/schema.org","@graph":[{"@type":"WebPage","@id":"https:\/\/idcolor.ee\/et\/toode\/k18-leave-in-molecular-repair-hair-mask-tube\/","url":"https:\/\/idcolor.ee\/et\/toode\/k18-leave-in-molecular-repair-hair-mask-tube\/","name":"K18 Leave-in Molecular Repair Hair Mask 5 ml - iD Color","isPartOf":{"@id":"https:\/\/idcolor.ee\/et\/#website"},"primaryImageOfPage":{"@id":"https:\/\/idcolor.ee\/et\/toode\/k18-leave-in-molecular-repair-hair-mask-tube\/#primaryimage"},"image":{"@id":"https:\/\/idcolor.ee\/et\/toode\/k18-leave-in-molecular-repair-hair-mask-tube\/#primaryimage"},"thumbnailUrl":"https:\/\/idcolor.ee\/wp-content\/uploads\/2022\/01\/K18_Mask_5ml.jpg","datePublished":"2022-01-17T10:57:57+00:00","dateModified":"2026-03-10T17:25:55+00:00","description":"Juustesse j\u00e4etav mask parandab kahjustused vaid 4 minutiga. Parandab helestajatest, v\u00e4rvidest, keemilisest t\u00f6\u00f6tlusest ja kuumusest tekitatud juuksekahjustused","breadcrumb":{"@id":"https:\/\/idcolor.ee\/et\/toode\/k18-leave-in-molecular-repair-hair-mask-tube\/#breadcrumb"},"inLanguage":"et","potentialAction":[{"@type":"ReadAction","target":["https:\/\/idcolor.ee\/et\/toode\/k18-leave-in-molecular-repair-hair-mask-tube\/"]}]},{"@type":"ImageObject","inLanguage":"et","@id":"https:\/\/idcolor.ee\/et\/toode\/k18-leave-in-molecular-repair-hair-mask-tube\/#primaryimage","url":"https:\/\/idcolor.ee\/wp-content\/uploads\/2022\/01\/K18_Mask_5ml.jpg","contentUrl":"https:\/\/idcolor.ee\/wp-content\/uploads\/2022\/01\/K18_Mask_5ml.jpg","width":1080,"height":1080},{"@type":"BreadcrumbList","@id":"https:\/\/idcolor.ee\/et\/toode\/k18-leave-in-molecular-repair-hair-mask-tube\/#breadcrumb","itemListElement":[{"@type":"ListItem","position":1,"name":"Home","item":"https:\/\/idcolor.ee\/et\/avaleht\/"},{"@type":"ListItem","position":2,"name":"Pood","item":"https:\/\/idcolor.ee\/et\/shop-2\/"},{"@type":"ListItem","position":3,"name":"K18 Leave-in Molecular Repair Hair Mask 5 ml"}]},{"@type":"WebSite","@id":"https:\/\/idcolor.ee\/et\/#website","url":"https:\/\/idcolor.ee\/et\/","name":"iD Color","description":"Hair care products","publisher":{"@id":"https:\/\/idcolor.ee\/et\/#organization"},"potentialAction":[{"@type":"SearchAction","target":{"@type":"EntryPoint","urlTemplate":"https:\/\/idcolor.ee\/et\/?s={search_term_string}"},"query-input":{"@type":"PropertyValueSpecification","valueRequired":true,"valueName":"search_term_string"}}],"inLanguage":"et"},{"@type":"Organization","@id":"https:\/\/idcolor.ee\/et\/#organization","name":"iD Color O\u00dc","url":"https:\/\/idcolor.ee\/et\/","logo":{"@type":"ImageObject","inLanguage":"et","@id":"https:\/\/idcolor.ee\/et\/#\/schema\/logo\/image\/","url":"https:\/\/idcolor.ee\/wp-content\/uploads\/2022\/01\/IDColor_Logo_1000.png","contentUrl":"https:\/\/idcolor.ee\/wp-content\/uploads\/2022\/01\/IDColor_Logo_1000.png","width":1001,"height":354,"caption":"iD Color O\u00dc"},"image":{"@id":"https:\/\/idcolor.ee\/et\/#\/schema\/logo\/image\/"}}]}},"_links":{"self":[{"href":"https:\/\/idcolor.ee\/et\/wp-json\/wp\/v2\/product\/5184","targetHints":{"allow":["GET"]}}],"collection":[{"href":"https:\/\/idcolor.ee\/et\/wp-json\/wp\/v2\/product"}],"about":[{"href":"https:\/\/idcolor.ee\/et\/wp-json\/wp\/v2\/types\/product"}],"wp:featuredmedia":[{"embeddable":true,"href":"https:\/\/idcolor.ee\/et\/wp-json\/wp\/v2\/media\/4777"}],"wp:attachment":[{"href":"https:\/\/idcolor.ee\/et\/wp-json\/wp\/v2\/media?parent=5184"}],"wp:term":[{"taxonomy":"product_brand","embeddable":true,"href":"https:\/\/idcolor.ee\/et\/wp-json\/wp\/v2\/product_brand?post=5184"},{"taxonomy":"product_cat","embeddable":true,"href":"https:\/\/idcolor.ee\/et\/wp-json\/wp\/v2\/product_cat?post=5184"},{"taxonomy":"product_tag","embeddable":true,"href":"https:\/\/idcolor.ee\/et\/wp-json\/wp\/v2\/product_tag?post=5184"}],"curies":[{"name":"wp","href":"https:\/\/api.w.org\/{rel}","templated":true}]}}