{"id":5188,"date":"2022-01-07T16:26:01","date_gmt":"2022-01-07T14:26:01","guid":{"rendered":"https:\/\/idcolor.ee\/product\/mycontrol-keskmise-tugevusega-juukselakk\/"},"modified":"2025-02-12T13:53:22","modified_gmt":"2025-02-12T11:53:22","slug":"mycontrol-keskmise-tugevusega-juukselakk","status":"publish","type":"product","link":"https:\/\/idcolor.ee\/et\/toode\/mycontrol-keskmise-tugevusega-juukselakk\/","title":{"rendered":"#MyControl keskmise tugevusega juukselakk"},"content":{"rendered":"<div class=\"wpb-content-wrapper\"><p>[vc_row][vc_column][vc_row_inner][vc_column_inner width=&#8221;1\/4&#8243; css=&#8221;.vc_custom_1643100113825{padding-right: 20% !important;}&#8221; offset=&#8221;vc_hidden-sm vc_hidden-xs&#8221;][vc_single_image image=&#8221;4769&#8243; img_size=&#8221;full&#8221;][vc_empty_space height=&#8221;20px&#8221;][\/vc_column_inner][vc_column_inner width=&#8221;3\/4&#8243; offset=&#8221;vc_hidden-lg vc_hidden-md&#8221; css=&#8221;.vc_custom_1643102057386{padding-right: 50% !important;}&#8221;][vc_single_image image=&#8221;4769&#8243; img_size=&#8221;full&#8221;][vc_empty_space height=&#8221;20px&#8221;][\/vc_column_inner][\/vc_row_inner]<div class=\"nasa-title clearfix nasa-t hr-type-none\"><h4 class=\"nasa-heading-title\"><span class=\"nasa-title-wrap\"><span style=\"color: #5a2169;\">#MyControl Medium Sculpting Spray | 266 ml<\/span><\/span><\/h4><p class=\"nasa-title-desc\" style=\"color: #5a2169;\">KESKMISE TUGEVUSEGA JUUKSELAKK<\/p><\/div>[vc_empty_space height=&#8221;20px&#8221;][vc_separator][vc_empty_space height=&#8221;20px&#8221;][vc_column_text]<strong>Tootekirjeldus<\/strong><\/p>\n<p>\u2022<strong>\u00fclipeenelt pihustuv<\/strong> lakk <strong>hoiab h\u00e4sti soengu vormi<\/strong><br \/>\n\u2022 <strong>kiiresti kuivav koostis<\/strong> on suurep\u00e4rane <strong>kihiliste<\/strong> ja kohevate soengute tegemiseks<br \/>\n\u2022 <strong>lisab l\u00e4iget<\/strong> ning pakub fotode tegemisel suurep\u00e4raseid <strong>v\u00e4rvipeegeldusi<\/strong><br \/>\n\u2022 FANTASTILISE KIRSI\u00d5IE AROOMIGA![\/vc_column_text][vc_empty_space height=&#8221;25px&#8221;][vc_column_text css=&#8221;.vc_custom_1641566312762{padding: 10px !important;background-color: rgba(90,33,105,0.1) !important;*background-color: rgb(90,33,105) !important;border: 1px solid #5a2169 !important;border-radius: 1px !important;}&#8221;]<span style=\"color: #5a2169;\"><strong>#Guy Tang Tip:<\/strong> MA ARMASTAN seda juukselakki, sest see kuivab \u00fclikiiresti ja v\u00f5imaldab kohevaid ja pehmeid soenguid ilma tavaliste juukselakkide kleepuvuseta.<\/span>[\/vc_column_text][vc_empty_space height=&#8221;35px&#8221;][vc_column_text]<strong>Kasutamine:<\/strong><\/p>\n<p>Pihustada juustele \u00fchtlaselt 20 cm kauguselt.[\/vc_column_text][vc_empty_space height=&#8221;25px&#8221;][vc_separator][vc_empty_space height=&#8221;20px&#8221;][vc_column_text]<strong>Ohutusn\u00f5uded<\/strong><\/p>\n<p>ETTEVAATUST: TULEOHTLIK. Sisu on r\u00f5hu all. \u00c4ra torgi ega p\u00f5leta pakendit, \u00e4ra hoia temperatuuril \u00fcle 50\u00b0C. Mitte kasutada lahtise tule v\u00f5i s\u00e4demete l\u00e4heduses. Hoida lastele k\u00e4ttesaamatus kohas. Kasuta vaid h\u00e4sti ventileeritavas kohas. Kui nahale v\u00f5i peanahale tekib \u00e4rritus, l\u00f5peta kasutamine ja konsulteeri arstiga. Silma sattumisel loputa v\u00e4hemalt 15 minutit. Kui vaevus kestab, konsulteeri arstiga.[\/vc_column_text][vc_empty_space height=&#8221;25px&#8221;][vc_separator][vc_empty_space height=&#8221;15px&#8221;]<div class=\"nasa-title clearfix nasa-t hr-type-none\"><h4 class=\"nasa-heading-title\"><span class=\"nasa-title-wrap\"><span style=\"color: #5a2169;\">Juuksur soovitab<\/span><\/span><\/h4><\/div>[\/vc_column][\/vc_row]<\/p>\n<\/div>","protected":false},"excerpt":{"rendered":"<h5><strong>266 ml<\/strong><\/h5>\n<p>\u00dclipeenelt pihustuv lakk hoiab h\u00e4sti soengu vormi. Kiiresti kuivav koostis.<\/p>\n","protected":false},"featured_media":4721,"template":"","meta":[],"product_brand":[],"product_cat":[233,238],"product_tag":[],"class_list":{"0":"post-5188","1":"product","2":"type-product","3":"status-publish","4":"has-post-thumbnail","6":"product_cat-mydentity-et","7":"product_cat-viimistlus","9":"first","10":"instock","11":"taxable","12":"shipping-taxable","13":"purchasable","14":"product-type-simple"},"yoast_head":"<!-- This site is optimized with the Yoast SEO plugin v27.3 - https:\/\/yoast.com\/product\/yoast-seo-wordpress\/ -->\n<title>#MyControl keskmise tugevusega juukselakk - iD Color<\/title>\n<meta name=\"description\" content=\"\u00dclipeenelt pihustuv lakk hoiab h\u00e4sti soengu vormi. Kiiresti kuivav koostis.\" \/>\n<meta name=\"robots\" content=\"index, follow, max-snippet:-1, max-image-preview:large, max-video-preview:-1\" \/>\n<link rel=\"canonical\" href=\"https:\/\/idcolor.ee\/et\/toode\/mycontrol-keskmise-tugevusega-juukselakk\/\" \/>\n<meta property=\"og:locale\" content=\"et_EE\" \/>\n<meta property=\"og:type\" content=\"article\" \/>\n<meta property=\"og:title\" content=\"#MyControl keskmise tugevusega juukselakk - iD Color\" \/>\n<meta property=\"og:description\" content=\"\u00dclipeenelt pihustuv lakk hoiab h\u00e4sti soengu vormi. Kiiresti kuivav koostis.\" \/>\n<meta property=\"og:url\" content=\"https:\/\/idcolor.ee\/et\/toode\/mycontrol-keskmise-tugevusega-juukselakk\/\" \/>\n<meta property=\"og:site_name\" content=\"iD Color\" \/>\n<meta property=\"article:modified_time\" content=\"2025-02-12T11:53:22+00:00\" \/>\n<meta property=\"og:image\" content=\"https:\/\/idcolor.ee\/wp-content\/uploads\/2022\/01\/MyControl_Spray.jpg\" \/>\n\t<meta property=\"og:image:width\" content=\"1080\" \/>\n\t<meta property=\"og:image:height\" content=\"1080\" \/>\n\t<meta property=\"og:image:type\" content=\"image\/jpeg\" \/>\n<meta name=\"twitter:card\" content=\"summary_large_image\" \/>\n<meta name=\"twitter:label1\" content=\"Est. reading time\" \/>\n\t<meta name=\"twitter:data1\" content=\"2 minutit\" \/>\n<script type=\"application\/ld+json\" class=\"yoast-schema-graph\">{\"@context\":\"https:\\\/\\\/schema.org\",\"@graph\":[{\"@type\":\"WebPage\",\"@id\":\"https:\\\/\\\/idcolor.ee\\\/et\\\/toode\\\/mycontrol-keskmise-tugevusega-juukselakk\\\/\",\"url\":\"https:\\\/\\\/idcolor.ee\\\/et\\\/toode\\\/mycontrol-keskmise-tugevusega-juukselakk\\\/\",\"name\":\"#MyControl keskmise tugevusega juukselakk - iD Color\",\"isPartOf\":{\"@id\":\"https:\\\/\\\/idcolor.ee\\\/et\\\/#website\"},\"primaryImageOfPage\":{\"@id\":\"https:\\\/\\\/idcolor.ee\\\/et\\\/toode\\\/mycontrol-keskmise-tugevusega-juukselakk\\\/#primaryimage\"},\"image\":{\"@id\":\"https:\\\/\\\/idcolor.ee\\\/et\\\/toode\\\/mycontrol-keskmise-tugevusega-juukselakk\\\/#primaryimage\"},\"thumbnailUrl\":\"https:\\\/\\\/idcolor.ee\\\/wp-content\\\/uploads\\\/2022\\\/01\\\/MyControl_Spray.jpg\",\"datePublished\":\"2022-01-07T14:26:01+00:00\",\"dateModified\":\"2025-02-12T11:53:22+00:00\",\"description\":\"\u00dclipeenelt pihustuv lakk hoiab h\u00e4sti soengu vormi. Kiiresti kuivav koostis.\",\"breadcrumb\":{\"@id\":\"https:\\\/\\\/idcolor.ee\\\/et\\\/toode\\\/mycontrol-keskmise-tugevusega-juukselakk\\\/#breadcrumb\"},\"inLanguage\":\"et\",\"potentialAction\":[{\"@type\":\"ReadAction\",\"target\":[\"https:\\\/\\\/idcolor.ee\\\/et\\\/toode\\\/mycontrol-keskmise-tugevusega-juukselakk\\\/\"]}]},{\"@type\":\"ImageObject\",\"inLanguage\":\"et\",\"@id\":\"https:\\\/\\\/idcolor.ee\\\/et\\\/toode\\\/mycontrol-keskmise-tugevusega-juukselakk\\\/#primaryimage\",\"url\":\"https:\\\/\\\/idcolor.ee\\\/wp-content\\\/uploads\\\/2022\\\/01\\\/MyControl_Spray.jpg\",\"contentUrl\":\"https:\\\/\\\/idcolor.ee\\\/wp-content\\\/uploads\\\/2022\\\/01\\\/MyControl_Spray.jpg\",\"width\":1080,\"height\":1080},{\"@type\":\"BreadcrumbList\",\"@id\":\"https:\\\/\\\/idcolor.ee\\\/et\\\/toode\\\/mycontrol-keskmise-tugevusega-juukselakk\\\/#breadcrumb\",\"itemListElement\":[{\"@type\":\"ListItem\",\"position\":1,\"name\":\"Home\",\"item\":\"https:\\\/\\\/idcolor.ee\\\/et\\\/avaleht\\\/\"},{\"@type\":\"ListItem\",\"position\":2,\"name\":\"Pood\",\"item\":\"https:\\\/\\\/idcolor.ee\\\/et\\\/shop-2\\\/\"},{\"@type\":\"ListItem\",\"position\":3,\"name\":\"#MyControl keskmise tugevusega juukselakk\"}]},{\"@type\":\"WebSite\",\"@id\":\"https:\\\/\\\/idcolor.ee\\\/et\\\/#website\",\"url\":\"https:\\\/\\\/idcolor.ee\\\/et\\\/\",\"name\":\"iD Color\",\"description\":\"Hair care products\",\"publisher\":{\"@id\":\"https:\\\/\\\/idcolor.ee\\\/et\\\/#organization\"},\"potentialAction\":[{\"@type\":\"SearchAction\",\"target\":{\"@type\":\"EntryPoint\",\"urlTemplate\":\"https:\\\/\\\/idcolor.ee\\\/et\\\/?s={search_term_string}\"},\"query-input\":{\"@type\":\"PropertyValueSpecification\",\"valueRequired\":true,\"valueName\":\"search_term_string\"}}],\"inLanguage\":\"et\"},{\"@type\":\"Organization\",\"@id\":\"https:\\\/\\\/idcolor.ee\\\/et\\\/#organization\",\"name\":\"iD Color O\u00dc\",\"url\":\"https:\\\/\\\/idcolor.ee\\\/et\\\/\",\"logo\":{\"@type\":\"ImageObject\",\"inLanguage\":\"et\",\"@id\":\"https:\\\/\\\/idcolor.ee\\\/et\\\/#\\\/schema\\\/logo\\\/image\\\/\",\"url\":\"https:\\\/\\\/idcolor.ee\\\/wp-content\\\/uploads\\\/2022\\\/01\\\/IDColor_Logo_1000.png\",\"contentUrl\":\"https:\\\/\\\/idcolor.ee\\\/wp-content\\\/uploads\\\/2022\\\/01\\\/IDColor_Logo_1000.png\",\"width\":1001,\"height\":354,\"caption\":\"iD Color O\u00dc\"},\"image\":{\"@id\":\"https:\\\/\\\/idcolor.ee\\\/et\\\/#\\\/schema\\\/logo\\\/image\\\/\"}}]}<\/script>\n<!-- \/ Yoast SEO plugin. -->","yoast_head_json":{"title":"#MyControl keskmise tugevusega juukselakk - iD Color","description":"\u00dclipeenelt pihustuv lakk hoiab h\u00e4sti soengu vormi. Kiiresti kuivav koostis.","robots":{"index":"index","follow":"follow","max-snippet":"max-snippet:-1","max-image-preview":"max-image-preview:large","max-video-preview":"max-video-preview:-1"},"canonical":"https:\/\/idcolor.ee\/et\/toode\/mycontrol-keskmise-tugevusega-juukselakk\/","og_locale":"et_EE","og_type":"article","og_title":"#MyControl keskmise tugevusega juukselakk - iD Color","og_description":"\u00dclipeenelt pihustuv lakk hoiab h\u00e4sti soengu vormi. Kiiresti kuivav koostis.","og_url":"https:\/\/idcolor.ee\/et\/toode\/mycontrol-keskmise-tugevusega-juukselakk\/","og_site_name":"iD Color","article_modified_time":"2025-02-12T11:53:22+00:00","og_image":[{"width":1080,"height":1080,"url":"https:\/\/idcolor.ee\/wp-content\/uploads\/2022\/01\/MyControl_Spray.jpg","type":"image\/jpeg"}],"twitter_card":"summary_large_image","twitter_misc":{"Est. reading time":"2 minutit"},"schema":{"@context":"https:\/\/schema.org","@graph":[{"@type":"WebPage","@id":"https:\/\/idcolor.ee\/et\/toode\/mycontrol-keskmise-tugevusega-juukselakk\/","url":"https:\/\/idcolor.ee\/et\/toode\/mycontrol-keskmise-tugevusega-juukselakk\/","name":"#MyControl keskmise tugevusega juukselakk - iD Color","isPartOf":{"@id":"https:\/\/idcolor.ee\/et\/#website"},"primaryImageOfPage":{"@id":"https:\/\/idcolor.ee\/et\/toode\/mycontrol-keskmise-tugevusega-juukselakk\/#primaryimage"},"image":{"@id":"https:\/\/idcolor.ee\/et\/toode\/mycontrol-keskmise-tugevusega-juukselakk\/#primaryimage"},"thumbnailUrl":"https:\/\/idcolor.ee\/wp-content\/uploads\/2022\/01\/MyControl_Spray.jpg","datePublished":"2022-01-07T14:26:01+00:00","dateModified":"2025-02-12T11:53:22+00:00","description":"\u00dclipeenelt pihustuv lakk hoiab h\u00e4sti soengu vormi. Kiiresti kuivav koostis.","breadcrumb":{"@id":"https:\/\/idcolor.ee\/et\/toode\/mycontrol-keskmise-tugevusega-juukselakk\/#breadcrumb"},"inLanguage":"et","potentialAction":[{"@type":"ReadAction","target":["https:\/\/idcolor.ee\/et\/toode\/mycontrol-keskmise-tugevusega-juukselakk\/"]}]},{"@type":"ImageObject","inLanguage":"et","@id":"https:\/\/idcolor.ee\/et\/toode\/mycontrol-keskmise-tugevusega-juukselakk\/#primaryimage","url":"https:\/\/idcolor.ee\/wp-content\/uploads\/2022\/01\/MyControl_Spray.jpg","contentUrl":"https:\/\/idcolor.ee\/wp-content\/uploads\/2022\/01\/MyControl_Spray.jpg","width":1080,"height":1080},{"@type":"BreadcrumbList","@id":"https:\/\/idcolor.ee\/et\/toode\/mycontrol-keskmise-tugevusega-juukselakk\/#breadcrumb","itemListElement":[{"@type":"ListItem","position":1,"name":"Home","item":"https:\/\/idcolor.ee\/et\/avaleht\/"},{"@type":"ListItem","position":2,"name":"Pood","item":"https:\/\/idcolor.ee\/et\/shop-2\/"},{"@type":"ListItem","position":3,"name":"#MyControl keskmise tugevusega juukselakk"}]},{"@type":"WebSite","@id":"https:\/\/idcolor.ee\/et\/#website","url":"https:\/\/idcolor.ee\/et\/","name":"iD Color","description":"Hair care products","publisher":{"@id":"https:\/\/idcolor.ee\/et\/#organization"},"potentialAction":[{"@type":"SearchAction","target":{"@type":"EntryPoint","urlTemplate":"https:\/\/idcolor.ee\/et\/?s={search_term_string}"},"query-input":{"@type":"PropertyValueSpecification","valueRequired":true,"valueName":"search_term_string"}}],"inLanguage":"et"},{"@type":"Organization","@id":"https:\/\/idcolor.ee\/et\/#organization","name":"iD Color O\u00dc","url":"https:\/\/idcolor.ee\/et\/","logo":{"@type":"ImageObject","inLanguage":"et","@id":"https:\/\/idcolor.ee\/et\/#\/schema\/logo\/image\/","url":"https:\/\/idcolor.ee\/wp-content\/uploads\/2022\/01\/IDColor_Logo_1000.png","contentUrl":"https:\/\/idcolor.ee\/wp-content\/uploads\/2022\/01\/IDColor_Logo_1000.png","width":1001,"height":354,"caption":"iD Color O\u00dc"},"image":{"@id":"https:\/\/idcolor.ee\/et\/#\/schema\/logo\/image\/"}}]}},"_links":{"self":[{"href":"https:\/\/idcolor.ee\/et\/wp-json\/wp\/v2\/product\/5188","targetHints":{"allow":["GET"]}}],"collection":[{"href":"https:\/\/idcolor.ee\/et\/wp-json\/wp\/v2\/product"}],"about":[{"href":"https:\/\/idcolor.ee\/et\/wp-json\/wp\/v2\/types\/product"}],"wp:featuredmedia":[{"embeddable":true,"href":"https:\/\/idcolor.ee\/et\/wp-json\/wp\/v2\/media\/4721"}],"wp:attachment":[{"href":"https:\/\/idcolor.ee\/et\/wp-json\/wp\/v2\/media?parent=5188"}],"wp:term":[{"taxonomy":"product_brand","embeddable":true,"href":"https:\/\/idcolor.ee\/et\/wp-json\/wp\/v2\/product_brand?post=5188"},{"taxonomy":"product_cat","embeddable":true,"href":"https:\/\/idcolor.ee\/et\/wp-json\/wp\/v2\/product_cat?post=5188"},{"taxonomy":"product_tag","embeddable":true,"href":"https:\/\/idcolor.ee\/et\/wp-json\/wp\/v2\/product_tag?post=5188"}],"curies":[{"name":"wp","href":"https:\/\/api.w.org\/{rel}","templated":true}]}}