{"id":5190,"date":"2022-01-07T17:56:13","date_gmt":"2022-01-07T15:56:13","guid":{"rendered":"https:\/\/idcolor.ee\/product\/mystardust-intensiivse-laikega-juukselakk\/"},"modified":"2026-01-23T13:49:01","modified_gmt":"2026-01-23T11:49:01","slug":"mystardust-intensiivse-laikega-juukselakk","status":"publish","type":"product","link":"https:\/\/idcolor.ee\/et\/toode\/mystardust-intensiivse-laikega-juukselakk\/","title":{"rendered":"#MyStardust intensiivne l\u00e4ike-sprei"},"content":{"rendered":"<div class=\"wpb-content-wrapper\"><p>[vc_row][vc_column][vc_row_inner][vc_column_inner width=&#8221;1\/4&#8243; css=&#8221;.vc_custom_1643100113825{padding-right: 20% !important;}&#8221; offset=&#8221;vc_hidden-sm vc_hidden-xs&#8221;][vc_single_image image=&#8221;4769&#8243; img_size=&#8221;full&#8221;][vc_empty_space height=&#8221;20px&#8221;][\/vc_column_inner][vc_column_inner width=&#8221;3\/4&#8243; offset=&#8221;vc_hidden-lg vc_hidden-md&#8221; css=&#8221;.vc_custom_1643102057386{padding-right: 50% !important;}&#8221;][vc_single_image image=&#8221;4769&#8243; img_size=&#8221;full&#8221;][vc_empty_space height=&#8221;20px&#8221;][\/vc_column_inner][\/vc_row_inner]<div class=\"nasa-title clearfix nasa-t hr-type-none\"><h4 class=\"nasa-heading-title\"><span class=\"nasa-title-wrap\"><span style=\"color: #5a2169;\">#MyStardust Intense Shine Spray | 162 ml<\/span><\/span><\/h4><p class=\"nasa-title-desc\" style=\"color: #5a2169;\">KERGE, \u00dcLIPEENELT PIHUSTUV L\u00c4IKE-SPREI<\/p><\/div>[vc_empty_space height=&#8221;20px&#8221;][vc_separator][vc_empty_space height=&#8221;20px&#8221;][vc_column_text]<strong>Tootekirjeldus<\/strong><\/p>\n<p>\u2022 <strong>kerge, \u00fclipeenelt pihustuv l\u00e4ike-sprei<\/strong> annab lokkidele pehme kohevuse ja <strong>tugeva l\u00e4ike<\/strong><br \/>\n\u2022 koostises sisalduv <strong>arbuusi ekstrakt<\/strong> annab soengule <strong>tugeva l\u00e4ike<\/strong><br \/>\n\u2022 <strong>v\u00e4hendab juuste kr\u00e4su ja turritamist<\/strong> ilma et soeng kaotaks kohevust<br \/>\n\u2022 <strong>lisab juustele niiskust<\/strong> parandades juuste hoiet ja pehmust<br \/>\n\u2022 FANTASTILISE KIRSI\u00d5IE AROOMIGA![\/vc_column_text][vc_empty_space height=&#8221;25px&#8221;][vc_column_text css=&#8221;.vc_custom_1641571129619{border-top-width: 1px !important;border-right-width: 1px !important;border-bottom-width: 1px !important;border-left-width: 1px !important;padding-top: 10px !important;padding-right: 10px !important;padding-bottom: 10px !important;padding-left: 10px !important;background-color: rgba(90,33,105,0.1) !important;*background-color: rgb(90,33,105) !important;border-left-color: #5a2169 !important;border-left-style: solid !important;border-right-color: #5a2169 !important;border-right-style: solid !important;border-top-color: #5a2169 !important;border-top-style: solid !important;border-bottom-color: #5a2169 !important;border-bottom-style: solid !important;border-radius: 1px !important;}&#8221;]<span style=\"color: #5a2169;\"><strong>#Guy Tang Tip:<\/strong> peale soengule kohevuse andmist meeldib mulle seda lainetena juustesse pihustada lisamaks fantastilist l\u00e4iget.<\/span>[\/vc_column_text][vc_empty_space height=&#8221;35px&#8221;][vc_column_text]<strong>Kasutamine:<\/strong><\/p>\n<p>Pihustada juustele \u00fchtlaselt 20 cm kauguselt.[\/vc_column_text][vc_empty_space height=&#8221;25px&#8221;][vc_separator][vc_empty_space height=&#8221;20px&#8221;][vc_column_text]<strong>Ohutusn\u00f5uded<\/strong><\/p>\n<p>ETTEVAATUST: TULEOHTLIK. Sisu on r\u00f5hu all. \u00c4ra torgi ega p\u00f5leta pakendit, \u00e4ra hoia temperatuuril \u00fcle 50\u00b0C. Mitte kasutada lahtise tule v\u00f5i s\u00e4demete l\u00e4heduses. Hoida lastele k\u00e4ttesaamatus kohas. Kui nahale v\u00f5i peanahale tekib \u00e4rritus, l\u00f5peta kasutamine ja konsulteeri arstiga. Silma sattumisel loputa v\u00e4hemalt 15 minutit. Kui vaevus kestab, konsulteeri arstiga.[\/vc_column_text][vc_empty_space height=&#8221;25px&#8221;][vc_separator][vc_empty_space height=&#8221;15px&#8221;]<div class=\"nasa-title clearfix nasa-t hr-type-none\"><h4 class=\"nasa-heading-title\"><span class=\"nasa-title-wrap\"><span style=\"color: #5a2169;\">Juuksur soovitab<\/span><\/span><\/h4><\/div>            <div class=\"nasa-sc products woocommerce\">\r\n                <div class=\"row nasa-row-child-clear-none mobile-padding-left-5 mobile-padding-right-5\"><div class=\"product-warp-item columns large-3 medium-4 small-6 nasa-modern-6\">\r\n<div class=\"product type-product post-5188 status-publish first instock product_cat-mydentity-et product_cat-viimistlus has-post-thumbnail taxable shipping-taxable purchasable product-type-simple product-item grid\">\r\n\r\n    \r\n    <div class=\"product-img-wrap\">\r\n        <div class=\"nasa-sc-pdeal-countdown hidden-tag\"><\/div><div class=\"nasa-product-grid nasa-group-btns nasa-btns-product-item\"><a href=\"\/et\/wp-json\/wp\/v2\/product\/5190?add-to-cart=5188\" aria-describedby=\"woocommerce_loop_add_to_cart_link_describedby_5188\" data-quantity=\"1\" class=\"button product_type_simple add_to_cart_button ajax_add_to_cart add-to-cart-grid btn-link nasa-tip\" data-product_id=\"5188\" data-product_sku=\"014926411215\" aria-label=\"Add to cart: &ldquo;#MyControl keskmise tugevusega juukselakk&rdquo;\" rel=\"nofollow\" data-success_message=\"&ldquo;#MyControl keskmise tugevusega juukselakk&rdquo; has been added to your cart\" title=\"Lisa korvi\" role=\"button\"><span class=\"add_to_cart_text\">Lisa korvi<\/span><span class=\"nasa-icon cart-icon nasa-flex jc\"><svg width=\"20\" height=\"20\" viewBox=\"0 0 32 32\" fill=\"currentColor\"><path d=\"M3.205 3.205v25.59h25.59v-25.59h-25.59zM27.729 27.729h-23.457v-23.457h23.457v23.457z\" \/><path d=\"M9.068 13.334c0 3.828 3.104 6.931 6.931 6.931s6.93-3.102 6.93-6.931v-3.732h1.067v-1.066h-3.199v1.066h1.065v3.732c0 3.234-2.631 5.864-5.864 5.864-3.234 0-5.865-2.631-5.865-5.864v-3.732h1.067v-1.066h-3.199v1.066h1.065v3.732z\"\/><\/svg><\/span><\/a>\r\n            <a href=\"javascript:void(0);\" class=\"btn-wishlist btn-link wishlist-icon btn-nasa-wishlist nasa-tip nasa-tip-left\" data-prod=\"5188\" data-prod_type=\"simple\" data-icon-text=\"Add to Wishlist\" data-added=\"Added to Wishlist\" title=\"Soovikorv\" rel=\"nofollow\">\r\n                <svg class=\"nasa-icon ns-stroke\" width=\"20\" height=\"20\" viewBox=\"0 0 32 32\">\r\n                <path d=\"M21.886 5.115c3.521 0 6.376 2.855 6.376 6.376 0 1.809-0.754 3.439-1.964 4.6l-10.297 10.349-10.484-10.536c-1.1-1.146-1.778-2.699-1.778-4.413 0-3.522 2.855-6.376 6.376-6.376 2.652 0 4.925 1.62 5.886 3.924 0.961-2.304 3.234-3.924 5.886-3.924zM21.886 4.049c-2.345 0-4.499 1.089-5.886 2.884-1.386-1.795-3.54-2.884-5.886-2.884-4.104 0-7.442 3.339-7.442 7.442 0 1.928 0.737 3.758 2.075 5.152l11.253 11.309 11.053-11.108c1.46-1.402 2.275-3.308 2.275-5.352 0-4.104-3.339-7.442-7.442-7.442v0z\" fill=\"currentColor\" \/>\r\n            <\/svg>                <svg  class=\"nasa-icon ns-filled\" width=\"20\" height=\"20\" viewBox=\"0 0 28 32\">\r\n                <path d=\"M19.886 4.049c-2.345 0-4.499 1.089-5.886 2.884-1.386-1.795-3.54-2.884-5.886-2.884-4.104 0-7.442 3.339-7.442 7.442 0 1.928 0.737 3.758 2.075 5.152l11.253 11.309 11.053-11.108c1.46-1.402 2.275-3.308 2.275-5.352 0-4.104-3.339-7.442-7.442-7.442z\" fill=\"currentColor\" \/>\r\n            <\/svg>            <\/a>\r\n\r\n            <a href=\"javascript:void(0);\" class=\"quick-view btn-link quick-view-icon nasa-tip nasa-tip-left\" data-prod=\"5188\" data-icon-text=\"Kiirvaade\" title=\"Kiirvaade\" data-product_type=\"simple\" data-href=\"https:\/\/idcolor.ee\/et\/toode\/mycontrol-keskmise-tugevusega-juukselakk\/\" rel=\"nofollow\"><svg  class=\"nasa-icon\" width=\"20\" height=\"36\" viewBox=\"0 0 32 32\" fill=\"currentColor\"><path d=\"M16 6.404c-5.847 0-10.404 3.66-15.994 9.593 4.816 5.073 8.857 9.6 15.994 9.6s12.382-5.73 15.994-9.492c-3.697-4.407-8.943-9.7-15.994-9.7zM16 24.53c-6.336 0-10.16-3.929-14.524-8.532 5.192-5.414 9.32-8.527 14.524-8.527 6.161 0 10.975 4.443 14.558 8.591-3.523 3.674-8.293 8.469-14.558 8.469z\" \/><path d=\"M16 9.603c-3.528 0-6.398 2.87-6.398 6.397s2.87 6.397 6.398 6.397 6.398-2.87 6.398-6.397-2.87-6.397-6.398-6.397zM16 21.331c-2.939 0-5.331-2.391-5.331-5.331s2.392-5.331 5.331-5.331 5.331 2.391 5.331 5.331c0 2.939-2.392 5.331-5.331 5.331z\" \/><path d=\"M16 12.268c-2.058 0-3.732 1.674-3.732 3.732s1.674 3.732 3.732 3.732c2.058 0 3.732-1.674 3.732-3.732s-1.674-3.732-3.732-3.732zM16 18.666c-1.47 0-2.666-1.196-2.666-2.666s1.196-2.666 2.666-2.666 2.666 1.196 2.666 2.666c0 1.47-1.196 2.666-2.666 2.666z\" \/><\/svg><\/a><\/div>\r\n\r\n<a class=\"product-img nasa-no-effect\" href=\"https:\/\/idcolor.ee\/et\/toode\/mycontrol-keskmise-tugevusega-juukselakk\/\" title=\"#MyControl keskmise tugevusega juukselakk\">\r\n    <div class=\"main-img\">\r\n        <img loading=\"lazy\" decoding=\"async\" width=\"450\" height=\"450\" src=\"https:\/\/idcolor.ee\/wp-content\/uploads\/2022\/01\/MyControl_Spray-450x450.jpg\" class=\"attachment-woocommerce_thumbnail size-woocommerce_thumbnail\" alt=\"#MyControl keskmise tugevusega juukselakk\" srcset=\"https:\/\/idcolor.ee\/wp-content\/uploads\/2022\/01\/MyControl_Spray-450x450.jpg 450w, https:\/\/idcolor.ee\/wp-content\/uploads\/2022\/01\/MyControl_Spray-300x300.jpg 300w, https:\/\/idcolor.ee\/wp-content\/uploads\/2022\/01\/MyControl_Spray-595x595.jpg 595w, https:\/\/idcolor.ee\/wp-content\/uploads\/2022\/01\/MyControl_Spray-150x150.jpg 150w, https:\/\/idcolor.ee\/wp-content\/uploads\/2022\/01\/MyControl_Spray-768x768.jpg 768w, https:\/\/idcolor.ee\/wp-content\/uploads\/2022\/01\/MyControl_Spray-380x380.jpg 380w, https:\/\/idcolor.ee\/wp-content\/uploads\/2022\/01\/MyControl_Spray-100x100.jpg 100w, https:\/\/idcolor.ee\/wp-content\/uploads\/2022\/01\/MyControl_Spray.jpg 1080w\" sizes=\"auto, (max-width: 450px) 100vw, 450px\" \/>    <\/div>\r\n\r\n    <\/a>\r\n    <\/div>\r\n\r\n    <div class=\"product-info-wrap info\">\r\n        \r\n        <a class=\"name nasa-bold woocommerce-loop-product__title\" href=\"https:\/\/idcolor.ee\/et\/toode\/mycontrol-keskmise-tugevusega-juukselakk\/\" title=\"#MyControl keskmise tugevusega juukselakk\">\r\n            #MyControl keskmise tugevusega juukselakk        <\/a>\r\n                \n\t<span class=\"price\"><span class=\"woocommerce-Price-amount amount\"><bdi>24,00&nbsp;<span class=\"woocommerce-Price-currencySymbol\">&euro;<\/span><\/bdi><\/span><\/span>\n    <\/div>\r\n\r\n    \r\n<\/div>\r\n\r\n<\/div><\/div>            <\/div>\r\n            [\/vc_column][\/vc_row]<\/p>\n<\/div>","protected":false},"excerpt":{"rendered":"<h5><strong>162 ml<\/strong><\/h5>\n<p>Kerge, \u00fclipeenelt pihustuv l\u00e4ike-sprei annab lokkidele pehme kohevuse ja tugeva l\u00e4ike. V\u00e4hendab juuste kr\u00e4su ja turritamist ilma et soeng kaotaks kohevust.<\/p>\n","protected":false},"featured_media":4741,"template":"","meta":[],"product_brand":[],"product_cat":[233,238],"product_tag":[],"class_list":{"0":"post-5190","1":"product","2":"type-product","3":"status-publish","4":"has-post-thumbnail","6":"product_cat-mydentity-et","7":"product_cat-viimistlus","9":"","10":"instock","11":"taxable","12":"shipping-taxable","13":"purchasable","14":"product-type-simple"},"yoast_head":"<!-- This site is optimized with the Yoast SEO plugin v27.4 - https:\/\/yoast.com\/product\/yoast-seo-wordpress\/ -->\n<title>MyDentity #MyStardust intensiivne l\u00e4ike-sprei - iD Color<\/title>\n<meta name=\"description\" content=\"Kerge, \u00fclipeenelt pihustuv l\u00e4ike-sprei annab lokkidele pehme kohevuse ja tugeva l\u00e4ike. V\u00e4hendab juuste kr\u00e4su ja turritamist.\" \/>\n<meta name=\"robots\" content=\"index, follow, max-snippet:-1, max-image-preview:large, max-video-preview:-1\" \/>\n<link rel=\"canonical\" href=\"https:\/\/idcolor.ee\/et\/toode\/mystardust-intensiivse-laikega-juukselakk\/\" \/>\n<meta property=\"og:locale\" content=\"et_EE\" \/>\n<meta property=\"og:type\" content=\"article\" \/>\n<meta property=\"og:title\" content=\"MyDentity #MyStardust intensiivne l\u00e4ike-sprei - iD Color\" \/>\n<meta property=\"og:description\" content=\"Kerge, \u00fclipeenelt pihustuv l\u00e4ike-sprei annab lokkidele pehme kohevuse ja tugeva l\u00e4ike. V\u00e4hendab juuste kr\u00e4su ja turritamist.\" \/>\n<meta property=\"og:url\" content=\"https:\/\/idcolor.ee\/et\/toode\/mystardust-intensiivse-laikega-juukselakk\/\" \/>\n<meta property=\"og:site_name\" content=\"iD Color\" \/>\n<meta property=\"article:modified_time\" content=\"2026-01-23T11:49:01+00:00\" \/>\n<meta property=\"og:image\" content=\"https:\/\/idcolor.ee\/wp-content\/uploads\/2022\/01\/MyStardust_Spray.jpg\" \/>\n\t<meta property=\"og:image:width\" content=\"1080\" \/>\n\t<meta property=\"og:image:height\" content=\"1080\" \/>\n\t<meta property=\"og:image:type\" content=\"image\/jpeg\" \/>\n<meta name=\"twitter:card\" content=\"summary_large_image\" \/>\n<meta name=\"twitter:label1\" content=\"Est. reading time\" \/>\n\t<meta name=\"twitter:data1\" content=\"2 minutit\" \/>\n<script type=\"application\/ld+json\" class=\"yoast-schema-graph\">{\"@context\":\"https:\\\/\\\/schema.org\",\"@graph\":[{\"@type\":\"WebPage\",\"@id\":\"https:\\\/\\\/idcolor.ee\\\/et\\\/toode\\\/mystardust-intensiivse-laikega-juukselakk\\\/\",\"url\":\"https:\\\/\\\/idcolor.ee\\\/et\\\/toode\\\/mystardust-intensiivse-laikega-juukselakk\\\/\",\"name\":\"MyDentity #MyStardust intensiivne l\u00e4ike-sprei - iD Color\",\"isPartOf\":{\"@id\":\"https:\\\/\\\/idcolor.ee\\\/et\\\/#website\"},\"primaryImageOfPage\":{\"@id\":\"https:\\\/\\\/idcolor.ee\\\/et\\\/toode\\\/mystardust-intensiivse-laikega-juukselakk\\\/#primaryimage\"},\"image\":{\"@id\":\"https:\\\/\\\/idcolor.ee\\\/et\\\/toode\\\/mystardust-intensiivse-laikega-juukselakk\\\/#primaryimage\"},\"thumbnailUrl\":\"https:\\\/\\\/idcolor.ee\\\/wp-content\\\/uploads\\\/2022\\\/01\\\/MyStardust_Spray.jpg\",\"datePublished\":\"2022-01-07T15:56:13+00:00\",\"dateModified\":\"2026-01-23T11:49:01+00:00\",\"description\":\"Kerge, \u00fclipeenelt pihustuv l\u00e4ike-sprei annab lokkidele pehme kohevuse ja tugeva l\u00e4ike. V\u00e4hendab juuste kr\u00e4su ja turritamist.\",\"breadcrumb\":{\"@id\":\"https:\\\/\\\/idcolor.ee\\\/et\\\/toode\\\/mystardust-intensiivse-laikega-juukselakk\\\/#breadcrumb\"},\"inLanguage\":\"et\",\"potentialAction\":[{\"@type\":\"ReadAction\",\"target\":[\"https:\\\/\\\/idcolor.ee\\\/et\\\/toode\\\/mystardust-intensiivse-laikega-juukselakk\\\/\"]}]},{\"@type\":\"ImageObject\",\"inLanguage\":\"et\",\"@id\":\"https:\\\/\\\/idcolor.ee\\\/et\\\/toode\\\/mystardust-intensiivse-laikega-juukselakk\\\/#primaryimage\",\"url\":\"https:\\\/\\\/idcolor.ee\\\/wp-content\\\/uploads\\\/2022\\\/01\\\/MyStardust_Spray.jpg\",\"contentUrl\":\"https:\\\/\\\/idcolor.ee\\\/wp-content\\\/uploads\\\/2022\\\/01\\\/MyStardust_Spray.jpg\",\"width\":1080,\"height\":1080},{\"@type\":\"BreadcrumbList\",\"@id\":\"https:\\\/\\\/idcolor.ee\\\/et\\\/toode\\\/mystardust-intensiivse-laikega-juukselakk\\\/#breadcrumb\",\"itemListElement\":[{\"@type\":\"ListItem\",\"position\":1,\"name\":\"Home\",\"item\":\"https:\\\/\\\/idcolor.ee\\\/et\\\/avaleht\\\/\"},{\"@type\":\"ListItem\",\"position\":2,\"name\":\"Pood\",\"item\":\"https:\\\/\\\/idcolor.ee\\\/et\\\/shop-2\\\/\"},{\"@type\":\"ListItem\",\"position\":3,\"name\":\"#MyStardust intensiivne l\u00e4ike-sprei\"}]},{\"@type\":\"WebSite\",\"@id\":\"https:\\\/\\\/idcolor.ee\\\/et\\\/#website\",\"url\":\"https:\\\/\\\/idcolor.ee\\\/et\\\/\",\"name\":\"iD Color\",\"description\":\"Hair care products\",\"publisher\":{\"@id\":\"https:\\\/\\\/idcolor.ee\\\/et\\\/#organization\"},\"potentialAction\":[{\"@type\":\"SearchAction\",\"target\":{\"@type\":\"EntryPoint\",\"urlTemplate\":\"https:\\\/\\\/idcolor.ee\\\/et\\\/?s={search_term_string}\"},\"query-input\":{\"@type\":\"PropertyValueSpecification\",\"valueRequired\":true,\"valueName\":\"search_term_string\"}}],\"inLanguage\":\"et\"},{\"@type\":\"Organization\",\"@id\":\"https:\\\/\\\/idcolor.ee\\\/et\\\/#organization\",\"name\":\"iD Color O\u00dc\",\"url\":\"https:\\\/\\\/idcolor.ee\\\/et\\\/\",\"logo\":{\"@type\":\"ImageObject\",\"inLanguage\":\"et\",\"@id\":\"https:\\\/\\\/idcolor.ee\\\/et\\\/#\\\/schema\\\/logo\\\/image\\\/\",\"url\":\"https:\\\/\\\/idcolor.ee\\\/wp-content\\\/uploads\\\/2022\\\/01\\\/IDColor_Logo_1000.png\",\"contentUrl\":\"https:\\\/\\\/idcolor.ee\\\/wp-content\\\/uploads\\\/2022\\\/01\\\/IDColor_Logo_1000.png\",\"width\":1001,\"height\":354,\"caption\":\"iD Color O\u00dc\"},\"image\":{\"@id\":\"https:\\\/\\\/idcolor.ee\\\/et\\\/#\\\/schema\\\/logo\\\/image\\\/\"}}]}<\/script>\n<!-- \/ Yoast SEO plugin. -->","yoast_head_json":{"title":"MyDentity #MyStardust intensiivne l\u00e4ike-sprei - iD Color","description":"Kerge, \u00fclipeenelt pihustuv l\u00e4ike-sprei annab lokkidele pehme kohevuse ja tugeva l\u00e4ike. V\u00e4hendab juuste kr\u00e4su ja turritamist.","robots":{"index":"index","follow":"follow","max-snippet":"max-snippet:-1","max-image-preview":"max-image-preview:large","max-video-preview":"max-video-preview:-1"},"canonical":"https:\/\/idcolor.ee\/et\/toode\/mystardust-intensiivse-laikega-juukselakk\/","og_locale":"et_EE","og_type":"article","og_title":"MyDentity #MyStardust intensiivne l\u00e4ike-sprei - iD Color","og_description":"Kerge, \u00fclipeenelt pihustuv l\u00e4ike-sprei annab lokkidele pehme kohevuse ja tugeva l\u00e4ike. V\u00e4hendab juuste kr\u00e4su ja turritamist.","og_url":"https:\/\/idcolor.ee\/et\/toode\/mystardust-intensiivse-laikega-juukselakk\/","og_site_name":"iD Color","article_modified_time":"2026-01-23T11:49:01+00:00","og_image":[{"width":1080,"height":1080,"url":"https:\/\/idcolor.ee\/wp-content\/uploads\/2022\/01\/MyStardust_Spray.jpg","type":"image\/jpeg"}],"twitter_card":"summary_large_image","twitter_misc":{"Est. reading time":"2 minutit"},"schema":{"@context":"https:\/\/schema.org","@graph":[{"@type":"WebPage","@id":"https:\/\/idcolor.ee\/et\/toode\/mystardust-intensiivse-laikega-juukselakk\/","url":"https:\/\/idcolor.ee\/et\/toode\/mystardust-intensiivse-laikega-juukselakk\/","name":"MyDentity #MyStardust intensiivne l\u00e4ike-sprei - iD Color","isPartOf":{"@id":"https:\/\/idcolor.ee\/et\/#website"},"primaryImageOfPage":{"@id":"https:\/\/idcolor.ee\/et\/toode\/mystardust-intensiivse-laikega-juukselakk\/#primaryimage"},"image":{"@id":"https:\/\/idcolor.ee\/et\/toode\/mystardust-intensiivse-laikega-juukselakk\/#primaryimage"},"thumbnailUrl":"https:\/\/idcolor.ee\/wp-content\/uploads\/2022\/01\/MyStardust_Spray.jpg","datePublished":"2022-01-07T15:56:13+00:00","dateModified":"2026-01-23T11:49:01+00:00","description":"Kerge, \u00fclipeenelt pihustuv l\u00e4ike-sprei annab lokkidele pehme kohevuse ja tugeva l\u00e4ike. V\u00e4hendab juuste kr\u00e4su ja turritamist.","breadcrumb":{"@id":"https:\/\/idcolor.ee\/et\/toode\/mystardust-intensiivse-laikega-juukselakk\/#breadcrumb"},"inLanguage":"et","potentialAction":[{"@type":"ReadAction","target":["https:\/\/idcolor.ee\/et\/toode\/mystardust-intensiivse-laikega-juukselakk\/"]}]},{"@type":"ImageObject","inLanguage":"et","@id":"https:\/\/idcolor.ee\/et\/toode\/mystardust-intensiivse-laikega-juukselakk\/#primaryimage","url":"https:\/\/idcolor.ee\/wp-content\/uploads\/2022\/01\/MyStardust_Spray.jpg","contentUrl":"https:\/\/idcolor.ee\/wp-content\/uploads\/2022\/01\/MyStardust_Spray.jpg","width":1080,"height":1080},{"@type":"BreadcrumbList","@id":"https:\/\/idcolor.ee\/et\/toode\/mystardust-intensiivse-laikega-juukselakk\/#breadcrumb","itemListElement":[{"@type":"ListItem","position":1,"name":"Home","item":"https:\/\/idcolor.ee\/et\/avaleht\/"},{"@type":"ListItem","position":2,"name":"Pood","item":"https:\/\/idcolor.ee\/et\/shop-2\/"},{"@type":"ListItem","position":3,"name":"#MyStardust intensiivne l\u00e4ike-sprei"}]},{"@type":"WebSite","@id":"https:\/\/idcolor.ee\/et\/#website","url":"https:\/\/idcolor.ee\/et\/","name":"iD Color","description":"Hair care products","publisher":{"@id":"https:\/\/idcolor.ee\/et\/#organization"},"potentialAction":[{"@type":"SearchAction","target":{"@type":"EntryPoint","urlTemplate":"https:\/\/idcolor.ee\/et\/?s={search_term_string}"},"query-input":{"@type":"PropertyValueSpecification","valueRequired":true,"valueName":"search_term_string"}}],"inLanguage":"et"},{"@type":"Organization","@id":"https:\/\/idcolor.ee\/et\/#organization","name":"iD Color O\u00dc","url":"https:\/\/idcolor.ee\/et\/","logo":{"@type":"ImageObject","inLanguage":"et","@id":"https:\/\/idcolor.ee\/et\/#\/schema\/logo\/image\/","url":"https:\/\/idcolor.ee\/wp-content\/uploads\/2022\/01\/IDColor_Logo_1000.png","contentUrl":"https:\/\/idcolor.ee\/wp-content\/uploads\/2022\/01\/IDColor_Logo_1000.png","width":1001,"height":354,"caption":"iD Color O\u00dc"},"image":{"@id":"https:\/\/idcolor.ee\/et\/#\/schema\/logo\/image\/"}}]}},"_links":{"self":[{"href":"https:\/\/idcolor.ee\/et\/wp-json\/wp\/v2\/product\/5190","targetHints":{"allow":["GET"]}}],"collection":[{"href":"https:\/\/idcolor.ee\/et\/wp-json\/wp\/v2\/product"}],"about":[{"href":"https:\/\/idcolor.ee\/et\/wp-json\/wp\/v2\/types\/product"}],"wp:featuredmedia":[{"embeddable":true,"href":"https:\/\/idcolor.ee\/et\/wp-json\/wp\/v2\/media\/4741"}],"wp:attachment":[{"href":"https:\/\/idcolor.ee\/et\/wp-json\/wp\/v2\/media?parent=5190"}],"wp:term":[{"taxonomy":"product_brand","embeddable":true,"href":"https:\/\/idcolor.ee\/et\/wp-json\/wp\/v2\/product_brand?post=5190"},{"taxonomy":"product_cat","embeddable":true,"href":"https:\/\/idcolor.ee\/et\/wp-json\/wp\/v2\/product_cat?post=5190"},{"taxonomy":"product_tag","embeddable":true,"href":"https:\/\/idcolor.ee\/et\/wp-json\/wp\/v2\/product_tag?post=5190"}],"curies":[{"name":"wp","href":"https:\/\/api.w.org\/{rel}","templated":true}]}}