{"id":5975,"date":"2023-04-23T13:10:22","date_gmt":"2023-04-23T10:10:22","guid":{"rendered":"https:\/\/idcolor.ee\/product\/k18-molekulaaarne-juukseid-parandav-oli\/"},"modified":"2026-03-03T19:23:30","modified_gmt":"2026-03-03T17:23:30","slug":"k18-molekulaaarne-juukseid-parandav-oli","status":"publish","type":"product","link":"https:\/\/idcolor.ee\/et\/toode\/k18-molekulaaarne-juukseid-parandav-oli\/","title":{"rendered":"K18 molekulaaarne juukseid parandav \u00f5li"},"content":{"rendered":"<div class=\"wpb-content-wrapper\"><p>[vc_row][vc_column][vc_row_inner][vc_column_inner width=&#8221;1\/4&#8243; offset=&#8221;vc_hidden-sm vc_hidden-xs&#8221; css=&#8221;.vc_custom_1643102572855{padding-right: 40% !important;}&#8221;][vc_single_image image=&#8221;4765&#8243; img_size=&#8221;full&#8221;][vc_empty_space height=&#8221;20px&#8221;][\/vc_column_inner][vc_column_inner width=&#8221;3\/4&#8243; css=&#8221;.vc_custom_1643102537405{padding-right: 70% !important;}&#8221; offset=&#8221;vc_hidden-lg vc_hidden-md&#8221;][vc_single_image image=&#8221;4765&#8243; img_size=&#8221;full&#8221;][vc_empty_space height=&#8221;20px&#8221;][\/vc_column_inner][\/vc_row_inner]<div class=\"nasa-title clearfix nasa-t hr-type-none\"><h4 class=\"nasa-heading-title\"><span class=\"nasa-title-wrap\"><span style=\"color: #000000;\">K18 molekulaaarne juukseid parandav \u00f5li | 30 ml<\/span><\/span><\/h4><p class=\"nasa-title-desc\" style=\"color: #000000;\">SISALDAB PATENTEERITUD K18 PEPTIIDI<\/p><\/div>[vc_empty_space height=&#8221;20px&#8221;][vc_separator][vc_empty_space height=&#8221;10px&#8221;][vc_column_text]<strong>\u00dctle ei kahustele juustele! Uus molekulaarsel tasandil toimiv juukse\u00f5li SILUB ja PARANDAB kahjustatud juuksed. <\/strong><\/p>\n<p>Kerge silikoonivaba \u00f5li p\u00f6\u00f6rab tagasi s\u00e4bru ja kahu p\u00f5hjustavad kahjustused, silub ja v\u00e4hendab juuste lendlemist, lisab l\u00e4iget ning parandab l\u00f5henenud juukseotsi.<\/p>\n<p>V\u00e4ga kontsentreeritud koostis , sobib k\u00f5ikidele juukset\u00fc\u00fcpidele.<\/p>\n<h4><strong>MIDA TEEB?<\/strong><\/h4>\n<ul>\n<li><strong>P\u00f6\u00f6rab tagasi kahjustused, mis on muutnud juuksed hapraks ja kahuseks:<\/strong> \u00f5li toimib molekulaarsel tasandil, tugevdades s\u00e4brulisi juukseid, mis on vastuv\u00f5tlikumad kahjustustele.<\/li>\n<li><strong>V\u00e4hendab juuste lendlemist ning taltsutab lokke:<\/strong> looduslikud \u00f5lid toimivad juuste pinnal, siluvad kutiikulat ja pehmendavad juukseid neid raskeks muutmata.<\/li>\n<li><strong>Lisab l\u00e4iget:<\/strong> toidetud, niisutatud juuksed peegeldavad paremini l\u00e4iget ning juuste v\u00e4rvitoon tundub rikkalikum.<\/li>\n<li><strong>Pakub kuumakaitset<\/strong> kuni 232 \u00b0C ja aitab nii v\u00e4ltida edasisi kahjustusi.<\/li>\n<\/ul>\n<h4>KUIDAS T\u00d6\u00d6TAB?<\/h4>\n<ul>\n<li><strong>K18PEPTIDE\u2122<\/strong> tungib juustesse, tegeleb kahjustatud osadega ning aitab kaasa, et juuksed j\u00e4\u00e4ksid kauniks, tugevaks ja siledaks.<\/li>\n<li><strong>P\u00e4evalille\u00f5li, hemiskvalaan ja skvalaan<\/strong> tugevdavad juuste loomulikku niiskusbarj\u00e4\u00e4ri, v\u00e4hendades kahusust ning andes l\u00e4iget.<\/li>\n<li><strong>Avokaado\u00f5li<\/strong> on \u00fcks t\u00f5husamaid kuumakaitsevahendeid, m\u00f5jub kuni 232 \u00b0C<\/li>\n<\/ul>\n<p>[\/vc_column_text][vc_empty_space height=&#8221;35px&#8221;][vc_separator][vc_empty_space height=&#8221;25px&#8221;][vc_row_inner equal_height=&#8221;yes&#8221; content_placement=&#8221;middle&#8221; css=&#8221;.vc_custom_1682579137134{padding-bottom: 30px !important;}&#8221;][vc_column_inner width=&#8221;1\/2&#8243;][vc_column_text]<\/p>\n<h4><strong>KASUTAMINE<\/strong><\/h4>\n<ul>\n<li><strong>Niisketel juustel peale K18 maski m\u00f5juaega,<\/strong> et juukseid tugevdada ja v\u00e4hendada nende s\u00e4brulisust \u00f5hu k\u00e4es kuivatamise v\u00f5i viimistlemise ajal. Lase m\u00f5juda 4 minutit. Viimistle nagu tavaliselt.<\/li>\n<li><strong>Kuivadel juustel,<\/strong> et siluda juuksepinda ja ohjeldada lendlemist, samuti viimistlemisel l\u00e4ike andmiseks. Lase m\u00f5juda 4 minutit. Viimistle nagu tavaliselt.<\/li>\n<\/ul>\n<p><strong>L\u00d5HN<\/strong><br \/>\nV\u00e4rske lillel\u00f5hn<\/p>\n<p><strong>KLIINILISELT T\u00d5ESTATUD TULEMUSED<\/strong><br \/>\n24h lokkide taltsutus*<br \/>\n104% rohkem l\u00e4iget*<br \/>\n78% v\u00e4hem l\u00f5henenud juukseotsi*<br \/>\n<em>* k18hairpro.com\/disclaimers<\/em><\/p>\n<p><strong>EI SISALDA<\/strong> sulfaate, parabeene, ftalaati, but\u00fc\u00fclfen\u00fc\u00fcl met\u00fc\u00fclpropionaali (Lilial), silikoone, tehisv\u00e4rve, naatriumkloriidi, formaldeh\u00fc\u00fcdi ja selle saadusi. <strong>Toode on vegan ning julmusevaba.<\/strong>[\/vc_column_text][\/vc_column_inner][vc_column_inner width=&#8221;1\/2&#8243;][vc_single_image image=&#8221;5966&#8243; img_size=&#8221;full&#8221; alignment=&#8221;center&#8221;][\/vc_column_inner][\/vc_row_inner][vc_empty_space height=&#8221;20px&#8221;][vc_separator][vc_empty_space height=&#8221;20px&#8221;][vc_column_text]<\/p>\n<h4><strong>Ohutusn\u00f5uded<\/strong><\/h4>\n<div class=\"accordion__copy--inner\" data-accordion-copy-text=\"\">\n<p>V\u00e4ldi silma sattumist. Ainult v\u00e4lispidiseks kasutamiseks. Kui toote kasutamisel tekib allergiline reaktsioon, katkesta kasutamine ning v\u00f5ta \u00fchendust arstiga. Hoida lastele k\u00e4ttesaamatus kohas.<\/p>\n<\/div>\n<p>[\/vc_column_text][vc_empty_space height=&#8221;10px&#8221;][\/vc_column][\/vc_row]<\/p>\n<\/div>","protected":false},"excerpt":{"rendered":"<h5><strong>30 ml<br \/>\n<\/strong><\/h5>\n<p><strong>\u00dctle ei kahustele juustele! Uus molekulaarsel tasandil toimiv juukse\u00f5li SILUB ja PARANDAB kahjustatud juuksed. <\/strong>Kerge silikoonivaba \u00f5li p\u00f6\u00f6rab tagasi s\u00e4bru ja kahu p\u00f5hjustavad kahjustused, silub ja v\u00e4hendab juuste lendlemist, lisab l\u00e4iget ning parandab l\u00f5henenud juukseotsi.<\/p>\n","protected":false},"featured_media":5971,"template":"","meta":[],"product_brand":[],"product_cat":[313],"product_tag":[],"class_list":{"0":"post-5975","1":"product","2":"type-product","3":"status-publish","4":"has-post-thumbnail","6":"product_cat-k18-hair-et","8":"first","9":"instock","10":"taxable","11":"shipping-taxable","12":"purchasable","13":"product-type-simple"},"yoast_head":"<!-- This site is optimized with the Yoast SEO plugin v27.4 - https:\/\/yoast.com\/product\/yoast-seo-wordpress\/ -->\n<title>K18 molekulaaarne juukseid parandav \u00f5li - iD Color<\/title>\n<meta name=\"description\" content=\"\u00dctle ei kahustele juustele! Uus molekulaarsel tasandil toimiv juukse\u00f5li SILUB ja PARANDAB kahjustatud juuksed.\" \/>\n<meta name=\"robots\" content=\"index, follow, max-snippet:-1, max-image-preview:large, max-video-preview:-1\" \/>\n<link rel=\"canonical\" href=\"https:\/\/idcolor.ee\/et\/toode\/k18-molekulaaarne-juukseid-parandav-oli\/\" \/>\n<meta property=\"og:locale\" content=\"et_EE\" \/>\n<meta property=\"og:type\" content=\"article\" \/>\n<meta property=\"og:title\" content=\"K18 molekulaaarne juukseid parandav \u00f5li - iD Color\" \/>\n<meta property=\"og:description\" content=\"\u00dctle ei kahustele juustele! Uus molekulaarsel tasandil toimiv juukse\u00f5li SILUB ja PARANDAB kahjustatud juuksed.\" \/>\n<meta property=\"og:url\" content=\"https:\/\/idcolor.ee\/et\/toode\/k18-molekulaaarne-juukseid-parandav-oli\/\" \/>\n<meta property=\"og:site_name\" content=\"iD Color\" \/>\n<meta property=\"article:modified_time\" content=\"2026-03-03T17:23:30+00:00\" \/>\n<meta property=\"og:image\" content=\"https:\/\/idcolor.ee\/wp-content\/uploads\/2023\/04\/K18_Oil_30ml.jpg\" \/>\n\t<meta property=\"og:image:width\" content=\"1080\" \/>\n\t<meta property=\"og:image:height\" content=\"1080\" \/>\n\t<meta property=\"og:image:type\" content=\"image\/jpeg\" \/>\n<meta name=\"twitter:card\" content=\"summary_large_image\" \/>\n<meta name=\"twitter:label1\" content=\"Est. reading time\" \/>\n\t<meta name=\"twitter:data1\" content=\"2 minutit\" \/>\n<script type=\"application\/ld+json\" class=\"yoast-schema-graph\">{\"@context\":\"https:\\\/\\\/schema.org\",\"@graph\":[{\"@type\":\"WebPage\",\"@id\":\"https:\\\/\\\/idcolor.ee\\\/et\\\/toode\\\/k18-molekulaaarne-juukseid-parandav-oli\\\/\",\"url\":\"https:\\\/\\\/idcolor.ee\\\/et\\\/toode\\\/k18-molekulaaarne-juukseid-parandav-oli\\\/\",\"name\":\"K18 molekulaaarne juukseid parandav \u00f5li - iD Color\",\"isPartOf\":{\"@id\":\"https:\\\/\\\/idcolor.ee\\\/et\\\/#website\"},\"primaryImageOfPage\":{\"@id\":\"https:\\\/\\\/idcolor.ee\\\/et\\\/toode\\\/k18-molekulaaarne-juukseid-parandav-oli\\\/#primaryimage\"},\"image\":{\"@id\":\"https:\\\/\\\/idcolor.ee\\\/et\\\/toode\\\/k18-molekulaaarne-juukseid-parandav-oli\\\/#primaryimage\"},\"thumbnailUrl\":\"https:\\\/\\\/idcolor.ee\\\/wp-content\\\/uploads\\\/2023\\\/04\\\/K18_Oil_30ml.jpg\",\"datePublished\":\"2023-04-23T10:10:22+00:00\",\"dateModified\":\"2026-03-03T17:23:30+00:00\",\"description\":\"\u00dctle ei kahustele juustele! Uus molekulaarsel tasandil toimiv juukse\u00f5li SILUB ja PARANDAB kahjustatud juuksed.\",\"breadcrumb\":{\"@id\":\"https:\\\/\\\/idcolor.ee\\\/et\\\/toode\\\/k18-molekulaaarne-juukseid-parandav-oli\\\/#breadcrumb\"},\"inLanguage\":\"et\",\"potentialAction\":[{\"@type\":\"ReadAction\",\"target\":[\"https:\\\/\\\/idcolor.ee\\\/et\\\/toode\\\/k18-molekulaaarne-juukseid-parandav-oli\\\/\"]}]},{\"@type\":\"ImageObject\",\"inLanguage\":\"et\",\"@id\":\"https:\\\/\\\/idcolor.ee\\\/et\\\/toode\\\/k18-molekulaaarne-juukseid-parandav-oli\\\/#primaryimage\",\"url\":\"https:\\\/\\\/idcolor.ee\\\/wp-content\\\/uploads\\\/2023\\\/04\\\/K18_Oil_30ml.jpg\",\"contentUrl\":\"https:\\\/\\\/idcolor.ee\\\/wp-content\\\/uploads\\\/2023\\\/04\\\/K18_Oil_30ml.jpg\",\"width\":1080,\"height\":1080},{\"@type\":\"BreadcrumbList\",\"@id\":\"https:\\\/\\\/idcolor.ee\\\/et\\\/toode\\\/k18-molekulaaarne-juukseid-parandav-oli\\\/#breadcrumb\",\"itemListElement\":[{\"@type\":\"ListItem\",\"position\":1,\"name\":\"Home\",\"item\":\"https:\\\/\\\/idcolor.ee\\\/et\\\/avaleht\\\/\"},{\"@type\":\"ListItem\",\"position\":2,\"name\":\"Pood\",\"item\":\"https:\\\/\\\/idcolor.ee\\\/et\\\/shop-2\\\/\"},{\"@type\":\"ListItem\",\"position\":3,\"name\":\"K18 molekulaaarne juukseid parandav \u00f5li\"}]},{\"@type\":\"WebSite\",\"@id\":\"https:\\\/\\\/idcolor.ee\\\/et\\\/#website\",\"url\":\"https:\\\/\\\/idcolor.ee\\\/et\\\/\",\"name\":\"iD Color\",\"description\":\"Hair care products\",\"publisher\":{\"@id\":\"https:\\\/\\\/idcolor.ee\\\/et\\\/#organization\"},\"potentialAction\":[{\"@type\":\"SearchAction\",\"target\":{\"@type\":\"EntryPoint\",\"urlTemplate\":\"https:\\\/\\\/idcolor.ee\\\/et\\\/?s={search_term_string}\"},\"query-input\":{\"@type\":\"PropertyValueSpecification\",\"valueRequired\":true,\"valueName\":\"search_term_string\"}}],\"inLanguage\":\"et\"},{\"@type\":\"Organization\",\"@id\":\"https:\\\/\\\/idcolor.ee\\\/et\\\/#organization\",\"name\":\"iD Color O\u00dc\",\"url\":\"https:\\\/\\\/idcolor.ee\\\/et\\\/\",\"logo\":{\"@type\":\"ImageObject\",\"inLanguage\":\"et\",\"@id\":\"https:\\\/\\\/idcolor.ee\\\/et\\\/#\\\/schema\\\/logo\\\/image\\\/\",\"url\":\"https:\\\/\\\/idcolor.ee\\\/wp-content\\\/uploads\\\/2022\\\/01\\\/IDColor_Logo_1000.png\",\"contentUrl\":\"https:\\\/\\\/idcolor.ee\\\/wp-content\\\/uploads\\\/2022\\\/01\\\/IDColor_Logo_1000.png\",\"width\":1001,\"height\":354,\"caption\":\"iD Color O\u00dc\"},\"image\":{\"@id\":\"https:\\\/\\\/idcolor.ee\\\/et\\\/#\\\/schema\\\/logo\\\/image\\\/\"}}]}<\/script>\n<!-- \/ Yoast SEO plugin. -->","yoast_head_json":{"title":"K18 molekulaaarne juukseid parandav \u00f5li - iD Color","description":"\u00dctle ei kahustele juustele! Uus molekulaarsel tasandil toimiv juukse\u00f5li SILUB ja PARANDAB kahjustatud juuksed.","robots":{"index":"index","follow":"follow","max-snippet":"max-snippet:-1","max-image-preview":"max-image-preview:large","max-video-preview":"max-video-preview:-1"},"canonical":"https:\/\/idcolor.ee\/et\/toode\/k18-molekulaaarne-juukseid-parandav-oli\/","og_locale":"et_EE","og_type":"article","og_title":"K18 molekulaaarne juukseid parandav \u00f5li - iD Color","og_description":"\u00dctle ei kahustele juustele! Uus molekulaarsel tasandil toimiv juukse\u00f5li SILUB ja PARANDAB kahjustatud juuksed.","og_url":"https:\/\/idcolor.ee\/et\/toode\/k18-molekulaaarne-juukseid-parandav-oli\/","og_site_name":"iD Color","article_modified_time":"2026-03-03T17:23:30+00:00","og_image":[{"width":1080,"height":1080,"url":"https:\/\/idcolor.ee\/wp-content\/uploads\/2023\/04\/K18_Oil_30ml.jpg","type":"image\/jpeg"}],"twitter_card":"summary_large_image","twitter_misc":{"Est. reading time":"2 minutit"},"schema":{"@context":"https:\/\/schema.org","@graph":[{"@type":"WebPage","@id":"https:\/\/idcolor.ee\/et\/toode\/k18-molekulaaarne-juukseid-parandav-oli\/","url":"https:\/\/idcolor.ee\/et\/toode\/k18-molekulaaarne-juukseid-parandav-oli\/","name":"K18 molekulaaarne juukseid parandav \u00f5li - iD Color","isPartOf":{"@id":"https:\/\/idcolor.ee\/et\/#website"},"primaryImageOfPage":{"@id":"https:\/\/idcolor.ee\/et\/toode\/k18-molekulaaarne-juukseid-parandav-oli\/#primaryimage"},"image":{"@id":"https:\/\/idcolor.ee\/et\/toode\/k18-molekulaaarne-juukseid-parandav-oli\/#primaryimage"},"thumbnailUrl":"https:\/\/idcolor.ee\/wp-content\/uploads\/2023\/04\/K18_Oil_30ml.jpg","datePublished":"2023-04-23T10:10:22+00:00","dateModified":"2026-03-03T17:23:30+00:00","description":"\u00dctle ei kahustele juustele! Uus molekulaarsel tasandil toimiv juukse\u00f5li SILUB ja PARANDAB kahjustatud juuksed.","breadcrumb":{"@id":"https:\/\/idcolor.ee\/et\/toode\/k18-molekulaaarne-juukseid-parandav-oli\/#breadcrumb"},"inLanguage":"et","potentialAction":[{"@type":"ReadAction","target":["https:\/\/idcolor.ee\/et\/toode\/k18-molekulaaarne-juukseid-parandav-oli\/"]}]},{"@type":"ImageObject","inLanguage":"et","@id":"https:\/\/idcolor.ee\/et\/toode\/k18-molekulaaarne-juukseid-parandav-oli\/#primaryimage","url":"https:\/\/idcolor.ee\/wp-content\/uploads\/2023\/04\/K18_Oil_30ml.jpg","contentUrl":"https:\/\/idcolor.ee\/wp-content\/uploads\/2023\/04\/K18_Oil_30ml.jpg","width":1080,"height":1080},{"@type":"BreadcrumbList","@id":"https:\/\/idcolor.ee\/et\/toode\/k18-molekulaaarne-juukseid-parandav-oli\/#breadcrumb","itemListElement":[{"@type":"ListItem","position":1,"name":"Home","item":"https:\/\/idcolor.ee\/et\/avaleht\/"},{"@type":"ListItem","position":2,"name":"Pood","item":"https:\/\/idcolor.ee\/et\/shop-2\/"},{"@type":"ListItem","position":3,"name":"K18 molekulaaarne juukseid parandav \u00f5li"}]},{"@type":"WebSite","@id":"https:\/\/idcolor.ee\/et\/#website","url":"https:\/\/idcolor.ee\/et\/","name":"iD Color","description":"Hair care products","publisher":{"@id":"https:\/\/idcolor.ee\/et\/#organization"},"potentialAction":[{"@type":"SearchAction","target":{"@type":"EntryPoint","urlTemplate":"https:\/\/idcolor.ee\/et\/?s={search_term_string}"},"query-input":{"@type":"PropertyValueSpecification","valueRequired":true,"valueName":"search_term_string"}}],"inLanguage":"et"},{"@type":"Organization","@id":"https:\/\/idcolor.ee\/et\/#organization","name":"iD Color O\u00dc","url":"https:\/\/idcolor.ee\/et\/","logo":{"@type":"ImageObject","inLanguage":"et","@id":"https:\/\/idcolor.ee\/et\/#\/schema\/logo\/image\/","url":"https:\/\/idcolor.ee\/wp-content\/uploads\/2022\/01\/IDColor_Logo_1000.png","contentUrl":"https:\/\/idcolor.ee\/wp-content\/uploads\/2022\/01\/IDColor_Logo_1000.png","width":1001,"height":354,"caption":"iD Color O\u00dc"},"image":{"@id":"https:\/\/idcolor.ee\/et\/#\/schema\/logo\/image\/"}}]}},"_links":{"self":[{"href":"https:\/\/idcolor.ee\/et\/wp-json\/wp\/v2\/product\/5975","targetHints":{"allow":["GET"]}}],"collection":[{"href":"https:\/\/idcolor.ee\/et\/wp-json\/wp\/v2\/product"}],"about":[{"href":"https:\/\/idcolor.ee\/et\/wp-json\/wp\/v2\/types\/product"}],"wp:featuredmedia":[{"embeddable":true,"href":"https:\/\/idcolor.ee\/et\/wp-json\/wp\/v2\/media\/5971"}],"wp:attachment":[{"href":"https:\/\/idcolor.ee\/et\/wp-json\/wp\/v2\/media?parent=5975"}],"wp:term":[{"taxonomy":"product_brand","embeddable":true,"href":"https:\/\/idcolor.ee\/et\/wp-json\/wp\/v2\/product_brand?post=5975"},{"taxonomy":"product_cat","embeddable":true,"href":"https:\/\/idcolor.ee\/et\/wp-json\/wp\/v2\/product_cat?post=5975"},{"taxonomy":"product_tag","embeddable":true,"href":"https:\/\/idcolor.ee\/et\/wp-json\/wp\/v2\/product_tag?post=5975"}],"curies":[{"name":"wp","href":"https:\/\/api.w.org\/{rel}","templated":true}]}}