{"id":6699,"date":"2024-11-19T00:13:47","date_gmt":"2024-11-18T22:13:47","guid":{"rendered":"https:\/\/idcolor.ee\/product\/airwash-kuivsampoon\/"},"modified":"2026-04-28T11:57:49","modified_gmt":"2026-04-28T08:57:49","slug":"airwash-kuivsampoon","status":"publish","type":"product","link":"https:\/\/idcolor.ee\/et\/toode\/airwash-kuivsampoon\/","title":{"rendered":"AirWash\u2122 kuiv\u0161ampoon"},"content":{"rendered":"<div class=\"wpb-content-wrapper\"><p>[vc_row][vc_column][vc_row_inner][vc_column_inner width=&#8221;1\/4&#8243; offset=&#8221;vc_hidden-sm vc_hidden-xs&#8221; css=&#8221;.vc_custom_1643102572855{padding-right: 40% !important;}&#8221;][vc_single_image image=&#8221;4765&#8243; img_size=&#8221;full&#8221;][vc_empty_space height=&#8221;20px&#8221;][\/vc_column_inner][vc_column_inner width=&#8221;3\/4&#8243; css=&#8221;.vc_custom_1643102537405{padding-right: 70% !important;}&#8221; offset=&#8221;vc_hidden-lg vc_hidden-md&#8221;][vc_single_image image=&#8221;4765&#8243; img_size=&#8221;full&#8221;][vc_empty_space height=&#8221;20px&#8221;][\/vc_column_inner][\/vc_row_inner]<div class=\"nasa-title clearfix nasa-t hr-type-none\"><h4 class=\"nasa-heading-title\"><span class=\"nasa-title-wrap\"><span style=\"color: #000000;\">AirWash\u2122 kuiv\u0161ampoon | 118 ml<\/span><\/span><\/h4><p class=\"nasa-title-desc\" style=\"color: #000000;\">KUIV\u0160AMPOONI UUS KVALITEET<\/p><\/div>[vc_empty_space height=&#8221;10px&#8221;][vc_column_text css=&#8221;&#8221;]<strong>Biotehnoloogiline<\/strong> aerosoolivaba eriti t\u00f5hus kuiv\u0161ampoon.[\/vc_column_text][vc_empty_space height=&#8221;20px&#8221;][vc_separator][vc_row_inner][vc_column_inner width=&#8221;1\/2&#8243;][vc_empty_space height=&#8221;20px&#8221;][vc_column_text css=&#8221;&#8221;]Revolutsiooniline ning nutikas <strong>odorBIND\u2122 biotehnoloogia<\/strong> mitte ei varja l\u00f5hnu, vaid tuvastab ja neutraliseerib need kuni kolmeks p\u00e4evaks.<\/p>\n<p>L\u00e4bipaistvad mikrop\u00e4rlid imavad \u00f5li ilma juustele t\u00e4rkliselist v\u00f5i valget kihti j\u00e4tmata.<\/p>\n<p>Kerge, \u00f5rnatoimeline ning tugevate l\u00f5hnaaineteta koostis.[\/vc_column_text][vc_empty_space height=&#8221;20px&#8221;][vc_column_text css=&#8221;&#8221;]<\/p>\n<h4><strong>KASUTAMINE<\/strong><\/h4>\n<p>LOKSUTA KORRALIKULT. Aerosoolivaba toode v\u00f5ib tunduda kergelt niiske, kuid ei riku soengut.<\/p>\n<ol>\n<li>\u00dchtlaseks pihustamiseks hoia pudelit 10\u201315 cm kaugusel.<\/li>\n<li>Alusta \u00fchest pumbat\u00e4iest jaotuse kohta, suurendades vastavalt vajadusele kogust kuni kolme pumbat\u00e4ieni.<\/li>\n<li>Masseeri juustesse ja harja v\u00f5i viimistle nagu tavaliselt.<\/li>\n<\/ol>\n<p>[\/vc_column_text][\/vc_column_inner][vc_column_inner width=&#8221;1\/2&#8243;][vc_empty_space height=&#8221;25px&#8221;][vc_single_image image=&#8221;6689&#8243; img_size=&#8221;full&#8221; alignment=&#8221;center&#8221; css=&#8221;&#8221;][\/vc_column_inner][\/vc_row_inner][vc_empty_space height=&#8221;25px&#8221;][vc_separator][vc_empty_space height=&#8221;20px&#8221;][vc_column_text]<\/p>\n<h4><strong>Ohutusn\u00f5uded<\/strong><\/h4>\n<div class=\"accordion__copy--inner\" data-accordion-copy-text=\"\">\n<p>V\u00e4ldi silma sattumist. Ainult v\u00e4lispidiseks kasutamiseks. Kui toote kasutamisel tekib allergiline reaktsioon, katkesta kasutamine ning v\u00f5ta \u00fchendust arstiga. Hoida lastele k\u00e4ttesaamatus kohas.<\/p>\n<\/div>\n<p>[\/vc_column_text][vc_empty_space height=&#8221;10px&#8221;][\/vc_column][\/vc_row]<\/p>\n<\/div>","protected":false},"excerpt":{"rendered":"<h5><strong>118 ml<\/strong><\/h5>\n<p><strong>KUIV\u0160AMPOONI UUS KVALITEET<br \/>\n<\/strong>Biotehnoloogiline aerosoolivaba eriti t\u00f5hus kuiv\u0161ampoon.<\/p>\n","protected":false},"featured_media":6694,"template":"","meta":[],"product_brand":[],"product_cat":[313],"product_tag":[],"class_list":{"0":"post-6699","1":"product","2":"type-product","3":"status-publish","4":"has-post-thumbnail","6":"product_cat-k18-hair-et","8":"first","9":"instock","10":"taxable","11":"shipping-taxable","12":"purchasable","13":"product-type-simple"},"yoast_head":"<!-- This site is optimized with the Yoast SEO plugin v27.4 - https:\/\/yoast.com\/product\/yoast-seo-wordpress\/ -->\n<title>AirWash\u2122 kuiv\u0161ampoon - iD Color<\/title>\n<meta name=\"description\" content=\"Kuiv\u0161ampooni uus kvaliteet. Biotehnoloogiline aerosoolivaba eriti t\u00f5hus kuiv\u0161ampoon.\" \/>\n<meta name=\"robots\" content=\"index, follow, max-snippet:-1, max-image-preview:large, max-video-preview:-1\" \/>\n<link rel=\"canonical\" href=\"https:\/\/idcolor.ee\/et\/toode\/airwash-kuivsampoon\/\" \/>\n<meta property=\"og:locale\" content=\"et_EE\" \/>\n<meta property=\"og:type\" content=\"article\" \/>\n<meta property=\"og:title\" content=\"AirWash\u2122 kuiv\u0161ampoon - iD Color\" \/>\n<meta property=\"og:description\" content=\"Kuiv\u0161ampooni uus kvaliteet. Biotehnoloogiline aerosoolivaba eriti t\u00f5hus kuiv\u0161ampoon.\" \/>\n<meta property=\"og:url\" content=\"https:\/\/idcolor.ee\/et\/toode\/airwash-kuivsampoon\/\" \/>\n<meta property=\"og:site_name\" content=\"iD Color\" \/>\n<meta property=\"article:modified_time\" content=\"2026-04-28T08:57:49+00:00\" \/>\n<meta property=\"og:image\" content=\"https:\/\/idcolor.ee\/wp-content\/uploads\/2024\/11\/K18_AirWash.jpg\" \/>\n\t<meta property=\"og:image:width\" content=\"1080\" \/>\n\t<meta property=\"og:image:height\" content=\"1080\" \/>\n\t<meta property=\"og:image:type\" content=\"image\/jpeg\" \/>\n<meta name=\"twitter:card\" content=\"summary_large_image\" \/>\n<meta name=\"twitter:label1\" content=\"Est. reading time\" \/>\n\t<meta name=\"twitter:data1\" content=\"2 minutit\" \/>\n<script type=\"application\/ld+json\" class=\"yoast-schema-graph\">{\"@context\":\"https:\\\/\\\/schema.org\",\"@graph\":[{\"@type\":\"WebPage\",\"@id\":\"https:\\\/\\\/idcolor.ee\\\/et\\\/toode\\\/airwash-kuivsampoon\\\/\",\"url\":\"https:\\\/\\\/idcolor.ee\\\/et\\\/toode\\\/airwash-kuivsampoon\\\/\",\"name\":\"AirWash\u2122 kuiv\u0161ampoon - iD Color\",\"isPartOf\":{\"@id\":\"https:\\\/\\\/idcolor.ee\\\/et\\\/#website\"},\"primaryImageOfPage\":{\"@id\":\"https:\\\/\\\/idcolor.ee\\\/et\\\/toode\\\/airwash-kuivsampoon\\\/#primaryimage\"},\"image\":{\"@id\":\"https:\\\/\\\/idcolor.ee\\\/et\\\/toode\\\/airwash-kuivsampoon\\\/#primaryimage\"},\"thumbnailUrl\":\"https:\\\/\\\/idcolor.ee\\\/wp-content\\\/uploads\\\/2024\\\/11\\\/K18_AirWash.jpg\",\"datePublished\":\"2024-11-18T22:13:47+00:00\",\"dateModified\":\"2026-04-28T08:57:49+00:00\",\"description\":\"Kuiv\u0161ampooni uus kvaliteet. Biotehnoloogiline aerosoolivaba eriti t\u00f5hus kuiv\u0161ampoon.\",\"breadcrumb\":{\"@id\":\"https:\\\/\\\/idcolor.ee\\\/et\\\/toode\\\/airwash-kuivsampoon\\\/#breadcrumb\"},\"inLanguage\":\"et\",\"potentialAction\":[{\"@type\":\"ReadAction\",\"target\":[\"https:\\\/\\\/idcolor.ee\\\/et\\\/toode\\\/airwash-kuivsampoon\\\/\"]}]},{\"@type\":\"ImageObject\",\"inLanguage\":\"et\",\"@id\":\"https:\\\/\\\/idcolor.ee\\\/et\\\/toode\\\/airwash-kuivsampoon\\\/#primaryimage\",\"url\":\"https:\\\/\\\/idcolor.ee\\\/wp-content\\\/uploads\\\/2024\\\/11\\\/K18_AirWash.jpg\",\"contentUrl\":\"https:\\\/\\\/idcolor.ee\\\/wp-content\\\/uploads\\\/2024\\\/11\\\/K18_AirWash.jpg\",\"width\":1080,\"height\":1080},{\"@type\":\"BreadcrumbList\",\"@id\":\"https:\\\/\\\/idcolor.ee\\\/et\\\/toode\\\/airwash-kuivsampoon\\\/#breadcrumb\",\"itemListElement\":[{\"@type\":\"ListItem\",\"position\":1,\"name\":\"Home\",\"item\":\"https:\\\/\\\/idcolor.ee\\\/et\\\/avaleht\\\/\"},{\"@type\":\"ListItem\",\"position\":2,\"name\":\"Pood\",\"item\":\"https:\\\/\\\/idcolor.ee\\\/et\\\/shop-2\\\/\"},{\"@type\":\"ListItem\",\"position\":3,\"name\":\"AirWash\u2122 kuiv\u0161ampoon\"}]},{\"@type\":\"WebSite\",\"@id\":\"https:\\\/\\\/idcolor.ee\\\/et\\\/#website\",\"url\":\"https:\\\/\\\/idcolor.ee\\\/et\\\/\",\"name\":\"iD Color\",\"description\":\"Hair care products\",\"publisher\":{\"@id\":\"https:\\\/\\\/idcolor.ee\\\/et\\\/#organization\"},\"potentialAction\":[{\"@type\":\"SearchAction\",\"target\":{\"@type\":\"EntryPoint\",\"urlTemplate\":\"https:\\\/\\\/idcolor.ee\\\/et\\\/?s={search_term_string}\"},\"query-input\":{\"@type\":\"PropertyValueSpecification\",\"valueRequired\":true,\"valueName\":\"search_term_string\"}}],\"inLanguage\":\"et\"},{\"@type\":\"Organization\",\"@id\":\"https:\\\/\\\/idcolor.ee\\\/et\\\/#organization\",\"name\":\"iD Color O\u00dc\",\"url\":\"https:\\\/\\\/idcolor.ee\\\/et\\\/\",\"logo\":{\"@type\":\"ImageObject\",\"inLanguage\":\"et\",\"@id\":\"https:\\\/\\\/idcolor.ee\\\/et\\\/#\\\/schema\\\/logo\\\/image\\\/\",\"url\":\"https:\\\/\\\/idcolor.ee\\\/wp-content\\\/uploads\\\/2022\\\/01\\\/IDColor_Logo_1000.png\",\"contentUrl\":\"https:\\\/\\\/idcolor.ee\\\/wp-content\\\/uploads\\\/2022\\\/01\\\/IDColor_Logo_1000.png\",\"width\":1001,\"height\":354,\"caption\":\"iD Color O\u00dc\"},\"image\":{\"@id\":\"https:\\\/\\\/idcolor.ee\\\/et\\\/#\\\/schema\\\/logo\\\/image\\\/\"}}]}<\/script>\n<!-- \/ Yoast SEO plugin. -->","yoast_head_json":{"title":"AirWash\u2122 kuiv\u0161ampoon - iD Color","description":"Kuiv\u0161ampooni uus kvaliteet. Biotehnoloogiline aerosoolivaba eriti t\u00f5hus kuiv\u0161ampoon.","robots":{"index":"index","follow":"follow","max-snippet":"max-snippet:-1","max-image-preview":"max-image-preview:large","max-video-preview":"max-video-preview:-1"},"canonical":"https:\/\/idcolor.ee\/et\/toode\/airwash-kuivsampoon\/","og_locale":"et_EE","og_type":"article","og_title":"AirWash\u2122 kuiv\u0161ampoon - iD Color","og_description":"Kuiv\u0161ampooni uus kvaliteet. Biotehnoloogiline aerosoolivaba eriti t\u00f5hus kuiv\u0161ampoon.","og_url":"https:\/\/idcolor.ee\/et\/toode\/airwash-kuivsampoon\/","og_site_name":"iD Color","article_modified_time":"2026-04-28T08:57:49+00:00","og_image":[{"width":1080,"height":1080,"url":"https:\/\/idcolor.ee\/wp-content\/uploads\/2024\/11\/K18_AirWash.jpg","type":"image\/jpeg"}],"twitter_card":"summary_large_image","twitter_misc":{"Est. reading time":"2 minutit"},"schema":{"@context":"https:\/\/schema.org","@graph":[{"@type":"WebPage","@id":"https:\/\/idcolor.ee\/et\/toode\/airwash-kuivsampoon\/","url":"https:\/\/idcolor.ee\/et\/toode\/airwash-kuivsampoon\/","name":"AirWash\u2122 kuiv\u0161ampoon - iD Color","isPartOf":{"@id":"https:\/\/idcolor.ee\/et\/#website"},"primaryImageOfPage":{"@id":"https:\/\/idcolor.ee\/et\/toode\/airwash-kuivsampoon\/#primaryimage"},"image":{"@id":"https:\/\/idcolor.ee\/et\/toode\/airwash-kuivsampoon\/#primaryimage"},"thumbnailUrl":"https:\/\/idcolor.ee\/wp-content\/uploads\/2024\/11\/K18_AirWash.jpg","datePublished":"2024-11-18T22:13:47+00:00","dateModified":"2026-04-28T08:57:49+00:00","description":"Kuiv\u0161ampooni uus kvaliteet. Biotehnoloogiline aerosoolivaba eriti t\u00f5hus kuiv\u0161ampoon.","breadcrumb":{"@id":"https:\/\/idcolor.ee\/et\/toode\/airwash-kuivsampoon\/#breadcrumb"},"inLanguage":"et","potentialAction":[{"@type":"ReadAction","target":["https:\/\/idcolor.ee\/et\/toode\/airwash-kuivsampoon\/"]}]},{"@type":"ImageObject","inLanguage":"et","@id":"https:\/\/idcolor.ee\/et\/toode\/airwash-kuivsampoon\/#primaryimage","url":"https:\/\/idcolor.ee\/wp-content\/uploads\/2024\/11\/K18_AirWash.jpg","contentUrl":"https:\/\/idcolor.ee\/wp-content\/uploads\/2024\/11\/K18_AirWash.jpg","width":1080,"height":1080},{"@type":"BreadcrumbList","@id":"https:\/\/idcolor.ee\/et\/toode\/airwash-kuivsampoon\/#breadcrumb","itemListElement":[{"@type":"ListItem","position":1,"name":"Home","item":"https:\/\/idcolor.ee\/et\/avaleht\/"},{"@type":"ListItem","position":2,"name":"Pood","item":"https:\/\/idcolor.ee\/et\/shop-2\/"},{"@type":"ListItem","position":3,"name":"AirWash\u2122 kuiv\u0161ampoon"}]},{"@type":"WebSite","@id":"https:\/\/idcolor.ee\/et\/#website","url":"https:\/\/idcolor.ee\/et\/","name":"iD Color","description":"Hair care products","publisher":{"@id":"https:\/\/idcolor.ee\/et\/#organization"},"potentialAction":[{"@type":"SearchAction","target":{"@type":"EntryPoint","urlTemplate":"https:\/\/idcolor.ee\/et\/?s={search_term_string}"},"query-input":{"@type":"PropertyValueSpecification","valueRequired":true,"valueName":"search_term_string"}}],"inLanguage":"et"},{"@type":"Organization","@id":"https:\/\/idcolor.ee\/et\/#organization","name":"iD Color O\u00dc","url":"https:\/\/idcolor.ee\/et\/","logo":{"@type":"ImageObject","inLanguage":"et","@id":"https:\/\/idcolor.ee\/et\/#\/schema\/logo\/image\/","url":"https:\/\/idcolor.ee\/wp-content\/uploads\/2022\/01\/IDColor_Logo_1000.png","contentUrl":"https:\/\/idcolor.ee\/wp-content\/uploads\/2022\/01\/IDColor_Logo_1000.png","width":1001,"height":354,"caption":"iD Color O\u00dc"},"image":{"@id":"https:\/\/idcolor.ee\/et\/#\/schema\/logo\/image\/"}}]}},"_links":{"self":[{"href":"https:\/\/idcolor.ee\/et\/wp-json\/wp\/v2\/product\/6699","targetHints":{"allow":["GET"]}}],"collection":[{"href":"https:\/\/idcolor.ee\/et\/wp-json\/wp\/v2\/product"}],"about":[{"href":"https:\/\/idcolor.ee\/et\/wp-json\/wp\/v2\/types\/product"}],"wp:featuredmedia":[{"embeddable":true,"href":"https:\/\/idcolor.ee\/et\/wp-json\/wp\/v2\/media\/6694"}],"wp:attachment":[{"href":"https:\/\/idcolor.ee\/et\/wp-json\/wp\/v2\/media?parent=6699"}],"wp:term":[{"taxonomy":"product_brand","embeddable":true,"href":"https:\/\/idcolor.ee\/et\/wp-json\/wp\/v2\/product_brand?post=6699"},{"taxonomy":"product_cat","embeddable":true,"href":"https:\/\/idcolor.ee\/et\/wp-json\/wp\/v2\/product_cat?post=6699"},{"taxonomy":"product_tag","embeddable":true,"href":"https:\/\/idcolor.ee\/et\/wp-json\/wp\/v2\/product_tag?post=6699"}],"curies":[{"name":"wp","href":"https:\/\/api.w.org\/{rel}","templated":true}]}}