{"id":6775,"date":"2025-03-13T17:14:28","date_gmt":"2025-03-13T15:14:28","guid":{"rendered":"https:\/\/idcolor.ee\/product\/astrolift-juukseid-parandav-voluumisprei\/"},"modified":"2026-04-28T11:57:49","modified_gmt":"2026-04-28T08:57:49","slug":"astrolift-juukseid-parandav-voluumisprei","status":"publish","type":"product","link":"https:\/\/idcolor.ee\/et\/toode\/astrolift-juukseid-parandav-voluumisprei\/","title":{"rendered":"AstroLift\u2122 juukseid parandav vol\u00fc\u00fcmisprei"},"content":{"rendered":"<div class=\"wpb-content-wrapper\"><p>[vc_row][vc_column][vc_row_inner][vc_column_inner width=&#8221;1\/4&#8243; offset=&#8221;vc_hidden-sm vc_hidden-xs&#8221; css=&#8221;.vc_custom_1643102572855{padding-right: 40% !important;}&#8221;][vc_single_image image=&#8221;4765&#8243; img_size=&#8221;full&#8221;][vc_empty_space height=&#8221;20px&#8221;][\/vc_column_inner][vc_column_inner width=&#8221;3\/4&#8243; css=&#8221;.vc_custom_1643102537405{padding-right: 70% !important;}&#8221; offset=&#8221;vc_hidden-lg vc_hidden-md&#8221;][vc_single_image image=&#8221;4765&#8243; img_size=&#8221;full&#8221;][vc_empty_space height=&#8221;20px&#8221;][\/vc_column_inner][\/vc_row_inner]<div class=\"nasa-title clearfix nasa-t hr-type-none\"><h4 class=\"nasa-heading-title\"><span class=\"nasa-title-wrap\"><span style=\"color: #000000;\">AstroLift\u2122 juukseid parandav vol\u00fc\u00fcmisprei | 118 ml<\/span><\/span><\/h4><p class=\"nasa-title-desc\" style=\"color: #000000;\">SISALDAB PATENTEERITUD K18 PEPTIIDI<\/p><\/div>[vc_empty_space height=&#8221;10px&#8221;][vc_column_text css=&#8221;&#8221;]<strong>\u00d5hkkerge mittekleepuv sprei<\/strong> sobib eelk\u00f5ige \u00f5hematele, habrastele, kohevust vajavatele juustele, andes soengule t\u00e4idlasema ja vol\u00fc\u00fcmikama ilme ning tunde kuni kaheks p\u00e4evaks.<\/p>\n<p><a href=\"https:\/\/www.k18hair.com\/pages\/disclaimers\" target=\"_blank\" rel=\"noopener\"><em>*k18hair.com\/disclaimers<\/em><\/a>[\/vc_column_text][vc_empty_space height=&#8221;20px&#8221;][vc_separator][vc_row_inner][vc_column_inner width=&#8221;1\/2&#8243;][vc_empty_space height=&#8221;20px&#8221;][vc_column_text css=&#8221;&#8221;]<\/p>\n<ul>\n<li><strong>Juustele vol\u00fc\u00fcmi andev segu suurendab juuksekarva l\u00e4bim\u00f5\u00f5tu kuni 25%<\/strong> ja loob salkude vahele ruumi t\u00e4idlasema v\u00e4limuse ja tunde saamiseks.<\/li>\n<li>Sprei toimeaineks on taastav peptiid <strong>K18PEPTIDE\u2122<\/strong>, mis aitab parandada juuste elastsust ja v\u00e4hendada kahjustusi.<\/li>\n<li>Aitab <strong>minimeerida kuumusest ja mehaanilisest t\u00f6\u00f6tlemisest tekkivaid kahjustusi.<\/strong><\/li>\n<li><strong>Niiskuskindel<\/strong> \u2013 looduslik pol\u00fcmeer toimib kaitsva kaalutu barj\u00e4\u00e4rina niiskuse eest.<\/li>\n<\/ul>\n<p>[\/vc_column_text][vc_empty_space height=&#8221;20px&#8221;][vc_column_text css=&#8221;&#8221;]<\/p>\n<h4><strong>KASUTAMINE<\/strong><\/h4>\n<p>Pihusta toodet r\u00e4tikukuivadele v\u00f5i kuivadele juustele.<\/p>\n<ol>\n<li>LOKSUTA KORRALIKULT.<\/li>\n<li>Hoia pudelit juustest 10\u201315 cm kaugusel.<\/li>\n<li>Pihusta juurtest otsteni.<\/li>\n<li>F\u00f6\u00f6nita lisakohevuse andmiseks.<\/li>\n<\/ol>\n<p>Kasuta pesukordade vahel, kui vajad lisavol\u00fc\u00fcmi.[\/vc_column_text][\/vc_column_inner][vc_column_inner width=&#8221;1\/2&#8243;][vc_empty_space height=&#8221;25px&#8221;][vc_single_image image=&#8221;6766&#8243; img_size=&#8221;full&#8221; alignment=&#8221;center&#8221; css=&#8221;&#8221;][\/vc_column_inner][\/vc_row_inner][vc_empty_space height=&#8221;25px&#8221;][vc_separator][vc_empty_space height=&#8221;20px&#8221;][vc_column_text]<\/p>\n<h4><strong>Ohutusn\u00f5uded<\/strong><\/h4>\n<div class=\"accordion__copy--inner\" data-accordion-copy-text=\"\">\n<p>V\u00e4ldi silma sattumist. Ainult v\u00e4lispidiseks kasutamiseks. Kui toote kasutamisel tekib allergiline reaktsioon, katkesta kasutamine ning v\u00f5ta \u00fchendust arstiga. Hoida lastele k\u00e4ttesaamatus kohas.<\/p>\n<\/div>\n<p>[\/vc_column_text][vc_empty_space height=&#8221;10px&#8221;][\/vc_column][\/vc_row]<\/p>\n<\/div>","protected":false},"excerpt":{"rendered":"<h5><strong>118 ml<\/strong><\/h5>\n<p><strong>\u00d5hkkerge mittekleepuv sprei<\/strong> sobib eelk\u00f5ige \u00f5hematele, habrastele, kohevust vajavatele juustele, andes soengule t\u00e4idlasema ja vol\u00fc\u00fcmikama ilme ning tunde kuni kaheks p\u00e4evaks.<\/p>\n","protected":false},"featured_media":6771,"template":"","meta":[],"product_brand":[207],"product_cat":[313],"product_tag":[],"class_list":{"0":"post-6775","1":"product","2":"type-product","3":"status-publish","4":"has-post-thumbnail","6":"product_brand-k18-hair","7":"product_cat-k18-hair-et","9":"first","10":"instock","11":"taxable","12":"shipping-taxable","13":"purchasable","14":"product-type-simple"},"yoast_head":"<!-- This site is optimized with the Yoast SEO plugin v27.4 - https:\/\/yoast.com\/product\/yoast-seo-wordpress\/ -->\n<title>AstroLift\u2122 juukseid parandav vol\u00fc\u00fcmisprei - iD Color<\/title>\n<meta name=\"description\" content=\"\u00d5hkkerge mittekleepuv sprei sobib eelk\u00f5ige \u00f5hematele, kohevust vajavatele juustele, andes soengule t\u00e4idlasema ja vol\u00fc\u00fcmikama ilme ning tunde kuni kaheks p\u00e4evaks.\" \/>\n<meta name=\"robots\" content=\"index, follow, max-snippet:-1, max-image-preview:large, max-video-preview:-1\" \/>\n<link rel=\"canonical\" href=\"https:\/\/idcolor.ee\/et\/toode\/astrolift-juukseid-parandav-voluumisprei\/\" \/>\n<meta property=\"og:locale\" content=\"et_EE\" \/>\n<meta property=\"og:type\" content=\"article\" \/>\n<meta property=\"og:title\" content=\"AstroLift\u2122 juukseid parandav vol\u00fc\u00fcmisprei - iD Color\" \/>\n<meta property=\"og:description\" content=\"\u00d5hkkerge mittekleepuv sprei sobib eelk\u00f5ige \u00f5hematele, kohevust vajavatele juustele, andes soengule t\u00e4idlasema ja vol\u00fc\u00fcmikama ilme ning tunde kuni kaheks p\u00e4evaks.\" \/>\n<meta property=\"og:url\" content=\"https:\/\/idcolor.ee\/et\/toode\/astrolift-juukseid-parandav-voluumisprei\/\" \/>\n<meta property=\"og:site_name\" content=\"iD Color\" \/>\n<meta property=\"article:modified_time\" content=\"2026-04-28T08:57:49+00:00\" \/>\n<meta property=\"og:image\" content=\"https:\/\/idcolor.ee\/wp-content\/uploads\/2025\/03\/K18_AstroLift.jpg\" \/>\n\t<meta property=\"og:image:width\" content=\"1080\" \/>\n\t<meta property=\"og:image:height\" content=\"1080\" \/>\n\t<meta property=\"og:image:type\" content=\"image\/jpeg\" \/>\n<meta name=\"twitter:card\" content=\"summary_large_image\" \/>\n<meta name=\"twitter:label1\" content=\"Est. reading time\" \/>\n\t<meta name=\"twitter:data1\" content=\"2 minutit\" \/>\n<script type=\"application\/ld+json\" class=\"yoast-schema-graph\">{\"@context\":\"https:\\\/\\\/schema.org\",\"@graph\":[{\"@type\":\"WebPage\",\"@id\":\"https:\\\/\\\/idcolor.ee\\\/et\\\/toode\\\/astrolift-juukseid-parandav-voluumisprei\\\/\",\"url\":\"https:\\\/\\\/idcolor.ee\\\/et\\\/toode\\\/astrolift-juukseid-parandav-voluumisprei\\\/\",\"name\":\"AstroLift\u2122 juukseid parandav vol\u00fc\u00fcmisprei - iD Color\",\"isPartOf\":{\"@id\":\"https:\\\/\\\/idcolor.ee\\\/et\\\/#website\"},\"primaryImageOfPage\":{\"@id\":\"https:\\\/\\\/idcolor.ee\\\/et\\\/toode\\\/astrolift-juukseid-parandav-voluumisprei\\\/#primaryimage\"},\"image\":{\"@id\":\"https:\\\/\\\/idcolor.ee\\\/et\\\/toode\\\/astrolift-juukseid-parandav-voluumisprei\\\/#primaryimage\"},\"thumbnailUrl\":\"https:\\\/\\\/idcolor.ee\\\/wp-content\\\/uploads\\\/2025\\\/03\\\/K18_AstroLift.jpg\",\"datePublished\":\"2025-03-13T15:14:28+00:00\",\"dateModified\":\"2026-04-28T08:57:49+00:00\",\"description\":\"\u00d5hkkerge mittekleepuv sprei sobib eelk\u00f5ige \u00f5hematele, kohevust vajavatele juustele, andes soengule t\u00e4idlasema ja vol\u00fc\u00fcmikama ilme ning tunde kuni kaheks p\u00e4evaks.\",\"breadcrumb\":{\"@id\":\"https:\\\/\\\/idcolor.ee\\\/et\\\/toode\\\/astrolift-juukseid-parandav-voluumisprei\\\/#breadcrumb\"},\"inLanguage\":\"et\",\"potentialAction\":[{\"@type\":\"ReadAction\",\"target\":[\"https:\\\/\\\/idcolor.ee\\\/et\\\/toode\\\/astrolift-juukseid-parandav-voluumisprei\\\/\"]}]},{\"@type\":\"ImageObject\",\"inLanguage\":\"et\",\"@id\":\"https:\\\/\\\/idcolor.ee\\\/et\\\/toode\\\/astrolift-juukseid-parandav-voluumisprei\\\/#primaryimage\",\"url\":\"https:\\\/\\\/idcolor.ee\\\/wp-content\\\/uploads\\\/2025\\\/03\\\/K18_AstroLift.jpg\",\"contentUrl\":\"https:\\\/\\\/idcolor.ee\\\/wp-content\\\/uploads\\\/2025\\\/03\\\/K18_AstroLift.jpg\",\"width\":1080,\"height\":1080},{\"@type\":\"BreadcrumbList\",\"@id\":\"https:\\\/\\\/idcolor.ee\\\/et\\\/toode\\\/astrolift-juukseid-parandav-voluumisprei\\\/#breadcrumb\",\"itemListElement\":[{\"@type\":\"ListItem\",\"position\":1,\"name\":\"Home\",\"item\":\"https:\\\/\\\/idcolor.ee\\\/et\\\/avaleht\\\/\"},{\"@type\":\"ListItem\",\"position\":2,\"name\":\"Pood\",\"item\":\"https:\\\/\\\/idcolor.ee\\\/et\\\/shop-2\\\/\"},{\"@type\":\"ListItem\",\"position\":3,\"name\":\"AstroLift\u2122 juukseid parandav vol\u00fc\u00fcmisprei\"}]},{\"@type\":\"WebSite\",\"@id\":\"https:\\\/\\\/idcolor.ee\\\/et\\\/#website\",\"url\":\"https:\\\/\\\/idcolor.ee\\\/et\\\/\",\"name\":\"iD Color\",\"description\":\"Hair care products\",\"publisher\":{\"@id\":\"https:\\\/\\\/idcolor.ee\\\/et\\\/#organization\"},\"potentialAction\":[{\"@type\":\"SearchAction\",\"target\":{\"@type\":\"EntryPoint\",\"urlTemplate\":\"https:\\\/\\\/idcolor.ee\\\/et\\\/?s={search_term_string}\"},\"query-input\":{\"@type\":\"PropertyValueSpecification\",\"valueRequired\":true,\"valueName\":\"search_term_string\"}}],\"inLanguage\":\"et\"},{\"@type\":\"Organization\",\"@id\":\"https:\\\/\\\/idcolor.ee\\\/et\\\/#organization\",\"name\":\"iD Color O\u00dc\",\"url\":\"https:\\\/\\\/idcolor.ee\\\/et\\\/\",\"logo\":{\"@type\":\"ImageObject\",\"inLanguage\":\"et\",\"@id\":\"https:\\\/\\\/idcolor.ee\\\/et\\\/#\\\/schema\\\/logo\\\/image\\\/\",\"url\":\"https:\\\/\\\/idcolor.ee\\\/wp-content\\\/uploads\\\/2022\\\/01\\\/IDColor_Logo_1000.png\",\"contentUrl\":\"https:\\\/\\\/idcolor.ee\\\/wp-content\\\/uploads\\\/2022\\\/01\\\/IDColor_Logo_1000.png\",\"width\":1001,\"height\":354,\"caption\":\"iD Color O\u00dc\"},\"image\":{\"@id\":\"https:\\\/\\\/idcolor.ee\\\/et\\\/#\\\/schema\\\/logo\\\/image\\\/\"}}]}<\/script>\n<!-- \/ Yoast SEO plugin. -->","yoast_head_json":{"title":"AstroLift\u2122 juukseid parandav vol\u00fc\u00fcmisprei - iD Color","description":"\u00d5hkkerge mittekleepuv sprei sobib eelk\u00f5ige \u00f5hematele, kohevust vajavatele juustele, andes soengule t\u00e4idlasema ja vol\u00fc\u00fcmikama ilme ning tunde kuni kaheks p\u00e4evaks.","robots":{"index":"index","follow":"follow","max-snippet":"max-snippet:-1","max-image-preview":"max-image-preview:large","max-video-preview":"max-video-preview:-1"},"canonical":"https:\/\/idcolor.ee\/et\/toode\/astrolift-juukseid-parandav-voluumisprei\/","og_locale":"et_EE","og_type":"article","og_title":"AstroLift\u2122 juukseid parandav vol\u00fc\u00fcmisprei - iD Color","og_description":"\u00d5hkkerge mittekleepuv sprei sobib eelk\u00f5ige \u00f5hematele, kohevust vajavatele juustele, andes soengule t\u00e4idlasema ja vol\u00fc\u00fcmikama ilme ning tunde kuni kaheks p\u00e4evaks.","og_url":"https:\/\/idcolor.ee\/et\/toode\/astrolift-juukseid-parandav-voluumisprei\/","og_site_name":"iD Color","article_modified_time":"2026-04-28T08:57:49+00:00","og_image":[{"width":1080,"height":1080,"url":"https:\/\/idcolor.ee\/wp-content\/uploads\/2025\/03\/K18_AstroLift.jpg","type":"image\/jpeg"}],"twitter_card":"summary_large_image","twitter_misc":{"Est. reading time":"2 minutit"},"schema":{"@context":"https:\/\/schema.org","@graph":[{"@type":"WebPage","@id":"https:\/\/idcolor.ee\/et\/toode\/astrolift-juukseid-parandav-voluumisprei\/","url":"https:\/\/idcolor.ee\/et\/toode\/astrolift-juukseid-parandav-voluumisprei\/","name":"AstroLift\u2122 juukseid parandav vol\u00fc\u00fcmisprei - iD Color","isPartOf":{"@id":"https:\/\/idcolor.ee\/et\/#website"},"primaryImageOfPage":{"@id":"https:\/\/idcolor.ee\/et\/toode\/astrolift-juukseid-parandav-voluumisprei\/#primaryimage"},"image":{"@id":"https:\/\/idcolor.ee\/et\/toode\/astrolift-juukseid-parandav-voluumisprei\/#primaryimage"},"thumbnailUrl":"https:\/\/idcolor.ee\/wp-content\/uploads\/2025\/03\/K18_AstroLift.jpg","datePublished":"2025-03-13T15:14:28+00:00","dateModified":"2026-04-28T08:57:49+00:00","description":"\u00d5hkkerge mittekleepuv sprei sobib eelk\u00f5ige \u00f5hematele, kohevust vajavatele juustele, andes soengule t\u00e4idlasema ja vol\u00fc\u00fcmikama ilme ning tunde kuni kaheks p\u00e4evaks.","breadcrumb":{"@id":"https:\/\/idcolor.ee\/et\/toode\/astrolift-juukseid-parandav-voluumisprei\/#breadcrumb"},"inLanguage":"et","potentialAction":[{"@type":"ReadAction","target":["https:\/\/idcolor.ee\/et\/toode\/astrolift-juukseid-parandav-voluumisprei\/"]}]},{"@type":"ImageObject","inLanguage":"et","@id":"https:\/\/idcolor.ee\/et\/toode\/astrolift-juukseid-parandav-voluumisprei\/#primaryimage","url":"https:\/\/idcolor.ee\/wp-content\/uploads\/2025\/03\/K18_AstroLift.jpg","contentUrl":"https:\/\/idcolor.ee\/wp-content\/uploads\/2025\/03\/K18_AstroLift.jpg","width":1080,"height":1080},{"@type":"BreadcrumbList","@id":"https:\/\/idcolor.ee\/et\/toode\/astrolift-juukseid-parandav-voluumisprei\/#breadcrumb","itemListElement":[{"@type":"ListItem","position":1,"name":"Home","item":"https:\/\/idcolor.ee\/et\/avaleht\/"},{"@type":"ListItem","position":2,"name":"Pood","item":"https:\/\/idcolor.ee\/et\/shop-2\/"},{"@type":"ListItem","position":3,"name":"AstroLift\u2122 juukseid parandav vol\u00fc\u00fcmisprei"}]},{"@type":"WebSite","@id":"https:\/\/idcolor.ee\/et\/#website","url":"https:\/\/idcolor.ee\/et\/","name":"iD Color","description":"Hair care products","publisher":{"@id":"https:\/\/idcolor.ee\/et\/#organization"},"potentialAction":[{"@type":"SearchAction","target":{"@type":"EntryPoint","urlTemplate":"https:\/\/idcolor.ee\/et\/?s={search_term_string}"},"query-input":{"@type":"PropertyValueSpecification","valueRequired":true,"valueName":"search_term_string"}}],"inLanguage":"et"},{"@type":"Organization","@id":"https:\/\/idcolor.ee\/et\/#organization","name":"iD Color O\u00dc","url":"https:\/\/idcolor.ee\/et\/","logo":{"@type":"ImageObject","inLanguage":"et","@id":"https:\/\/idcolor.ee\/et\/#\/schema\/logo\/image\/","url":"https:\/\/idcolor.ee\/wp-content\/uploads\/2022\/01\/IDColor_Logo_1000.png","contentUrl":"https:\/\/idcolor.ee\/wp-content\/uploads\/2022\/01\/IDColor_Logo_1000.png","width":1001,"height":354,"caption":"iD Color O\u00dc"},"image":{"@id":"https:\/\/idcolor.ee\/et\/#\/schema\/logo\/image\/"}}]}},"_links":{"self":[{"href":"https:\/\/idcolor.ee\/et\/wp-json\/wp\/v2\/product\/6775","targetHints":{"allow":["GET"]}}],"collection":[{"href":"https:\/\/idcolor.ee\/et\/wp-json\/wp\/v2\/product"}],"about":[{"href":"https:\/\/idcolor.ee\/et\/wp-json\/wp\/v2\/types\/product"}],"wp:featuredmedia":[{"embeddable":true,"href":"https:\/\/idcolor.ee\/et\/wp-json\/wp\/v2\/media\/6771"}],"wp:attachment":[{"href":"https:\/\/idcolor.ee\/et\/wp-json\/wp\/v2\/media?parent=6775"}],"wp:term":[{"taxonomy":"product_brand","embeddable":true,"href":"https:\/\/idcolor.ee\/et\/wp-json\/wp\/v2\/product_brand?post=6775"},{"taxonomy":"product_cat","embeddable":true,"href":"https:\/\/idcolor.ee\/et\/wp-json\/wp\/v2\/product_cat?post=6775"},{"taxonomy":"product_tag","embeddable":true,"href":"https:\/\/idcolor.ee\/et\/wp-json\/wp\/v2\/product_tag?post=6775"}],"curies":[{"name":"wp","href":"https:\/\/api.w.org\/{rel}","templated":true}]}}