{"id":7325,"date":"2025-09-17T12:00:30","date_gmt":"2025-09-17T09:00:30","guid":{"rendered":"https:\/\/idcolor.ee\/product\/maksimalist-vananemisvastane-niisutav-kreem\/"},"modified":"2026-04-15T19:26:29","modified_gmt":"2026-04-15T16:26:29","slug":"maksimalist-vananemisvastane-niisutav-kreem","status":"publish","type":"product","link":"https:\/\/idcolor.ee\/et\/toode\/maksimalist-vananemisvastane-niisutav-kreem\/","title":{"rendered":"Maksimalist vananemisvastane niisutav kreem"},"content":{"rendered":"<div class=\"wpb-content-wrapper\"><p>[vc_row][vc_column][vc_row_inner][vc_column_inner width=&#8221;1\/4&#8243; offset=&#8221;vc_hidden-sm vc_hidden-xs&#8221;][vc_single_image image=&#8221;7046&#8243; img_size=&#8221;full&#8221; css=&#8221;&#8221;][vc_empty_space height=&#8221;20px&#8221;][\/vc_column_inner][vc_column_inner width=&#8221;3\/4&#8243; css=&#8221;.vc_custom_1643102537405{padding-right: 70% !important;}&#8221; offset=&#8221;vc_hidden-lg vc_hidden-md&#8221;][vc_single_image image=&#8221;7041&#8243; img_size=&#8221;full&#8221; css=&#8221;&#8221;][vc_empty_space height=&#8221;20px&#8221;][\/vc_column_inner][\/vc_row_inner]<div class=\"nasa-title clearfix nasa-t hr-type-none\"><h4 class=\"nasa-heading-title\"><span class=\"nasa-title-wrap\"><span style=\"color: #000000;\">MAKSIMALIST VANANEMISVASTANE NIISUTAV KREEM | 50 ml<\/span><\/span><\/h4><p class=\"nasa-title-desc\" style=\"color: #000000;\">Maximalist Age-Defying Moisturizer<\/p><\/div>[vc_empty_space height=&#8221;20px&#8221;][vc_separator][vc_empty_space height=&#8221;10px&#8221;][vc_column_text css=&#8221;&#8221;]See on palju enamat kui lihtsalt kreem. Maksimaalselt toitev ja pinguldav vananemisvastane kreem annab nahale puhtama, klaarima ning noorema v\u00e4ljan\u00e4gemise.<\/p>\n<h4>NAHAPROBLEEMID<\/h4>\n<p>Deh\u00fcdratsioon, tuhmus, peened jooned ja kortsud, elastsuse kadu, eba\u00fchtlane nahatoon ja tekstuur.[\/vc_column_text][vc_empty_space height=&#8221;35px&#8221;][vc_row_inner css=&#8221;.vc_custom_1758138746829{padding-bottom: 25px !important;}&#8221;][vc_column_inner width=&#8221;1\/2&#8243;][vc_column_text css=&#8221;&#8221;]<\/p>\n<h4>PEAMISED TOIMEAINED<\/h4>\n<p><strong>4% PEPTIIDIDE JA H\u00dcALUROONHAPPE KOMPLEKS<\/strong><br \/>\n\u00dchendab endas 4 erineva molekulmassiga h\u00fcaluroonhapet, mis niisutavad nahka mitmetasandiliselt, nii pindmiselt kui ka s\u00fcgavamalt. Kompleksis sisalduvad peptiidid Palmitoyl Tripeptide-1 ja Palmitoyl Tetrapeptide-7 (Matrixyl 3000\u2122) on suunatud vananemise n\u00e4htavate m\u00e4rkide vastu, stimuleerides kollageeni ja elastiini tootmist, mis aitab v\u00e4hendada peente joonte ja kortsude <br \/>teket, parandada naha elastsust ning stimuleerida naha taastumisprotsesse.<\/p>\n<p><strong>NIACINAMIDE<\/strong><br \/>\nNIATSINAMIID Multifunktsionaalne koostisosa \u00fchtlustab nahatooni, tugevdab naha kaitsebarj\u00e4\u00e4ri ja rahustab p\u00f5letikulist v\u00f5i \u00e4rritunud nahka, parandab naha tekstuuri ning aitab v\u00e4hendada punetust ja tumedaid laike.<\/p>\n<p><strong>HEXYLRESORCINOL<\/strong><br \/>\nNahatooni \u00fchtlustav koostisosa aitab v\u00e4hendada tumedaid laike ja h\u00fcperpigmentatsiooni, muudab nahatooni \u00fchtlasemaks ja s\u00e4ravamaks. Sellel on antioks\u00fcdantsed omadused, mis aitavad kaitsta nahka vabade radikaalide eest.<\/p>\n<p><strong>BAKUCHIOL<\/strong><br \/>\nTugev antioks\u00fcdant aitab kaitsta nahka keskkonna agressorite eest, v\u00e4hendada n\u00e4htavaid vananemise m\u00e4rke, parandada naha tekstuuri, kortsude s\u00fcgavust ning sobib ka tundlikule nahale.[\/vc_column_text][\/vc_column_inner][vc_column_inner width=&#8221;1\/2&#8243;][vc_empty_space height=&#8221;35px&#8221;]    <div class=\"nasa-sc-carousel-main nasa-bullets-center\">\r\n                <div \r\n            class=\"nasa-slick-slider nasa-not-elementor-style nasa-slick-nav\"\r\n            data-autoplay=\"true\"\r\n            data-loop=\"true\"\r\n            data-speed=\"600\"\r\n            data-dot=\"true\"\r\n            data-columns=\"1\"\r\n            data-columns-small=\"1\"\r\n            data-columns-tablet=\"1\"\r\n            data-switch-tablet=\"767\"\r\n            data-switch-desktop=\"1024\"\r\n            >\r\n            [vc_single_image image=&#8221;7071&#8243; img_size=&#8221;full&#8221; css=&#8221;&#8221;][vc_single_image image=&#8221;7056&#8243; img_size=&#8221;full&#8221; css=&#8221;&#8221;][vc_single_image image=&#8221;7086&#8243; img_size=&#8221;full&#8221; css=&#8221;&#8221;][vc_single_image image=&#8221;7081&#8243; img_size=&#8221;full&#8221; css=&#8221;&#8221;]        <\/div>\r\n    <\/div>\r\n    [\/vc_column_inner][\/vc_row_inner][vc_column_text css=&#8221;&#8221;]<\/p>\n<h4>TULEMUSED<\/h4>\n<p>V\u00e4hendab n\u00e4htavalt kortse, muudab naha elastsemaks ning pringimaks, pigmendilaigud heledamaks ja \u00fchtlustab jume.<\/p>\n<p>Maksimaalselt toitev kreem annab nahale puhtama, klaarima ning noorema v\u00e4ljan\u00e4gemise. Kliiniliselt t\u00f5estatud efektiivsusega niisutav kreem on meisterlikult kombineeritud peptiidide, h\u00fcaluroonhappe, niatsinamiidi ja bakutsiooliga, et korrigeerida mitmeid n\u00e4htavaid vananemisilminguid nagu peened jooned, kortsud, eba\u00fchtlane nahatoon ja tekstuur. Samuti parandab naha \u00fcldist toonust ja v\u00e4ljan\u00e4gemist.[\/vc_column_text][vc_empty_space height=&#8221;35px&#8221;][vc_column_text css=&#8221;&#8221;]<\/p>\n<h4><strong>KASUTAMINE<\/strong><\/h4>\n<p>MAKSIMALIST on loodud normaalsele ja vananevale nahale igap\u00e4evaseks kasutamiseks.<\/p>\n<p>Kanna v\u00e4ike kogus kreemi puhastatud n\u00e4ole hommikul ja\/v\u00f5i \u00f5htul. Kerge tekstuuriga niisutav kreem imendub kiiresti, j\u00e4ttes naha sametiselt pehmeks ilma rasvase v\u00f5i kleepuva tundeta. Sobib kasutamiseks enne v\u00f5i p\u00e4rast seerumeid ja\/v\u00f5i hooldusi.<\/p>\n<p><strong>TEKSTUUR:<\/strong> rikkalik ja kreemjas[\/vc_column_text][vc_empty_space height=&#8221;35px&#8221;][vc_column_text css=&#8221;&#8221;]<\/p>\n<h4>PEAMISED EELISED<\/h4>\n<p>[\/vc_column_text][vc_row_inner css=&#8221;.vc_custom_1758108394998{margin-top: 20px !important;border-top-width: 1px !important;border-bottom-width: 1px !important;padding-top: 30px !important;padding-bottom: 30px !important;border-top-style: solid !important;border-bottom-style: solid !important;border-color: #EBEBEB !important;}&#8221;][vc_column_inner width=&#8221;1\/3&#8243;][vc_column_text css=&#8221;&#8221;]<strong>NIISUTAV JA TOITEV<\/strong><br \/>\nAnnab pikaajalise niisutuse ja aitab nahal niiskust s\u00e4ilitada[\/vc_column_text][\/vc_column_inner][vc_column_inner width=&#8221;1\/3&#8243;][vc_column_text css=&#8221;&#8221;]<strong>PEENED JOONED JA KORTSUD<\/strong><br \/>\nV\u00e4hendab n\u00e4htavalt peeneid jooni ja kortse, parandab naha tugevust ja elastsust[\/vc_column_text][\/vc_column_inner][vc_column_inner width=&#8221;1\/3&#8243;][vc_column_text css=&#8221;&#8221;]<strong>NAHA TEKSTUUR JA TOON<\/strong><br \/>\nParandab n\u00e4htavalt naha tugevust ja elastsust, muudab tumedaid laike heledamaks ja \u00fchtlustab jume.[\/vc_column_text][\/vc_column_inner][\/vc_row_inner][vc_empty_space height=&#8221;30px&#8221;][vc_column_text css=&#8221;&#8221;]<\/p>\n<h4>MULTIMODAALNE L\u00c4HENEMINE<\/h4>\n<p>[\/vc_column_text][vc_empty_space height=&#8221;20px&#8221;][vc_single_image image=&#8221;7112&#8243; img_size=&#8221;full&#8221; css=&#8221;&#8221;][vc_empty_space height=&#8221;30px&#8221;][vc_column_text css=&#8221;&#8221;]<\/p>\n<p style=\"text-align: left;\"><strong>VEGAN, JULMUSEVABA. DERMATOLOOGILISELT TESTITUD JA HEAKS KIIDETUD.<\/strong><\/p>\n<p>[\/vc_column_text][\/vc_column][\/vc_row]<\/p>\n<\/div>","protected":false},"excerpt":{"rendered":"<h5><strong>50 ml<\/strong><\/h5>\n<p><span style=\"color: #000000;\">See on palju enamat kui lihtsalt kreem. Maksimaalselt toitev ja pinguldav vananemisvastane kreem annab nahale puhtama, klaarima ning noorema v\u00e4ljan\u00e4gemise.<\/span><\/p>\n<p><strong>4% peptiidide ja h\u00fcaluroonhappe kompleks niatsiinamiidi, heks\u00fc\u00fclresortsinooli ja bakutsiooliga.<\/strong><\/p>\n","protected":false},"featured_media":7756,"template":"","meta":[],"product_brand":[],"product_cat":[334],"product_tag":[],"class_list":{"0":"post-7325","1":"product","2":"type-product","3":"status-publish","4":"has-post-thumbnail","6":"product_cat-matter-of-fact-et","8":"first","9":"instock","10":"taxable","11":"shipping-taxable","12":"purchasable","13":"product-type-simple"},"yoast_head":"<!-- This site is optimized with the Yoast SEO plugin v27.4 - https:\/\/yoast.com\/product\/yoast-seo-wordpress\/ -->\n<title>MATTER OF FACT Maksimalist vananemisvastane niisutav kreem - iD Color<\/title>\n<meta name=\"description\" content=\"Maksimaalselt toitev ja pinguldav vananemisvastane kreem annab nahale puhtama, klaarima ning noorema v\u00e4ljan\u00e4gemise.\" \/>\n<meta name=\"robots\" content=\"index, follow, max-snippet:-1, max-image-preview:large, max-video-preview:-1\" \/>\n<link rel=\"canonical\" href=\"https:\/\/idcolor.ee\/et\/toode\/maksimalist-vananemisvastane-niisutav-kreem\/\" \/>\n<meta property=\"og:locale\" content=\"et_EE\" \/>\n<meta property=\"og:type\" content=\"article\" \/>\n<meta property=\"og:title\" content=\"MATTER OF FACT Maksimalist vananemisvastane niisutav kreem - iD Color\" \/>\n<meta property=\"og:description\" content=\"Maksimaalselt toitev ja pinguldav vananemisvastane kreem annab nahale puhtama, klaarima ning noorema v\u00e4ljan\u00e4gemise.\" \/>\n<meta property=\"og:url\" content=\"https:\/\/idcolor.ee\/et\/toode\/maksimalist-vananemisvastane-niisutav-kreem\/\" \/>\n<meta property=\"og:site_name\" content=\"iD Color\" \/>\n<meta property=\"article:modified_time\" content=\"2026-04-15T16:26:29+00:00\" \/>\n<meta property=\"og:image\" content=\"https:\/\/idcolor.ee\/wp-content\/uploads\/2025\/09\/TLM_MAXIMALIST.jpg\" \/>\n\t<meta property=\"og:image:width\" content=\"1080\" \/>\n\t<meta property=\"og:image:height\" content=\"1080\" \/>\n\t<meta property=\"og:image:type\" content=\"image\/jpeg\" \/>\n<meta name=\"twitter:card\" content=\"summary_large_image\" \/>\n<meta name=\"twitter:label1\" content=\"Est. reading time\" \/>\n\t<meta name=\"twitter:data1\" content=\"4 minutit\" \/>\n<script type=\"application\/ld+json\" class=\"yoast-schema-graph\">{\"@context\":\"https:\\\/\\\/schema.org\",\"@graph\":[{\"@type\":\"WebPage\",\"@id\":\"https:\\\/\\\/idcolor.ee\\\/et\\\/toode\\\/maksimalist-vananemisvastane-niisutav-kreem\\\/\",\"url\":\"https:\\\/\\\/idcolor.ee\\\/et\\\/toode\\\/maksimalist-vananemisvastane-niisutav-kreem\\\/\",\"name\":\"MATTER OF FACT Maksimalist vananemisvastane niisutav kreem - iD Color\",\"isPartOf\":{\"@id\":\"https:\\\/\\\/idcolor.ee\\\/et\\\/#website\"},\"primaryImageOfPage\":{\"@id\":\"https:\\\/\\\/idcolor.ee\\\/et\\\/toode\\\/maksimalist-vananemisvastane-niisutav-kreem\\\/#primaryimage\"},\"image\":{\"@id\":\"https:\\\/\\\/idcolor.ee\\\/et\\\/toode\\\/maksimalist-vananemisvastane-niisutav-kreem\\\/#primaryimage\"},\"thumbnailUrl\":\"https:\\\/\\\/idcolor.ee\\\/wp-content\\\/uploads\\\/2025\\\/09\\\/TLM_MAXIMALIST.jpg\",\"datePublished\":\"2025-09-17T09:00:30+00:00\",\"dateModified\":\"2026-04-15T16:26:29+00:00\",\"description\":\"Maksimaalselt toitev ja pinguldav vananemisvastane kreem annab nahale puhtama, klaarima ning noorema v\u00e4ljan\u00e4gemise.\",\"breadcrumb\":{\"@id\":\"https:\\\/\\\/idcolor.ee\\\/et\\\/toode\\\/maksimalist-vananemisvastane-niisutav-kreem\\\/#breadcrumb\"},\"inLanguage\":\"et\",\"potentialAction\":[{\"@type\":\"ReadAction\",\"target\":[\"https:\\\/\\\/idcolor.ee\\\/et\\\/toode\\\/maksimalist-vananemisvastane-niisutav-kreem\\\/\"]}]},{\"@type\":\"ImageObject\",\"inLanguage\":\"et\",\"@id\":\"https:\\\/\\\/idcolor.ee\\\/et\\\/toode\\\/maksimalist-vananemisvastane-niisutav-kreem\\\/#primaryimage\",\"url\":\"https:\\\/\\\/idcolor.ee\\\/wp-content\\\/uploads\\\/2025\\\/09\\\/TLM_MAXIMALIST.jpg\",\"contentUrl\":\"https:\\\/\\\/idcolor.ee\\\/wp-content\\\/uploads\\\/2025\\\/09\\\/TLM_MAXIMALIST.jpg\",\"width\":1080,\"height\":1080},{\"@type\":\"BreadcrumbList\",\"@id\":\"https:\\\/\\\/idcolor.ee\\\/et\\\/toode\\\/maksimalist-vananemisvastane-niisutav-kreem\\\/#breadcrumb\",\"itemListElement\":[{\"@type\":\"ListItem\",\"position\":1,\"name\":\"Home\",\"item\":\"https:\\\/\\\/idcolor.ee\\\/et\\\/avaleht\\\/\"},{\"@type\":\"ListItem\",\"position\":2,\"name\":\"Pood\",\"item\":\"https:\\\/\\\/idcolor.ee\\\/et\\\/shop-2\\\/\"},{\"@type\":\"ListItem\",\"position\":3,\"name\":\"Maksimalist vananemisvastane niisutav kreem\"}]},{\"@type\":\"WebSite\",\"@id\":\"https:\\\/\\\/idcolor.ee\\\/et\\\/#website\",\"url\":\"https:\\\/\\\/idcolor.ee\\\/et\\\/\",\"name\":\"iD Color\",\"description\":\"Hair care products\",\"publisher\":{\"@id\":\"https:\\\/\\\/idcolor.ee\\\/et\\\/#organization\"},\"potentialAction\":[{\"@type\":\"SearchAction\",\"target\":{\"@type\":\"EntryPoint\",\"urlTemplate\":\"https:\\\/\\\/idcolor.ee\\\/et\\\/?s={search_term_string}\"},\"query-input\":{\"@type\":\"PropertyValueSpecification\",\"valueRequired\":true,\"valueName\":\"search_term_string\"}}],\"inLanguage\":\"et\"},{\"@type\":\"Organization\",\"@id\":\"https:\\\/\\\/idcolor.ee\\\/et\\\/#organization\",\"name\":\"iD Color O\u00dc\",\"url\":\"https:\\\/\\\/idcolor.ee\\\/et\\\/\",\"logo\":{\"@type\":\"ImageObject\",\"inLanguage\":\"et\",\"@id\":\"https:\\\/\\\/idcolor.ee\\\/et\\\/#\\\/schema\\\/logo\\\/image\\\/\",\"url\":\"https:\\\/\\\/idcolor.ee\\\/wp-content\\\/uploads\\\/2022\\\/01\\\/IDColor_Logo_1000.png\",\"contentUrl\":\"https:\\\/\\\/idcolor.ee\\\/wp-content\\\/uploads\\\/2022\\\/01\\\/IDColor_Logo_1000.png\",\"width\":1001,\"height\":354,\"caption\":\"iD Color O\u00dc\"},\"image\":{\"@id\":\"https:\\\/\\\/idcolor.ee\\\/et\\\/#\\\/schema\\\/logo\\\/image\\\/\"}}]}<\/script>\n<!-- \/ Yoast SEO plugin. -->","yoast_head_json":{"title":"MATTER OF FACT Maksimalist vananemisvastane niisutav kreem - iD Color","description":"Maksimaalselt toitev ja pinguldav vananemisvastane kreem annab nahale puhtama, klaarima ning noorema v\u00e4ljan\u00e4gemise.","robots":{"index":"index","follow":"follow","max-snippet":"max-snippet:-1","max-image-preview":"max-image-preview:large","max-video-preview":"max-video-preview:-1"},"canonical":"https:\/\/idcolor.ee\/et\/toode\/maksimalist-vananemisvastane-niisutav-kreem\/","og_locale":"et_EE","og_type":"article","og_title":"MATTER OF FACT Maksimalist vananemisvastane niisutav kreem - iD Color","og_description":"Maksimaalselt toitev ja pinguldav vananemisvastane kreem annab nahale puhtama, klaarima ning noorema v\u00e4ljan\u00e4gemise.","og_url":"https:\/\/idcolor.ee\/et\/toode\/maksimalist-vananemisvastane-niisutav-kreem\/","og_site_name":"iD Color","article_modified_time":"2026-04-15T16:26:29+00:00","og_image":[{"width":1080,"height":1080,"url":"https:\/\/idcolor.ee\/wp-content\/uploads\/2025\/09\/TLM_MAXIMALIST.jpg","type":"image\/jpeg"}],"twitter_card":"summary_large_image","twitter_misc":{"Est. reading time":"4 minutit"},"schema":{"@context":"https:\/\/schema.org","@graph":[{"@type":"WebPage","@id":"https:\/\/idcolor.ee\/et\/toode\/maksimalist-vananemisvastane-niisutav-kreem\/","url":"https:\/\/idcolor.ee\/et\/toode\/maksimalist-vananemisvastane-niisutav-kreem\/","name":"MATTER OF FACT Maksimalist vananemisvastane niisutav kreem - iD Color","isPartOf":{"@id":"https:\/\/idcolor.ee\/et\/#website"},"primaryImageOfPage":{"@id":"https:\/\/idcolor.ee\/et\/toode\/maksimalist-vananemisvastane-niisutav-kreem\/#primaryimage"},"image":{"@id":"https:\/\/idcolor.ee\/et\/toode\/maksimalist-vananemisvastane-niisutav-kreem\/#primaryimage"},"thumbnailUrl":"https:\/\/idcolor.ee\/wp-content\/uploads\/2025\/09\/TLM_MAXIMALIST.jpg","datePublished":"2025-09-17T09:00:30+00:00","dateModified":"2026-04-15T16:26:29+00:00","description":"Maksimaalselt toitev ja pinguldav vananemisvastane kreem annab nahale puhtama, klaarima ning noorema v\u00e4ljan\u00e4gemise.","breadcrumb":{"@id":"https:\/\/idcolor.ee\/et\/toode\/maksimalist-vananemisvastane-niisutav-kreem\/#breadcrumb"},"inLanguage":"et","potentialAction":[{"@type":"ReadAction","target":["https:\/\/idcolor.ee\/et\/toode\/maksimalist-vananemisvastane-niisutav-kreem\/"]}]},{"@type":"ImageObject","inLanguage":"et","@id":"https:\/\/idcolor.ee\/et\/toode\/maksimalist-vananemisvastane-niisutav-kreem\/#primaryimage","url":"https:\/\/idcolor.ee\/wp-content\/uploads\/2025\/09\/TLM_MAXIMALIST.jpg","contentUrl":"https:\/\/idcolor.ee\/wp-content\/uploads\/2025\/09\/TLM_MAXIMALIST.jpg","width":1080,"height":1080},{"@type":"BreadcrumbList","@id":"https:\/\/idcolor.ee\/et\/toode\/maksimalist-vananemisvastane-niisutav-kreem\/#breadcrumb","itemListElement":[{"@type":"ListItem","position":1,"name":"Home","item":"https:\/\/idcolor.ee\/et\/avaleht\/"},{"@type":"ListItem","position":2,"name":"Pood","item":"https:\/\/idcolor.ee\/et\/shop-2\/"},{"@type":"ListItem","position":3,"name":"Maksimalist vananemisvastane niisutav kreem"}]},{"@type":"WebSite","@id":"https:\/\/idcolor.ee\/et\/#website","url":"https:\/\/idcolor.ee\/et\/","name":"iD Color","description":"Hair care products","publisher":{"@id":"https:\/\/idcolor.ee\/et\/#organization"},"potentialAction":[{"@type":"SearchAction","target":{"@type":"EntryPoint","urlTemplate":"https:\/\/idcolor.ee\/et\/?s={search_term_string}"},"query-input":{"@type":"PropertyValueSpecification","valueRequired":true,"valueName":"search_term_string"}}],"inLanguage":"et"},{"@type":"Organization","@id":"https:\/\/idcolor.ee\/et\/#organization","name":"iD Color O\u00dc","url":"https:\/\/idcolor.ee\/et\/","logo":{"@type":"ImageObject","inLanguage":"et","@id":"https:\/\/idcolor.ee\/et\/#\/schema\/logo\/image\/","url":"https:\/\/idcolor.ee\/wp-content\/uploads\/2022\/01\/IDColor_Logo_1000.png","contentUrl":"https:\/\/idcolor.ee\/wp-content\/uploads\/2022\/01\/IDColor_Logo_1000.png","width":1001,"height":354,"caption":"iD Color O\u00dc"},"image":{"@id":"https:\/\/idcolor.ee\/et\/#\/schema\/logo\/image\/"}}]}},"_links":{"self":[{"href":"https:\/\/idcolor.ee\/et\/wp-json\/wp\/v2\/product\/7325","targetHints":{"allow":["GET"]}}],"collection":[{"href":"https:\/\/idcolor.ee\/et\/wp-json\/wp\/v2\/product"}],"about":[{"href":"https:\/\/idcolor.ee\/et\/wp-json\/wp\/v2\/types\/product"}],"wp:featuredmedia":[{"embeddable":true,"href":"https:\/\/idcolor.ee\/et\/wp-json\/wp\/v2\/media\/7756"}],"wp:attachment":[{"href":"https:\/\/idcolor.ee\/et\/wp-json\/wp\/v2\/media?parent=7325"}],"wp:term":[{"taxonomy":"product_brand","embeddable":true,"href":"https:\/\/idcolor.ee\/et\/wp-json\/wp\/v2\/product_brand?post=7325"},{"taxonomy":"product_cat","embeddable":true,"href":"https:\/\/idcolor.ee\/et\/wp-json\/wp\/v2\/product_cat?post=7325"},{"taxonomy":"product_tag","embeddable":true,"href":"https:\/\/idcolor.ee\/et\/wp-json\/wp\/v2\/product_tag?post=7325"}],"curies":[{"name":"wp","href":"https:\/\/api.w.org\/{rel}","templated":true}]}}