{"id":7326,"date":"2025-09-17T23:32:01","date_gmt":"2025-09-17T20:32:01","guid":{"rendered":"https:\/\/idcolor.ee\/product\/sara-andev-ja-pinguldav-seerum\/"},"modified":"2026-01-06T18:29:47","modified_gmt":"2026-01-06T16:29:47","slug":"sara-andev-ja-pinguldav-seerum","status":"publish","type":"product","link":"https:\/\/idcolor.ee\/et\/toode\/sara-andev-ja-pinguldav-seerum\/","title":{"rendered":"S\u00e4ra andev ja pinguldav seerum"},"content":{"rendered":"<div class=\"wpb-content-wrapper\"><p>[vc_row][vc_column][vc_row_inner][vc_column_inner width=&#8221;1\/4&#8243; offset=&#8221;vc_hidden-sm vc_hidden-xs&#8221;][vc_single_image image=&#8221;7046&#8243; img_size=&#8221;full&#8221; css=&#8221;&#8221;][vc_empty_space height=&#8221;20px&#8221;][\/vc_column_inner][vc_column_inner width=&#8221;3\/4&#8243; css=&#8221;.vc_custom_1643102537405{padding-right: 70% !important;}&#8221; offset=&#8221;vc_hidden-lg vc_hidden-md&#8221;][vc_single_image image=&#8221;7041&#8243; img_size=&#8221;full&#8221; css=&#8221;&#8221;][vc_empty_space height=&#8221;20px&#8221;][\/vc_column_inner][\/vc_row_inner]<div class=\"nasa-title clearfix nasa-t hr-type-none\"><h4 class=\"nasa-heading-title\"><span class=\"nasa-title-wrap\"><span style=\"color: #000000;\">S\u00c4RA ANDEV JA PINGULDAV SEERUM | 30 ml<\/span><\/span><\/h4><p class=\"nasa-title-desc\" style=\"color: #000000;\">Brightening + Firming Serum<\/p><\/div>[vc_empty_space height=&#8221;20px&#8221;][vc_separator][vc_empty_space height=&#8221;10px&#8221;][vc_column_text css=&#8221;&#8221;]Veevaba C-vitamiini seerum sisaldab 20% t\u00e4ielikult lahustunud ja stabiilset L-askorbiinhapet ning v\u00f5imsaid antioks\u00fcdante, mis annavad nahale puhtama, klaarima ja nooruslikuma ilme.<\/p>\n<h4>NAHAPROBLEEMID<\/h4>\n<p>Eba\u00fchtlane nahatoon, naha v\u00e4rvimuutused, peened jooned ja kortsud ning naha l\u00f5tvumine.[\/vc_column_text][vc_row_inner css=&#8221;.vc_custom_1758138746829{padding-bottom: 25px !important;}&#8221;][vc_column_inner width=&#8221;1\/2&#8243;][vc_empty_space height=&#8221;35px&#8221;][vc_column_text css=&#8221;&#8221;]<\/p>\n<h4>PEAMISED TOIMEAINED<\/h4>\n<p><strong>20% L-ASKORBIINHAPE<\/strong><br \/>\nPuhas ja enim uuritud C-vitamiini vorm muudab nahatooni \u00fchtlasemaks, parandab nahatoonust, \u2028silub ebatasasused, \u00fchtlustab peened jooned ja kortsukesed ning annab tugeva antioks\u00fcdantse kaitse.<\/p>\n<p><strong>FERUULHAPE<\/strong><br \/>\nV\u00f5imas antioks\u00fcdant, mis aitab kaitsta nahka keskkonnam\u00f5jude eest ning toetab L-askorbiinhappe toimet.<\/p>\n<p><strong>MERIM\u00c4NNI KOORE EKSTRAKT<\/strong><br \/>\nAntioks\u00fcdantiderikas taimne ekstrakt, mis rahustab ja kaitseb nahka saaste eest.<\/p>\n<p><strong>UUREA<\/strong><br \/>\nNiisutab, aitab naharakkudel uueneda, pehmendab nahka ja toimib p\u00f5letikuvastaselt.[\/vc_column_text][\/vc_column_inner][vc_column_inner width=&#8221;1\/2&#8243;][vc_empty_space height=&#8221;35px&#8221;]    <div class=\"nasa-sc-carousel-main nasa-bullets-center\">\r\n                <div \r\n            class=\"nasa-slick-slider nasa-not-elementor-style nasa-slick-nav\"\r\n            data-autoplay=\"true\"\r\n            data-loop=\"true\"\r\n            data-speed=\"600\"\r\n            data-dot=\"true\"\r\n            data-columns=\"1\"\r\n            data-columns-small=\"1\"\r\n            data-columns-tablet=\"1\"\r\n            data-switch-tablet=\"767\"\r\n            data-switch-desktop=\"1024\"\r\n            >\r\n            [vc_single_image image=&#8221;7118&#8243; img_size=&#8221;full&#8221; css=&#8221;&#8221;][vc_single_image image=&#8221;7128&#8243; img_size=&#8221;full&#8221; css=&#8221;&#8221;][vc_single_image image=&#8221;7123&#8243; img_size=&#8221;full&#8221; css=&#8221;&#8221;][vc_single_image image=&#8221;7138&#8243; img_size=&#8221;full&#8221; css=&#8221;&#8221;][vc_single_image image=&#8221;7133&#8243; img_size=&#8221;full&#8221; css=&#8221;&#8221;]        <\/div>\r\n    <\/div>\r\n    [\/vc_column_inner][\/vc_row_inner][vc_column_text css=&#8221;&#8221;]<\/p>\n<h4>TULEMUSED<\/h4>\n<p>S\u00e4ravam ja \u00fchtlasem nahatoon, siledam ning pringim nahk juba 14 p\u00e4evaga.[\/vc_column_text][vc_empty_space height=&#8221;35px&#8221;][vc_column_text css=&#8221;&#8221;]<\/p>\n<h4><strong>KASUTAMINE<\/strong><\/h4>\n<p>Kanna \u00fcks pumbat\u00e4is seerumit puhastatud n\u00e4ole. Seerumit v\u00f5ib kanda nii niiskele kui kuivale nihale, ilma et see tulemust m\u00f5jutaks. Kasutage s\u00e4\u00e4stlikult. Sobib kasutamiseks hommikul ja\/v\u00f5i \u00f5htul. Peale seerumit kanna n\u00e4ole niisutav kreem. Soovitame alustada kasutamist 2\u20133 korrast n\u00e4dalas ning seej\u00e4rel vajadusel suurendada kasutuskordi 1\u20132 p\u00e4evas.<\/p>\n<p>Kui te pole varem kasutanud C-vitamiini sisaldusega tooteid, siis soovitame alustada Minimalist Hydrating Moisturizer kreemi v\u00f5i Barrier + Antioxidant seerumi kasutamisega, et aidata nahal paremini kohaneda. Niisutavat kreemi v\u00f5id kanda n\u00e4eole ka enne seerumit, see ei m\u00f5juta seerumi efektiivsust ega imendumist.<\/p>\n<p><strong>TEKSTUUR:<\/strong> siidine veevaba vedelik.[\/vc_column_text][vc_empty_space height=&#8221;35px&#8221;][vc_column_text css=&#8221;&#8221;]<\/p>\n<h4>HEA TEADA<\/h4>\n<p>US Patent No. 12,390,444<\/p>\n<p><strong>MEIE PATENTEERITUD TEHNOLOOGIA<\/strong> v\u00f5imaldab seerumil t\u00e4iuslikult imenduda naha s\u00fcgavamatesse kihtidesse parandades naha toonust ja ning \u00fcldist tervist. Tootes on vaid 6 koostisainet, mis tagavad k\u00f5rge tolerantsuse ja viivad v\u00f5imalikud \u00e4rritusohud miinimumini. Kliinilistes uuringutes on t\u00f5estatud, et S\u00c4RA ANDEV JA PINGULDAV SEERUM parandab n\u00e4htavalt naha elastsust ja tugevust, v\u00e4hendab peeneid jooni ja kortse ning \u00fchtlustab nahatooni juba 14 p\u00e4evaga. Veevaba tootevalem tagab seerumi stabiilsuse ning 24-kuulise s\u00e4ilivuse ja toime.<\/p>\n<p><strong>TOOTE V\u00c4RVIMUUTUS AJA JOOKSUL.<\/strong> Toote v\u00e4rv v\u00f5ib aja jooksul muutuda. See tuleneb merim\u00e4nniekstraktist ja C-vitamiinist, kuid see ei m\u00f5juta toote efektiivsust. Stabiilsuse t\u00f5estamiseks on l\u00e4bi viidud kiirendatud ja reaalajas toimunud stabiilsustestid, mis n\u00e4itavad, \u2028et C-vitamiini sisaldus p\u00fcsib praktiliselt muutumatuna ka 2 aasta jooksul.<\/p>\n<p><strong>Ei sisalda s\u00e4ilitus-, v\u00e4rv- ega l\u00f5hnaaineid.<\/strong>[\/vc_column_text][vc_empty_space height=&#8221;35px&#8221;][vc_column_text css=&#8221;&#8221;]<\/p>\n<h4>PEAMISED EELISED<\/h4>\n<p>[\/vc_column_text][vc_row_inner css=&#8221;.vc_custom_1758108394998{margin-top: 20px !important;border-top-width: 1px !important;border-bottom-width: 1px !important;padding-top: 30px !important;padding-bottom: 30px !important;border-top-style: solid !important;border-bottom-style: solid !important;border-color: #EBEBEB !important;}&#8221;][vc_column_inner width=&#8221;1\/3&#8243;][vc_column_text css=&#8221;&#8221;]<strong>KIRGASTAV<\/strong><br \/>\nS\u00e4ravam ja \u00fchtlasem nahatoon.[\/vc_column_text][\/vc_column_inner][vc_column_inner width=&#8221;1\/3&#8243;][vc_column_text css=&#8221;&#8221;]<strong>PINGULDAV<\/strong><br \/>\nParandab elastsust ja muudab nahatooni siledamaks ning pringimaks.[\/vc_column_text][\/vc_column_inner][vc_column_inner width=&#8221;1\/3&#8243;][vc_column_text css=&#8221;&#8221;]<strong>PEENED JOONED JA KORTSUD<\/strong><br \/>\nN\u00e4htavalt \u00fchtlustab peened jooned ja kortsukesed.[\/vc_column_text][\/vc_column_inner][\/vc_row_inner][vc_empty_space height=&#8221;30px&#8221;][vc_column_text css=&#8221;&#8221;]<\/p>\n<h4>MULTIMODAALNE L\u00c4HENEMINE<\/h4>\n<p>[\/vc_column_text][vc_empty_space height=&#8221;20px&#8221;][vc_single_image image=&#8221;7148&#8243; img_size=&#8221;full&#8221; css=&#8221;&#8221;][vc_empty_space height=&#8221;30px&#8221;][vc_column_text css=&#8221;&#8221;]<\/p>\n<p style=\"text-align: left;\"><strong>VEGAN, JULMUSEVABA. DERMATOLOOGILISELT TESTITUD JA HEAKS KIIDETUD.<\/strong><\/p>\n<p>[\/vc_column_text][\/vc_column][\/vc_row]<\/p>\n<\/div>","protected":false},"excerpt":{"rendered":"<h5><strong>30 ml<\/strong><\/h5>\n<p><span style=\"color: #000000;\">Veevaba C-vitamiini seerum sisaldab 20% t\u00e4ielikult lahustunud ja stabiilset L-askorbiinhapet ning v\u00f5imsaid antioks\u00fcdante, mis annavad nahale puhtama, klaarima ja nooruslikuma ilme.<\/span><\/p>\n<p><strong>20% L-askorbiinhape, feruulhape ja merim\u00e4nni koore ekstrakt<\/strong><\/p>\n","protected":false},"featured_media":7143,"template":"","meta":[],"product_brand":[],"product_cat":[334],"product_tag":[],"class_list":{"0":"post-7326","1":"product","2":"type-product","3":"status-publish","4":"has-post-thumbnail","6":"product_cat-matter-of-fact-et","8":"first","9":"instock","10":"taxable","11":"shipping-taxable","12":"purchasable","13":"product-type-simple"},"yoast_head":"<!-- This site is optimized with the Yoast SEO plugin v27.4 - https:\/\/yoast.com\/product\/yoast-seo-wordpress\/ -->\n<title>MATTER OF FACT S\u00e4ra andev ja pinguldav seerum - iD Color<\/title>\n<meta name=\"description\" content=\"20% L-askorbiinhape, feruulhape ja merim\u00e4nni koore ekstrakt. Seerum annab nahale puhtama, klaarima ja nooruslikuma ilme juba 14 p\u00e4evaga.\" \/>\n<meta name=\"robots\" content=\"index, follow, max-snippet:-1, max-image-preview:large, max-video-preview:-1\" \/>\n<link rel=\"canonical\" href=\"https:\/\/idcolor.ee\/et\/toode\/sara-andev-ja-pinguldav-seerum\/\" \/>\n<meta property=\"og:locale\" content=\"et_EE\" \/>\n<meta property=\"og:type\" content=\"article\" \/>\n<meta property=\"og:title\" content=\"MATTER OF FACT S\u00e4ra andev ja pinguldav seerum - iD Color\" \/>\n<meta property=\"og:description\" content=\"20% L-askorbiinhape, feruulhape ja merim\u00e4nni koore ekstrakt. Seerum annab nahale puhtama, klaarima ja nooruslikuma ilme juba 14 p\u00e4evaga.\" \/>\n<meta property=\"og:url\" content=\"https:\/\/idcolor.ee\/et\/toode\/sara-andev-ja-pinguldav-seerum\/\" \/>\n<meta property=\"og:site_name\" content=\"iD Color\" \/>\n<meta property=\"article:modified_time\" content=\"2026-01-06T16:29:47+00:00\" \/>\n<meta property=\"og:image\" content=\"https:\/\/idcolor.ee\/wp-content\/uploads\/2025\/09\/BFS.jpg\" \/>\n\t<meta property=\"og:image:width\" content=\"1080\" \/>\n\t<meta property=\"og:image:height\" content=\"1080\" \/>\n\t<meta property=\"og:image:type\" content=\"image\/jpeg\" \/>\n<meta name=\"twitter:card\" content=\"summary_large_image\" \/>\n<meta name=\"twitter:label1\" content=\"Est. reading time\" \/>\n\t<meta name=\"twitter:data1\" content=\"4 minutit\" \/>\n<script type=\"application\/ld+json\" class=\"yoast-schema-graph\">{\"@context\":\"https:\\\/\\\/schema.org\",\"@graph\":[{\"@type\":\"WebPage\",\"@id\":\"https:\\\/\\\/idcolor.ee\\\/et\\\/toode\\\/sara-andev-ja-pinguldav-seerum\\\/\",\"url\":\"https:\\\/\\\/idcolor.ee\\\/et\\\/toode\\\/sara-andev-ja-pinguldav-seerum\\\/\",\"name\":\"MATTER OF FACT S\u00e4ra andev ja pinguldav seerum - iD Color\",\"isPartOf\":{\"@id\":\"https:\\\/\\\/idcolor.ee\\\/et\\\/#website\"},\"primaryImageOfPage\":{\"@id\":\"https:\\\/\\\/idcolor.ee\\\/et\\\/toode\\\/sara-andev-ja-pinguldav-seerum\\\/#primaryimage\"},\"image\":{\"@id\":\"https:\\\/\\\/idcolor.ee\\\/et\\\/toode\\\/sara-andev-ja-pinguldav-seerum\\\/#primaryimage\"},\"thumbnailUrl\":\"https:\\\/\\\/idcolor.ee\\\/wp-content\\\/uploads\\\/2025\\\/09\\\/BFS.jpg\",\"datePublished\":\"2025-09-17T20:32:01+00:00\",\"dateModified\":\"2026-01-06T16:29:47+00:00\",\"description\":\"20% L-askorbiinhape, feruulhape ja merim\u00e4nni koore ekstrakt. Seerum annab nahale puhtama, klaarima ja nooruslikuma ilme juba 14 p\u00e4evaga.\",\"breadcrumb\":{\"@id\":\"https:\\\/\\\/idcolor.ee\\\/et\\\/toode\\\/sara-andev-ja-pinguldav-seerum\\\/#breadcrumb\"},\"inLanguage\":\"et\",\"potentialAction\":[{\"@type\":\"ReadAction\",\"target\":[\"https:\\\/\\\/idcolor.ee\\\/et\\\/toode\\\/sara-andev-ja-pinguldav-seerum\\\/\"]}]},{\"@type\":\"ImageObject\",\"inLanguage\":\"et\",\"@id\":\"https:\\\/\\\/idcolor.ee\\\/et\\\/toode\\\/sara-andev-ja-pinguldav-seerum\\\/#primaryimage\",\"url\":\"https:\\\/\\\/idcolor.ee\\\/wp-content\\\/uploads\\\/2025\\\/09\\\/BFS.jpg\",\"contentUrl\":\"https:\\\/\\\/idcolor.ee\\\/wp-content\\\/uploads\\\/2025\\\/09\\\/BFS.jpg\",\"width\":1080,\"height\":1080},{\"@type\":\"BreadcrumbList\",\"@id\":\"https:\\\/\\\/idcolor.ee\\\/et\\\/toode\\\/sara-andev-ja-pinguldav-seerum\\\/#breadcrumb\",\"itemListElement\":[{\"@type\":\"ListItem\",\"position\":1,\"name\":\"Home\",\"item\":\"https:\\\/\\\/idcolor.ee\\\/et\\\/avaleht\\\/\"},{\"@type\":\"ListItem\",\"position\":2,\"name\":\"Pood\",\"item\":\"https:\\\/\\\/idcolor.ee\\\/et\\\/shop-2\\\/\"},{\"@type\":\"ListItem\",\"position\":3,\"name\":\"S\u00e4ra andev ja pinguldav seerum\"}]},{\"@type\":\"WebSite\",\"@id\":\"https:\\\/\\\/idcolor.ee\\\/et\\\/#website\",\"url\":\"https:\\\/\\\/idcolor.ee\\\/et\\\/\",\"name\":\"iD Color\",\"description\":\"Hair care products\",\"publisher\":{\"@id\":\"https:\\\/\\\/idcolor.ee\\\/et\\\/#organization\"},\"potentialAction\":[{\"@type\":\"SearchAction\",\"target\":{\"@type\":\"EntryPoint\",\"urlTemplate\":\"https:\\\/\\\/idcolor.ee\\\/et\\\/?s={search_term_string}\"},\"query-input\":{\"@type\":\"PropertyValueSpecification\",\"valueRequired\":true,\"valueName\":\"search_term_string\"}}],\"inLanguage\":\"et\"},{\"@type\":\"Organization\",\"@id\":\"https:\\\/\\\/idcolor.ee\\\/et\\\/#organization\",\"name\":\"iD Color O\u00dc\",\"url\":\"https:\\\/\\\/idcolor.ee\\\/et\\\/\",\"logo\":{\"@type\":\"ImageObject\",\"inLanguage\":\"et\",\"@id\":\"https:\\\/\\\/idcolor.ee\\\/et\\\/#\\\/schema\\\/logo\\\/image\\\/\",\"url\":\"https:\\\/\\\/idcolor.ee\\\/wp-content\\\/uploads\\\/2022\\\/01\\\/IDColor_Logo_1000.png\",\"contentUrl\":\"https:\\\/\\\/idcolor.ee\\\/wp-content\\\/uploads\\\/2022\\\/01\\\/IDColor_Logo_1000.png\",\"width\":1001,\"height\":354,\"caption\":\"iD Color O\u00dc\"},\"image\":{\"@id\":\"https:\\\/\\\/idcolor.ee\\\/et\\\/#\\\/schema\\\/logo\\\/image\\\/\"}}]}<\/script>\n<!-- \/ Yoast SEO plugin. -->","yoast_head_json":{"title":"MATTER OF FACT S\u00e4ra andev ja pinguldav seerum - iD Color","description":"20% L-askorbiinhape, feruulhape ja merim\u00e4nni koore ekstrakt. Seerum annab nahale puhtama, klaarima ja nooruslikuma ilme juba 14 p\u00e4evaga.","robots":{"index":"index","follow":"follow","max-snippet":"max-snippet:-1","max-image-preview":"max-image-preview:large","max-video-preview":"max-video-preview:-1"},"canonical":"https:\/\/idcolor.ee\/et\/toode\/sara-andev-ja-pinguldav-seerum\/","og_locale":"et_EE","og_type":"article","og_title":"MATTER OF FACT S\u00e4ra andev ja pinguldav seerum - iD Color","og_description":"20% L-askorbiinhape, feruulhape ja merim\u00e4nni koore ekstrakt. Seerum annab nahale puhtama, klaarima ja nooruslikuma ilme juba 14 p\u00e4evaga.","og_url":"https:\/\/idcolor.ee\/et\/toode\/sara-andev-ja-pinguldav-seerum\/","og_site_name":"iD Color","article_modified_time":"2026-01-06T16:29:47+00:00","og_image":[{"width":1080,"height":1080,"url":"https:\/\/idcolor.ee\/wp-content\/uploads\/2025\/09\/BFS.jpg","type":"image\/jpeg"}],"twitter_card":"summary_large_image","twitter_misc":{"Est. reading time":"4 minutit"},"schema":{"@context":"https:\/\/schema.org","@graph":[{"@type":"WebPage","@id":"https:\/\/idcolor.ee\/et\/toode\/sara-andev-ja-pinguldav-seerum\/","url":"https:\/\/idcolor.ee\/et\/toode\/sara-andev-ja-pinguldav-seerum\/","name":"MATTER OF FACT S\u00e4ra andev ja pinguldav seerum - iD Color","isPartOf":{"@id":"https:\/\/idcolor.ee\/et\/#website"},"primaryImageOfPage":{"@id":"https:\/\/idcolor.ee\/et\/toode\/sara-andev-ja-pinguldav-seerum\/#primaryimage"},"image":{"@id":"https:\/\/idcolor.ee\/et\/toode\/sara-andev-ja-pinguldav-seerum\/#primaryimage"},"thumbnailUrl":"https:\/\/idcolor.ee\/wp-content\/uploads\/2025\/09\/BFS.jpg","datePublished":"2025-09-17T20:32:01+00:00","dateModified":"2026-01-06T16:29:47+00:00","description":"20% L-askorbiinhape, feruulhape ja merim\u00e4nni koore ekstrakt. Seerum annab nahale puhtama, klaarima ja nooruslikuma ilme juba 14 p\u00e4evaga.","breadcrumb":{"@id":"https:\/\/idcolor.ee\/et\/toode\/sara-andev-ja-pinguldav-seerum\/#breadcrumb"},"inLanguage":"et","potentialAction":[{"@type":"ReadAction","target":["https:\/\/idcolor.ee\/et\/toode\/sara-andev-ja-pinguldav-seerum\/"]}]},{"@type":"ImageObject","inLanguage":"et","@id":"https:\/\/idcolor.ee\/et\/toode\/sara-andev-ja-pinguldav-seerum\/#primaryimage","url":"https:\/\/idcolor.ee\/wp-content\/uploads\/2025\/09\/BFS.jpg","contentUrl":"https:\/\/idcolor.ee\/wp-content\/uploads\/2025\/09\/BFS.jpg","width":1080,"height":1080},{"@type":"BreadcrumbList","@id":"https:\/\/idcolor.ee\/et\/toode\/sara-andev-ja-pinguldav-seerum\/#breadcrumb","itemListElement":[{"@type":"ListItem","position":1,"name":"Home","item":"https:\/\/idcolor.ee\/et\/avaleht\/"},{"@type":"ListItem","position":2,"name":"Pood","item":"https:\/\/idcolor.ee\/et\/shop-2\/"},{"@type":"ListItem","position":3,"name":"S\u00e4ra andev ja pinguldav seerum"}]},{"@type":"WebSite","@id":"https:\/\/idcolor.ee\/et\/#website","url":"https:\/\/idcolor.ee\/et\/","name":"iD Color","description":"Hair care products","publisher":{"@id":"https:\/\/idcolor.ee\/et\/#organization"},"potentialAction":[{"@type":"SearchAction","target":{"@type":"EntryPoint","urlTemplate":"https:\/\/idcolor.ee\/et\/?s={search_term_string}"},"query-input":{"@type":"PropertyValueSpecification","valueRequired":true,"valueName":"search_term_string"}}],"inLanguage":"et"},{"@type":"Organization","@id":"https:\/\/idcolor.ee\/et\/#organization","name":"iD Color O\u00dc","url":"https:\/\/idcolor.ee\/et\/","logo":{"@type":"ImageObject","inLanguage":"et","@id":"https:\/\/idcolor.ee\/et\/#\/schema\/logo\/image\/","url":"https:\/\/idcolor.ee\/wp-content\/uploads\/2022\/01\/IDColor_Logo_1000.png","contentUrl":"https:\/\/idcolor.ee\/wp-content\/uploads\/2022\/01\/IDColor_Logo_1000.png","width":1001,"height":354,"caption":"iD Color O\u00dc"},"image":{"@id":"https:\/\/idcolor.ee\/et\/#\/schema\/logo\/image\/"}}]}},"_links":{"self":[{"href":"https:\/\/idcolor.ee\/et\/wp-json\/wp\/v2\/product\/7326","targetHints":{"allow":["GET"]}}],"collection":[{"href":"https:\/\/idcolor.ee\/et\/wp-json\/wp\/v2\/product"}],"about":[{"href":"https:\/\/idcolor.ee\/et\/wp-json\/wp\/v2\/types\/product"}],"wp:featuredmedia":[{"embeddable":true,"href":"https:\/\/idcolor.ee\/et\/wp-json\/wp\/v2\/media\/7143"}],"wp:attachment":[{"href":"https:\/\/idcolor.ee\/et\/wp-json\/wp\/v2\/media?parent=7326"}],"wp:term":[{"taxonomy":"product_brand","embeddable":true,"href":"https:\/\/idcolor.ee\/et\/wp-json\/wp\/v2\/product_brand?post=7326"},{"taxonomy":"product_cat","embeddable":true,"href":"https:\/\/idcolor.ee\/et\/wp-json\/wp\/v2\/product_cat?post=7326"},{"taxonomy":"product_tag","embeddable":true,"href":"https:\/\/idcolor.ee\/et\/wp-json\/wp\/v2\/product_tag?post=7326"}],"curies":[{"name":"wp","href":"https:\/\/api.w.org\/{rel}","templated":true}]}}