{"id":7327,"date":"2025-09-18T13:16:38","date_gmt":"2025-09-18T10:16:38","guid":{"rendered":"https:\/\/idcolor.ee\/product\/naha-tekstuuri-parandav-kontsentraat\/"},"modified":"2026-03-26T19:18:21","modified_gmt":"2026-03-26T17:18:21","slug":"naha-tekstuuri-parandav-kontsentraat","status":"publish","type":"product","link":"https:\/\/idcolor.ee\/et\/toode\/naha-tekstuuri-parandav-kontsentraat\/","title":{"rendered":"Naha tekstuuri parandav kontsentraat"},"content":{"rendered":"<div class=\"wpb-content-wrapper\"><p>[vc_row][vc_column][vc_row_inner][vc_column_inner width=&#8221;1\/4&#8243; offset=&#8221;vc_hidden-sm vc_hidden-xs&#8221;][vc_single_image image=&#8221;7046&#8243; img_size=&#8221;full&#8221; css=&#8221;&#8221;][vc_empty_space height=&#8221;20px&#8221;][\/vc_column_inner][vc_column_inner width=&#8221;3\/4&#8243; css=&#8221;.vc_custom_1643102537405{padding-right: 70% !important;}&#8221; offset=&#8221;vc_hidden-lg vc_hidden-md&#8221;][vc_single_image image=&#8221;7041&#8243; img_size=&#8221;full&#8221; css=&#8221;&#8221;][vc_empty_space height=&#8221;20px&#8221;][\/vc_column_inner][\/vc_row_inner]<div class=\"nasa-title clearfix nasa-t hr-type-none\"><h4 class=\"nasa-heading-title\"><span class=\"nasa-title-wrap\"><span style=\"color: #000000;\">NAHA TEKSTUURI PARANDAV KONTSENTRAAT | 30 ml<\/span><\/span><\/h4><p class=\"nasa-title-desc\" style=\"color: #000000;\">retinool, vitamiin C ja aselaiinhape. oh sa mu meie! <\/p><\/div>[vc_empty_space height=&#8221;20px&#8221;][vc_separator][vc_empty_space height=&#8221;10px&#8221;][vc_column_text css=&#8221;&#8221;]Esmakordselt on nahahoolduses kombineeritud retinool, C-vitamiin ja aselaiinhape, et v\u00e4hendada mitmeid vananemisilminguid. Kontsentraat v\u00e4hendab kortse ja peeneid jooni, \u00fchtlustab nahatooni ja tekstuuri.<\/p>\n<h4>NAHAPROBLEEMID<\/h4>\n<p>Tuhm nahk, peened jooned ja kortsud, poorid, eba\u00fchtlane nahatoon ja tekstuur.[\/vc_column_text][vc_empty_space height=&#8221;35px&#8221;][vc_row_inner css=&#8221;.vc_custom_1758196383046{padding-bottom: 20px !important;}&#8221;][vc_column_inner width=&#8221;1\/2&#8243;][vc_column_text css=&#8221;&#8221;]<\/p>\n<h4>PEAMISED TOIMEAINED<\/h4>\n<p><strong>0.2% KAPSELDATUD RETINOOL<br \/>\n<\/strong>Enim uuritud vananemisvasatne vananemisvastane aine kosmeetikas. A-vitamiini derivaat on kapseldatud nii, et see vabaneb aeglaselt aja jooksul, tagades stabiilsuse ja efektiivse toime, \u00fchtlustades nahatooni, avades poore ja v\u00e4hendades kortse ja peente joonte n\u00e4htavust.<\/p>\n<p><strong>5% L-ASKORBIINHAPE<\/strong><br \/>\nPuhas ja enim uuritud C-vitamiini vorm. Muudab nahatooni n\u00e4htavalt \u00fchtlasemaks, parandab nahatoonust, \u2028silub ebatasasused, \u00fchtlustab peened jooned ja kortsukesed ning annab tugeva antioks\u00fcdantse kaitse.<\/p>\n<p><strong>5% ASELAIINHAPE<\/strong><br \/>\n\u00d5rn, mittekooriv hape, mis rahustab, v\u00e4hendab punetust ja aitab \u00fchtlustada jumet.<\/p>\n<p><strong>BAKUCHIOL<\/strong><br \/>\nBabchi (Psoralea corylifolia) ekstrakt on tugev antioks\u00fcdant, mis toimib s\u00fcnergias retinooliga, suurendades selle stabiilsust ja vananemisvastast toimet.<\/p>\n<p><strong>TOKOFEROOL ehk E-vitamiin<\/strong><br \/>\nNahas ka looduslikult leiduv antioks\u00fcdant aitab kaitsta p\u00e4ikese k\u00e4es viibimisest esile kutsutud vabade radikaalide eest.[\/vc_column_text][\/vc_column_inner][vc_column_inner width=&#8221;1\/2&#8243;][vc_empty_space height=&#8221;35px&#8221;]    <div class=\"nasa-sc-carousel-main nasa-bullets-center\">\r\n                <div \r\n            class=\"nasa-slick-slider nasa-not-elementor-style nasa-slick-nav\"\r\n            data-autoplay=\"true\"\r\n            data-loop=\"true\"\r\n            data-speed=\"600\"\r\n            data-dot=\"true\"\r\n            data-columns=\"1\"\r\n            data-columns-small=\"1\"\r\n            data-columns-tablet=\"1\"\r\n            data-switch-tablet=\"767\"\r\n            data-switch-desktop=\"1024\"\r\n            >\r\n            [vc_single_image image=&#8221;7155&#8243; img_size=&#8221;full&#8221; css=&#8221;&#8221;][vc_single_image image=&#8221;7160&#8243; img_size=&#8221;full&#8221; css=&#8221;&#8221;][vc_single_image image=&#8221;7165&#8243; img_size=&#8221;full&#8221; css=&#8221;&#8221;][vc_single_image image=&#8221;7170&#8243; img_size=&#8221;full&#8221; css=&#8221;&#8221;][vc_single_image image=&#8221;7175&#8243; img_size=&#8221;full&#8221; css=&#8221;&#8221;]        <\/div>\r\n    <\/div>\r\n    [\/vc_column_inner][\/vc_row_inner][vc_column_text css=&#8221;&#8221;]<\/p>\n<h4>TULEMUSED<\/h4>\n<p>S\u00e4ravam ja \u00fchtlasem nahatoon, siledam ning pringim nahk juba 14 p\u00e4evaga.[\/vc_column_text][vc_empty_space height=&#8221;35px&#8221;][vc_column_text css=&#8221;&#8221;]<\/p>\n<h4><strong>KASUTAMINE<\/strong><\/h4>\n<p>Kanna \u00fcks pumbat\u00e4is kontsentraati puhastatud ja kuivale n\u00e4ole \u00f5htuti, v\u00e4ltides silmade ja huulte \u00fcmbrust. Soovitame alustada kasutamist 2\u20133 korrast n\u00e4dalas ning seej\u00e4rel vajadusel suurendada kasutuskordi 1 korrani p\u00e4evas. Kontsentraati kasutades soovitame kasutada p\u00e4ikesekaitsekreemi. Peale seerumit kanna n\u00e4ole niisutav kreem.<\/p>\n<p><strong>TEKSTUUR:<\/strong> kreem.[\/vc_column_text][vc_empty_space height=&#8221;35px&#8221;][vc_column_text css=&#8221;&#8221;]<\/p>\n<h4>HEA TEADA<\/h4>\n<p>V\u00f5imsa toimega koostis kesekendub k\u00f5ikidele vananemisega seotud nahaprobleemidele ja on ohutu igale nahat\u00fc\u00fcbile. Meie patenti ootav tehnoloogia kapseldatud retinooli, C-vitamiini ja aselaiinhapet kontsentraat aitab v\u00f5idelda erinevate vanemisilmingutega \u2013 peente joonte, kortsude, eba\u00fchtlase tekstuuri ja tumedate laikudega. Bakutsiool on tugev antioks\u00fcdant, mis kaitseb keskkonna m\u00f5jude eest, E-vitamiin ja lipiidid rahustavad ja niisutavad nahka ja v\u00e4hendavad \u00e4rritust.[\/vc_column_text][vc_empty_space height=&#8221;35px&#8221;][vc_column_text css=&#8221;&#8221;]<\/p>\n<h4>PEAMISED EELISED<\/h4>\n<p>[\/vc_column_text][vc_row_inner css=&#8221;.vc_custom_1758108394998{margin-top: 20px !important;border-top-width: 1px !important;border-bottom-width: 1px !important;padding-top: 30px !important;padding-bottom: 30px !important;border-top-style: solid !important;border-bottom-style: solid !important;border-color: #EBEBEB !important;}&#8221;][vc_column_inner width=&#8221;1\/3&#8243;][vc_column_text css=&#8221;&#8221;]<strong>PEENED JOONED JA KORTSUD<\/strong><br \/>\nKortsude ja peente joonte m\u00e4rkimisv\u00e4\u00e4rne v\u00e4henemine.[\/vc_column_text][\/vc_column_inner][vc_column_inner width=&#8221;1\/3&#8243;][vc_column_text css=&#8221;&#8221;]<strong>NAHA TEKSTUUR JA TOON<\/strong><br \/>\nM\u00e4rgatav naha tekstuuri ja eba\u00fchtlase nahatooni paranemine.[\/vc_column_text][\/vc_column_inner][vc_column_inner width=&#8221;1\/3&#8243;][vc_column_text css=&#8221;&#8221;]<strong>PINGULDAV<\/strong><br \/>\nM\u00e4rkimisv\u00e4\u00e4rne naha tugevuse ja elastsuse paranemine.[\/vc_column_text][\/vc_column_inner][\/vc_row_inner][vc_empty_space height=&#8221;30px&#8221;][vc_column_text css=&#8221;&#8221;]<\/p>\n<h4>MULTIMODAALNE L\u00c4HENEMINE<\/h4>\n<p>[\/vc_column_text][vc_empty_space height=&#8221;20px&#8221;][vc_single_image image=&#8221;7180&#8243; img_size=&#8221;full&#8221; css=&#8221;&#8221;][vc_empty_space height=&#8221;30px&#8221;][vc_column_text css=&#8221;&#8221;]<\/p>\n<p style=\"text-align: left;\"><strong>JULMUSEVABA. DERMATOLOOGILISELT TESTITUD JA HEAKS KIIDETUD.<\/strong><\/p>\n<p>[\/vc_column_text][\/vc_column][\/vc_row]<\/p>\n<\/div>","protected":false},"excerpt":{"rendered":"<h5><strong>30 ml<\/strong><\/h5>\n<p><span style=\"color: #000000;\">Esmakordselt on nahahoolduses kombineeritud retinool, C-vitamiin ja aselaiinhape, et v\u00e4hendada mitmeid vananemisilminguid. Kontsentraat v\u00e4hendab kortse ja peeneid jooni, \u00fchtlustab nahatooni ja tekstuuri.<\/span><\/p>\n<p><strong>0,2% kapseldatud retinool, L-askorbiinhape, aselaiinhape ja bakutsiool<\/strong><\/p>\n","protected":false},"featured_media":7751,"template":"","meta":[],"product_brand":[],"product_cat":[334],"product_tag":[],"class_list":{"0":"post-7327","1":"product","2":"type-product","3":"status-publish","4":"has-post-thumbnail","6":"product_cat-matter-of-fact-et","8":"first","9":"instock","10":"taxable","11":"shipping-taxable","12":"purchasable","13":"product-type-simple"},"yoast_head":"<!-- This site is optimized with the Yoast SEO plugin v27.3 - https:\/\/yoast.com\/product\/yoast-seo-wordpress\/ -->\n<title>MATTER OF FACT Naha tekstuuri parandav kontsentraat - iD Color<\/title>\n<meta name=\"description\" content=\"Retinol, Vitamin C, and Azelaic Acid are combined to improve the multiple signs of ageing - wrinkles, texture and tone, for firmer, age-defying skin.\" \/>\n<meta name=\"robots\" content=\"index, follow, max-snippet:-1, max-image-preview:large, max-video-preview:-1\" \/>\n<link rel=\"canonical\" href=\"https:\/\/idcolor.ee\/et\/toode\/naha-tekstuuri-parandav-kontsentraat\/\" \/>\n<meta property=\"og:locale\" content=\"et_EE\" \/>\n<meta property=\"og:type\" content=\"article\" \/>\n<meta property=\"og:title\" content=\"MATTER OF FACT Naha tekstuuri parandav kontsentraat - iD Color\" \/>\n<meta property=\"og:description\" content=\"Retinol, Vitamin C, and Azelaic Acid are combined to improve the multiple signs of ageing - wrinkles, texture and tone, for firmer, age-defying skin.\" \/>\n<meta property=\"og:url\" content=\"https:\/\/idcolor.ee\/et\/toode\/naha-tekstuuri-parandav-kontsentraat\/\" \/>\n<meta property=\"og:site_name\" content=\"iD Color\" \/>\n<meta property=\"article:modified_time\" content=\"2026-03-26T17:18:21+00:00\" \/>\n<meta property=\"og:image\" content=\"https:\/\/idcolor.ee\/wp-content\/uploads\/2025\/09\/TLM_WTC.jpg\" \/>\n\t<meta property=\"og:image:width\" content=\"1080\" \/>\n\t<meta property=\"og:image:height\" content=\"1080\" \/>\n\t<meta property=\"og:image:type\" content=\"image\/jpeg\" \/>\n<meta name=\"twitter:card\" content=\"summary_large_image\" \/>\n<meta name=\"twitter:label1\" content=\"Est. reading time\" \/>\n\t<meta name=\"twitter:data1\" content=\"3 minutit\" \/>\n<script type=\"application\/ld+json\" class=\"yoast-schema-graph\">{\"@context\":\"https:\\\/\\\/schema.org\",\"@graph\":[{\"@type\":\"WebPage\",\"@id\":\"https:\\\/\\\/idcolor.ee\\\/et\\\/toode\\\/naha-tekstuuri-parandav-kontsentraat\\\/\",\"url\":\"https:\\\/\\\/idcolor.ee\\\/et\\\/toode\\\/naha-tekstuuri-parandav-kontsentraat\\\/\",\"name\":\"MATTER OF FACT Naha tekstuuri parandav kontsentraat - iD Color\",\"isPartOf\":{\"@id\":\"https:\\\/\\\/idcolor.ee\\\/et\\\/#website\"},\"primaryImageOfPage\":{\"@id\":\"https:\\\/\\\/idcolor.ee\\\/et\\\/toode\\\/naha-tekstuuri-parandav-kontsentraat\\\/#primaryimage\"},\"image\":{\"@id\":\"https:\\\/\\\/idcolor.ee\\\/et\\\/toode\\\/naha-tekstuuri-parandav-kontsentraat\\\/#primaryimage\"},\"thumbnailUrl\":\"https:\\\/\\\/idcolor.ee\\\/wp-content\\\/uploads\\\/2025\\\/09\\\/TLM_WTC.jpg\",\"datePublished\":\"2025-09-18T10:16:38+00:00\",\"dateModified\":\"2026-03-26T17:18:21+00:00\",\"description\":\"Retinol, Vitamin C, and Azelaic Acid are combined to improve the multiple signs of ageing - wrinkles, texture and tone, for firmer, age-defying skin.\",\"breadcrumb\":{\"@id\":\"https:\\\/\\\/idcolor.ee\\\/et\\\/toode\\\/naha-tekstuuri-parandav-kontsentraat\\\/#breadcrumb\"},\"inLanguage\":\"et\",\"potentialAction\":[{\"@type\":\"ReadAction\",\"target\":[\"https:\\\/\\\/idcolor.ee\\\/et\\\/toode\\\/naha-tekstuuri-parandav-kontsentraat\\\/\"]}]},{\"@type\":\"ImageObject\",\"inLanguage\":\"et\",\"@id\":\"https:\\\/\\\/idcolor.ee\\\/et\\\/toode\\\/naha-tekstuuri-parandav-kontsentraat\\\/#primaryimage\",\"url\":\"https:\\\/\\\/idcolor.ee\\\/wp-content\\\/uploads\\\/2025\\\/09\\\/TLM_WTC.jpg\",\"contentUrl\":\"https:\\\/\\\/idcolor.ee\\\/wp-content\\\/uploads\\\/2025\\\/09\\\/TLM_WTC.jpg\",\"width\":1080,\"height\":1080},{\"@type\":\"BreadcrumbList\",\"@id\":\"https:\\\/\\\/idcolor.ee\\\/et\\\/toode\\\/naha-tekstuuri-parandav-kontsentraat\\\/#breadcrumb\",\"itemListElement\":[{\"@type\":\"ListItem\",\"position\":1,\"name\":\"Home\",\"item\":\"https:\\\/\\\/idcolor.ee\\\/et\\\/avaleht\\\/\"},{\"@type\":\"ListItem\",\"position\":2,\"name\":\"Pood\",\"item\":\"https:\\\/\\\/idcolor.ee\\\/et\\\/shop-2\\\/\"},{\"@type\":\"ListItem\",\"position\":3,\"name\":\"Naha tekstuuri parandav kontsentraat\"}]},{\"@type\":\"WebSite\",\"@id\":\"https:\\\/\\\/idcolor.ee\\\/et\\\/#website\",\"url\":\"https:\\\/\\\/idcolor.ee\\\/et\\\/\",\"name\":\"iD Color\",\"description\":\"Hair care products\",\"publisher\":{\"@id\":\"https:\\\/\\\/idcolor.ee\\\/et\\\/#organization\"},\"potentialAction\":[{\"@type\":\"SearchAction\",\"target\":{\"@type\":\"EntryPoint\",\"urlTemplate\":\"https:\\\/\\\/idcolor.ee\\\/et\\\/?s={search_term_string}\"},\"query-input\":{\"@type\":\"PropertyValueSpecification\",\"valueRequired\":true,\"valueName\":\"search_term_string\"}}],\"inLanguage\":\"et\"},{\"@type\":\"Organization\",\"@id\":\"https:\\\/\\\/idcolor.ee\\\/et\\\/#organization\",\"name\":\"iD Color O\u00dc\",\"url\":\"https:\\\/\\\/idcolor.ee\\\/et\\\/\",\"logo\":{\"@type\":\"ImageObject\",\"inLanguage\":\"et\",\"@id\":\"https:\\\/\\\/idcolor.ee\\\/et\\\/#\\\/schema\\\/logo\\\/image\\\/\",\"url\":\"https:\\\/\\\/idcolor.ee\\\/wp-content\\\/uploads\\\/2022\\\/01\\\/IDColor_Logo_1000.png\",\"contentUrl\":\"https:\\\/\\\/idcolor.ee\\\/wp-content\\\/uploads\\\/2022\\\/01\\\/IDColor_Logo_1000.png\",\"width\":1001,\"height\":354,\"caption\":\"iD Color O\u00dc\"},\"image\":{\"@id\":\"https:\\\/\\\/idcolor.ee\\\/et\\\/#\\\/schema\\\/logo\\\/image\\\/\"}}]}<\/script>\n<!-- \/ Yoast SEO plugin. -->","yoast_head_json":{"title":"MATTER OF FACT Naha tekstuuri parandav kontsentraat - iD Color","description":"Retinol, Vitamin C, and Azelaic Acid are combined to improve the multiple signs of ageing - wrinkles, texture and tone, for firmer, age-defying skin.","robots":{"index":"index","follow":"follow","max-snippet":"max-snippet:-1","max-image-preview":"max-image-preview:large","max-video-preview":"max-video-preview:-1"},"canonical":"https:\/\/idcolor.ee\/et\/toode\/naha-tekstuuri-parandav-kontsentraat\/","og_locale":"et_EE","og_type":"article","og_title":"MATTER OF FACT Naha tekstuuri parandav kontsentraat - iD Color","og_description":"Retinol, Vitamin C, and Azelaic Acid are combined to improve the multiple signs of ageing - wrinkles, texture and tone, for firmer, age-defying skin.","og_url":"https:\/\/idcolor.ee\/et\/toode\/naha-tekstuuri-parandav-kontsentraat\/","og_site_name":"iD Color","article_modified_time":"2026-03-26T17:18:21+00:00","og_image":[{"width":1080,"height":1080,"url":"https:\/\/idcolor.ee\/wp-content\/uploads\/2025\/09\/TLM_WTC.jpg","type":"image\/jpeg"}],"twitter_card":"summary_large_image","twitter_misc":{"Est. reading time":"3 minutit"},"schema":{"@context":"https:\/\/schema.org","@graph":[{"@type":"WebPage","@id":"https:\/\/idcolor.ee\/et\/toode\/naha-tekstuuri-parandav-kontsentraat\/","url":"https:\/\/idcolor.ee\/et\/toode\/naha-tekstuuri-parandav-kontsentraat\/","name":"MATTER OF FACT Naha tekstuuri parandav kontsentraat - iD Color","isPartOf":{"@id":"https:\/\/idcolor.ee\/et\/#website"},"primaryImageOfPage":{"@id":"https:\/\/idcolor.ee\/et\/toode\/naha-tekstuuri-parandav-kontsentraat\/#primaryimage"},"image":{"@id":"https:\/\/idcolor.ee\/et\/toode\/naha-tekstuuri-parandav-kontsentraat\/#primaryimage"},"thumbnailUrl":"https:\/\/idcolor.ee\/wp-content\/uploads\/2025\/09\/TLM_WTC.jpg","datePublished":"2025-09-18T10:16:38+00:00","dateModified":"2026-03-26T17:18:21+00:00","description":"Retinol, Vitamin C, and Azelaic Acid are combined to improve the multiple signs of ageing - wrinkles, texture and tone, for firmer, age-defying skin.","breadcrumb":{"@id":"https:\/\/idcolor.ee\/et\/toode\/naha-tekstuuri-parandav-kontsentraat\/#breadcrumb"},"inLanguage":"et","potentialAction":[{"@type":"ReadAction","target":["https:\/\/idcolor.ee\/et\/toode\/naha-tekstuuri-parandav-kontsentraat\/"]}]},{"@type":"ImageObject","inLanguage":"et","@id":"https:\/\/idcolor.ee\/et\/toode\/naha-tekstuuri-parandav-kontsentraat\/#primaryimage","url":"https:\/\/idcolor.ee\/wp-content\/uploads\/2025\/09\/TLM_WTC.jpg","contentUrl":"https:\/\/idcolor.ee\/wp-content\/uploads\/2025\/09\/TLM_WTC.jpg","width":1080,"height":1080},{"@type":"BreadcrumbList","@id":"https:\/\/idcolor.ee\/et\/toode\/naha-tekstuuri-parandav-kontsentraat\/#breadcrumb","itemListElement":[{"@type":"ListItem","position":1,"name":"Home","item":"https:\/\/idcolor.ee\/et\/avaleht\/"},{"@type":"ListItem","position":2,"name":"Pood","item":"https:\/\/idcolor.ee\/et\/shop-2\/"},{"@type":"ListItem","position":3,"name":"Naha tekstuuri parandav kontsentraat"}]},{"@type":"WebSite","@id":"https:\/\/idcolor.ee\/et\/#website","url":"https:\/\/idcolor.ee\/et\/","name":"iD Color","description":"Hair care products","publisher":{"@id":"https:\/\/idcolor.ee\/et\/#organization"},"potentialAction":[{"@type":"SearchAction","target":{"@type":"EntryPoint","urlTemplate":"https:\/\/idcolor.ee\/et\/?s={search_term_string}"},"query-input":{"@type":"PropertyValueSpecification","valueRequired":true,"valueName":"search_term_string"}}],"inLanguage":"et"},{"@type":"Organization","@id":"https:\/\/idcolor.ee\/et\/#organization","name":"iD Color O\u00dc","url":"https:\/\/idcolor.ee\/et\/","logo":{"@type":"ImageObject","inLanguage":"et","@id":"https:\/\/idcolor.ee\/et\/#\/schema\/logo\/image\/","url":"https:\/\/idcolor.ee\/wp-content\/uploads\/2022\/01\/IDColor_Logo_1000.png","contentUrl":"https:\/\/idcolor.ee\/wp-content\/uploads\/2022\/01\/IDColor_Logo_1000.png","width":1001,"height":354,"caption":"iD Color O\u00dc"},"image":{"@id":"https:\/\/idcolor.ee\/et\/#\/schema\/logo\/image\/"}}]}},"_links":{"self":[{"href":"https:\/\/idcolor.ee\/et\/wp-json\/wp\/v2\/product\/7327","targetHints":{"allow":["GET"]}}],"collection":[{"href":"https:\/\/idcolor.ee\/et\/wp-json\/wp\/v2\/product"}],"about":[{"href":"https:\/\/idcolor.ee\/et\/wp-json\/wp\/v2\/types\/product"}],"wp:featuredmedia":[{"embeddable":true,"href":"https:\/\/idcolor.ee\/et\/wp-json\/wp\/v2\/media\/7751"}],"wp:attachment":[{"href":"https:\/\/idcolor.ee\/et\/wp-json\/wp\/v2\/media?parent=7327"}],"wp:term":[{"taxonomy":"product_brand","embeddable":true,"href":"https:\/\/idcolor.ee\/et\/wp-json\/wp\/v2\/product_brand?post=7327"},{"taxonomy":"product_cat","embeddable":true,"href":"https:\/\/idcolor.ee\/et\/wp-json\/wp\/v2\/product_cat?post=7327"},{"taxonomy":"product_tag","embeddable":true,"href":"https:\/\/idcolor.ee\/et\/wp-json\/wp\/v2\/product_tag?post=7327"}],"curies":[{"name":"wp","href":"https:\/\/api.w.org\/{rel}","templated":true}]}}