{"id":7328,"date":"2025-09-18T15:01:43","date_gmt":"2025-09-18T12:01:43","guid":{"rendered":"https:\/\/idcolor.ee\/product\/vananemisvastane-uuendav-ja-niisutav-seerum\/"},"modified":"2025-12-01T00:12:59","modified_gmt":"2025-11-30T22:12:59","slug":"vananemisvastane-uuendav-ja-niisutav-seerum","status":"publish","type":"product","link":"https:\/\/idcolor.ee\/et\/toode\/vananemisvastane-uuendav-ja-niisutav-seerum\/","title":{"rendered":"Vananemisvastane uuendav ja niisutav seerum"},"content":{"rendered":"<div class=\"wpb-content-wrapper\"><p>[vc_row][vc_column][vc_row_inner][vc_column_inner width=&#8221;1\/4&#8243; offset=&#8221;vc_hidden-sm vc_hidden-xs&#8221;][vc_single_image image=&#8221;7046&#8243; img_size=&#8221;full&#8221; css=&#8221;&#8221;][vc_empty_space height=&#8221;20px&#8221;][\/vc_column_inner][vc_column_inner width=&#8221;3\/4&#8243; css=&#8221;.vc_custom_1643102537405{padding-right: 70% !important;}&#8221; offset=&#8221;vc_hidden-lg vc_hidden-md&#8221;][vc_single_image image=&#8221;7041&#8243; img_size=&#8221;full&#8221; css=&#8221;&#8221;][vc_empty_space height=&#8221;20px&#8221;][\/vc_column_inner][\/vc_row_inner]<div class=\"nasa-title clearfix nasa-t hr-type-none\"><h4 class=\"nasa-heading-title\"><span class=\"nasa-title-wrap\"><span style=\"color: #000000;\">VANANEMISVASTANE UUENDAV JA NIISUTAV SEERUM | 30 ml<\/span><\/span><\/h4><p class=\"nasa-title-desc\" style=\"color: #000000;\">Resurfacing + Hydrating Serum<\/p><\/div>[vc_empty_space height=&#8221;20px&#8221;][vc_separator][vc_empty_space height=&#8221;10px&#8221;][vc_column_text css=&#8221;&#8221;]Ainulaadne mitmehappeline seerum (sisaldab pol\u00fch\u00fcdroks\u00fc-, beetah\u00fcdroks\u00fc- ja traneksaamhapete kombinatsiooni) \u00fchendab endas \u00f5rna, kuid efektiivse n\u00e4onaha koorimise, niisutuse ning kaitse, muutes naha pehmeks, puhtaks, siledaks ja klaariks.<\/p>\n<h4>NAHAPROBLEEMID<\/h4>\n<p>Tuhm nahk, aknele kalduva nahk, eba\u00fchtlane nahatoon ja -tekstuur, peened jooned ja v\u00e4rvimuutused.[\/vc_column_text][vc_empty_space height=&#8221;35px&#8221;][vc_row_inner css=&#8221;.vc_custom_1758138746829{padding-bottom: 25px !important;}&#8221;][vc_column_inner width=&#8221;1\/2&#8243;][vc_column_text css=&#8221;&#8221;]<\/p>\n<h4>PEAMISED TOIMEAINED<\/h4>\n<p><strong>HAPETE KOMPLEKS<\/strong><br \/>\nPol\u00fch\u00fcdroks\u00fc-, beetah\u00fcdroks\u00fc- ja traneksaamhapete v\u00f5imas segu aitab nahka koorida, niisutada ja n\u00e4htavalt heledamaks muuta.<\/p>\n<p><strong>Pol\u00fch\u00fcdroks\u00fchape<\/strong> (gl\u00fckonolaktoon) \u2013 uue p\u00f5lvkonna happed eemaldavad \u00f5rnalt surnud naharakud, samal ajal niisutades, v\u00e4hendades \u00e4rritust ja punetust ning pakkudes antioks\u00fcdantset kaitset.<br \/>\n<strong>BHA (salits\u00fc\u00fclhape)<\/strong> puhastab poorid ja v\u00e4hendab nende ummistumist.<br \/>\n<strong>Traneksaamhape<\/strong> aitab \u00fchtlustada nahatooni ning v\u00e4hendada tumedaid laike.<\/p>\n<p><strong>NIATSINAMIID<\/strong><br \/>\nMultifunktsionaalne koostisaine aitab \u00fchtlustada nahatooni, toetab naha kaitsebarj\u00e4\u00e4ri ja parandab n\u00e4htavalt naha tekstuuri.<\/p>\n<p><strong>GALAKTOARABIINAN<\/strong><br \/>\nLehise (Larix spp.) puidust saadud pol\u00fcsahhariid pakub pikaajalist niisutust ning v\u00f5imendab koorivate ainete toimet.<\/p>\n<p><strong>MERIM\u00c4NNI KOOREEKSTRAKT<\/strong> (Pinus Pinaster Bark Extract)<br \/>\nAntioks\u00fcdantiderikas taimne ekstrakt, mis rahustab ja kaitseb nahka saaste eest.[\/vc_column_text][\/vc_column_inner][vc_column_inner width=&#8221;1\/2&#8243;][vc_empty_space height=&#8221;35px&#8221;]    <div class=\"nasa-sc-carousel-main nasa-bullets-center\">\r\n                <div \r\n            class=\"nasa-slick-slider nasa-not-elementor-style nasa-slick-nav\"\r\n            data-autoplay=\"true\"\r\n            data-loop=\"true\"\r\n            data-speed=\"600\"\r\n            data-dot=\"true\"\r\n            data-columns=\"1\"\r\n            data-columns-small=\"1\"\r\n            data-columns-tablet=\"1\"\r\n            data-switch-tablet=\"767\"\r\n            data-switch-desktop=\"1024\"\r\n            >\r\n            [vc_single_image image=&#8221;7192&#8243; img_size=&#8221;full&#8221; css=&#8221;&#8221;][vc_single_image image=&#8221;7197&#8243; img_size=&#8221;full&#8221; css=&#8221;&#8221;][vc_single_image image=&#8221;7202&#8243; img_size=&#8221;full&#8221; css=&#8221;&#8221;][vc_single_image image=&#8221;7207&#8243; img_size=&#8221;full&#8221; css=&#8221;&#8221;]        <\/div>\r\n    <\/div>\r\n    [\/vc_column_inner][\/vc_row_inner][vc_column_text css=&#8221;&#8221;]<\/p>\n<h4>TULEMUSED<\/h4>\n<p>S\u00e4ravam ja \u00fchtlasem nahatoon, siledam ning pringim nahk juba 14 p\u00e4evaga.[\/vc_column_text][vc_empty_space height=&#8221;35px&#8221;][vc_column_text css=&#8221;&#8221;]<\/p>\n<h4><strong>KASUTAMINE<\/strong><\/h4>\n<p>Kanna 3\u20135 tilka seerumit puhastatud n\u00e4ole. V\u00f5ib kasutada nii hommikul ja\/v\u00f5i \u00f5htul. Alusta kasutamist 2\u20133 korrast n\u00e4dalas, liikudes j\u00e4rk-j\u00e4rgult 1\u20132 korrani p\u00e4evas. Peale seerumit kanna n\u00e4ole niisutav kreem.<\/p>\n<p><strong>TEKSTUUR:<\/strong> vedel seerum.[\/vc_column_text][vc_empty_space height=&#8221;35px&#8221;][vc_column_text css=&#8221;&#8221;]<\/p>\n<h4>HEA TEADA<\/h4>\n<p>Ainulaadne seerum \u00fchendab endas \u00f5rna, kuid efektiivse n\u00e4onaha koorimise, niisutuse ja kaitse. Rahustava, puhastava, punetust ja ning \u00e4rritust v\u00e4hendava toimega seerum \u00fchendab endas uue p\u00f5lvkonna PHA hapet (gl\u00fckonolaktoon), BHA (salits\u00fc\u00fclhapet) ja traneksaamhapet, uuendades \u00f5rnalt naha pinda, puhastab ja ahendab poore ning \u00fchtlustab nahatooni. Koos niatsiinamiidi ja galaktoarabiinaniga niisutab ja tugevdab naha kaitsebarj\u00e4\u00e4ri.[\/vc_column_text][vc_empty_space height=&#8221;35px&#8221;][vc_column_text css=&#8221;&#8221;]<\/p>\n<h4>PEAMISED EELISED<\/h4>\n<p>[\/vc_column_text][vc_row_inner css=&#8221;.vc_custom_1758108394998{margin-top: 20px !important;border-top-width: 1px !important;border-bottom-width: 1px !important;padding-top: 30px !important;padding-bottom: 30px !important;border-top-style: solid !important;border-bottom-style: solid !important;border-color: #EBEBEB !important;}&#8221;][vc_column_inner width=&#8221;1\/3&#8243;][vc_column_text css=&#8221;&#8221;]<strong>UUENDAMINE<\/strong><br \/>\nParandab naha tekstuuri, v\u00e4hendab poore ja tumedate laikude n\u00e4htavust[\/vc_column_text][\/vc_column_inner][vc_column_inner width=&#8221;1\/3&#8243;][vc_column_text css=&#8221;&#8221;]<strong>NIISUTAB<\/strong><br \/>\nParandab koheselt naha niiskustaset ja pakub pikaajalist niisutust.[\/vc_column_text][\/vc_column_inner][vc_column_inner width=&#8221;1\/3&#8243;][vc_column_text css=&#8221;&#8221;]<strong>PEENED JOONED JA KORTSUD<\/strong><br \/>\nV\u00e4henab n\u00e4htavalt peeneid jooni ja kortse, nahk tundub pringim ja elastsem[\/vc_column_text][\/vc_column_inner][\/vc_row_inner][vc_empty_space height=&#8221;30px&#8221;][vc_column_text css=&#8221;&#8221;]<\/p>\n<h4>MULTIMODAALNE L\u00c4HENEMINE<\/h4>\n<p>[\/vc_column_text][vc_empty_space height=&#8221;20px&#8221;][vc_single_image image=&#8221;7212&#8243; img_size=&#8221;full&#8221; css=&#8221;&#8221;][vc_empty_space height=&#8221;30px&#8221;][vc_column_text css=&#8221;&#8221;]<\/p>\n<p style=\"text-align: left;\"><strong>VEGAN, JULMUSEVABA. DERMATOLOOGILISELT TESTITUD JA HEAKS KIIDETUD.<\/strong><\/p>\n<p>[\/vc_column_text][\/vc_column][\/vc_row]<\/p>\n<\/div>","protected":false},"excerpt":{"rendered":"<h5><strong>30 ml<\/strong><\/h5>\n<p><span style=\"color: #000000;\">Ainulaadne mitmehappeline seerum (sisaldab pol\u00fch\u00fcdroks\u00fc-, beetah\u00fcdroks\u00fc- ja traneksaamhapete kombinatsiooni) \u00fchendab endas \u00f5rna, kuid efektiivse n\u00e4onaha koorimise, niisutuse ning kaitse, muutes naha pehmeks, puhtaks, siledaks ja klaariks.<\/span><\/p>\n<p><strong>13.5% hapete kompleks niatsinamiidi ja galaktoarabiiniga<\/strong><\/p>\n","protected":false},"featured_media":7217,"template":"","meta":[],"product_brand":[],"product_cat":[334],"product_tag":[],"class_list":{"0":"post-7328","1":"product","2":"type-product","3":"status-publish","4":"has-post-thumbnail","6":"product_cat-matter-of-fact-et","8":"first","9":"instock","10":"taxable","11":"shipping-taxable","12":"purchasable","13":"product-type-simple"},"yoast_head":"<!-- This site is optimized with the Yoast SEO plugin v27.3 - https:\/\/yoast.com\/product\/yoast-seo-wordpress\/ -->\n<title>MATTER OF FACT Vananemisvastane uuendav ja niisutav seerum - iD Color<\/title>\n<meta name=\"description\" content=\"This multi-acid serum balances powerful yet gentle exfoliation with deep hydration to help achieve smoother, brighter, more radiant-looking skin.\" \/>\n<meta name=\"robots\" content=\"index, follow, max-snippet:-1, max-image-preview:large, max-video-preview:-1\" \/>\n<link rel=\"canonical\" href=\"https:\/\/idcolor.ee\/et\/toode\/vananemisvastane-uuendav-ja-niisutav-seerum\/\" \/>\n<meta property=\"og:locale\" content=\"et_EE\" \/>\n<meta property=\"og:type\" content=\"article\" \/>\n<meta property=\"og:title\" content=\"MATTER OF FACT Vananemisvastane uuendav ja niisutav seerum - iD Color\" \/>\n<meta property=\"og:description\" content=\"This multi-acid serum balances powerful yet gentle exfoliation with deep hydration to help achieve smoother, brighter, more radiant-looking skin.\" \/>\n<meta property=\"og:url\" content=\"https:\/\/idcolor.ee\/et\/toode\/vananemisvastane-uuendav-ja-niisutav-seerum\/\" \/>\n<meta property=\"og:site_name\" content=\"iD Color\" \/>\n<meta property=\"article:modified_time\" content=\"2025-11-30T22:12:59+00:00\" \/>\n<meta property=\"og:image\" content=\"https:\/\/idcolor.ee\/wp-content\/uploads\/2025\/09\/RHS.jpg\" \/>\n\t<meta property=\"og:image:width\" content=\"1080\" \/>\n\t<meta property=\"og:image:height\" content=\"1080\" \/>\n\t<meta property=\"og:image:type\" content=\"image\/jpeg\" \/>\n<meta name=\"twitter:card\" content=\"summary_large_image\" \/>\n<meta name=\"twitter:label1\" content=\"Est. reading time\" \/>\n\t<meta name=\"twitter:data1\" content=\"3 minutit\" \/>\n<script type=\"application\/ld+json\" class=\"yoast-schema-graph\">{\"@context\":\"https:\\\/\\\/schema.org\",\"@graph\":[{\"@type\":\"WebPage\",\"@id\":\"https:\\\/\\\/idcolor.ee\\\/et\\\/toode\\\/vananemisvastane-uuendav-ja-niisutav-seerum\\\/\",\"url\":\"https:\\\/\\\/idcolor.ee\\\/et\\\/toode\\\/vananemisvastane-uuendav-ja-niisutav-seerum\\\/\",\"name\":\"MATTER OF FACT Vananemisvastane uuendav ja niisutav seerum - iD Color\",\"isPartOf\":{\"@id\":\"https:\\\/\\\/idcolor.ee\\\/et\\\/#website\"},\"primaryImageOfPage\":{\"@id\":\"https:\\\/\\\/idcolor.ee\\\/et\\\/toode\\\/vananemisvastane-uuendav-ja-niisutav-seerum\\\/#primaryimage\"},\"image\":{\"@id\":\"https:\\\/\\\/idcolor.ee\\\/et\\\/toode\\\/vananemisvastane-uuendav-ja-niisutav-seerum\\\/#primaryimage\"},\"thumbnailUrl\":\"https:\\\/\\\/idcolor.ee\\\/wp-content\\\/uploads\\\/2025\\\/09\\\/RHS.jpg\",\"datePublished\":\"2025-09-18T12:01:43+00:00\",\"dateModified\":\"2025-11-30T22:12:59+00:00\",\"description\":\"This multi-acid serum balances powerful yet gentle exfoliation with deep hydration to help achieve smoother, brighter, more radiant-looking skin.\",\"breadcrumb\":{\"@id\":\"https:\\\/\\\/idcolor.ee\\\/et\\\/toode\\\/vananemisvastane-uuendav-ja-niisutav-seerum\\\/#breadcrumb\"},\"inLanguage\":\"et\",\"potentialAction\":[{\"@type\":\"ReadAction\",\"target\":[\"https:\\\/\\\/idcolor.ee\\\/et\\\/toode\\\/vananemisvastane-uuendav-ja-niisutav-seerum\\\/\"]}]},{\"@type\":\"ImageObject\",\"inLanguage\":\"et\",\"@id\":\"https:\\\/\\\/idcolor.ee\\\/et\\\/toode\\\/vananemisvastane-uuendav-ja-niisutav-seerum\\\/#primaryimage\",\"url\":\"https:\\\/\\\/idcolor.ee\\\/wp-content\\\/uploads\\\/2025\\\/09\\\/RHS.jpg\",\"contentUrl\":\"https:\\\/\\\/idcolor.ee\\\/wp-content\\\/uploads\\\/2025\\\/09\\\/RHS.jpg\",\"width\":1080,\"height\":1080},{\"@type\":\"BreadcrumbList\",\"@id\":\"https:\\\/\\\/idcolor.ee\\\/et\\\/toode\\\/vananemisvastane-uuendav-ja-niisutav-seerum\\\/#breadcrumb\",\"itemListElement\":[{\"@type\":\"ListItem\",\"position\":1,\"name\":\"Home\",\"item\":\"https:\\\/\\\/idcolor.ee\\\/et\\\/avaleht\\\/\"},{\"@type\":\"ListItem\",\"position\":2,\"name\":\"Pood\",\"item\":\"https:\\\/\\\/idcolor.ee\\\/et\\\/shop-2\\\/\"},{\"@type\":\"ListItem\",\"position\":3,\"name\":\"Vananemisvastane uuendav ja niisutav seerum\"}]},{\"@type\":\"WebSite\",\"@id\":\"https:\\\/\\\/idcolor.ee\\\/et\\\/#website\",\"url\":\"https:\\\/\\\/idcolor.ee\\\/et\\\/\",\"name\":\"iD Color\",\"description\":\"Hair care products\",\"publisher\":{\"@id\":\"https:\\\/\\\/idcolor.ee\\\/et\\\/#organization\"},\"potentialAction\":[{\"@type\":\"SearchAction\",\"target\":{\"@type\":\"EntryPoint\",\"urlTemplate\":\"https:\\\/\\\/idcolor.ee\\\/et\\\/?s={search_term_string}\"},\"query-input\":{\"@type\":\"PropertyValueSpecification\",\"valueRequired\":true,\"valueName\":\"search_term_string\"}}],\"inLanguage\":\"et\"},{\"@type\":\"Organization\",\"@id\":\"https:\\\/\\\/idcolor.ee\\\/et\\\/#organization\",\"name\":\"iD Color O\u00dc\",\"url\":\"https:\\\/\\\/idcolor.ee\\\/et\\\/\",\"logo\":{\"@type\":\"ImageObject\",\"inLanguage\":\"et\",\"@id\":\"https:\\\/\\\/idcolor.ee\\\/et\\\/#\\\/schema\\\/logo\\\/image\\\/\",\"url\":\"https:\\\/\\\/idcolor.ee\\\/wp-content\\\/uploads\\\/2022\\\/01\\\/IDColor_Logo_1000.png\",\"contentUrl\":\"https:\\\/\\\/idcolor.ee\\\/wp-content\\\/uploads\\\/2022\\\/01\\\/IDColor_Logo_1000.png\",\"width\":1001,\"height\":354,\"caption\":\"iD Color O\u00dc\"},\"image\":{\"@id\":\"https:\\\/\\\/idcolor.ee\\\/et\\\/#\\\/schema\\\/logo\\\/image\\\/\"}}]}<\/script>\n<!-- \/ Yoast SEO plugin. -->","yoast_head_json":{"title":"MATTER OF FACT Vananemisvastane uuendav ja niisutav seerum - iD Color","description":"This multi-acid serum balances powerful yet gentle exfoliation with deep hydration to help achieve smoother, brighter, more radiant-looking skin.","robots":{"index":"index","follow":"follow","max-snippet":"max-snippet:-1","max-image-preview":"max-image-preview:large","max-video-preview":"max-video-preview:-1"},"canonical":"https:\/\/idcolor.ee\/et\/toode\/vananemisvastane-uuendav-ja-niisutav-seerum\/","og_locale":"et_EE","og_type":"article","og_title":"MATTER OF FACT Vananemisvastane uuendav ja niisutav seerum - iD Color","og_description":"This multi-acid serum balances powerful yet gentle exfoliation with deep hydration to help achieve smoother, brighter, more radiant-looking skin.","og_url":"https:\/\/idcolor.ee\/et\/toode\/vananemisvastane-uuendav-ja-niisutav-seerum\/","og_site_name":"iD Color","article_modified_time":"2025-11-30T22:12:59+00:00","og_image":[{"width":1080,"height":1080,"url":"https:\/\/idcolor.ee\/wp-content\/uploads\/2025\/09\/RHS.jpg","type":"image\/jpeg"}],"twitter_card":"summary_large_image","twitter_misc":{"Est. reading time":"3 minutit"},"schema":{"@context":"https:\/\/schema.org","@graph":[{"@type":"WebPage","@id":"https:\/\/idcolor.ee\/et\/toode\/vananemisvastane-uuendav-ja-niisutav-seerum\/","url":"https:\/\/idcolor.ee\/et\/toode\/vananemisvastane-uuendav-ja-niisutav-seerum\/","name":"MATTER OF FACT Vananemisvastane uuendav ja niisutav seerum - iD Color","isPartOf":{"@id":"https:\/\/idcolor.ee\/et\/#website"},"primaryImageOfPage":{"@id":"https:\/\/idcolor.ee\/et\/toode\/vananemisvastane-uuendav-ja-niisutav-seerum\/#primaryimage"},"image":{"@id":"https:\/\/idcolor.ee\/et\/toode\/vananemisvastane-uuendav-ja-niisutav-seerum\/#primaryimage"},"thumbnailUrl":"https:\/\/idcolor.ee\/wp-content\/uploads\/2025\/09\/RHS.jpg","datePublished":"2025-09-18T12:01:43+00:00","dateModified":"2025-11-30T22:12:59+00:00","description":"This multi-acid serum balances powerful yet gentle exfoliation with deep hydration to help achieve smoother, brighter, more radiant-looking skin.","breadcrumb":{"@id":"https:\/\/idcolor.ee\/et\/toode\/vananemisvastane-uuendav-ja-niisutav-seerum\/#breadcrumb"},"inLanguage":"et","potentialAction":[{"@type":"ReadAction","target":["https:\/\/idcolor.ee\/et\/toode\/vananemisvastane-uuendav-ja-niisutav-seerum\/"]}]},{"@type":"ImageObject","inLanguage":"et","@id":"https:\/\/idcolor.ee\/et\/toode\/vananemisvastane-uuendav-ja-niisutav-seerum\/#primaryimage","url":"https:\/\/idcolor.ee\/wp-content\/uploads\/2025\/09\/RHS.jpg","contentUrl":"https:\/\/idcolor.ee\/wp-content\/uploads\/2025\/09\/RHS.jpg","width":1080,"height":1080},{"@type":"BreadcrumbList","@id":"https:\/\/idcolor.ee\/et\/toode\/vananemisvastane-uuendav-ja-niisutav-seerum\/#breadcrumb","itemListElement":[{"@type":"ListItem","position":1,"name":"Home","item":"https:\/\/idcolor.ee\/et\/avaleht\/"},{"@type":"ListItem","position":2,"name":"Pood","item":"https:\/\/idcolor.ee\/et\/shop-2\/"},{"@type":"ListItem","position":3,"name":"Vananemisvastane uuendav ja niisutav seerum"}]},{"@type":"WebSite","@id":"https:\/\/idcolor.ee\/et\/#website","url":"https:\/\/idcolor.ee\/et\/","name":"iD Color","description":"Hair care products","publisher":{"@id":"https:\/\/idcolor.ee\/et\/#organization"},"potentialAction":[{"@type":"SearchAction","target":{"@type":"EntryPoint","urlTemplate":"https:\/\/idcolor.ee\/et\/?s={search_term_string}"},"query-input":{"@type":"PropertyValueSpecification","valueRequired":true,"valueName":"search_term_string"}}],"inLanguage":"et"},{"@type":"Organization","@id":"https:\/\/idcolor.ee\/et\/#organization","name":"iD Color O\u00dc","url":"https:\/\/idcolor.ee\/et\/","logo":{"@type":"ImageObject","inLanguage":"et","@id":"https:\/\/idcolor.ee\/et\/#\/schema\/logo\/image\/","url":"https:\/\/idcolor.ee\/wp-content\/uploads\/2022\/01\/IDColor_Logo_1000.png","contentUrl":"https:\/\/idcolor.ee\/wp-content\/uploads\/2022\/01\/IDColor_Logo_1000.png","width":1001,"height":354,"caption":"iD Color O\u00dc"},"image":{"@id":"https:\/\/idcolor.ee\/et\/#\/schema\/logo\/image\/"}}]}},"_links":{"self":[{"href":"https:\/\/idcolor.ee\/et\/wp-json\/wp\/v2\/product\/7328","targetHints":{"allow":["GET"]}}],"collection":[{"href":"https:\/\/idcolor.ee\/et\/wp-json\/wp\/v2\/product"}],"about":[{"href":"https:\/\/idcolor.ee\/et\/wp-json\/wp\/v2\/types\/product"}],"wp:featuredmedia":[{"embeddable":true,"href":"https:\/\/idcolor.ee\/et\/wp-json\/wp\/v2\/media\/7217"}],"wp:attachment":[{"href":"https:\/\/idcolor.ee\/et\/wp-json\/wp\/v2\/media?parent=7328"}],"wp:term":[{"taxonomy":"product_brand","embeddable":true,"href":"https:\/\/idcolor.ee\/et\/wp-json\/wp\/v2\/product_brand?post=7328"},{"taxonomy":"product_cat","embeddable":true,"href":"https:\/\/idcolor.ee\/et\/wp-json\/wp\/v2\/product_cat?post=7328"},{"taxonomy":"product_tag","embeddable":true,"href":"https:\/\/idcolor.ee\/et\/wp-json\/wp\/v2\/product_tag?post=7328"}],"curies":[{"name":"wp","href":"https:\/\/api.w.org\/{rel}","templated":true}]}}