{"id":7330,"date":"2025-09-18T16:01:50","date_gmt":"2025-09-18T13:01:50","guid":{"rendered":"https:\/\/idcolor.ee\/product\/minimalist-niisutav-kreem\/"},"modified":"2025-09-25T12:47:13","modified_gmt":"2025-09-25T09:47:13","slug":"minimalist-niisutav-kreem","status":"publish","type":"product","link":"https:\/\/idcolor.ee\/et\/toode\/minimalist-niisutav-kreem\/","title":{"rendered":"Minimalist niisutav kreem"},"content":{"rendered":"<div class=\"wpb-content-wrapper\"><p>[vc_row][vc_column][vc_row_inner][vc_column_inner width=&#8221;1\/4&#8243; offset=&#8221;vc_hidden-sm vc_hidden-xs&#8221;][vc_single_image image=&#8221;7046&#8243; img_size=&#8221;full&#8221; css=&#8221;&#8221;][vc_empty_space height=&#8221;20px&#8221;][\/vc_column_inner][vc_column_inner width=&#8221;3\/4&#8243; css=&#8221;.vc_custom_1643102537405{padding-right: 70% !important;}&#8221; offset=&#8221;vc_hidden-lg vc_hidden-md&#8221;][vc_single_image image=&#8221;7041&#8243; img_size=&#8221;full&#8221; css=&#8221;&#8221;][vc_empty_space height=&#8221;20px&#8221;][\/vc_column_inner][\/vc_row_inner]<div class=\"nasa-title clearfix nasa-t hr-type-none\"><h4 class=\"nasa-heading-title\"><span class=\"nasa-title-wrap\"><span style=\"color: #000000;\">MINIMALIST NIISUTAV KREEM | 50 ml<\/span><\/span><\/h4><p class=\"nasa-title-desc\" style=\"color: #000000;\">Minimalist Hydrating Moisturizer<\/p><\/div>[vc_empty_space height=&#8221;20px&#8221;][vc_separator][vc_empty_space height=&#8221;10px&#8221;][vc_column_text css=&#8221;&#8221;]Kerge ja minimaalsete koostisosadega niisutav ja ning toitev n\u00e4okreem pakub nahale kauakestvat<br \/>niisutust, j\u00e4ttes naha pehmeks, siledaks ja klaariks, tugevdab ja toetab naha loomulikku kaitsebarj\u00e4\u00e4ri ning annab ideaalse aluse meigile. T\u00e4nu kiiresti imenduvatele toimeainetele j\u00e4tab naha sametiselt pehmeks ilma rasvase v\u00f5i kleepuva<br \/>tundeta ja sobib suurep\u00e4raselt kombineeritud ning tundlikule nahale.<\/p>\n<h4>NAHAPROBLEEMID<\/h4>\n<p>Deh\u00fcdratsioon, naha kuivus, kaitsebarj\u00e4\u00e4ri toetamine.[\/vc_column_text][vc_row_inner css=&#8221;.vc_custom_1758138746829{padding-bottom: 25px !important;}&#8221;][vc_column_inner width=&#8221;1\/2&#8243;][vc_empty_space height=&#8221;35px&#8221;][vc_column_text css=&#8221;&#8221;]<\/p>\n<h4>PEAMISED TOIMEAINED<\/h4>\n<p><strong>5% PROVITAMIIN B5 (pantenool)<\/strong><br \/>\nNahka niisutav koostisosa, mis aitab tugevdada naha loomulikku kaitsebarj\u00e4\u00e4ri, kiirendada naha taastumist ning rahustada \u00e4rritusi.<\/p>\n<p><strong>VEDELKRISTALLILISED LIPIIDID<\/strong><br \/>\nVedelkristallilised lipiidid on nahaidentsed rasvad, mis aitavad taastada ja tugevdada naha loomulikku kaitsekihti. T\u00e4nu oma vedelkristallilisele struktuurile imenduvad nad nahka kergemini ja \u00fchtlasemalt kui tavalised lipiidid, tagades intensiivse ja \u2028pikaajalise niisutuse ning aidates lukustada niisutust naha s\u00fcgavates kihtides.<\/p>\n<p><strong>CENTELLA ASIATICA ehk Aasia vesinaba ekstrakt<\/strong><br \/>\nTaimne ekstrakt on tuntud oma \u00fclimalt rahustavate ja antioks\u00fcdantsete omaduste poolest ja aitab kaitsta nahka keskkonna m\u00f5jude ning saaste eest, soodustades ka naha uuenemist.<\/p>\n<p><strong>LAGRITSAJUUR<\/strong><br \/>\nTaimne puhastatud ekstrakt pakub tundlikule nahale rahustavat ja \u00f5rna antioks\u00fcdantset kaitset.[\/vc_column_text][\/vc_column_inner][vc_column_inner width=&#8221;1\/2&#8243;][vc_empty_space height=&#8221;35px&#8221;]    <div class=\"nasa-sc-carousel-main nasa-bullets-center\">\r\n                <div \r\n            class=\"nasa-slick-slider nasa-not-elementor-style nasa-slick-nav\"\r\n            data-autoplay=\"true\"\r\n            data-loop=\"true\"\r\n            data-speed=\"600\"\r\n            data-dot=\"true\"\r\n            data-columns=\"1\"\r\n            data-columns-small=\"1\"\r\n            data-columns-tablet=\"1\"\r\n            data-switch-tablet=\"767\"\r\n            data-switch-desktop=\"1024\"\r\n            >\r\n            [vc_single_image image=&#8221;7223&#8243; img_size=&#8221;full&#8221; css=&#8221;&#8221;][vc_single_image image=&#8221;7228&#8243; img_size=&#8221;full&#8221; css=&#8221;&#8221;][vc_single_image image=&#8221;7233&#8243; img_size=&#8221;full&#8221; css=&#8221;&#8221;][vc_single_image image=&#8221;7238&#8243; img_size=&#8221;full&#8221; css=&#8221;&#8221;]        <\/div>\r\n    <\/div>\r\n    [\/vc_column_inner][\/vc_row_inner][vc_column_text css=&#8221;&#8221;]<\/p>\n<h4>TULEMUSED<\/h4>\n<p>S\u00fcgav ja kauakestev niisutus ja naha loomulikku kaitsebarj\u00e4\u00e4ri tugevdamine.[\/vc_column_text][vc_empty_space height=&#8221;35px&#8221;][vc_column_text css=&#8221;&#8221;]<\/p>\n<h4><strong>KASUTAMINE<\/strong><\/h4>\n<p>Kanna v\u00e4ike kogus kreemi puhastatud n\u00e4ole hommikul ja\/v\u00f5i \u00f5htul. V\u00f5ib peale kanda enne v\u00f5i p\u00e4rast mis tahes MATTER OF FACT seerumit v\u00f5i hooldust.<\/p>\n<p>Kui nahk on tundlikum v\u00f5i alles harjute uute toodete koostisosadega, kandke k\u00f5igepealt nahale MINIMALIST NIISUTAV KREEM, ning seej\u00e4rel (vajadusel) teised hooldused.<\/p>\n<p><strong>TEKSTUUR:<\/strong> kerge kreem[\/vc_column_text][vc_empty_space height=&#8221;35px&#8221;][vc_column_text css=&#8221;&#8221;]<\/p>\n<h4>HEA TEADA<\/h4>\n<p>MINIMALIST NIISUTAV KREEM on loodud naha s\u00fcgavaks ja kauakestvaks niisutuseks. Kreemjas ja kerge tekstuur imendub nahka kergesti ilma rasvase v\u00f5i kleepuva tundeta, sobib h\u00e4sti teiste toodetega ning on \u00f5rn ja toidab nahka, muutes selle ideaalseks kaaslaseks laia valiku nahahooldusrutiinide jaoks, sobib ka kombineeritud v\u00f5i tundlikule nahale. T\u00f5hus t\u00e4iendus aktiivsetele seerumitele ja hooldustele, samuti toimib suurep\u00e4raselt p\u00e4evase niisutajana meigi all.<\/p>\n<p>[\/vc_column_text][vc_empty_space height=&#8221;35px&#8221;][vc_column_text css=&#8221;&#8221;]<\/p>\n<h4>PEAMISED EELISED<\/h4>\n<p>[\/vc_column_text][vc_row_inner css=&#8221;.vc_custom_1758108394998{margin-top: 20px !important;border-top-width: 1px !important;border-bottom-width: 1px !important;padding-top: 30px !important;padding-bottom: 30px !important;border-top-style: solid !important;border-bottom-style: solid !important;border-color: #EBEBEB !important;}&#8221;][vc_column_inner width=&#8221;1\/3&#8243;][vc_column_text css=&#8221;&#8221;]<strong>NIISUTAB<\/strong><br \/>\nAnnab nahale s\u00fcgava ja kauakestva niisutuse[\/vc_column_text][\/vc_column_inner][vc_column_inner width=&#8221;1\/3&#8243;][vc_column_text css=&#8221;&#8221;]<strong>NAHA TEKSTUUR<\/strong><br \/>\nNahk tundub pehmem ning n\u00e4eb v\u00e4lja siledam ja s\u00e4ravam[\/vc_column_text][\/vc_column_inner][vc_column_inner width=&#8221;1\/3&#8243;][vc_column_text css=&#8221;&#8221;]<strong>KAITSEBARJ\u00c4\u00c4RI TOETUS<\/strong><br \/>\nTugevdab naha loomulikku kaitsekihti, parandab naha elastsust ja \u00fcldist tervist[\/vc_column_text][\/vc_column_inner][\/vc_row_inner][vc_empty_space height=&#8221;30px&#8221;][vc_column_text css=&#8221;&#8221;]<\/p>\n<h4>MULTIMODAALNE L\u00c4HENEMINE<\/h4>\n<p>[\/vc_column_text][vc_empty_space height=&#8221;20px&#8221;][vc_single_image image=&#8221;7243&#8243; img_size=&#8221;full&#8221; css=&#8221;&#8221;][vc_empty_space height=&#8221;30px&#8221;][vc_column_text css=&#8221;&#8221;]<\/p>\n<p style=\"text-align: left;\"><strong>JULMUSEVABA. DERMATOLOOGILISELT TESTITUD JA HEAKS KIIDETUD.<\/strong><\/p>\n<p>[\/vc_column_text][\/vc_column][\/vc_row]<\/p>\n<\/div>","protected":false},"excerpt":{"rendered":"<h5><strong>50 ml<\/strong><\/h5>\n<p><span style=\"color: #000000;\">Kerge ja minimaalsete koostisosadega niisutav ja ning toitev n\u00e4okreem pakub nahale kauakestvat<br \/>niisutust, j\u00e4ttes naha pehmeks, siledaks ja klaariks, tugevdab ja toetab naha loomulikku kaitsebarj\u00e4\u00e4ri ning annab ideaalse aluse meigile. T\u00e4nu kiiresti imenduvatele toimeainetele j\u00e4tab naha sametiselt pehmeks ilma rasvase v\u00f5i kleepuva<br \/>tundeta ja sobib suurep\u00e4raselt kombineeritud ning tundlikule nahale.<\/span><\/p>\n<p><strong>5% provitamiin B5, vedelkristallilised lipiidid ja Aasia vesinaba ekstrakt.<\/strong><\/p>\n","protected":false},"featured_media":7248,"template":"","meta":[],"product_brand":[],"product_cat":[334],"product_tag":[],"class_list":{"0":"post-7330","1":"product","2":"type-product","3":"status-publish","4":"has-post-thumbnail","6":"product_cat-matter-of-fact-et","8":"first","9":"instock","10":"sale","11":"taxable","12":"shipping-taxable","13":"purchasable","14":"product-type-simple"},"yoast_head":"<!-- This site is optimized with the Yoast SEO plugin v27.3 - https:\/\/yoast.com\/product\/yoast-seo-wordpress\/ -->\n<title>MATTER OF FACT Minimalist niisutav kreem - iD Color<\/title>\n<meta name=\"description\" content=\"Kerge ja minimaalsete koostisosadega niisutav ja ning toitev n\u00e4okreem pakub nahale kauakestvatniisutust, j\u00e4ttes naha pehmeks, siledaks ja klaariks.\" \/>\n<meta name=\"robots\" content=\"index, follow, max-snippet:-1, max-image-preview:large, max-video-preview:-1\" \/>\n<link rel=\"canonical\" href=\"https:\/\/idcolor.ee\/et\/toode\/minimalist-niisutav-kreem\/\" \/>\n<meta property=\"og:locale\" content=\"et_EE\" \/>\n<meta property=\"og:type\" content=\"article\" \/>\n<meta property=\"og:title\" content=\"MATTER OF FACT Minimalist niisutav kreem - iD Color\" \/>\n<meta property=\"og:description\" content=\"Kerge ja minimaalsete koostisosadega niisutav ja ning toitev n\u00e4okreem pakub nahale kauakestvatniisutust, j\u00e4ttes naha pehmeks, siledaks ja klaariks.\" \/>\n<meta property=\"og:url\" content=\"https:\/\/idcolor.ee\/et\/toode\/minimalist-niisutav-kreem\/\" \/>\n<meta property=\"og:site_name\" content=\"iD Color\" \/>\n<meta property=\"article:modified_time\" content=\"2025-09-25T09:47:13+00:00\" \/>\n<meta property=\"og:image\" content=\"https:\/\/idcolor.ee\/wp-content\/uploads\/2025\/09\/MINIMALIST.jpg\" \/>\n\t<meta property=\"og:image:width\" content=\"1080\" \/>\n\t<meta property=\"og:image:height\" content=\"1080\" \/>\n\t<meta property=\"og:image:type\" content=\"image\/jpeg\" \/>\n<meta name=\"twitter:card\" content=\"summary_large_image\" \/>\n<meta name=\"twitter:label1\" content=\"Est. reading time\" \/>\n\t<meta name=\"twitter:data1\" content=\"4 minutit\" \/>\n<script type=\"application\/ld+json\" class=\"yoast-schema-graph\">{\"@context\":\"https:\\\/\\\/schema.org\",\"@graph\":[{\"@type\":\"WebPage\",\"@id\":\"https:\\\/\\\/idcolor.ee\\\/et\\\/toode\\\/minimalist-niisutav-kreem\\\/\",\"url\":\"https:\\\/\\\/idcolor.ee\\\/et\\\/toode\\\/minimalist-niisutav-kreem\\\/\",\"name\":\"MATTER OF FACT Minimalist niisutav kreem - iD Color\",\"isPartOf\":{\"@id\":\"https:\\\/\\\/idcolor.ee\\\/et\\\/#website\"},\"primaryImageOfPage\":{\"@id\":\"https:\\\/\\\/idcolor.ee\\\/et\\\/toode\\\/minimalist-niisutav-kreem\\\/#primaryimage\"},\"image\":{\"@id\":\"https:\\\/\\\/idcolor.ee\\\/et\\\/toode\\\/minimalist-niisutav-kreem\\\/#primaryimage\"},\"thumbnailUrl\":\"https:\\\/\\\/idcolor.ee\\\/wp-content\\\/uploads\\\/2025\\\/09\\\/MINIMALIST.jpg\",\"datePublished\":\"2025-09-18T13:01:50+00:00\",\"dateModified\":\"2025-09-25T09:47:13+00:00\",\"description\":\"Kerge ja minimaalsete koostisosadega niisutav ja ning toitev n\u00e4okreem pakub nahale kauakestvatniisutust, j\u00e4ttes naha pehmeks, siledaks ja klaariks.\",\"breadcrumb\":{\"@id\":\"https:\\\/\\\/idcolor.ee\\\/et\\\/toode\\\/minimalist-niisutav-kreem\\\/#breadcrumb\"},\"inLanguage\":\"et\",\"potentialAction\":[{\"@type\":\"ReadAction\",\"target\":[\"https:\\\/\\\/idcolor.ee\\\/et\\\/toode\\\/minimalist-niisutav-kreem\\\/\"]}]},{\"@type\":\"ImageObject\",\"inLanguage\":\"et\",\"@id\":\"https:\\\/\\\/idcolor.ee\\\/et\\\/toode\\\/minimalist-niisutav-kreem\\\/#primaryimage\",\"url\":\"https:\\\/\\\/idcolor.ee\\\/wp-content\\\/uploads\\\/2025\\\/09\\\/MINIMALIST.jpg\",\"contentUrl\":\"https:\\\/\\\/idcolor.ee\\\/wp-content\\\/uploads\\\/2025\\\/09\\\/MINIMALIST.jpg\",\"width\":1080,\"height\":1080},{\"@type\":\"BreadcrumbList\",\"@id\":\"https:\\\/\\\/idcolor.ee\\\/et\\\/toode\\\/minimalist-niisutav-kreem\\\/#breadcrumb\",\"itemListElement\":[{\"@type\":\"ListItem\",\"position\":1,\"name\":\"Home\",\"item\":\"https:\\\/\\\/idcolor.ee\\\/et\\\/avaleht\\\/\"},{\"@type\":\"ListItem\",\"position\":2,\"name\":\"Pood\",\"item\":\"https:\\\/\\\/idcolor.ee\\\/et\\\/shop-2\\\/\"},{\"@type\":\"ListItem\",\"position\":3,\"name\":\"Minimalist niisutav kreem\"}]},{\"@type\":\"WebSite\",\"@id\":\"https:\\\/\\\/idcolor.ee\\\/et\\\/#website\",\"url\":\"https:\\\/\\\/idcolor.ee\\\/et\\\/\",\"name\":\"iD Color\",\"description\":\"Hair care products\",\"publisher\":{\"@id\":\"https:\\\/\\\/idcolor.ee\\\/et\\\/#organization\"},\"potentialAction\":[{\"@type\":\"SearchAction\",\"target\":{\"@type\":\"EntryPoint\",\"urlTemplate\":\"https:\\\/\\\/idcolor.ee\\\/et\\\/?s={search_term_string}\"},\"query-input\":{\"@type\":\"PropertyValueSpecification\",\"valueRequired\":true,\"valueName\":\"search_term_string\"}}],\"inLanguage\":\"et\"},{\"@type\":\"Organization\",\"@id\":\"https:\\\/\\\/idcolor.ee\\\/et\\\/#organization\",\"name\":\"iD Color O\u00dc\",\"url\":\"https:\\\/\\\/idcolor.ee\\\/et\\\/\",\"logo\":{\"@type\":\"ImageObject\",\"inLanguage\":\"et\",\"@id\":\"https:\\\/\\\/idcolor.ee\\\/et\\\/#\\\/schema\\\/logo\\\/image\\\/\",\"url\":\"https:\\\/\\\/idcolor.ee\\\/wp-content\\\/uploads\\\/2022\\\/01\\\/IDColor_Logo_1000.png\",\"contentUrl\":\"https:\\\/\\\/idcolor.ee\\\/wp-content\\\/uploads\\\/2022\\\/01\\\/IDColor_Logo_1000.png\",\"width\":1001,\"height\":354,\"caption\":\"iD Color O\u00dc\"},\"image\":{\"@id\":\"https:\\\/\\\/idcolor.ee\\\/et\\\/#\\\/schema\\\/logo\\\/image\\\/\"}}]}<\/script>\n<!-- \/ Yoast SEO plugin. -->","yoast_head_json":{"title":"MATTER OF FACT Minimalist niisutav kreem - iD Color","description":"Kerge ja minimaalsete koostisosadega niisutav ja ning toitev n\u00e4okreem pakub nahale kauakestvatniisutust, j\u00e4ttes naha pehmeks, siledaks ja klaariks.","robots":{"index":"index","follow":"follow","max-snippet":"max-snippet:-1","max-image-preview":"max-image-preview:large","max-video-preview":"max-video-preview:-1"},"canonical":"https:\/\/idcolor.ee\/et\/toode\/minimalist-niisutav-kreem\/","og_locale":"et_EE","og_type":"article","og_title":"MATTER OF FACT Minimalist niisutav kreem - iD Color","og_description":"Kerge ja minimaalsete koostisosadega niisutav ja ning toitev n\u00e4okreem pakub nahale kauakestvatniisutust, j\u00e4ttes naha pehmeks, siledaks ja klaariks.","og_url":"https:\/\/idcolor.ee\/et\/toode\/minimalist-niisutav-kreem\/","og_site_name":"iD Color","article_modified_time":"2025-09-25T09:47:13+00:00","og_image":[{"width":1080,"height":1080,"url":"https:\/\/idcolor.ee\/wp-content\/uploads\/2025\/09\/MINIMALIST.jpg","type":"image\/jpeg"}],"twitter_card":"summary_large_image","twitter_misc":{"Est. reading time":"4 minutit"},"schema":{"@context":"https:\/\/schema.org","@graph":[{"@type":"WebPage","@id":"https:\/\/idcolor.ee\/et\/toode\/minimalist-niisutav-kreem\/","url":"https:\/\/idcolor.ee\/et\/toode\/minimalist-niisutav-kreem\/","name":"MATTER OF FACT Minimalist niisutav kreem - iD Color","isPartOf":{"@id":"https:\/\/idcolor.ee\/et\/#website"},"primaryImageOfPage":{"@id":"https:\/\/idcolor.ee\/et\/toode\/minimalist-niisutav-kreem\/#primaryimage"},"image":{"@id":"https:\/\/idcolor.ee\/et\/toode\/minimalist-niisutav-kreem\/#primaryimage"},"thumbnailUrl":"https:\/\/idcolor.ee\/wp-content\/uploads\/2025\/09\/MINIMALIST.jpg","datePublished":"2025-09-18T13:01:50+00:00","dateModified":"2025-09-25T09:47:13+00:00","description":"Kerge ja minimaalsete koostisosadega niisutav ja ning toitev n\u00e4okreem pakub nahale kauakestvatniisutust, j\u00e4ttes naha pehmeks, siledaks ja klaariks.","breadcrumb":{"@id":"https:\/\/idcolor.ee\/et\/toode\/minimalist-niisutav-kreem\/#breadcrumb"},"inLanguage":"et","potentialAction":[{"@type":"ReadAction","target":["https:\/\/idcolor.ee\/et\/toode\/minimalist-niisutav-kreem\/"]}]},{"@type":"ImageObject","inLanguage":"et","@id":"https:\/\/idcolor.ee\/et\/toode\/minimalist-niisutav-kreem\/#primaryimage","url":"https:\/\/idcolor.ee\/wp-content\/uploads\/2025\/09\/MINIMALIST.jpg","contentUrl":"https:\/\/idcolor.ee\/wp-content\/uploads\/2025\/09\/MINIMALIST.jpg","width":1080,"height":1080},{"@type":"BreadcrumbList","@id":"https:\/\/idcolor.ee\/et\/toode\/minimalist-niisutav-kreem\/#breadcrumb","itemListElement":[{"@type":"ListItem","position":1,"name":"Home","item":"https:\/\/idcolor.ee\/et\/avaleht\/"},{"@type":"ListItem","position":2,"name":"Pood","item":"https:\/\/idcolor.ee\/et\/shop-2\/"},{"@type":"ListItem","position":3,"name":"Minimalist niisutav kreem"}]},{"@type":"WebSite","@id":"https:\/\/idcolor.ee\/et\/#website","url":"https:\/\/idcolor.ee\/et\/","name":"iD Color","description":"Hair care products","publisher":{"@id":"https:\/\/idcolor.ee\/et\/#organization"},"potentialAction":[{"@type":"SearchAction","target":{"@type":"EntryPoint","urlTemplate":"https:\/\/idcolor.ee\/et\/?s={search_term_string}"},"query-input":{"@type":"PropertyValueSpecification","valueRequired":true,"valueName":"search_term_string"}}],"inLanguage":"et"},{"@type":"Organization","@id":"https:\/\/idcolor.ee\/et\/#organization","name":"iD Color O\u00dc","url":"https:\/\/idcolor.ee\/et\/","logo":{"@type":"ImageObject","inLanguage":"et","@id":"https:\/\/idcolor.ee\/et\/#\/schema\/logo\/image\/","url":"https:\/\/idcolor.ee\/wp-content\/uploads\/2022\/01\/IDColor_Logo_1000.png","contentUrl":"https:\/\/idcolor.ee\/wp-content\/uploads\/2022\/01\/IDColor_Logo_1000.png","width":1001,"height":354,"caption":"iD Color O\u00dc"},"image":{"@id":"https:\/\/idcolor.ee\/et\/#\/schema\/logo\/image\/"}}]}},"_links":{"self":[{"href":"https:\/\/idcolor.ee\/et\/wp-json\/wp\/v2\/product\/7330","targetHints":{"allow":["GET"]}}],"collection":[{"href":"https:\/\/idcolor.ee\/et\/wp-json\/wp\/v2\/product"}],"about":[{"href":"https:\/\/idcolor.ee\/et\/wp-json\/wp\/v2\/types\/product"}],"wp:featuredmedia":[{"embeddable":true,"href":"https:\/\/idcolor.ee\/et\/wp-json\/wp\/v2\/media\/7248"}],"wp:attachment":[{"href":"https:\/\/idcolor.ee\/et\/wp-json\/wp\/v2\/media?parent=7330"}],"wp:term":[{"taxonomy":"product_brand","embeddable":true,"href":"https:\/\/idcolor.ee\/et\/wp-json\/wp\/v2\/product_brand?post=7330"},{"taxonomy":"product_cat","embeddable":true,"href":"https:\/\/idcolor.ee\/et\/wp-json\/wp\/v2\/product_cat?post=7330"},{"taxonomy":"product_tag","embeddable":true,"href":"https:\/\/idcolor.ee\/et\/wp-json\/wp\/v2\/product_tag?post=7330"}],"curies":[{"name":"wp","href":"https:\/\/api.w.org\/{rel}","templated":true}]}}