{"id":7331,"date":"2025-09-18T16:27:21","date_gmt":"2025-09-18T13:27:21","guid":{"rendered":"https:\/\/idcolor.ee\/product\/kaitsev-ja-taastav-seerum\/"},"modified":"2026-04-06T00:03:30","modified_gmt":"2026-04-05T21:03:30","slug":"kaitsev-ja-taastav-seerum","status":"publish","type":"product","link":"https:\/\/idcolor.ee\/et\/toode\/kaitsev-ja-taastav-seerum\/","title":{"rendered":"Kaitsev ja taastav seerum"},"content":{"rendered":"<div class=\"wpb-content-wrapper\"><p>[vc_row][vc_column][vc_row_inner][vc_column_inner width=&#8221;1\/4&#8243; offset=&#8221;vc_hidden-sm vc_hidden-xs&#8221;][vc_single_image image=&#8221;7046&#8243; img_size=&#8221;full&#8221; css=&#8221;&#8221;][vc_empty_space height=&#8221;20px&#8221;][\/vc_column_inner][vc_column_inner width=&#8221;3\/4&#8243; css=&#8221;.vc_custom_1643102537405{padding-right: 70% !important;}&#8221; offset=&#8221;vc_hidden-lg vc_hidden-md&#8221;][vc_single_image image=&#8221;7041&#8243; img_size=&#8221;full&#8221; css=&#8221;&#8221;][vc_empty_space height=&#8221;20px&#8221;][\/vc_column_inner][\/vc_row_inner]<div class=\"nasa-title clearfix nasa-t hr-type-none\"><h4 class=\"nasa-heading-title\"><span class=\"nasa-title-wrap\"><span style=\"color: #000000;\">KAITSEV JA TAASTAV SEERUM | 30 ml<\/span><\/span><\/h4><p class=\"nasa-title-desc\" style=\"color: #000000;\">Barrier + Antioxidant Treatment<\/p><\/div>[vc_empty_space height=&#8221;20px&#8221;][vc_separator][vc_empty_space height=&#8221;10px&#8221;][vc_column_text css=&#8221;&#8221;]Toitev seerum sisaldab kontentreeritud annust lipiide ja v\u00f5imsaid antioks\u00fcdante, mis tugevdavad naha loomulikku kaitsebarj\u00e4\u00e4ri, aitavad hoida naha terve ja elastsena niisutades seda s\u00fcgavuti ning parandades naha v\u00f5imet niiskust s\u00e4ilitada.<\/p>\n<h4>NAHAPROBLEEMID<\/h4>\n<p>Deh\u00fcdratsioon, kuivus, kaitse saaste eest, kaitsebarj\u00e4\u00e4ri tugi.[\/vc_column_text][vc_empty_space height=&#8221;35px&#8221;][vc_row_inner css=&#8221;.vc_custom_1758138746829{padding-bottom: 25px !important;}&#8221;][vc_column_inner width=&#8221;1\/2&#8243;][vc_column_text css=&#8221;&#8221;]<\/p>\n<h4>PEAMISED TOIMEAINED<\/h4>\n<p><strong>VEDELKRISTALLILISED LIPIIDID<\/strong><br \/>\nVedelkristallilised lipiidid imiteerivad naha loomulikku lipiidstruktuuri ning aitavad tugevdada naha kaitsebarj\u00e4\u00e4ri, tagada niisutuse ja vastupidavuse keskkonnam\u00f5judele.<\/p>\n<p><strong>BAKUCHIOL<\/strong><br \/>\nTugev antioks\u00fcdant aitab kaitsta nahka keskkonna agressorite eest, v\u00e4hendada n\u00e4htavaid vananemise m\u00e4rke, parandada naha tekstuuri, kortsude s\u00fcgavust ning sobib ka tundlikule nahale.<\/p>\n<p><strong>KURKUMI JUURE EKSTRAKT<\/strong><br \/>\nTuntud oma antioks\u00fcdantsete ja rahustavate omaduste poolest, aitab \u00e4ra hoida p\u00f5letike teket, \u2028leevendada \u00e4rritust ja annab nahale \u00fchtlasema, s\u00e4ravama ilme.<\/p>\n<p><strong>RONACARE AP\u2122<\/strong><br \/>\nAinulaadne antioks\u00fcdant pakub eriti pikaajalist kaitset vabade radikaalide kahjuliku m\u00f5ju eest.<\/p>\n<p><strong>SKVALAAN<\/strong><br \/>\nSuhkruroost saadud \u00f5rn koostisosa rahustab ja niisutab nahka.<\/p>\n<p>[\/vc_column_text][\/vc_column_inner][vc_column_inner width=&#8221;1\/2&#8243;][vc_empty_space height=&#8221;35px&#8221;]    <div class=\"nasa-sc-carousel-main nasa-bullets-center\">\r\n                <div \r\n            class=\"nasa-slick-slider nasa-not-elementor-style nasa-slick-nav\"\r\n            data-autoplay=\"true\"\r\n            data-loop=\"true\"\r\n            data-speed=\"600\"\r\n            data-dot=\"true\"\r\n            data-columns=\"1\"\r\n            data-columns-small=\"1\"\r\n            data-columns-tablet=\"1\"\r\n            data-switch-tablet=\"767\"\r\n            data-switch-desktop=\"1024\"\r\n            >\r\n            [vc_single_image image=&#8221;7254&#8243; img_size=&#8221;full&#8221; css=&#8221;&#8221;][vc_single_image image=&#8221;7259&#8243; img_size=&#8221;full&#8221; css=&#8221;&#8221;][vc_single_image image=&#8221;7264&#8243; img_size=&#8221;full&#8221; css=&#8221;&#8221;][vc_single_image image=&#8221;7269&#8243; img_size=&#8221;full&#8221; css=&#8221;&#8221;]        <\/div>\r\n    <\/div>\r\n    [\/vc_column_inner][\/vc_row_inner][vc_column_text css=&#8221;&#8221;]<\/p>\n<h4>TULEMUSED<\/h4>\n<p>Tugevdatud naha kaitsebarj\u00e4\u00e4r ja siledam, niisutatud ning terve s\u00e4raga nahk.[\/vc_column_text][vc_empty_space height=&#8221;35px&#8221;][vc_column_text css=&#8221;&#8221;]<\/p>\n<h4><strong>KASUTAMINE<\/strong><\/h4>\n<div class=\"slide d\">\n<p>Kanna 3\u20135 tilka seerumit puhastatud n\u00e4ole hommikul ja\/v\u00f5i \u00f5htul, enne v\u00f5i p\u00e4rast niisutavat kreemi. <\/p>\n<p><strong>N\u00f5uanne:<\/strong> kui nahk on tundlikum v\u00f5i alles harjute uute toodete koostisosadega, kanna esmalt nahale seerum ja siis j\u00e4tka hooldust aktiivsemate MATTER OF FACT hooldusega.<\/p>\n<\/div>\n<p><strong>TEKSTUUR:<\/strong> kerge \u00f5li.[\/vc_column_text][vc_empty_space height=&#8221;35px&#8221;][vc_column_text css=&#8221;&#8221;]<\/p>\n<h4>HEA TEADA<\/h4>\n<p>KAITSEV JA TAASTAV SEERUM on kerge \u00f5li, mis tugevdab naha loomulikku \u2028kaitsebarj\u00e4\u00e4ri ja aitab hoida naha terve ning elastsena. Meie patenti ootav tehnoloogia toimetab nahka taastavaid vedelkristallili lipiide, mis niisutavad ja tugevdavad kaitsekihti ning v\u00f5imsat antioks\u00fcdantide kokteili, mis kaitseb nahka keskkonnategurite eest. Tulemuseks siledam, niisutatud ning tervema s\u00e4raga nahk.[\/vc_column_text][vc_empty_space height=&#8221;35px&#8221;][vc_column_text css=&#8221;&#8221;]<\/p>\n<h4>PEAMISED EELISED<\/h4>\n<p>[\/vc_column_text][vc_row_inner css=&#8221;.vc_custom_1758108394998{margin-top: 20px !important;border-top-width: 1px !important;border-bottom-width: 1px !important;padding-top: 30px !important;padding-bottom: 30px !important;border-top-style: solid !important;border-bottom-style: solid !important;border-color: #EBEBEB !important;}&#8221;][vc_column_inner width=&#8221;1\/3&#8243;][vc_column_text css=&#8221;&#8221;]<strong>KAITSEBARJ\u00c4\u00c4RI TOETUS<\/strong><br \/>\nNahk tunudb noorem, on siledam ning terve s\u00e4raga.[\/vc_column_text][\/vc_column_inner][vc_column_inner width=&#8221;1\/3&#8243;][vc_column_text css=&#8221;&#8221;]<strong>NIISUTAB<\/strong><br \/>\nNiisutab nahka s\u00fcgavuti ja parandab m\u00e4rkimisv\u00e4\u00e4rselt naha v\u00f5imet niiskust s\u00e4ilitada[\/vc_column_text][\/vc_column_inner][vc_column_inner width=&#8221;1\/3&#8243;][vc_column_text css=&#8221;&#8221;]<strong>NAHA TEKSTUUR<\/strong><br \/>\nNahk on pehmem ja elastsem, kare ja kuiv nahk tundub siledam.[\/vc_column_text][\/vc_column_inner][\/vc_row_inner][vc_empty_space height=&#8221;30px&#8221;][vc_column_text css=&#8221;&#8221;]<\/p>\n<h4>MULTIMODAALNE L\u00c4HENEMINE<\/h4>\n<p>[\/vc_column_text][vc_empty_space height=&#8221;20px&#8221;][vc_single_image image=&#8221;7274&#8243; img_size=&#8221;full&#8221; css=&#8221;&#8221;][vc_empty_space height=&#8221;30px&#8221;][vc_column_text css=&#8221;&#8221;]<\/p>\n<p style=\"text-align: left;\"><strong>JULMUSEVABA. DERMATOLOOGILISELT TESTITUD JA HEAKS KIIDETUD.<\/strong><\/p>\n<p>[\/vc_column_text][\/vc_column][\/vc_row]<\/p>\n<\/div>","protected":false},"excerpt":{"rendered":"<h5><strong>30 ml<\/strong><\/h5>\n<p><span style=\"color: #000000;\">Toitev seerum sisaldab kontentreeritud annust lipiide ja v\u00f5imsaid antioks\u00fcdante, mis tugevdavad naha loomulikku kaitsebarj\u00e4\u00e4ri, aitavad hoida naha terve ja elastsena niisutades seda s\u00fcgavuti ning parandades naha v\u00f5imet niiskust s\u00e4ilitada.<\/span><\/p>\n<p><strong>20% vedelkristallilised lipiidid, bakutsiool ja kurkumi juure ekstrakt<\/strong><\/p>\n","protected":false},"featured_media":7755,"template":"","meta":[],"product_brand":[],"product_cat":[334],"product_tag":[],"class_list":{"0":"post-7331","1":"product","2":"type-product","3":"status-publish","4":"has-post-thumbnail","6":"product_cat-matter-of-fact-et","8":"first","9":"instock","10":"sale","11":"taxable","12":"shipping-taxable","13":"purchasable","14":"product-type-simple"},"yoast_head":"<!-- This site is optimized with the Yoast SEO plugin v27.3 - https:\/\/yoast.com\/product\/yoast-seo-wordpress\/ -->\n<title>MATTER OF FACT Kaitsev ja taastav seerum - iD Color<\/title>\n<meta name=\"description\" content=\"Toitev seerum tugevdab naha loomulikku kaitsebarj\u00e4\u00e4ri, hoida naha terve ja elastsena niisutades seda s\u00fcgavuti.\" \/>\n<meta name=\"robots\" content=\"index, follow, max-snippet:-1, max-image-preview:large, max-video-preview:-1\" \/>\n<link rel=\"canonical\" href=\"https:\/\/idcolor.ee\/et\/toode\/kaitsev-ja-taastav-seerum\/\" \/>\n<meta property=\"og:locale\" content=\"et_EE\" \/>\n<meta property=\"og:type\" content=\"article\" \/>\n<meta property=\"og:title\" content=\"MATTER OF FACT Kaitsev ja taastav seerum - iD Color\" \/>\n<meta property=\"og:description\" content=\"Toitev seerum tugevdab naha loomulikku kaitsebarj\u00e4\u00e4ri, hoida naha terve ja elastsena niisutades seda s\u00fcgavuti.\" \/>\n<meta property=\"og:url\" content=\"https:\/\/idcolor.ee\/et\/toode\/kaitsev-ja-taastav-seerum\/\" \/>\n<meta property=\"og:site_name\" content=\"iD Color\" \/>\n<meta property=\"article:modified_time\" content=\"2026-04-05T21:03:30+00:00\" \/>\n<meta property=\"og:image\" content=\"https:\/\/idcolor.ee\/wp-content\/uploads\/2025\/09\/TLM_BAT.jpg\" \/>\n\t<meta property=\"og:image:width\" content=\"1080\" \/>\n\t<meta property=\"og:image:height\" content=\"1080\" \/>\n\t<meta property=\"og:image:type\" content=\"image\/jpeg\" \/>\n<meta name=\"twitter:card\" content=\"summary_large_image\" \/>\n<meta name=\"twitter:label1\" content=\"Est. reading time\" \/>\n\t<meta name=\"twitter:data1\" content=\"3 minutit\" \/>\n<script type=\"application\/ld+json\" class=\"yoast-schema-graph\">{\"@context\":\"https:\\\/\\\/schema.org\",\"@graph\":[{\"@type\":\"WebPage\",\"@id\":\"https:\\\/\\\/idcolor.ee\\\/et\\\/toode\\\/kaitsev-ja-taastav-seerum\\\/\",\"url\":\"https:\\\/\\\/idcolor.ee\\\/et\\\/toode\\\/kaitsev-ja-taastav-seerum\\\/\",\"name\":\"MATTER OF FACT Kaitsev ja taastav seerum - iD Color\",\"isPartOf\":{\"@id\":\"https:\\\/\\\/idcolor.ee\\\/et\\\/#website\"},\"primaryImageOfPage\":{\"@id\":\"https:\\\/\\\/idcolor.ee\\\/et\\\/toode\\\/kaitsev-ja-taastav-seerum\\\/#primaryimage\"},\"image\":{\"@id\":\"https:\\\/\\\/idcolor.ee\\\/et\\\/toode\\\/kaitsev-ja-taastav-seerum\\\/#primaryimage\"},\"thumbnailUrl\":\"https:\\\/\\\/idcolor.ee\\\/wp-content\\\/uploads\\\/2025\\\/09\\\/TLM_BAT.jpg\",\"datePublished\":\"2025-09-18T13:27:21+00:00\",\"dateModified\":\"2026-04-05T21:03:30+00:00\",\"description\":\"Toitev seerum tugevdab naha loomulikku kaitsebarj\u00e4\u00e4ri, hoida naha terve ja elastsena niisutades seda s\u00fcgavuti.\",\"breadcrumb\":{\"@id\":\"https:\\\/\\\/idcolor.ee\\\/et\\\/toode\\\/kaitsev-ja-taastav-seerum\\\/#breadcrumb\"},\"inLanguage\":\"et\",\"potentialAction\":[{\"@type\":\"ReadAction\",\"target\":[\"https:\\\/\\\/idcolor.ee\\\/et\\\/toode\\\/kaitsev-ja-taastav-seerum\\\/\"]}]},{\"@type\":\"ImageObject\",\"inLanguage\":\"et\",\"@id\":\"https:\\\/\\\/idcolor.ee\\\/et\\\/toode\\\/kaitsev-ja-taastav-seerum\\\/#primaryimage\",\"url\":\"https:\\\/\\\/idcolor.ee\\\/wp-content\\\/uploads\\\/2025\\\/09\\\/TLM_BAT.jpg\",\"contentUrl\":\"https:\\\/\\\/idcolor.ee\\\/wp-content\\\/uploads\\\/2025\\\/09\\\/TLM_BAT.jpg\",\"width\":1080,\"height\":1080},{\"@type\":\"BreadcrumbList\",\"@id\":\"https:\\\/\\\/idcolor.ee\\\/et\\\/toode\\\/kaitsev-ja-taastav-seerum\\\/#breadcrumb\",\"itemListElement\":[{\"@type\":\"ListItem\",\"position\":1,\"name\":\"Home\",\"item\":\"https:\\\/\\\/idcolor.ee\\\/et\\\/avaleht\\\/\"},{\"@type\":\"ListItem\",\"position\":2,\"name\":\"Pood\",\"item\":\"https:\\\/\\\/idcolor.ee\\\/et\\\/shop-2\\\/\"},{\"@type\":\"ListItem\",\"position\":3,\"name\":\"Kaitsev ja taastav seerum\"}]},{\"@type\":\"WebSite\",\"@id\":\"https:\\\/\\\/idcolor.ee\\\/et\\\/#website\",\"url\":\"https:\\\/\\\/idcolor.ee\\\/et\\\/\",\"name\":\"iD Color\",\"description\":\"Hair care products\",\"publisher\":{\"@id\":\"https:\\\/\\\/idcolor.ee\\\/et\\\/#organization\"},\"potentialAction\":[{\"@type\":\"SearchAction\",\"target\":{\"@type\":\"EntryPoint\",\"urlTemplate\":\"https:\\\/\\\/idcolor.ee\\\/et\\\/?s={search_term_string}\"},\"query-input\":{\"@type\":\"PropertyValueSpecification\",\"valueRequired\":true,\"valueName\":\"search_term_string\"}}],\"inLanguage\":\"et\"},{\"@type\":\"Organization\",\"@id\":\"https:\\\/\\\/idcolor.ee\\\/et\\\/#organization\",\"name\":\"iD Color O\u00dc\",\"url\":\"https:\\\/\\\/idcolor.ee\\\/et\\\/\",\"logo\":{\"@type\":\"ImageObject\",\"inLanguage\":\"et\",\"@id\":\"https:\\\/\\\/idcolor.ee\\\/et\\\/#\\\/schema\\\/logo\\\/image\\\/\",\"url\":\"https:\\\/\\\/idcolor.ee\\\/wp-content\\\/uploads\\\/2022\\\/01\\\/IDColor_Logo_1000.png\",\"contentUrl\":\"https:\\\/\\\/idcolor.ee\\\/wp-content\\\/uploads\\\/2022\\\/01\\\/IDColor_Logo_1000.png\",\"width\":1001,\"height\":354,\"caption\":\"iD Color O\u00dc\"},\"image\":{\"@id\":\"https:\\\/\\\/idcolor.ee\\\/et\\\/#\\\/schema\\\/logo\\\/image\\\/\"}}]}<\/script>\n<!-- \/ Yoast SEO plugin. -->","yoast_head_json":{"title":"MATTER OF FACT Kaitsev ja taastav seerum - iD Color","description":"Toitev seerum tugevdab naha loomulikku kaitsebarj\u00e4\u00e4ri, hoida naha terve ja elastsena niisutades seda s\u00fcgavuti.","robots":{"index":"index","follow":"follow","max-snippet":"max-snippet:-1","max-image-preview":"max-image-preview:large","max-video-preview":"max-video-preview:-1"},"canonical":"https:\/\/idcolor.ee\/et\/toode\/kaitsev-ja-taastav-seerum\/","og_locale":"et_EE","og_type":"article","og_title":"MATTER OF FACT Kaitsev ja taastav seerum - iD Color","og_description":"Toitev seerum tugevdab naha loomulikku kaitsebarj\u00e4\u00e4ri, hoida naha terve ja elastsena niisutades seda s\u00fcgavuti.","og_url":"https:\/\/idcolor.ee\/et\/toode\/kaitsev-ja-taastav-seerum\/","og_site_name":"iD Color","article_modified_time":"2026-04-05T21:03:30+00:00","og_image":[{"width":1080,"height":1080,"url":"https:\/\/idcolor.ee\/wp-content\/uploads\/2025\/09\/TLM_BAT.jpg","type":"image\/jpeg"}],"twitter_card":"summary_large_image","twitter_misc":{"Est. reading time":"3 minutit"},"schema":{"@context":"https:\/\/schema.org","@graph":[{"@type":"WebPage","@id":"https:\/\/idcolor.ee\/et\/toode\/kaitsev-ja-taastav-seerum\/","url":"https:\/\/idcolor.ee\/et\/toode\/kaitsev-ja-taastav-seerum\/","name":"MATTER OF FACT Kaitsev ja taastav seerum - iD Color","isPartOf":{"@id":"https:\/\/idcolor.ee\/et\/#website"},"primaryImageOfPage":{"@id":"https:\/\/idcolor.ee\/et\/toode\/kaitsev-ja-taastav-seerum\/#primaryimage"},"image":{"@id":"https:\/\/idcolor.ee\/et\/toode\/kaitsev-ja-taastav-seerum\/#primaryimage"},"thumbnailUrl":"https:\/\/idcolor.ee\/wp-content\/uploads\/2025\/09\/TLM_BAT.jpg","datePublished":"2025-09-18T13:27:21+00:00","dateModified":"2026-04-05T21:03:30+00:00","description":"Toitev seerum tugevdab naha loomulikku kaitsebarj\u00e4\u00e4ri, hoida naha terve ja elastsena niisutades seda s\u00fcgavuti.","breadcrumb":{"@id":"https:\/\/idcolor.ee\/et\/toode\/kaitsev-ja-taastav-seerum\/#breadcrumb"},"inLanguage":"et","potentialAction":[{"@type":"ReadAction","target":["https:\/\/idcolor.ee\/et\/toode\/kaitsev-ja-taastav-seerum\/"]}]},{"@type":"ImageObject","inLanguage":"et","@id":"https:\/\/idcolor.ee\/et\/toode\/kaitsev-ja-taastav-seerum\/#primaryimage","url":"https:\/\/idcolor.ee\/wp-content\/uploads\/2025\/09\/TLM_BAT.jpg","contentUrl":"https:\/\/idcolor.ee\/wp-content\/uploads\/2025\/09\/TLM_BAT.jpg","width":1080,"height":1080},{"@type":"BreadcrumbList","@id":"https:\/\/idcolor.ee\/et\/toode\/kaitsev-ja-taastav-seerum\/#breadcrumb","itemListElement":[{"@type":"ListItem","position":1,"name":"Home","item":"https:\/\/idcolor.ee\/et\/avaleht\/"},{"@type":"ListItem","position":2,"name":"Pood","item":"https:\/\/idcolor.ee\/et\/shop-2\/"},{"@type":"ListItem","position":3,"name":"Kaitsev ja taastav seerum"}]},{"@type":"WebSite","@id":"https:\/\/idcolor.ee\/et\/#website","url":"https:\/\/idcolor.ee\/et\/","name":"iD Color","description":"Hair care products","publisher":{"@id":"https:\/\/idcolor.ee\/et\/#organization"},"potentialAction":[{"@type":"SearchAction","target":{"@type":"EntryPoint","urlTemplate":"https:\/\/idcolor.ee\/et\/?s={search_term_string}"},"query-input":{"@type":"PropertyValueSpecification","valueRequired":true,"valueName":"search_term_string"}}],"inLanguage":"et"},{"@type":"Organization","@id":"https:\/\/idcolor.ee\/et\/#organization","name":"iD Color O\u00dc","url":"https:\/\/idcolor.ee\/et\/","logo":{"@type":"ImageObject","inLanguage":"et","@id":"https:\/\/idcolor.ee\/et\/#\/schema\/logo\/image\/","url":"https:\/\/idcolor.ee\/wp-content\/uploads\/2022\/01\/IDColor_Logo_1000.png","contentUrl":"https:\/\/idcolor.ee\/wp-content\/uploads\/2022\/01\/IDColor_Logo_1000.png","width":1001,"height":354,"caption":"iD Color O\u00dc"},"image":{"@id":"https:\/\/idcolor.ee\/et\/#\/schema\/logo\/image\/"}}]}},"_links":{"self":[{"href":"https:\/\/idcolor.ee\/et\/wp-json\/wp\/v2\/product\/7331","targetHints":{"allow":["GET"]}}],"collection":[{"href":"https:\/\/idcolor.ee\/et\/wp-json\/wp\/v2\/product"}],"about":[{"href":"https:\/\/idcolor.ee\/et\/wp-json\/wp\/v2\/types\/product"}],"wp:featuredmedia":[{"embeddable":true,"href":"https:\/\/idcolor.ee\/et\/wp-json\/wp\/v2\/media\/7755"}],"wp:attachment":[{"href":"https:\/\/idcolor.ee\/et\/wp-json\/wp\/v2\/media?parent=7331"}],"wp:term":[{"taxonomy":"product_brand","embeddable":true,"href":"https:\/\/idcolor.ee\/et\/wp-json\/wp\/v2\/product_brand?post=7331"},{"taxonomy":"product_cat","embeddable":true,"href":"https:\/\/idcolor.ee\/et\/wp-json\/wp\/v2\/product_cat?post=7331"},{"taxonomy":"product_tag","embeddable":true,"href":"https:\/\/idcolor.ee\/et\/wp-json\/wp\/v2\/product_tag?post=7331"}],"curies":[{"name":"wp","href":"https:\/\/api.w.org\/{rel}","templated":true}]}}