{"id":7332,"date":"2025-09-18T16:49:02","date_gmt":"2025-09-18T13:49:02","guid":{"rendered":"https:\/\/idcolor.ee\/product\/nahka-puhastav-ja-taastav-geel-palsam\/"},"modified":"2025-09-25T12:51:28","modified_gmt":"2025-09-25T09:51:28","slug":"nahka-puhastav-ja-taastav-geel-palsam","status":"publish","type":"product","link":"https:\/\/idcolor.ee\/et\/toode\/nahka-puhastav-ja-taastav-geel-palsam\/","title":{"rendered":"Nahka puhastav ja taastav geel-palsam"},"content":{"rendered":"<div class=\"wpb-content-wrapper\"><p>[vc_row][vc_column][vc_row_inner][vc_column_inner width=&#8221;1\/4&#8243; offset=&#8221;vc_hidden-sm vc_hidden-xs&#8221;][vc_single_image image=&#8221;7046&#8243; img_size=&#8221;full&#8221; css=&#8221;&#8221;][vc_empty_space height=&#8221;20px&#8221;][\/vc_column_inner][vc_column_inner width=&#8221;3\/4&#8243; css=&#8221;.vc_custom_1643102537405{padding-right: 70% !important;}&#8221; offset=&#8221;vc_hidden-lg vc_hidden-md&#8221;][vc_single_image image=&#8221;7041&#8243; img_size=&#8221;full&#8221; css=&#8221;&#8221;][vc_empty_space height=&#8221;20px&#8221;][\/vc_column_inner][\/vc_row_inner]<div class=\"nasa-title clearfix nasa-t hr-type-none\"><h4 class=\"nasa-heading-title\"><span class=\"nasa-title-wrap\"><span style=\"color: #000000;\">NAHKA PUHASTAV JA TAASTAV GEEL-PALSAM | 150 ml<\/span><\/span><\/h4><p class=\"nasa-title-desc\" style=\"color: #000000;\">Remove + Replenish Gel Balm Cleanser<\/p><\/div>[vc_empty_space height=&#8221;20px&#8221;][vc_separator][vc_empty_space height=&#8221;10px&#8221;][vc_column_text css=&#8221;&#8221;]\u00dcli\u00f5rn nahka tasakaalustav puhastaja eemaldab t\u00f5husalt meigi, mustuse, liigse rasu ja p\u00e4ikesekaitsekreemi j\u00e4\u00e4gid. Niisutab ja s\u00e4ilitab naha optimaalse pH-taseme ning neutraliseerib kareda vee m\u00f5ju.<\/p>\n<h4>NAHAPROBLEEMID<\/h4>\n<p>Kuiv nahk, rasune nahk, n\u00f5rgenenud naha kaitsebarj\u00e4\u00e4r.[\/vc_column_text][vc_empty_space height=&#8221;35px&#8221;][vc_row_inner css=&#8221;.vc_custom_1758138746829{padding-bottom: 25px !important;}&#8221;][vc_column_inner width=&#8221;1\/2&#8243;][vc_column_text css=&#8221;&#8221;]<\/p>\n<h4>PEAMISED TOIMEAINED<\/h4>\n<p><strong>85% GL\u00dcTSEERIIN<\/strong><br \/>\nV\u00f5imas niisutaja lukustab niiskuse, j\u00e4ttes naha toidetuks ja puhtaks.<\/p>\n<p><strong>PUHASTAVAD ESTERID<\/strong><br \/>\n\u00d5rnatoimeline segu aitab efektiivselt eemaldada mustuse, meigi ja p\u00e4ikesekaitsekreemi j\u00e4\u00e4gid, kahjustamata naha loomulikku kaitsebarj\u00e4\u00e4ri.<\/p>\n<p><strong>F\u00dcTIINHAPE<\/strong><br \/>\nLooduslik kelaativ aine s\u00e4ilitab naha optimaalse pH-taseme ning neutraliseerib kareda vee m\u00f5ju, tagades nii \u00f5rna ja v\u00e4rskendava puhastuse.<\/p>\n<h4>TULEMUSED<\/h4>\n<p>Eemaldab meigi, mustuse, liigse rasu ja p\u00e4ikesekaitsekreemi j\u00e4\u00e4gid h\u00e4irimata naha kaitsebarj\u00e4\u00e4ri samal ajal niisutades, j\u00e4ttes naha toidetuks ja pehmeks.[\/vc_column_text][\/vc_column_inner][vc_column_inner width=&#8221;1\/2&#8243;][vc_empty_space height=&#8221;35px&#8221;]    <div class=\"nasa-sc-carousel-main nasa-bullets-center\">\r\n                <div \r\n            class=\"nasa-slick-slider nasa-not-elementor-style nasa-slick-nav\"\r\n            data-autoplay=\"true\"\r\n            data-loop=\"true\"\r\n            data-speed=\"600\"\r\n            data-dot=\"true\"\r\n            data-columns=\"1\"\r\n            data-columns-small=\"1\"\r\n            data-columns-tablet=\"1\"\r\n            data-switch-tablet=\"767\"\r\n            data-switch-desktop=\"1024\"\r\n            >\r\n            [vc_single_image image=&#8221;7285&#8243; img_size=&#8221;full&#8221; css=&#8221;&#8221;][vc_single_image image=&#8221;7290&#8243; img_size=&#8221;full&#8221; css=&#8221;&#8221;][vc_single_image image=&#8221;7295&#8243; img_size=&#8221;full&#8221; css=&#8221;&#8221;][vc_single_image image=&#8221;7300&#8243; img_size=&#8221;full&#8221; css=&#8221;&#8221;][vc_single_image image=&#8221;7305&#8243; img_size=&#8221;full&#8221; css=&#8221;&#8221;]        <\/div>\r\n    <\/div>\r\n    [\/vc_column_inner][\/vc_row_inner][vc_column_text css=&#8221;&#8221;]<\/p>\n<h4><strong>KASUTAMINE<\/strong><\/h4>\n<div class=\"slide d\">Pigista tuubist k\u00e4tele sobiv kogus toodet ning h\u00f5\u00f5ru k\u00e4si, kuni tekstuur muutub vedelamaks, vajadusel lisa natuke vett. Masseeri \u00f5rnalt kuivale v\u00f5i kergelt niiskele n\u00e4ole, p\u00f6\u00f6rates rohkem t\u00e4helepanu piirkondadele, kus on tugev meik. V\u00f5ib tekkida kergelt soojendav tunne. Silmameigi eemaldamiseks kanna toodet suletud silmadele. Loputa p\u00f5hjalikult sooja veega. Toodet v\u00f5ib eemaldada ka pehme, niiske lapiga.<\/div>\n<p><strong>TEKSTUUR:<\/strong> meetaoline geel.[\/vc_column_text][vc_empty_space height=&#8221;35px&#8221;][vc_column_text css=&#8221;&#8221;]<\/p>\n<h4>HEA TEADA<\/h4>\n<p>Puhsatusgeelil on ainulaadne, luksuslik meelaadne tekstuur, mis pealekandmisel soojeneb ja sulatab meigi. \u00dcli\u00f5rnad puhastavad estrid aitavad efektiivselt eemaldada mustuse, meigi ja veekindla p\u00e4ikesekaitsekreemi j\u00e4\u00e4gid, kahjustamata naha loomulikku kaitsebarj\u00e4\u00e4ri. Peale loputamist j\u00e4\u00e4b nahka puhtaks ja niisutatuks, mis annab nahale meeldiva tunde.[\/vc_column_text][vc_empty_space height=&#8221;35px&#8221;][vc_column_text css=&#8221;&#8221;]<\/p>\n<h4>PEAMISED EELISED<\/h4>\n<p>[\/vc_column_text][vc_row_inner css=&#8221;.vc_custom_1758108394998{margin-top: 20px !important;border-top-width: 1px !important;border-bottom-width: 1px !important;padding-top: 30px !important;padding-bottom: 30px !important;border-top-style: solid !important;border-bottom-style: solid !important;border-color: #EBEBEB !important;}&#8221;][vc_column_inner width=&#8221;1\/3&#8243;][vc_column_text css=&#8221;&#8221;]<strong>T\u00d5HUS \u00dcHEETAPILINE PUHASTUS<\/strong><br \/>\nEemaldab meigi, mustuse, rasu ja p\u00e4ikesekaitsekreemi \u00fche sammuga.[\/vc_column_text][\/vc_column_inner][vc_column_inner width=&#8221;1\/3&#8243;][vc_column_text css=&#8221;&#8221;]<strong>TOETAB NAHA KAITSEBARJ\u00c4\u00c4RI<\/strong><br \/>\nLukustab niiskuse, j\u00e4ttes naha toidetuks ja pehmeks ennetades puhastusj\u00e4rgset pingulolekut v\u00f5i kuivust.[\/vc_column_text][\/vc_column_inner][vc_column_inner width=&#8221;1\/3&#8243;][vc_column_text css=&#8221;&#8221;]<strong>\u00d5RN JA NIISUTAV<\/strong><br \/>\nKliiniliselt t\u00f5estatud naha puhastus ilma olulisi nahalipiide h\u00e4irimata v\u00f5i naha loomulikku pH-tasakaalu muutmata, pakkudes samal ajal nahale niisutust.[\/vc_column_text][\/vc_column_inner][\/vc_row_inner][vc_empty_space height=&#8221;30px&#8221;][vc_column_text css=&#8221;&#8221;]<\/p>\n<h4>MULTIMODAALNE L\u00c4HENEMINE<\/h4>\n<p>[\/vc_column_text][vc_empty_space height=&#8221;20px&#8221;][vc_single_image image=&#8221;7310&#8243; img_size=&#8221;full&#8221; css=&#8221;&#8221;][vc_empty_space height=&#8221;30px&#8221;][vc_column_text css=&#8221;&#8221;]<\/p>\n<p style=\"text-align: left;\"><strong>JULMUSEVABA. DERMATOLOOGILISELT TESTITUD JA HEAKS KIIDETUD.<\/strong><\/p>\n<p>[\/vc_column_text][\/vc_column][\/vc_row]<\/p>\n<\/div>","protected":false},"excerpt":{"rendered":"<h5><strong>150 ml<\/strong><\/h5>\n<p><span style=\"color: #000000;\">\u00dcli\u00f5rn nahka tasakaalustav puhastaja eemaldab t\u00f5husalt meigi, mustuse, liigse rasu ja p\u00e4ikesekaitsekreemi j\u00e4\u00e4gid. Niisutab ja s\u00e4ilitab naha optimaalse pH-taseme ning neutraliseerib kareda vee m\u00f5ju.<\/span><\/p>\n<p><strong>85% gl\u00fctseriin, puhastavad esterid ja f\u00fctiinhape<\/strong><\/p>\n","protected":false},"featured_media":7315,"template":"","meta":[],"product_brand":[],"product_cat":[334],"product_tag":[],"class_list":{"0":"post-7332","1":"product","2":"type-product","3":"status-publish","4":"has-post-thumbnail","6":"product_cat-matter-of-fact-et","8":"first","9":"instock","10":"taxable","11":"shipping-taxable","12":"purchasable","13":"product-type-simple"},"yoast_head":"<!-- This site is optimized with the Yoast SEO plugin v27.3 - https:\/\/yoast.com\/product\/yoast-seo-wordpress\/ -->\n<title>MATTER OF FACT Nahka puhastav ja taastav geel-palsam - iD Color<\/title>\n<meta name=\"description\" content=\"\u00dcli\u00f5rn puhastaja eemaldab meigi, mustuse, liigse rasu ja p\u00e4ikesekaitsekreemi j\u00e4\u00e4gid, niisutab, s\u00e4ilitab naha optimaalse pH-taseme ning neutraliseerib kareda vee m\u00f5ju.\" \/>\n<meta name=\"robots\" content=\"index, follow, max-snippet:-1, max-image-preview:large, max-video-preview:-1\" \/>\n<link rel=\"canonical\" href=\"https:\/\/idcolor.ee\/et\/toode\/nahka-puhastav-ja-taastav-geel-palsam\/\" \/>\n<meta property=\"og:locale\" content=\"et_EE\" \/>\n<meta property=\"og:type\" content=\"article\" \/>\n<meta property=\"og:title\" content=\"MATTER OF FACT Nahka puhastav ja taastav geel-palsam - iD Color\" \/>\n<meta property=\"og:description\" content=\"\u00dcli\u00f5rn puhastaja eemaldab meigi, mustuse, liigse rasu ja p\u00e4ikesekaitsekreemi j\u00e4\u00e4gid, niisutab, s\u00e4ilitab naha optimaalse pH-taseme ning neutraliseerib kareda vee m\u00f5ju.\" \/>\n<meta property=\"og:url\" content=\"https:\/\/idcolor.ee\/et\/toode\/nahka-puhastav-ja-taastav-geel-palsam\/\" \/>\n<meta property=\"og:site_name\" content=\"iD Color\" \/>\n<meta property=\"article:modified_time\" content=\"2025-09-25T09:51:28+00:00\" \/>\n<meta property=\"og:image\" content=\"https:\/\/idcolor.ee\/wp-content\/uploads\/2025\/09\/Cleanser.jpg\" \/>\n\t<meta property=\"og:image:width\" content=\"1080\" \/>\n\t<meta property=\"og:image:height\" content=\"1080\" \/>\n\t<meta property=\"og:image:type\" content=\"image\/jpeg\" \/>\n<meta name=\"twitter:card\" content=\"summary_large_image\" \/>\n<meta name=\"twitter:label1\" content=\"Est. reading time\" \/>\n\t<meta name=\"twitter:data1\" content=\"3 minutit\" \/>\n<script type=\"application\/ld+json\" class=\"yoast-schema-graph\">{\"@context\":\"https:\\\/\\\/schema.org\",\"@graph\":[{\"@type\":\"WebPage\",\"@id\":\"https:\\\/\\\/idcolor.ee\\\/et\\\/toode\\\/nahka-puhastav-ja-taastav-geel-palsam\\\/\",\"url\":\"https:\\\/\\\/idcolor.ee\\\/et\\\/toode\\\/nahka-puhastav-ja-taastav-geel-palsam\\\/\",\"name\":\"MATTER OF FACT Nahka puhastav ja taastav geel-palsam - iD Color\",\"isPartOf\":{\"@id\":\"https:\\\/\\\/idcolor.ee\\\/et\\\/#website\"},\"primaryImageOfPage\":{\"@id\":\"https:\\\/\\\/idcolor.ee\\\/et\\\/toode\\\/nahka-puhastav-ja-taastav-geel-palsam\\\/#primaryimage\"},\"image\":{\"@id\":\"https:\\\/\\\/idcolor.ee\\\/et\\\/toode\\\/nahka-puhastav-ja-taastav-geel-palsam\\\/#primaryimage\"},\"thumbnailUrl\":\"https:\\\/\\\/idcolor.ee\\\/wp-content\\\/uploads\\\/2025\\\/09\\\/Cleanser.jpg\",\"datePublished\":\"2025-09-18T13:49:02+00:00\",\"dateModified\":\"2025-09-25T09:51:28+00:00\",\"description\":\"\u00dcli\u00f5rn puhastaja eemaldab meigi, mustuse, liigse rasu ja p\u00e4ikesekaitsekreemi j\u00e4\u00e4gid, niisutab, s\u00e4ilitab naha optimaalse pH-taseme ning neutraliseerib kareda vee m\u00f5ju.\",\"breadcrumb\":{\"@id\":\"https:\\\/\\\/idcolor.ee\\\/et\\\/toode\\\/nahka-puhastav-ja-taastav-geel-palsam\\\/#breadcrumb\"},\"inLanguage\":\"et\",\"potentialAction\":[{\"@type\":\"ReadAction\",\"target\":[\"https:\\\/\\\/idcolor.ee\\\/et\\\/toode\\\/nahka-puhastav-ja-taastav-geel-palsam\\\/\"]}]},{\"@type\":\"ImageObject\",\"inLanguage\":\"et\",\"@id\":\"https:\\\/\\\/idcolor.ee\\\/et\\\/toode\\\/nahka-puhastav-ja-taastav-geel-palsam\\\/#primaryimage\",\"url\":\"https:\\\/\\\/idcolor.ee\\\/wp-content\\\/uploads\\\/2025\\\/09\\\/Cleanser.jpg\",\"contentUrl\":\"https:\\\/\\\/idcolor.ee\\\/wp-content\\\/uploads\\\/2025\\\/09\\\/Cleanser.jpg\",\"width\":1080,\"height\":1080},{\"@type\":\"BreadcrumbList\",\"@id\":\"https:\\\/\\\/idcolor.ee\\\/et\\\/toode\\\/nahka-puhastav-ja-taastav-geel-palsam\\\/#breadcrumb\",\"itemListElement\":[{\"@type\":\"ListItem\",\"position\":1,\"name\":\"Home\",\"item\":\"https:\\\/\\\/idcolor.ee\\\/et\\\/avaleht\\\/\"},{\"@type\":\"ListItem\",\"position\":2,\"name\":\"Pood\",\"item\":\"https:\\\/\\\/idcolor.ee\\\/et\\\/shop-2\\\/\"},{\"@type\":\"ListItem\",\"position\":3,\"name\":\"Nahka puhastav ja taastav geel-palsam\"}]},{\"@type\":\"WebSite\",\"@id\":\"https:\\\/\\\/idcolor.ee\\\/et\\\/#website\",\"url\":\"https:\\\/\\\/idcolor.ee\\\/et\\\/\",\"name\":\"iD Color\",\"description\":\"Hair care products\",\"publisher\":{\"@id\":\"https:\\\/\\\/idcolor.ee\\\/et\\\/#organization\"},\"potentialAction\":[{\"@type\":\"SearchAction\",\"target\":{\"@type\":\"EntryPoint\",\"urlTemplate\":\"https:\\\/\\\/idcolor.ee\\\/et\\\/?s={search_term_string}\"},\"query-input\":{\"@type\":\"PropertyValueSpecification\",\"valueRequired\":true,\"valueName\":\"search_term_string\"}}],\"inLanguage\":\"et\"},{\"@type\":\"Organization\",\"@id\":\"https:\\\/\\\/idcolor.ee\\\/et\\\/#organization\",\"name\":\"iD Color O\u00dc\",\"url\":\"https:\\\/\\\/idcolor.ee\\\/et\\\/\",\"logo\":{\"@type\":\"ImageObject\",\"inLanguage\":\"et\",\"@id\":\"https:\\\/\\\/idcolor.ee\\\/et\\\/#\\\/schema\\\/logo\\\/image\\\/\",\"url\":\"https:\\\/\\\/idcolor.ee\\\/wp-content\\\/uploads\\\/2022\\\/01\\\/IDColor_Logo_1000.png\",\"contentUrl\":\"https:\\\/\\\/idcolor.ee\\\/wp-content\\\/uploads\\\/2022\\\/01\\\/IDColor_Logo_1000.png\",\"width\":1001,\"height\":354,\"caption\":\"iD Color O\u00dc\"},\"image\":{\"@id\":\"https:\\\/\\\/idcolor.ee\\\/et\\\/#\\\/schema\\\/logo\\\/image\\\/\"}}]}<\/script>\n<!-- \/ Yoast SEO plugin. -->","yoast_head_json":{"title":"MATTER OF FACT Nahka puhastav ja taastav geel-palsam - iD Color","description":"\u00dcli\u00f5rn puhastaja eemaldab meigi, mustuse, liigse rasu ja p\u00e4ikesekaitsekreemi j\u00e4\u00e4gid, niisutab, s\u00e4ilitab naha optimaalse pH-taseme ning neutraliseerib kareda vee m\u00f5ju.","robots":{"index":"index","follow":"follow","max-snippet":"max-snippet:-1","max-image-preview":"max-image-preview:large","max-video-preview":"max-video-preview:-1"},"canonical":"https:\/\/idcolor.ee\/et\/toode\/nahka-puhastav-ja-taastav-geel-palsam\/","og_locale":"et_EE","og_type":"article","og_title":"MATTER OF FACT Nahka puhastav ja taastav geel-palsam - iD Color","og_description":"\u00dcli\u00f5rn puhastaja eemaldab meigi, mustuse, liigse rasu ja p\u00e4ikesekaitsekreemi j\u00e4\u00e4gid, niisutab, s\u00e4ilitab naha optimaalse pH-taseme ning neutraliseerib kareda vee m\u00f5ju.","og_url":"https:\/\/idcolor.ee\/et\/toode\/nahka-puhastav-ja-taastav-geel-palsam\/","og_site_name":"iD Color","article_modified_time":"2025-09-25T09:51:28+00:00","og_image":[{"width":1080,"height":1080,"url":"https:\/\/idcolor.ee\/wp-content\/uploads\/2025\/09\/Cleanser.jpg","type":"image\/jpeg"}],"twitter_card":"summary_large_image","twitter_misc":{"Est. reading time":"3 minutit"},"schema":{"@context":"https:\/\/schema.org","@graph":[{"@type":"WebPage","@id":"https:\/\/idcolor.ee\/et\/toode\/nahka-puhastav-ja-taastav-geel-palsam\/","url":"https:\/\/idcolor.ee\/et\/toode\/nahka-puhastav-ja-taastav-geel-palsam\/","name":"MATTER OF FACT Nahka puhastav ja taastav geel-palsam - iD Color","isPartOf":{"@id":"https:\/\/idcolor.ee\/et\/#website"},"primaryImageOfPage":{"@id":"https:\/\/idcolor.ee\/et\/toode\/nahka-puhastav-ja-taastav-geel-palsam\/#primaryimage"},"image":{"@id":"https:\/\/idcolor.ee\/et\/toode\/nahka-puhastav-ja-taastav-geel-palsam\/#primaryimage"},"thumbnailUrl":"https:\/\/idcolor.ee\/wp-content\/uploads\/2025\/09\/Cleanser.jpg","datePublished":"2025-09-18T13:49:02+00:00","dateModified":"2025-09-25T09:51:28+00:00","description":"\u00dcli\u00f5rn puhastaja eemaldab meigi, mustuse, liigse rasu ja p\u00e4ikesekaitsekreemi j\u00e4\u00e4gid, niisutab, s\u00e4ilitab naha optimaalse pH-taseme ning neutraliseerib kareda vee m\u00f5ju.","breadcrumb":{"@id":"https:\/\/idcolor.ee\/et\/toode\/nahka-puhastav-ja-taastav-geel-palsam\/#breadcrumb"},"inLanguage":"et","potentialAction":[{"@type":"ReadAction","target":["https:\/\/idcolor.ee\/et\/toode\/nahka-puhastav-ja-taastav-geel-palsam\/"]}]},{"@type":"ImageObject","inLanguage":"et","@id":"https:\/\/idcolor.ee\/et\/toode\/nahka-puhastav-ja-taastav-geel-palsam\/#primaryimage","url":"https:\/\/idcolor.ee\/wp-content\/uploads\/2025\/09\/Cleanser.jpg","contentUrl":"https:\/\/idcolor.ee\/wp-content\/uploads\/2025\/09\/Cleanser.jpg","width":1080,"height":1080},{"@type":"BreadcrumbList","@id":"https:\/\/idcolor.ee\/et\/toode\/nahka-puhastav-ja-taastav-geel-palsam\/#breadcrumb","itemListElement":[{"@type":"ListItem","position":1,"name":"Home","item":"https:\/\/idcolor.ee\/et\/avaleht\/"},{"@type":"ListItem","position":2,"name":"Pood","item":"https:\/\/idcolor.ee\/et\/shop-2\/"},{"@type":"ListItem","position":3,"name":"Nahka puhastav ja taastav geel-palsam"}]},{"@type":"WebSite","@id":"https:\/\/idcolor.ee\/et\/#website","url":"https:\/\/idcolor.ee\/et\/","name":"iD Color","description":"Hair care products","publisher":{"@id":"https:\/\/idcolor.ee\/et\/#organization"},"potentialAction":[{"@type":"SearchAction","target":{"@type":"EntryPoint","urlTemplate":"https:\/\/idcolor.ee\/et\/?s={search_term_string}"},"query-input":{"@type":"PropertyValueSpecification","valueRequired":true,"valueName":"search_term_string"}}],"inLanguage":"et"},{"@type":"Organization","@id":"https:\/\/idcolor.ee\/et\/#organization","name":"iD Color O\u00dc","url":"https:\/\/idcolor.ee\/et\/","logo":{"@type":"ImageObject","inLanguage":"et","@id":"https:\/\/idcolor.ee\/et\/#\/schema\/logo\/image\/","url":"https:\/\/idcolor.ee\/wp-content\/uploads\/2022\/01\/IDColor_Logo_1000.png","contentUrl":"https:\/\/idcolor.ee\/wp-content\/uploads\/2022\/01\/IDColor_Logo_1000.png","width":1001,"height":354,"caption":"iD Color O\u00dc"},"image":{"@id":"https:\/\/idcolor.ee\/et\/#\/schema\/logo\/image\/"}}]}},"_links":{"self":[{"href":"https:\/\/idcolor.ee\/et\/wp-json\/wp\/v2\/product\/7332","targetHints":{"allow":["GET"]}}],"collection":[{"href":"https:\/\/idcolor.ee\/et\/wp-json\/wp\/v2\/product"}],"about":[{"href":"https:\/\/idcolor.ee\/et\/wp-json\/wp\/v2\/types\/product"}],"wp:featuredmedia":[{"embeddable":true,"href":"https:\/\/idcolor.ee\/et\/wp-json\/wp\/v2\/media\/7315"}],"wp:attachment":[{"href":"https:\/\/idcolor.ee\/et\/wp-json\/wp\/v2\/media?parent=7332"}],"wp:term":[{"taxonomy":"product_brand","embeddable":true,"href":"https:\/\/idcolor.ee\/et\/wp-json\/wp\/v2\/product_brand?post=7332"},{"taxonomy":"product_cat","embeddable":true,"href":"https:\/\/idcolor.ee\/et\/wp-json\/wp\/v2\/product_cat?post=7332"},{"taxonomy":"product_tag","embeddable":true,"href":"https:\/\/idcolor.ee\/et\/wp-json\/wp\/v2\/product_tag?post=7332"}],"curies":[{"name":"wp","href":"https:\/\/api.w.org\/{rel}","templated":true}]}}