{"id":7701,"date":"2026-03-11T12:05:09","date_gmt":"2026-03-11T10:05:09","guid":{"rendered":"https:\/\/idcolor.ee\/?post_type=product&#038;p=7701"},"modified":"2026-03-15T12:59:04","modified_gmt":"2026-03-15T10:59:04","slug":"damage-shield-kaitsev-ph-sampoon-copy","status":"publish","type":"product","link":"https:\/\/idcolor.ee\/et\/toode\/damage-shield-kaitsev-ph-sampoon-copy\/","title":{"rendered":"DAMAGE SHIELD kaitsev pH \u0161ampoon"},"content":{"rendered":"<div class=\"wpb-content-wrapper\"><p>[vc_row][vc_column][vc_row_inner][vc_column_inner width=&#8221;1\/4&#8243; offset=&#8221;vc_hidden-sm vc_hidden-xs&#8221; css=&#8221;.vc_custom_1643102572855{padding-right: 40% !important;}&#8221;][vc_single_image image=&#8221;4765&#8243; img_size=&#8221;full&#8221;][vc_empty_space height=&#8221;20px&#8221;][\/vc_column_inner][vc_column_inner width=&#8221;3\/4&#8243; css=&#8221;.vc_custom_1643102537405{padding-right: 70% !important;}&#8221; offset=&#8221;vc_hidden-lg vc_hidden-md&#8221;][vc_single_image image=&#8221;4765&#8243; img_size=&#8221;full&#8221;][vc_empty_space height=&#8221;20px&#8221;][\/vc_column_inner][\/vc_row_inner]<div class=\"nasa-title clearfix nasa-t hr-type-none\"><h4 class=\"nasa-heading-title\"><span class=\"nasa-title-wrap\"><span style=\"color: #000000;\">DAMAGE SHIELD kaitsev pH \u0161ampoon | 473 ml<\/span><\/span><\/h4><p class=\"nasa-title-desc\" style=\"color: #000000;\">SISALDAB PATENTEERITUD K18 PEPTIIDI<\/p><\/div>[vc_empty_space height=&#8221;20px&#8221;][vc_separator][vc_empty_space height=&#8221;10px&#8221;][vc_column_text]Optimeeritud pH-ga silendav \u0161ampoon igap\u00e4evaseks kasutamiseks.<\/p>\n<h4><strong>MIDA TEEB?<\/strong><\/h4>\n<p><strong>Puhastab juuksepinda seda siludes.<\/strong> T\u00f5husad, kuid ohutud puhastusained lagundavad ja eemaldavad mustuse ning \u00f5lid \u2013 nii saab juukseid paremini toitainetega varustada ja t\u00f6\u00f6delda.<br \/>\n<strong>M\u00f5eldud igap\u00e4evaseks kasutamiseks.<\/strong> Tasakaalustatud pH-ga koostis ei kahjusta juuksekiudu ega peanahka ja on sobilik igap\u00e4evaseks kasutamiseks.<br \/>\n<strong>Loob ideaalse aluse tervetele juustele.<\/strong> \u0160ampooni koostises ei ole t\u00e4iteaineid, mis h\u00e4iriksid juuste ning peanaha pH tasakaalu.<\/p>\n<h4>KUIDAS T\u00d6\u00d6TAB?<\/h4>\n<p><strong>V\u00e4hem on rohkem \u2013 optimeeritud koostis tagab suurep\u00e4rase ja kompromissitu puhtuse:<\/strong><\/p>\n<ul>\n<li><strong>Optimeeritud pH<\/strong> hoiab kutiikula pesemise ajal suletuna ja kaitseb juuste loomulikku niiskustaset, tulemuseks siledad ning niisutatud juuksed.<\/li>\n<li><strong>Taimsed pindaktiivsed toimeained<\/strong>tekitavad tugeva vahu ja t\u00f5husa puhastuse aidates v\u00e4ltida j\u00e4\u00e4kide kogunemist ja ei kahjusta juukseid ega peanahka.<\/li>\n<li>Mikrodoseeritud <strong>K18Peptide\u2122<\/strong> v\u00e4hendab pesemise ajal tekkida v\u00f5ivat valgukadu ning hoiab juuksed pehmed, tugevad, terved ja puhtad.<\/li>\n<\/ul>\n<p>[\/vc_column_text][vc_row_inner css=&#8221;.vc_custom_1641810793016{padding-bottom: 30px !important;}&#8221;][vc_column_inner width=&#8221;1\/2&#8243;][vc_empty_space height=&#8221;35px&#8221;][vc_column_text]<\/p>\n<h4><strong>KASUTAMINE<\/strong><\/h4>\n<ol>\n<li>Sobib igap\u00e4evaseks kasutamiseks.<\/li>\n<li>Masseeri \u0161ampoon juustesse, keskendudes peanahale.<\/li>\n<li>Loputa p\u00f5hjalikult.<\/li>\n<li>Korda vastavalt vajadusele.<\/li>\n<\/ol>\n<p><strong>L\u00d5HN<\/strong><br \/>\nPuhas tsitrus<\/p>\n<p><strong>EI SISALDA<\/strong> sulfaate, parabeene, ftalaati, but\u00fc\u00fclfen\u00fc\u00fcl met\u00fc\u00fclpropionaali (Lilial), silikoone, tehisv\u00e4rve, naatriumkloriidi, formaldeh\u00fc\u00fcdi ja selle saadusi. <strong>Toode on vegan ning julmusevaba.<\/strong><\/p>\n<p><strong>Ei kahjusta v\u00e4rvi.<\/strong><br \/>\n<strong>Ei tekita allergiat,<\/strong> dermatoloogiliselt testitud (RIPT test 50 katsealusega).<br \/>\n<strong>pH 4,5\u20135,5<br \/>\n<\/strong>[\/vc_column_text][\/vc_column_inner][vc_column_inner width=&#8221;1\/2&#8243;][vc_empty_space height=&#8221;35px&#8221;][vc_single_image image=&#8221;7709&#8243; img_size=&#8221;full&#8221; alignment=&#8221;center&#8221; css=&#8221;&#8221;][\/vc_column_inner][\/vc_row_inner][vc_empty_space height=&#8221;35px&#8221;][vc_separator][vc_empty_space height=&#8221;20px&#8221;][vc_column_text]<\/p>\n<h4><strong>Ohutusn\u00f5uded<\/strong><\/h4>\n<div class=\"accordion__copy--inner\" data-accordion-copy-text=\"\">\n<p>V\u00e4ldi silma sattumist. Ainult v\u00e4lispidiseks kasutamiseks. Kui toote kasutamisel tekib allergiline reaktsioon, katkesta kasutamine ning v\u00f5ta \u00fchendust arstiga. Hoida lastele k\u00e4ttesaamatus kohas.<\/p>\n<\/div>\n<p>[\/vc_column_text][vc_empty_space height=&#8221;10px&#8221;][\/vc_column][\/vc_row]<\/p>\n<\/div>","protected":false},"excerpt":{"rendered":"<h5><strong>473 ml<\/strong><\/h5>\n<p>Optimeeritud pH-ga silendav \u0161ampoon igap\u00e4evaseks kasutamiseks.<\/p>\n<p>SISALDAB PATENTEERITUD K18 PEPTIIDI<\/p>\n","protected":false},"featured_media":7706,"template":"","meta":[],"product_brand":[],"product_cat":[313],"product_tag":[],"class_list":{"0":"post-7701","1":"product","2":"type-product","3":"status-publish","4":"has-post-thumbnail","6":"product_cat-k18-hair-et","8":"first","9":"instock","10":"taxable","11":"shipping-taxable","12":"purchasable","13":"product-type-simple"},"yoast_head":"<!-- This site is optimized with the Yoast SEO plugin v27.4 - https:\/\/yoast.com\/product\/yoast-seo-wordpress\/ -->\n<title>DAMAGE SHIELD kaitsev pH \u0161ampoon - iD Color<\/title>\n<meta name=\"robots\" content=\"index, follow, max-snippet:-1, max-image-preview:large, max-video-preview:-1\" \/>\n<link rel=\"canonical\" href=\"https:\/\/idcolor.ee\/et\/toode\/damage-shield-kaitsev-ph-sampoon-copy\/\" \/>\n<meta property=\"og:locale\" content=\"et_EE\" \/>\n<meta property=\"og:type\" content=\"article\" \/>\n<meta property=\"og:title\" content=\"DAMAGE SHIELD kaitsev pH \u0161ampoon - iD Color\" \/>\n<meta property=\"og:description\" content=\"473 ml Optimeeritud pH-ga silendav \u0161ampoon igap\u00e4evaseks kasutamiseks. SISALDAB PATENTEERITUD K18 PEPTIIDI\" \/>\n<meta property=\"og:url\" content=\"https:\/\/idcolor.ee\/et\/toode\/damage-shield-kaitsev-ph-sampoon-copy\/\" \/>\n<meta property=\"og:site_name\" content=\"iD Color\" \/>\n<meta property=\"article:modified_time\" content=\"2026-03-15T10:59:04+00:00\" \/>\n<meta property=\"og:image\" content=\"https:\/\/idcolor.ee\/wp-content\/uploads\/2026\/03\/K18_DamageShield_pHShampoo_473ml.jpg\" \/>\n\t<meta property=\"og:image:width\" content=\"1080\" \/>\n\t<meta property=\"og:image:height\" content=\"1080\" \/>\n\t<meta property=\"og:image:type\" content=\"image\/jpeg\" \/>\n<meta name=\"twitter:card\" content=\"summary_large_image\" \/>\n<meta name=\"twitter:label1\" content=\"Est. reading time\" \/>\n\t<meta name=\"twitter:data1\" content=\"2 minutit\" \/>\n<script type=\"application\/ld+json\" class=\"yoast-schema-graph\">{\"@context\":\"https:\\\/\\\/schema.org\",\"@graph\":[{\"@type\":\"WebPage\",\"@id\":\"https:\\\/\\\/idcolor.ee\\\/et\\\/toode\\\/damage-shield-kaitsev-ph-sampoon-copy\\\/\",\"url\":\"https:\\\/\\\/idcolor.ee\\\/et\\\/toode\\\/damage-shield-kaitsev-ph-sampoon-copy\\\/\",\"name\":\"DAMAGE SHIELD kaitsev pH \u0161ampoon - iD Color\",\"isPartOf\":{\"@id\":\"https:\\\/\\\/idcolor.ee\\\/et\\\/#website\"},\"primaryImageOfPage\":{\"@id\":\"https:\\\/\\\/idcolor.ee\\\/et\\\/toode\\\/damage-shield-kaitsev-ph-sampoon-copy\\\/#primaryimage\"},\"image\":{\"@id\":\"https:\\\/\\\/idcolor.ee\\\/et\\\/toode\\\/damage-shield-kaitsev-ph-sampoon-copy\\\/#primaryimage\"},\"thumbnailUrl\":\"https:\\\/\\\/idcolor.ee\\\/wp-content\\\/uploads\\\/2026\\\/03\\\/K18_DamageShield_pHShampoo_473ml.jpg\",\"datePublished\":\"2026-03-11T10:05:09+00:00\",\"dateModified\":\"2026-03-15T10:59:04+00:00\",\"breadcrumb\":{\"@id\":\"https:\\\/\\\/idcolor.ee\\\/et\\\/toode\\\/damage-shield-kaitsev-ph-sampoon-copy\\\/#breadcrumb\"},\"inLanguage\":\"et\",\"potentialAction\":[{\"@type\":\"ReadAction\",\"target\":[\"https:\\\/\\\/idcolor.ee\\\/et\\\/toode\\\/damage-shield-kaitsev-ph-sampoon-copy\\\/\"]}]},{\"@type\":\"ImageObject\",\"inLanguage\":\"et\",\"@id\":\"https:\\\/\\\/idcolor.ee\\\/et\\\/toode\\\/damage-shield-kaitsev-ph-sampoon-copy\\\/#primaryimage\",\"url\":\"https:\\\/\\\/idcolor.ee\\\/wp-content\\\/uploads\\\/2026\\\/03\\\/K18_DamageShield_pHShampoo_473ml.jpg\",\"contentUrl\":\"https:\\\/\\\/idcolor.ee\\\/wp-content\\\/uploads\\\/2026\\\/03\\\/K18_DamageShield_pHShampoo_473ml.jpg\",\"width\":1080,\"height\":1080},{\"@type\":\"BreadcrumbList\",\"@id\":\"https:\\\/\\\/idcolor.ee\\\/et\\\/toode\\\/damage-shield-kaitsev-ph-sampoon-copy\\\/#breadcrumb\",\"itemListElement\":[{\"@type\":\"ListItem\",\"position\":1,\"name\":\"Home\",\"item\":\"https:\\\/\\\/idcolor.ee\\\/et\\\/avaleht\\\/\"},{\"@type\":\"ListItem\",\"position\":2,\"name\":\"Pood\",\"item\":\"https:\\\/\\\/idcolor.ee\\\/et\\\/shop-2\\\/\"},{\"@type\":\"ListItem\",\"position\":3,\"name\":\"DAMAGE SHIELD kaitsev pH \u0161ampoon\"}]},{\"@type\":\"WebSite\",\"@id\":\"https:\\\/\\\/idcolor.ee\\\/et\\\/#website\",\"url\":\"https:\\\/\\\/idcolor.ee\\\/et\\\/\",\"name\":\"iD Color\",\"description\":\"Hair care products\",\"publisher\":{\"@id\":\"https:\\\/\\\/idcolor.ee\\\/et\\\/#organization\"},\"potentialAction\":[{\"@type\":\"SearchAction\",\"target\":{\"@type\":\"EntryPoint\",\"urlTemplate\":\"https:\\\/\\\/idcolor.ee\\\/et\\\/?s={search_term_string}\"},\"query-input\":{\"@type\":\"PropertyValueSpecification\",\"valueRequired\":true,\"valueName\":\"search_term_string\"}}],\"inLanguage\":\"et\"},{\"@type\":\"Organization\",\"@id\":\"https:\\\/\\\/idcolor.ee\\\/et\\\/#organization\",\"name\":\"iD Color O\u00dc\",\"url\":\"https:\\\/\\\/idcolor.ee\\\/et\\\/\",\"logo\":{\"@type\":\"ImageObject\",\"inLanguage\":\"et\",\"@id\":\"https:\\\/\\\/idcolor.ee\\\/et\\\/#\\\/schema\\\/logo\\\/image\\\/\",\"url\":\"https:\\\/\\\/idcolor.ee\\\/wp-content\\\/uploads\\\/2022\\\/01\\\/IDColor_Logo_1000.png\",\"contentUrl\":\"https:\\\/\\\/idcolor.ee\\\/wp-content\\\/uploads\\\/2022\\\/01\\\/IDColor_Logo_1000.png\",\"width\":1001,\"height\":354,\"caption\":\"iD Color O\u00dc\"},\"image\":{\"@id\":\"https:\\\/\\\/idcolor.ee\\\/et\\\/#\\\/schema\\\/logo\\\/image\\\/\"}}]}<\/script>\n<!-- \/ Yoast SEO plugin. -->","yoast_head_json":{"title":"DAMAGE SHIELD kaitsev pH \u0161ampoon - iD Color","robots":{"index":"index","follow":"follow","max-snippet":"max-snippet:-1","max-image-preview":"max-image-preview:large","max-video-preview":"max-video-preview:-1"},"canonical":"https:\/\/idcolor.ee\/et\/toode\/damage-shield-kaitsev-ph-sampoon-copy\/","og_locale":"et_EE","og_type":"article","og_title":"DAMAGE SHIELD kaitsev pH \u0161ampoon - iD Color","og_description":"473 ml Optimeeritud pH-ga silendav \u0161ampoon igap\u00e4evaseks kasutamiseks. SISALDAB PATENTEERITUD K18 PEPTIIDI","og_url":"https:\/\/idcolor.ee\/et\/toode\/damage-shield-kaitsev-ph-sampoon-copy\/","og_site_name":"iD Color","article_modified_time":"2026-03-15T10:59:04+00:00","og_image":[{"width":1080,"height":1080,"url":"https:\/\/idcolor.ee\/wp-content\/uploads\/2026\/03\/K18_DamageShield_pHShampoo_473ml.jpg","type":"image\/jpeg"}],"twitter_card":"summary_large_image","twitter_misc":{"Est. reading time":"2 minutit"},"schema":{"@context":"https:\/\/schema.org","@graph":[{"@type":"WebPage","@id":"https:\/\/idcolor.ee\/et\/toode\/damage-shield-kaitsev-ph-sampoon-copy\/","url":"https:\/\/idcolor.ee\/et\/toode\/damage-shield-kaitsev-ph-sampoon-copy\/","name":"DAMAGE SHIELD kaitsev pH \u0161ampoon - iD Color","isPartOf":{"@id":"https:\/\/idcolor.ee\/et\/#website"},"primaryImageOfPage":{"@id":"https:\/\/idcolor.ee\/et\/toode\/damage-shield-kaitsev-ph-sampoon-copy\/#primaryimage"},"image":{"@id":"https:\/\/idcolor.ee\/et\/toode\/damage-shield-kaitsev-ph-sampoon-copy\/#primaryimage"},"thumbnailUrl":"https:\/\/idcolor.ee\/wp-content\/uploads\/2026\/03\/K18_DamageShield_pHShampoo_473ml.jpg","datePublished":"2026-03-11T10:05:09+00:00","dateModified":"2026-03-15T10:59:04+00:00","breadcrumb":{"@id":"https:\/\/idcolor.ee\/et\/toode\/damage-shield-kaitsev-ph-sampoon-copy\/#breadcrumb"},"inLanguage":"et","potentialAction":[{"@type":"ReadAction","target":["https:\/\/idcolor.ee\/et\/toode\/damage-shield-kaitsev-ph-sampoon-copy\/"]}]},{"@type":"ImageObject","inLanguage":"et","@id":"https:\/\/idcolor.ee\/et\/toode\/damage-shield-kaitsev-ph-sampoon-copy\/#primaryimage","url":"https:\/\/idcolor.ee\/wp-content\/uploads\/2026\/03\/K18_DamageShield_pHShampoo_473ml.jpg","contentUrl":"https:\/\/idcolor.ee\/wp-content\/uploads\/2026\/03\/K18_DamageShield_pHShampoo_473ml.jpg","width":1080,"height":1080},{"@type":"BreadcrumbList","@id":"https:\/\/idcolor.ee\/et\/toode\/damage-shield-kaitsev-ph-sampoon-copy\/#breadcrumb","itemListElement":[{"@type":"ListItem","position":1,"name":"Home","item":"https:\/\/idcolor.ee\/et\/avaleht\/"},{"@type":"ListItem","position":2,"name":"Pood","item":"https:\/\/idcolor.ee\/et\/shop-2\/"},{"@type":"ListItem","position":3,"name":"DAMAGE SHIELD kaitsev pH \u0161ampoon"}]},{"@type":"WebSite","@id":"https:\/\/idcolor.ee\/et\/#website","url":"https:\/\/idcolor.ee\/et\/","name":"iD Color","description":"Hair care products","publisher":{"@id":"https:\/\/idcolor.ee\/et\/#organization"},"potentialAction":[{"@type":"SearchAction","target":{"@type":"EntryPoint","urlTemplate":"https:\/\/idcolor.ee\/et\/?s={search_term_string}"},"query-input":{"@type":"PropertyValueSpecification","valueRequired":true,"valueName":"search_term_string"}}],"inLanguage":"et"},{"@type":"Organization","@id":"https:\/\/idcolor.ee\/et\/#organization","name":"iD Color O\u00dc","url":"https:\/\/idcolor.ee\/et\/","logo":{"@type":"ImageObject","inLanguage":"et","@id":"https:\/\/idcolor.ee\/et\/#\/schema\/logo\/image\/","url":"https:\/\/idcolor.ee\/wp-content\/uploads\/2022\/01\/IDColor_Logo_1000.png","contentUrl":"https:\/\/idcolor.ee\/wp-content\/uploads\/2022\/01\/IDColor_Logo_1000.png","width":1001,"height":354,"caption":"iD Color O\u00dc"},"image":{"@id":"https:\/\/idcolor.ee\/et\/#\/schema\/logo\/image\/"}}]}},"_links":{"self":[{"href":"https:\/\/idcolor.ee\/et\/wp-json\/wp\/v2\/product\/7701","targetHints":{"allow":["GET"]}}],"collection":[{"href":"https:\/\/idcolor.ee\/et\/wp-json\/wp\/v2\/product"}],"about":[{"href":"https:\/\/idcolor.ee\/et\/wp-json\/wp\/v2\/types\/product"}],"wp:featuredmedia":[{"embeddable":true,"href":"https:\/\/idcolor.ee\/et\/wp-json\/wp\/v2\/media\/7706"}],"wp:attachment":[{"href":"https:\/\/idcolor.ee\/et\/wp-json\/wp\/v2\/media?parent=7701"}],"wp:term":[{"taxonomy":"product_brand","embeddable":true,"href":"https:\/\/idcolor.ee\/et\/wp-json\/wp\/v2\/product_brand?post=7701"},{"taxonomy":"product_cat","embeddable":true,"href":"https:\/\/idcolor.ee\/et\/wp-json\/wp\/v2\/product_cat?post=7701"},{"taxonomy":"product_tag","embeddable":true,"href":"https:\/\/idcolor.ee\/et\/wp-json\/wp\/v2\/product_tag?post=7701"}],"curies":[{"name":"wp","href":"https:\/\/api.w.org\/{rel}","templated":true}]}}