{"id":7713,"date":"2026-03-11T12:19:50","date_gmt":"2026-03-11T10:19:50","guid":{"rendered":"https:\/\/idcolor.ee\/?post_type=product&#038;p=7713"},"modified":"2026-03-15T12:59:04","modified_gmt":"2026-03-15T10:59:04","slug":"damage-shield-kaitsev-palsam-copy","status":"publish","type":"product","link":"https:\/\/idcolor.ee\/et\/toode\/damage-shield-kaitsev-palsam-copy\/","title":{"rendered":"DAMAGE SHIELD kaitsev palsam"},"content":{"rendered":"<div class=\"wpb-content-wrapper\"><p>[vc_row][vc_column][vc_row_inner][vc_column_inner width=&#8221;1\/4&#8243; offset=&#8221;vc_hidden-sm vc_hidden-xs&#8221; css=&#8221;.vc_custom_1643102572855{padding-right: 40% !important;}&#8221;][vc_single_image image=&#8221;4765&#8243; img_size=&#8221;full&#8221;][vc_empty_space height=&#8221;20px&#8221;][\/vc_column_inner][vc_column_inner width=&#8221;3\/4&#8243; css=&#8221;.vc_custom_1643102537405{padding-right: 70% !important;}&#8221; offset=&#8221;vc_hidden-lg vc_hidden-md&#8221;][vc_single_image image=&#8221;4765&#8243; img_size=&#8221;full&#8221;][vc_empty_space height=&#8221;20px&#8221;][\/vc_column_inner][\/vc_row_inner]<div class=\"nasa-title clearfix nasa-t hr-type-none\"><h4 class=\"nasa-heading-title\"><span class=\"nasa-title-wrap\"><span style=\"color: #000000;\">DAMAGE SHIELD kaitsev palsam | 250 ml<\/span><\/span><\/h4><p class=\"nasa-title-desc\" style=\"color: #000000;\">KAITSEB JUUKSEID IGAP\u00c4EVASTE KAHJUSTUSTE EEST<\/p><\/div>[vc_empty_space height=&#8221;20px&#8221;][vc_separator][vc_empty_space height=&#8221;10px&#8221;][vc_column_text]Toitev palsam aitab kaitsta juukseid igap\u00e4evaste kahjustuste eest ja muudab juuksed siledamaks ning l\u00e4ikivamaks. K18 peptiid niisutab, pehmendab ja silub juukseid pesemise ajal ilma neid raskeks muutmata.<\/p>\n<h4><strong>MIDA TEEB?<\/strong><\/h4>\n<p>Kliiniliselt t\u00f5estatud kuni 3-p\u00e4evane kaitse UV-kiirgusest, mehaanilisest t\u00f6\u00f6tlemisest ja keskkonnam\u00f5judest tekkivate kahjustuste eest*. Tugevdab, pehmendab ning silub juukseid.<\/p>\n<ul>\n<li><strong>Kaitseb kahjustuste eest<\/strong> \u2013 palsam annab kaitse UV-kiirgusest, keskkonnam\u00f5judest ja mehaanilisest t\u00f6\u00f6tlemisest tekkivate kahjustuste eest kuni 3 p\u00e4evaks.<\/li>\n<li><strong>S\u00e4ilitab juuste tervise<\/strong> \u2013 tugevdab juuksekarva \u00fcmbritsevat ja kaitsvat lipiidikihti, muutes juuksed kahjustustele vastupidavamaks. K18Peptide\u2122 taastab pesemisel tekkinud valgukao.<\/li>\n<li><strong>V\u00f5imendab juuste loomulikku l\u00e4iget<\/strong> \u2013 pH-optimeeritud koostis aitab v\u00e4ltida pesemise ajal kutiikula liigset tursumist ning hoida juuksed siledate ja l\u00e4ikivatena.<\/li>\n<\/ul>\n<h4>KUIDAS T\u00d6\u00d6TAB?<\/h4>\n<ul>\n<li><strong>Biotehnoloogiliselt toodetud pol\u00fcsahhariid<\/strong> toimib biomimeetilise kilbina, mis kaitseb juukseid saaste ja keskkonnam\u00f5jude eest.<\/li>\n<li><strong>Tugevdav keramiidisegu<\/strong> sulgeb kahjustatud kohad kutiikulas siludes ning kaitses juuksekarva edasiste kahjustuste eest.<\/li>\n<li><strong>K18Peptide\u2122<\/strong> taastab pesemisel tekkinud valgukao.<\/li>\n<\/ul>\n<h4><strong>KLIINILISELT T\u00d5ESTATUD*<\/strong><\/h4>\n<ul>\n<li>Kliiniliselt t\u00f5estatud kuni 3-p\u00e4evane kaitse UV-kiirgusest, mehaanilisest t\u00f6\u00f6tlemisest ja keskkonnam\u00f5judest tekkivate kahjustuste eest*<\/li>\n<li>94% kasutajatest n\u00f5ustus, et juuksed ei tundnud rasked ega peadligi hoidvad*<\/li>\n<li>91% kasutajatest n\u00f5ustus, et juuksed tundusid pehmemad*<\/li>\n<\/ul>\n<p><a href=\"https:\/\/www.k18hairpro.com\/pages\/disclaimers\" target=\"_blank\" rel=\"noopener\"><em>* k18hairpro.com\/disclaimers<\/em><\/a>[\/vc_column_text][vc_row_inner css=&#8221;.vc_custom_1641810793016{padding-bottom: 30px !important;}&#8221;][vc_column_inner width=&#8221;1\/2&#8243;][vc_empty_space height=&#8221;35px&#8221;][vc_column_text]<\/p>\n<h4><strong>KASUTAMINE<\/strong><\/h4>\n<ol>\n<li>Pese juuksed.<\/li>\n<li>Kanna v\u00e4ike kogus <strong>DAMAGE SHIELD palsamit<\/strong> juuste keskosast otsteni.<\/li>\n<li>Loputa hoolikalt.<\/li>\n<\/ol>\n<p>Parima tulemuse saavutamiseks pese juukseid DAMAGE SHIELD <strong>pH \u0161ampooniga.<\/strong>[\/vc_column_text][vc_empty_space height=&#8221;35px&#8221;][vc_separator align=&#8221;align_left&#8221; el_width=&#8221;20&#8243;][vc_empty_space height=&#8221;20px&#8221;][vc_column_text]<strong>L\u00d5HN<\/strong><br \/>\nPuhas tsitrus<\/p>\n<p><strong>EI SISALDA<\/strong> ftalaati, formaldeh\u00fc\u00fcdi ja selle saadusi, oks\u00fcbensooni ja oktinoksaati jne.[\/vc_column_text][\/vc_column_inner][vc_column_inner width=&#8221;1\/2&#8243;][vc_empty_space height=&#8221;35px&#8221;][vc_single_image image=&#8221;6383&#8243; img_size=&#8221;full&#8221; alignment=&#8221;center&#8221;][\/vc_column_inner][\/vc_row_inner][vc_empty_space height=&#8221;35px&#8221;][vc_separator][vc_empty_space height=&#8221;20px&#8221;][vc_column_text]<\/p>\n<h4><strong>Ohutusn\u00f5uded<\/strong><\/h4>\n<div class=\"accordion__copy--inner\" data-accordion-copy-text=\"\">\n<p>V\u00e4ldi silma sattumist. Ainult v\u00e4lispidiseks kasutamiseks. Kui toote kasutamisel tekib allergiline reaktsioon, katkesta kasutamine ning v\u00f5ta \u00fchendust arstiga. Hoida lastele k\u00e4ttesaamatus kohas.<\/p>\n<\/div>\n<p>[\/vc_column_text][vc_empty_space height=&#8221;10px&#8221;][\/vc_column][\/vc_row]<\/p>\n<\/div>","protected":false},"excerpt":{"rendered":"<h5><strong>473 ml<br \/>\n<\/strong><\/h5>\n<p>Toitev palsam aitab kaitsta juukseid igap\u00e4evaste kahjustuste eest ja muudab juuksed siledamaks ning l\u00e4ikivamaks.<\/p>\n<p>SISALDAB PATENTEERITUD K18 PEPTIIDI<\/p>\n","protected":false},"featured_media":7717,"template":"","meta":[],"product_brand":[],"product_cat":[313],"product_tag":[],"class_list":{"0":"post-7713","1":"product","2":"type-product","3":"status-publish","4":"has-post-thumbnail","6":"product_cat-k18-hair-et","8":"first","9":"instock","10":"taxable","11":"shipping-taxable","12":"purchasable","13":"product-type-simple"},"yoast_head":"<!-- This site is optimized with the Yoast SEO plugin v27.4 - https:\/\/yoast.com\/product\/yoast-seo-wordpress\/ -->\n<title>DAMAGE SHIELD kaitsev palsam - iD Color<\/title>\n<meta name=\"robots\" content=\"index, follow, max-snippet:-1, max-image-preview:large, max-video-preview:-1\" \/>\n<link rel=\"canonical\" href=\"https:\/\/idcolor.ee\/et\/toode\/damage-shield-kaitsev-palsam-copy\/\" \/>\n<meta property=\"og:locale\" content=\"et_EE\" \/>\n<meta property=\"og:type\" content=\"article\" \/>\n<meta property=\"og:title\" content=\"DAMAGE SHIELD kaitsev palsam - iD Color\" \/>\n<meta property=\"og:description\" content=\"473 ml Toitev palsam aitab kaitsta juukseid igap\u00e4evaste kahjustuste eest ja muudab juuksed siledamaks ning l\u00e4ikivamaks. SISALDAB PATENTEERITUD K18 PEPTIIDI\" \/>\n<meta property=\"og:url\" content=\"https:\/\/idcolor.ee\/et\/toode\/damage-shield-kaitsev-palsam-copy\/\" \/>\n<meta property=\"og:site_name\" content=\"iD Color\" \/>\n<meta property=\"article:modified_time\" content=\"2026-03-15T10:59:04+00:00\" \/>\n<meta property=\"og:image\" content=\"https:\/\/idcolor.ee\/wp-content\/uploads\/2026\/03\/K18_DamageShield_Conditioner_473ml.jpg\" \/>\n\t<meta property=\"og:image:width\" content=\"1080\" \/>\n\t<meta property=\"og:image:height\" content=\"1080\" \/>\n\t<meta property=\"og:image:type\" content=\"image\/jpeg\" \/>\n<meta name=\"twitter:card\" content=\"summary_large_image\" \/>\n<meta name=\"twitter:label1\" content=\"Est. reading time\" \/>\n\t<meta name=\"twitter:data1\" content=\"2 minutit\" \/>\n<script type=\"application\/ld+json\" class=\"yoast-schema-graph\">{\"@context\":\"https:\\\/\\\/schema.org\",\"@graph\":[{\"@type\":\"WebPage\",\"@id\":\"https:\\\/\\\/idcolor.ee\\\/et\\\/toode\\\/damage-shield-kaitsev-palsam-copy\\\/\",\"url\":\"https:\\\/\\\/idcolor.ee\\\/et\\\/toode\\\/damage-shield-kaitsev-palsam-copy\\\/\",\"name\":\"DAMAGE SHIELD kaitsev palsam - iD Color\",\"isPartOf\":{\"@id\":\"https:\\\/\\\/idcolor.ee\\\/et\\\/#website\"},\"primaryImageOfPage\":{\"@id\":\"https:\\\/\\\/idcolor.ee\\\/et\\\/toode\\\/damage-shield-kaitsev-palsam-copy\\\/#primaryimage\"},\"image\":{\"@id\":\"https:\\\/\\\/idcolor.ee\\\/et\\\/toode\\\/damage-shield-kaitsev-palsam-copy\\\/#primaryimage\"},\"thumbnailUrl\":\"https:\\\/\\\/idcolor.ee\\\/wp-content\\\/uploads\\\/2026\\\/03\\\/K18_DamageShield_Conditioner_473ml.jpg\",\"datePublished\":\"2026-03-11T10:19:50+00:00\",\"dateModified\":\"2026-03-15T10:59:04+00:00\",\"breadcrumb\":{\"@id\":\"https:\\\/\\\/idcolor.ee\\\/et\\\/toode\\\/damage-shield-kaitsev-palsam-copy\\\/#breadcrumb\"},\"inLanguage\":\"et\",\"potentialAction\":[{\"@type\":\"ReadAction\",\"target\":[\"https:\\\/\\\/idcolor.ee\\\/et\\\/toode\\\/damage-shield-kaitsev-palsam-copy\\\/\"]}]},{\"@type\":\"ImageObject\",\"inLanguage\":\"et\",\"@id\":\"https:\\\/\\\/idcolor.ee\\\/et\\\/toode\\\/damage-shield-kaitsev-palsam-copy\\\/#primaryimage\",\"url\":\"https:\\\/\\\/idcolor.ee\\\/wp-content\\\/uploads\\\/2026\\\/03\\\/K18_DamageShield_Conditioner_473ml.jpg\",\"contentUrl\":\"https:\\\/\\\/idcolor.ee\\\/wp-content\\\/uploads\\\/2026\\\/03\\\/K18_DamageShield_Conditioner_473ml.jpg\",\"width\":1080,\"height\":1080},{\"@type\":\"BreadcrumbList\",\"@id\":\"https:\\\/\\\/idcolor.ee\\\/et\\\/toode\\\/damage-shield-kaitsev-palsam-copy\\\/#breadcrumb\",\"itemListElement\":[{\"@type\":\"ListItem\",\"position\":1,\"name\":\"Home\",\"item\":\"https:\\\/\\\/idcolor.ee\\\/et\\\/avaleht\\\/\"},{\"@type\":\"ListItem\",\"position\":2,\"name\":\"Pood\",\"item\":\"https:\\\/\\\/idcolor.ee\\\/et\\\/shop-2\\\/\"},{\"@type\":\"ListItem\",\"position\":3,\"name\":\"DAMAGE SHIELD kaitsev palsam\"}]},{\"@type\":\"WebSite\",\"@id\":\"https:\\\/\\\/idcolor.ee\\\/et\\\/#website\",\"url\":\"https:\\\/\\\/idcolor.ee\\\/et\\\/\",\"name\":\"iD Color\",\"description\":\"Hair care products\",\"publisher\":{\"@id\":\"https:\\\/\\\/idcolor.ee\\\/et\\\/#organization\"},\"potentialAction\":[{\"@type\":\"SearchAction\",\"target\":{\"@type\":\"EntryPoint\",\"urlTemplate\":\"https:\\\/\\\/idcolor.ee\\\/et\\\/?s={search_term_string}\"},\"query-input\":{\"@type\":\"PropertyValueSpecification\",\"valueRequired\":true,\"valueName\":\"search_term_string\"}}],\"inLanguage\":\"et\"},{\"@type\":\"Organization\",\"@id\":\"https:\\\/\\\/idcolor.ee\\\/et\\\/#organization\",\"name\":\"iD Color O\u00dc\",\"url\":\"https:\\\/\\\/idcolor.ee\\\/et\\\/\",\"logo\":{\"@type\":\"ImageObject\",\"inLanguage\":\"et\",\"@id\":\"https:\\\/\\\/idcolor.ee\\\/et\\\/#\\\/schema\\\/logo\\\/image\\\/\",\"url\":\"https:\\\/\\\/idcolor.ee\\\/wp-content\\\/uploads\\\/2022\\\/01\\\/IDColor_Logo_1000.png\",\"contentUrl\":\"https:\\\/\\\/idcolor.ee\\\/wp-content\\\/uploads\\\/2022\\\/01\\\/IDColor_Logo_1000.png\",\"width\":1001,\"height\":354,\"caption\":\"iD Color O\u00dc\"},\"image\":{\"@id\":\"https:\\\/\\\/idcolor.ee\\\/et\\\/#\\\/schema\\\/logo\\\/image\\\/\"}}]}<\/script>\n<!-- \/ Yoast SEO plugin. -->","yoast_head_json":{"title":"DAMAGE SHIELD kaitsev palsam - iD Color","robots":{"index":"index","follow":"follow","max-snippet":"max-snippet:-1","max-image-preview":"max-image-preview:large","max-video-preview":"max-video-preview:-1"},"canonical":"https:\/\/idcolor.ee\/et\/toode\/damage-shield-kaitsev-palsam-copy\/","og_locale":"et_EE","og_type":"article","og_title":"DAMAGE SHIELD kaitsev palsam - iD Color","og_description":"473 ml Toitev palsam aitab kaitsta juukseid igap\u00e4evaste kahjustuste eest ja muudab juuksed siledamaks ning l\u00e4ikivamaks. SISALDAB PATENTEERITUD K18 PEPTIIDI","og_url":"https:\/\/idcolor.ee\/et\/toode\/damage-shield-kaitsev-palsam-copy\/","og_site_name":"iD Color","article_modified_time":"2026-03-15T10:59:04+00:00","og_image":[{"width":1080,"height":1080,"url":"https:\/\/idcolor.ee\/wp-content\/uploads\/2026\/03\/K18_DamageShield_Conditioner_473ml.jpg","type":"image\/jpeg"}],"twitter_card":"summary_large_image","twitter_misc":{"Est. reading time":"2 minutit"},"schema":{"@context":"https:\/\/schema.org","@graph":[{"@type":"WebPage","@id":"https:\/\/idcolor.ee\/et\/toode\/damage-shield-kaitsev-palsam-copy\/","url":"https:\/\/idcolor.ee\/et\/toode\/damage-shield-kaitsev-palsam-copy\/","name":"DAMAGE SHIELD kaitsev palsam - iD Color","isPartOf":{"@id":"https:\/\/idcolor.ee\/et\/#website"},"primaryImageOfPage":{"@id":"https:\/\/idcolor.ee\/et\/toode\/damage-shield-kaitsev-palsam-copy\/#primaryimage"},"image":{"@id":"https:\/\/idcolor.ee\/et\/toode\/damage-shield-kaitsev-palsam-copy\/#primaryimage"},"thumbnailUrl":"https:\/\/idcolor.ee\/wp-content\/uploads\/2026\/03\/K18_DamageShield_Conditioner_473ml.jpg","datePublished":"2026-03-11T10:19:50+00:00","dateModified":"2026-03-15T10:59:04+00:00","breadcrumb":{"@id":"https:\/\/idcolor.ee\/et\/toode\/damage-shield-kaitsev-palsam-copy\/#breadcrumb"},"inLanguage":"et","potentialAction":[{"@type":"ReadAction","target":["https:\/\/idcolor.ee\/et\/toode\/damage-shield-kaitsev-palsam-copy\/"]}]},{"@type":"ImageObject","inLanguage":"et","@id":"https:\/\/idcolor.ee\/et\/toode\/damage-shield-kaitsev-palsam-copy\/#primaryimage","url":"https:\/\/idcolor.ee\/wp-content\/uploads\/2026\/03\/K18_DamageShield_Conditioner_473ml.jpg","contentUrl":"https:\/\/idcolor.ee\/wp-content\/uploads\/2026\/03\/K18_DamageShield_Conditioner_473ml.jpg","width":1080,"height":1080},{"@type":"BreadcrumbList","@id":"https:\/\/idcolor.ee\/et\/toode\/damage-shield-kaitsev-palsam-copy\/#breadcrumb","itemListElement":[{"@type":"ListItem","position":1,"name":"Home","item":"https:\/\/idcolor.ee\/et\/avaleht\/"},{"@type":"ListItem","position":2,"name":"Pood","item":"https:\/\/idcolor.ee\/et\/shop-2\/"},{"@type":"ListItem","position":3,"name":"DAMAGE SHIELD kaitsev palsam"}]},{"@type":"WebSite","@id":"https:\/\/idcolor.ee\/et\/#website","url":"https:\/\/idcolor.ee\/et\/","name":"iD Color","description":"Hair care products","publisher":{"@id":"https:\/\/idcolor.ee\/et\/#organization"},"potentialAction":[{"@type":"SearchAction","target":{"@type":"EntryPoint","urlTemplate":"https:\/\/idcolor.ee\/et\/?s={search_term_string}"},"query-input":{"@type":"PropertyValueSpecification","valueRequired":true,"valueName":"search_term_string"}}],"inLanguage":"et"},{"@type":"Organization","@id":"https:\/\/idcolor.ee\/et\/#organization","name":"iD Color O\u00dc","url":"https:\/\/idcolor.ee\/et\/","logo":{"@type":"ImageObject","inLanguage":"et","@id":"https:\/\/idcolor.ee\/et\/#\/schema\/logo\/image\/","url":"https:\/\/idcolor.ee\/wp-content\/uploads\/2022\/01\/IDColor_Logo_1000.png","contentUrl":"https:\/\/idcolor.ee\/wp-content\/uploads\/2022\/01\/IDColor_Logo_1000.png","width":1001,"height":354,"caption":"iD Color O\u00dc"},"image":{"@id":"https:\/\/idcolor.ee\/et\/#\/schema\/logo\/image\/"}}]}},"_links":{"self":[{"href":"https:\/\/idcolor.ee\/et\/wp-json\/wp\/v2\/product\/7713","targetHints":{"allow":["GET"]}}],"collection":[{"href":"https:\/\/idcolor.ee\/et\/wp-json\/wp\/v2\/product"}],"about":[{"href":"https:\/\/idcolor.ee\/et\/wp-json\/wp\/v2\/types\/product"}],"wp:featuredmedia":[{"embeddable":true,"href":"https:\/\/idcolor.ee\/et\/wp-json\/wp\/v2\/media\/7717"}],"wp:attachment":[{"href":"https:\/\/idcolor.ee\/et\/wp-json\/wp\/v2\/media?parent=7713"}],"wp:term":[{"taxonomy":"product_brand","embeddable":true,"href":"https:\/\/idcolor.ee\/et\/wp-json\/wp\/v2\/product_brand?post=7713"},{"taxonomy":"product_cat","embeddable":true,"href":"https:\/\/idcolor.ee\/et\/wp-json\/wp\/v2\/product_cat?post=7713"},{"taxonomy":"product_tag","embeddable":true,"href":"https:\/\/idcolor.ee\/et\/wp-json\/wp\/v2\/product_tag?post=7713"}],"curies":[{"name":"wp","href":"https:\/\/api.w.org\/{rel}","templated":true}]}}