{"id":7721,"date":"2026-03-11T12:25:50","date_gmt":"2026-03-11T10:25:50","guid":{"rendered":"https:\/\/idcolor.ee\/?post_type=product&#038;p=7721"},"modified":"2026-03-11T12:33:31","modified_gmt":"2026-03-11T10:33:31","slug":"k18-peptide-prep-sugavpuhastav-sampoon-copy","status":"publish","type":"product","link":"https:\/\/idcolor.ee\/et\/toode\/k18-peptide-prep-sugavpuhastav-sampoon-copy\/","title":{"rendered":"K18 PEPTIDE PREP\u2122 s\u00fcgavpuhastav \u0161ampoon"},"content":{"rendered":"<div class=\"wpb-content-wrapper\"><p>[vc_row][vc_column][vc_row_inner][vc_column_inner width=&#8221;1\/4&#8243; offset=&#8221;vc_hidden-sm vc_hidden-xs&#8221; css=&#8221;.vc_custom_1643102572855{padding-right: 40% !important;}&#8221;][vc_single_image image=&#8221;4765&#8243; img_size=&#8221;full&#8221;][vc_empty_space height=&#8221;20px&#8221;][\/vc_column_inner][vc_column_inner width=&#8221;3\/4&#8243; css=&#8221;.vc_custom_1643102537405{padding-right: 70% !important;}&#8221; offset=&#8221;vc_hidden-lg vc_hidden-md&#8221;][vc_single_image image=&#8221;4765&#8243; img_size=&#8221;full&#8221;][vc_empty_space height=&#8221;20px&#8221;][\/vc_column_inner][\/vc_row_inner]<div class=\"nasa-title clearfix nasa-t hr-type-none\"><h4 class=\"nasa-heading-title\"><span class=\"nasa-title-wrap\"><span style=\"color: #000000;\">K18 PEPTIDE PREP\u2122 s\u00fcgavpuhastav \u0161ampoon | 473 ml<\/span><\/span><\/h4><p class=\"nasa-title-desc\" style=\"color: #000000;\">SISALDAB PATENTEERITUD K18 PEPTIIDI<\/p><\/div>[vc_empty_space height=&#8221;20px&#8221;][vc_separator][vc_empty_space height=&#8221;10px&#8221;][vc_column_text]S\u00fcgavpuhastav \u0161ampoon eemaldab t\u00f5husalt kogunenud j\u00e4\u00e4gid ilma v\u00e4rvi kahjustamata.<\/p>\n<h4><strong>MIDA TEEB?<\/strong><\/h4>\n<p><strong>Puhastab s\u00fcgavuti juukseid ja peanahka.<\/strong> Tihke vaht puhastab rasupooride ummistused eemaldades mustuse, \u00f5lid, silikoonid ning muud juuksehooldustoodete j\u00e4\u00e4gid.<br \/>\n<strong>Valmistab juuksed ette K18 hoolduse parima tulemuse saavutamiseks.<\/strong> Puhastel juustel toimib k\u00f5ik paremini \u2013 hooldused, v\u00e4rvid, keemilised teenused ja viimistlustooted.<br \/>\n<strong>Loob ideaalse aluse tervetele juustele.<\/strong> \u0160ampooni koostises ei ole t\u00e4iteaineid, mis h\u00e4iriksid juuste ning peanaha pH tasakaalu.<\/p>\n<h4>KUIDAS T\u00d6\u00d6TAB?<\/h4>\n<p><strong>Aktiivsed koostisosad eemaldavad juustesse kogunenud j\u00e4\u00e4gid ilma juukseid ning peanahka koorimata:<\/strong><\/p>\n<ul>\n<li><strong>Spetsiaalne koostis<\/strong> p\u00f5hineb nahahooldusest inspireeritud aktiivsetel toimeainetel (ilma t\u00e4iteaine- teta) ja seet\u00f5ttu puhastab t\u00f5husalt ilma juukseid koorimata ning nende v\u00e4rvi muutmata.<\/li>\n<li><strong>Aktiivs\u00fcsi<\/strong> imab endasse toksiinid, liigsed \u00f5lid ja mustuse nii juustest kui ka peanahalt.<\/li>\n<li><strong>Salits\u00fc\u00fclhape<\/strong> eemaldab folliikulitesse kogunenud rasu s\u00e4ilitades juustes vajaliku niiskuse ja lipiidid.<\/li>\n<li>Mikrodoseeritud <strong>K18Peptide\u2122<\/strong> v\u00e4hendab pesemise ajal tekkida v\u00f5ivat valgukadu ning hoiab juuksed pehmed, tugevad, terved ja puhtad.<\/li>\n<\/ul>\n<p>[\/vc_column_text][vc_row_inner css=&#8221;.vc_custom_1641810793016{padding-bottom: 30px !important;}&#8221;][vc_column_inner width=&#8221;1\/2&#8243;][vc_empty_space height=&#8221;35px&#8221;][vc_column_text]<\/p>\n<h4><strong>KASUTAMINE<\/strong><\/h4>\n<ol>\n<li>Kasuta PEPTIDE PREP\u2122 s\u00fcgavpuhastavat \u0161ampooni kord n\u00e4dalas v\u00f5i vastavalt vajadusele.<\/li>\n<li>Masseeri \u0161ampoon juustesse ja peanahka, et eemaldada kogunenud j\u00e4\u00e4gid.<\/li>\n<li>Loputa p\u00f5hjalikult.<\/li>\n<li>Korda vastavalt vajadusele.<\/li>\n<\/ol>\n<p><strong>L\u00d5HN<\/strong><br \/>\nPuhas tsitrus<\/p>\n<p><strong>EI SISALDA<\/strong> sulfaate, parabeene, ftalaati, but\u00fc\u00fclfen\u00fc\u00fcl met\u00fc\u00fclpropionaali (Lilial), silikoone, tehisv\u00e4rve, naatriumkloriidi, formaldeh\u00fc\u00fcdi ja selle saadusi. <strong>Toode on vegan ning julmusevaba.<\/strong><\/p>\n<p><strong>Ei kahjusta v\u00e4rvi.<\/strong><br \/>\n<strong>Ei tekita allergiat,<\/strong> dermatoloogiliselt testitud (RIPT test 50 katsealusega).<br \/>\n<strong>pH 3,8\u20134,2<\/strong>[\/vc_column_text][\/vc_column_inner][vc_column_inner width=&#8221;1\/2&#8243;][vc_empty_space height=&#8221;35px&#8221;][vc_single_image image=&#8221;7709&#8243; img_size=&#8221;full&#8221; alignment=&#8221;center&#8221; css=&#8221;&#8221;][\/vc_column_inner][\/vc_row_inner][vc_empty_space height=&#8221;35px&#8221;][vc_separator][vc_empty_space height=&#8221;20px&#8221;][vc_column_text]<\/p>\n<h4><strong>Ohutusn\u00f5uded<\/strong><\/h4>\n<div class=\"accordion__copy--inner\" data-accordion-copy-text=\"\">\n<p>V\u00e4ldi silma sattumist. Ainult v\u00e4lispidiseks kasutamiseks. Kui toote kasutamisel tekib allergiline reaktsioon, katkesta kasutamine ning v\u00f5ta \u00fchendust arstiga. Hoida lastele k\u00e4ttesaamatus kohas.<\/p>\n<\/div>\n<p>[\/vc_column_text][vc_empty_space height=&#8221;10px&#8221;][\/vc_column][\/vc_row]<\/p>\n<\/div>","protected":false},"excerpt":{"rendered":"<h5><strong>473 ml<\/strong><\/h5>\n<p>Eemaldab t\u00f5husalt kogunenud j\u00e4\u00e4gid ilma v\u00e4rvi kahjustamata. Aktiivsed koostisosad eemaldavad juustesse kogunenud j\u00e4\u00e4gid ilma juukseid ning peanahka koorimata.<\/p>\n<p>SISALDAB PATENTEERITUD K18 PEPTIIDI<\/p>\n","protected":false},"featured_media":7725,"template":"","meta":[],"product_brand":[],"product_cat":[313],"product_tag":[],"class_list":{"0":"post-7721","1":"product","2":"type-product","3":"status-publish","4":"has-post-thumbnail","6":"product_cat-k18-hair-et","8":"first","9":"instock","10":"taxable","11":"shipping-taxable","12":"purchasable","13":"product-type-simple"},"yoast_head":"<!-- This site is optimized with the Yoast SEO plugin v27.4 - https:\/\/yoast.com\/product\/yoast-seo-wordpress\/ -->\n<title>K18 PEPTIDE PREP\u2122 s\u00fcgavpuhastav \u0161ampoon - iD Color<\/title>\n<meta name=\"description\" content=\"S\u00fcgavpuhastav \u0161ampoon eemaldab t\u00f5husalt kogunenud j\u00e4\u00e4gid ilma v\u00e4rvi kahjustamata.\" \/>\n<meta name=\"robots\" content=\"index, follow, max-snippet:-1, max-image-preview:large, max-video-preview:-1\" \/>\n<link rel=\"canonical\" href=\"https:\/\/idcolor.ee\/et\/toode\/k18-peptide-prep-sugavpuhastav-sampoon-copy\/\" \/>\n<meta property=\"og:locale\" content=\"et_EE\" \/>\n<meta property=\"og:type\" content=\"article\" \/>\n<meta property=\"og:title\" content=\"K18 PEPTIDE PREP\u2122 s\u00fcgavpuhastav \u0161ampoon - iD Color\" \/>\n<meta property=\"og:description\" content=\"S\u00fcgavpuhastav \u0161ampoon eemaldab t\u00f5husalt kogunenud j\u00e4\u00e4gid ilma v\u00e4rvi kahjustamata.\" \/>\n<meta property=\"og:url\" content=\"https:\/\/idcolor.ee\/et\/toode\/k18-peptide-prep-sugavpuhastav-sampoon-copy\/\" \/>\n<meta property=\"og:site_name\" content=\"iD Color\" \/>\n<meta property=\"article:modified_time\" content=\"2026-03-11T10:33:31+00:00\" \/>\n<meta property=\"og:image\" content=\"https:\/\/idcolor.ee\/wp-content\/uploads\/2026\/03\/K18_PeptidePrep_DetoxShampoo_473ml.jpg\" \/>\n\t<meta property=\"og:image:width\" content=\"1080\" \/>\n\t<meta property=\"og:image:height\" content=\"1080\" \/>\n\t<meta property=\"og:image:type\" content=\"image\/jpeg\" \/>\n<meta name=\"twitter:card\" content=\"summary_large_image\" \/>\n<meta name=\"twitter:label1\" content=\"Est. reading time\" \/>\n\t<meta name=\"twitter:data1\" content=\"2 minutit\" \/>\n<script type=\"application\/ld+json\" class=\"yoast-schema-graph\">{\"@context\":\"https:\\\/\\\/schema.org\",\"@graph\":[{\"@type\":\"WebPage\",\"@id\":\"https:\\\/\\\/idcolor.ee\\\/et\\\/toode\\\/k18-peptide-prep-sugavpuhastav-sampoon-copy\\\/\",\"url\":\"https:\\\/\\\/idcolor.ee\\\/et\\\/toode\\\/k18-peptide-prep-sugavpuhastav-sampoon-copy\\\/\",\"name\":\"K18 PEPTIDE PREP\u2122 s\u00fcgavpuhastav \u0161ampoon - iD Color\",\"isPartOf\":{\"@id\":\"https:\\\/\\\/idcolor.ee\\\/et\\\/#website\"},\"primaryImageOfPage\":{\"@id\":\"https:\\\/\\\/idcolor.ee\\\/et\\\/toode\\\/k18-peptide-prep-sugavpuhastav-sampoon-copy\\\/#primaryimage\"},\"image\":{\"@id\":\"https:\\\/\\\/idcolor.ee\\\/et\\\/toode\\\/k18-peptide-prep-sugavpuhastav-sampoon-copy\\\/#primaryimage\"},\"thumbnailUrl\":\"https:\\\/\\\/idcolor.ee\\\/wp-content\\\/uploads\\\/2026\\\/03\\\/K18_PeptidePrep_DetoxShampoo_473ml.jpg\",\"datePublished\":\"2026-03-11T10:25:50+00:00\",\"dateModified\":\"2026-03-11T10:33:31+00:00\",\"description\":\"S\u00fcgavpuhastav \u0161ampoon eemaldab t\u00f5husalt kogunenud j\u00e4\u00e4gid ilma v\u00e4rvi kahjustamata.\",\"breadcrumb\":{\"@id\":\"https:\\\/\\\/idcolor.ee\\\/et\\\/toode\\\/k18-peptide-prep-sugavpuhastav-sampoon-copy\\\/#breadcrumb\"},\"inLanguage\":\"et\",\"potentialAction\":[{\"@type\":\"ReadAction\",\"target\":[\"https:\\\/\\\/idcolor.ee\\\/et\\\/toode\\\/k18-peptide-prep-sugavpuhastav-sampoon-copy\\\/\"]}]},{\"@type\":\"ImageObject\",\"inLanguage\":\"et\",\"@id\":\"https:\\\/\\\/idcolor.ee\\\/et\\\/toode\\\/k18-peptide-prep-sugavpuhastav-sampoon-copy\\\/#primaryimage\",\"url\":\"https:\\\/\\\/idcolor.ee\\\/wp-content\\\/uploads\\\/2026\\\/03\\\/K18_PeptidePrep_DetoxShampoo_473ml.jpg\",\"contentUrl\":\"https:\\\/\\\/idcolor.ee\\\/wp-content\\\/uploads\\\/2026\\\/03\\\/K18_PeptidePrep_DetoxShampoo_473ml.jpg\",\"width\":1080,\"height\":1080},{\"@type\":\"BreadcrumbList\",\"@id\":\"https:\\\/\\\/idcolor.ee\\\/et\\\/toode\\\/k18-peptide-prep-sugavpuhastav-sampoon-copy\\\/#breadcrumb\",\"itemListElement\":[{\"@type\":\"ListItem\",\"position\":1,\"name\":\"Home\",\"item\":\"https:\\\/\\\/idcolor.ee\\\/et\\\/avaleht\\\/\"},{\"@type\":\"ListItem\",\"position\":2,\"name\":\"Pood\",\"item\":\"https:\\\/\\\/idcolor.ee\\\/et\\\/shop-2\\\/\"},{\"@type\":\"ListItem\",\"position\":3,\"name\":\"K18 PEPTIDE PREP\u2122 s\u00fcgavpuhastav \u0161ampoon\"}]},{\"@type\":\"WebSite\",\"@id\":\"https:\\\/\\\/idcolor.ee\\\/et\\\/#website\",\"url\":\"https:\\\/\\\/idcolor.ee\\\/et\\\/\",\"name\":\"iD Color\",\"description\":\"Hair care products\",\"publisher\":{\"@id\":\"https:\\\/\\\/idcolor.ee\\\/et\\\/#organization\"},\"potentialAction\":[{\"@type\":\"SearchAction\",\"target\":{\"@type\":\"EntryPoint\",\"urlTemplate\":\"https:\\\/\\\/idcolor.ee\\\/et\\\/?s={search_term_string}\"},\"query-input\":{\"@type\":\"PropertyValueSpecification\",\"valueRequired\":true,\"valueName\":\"search_term_string\"}}],\"inLanguage\":\"et\"},{\"@type\":\"Organization\",\"@id\":\"https:\\\/\\\/idcolor.ee\\\/et\\\/#organization\",\"name\":\"iD Color O\u00dc\",\"url\":\"https:\\\/\\\/idcolor.ee\\\/et\\\/\",\"logo\":{\"@type\":\"ImageObject\",\"inLanguage\":\"et\",\"@id\":\"https:\\\/\\\/idcolor.ee\\\/et\\\/#\\\/schema\\\/logo\\\/image\\\/\",\"url\":\"https:\\\/\\\/idcolor.ee\\\/wp-content\\\/uploads\\\/2022\\\/01\\\/IDColor_Logo_1000.png\",\"contentUrl\":\"https:\\\/\\\/idcolor.ee\\\/wp-content\\\/uploads\\\/2022\\\/01\\\/IDColor_Logo_1000.png\",\"width\":1001,\"height\":354,\"caption\":\"iD Color O\u00dc\"},\"image\":{\"@id\":\"https:\\\/\\\/idcolor.ee\\\/et\\\/#\\\/schema\\\/logo\\\/image\\\/\"}}]}<\/script>\n<!-- \/ Yoast SEO plugin. -->","yoast_head_json":{"title":"K18 PEPTIDE PREP\u2122 s\u00fcgavpuhastav \u0161ampoon - iD Color","description":"S\u00fcgavpuhastav \u0161ampoon eemaldab t\u00f5husalt kogunenud j\u00e4\u00e4gid ilma v\u00e4rvi kahjustamata.","robots":{"index":"index","follow":"follow","max-snippet":"max-snippet:-1","max-image-preview":"max-image-preview:large","max-video-preview":"max-video-preview:-1"},"canonical":"https:\/\/idcolor.ee\/et\/toode\/k18-peptide-prep-sugavpuhastav-sampoon-copy\/","og_locale":"et_EE","og_type":"article","og_title":"K18 PEPTIDE PREP\u2122 s\u00fcgavpuhastav \u0161ampoon - iD Color","og_description":"S\u00fcgavpuhastav \u0161ampoon eemaldab t\u00f5husalt kogunenud j\u00e4\u00e4gid ilma v\u00e4rvi kahjustamata.","og_url":"https:\/\/idcolor.ee\/et\/toode\/k18-peptide-prep-sugavpuhastav-sampoon-copy\/","og_site_name":"iD Color","article_modified_time":"2026-03-11T10:33:31+00:00","og_image":[{"width":1080,"height":1080,"url":"https:\/\/idcolor.ee\/wp-content\/uploads\/2026\/03\/K18_PeptidePrep_DetoxShampoo_473ml.jpg","type":"image\/jpeg"}],"twitter_card":"summary_large_image","twitter_misc":{"Est. reading time":"2 minutit"},"schema":{"@context":"https:\/\/schema.org","@graph":[{"@type":"WebPage","@id":"https:\/\/idcolor.ee\/et\/toode\/k18-peptide-prep-sugavpuhastav-sampoon-copy\/","url":"https:\/\/idcolor.ee\/et\/toode\/k18-peptide-prep-sugavpuhastav-sampoon-copy\/","name":"K18 PEPTIDE PREP\u2122 s\u00fcgavpuhastav \u0161ampoon - iD Color","isPartOf":{"@id":"https:\/\/idcolor.ee\/et\/#website"},"primaryImageOfPage":{"@id":"https:\/\/idcolor.ee\/et\/toode\/k18-peptide-prep-sugavpuhastav-sampoon-copy\/#primaryimage"},"image":{"@id":"https:\/\/idcolor.ee\/et\/toode\/k18-peptide-prep-sugavpuhastav-sampoon-copy\/#primaryimage"},"thumbnailUrl":"https:\/\/idcolor.ee\/wp-content\/uploads\/2026\/03\/K18_PeptidePrep_DetoxShampoo_473ml.jpg","datePublished":"2026-03-11T10:25:50+00:00","dateModified":"2026-03-11T10:33:31+00:00","description":"S\u00fcgavpuhastav \u0161ampoon eemaldab t\u00f5husalt kogunenud j\u00e4\u00e4gid ilma v\u00e4rvi kahjustamata.","breadcrumb":{"@id":"https:\/\/idcolor.ee\/et\/toode\/k18-peptide-prep-sugavpuhastav-sampoon-copy\/#breadcrumb"},"inLanguage":"et","potentialAction":[{"@type":"ReadAction","target":["https:\/\/idcolor.ee\/et\/toode\/k18-peptide-prep-sugavpuhastav-sampoon-copy\/"]}]},{"@type":"ImageObject","inLanguage":"et","@id":"https:\/\/idcolor.ee\/et\/toode\/k18-peptide-prep-sugavpuhastav-sampoon-copy\/#primaryimage","url":"https:\/\/idcolor.ee\/wp-content\/uploads\/2026\/03\/K18_PeptidePrep_DetoxShampoo_473ml.jpg","contentUrl":"https:\/\/idcolor.ee\/wp-content\/uploads\/2026\/03\/K18_PeptidePrep_DetoxShampoo_473ml.jpg","width":1080,"height":1080},{"@type":"BreadcrumbList","@id":"https:\/\/idcolor.ee\/et\/toode\/k18-peptide-prep-sugavpuhastav-sampoon-copy\/#breadcrumb","itemListElement":[{"@type":"ListItem","position":1,"name":"Home","item":"https:\/\/idcolor.ee\/et\/avaleht\/"},{"@type":"ListItem","position":2,"name":"Pood","item":"https:\/\/idcolor.ee\/et\/shop-2\/"},{"@type":"ListItem","position":3,"name":"K18 PEPTIDE PREP\u2122 s\u00fcgavpuhastav \u0161ampoon"}]},{"@type":"WebSite","@id":"https:\/\/idcolor.ee\/et\/#website","url":"https:\/\/idcolor.ee\/et\/","name":"iD Color","description":"Hair care products","publisher":{"@id":"https:\/\/idcolor.ee\/et\/#organization"},"potentialAction":[{"@type":"SearchAction","target":{"@type":"EntryPoint","urlTemplate":"https:\/\/idcolor.ee\/et\/?s={search_term_string}"},"query-input":{"@type":"PropertyValueSpecification","valueRequired":true,"valueName":"search_term_string"}}],"inLanguage":"et"},{"@type":"Organization","@id":"https:\/\/idcolor.ee\/et\/#organization","name":"iD Color O\u00dc","url":"https:\/\/idcolor.ee\/et\/","logo":{"@type":"ImageObject","inLanguage":"et","@id":"https:\/\/idcolor.ee\/et\/#\/schema\/logo\/image\/","url":"https:\/\/idcolor.ee\/wp-content\/uploads\/2022\/01\/IDColor_Logo_1000.png","contentUrl":"https:\/\/idcolor.ee\/wp-content\/uploads\/2022\/01\/IDColor_Logo_1000.png","width":1001,"height":354,"caption":"iD Color O\u00dc"},"image":{"@id":"https:\/\/idcolor.ee\/et\/#\/schema\/logo\/image\/"}}]}},"_links":{"self":[{"href":"https:\/\/idcolor.ee\/et\/wp-json\/wp\/v2\/product\/7721","targetHints":{"allow":["GET"]}}],"collection":[{"href":"https:\/\/idcolor.ee\/et\/wp-json\/wp\/v2\/product"}],"about":[{"href":"https:\/\/idcolor.ee\/et\/wp-json\/wp\/v2\/types\/product"}],"wp:featuredmedia":[{"embeddable":true,"href":"https:\/\/idcolor.ee\/et\/wp-json\/wp\/v2\/media\/7725"}],"wp:attachment":[{"href":"https:\/\/idcolor.ee\/et\/wp-json\/wp\/v2\/media?parent=7721"}],"wp:term":[{"taxonomy":"product_brand","embeddable":true,"href":"https:\/\/idcolor.ee\/et\/wp-json\/wp\/v2\/product_brand?post=7721"},{"taxonomy":"product_cat","embeddable":true,"href":"https:\/\/idcolor.ee\/et\/wp-json\/wp\/v2\/product_cat?post=7721"},{"taxonomy":"product_tag","embeddable":true,"href":"https:\/\/idcolor.ee\/et\/wp-json\/wp\/v2\/product_tag?post=7721"}],"curies":[{"name":"wp","href":"https:\/\/api.w.org\/{rel}","templated":true}]}}