{"id":7846,"date":"2026-04-24T15:10:46","date_gmt":"2026-04-24T12:10:46","guid":{"rendered":"https:\/\/idcolor.ee\/product\/k18-triplebright-lilla-sampoon-soovimatute-toonide-neutraliseerimiseks\/"},"modified":"2026-04-24T17:46:33","modified_gmt":"2026-04-24T14:46:33","slug":"k18-triplebright-lilla-sampoon-soovimatute-toonide-neutraliseerimiseks","status":"publish","type":"product","link":"https:\/\/idcolor.ee\/et\/toode\/k18-triplebright-lilla-sampoon-soovimatute-toonide-neutraliseerimiseks\/","title":{"rendered":"K18 TripleBright lilla \u0161ampoon soovimatute toonide neutraliseerimiseks"},"content":{"rendered":"<div class=\"wpb-content-wrapper\"><p>[vc_row][vc_column][vc_row_inner][vc_column_inner width=&#8221;1\/4&#8243; offset=&#8221;vc_hidden-sm vc_hidden-xs&#8221; css=&#8221;.vc_custom_1643102572855{padding-right: 40% !important;}&#8221;][vc_single_image image=&#8221;4765&#8243; img_size=&#8221;full&#8221;][vc_empty_space height=&#8221;20px&#8221;][\/vc_column_inner][vc_column_inner width=&#8221;3\/4&#8243; css=&#8221;.vc_custom_1643102537405{padding-right: 70% !important;}&#8221; offset=&#8221;vc_hidden-lg vc_hidden-md&#8221;][vc_single_image image=&#8221;4765&#8243; img_size=&#8221;full&#8221;][vc_empty_space height=&#8221;20px&#8221;][\/vc_column_inner][\/vc_row_inner]<div class=\"nasa-title clearfix nasa-t hr-type-none\"><h4 class=\"nasa-heading-title\"><span class=\"nasa-title-wrap\"><span style=\"color: #000000;\">K18 TripleBright lilla \u0161ampoon soovimatute toonide neutraliseerimiseks | 125 ml<\/span><\/span><\/h4><p class=\"nasa-title-desc\" style=\"color: #000000;\">S\u00c4RAVAM, PUHTAM, KAUAKESTVAM BLOND<\/p><\/div>[vc_empty_space height=&#8221;20px&#8221;][vc_separator][vc_empty_space height=&#8221;20px&#8221;][vc_column_text css=&#8221;&#8221;]<strong>Uuenduslik kolmekordse toimega lilla \u0161ampoon<\/strong> eemaldab juustest metallid ja mineraalid, neutraliseerib soovimatud kollakad ja soojad toonid ning aitab ennetada nende taastekkimist.[\/vc_column_text][vc_empty_space height=&#8221;25px&#8221;][vc_separator][vc_row_inner][vc_column_inner width=&#8221;1\/2&#8243;][vc_empty_space height=&#8221;20px&#8221;][vc_column_text css=&#8221;&#8221;]<\/p>\n<h4>MIDA SEE TEEB?<\/h4>\n<ul>\n<li>Juba \u00fcks pesukord eemaldab kuni 3 kuu jooksul kogunenud metallidest p\u00f5hjustatud soovimatu sooja alatooni *<\/li>\n<li>Neutraliseerib kollakad ja oran\u017eikad toonid ilma juukseid v\u00e4rvimata v\u00f5i lillakaks muutmata<\/li>\n<li>Taastab ja \u00fchtlustab juuste puhta ja kirka tooni *<\/li>\n<li><strong>Mugav vahttekstuur, mida on lihtne \u00fchtlaselt peale kanda<\/strong><\/li>\n<\/ul>\n<p>[\/vc_column_text][vc_separator align=&#8221;align_left&#8221; el_width=&#8221;10&#8243; css=&#8221;.vc_custom_1777035597027{margin-top: 10px !important;}&#8221;][vc_column_text css=&#8221;&#8221;]<a href=\"https:\/\/www.k18hairpro.com\/pages\/disclaimers\" target=\"_blank\" rel=\"noopener\"><em>* k18hairpro.com\/disclaimers<\/em><\/a>[\/vc_column_text][vc_empty_space height=&#8221;15px&#8221;][vc_column_text css=&#8221;&#8221;]<\/p>\n<h4>MIKS SEE TOIMIB?<\/h4>\n<ul>\n<li><strong>Ioontehnoloogia<\/strong> aitab eemaldada juustesse kogunenud metallid ja mineraalid, mis p\u00f5hjustavad juuksetooni muutust<\/li>\n<li><strong>Tasakaalustatud violetne pigment<\/strong> neutraliseerib kollaseid ja oran\u017ee toone juukseid \u00fcle v\u00e4rvimata<\/li>\n<li><strong>Kaitsev biopol\u00fcmeer<\/strong> aitab hoida metallid ja mineraalid juustest eemal ka pesemise ajal<\/li>\n<\/ul>\n<p>[\/vc_column_text][vc_empty_space height=&#8221;15px&#8221;][vc_column_text css=&#8221;&#8221;]<\/p>\n<h4><strong>KASUTAMINE<\/strong><\/h4>\n<p><strong>Kasuta blondeerimiste v\u00f5i v\u00e4rvimiste vahel, et s\u00e4ilitada v\u00e4rvi v\u00e4rskus ja s\u00e4ra.<\/strong><\/p>\n<ol>\n<li>Masseeri vaht\u0161ampoon m\u00e4rgadele juustele \u00fchtlaselt juurtest otsteni.<\/li>\n<li>Lase m\u00f5juda 1\u20133 minutit.<\/li>\n<li>Loputa p\u00f5hjalikult.<\/li>\n<\/ol>\n<p>[\/vc_column_text][\/vc_column_inner][vc_column_inner width=&#8221;1\/2&#8243;][vc_empty_space height=&#8221;25px&#8221;]    <div class=\"nasa-sc-carousel-main nasa-bullets-center\">\r\n                <div \r\n            class=\"nasa-slick-slider nasa-not-elementor-style nasa-slick-nav\"\r\n            data-autoplay=\"true\"\r\n            data-loop=\"true\"\r\n            data-speed=\"600\"\r\n            data-dot=\"true\"\r\n            data-columns=\"1\"\r\n            data-columns-small=\"1\"\r\n            data-columns-tablet=\"1\"\r\n            data-switch-tablet=\"767\"\r\n            data-switch-desktop=\"1024\"\r\n            >\r\n            [vc_single_image image=&#8221;7830&#8243; img_size=&#8221;full&#8221; alignment=&#8221;center&#8221; css=&#8221;&#8221;][vc_single_image image=&#8221;7831&#8243; img_size=&#8221;full&#8221; alignment=&#8221;center&#8221; css=&#8221;&#8221;][vc_single_image image=&#8221;7833&#8243; img_size=&#8221;full&#8221; alignment=&#8221;center&#8221; css=&#8221;&#8221;][vc_single_image image=&#8221;7834&#8243; img_size=&#8221;full&#8221; alignment=&#8221;center&#8221; css=&#8221;&#8221;][vc_single_image image=&#8221;7832&#8243; img_size=&#8221;full&#8221; alignment=&#8221;center&#8221; css=&#8221;&#8221;]        <\/div>\r\n    <\/div>\r\n    [\/vc_column_inner][\/vc_row_inner][vc_empty_space height=&#8221;25px&#8221;][vc_separator][vc_empty_space height=&#8221;20px&#8221;][vc_column_text]<\/p>\n<h4><strong>Ohutusn\u00f5uded<\/strong><\/h4>\n<div class=\"accordion__copy--inner\" data-accordion-copy-text=\"\">\n<p>V\u00e4ldi silma sattumist. Ainult v\u00e4lispidiseks kasutamiseks. Kui toote kasutamisel tekib allergiline reaktsioon, katkesta kasutamine ning v\u00f5ta \u00fchendust arstiga. Hoida lastele k\u00e4ttesaamatus kohas.<\/p>\n<\/div>\n<p>[\/vc_column_text][\/vc_column][\/vc_row]<\/p>\n<\/div>","protected":false},"excerpt":{"rendered":"<h5><strong>125 ml<\/strong><\/h5>\n<p><strong>S\u00c4RAVAM, PUHTAM, KAUAKESTVAM BLOND.<\/strong> Uuenduslik kolmekordse toimega lilla \u0161ampoon eemaldab juustest metallid ja mineraalid, neutraliseerib soovimatud kollakad ja soojad toonid ning aitab ennetada nende taastekkimist.<\/p>\n","protected":false},"featured_media":7845,"template":"","meta":[],"product_brand":[],"product_cat":[313],"product_tag":[],"class_list":{"0":"post-7846","1":"product","2":"type-product","3":"status-publish","4":"has-post-thumbnail","6":"product_cat-k18-hair-et","8":"first","9":"instock","10":"taxable","11":"shipping-taxable","12":"purchasable","13":"product-type-simple"},"yoast_head":"<!-- This site is optimized with the Yoast SEO plugin v27.4 - https:\/\/yoast.com\/product\/yoast-seo-wordpress\/ -->\n<title>K18 K18 TripleBright lilla \u0161ampoon soovimatute toonide neutraliseerimiseks - iD Color<\/title>\n<meta name=\"description\" content=\"Uuenduslik kolmekordse toimega lilla \u0161ampoon eemaldab juustest metallid ja mineraalid, neutraliseerib soovimatud kollakad ja soojad toonid ning aitab ennetada nende taastekkimist.\" \/>\n<meta name=\"robots\" content=\"index, follow, max-snippet:-1, max-image-preview:large, max-video-preview:-1\" \/>\n<link rel=\"canonical\" href=\"https:\/\/idcolor.ee\/et\/toode\/k18-triplebright-lilla-sampoon-soovimatute-toonide-neutraliseerimiseks\/\" \/>\n<meta property=\"og:locale\" content=\"et_EE\" \/>\n<meta property=\"og:type\" content=\"article\" \/>\n<meta property=\"og:title\" content=\"K18 K18 TripleBright lilla \u0161ampoon soovimatute toonide neutraliseerimiseks - iD Color\" \/>\n<meta property=\"og:description\" content=\"Uuenduslik kolmekordse toimega lilla \u0161ampoon eemaldab juustest metallid ja mineraalid, neutraliseerib soovimatud kollakad ja soojad toonid ning aitab ennetada nende taastekkimist.\" \/>\n<meta property=\"og:url\" content=\"https:\/\/idcolor.ee\/et\/toode\/k18-triplebright-lilla-sampoon-soovimatute-toonide-neutraliseerimiseks\/\" \/>\n<meta property=\"og:site_name\" content=\"iD Color\" \/>\n<meta property=\"article:modified_time\" content=\"2026-04-24T14:46:33+00:00\" \/>\n<meta property=\"og:image\" content=\"https:\/\/idcolor.ee\/wp-content\/uploads\/2026\/04\/K18_TripleBright_125ml.jpg\" \/>\n\t<meta property=\"og:image:width\" content=\"1080\" \/>\n\t<meta property=\"og:image:height\" content=\"1080\" \/>\n\t<meta property=\"og:image:type\" content=\"image\/jpeg\" \/>\n<meta name=\"twitter:card\" content=\"summary_large_image\" \/>\n<meta name=\"twitter:label1\" content=\"Est. reading time\" \/>\n\t<meta name=\"twitter:data1\" content=\"2 minutit\" \/>\n<script type=\"application\/ld+json\" class=\"yoast-schema-graph\">{\"@context\":\"https:\\\/\\\/schema.org\",\"@graph\":[{\"@type\":\"WebPage\",\"@id\":\"https:\\\/\\\/idcolor.ee\\\/et\\\/toode\\\/k18-triplebright-lilla-sampoon-soovimatute-toonide-neutraliseerimiseks\\\/\",\"url\":\"https:\\\/\\\/idcolor.ee\\\/et\\\/toode\\\/k18-triplebright-lilla-sampoon-soovimatute-toonide-neutraliseerimiseks\\\/\",\"name\":\"K18 K18 TripleBright lilla \u0161ampoon soovimatute toonide neutraliseerimiseks - iD Color\",\"isPartOf\":{\"@id\":\"https:\\\/\\\/idcolor.ee\\\/et\\\/#website\"},\"primaryImageOfPage\":{\"@id\":\"https:\\\/\\\/idcolor.ee\\\/et\\\/toode\\\/k18-triplebright-lilla-sampoon-soovimatute-toonide-neutraliseerimiseks\\\/#primaryimage\"},\"image\":{\"@id\":\"https:\\\/\\\/idcolor.ee\\\/et\\\/toode\\\/k18-triplebright-lilla-sampoon-soovimatute-toonide-neutraliseerimiseks\\\/#primaryimage\"},\"thumbnailUrl\":\"https:\\\/\\\/idcolor.ee\\\/wp-content\\\/uploads\\\/2026\\\/04\\\/K18_TripleBright_125ml.jpg\",\"datePublished\":\"2026-04-24T12:10:46+00:00\",\"dateModified\":\"2026-04-24T14:46:33+00:00\",\"description\":\"Uuenduslik kolmekordse toimega lilla \u0161ampoon eemaldab juustest metallid ja mineraalid, neutraliseerib soovimatud kollakad ja soojad toonid ning aitab ennetada nende taastekkimist.\",\"breadcrumb\":{\"@id\":\"https:\\\/\\\/idcolor.ee\\\/et\\\/toode\\\/k18-triplebright-lilla-sampoon-soovimatute-toonide-neutraliseerimiseks\\\/#breadcrumb\"},\"inLanguage\":\"et\",\"potentialAction\":[{\"@type\":\"ReadAction\",\"target\":[\"https:\\\/\\\/idcolor.ee\\\/et\\\/toode\\\/k18-triplebright-lilla-sampoon-soovimatute-toonide-neutraliseerimiseks\\\/\"]}]},{\"@type\":\"ImageObject\",\"inLanguage\":\"et\",\"@id\":\"https:\\\/\\\/idcolor.ee\\\/et\\\/toode\\\/k18-triplebright-lilla-sampoon-soovimatute-toonide-neutraliseerimiseks\\\/#primaryimage\",\"url\":\"https:\\\/\\\/idcolor.ee\\\/wp-content\\\/uploads\\\/2026\\\/04\\\/K18_TripleBright_125ml.jpg\",\"contentUrl\":\"https:\\\/\\\/idcolor.ee\\\/wp-content\\\/uploads\\\/2026\\\/04\\\/K18_TripleBright_125ml.jpg\",\"width\":1080,\"height\":1080},{\"@type\":\"BreadcrumbList\",\"@id\":\"https:\\\/\\\/idcolor.ee\\\/et\\\/toode\\\/k18-triplebright-lilla-sampoon-soovimatute-toonide-neutraliseerimiseks\\\/#breadcrumb\",\"itemListElement\":[{\"@type\":\"ListItem\",\"position\":1,\"name\":\"Home\",\"item\":\"https:\\\/\\\/idcolor.ee\\\/et\\\/avaleht\\\/\"},{\"@type\":\"ListItem\",\"position\":2,\"name\":\"Pood\",\"item\":\"https:\\\/\\\/idcolor.ee\\\/et\\\/shop-2\\\/\"},{\"@type\":\"ListItem\",\"position\":3,\"name\":\"K18 TripleBright lilla \u0161ampoon soovimatute toonide neutraliseerimiseks\"}]},{\"@type\":\"WebSite\",\"@id\":\"https:\\\/\\\/idcolor.ee\\\/et\\\/#website\",\"url\":\"https:\\\/\\\/idcolor.ee\\\/et\\\/\",\"name\":\"iD Color\",\"description\":\"Hair care products\",\"publisher\":{\"@id\":\"https:\\\/\\\/idcolor.ee\\\/et\\\/#organization\"},\"potentialAction\":[{\"@type\":\"SearchAction\",\"target\":{\"@type\":\"EntryPoint\",\"urlTemplate\":\"https:\\\/\\\/idcolor.ee\\\/et\\\/?s={search_term_string}\"},\"query-input\":{\"@type\":\"PropertyValueSpecification\",\"valueRequired\":true,\"valueName\":\"search_term_string\"}}],\"inLanguage\":\"et\"},{\"@type\":\"Organization\",\"@id\":\"https:\\\/\\\/idcolor.ee\\\/et\\\/#organization\",\"name\":\"iD Color O\u00dc\",\"url\":\"https:\\\/\\\/idcolor.ee\\\/et\\\/\",\"logo\":{\"@type\":\"ImageObject\",\"inLanguage\":\"et\",\"@id\":\"https:\\\/\\\/idcolor.ee\\\/et\\\/#\\\/schema\\\/logo\\\/image\\\/\",\"url\":\"https:\\\/\\\/idcolor.ee\\\/wp-content\\\/uploads\\\/2022\\\/01\\\/IDColor_Logo_1000.png\",\"contentUrl\":\"https:\\\/\\\/idcolor.ee\\\/wp-content\\\/uploads\\\/2022\\\/01\\\/IDColor_Logo_1000.png\",\"width\":1001,\"height\":354,\"caption\":\"iD Color O\u00dc\"},\"image\":{\"@id\":\"https:\\\/\\\/idcolor.ee\\\/et\\\/#\\\/schema\\\/logo\\\/image\\\/\"}}]}<\/script>\n<!-- \/ Yoast SEO plugin. -->","yoast_head_json":{"title":"K18 K18 TripleBright lilla \u0161ampoon soovimatute toonide neutraliseerimiseks - iD Color","description":"Uuenduslik kolmekordse toimega lilla \u0161ampoon eemaldab juustest metallid ja mineraalid, neutraliseerib soovimatud kollakad ja soojad toonid ning aitab ennetada nende taastekkimist.","robots":{"index":"index","follow":"follow","max-snippet":"max-snippet:-1","max-image-preview":"max-image-preview:large","max-video-preview":"max-video-preview:-1"},"canonical":"https:\/\/idcolor.ee\/et\/toode\/k18-triplebright-lilla-sampoon-soovimatute-toonide-neutraliseerimiseks\/","og_locale":"et_EE","og_type":"article","og_title":"K18 K18 TripleBright lilla \u0161ampoon soovimatute toonide neutraliseerimiseks - iD Color","og_description":"Uuenduslik kolmekordse toimega lilla \u0161ampoon eemaldab juustest metallid ja mineraalid, neutraliseerib soovimatud kollakad ja soojad toonid ning aitab ennetada nende taastekkimist.","og_url":"https:\/\/idcolor.ee\/et\/toode\/k18-triplebright-lilla-sampoon-soovimatute-toonide-neutraliseerimiseks\/","og_site_name":"iD Color","article_modified_time":"2026-04-24T14:46:33+00:00","og_image":[{"width":1080,"height":1080,"url":"https:\/\/idcolor.ee\/wp-content\/uploads\/2026\/04\/K18_TripleBright_125ml.jpg","type":"image\/jpeg"}],"twitter_card":"summary_large_image","twitter_misc":{"Est. reading time":"2 minutit"},"schema":{"@context":"https:\/\/schema.org","@graph":[{"@type":"WebPage","@id":"https:\/\/idcolor.ee\/et\/toode\/k18-triplebright-lilla-sampoon-soovimatute-toonide-neutraliseerimiseks\/","url":"https:\/\/idcolor.ee\/et\/toode\/k18-triplebright-lilla-sampoon-soovimatute-toonide-neutraliseerimiseks\/","name":"K18 K18 TripleBright lilla \u0161ampoon soovimatute toonide neutraliseerimiseks - iD Color","isPartOf":{"@id":"https:\/\/idcolor.ee\/et\/#website"},"primaryImageOfPage":{"@id":"https:\/\/idcolor.ee\/et\/toode\/k18-triplebright-lilla-sampoon-soovimatute-toonide-neutraliseerimiseks\/#primaryimage"},"image":{"@id":"https:\/\/idcolor.ee\/et\/toode\/k18-triplebright-lilla-sampoon-soovimatute-toonide-neutraliseerimiseks\/#primaryimage"},"thumbnailUrl":"https:\/\/idcolor.ee\/wp-content\/uploads\/2026\/04\/K18_TripleBright_125ml.jpg","datePublished":"2026-04-24T12:10:46+00:00","dateModified":"2026-04-24T14:46:33+00:00","description":"Uuenduslik kolmekordse toimega lilla \u0161ampoon eemaldab juustest metallid ja mineraalid, neutraliseerib soovimatud kollakad ja soojad toonid ning aitab ennetada nende taastekkimist.","breadcrumb":{"@id":"https:\/\/idcolor.ee\/et\/toode\/k18-triplebright-lilla-sampoon-soovimatute-toonide-neutraliseerimiseks\/#breadcrumb"},"inLanguage":"et","potentialAction":[{"@type":"ReadAction","target":["https:\/\/idcolor.ee\/et\/toode\/k18-triplebright-lilla-sampoon-soovimatute-toonide-neutraliseerimiseks\/"]}]},{"@type":"ImageObject","inLanguage":"et","@id":"https:\/\/idcolor.ee\/et\/toode\/k18-triplebright-lilla-sampoon-soovimatute-toonide-neutraliseerimiseks\/#primaryimage","url":"https:\/\/idcolor.ee\/wp-content\/uploads\/2026\/04\/K18_TripleBright_125ml.jpg","contentUrl":"https:\/\/idcolor.ee\/wp-content\/uploads\/2026\/04\/K18_TripleBright_125ml.jpg","width":1080,"height":1080},{"@type":"BreadcrumbList","@id":"https:\/\/idcolor.ee\/et\/toode\/k18-triplebright-lilla-sampoon-soovimatute-toonide-neutraliseerimiseks\/#breadcrumb","itemListElement":[{"@type":"ListItem","position":1,"name":"Home","item":"https:\/\/idcolor.ee\/et\/avaleht\/"},{"@type":"ListItem","position":2,"name":"Pood","item":"https:\/\/idcolor.ee\/et\/shop-2\/"},{"@type":"ListItem","position":3,"name":"K18 TripleBright lilla \u0161ampoon soovimatute toonide neutraliseerimiseks"}]},{"@type":"WebSite","@id":"https:\/\/idcolor.ee\/et\/#website","url":"https:\/\/idcolor.ee\/et\/","name":"iD Color","description":"Hair care products","publisher":{"@id":"https:\/\/idcolor.ee\/et\/#organization"},"potentialAction":[{"@type":"SearchAction","target":{"@type":"EntryPoint","urlTemplate":"https:\/\/idcolor.ee\/et\/?s={search_term_string}"},"query-input":{"@type":"PropertyValueSpecification","valueRequired":true,"valueName":"search_term_string"}}],"inLanguage":"et"},{"@type":"Organization","@id":"https:\/\/idcolor.ee\/et\/#organization","name":"iD Color O\u00dc","url":"https:\/\/idcolor.ee\/et\/","logo":{"@type":"ImageObject","inLanguage":"et","@id":"https:\/\/idcolor.ee\/et\/#\/schema\/logo\/image\/","url":"https:\/\/idcolor.ee\/wp-content\/uploads\/2022\/01\/IDColor_Logo_1000.png","contentUrl":"https:\/\/idcolor.ee\/wp-content\/uploads\/2022\/01\/IDColor_Logo_1000.png","width":1001,"height":354,"caption":"iD Color O\u00dc"},"image":{"@id":"https:\/\/idcolor.ee\/et\/#\/schema\/logo\/image\/"}}]}},"_links":{"self":[{"href":"https:\/\/idcolor.ee\/et\/wp-json\/wp\/v2\/product\/7846","targetHints":{"allow":["GET"]}}],"collection":[{"href":"https:\/\/idcolor.ee\/et\/wp-json\/wp\/v2\/product"}],"about":[{"href":"https:\/\/idcolor.ee\/et\/wp-json\/wp\/v2\/types\/product"}],"wp:featuredmedia":[{"embeddable":true,"href":"https:\/\/idcolor.ee\/et\/wp-json\/wp\/v2\/media\/7845"}],"wp:attachment":[{"href":"https:\/\/idcolor.ee\/et\/wp-json\/wp\/v2\/media?parent=7846"}],"wp:term":[{"taxonomy":"product_brand","embeddable":true,"href":"https:\/\/idcolor.ee\/et\/wp-json\/wp\/v2\/product_brand?post=7846"},{"taxonomy":"product_cat","embeddable":true,"href":"https:\/\/idcolor.ee\/et\/wp-json\/wp\/v2\/product_cat?post=7846"},{"taxonomy":"product_tag","embeddable":true,"href":"https:\/\/idcolor.ee\/et\/wp-json\/wp\/v2\/product_tag?post=7846"}],"curies":[{"name":"wp","href":"https:\/\/api.w.org\/{rel}","templated":true}]}}