{"id":5797,"date":"2022-01-08T01:32:42","date_gmt":"2022-01-07T23:32:42","guid":{"rendered":"https:\/\/idcolor.ee\/salygos-ir-nuostatos\/"},"modified":"2025-07-01T00:35:01","modified_gmt":"2025-06-30T21:35:01","slug":"salygos-ir-nuostatos","status":"publish","type":"page","link":"https:\/\/idcolor.ee\/lt\/salygos-ir-nuostatos\/","title":{"rendered":"S\u0105lygos ir nuostatos"},"content":{"rendered":"<div class=\"wpb-content-wrapper\"><p>[vc_row css=&#8221;.vc_custom_1641598295106{padding-top: 60px !important;}&#8221;][vc_column]<div class=\"nasa-title clearfix hr-type-full\"><h3 class=\"nasa-heading-title\"><span class=\"nasa-title-wrap\"><span style=\"background: #ffffff; color: #24b3b0;\">E. parduotuv\u0117s naudojimo s\u0105lygos<\/span><span class=\"nasa-title-hr\" style=\"border-color: #24b3b0;\"><\/span><\/span><\/h3><\/div>[\/vc_column][\/vc_row][vc_row css=&#8221;.vc_custom_1647248779793{padding-top: 35px !important;padding-bottom: 120px !important;}&#8221;][vc_column][vc_column_text css=&#8221;&#8221;]<\/p>\n<h5>1. BENDROSIOS NUOSTATOS<\/h5>\n<p>1.1. \u0160ios \u201eiD Color\u201c internetin\u0117 parduotuv\u0117 (toliau \u2013 e. parduotuv\u0117) naudojimo s\u0105lygos (toliau \u2013 s\u0105lygos) taikomos perkant prekes i\u0161 internetin\u0117s parduotuv\u0117s \u201eiD Color\u201c, kurios interneto adresas yra idcolor.ee. Preki\u0173 pardav\u0117jas yra \u201eID Color O\u00dc\u201c (toliau \u2013 pardav\u0117jas), adresas: Gonsiori 17-4, 10124 Tallinn, ESTONIA, registracijos kodas 14613686, e. pa\u0161to adresas: info@idcolor.ee, telefonas +372 55133. S\u0105lygos galioja visiems teisiniams santykiams tarp bet kurio asmens (toliau \u2013 klientas) ir pardav\u0117jo perkant prekes i\u0161 internetin\u0117s parduotuv\u0117s \u201eID Color\u201c.<br \/>\n1.2. Pardav\u0117jas turi teis\u0119 viena\u0161ali\u0161kai keisti ir pildyti S\u0105lygas, paskelbdamas naujas s\u0105lygas svetain\u0117je idcolor.ee. Jei klientas pateik\u0117 u\u017esakym\u0105 anks\u010diau nei \u012fsigaliojo s\u0105lyg\u0173 pakeitimai, taikomos tos s\u0105lygos, kurios galiojo kliento u\u017esakymo pateikimo metu.<br \/>\n1.3. Prie\u0161 pirkdamas, klientas gali i\u0161saugoti, atsispausdinti ir prireikus atkurti e. parduotuv\u0117s naudojimo s\u0105lygas, o pirkdamas klientas su jomis sutinka.<br \/>\n1.4. Be \u0161i\u0173 s\u0105lyg\u0173, perkant i\u0161 e. parduotuv\u0117s taikomi Estijos Respublikos teis\u0117s aktai.<\/p>\n<h5>2. U\u017dSAKYMO PATEIKIMAS<\/h5>\n<p>2.1. Klientas e. parduotuv\u0117je i\u0161sirenka norimas prekes ir \u012ftraukia jas \u012f pirkini\u0173 krep\u0161el\u012f.<br \/>\n2.2. Klientas patvirtina krep\u0161el\u012f ir sumoka u\u017e prekes naudodamasis pardav\u0117jo si\u016blomomis mok\u0117jimo platformomis. Prie\u0161 apmok\u0117damas s\u0105skait\u0105, klientas patikrina, ar s\u0105skaitoje fakt\u016broje pateiktas preki\u0173 s\u0105ra\u0161as atitinka kliento u\u017esakym\u0105.<br \/>\n2.3. Sumok\u0117j\u0119s u\u017e prekes, klientas turi spustel\u0117ti nuorod\u0105 \u201eAtgal \u012f parduotuv\u0119\u201c.<br \/>\n2.4. Gav\u0119s u\u017esakym\u0105 ir apmok\u0117jim\u0105, pardav\u0117jas e. pa\u0161tu i\u0161siun\u010dia klientui u\u017esakymo patvirtinim\u0105 ir s\u0105skait\u0105 fakt\u016br\u0105.<br \/>\n2.5. Pardavimo sutartis tarp pardav\u0117jo ir pirk\u0117jo \u012fsigalioja, kai visa pirk\u0117jo sumok\u0117ta suma patenka \u012f pardav\u0117jo banko s\u0105skait\u0105.<br \/>\n2.6. U\u017e prekes, kuri\u0173 nepavyksta pateikti, pardav\u0117jas gr\u0105\u017eina klientui pinigus ne v\u0117liau kaip per 14 dien\u0173.<\/p>\n<h5>3. PREKI\u0172 KAINA IR APMOK\u0116JIMO GALIMYB\u0116S<\/h5>\n<p>3.1. Visos \u201eiD Color\u201c e. parduotuv\u0117je parduodam\u0173 preki\u0173 kainos nurodytos eurais. Kainos nurodytos su PVM 24%.<br \/>\n3.2. U\u017e u\u017esakym\u0105 klientas i\u0161 anksto sumoka vis\u0105 prek\u0117s kain\u0105 ir jos pristatymo mokest\u012f. Mok\u0117jimas atliekamas ne e. parduotuv\u0117je, saugioje aplinkoje: naudojantis banko nuoroda \u2013 saugioje atitinkamo banko aplinkoje, o atsiskaitant kredito kortele \u2013 saugioje \u201e Montonio Finance UAB\u201c aplinkoje. Pardav\u0117jas neturi prieigos prie kliento banko ir kredito kortel\u0117s duomen\u0173.<br \/>\n3.3. Svetain\u0117s duomen\u0173 valdytojas yra \u201eiD Color\u201c. Mok\u0117jimams apdoroti \u201eiD Color\u201c perduos asmens duomenis \u012fgaliotajam duomen\u0173 tvarkytojui \u201eMontonio Finance UAB\u201c.<br \/>\n3.4. 3.4. U\u017e prekes galima sumok\u0117ti:<br \/>\n3.4.1. pasinaudojus banko nuoroda \u2013 interneto banke:<br \/>\na) ESTIJA: Swedbank, SEB, LHV, Luminor, Coop Bank, Citadele, N26<br \/>\nb) LATVIJA: Swedbank, SEB, Luminor, Citadele<br \/>\nc) LIETUVA: Swedbank, SEB, Luminor, Citadele, \u0160iauliu Bankas<br \/>\nd) SUOMIJA: Nordea, Danske Bank, N26, Handelsbanken, Oma S\u00e4\u00e4st\u00f6pankki, POP Pankki, S\u00e4\u00e4stopankki, \u00c5landsbanken, OP, S-Pankki<br \/>\n3.4.2. kredito kortel\u0117mis.<br \/>\n3.5. Pagal kliento ir banko arba kredito kortel\u0119 i\u0161davusios \u012fstaigos sutart\u012f prie u\u017esakymo kainos gali b\u016bti pridedamas aptarnavimo mokestis.<\/p>\n<h5>4. PREKI\u0172 PRISTATYMAS<\/h5>\n<p>4.1. Prek\u0117s pristatomos \u012f Estijos, Suomijos, Latvijos ir Lietuvos teritorij\u0105 per siunt\u0173 automat\u0105.<br \/>\n4.2. Pristatant prekes kliento nurodytu adresu, prie prek\u0117s kainos pridedamas pristatymo mokestis.<br \/>\n4.2.1. Jei u\u017esakymo vert\u0117 vir\u0161ija 75 \u20ac sum\u0105, pristatymo mokestis nepridedamas.<br \/>\n4.2.2. Pristatymo mokes\u010diai.<\/p>\n<p><strong>ESTIJA:<\/strong><br \/>\nOmniva siunt\u0173 automatas 3.60 \u20ac<br \/>\nItella Smartpost siunt\u0173 automatas 3.60 \u20ac<\/p>\n<p><strong>SUOMIJA:<\/strong><br \/>\nPosti siunt\u0173 automatas 8.00 \u20ac<\/p>\n<p><strong>LATVIJA:<\/strong><br \/>\nOmniva siunt\u0173 automatas 8.00 \u20ac<\/p>\n<p><strong>LIETUVA:<\/strong><br \/>\nOmniva siunt\u0173 automatas 8.00 \u20ac<\/p>\n<p>4.3. E. parduotuv\u0117je \u012fsigytos prek\u0117s pristatomos per 1\u20137 darbo dienas nuo pirkimo sutarties \u012fsigaliojimo dienos.<\/p>\n<p>4.4. I\u0161imtiniais atvejais prek\u0117s turi teis\u0119 b\u016bti pristatytos per 45 kalendorines dienas.<\/p>\n<h5>5. PREKI\u0172 PATIKRINIMAS<\/h5>\n<p>5.1. Jei klientas, gav\u0119s prekes, nustato, kad jam pristatytos netinkamos ar nekokybi\u0161kos prek\u0117s arba gautos prek\u0117s n\u0117ra geros b\u016bkl\u0117s arba j\u0173 pakuot\u0117 pa\u017eeista, jis turi nedelsiant informuoti apie tai pardav\u0117jo klient\u0173 aptarnavimo tarnyb\u0105 e. pa\u0161to adresu shop@idcolor.ee.<br \/>\n5.2. Pardav\u0117jas yra atsakingas u\u017e kliento \u012fsigytas prekes j\u0173 transportavimo metu. Gavus prekes, preki\u0173 sugadinimo ar praradimo rizika atitenka klientui.<\/p>\n<h5>6. KLIENTO ASMENS DUOMEN\u0172 TVARKYMAS<\/h5>\n<p>6.1. Pardav\u0117jas turi teis\u0119 tvarkyti kliento pateiktus asmens duomenis ir pirkimo duomenis pagal taikomus teis\u0117s aktus tiek, kiek reikia kliento e. parduotuv\u0117je pateiktam u\u017esakymui \u012fvykdyti.<br \/>\n6.2. Pardav\u0117jas tvarko kliento asmens duomenis \u0161iais tikslais:<br \/>\na) e. parduotuv\u0117je pateikto u\u017esakymo vykdymas;<br \/>\nb) ry\u0161i\u0173 su e. parduotuv\u0117s klientais valdymas ir bendravimas su klientu;<br \/>\nc) atsakym\u0173 \u012f klient\u0173 u\u017eklausas pateikimas;<br \/>\nd) pardavim\u0173 statistikos rinkimas;<br \/>\ne) e. parduotuv\u0117s paslaug\u0173 valdymas ir tobulinimas.<br \/>\n6.3. Pardav\u0117jas taiko visas priemones (\u012fskaitant administracines, technines ir fizines), kad apsaugot\u0173 kliento asmens duomenis. Prieiti prie duomen\u0173, juos keisti ir tvarkyti gali tik \u012fgalioti asmenys.<br \/>\n6.4. Pardav\u0117jas turi teis\u0119 atlikti e. parduotuv\u0117je registruot\u0173 asmens duomen\u0173 profilio analiz\u0119, kad geriau suprast\u0173 klient\u0173 l\u016bkes\u010dius ir gal\u0117t\u0173 pasi\u016blyti geresni\u0173 preki\u0173 ir paslaug\u0173 naudodamas tikslines tiesiogin\u0117s rinkodaros priemones.<\/p>\n<h5>7. PREKI\u0172 IR PINIG\u0172 GR\u0104\u017dINIMAS<\/h5>\n<p>7.1. E. parduotuv\u0117je \u012fsigytas prekes pageidaujant galima gr\u0105\u017einti. Gr\u0105\u017einimo teis\u0117 galioja 14 kalendorini\u0173 dien\u0173 nuo preki\u0173 gavimo dienos, net jei prek\u0117s n\u0117ra nekokybi\u0161kos.<br \/>\n7.2. Gr\u0105\u017einamos prek\u0117s turi b\u016bti nenaudotos ir nepa\u017eeistos. Klientas turi teis\u0119 susipa\u017einti su prek\u0117mis tokiu b\u016bdu, kaip paprastai leid\u017eiama parduotuv\u0117se, ir yra atsakingas u\u017e bet kok\u012f preki\u0173 vert\u0117s suma\u017e\u0117jim\u0105 d\u0117l jo atlikt\u0173 veiksm\u0173.<br \/>\n7.3. Tuo atveju, jei klientas ty\u010dia ar d\u0117l neatsargumo sugadino ar pa\u017eeid\u0117 gr\u0105\u017einamas prekes, pardav\u0117jas turi teis\u0119 atsisakyti priimti prekes arba reikalauti atlyginti padaryt\u0105 \u017eal\u0105.<br \/>\n7.4. Nor\u0117damas gr\u0105\u017einti prekes, klientas turi u\u017epildyti gr\u0105\u017einimo parai\u0161k\u0105. Gr\u0105\u017einamos prek\u0117s su atitinkama parai\u0161ka turi b\u016bti gr\u0105\u017eintos Pardav\u0117jui adresu: \u201eID Color O\u00dc\u201c, adresas: Tatari 58, Tallinn 10134, ESTONIA, e. pa\u0161to adresas: <a href=\"mailto:shop@idcolor.ee\">shop@idcolor.ee<\/a>.<br \/>\n7.5. Gr\u0105\u017einam\u0173 preki\u0173 siuntimo i\u0161laidas padengia Pirk\u0117jas. Gr\u0105\u017einimo parai\u0161ka pateikiama \u010dia: [<a href=\"https:\/\/idcolor.ee\/wp-content\/uploads\/2023\/07\/IDC_WithdrawalForm.pdf\" target=\"_blank\" rel=\"noopener\">GR\u0104\u017dINIMO PARAI\u0160KA<\/a>]<br \/>\n7.6. Naudodamasis preki\u0173 gr\u0105\u017einimo teise, klientas turi gr\u0105\u017einti jas pardav\u0117jui ne v\u0117liau kaip per 14 dien\u0173 nuo gr\u0105\u017einimo parai\u0161kos pateikimo.<br \/>\n7.7. Jei klientas atsisako sandorio, pardav\u0117jas gr\u0105\u017eina klientui pirkimo sum\u0105 kartu su pristatymo mokes\u010diu nedelsiant, ne v\u0117liau kaip per 14 kalendorini\u0173 dien\u0173 nuo dienos, kai pardav\u0117jas gavo gr\u0105\u017einimo parai\u0161k\u0105. Pinigai gr\u0105\u017einami \u012f t\u0105 pa\u010di\u0105 banko s\u0105skait\u0105, i\u0161 kurios buvo sumok\u0117ta u\u017e pirkin\u012f.[\/vc_column_text][\/vc_column][\/vc_row]<\/p>\n<\/div>","protected":false},"excerpt":{"rendered":"<p>[vc_row css=&#8221;.vc_custom_1641598295106{padding-top: 60px !important;}&#8221;][vc_column][\/vc_column][\/vc_row][vc_row css=&#8221;.vc_custom_1647248779793{padding-top: 35px !important;padding-bottom: 120px !important;}&#8221;][vc_column][vc_column_text css=&#8221;&#8221;] 1. BENDROSIOS NUOSTATOS 1.1. \u0160ios \u201eiD Color\u201c internetin\u0117 parduotuv\u0117 (toliau \u2013 e. parduotuv\u0117) naudojimo s\u0105lygos (toliau \u2013 s\u0105lygos) taikomos perkant prekes i\u0161 internetin\u0117s parduotuv\u0117s \u201eiD Color\u201c, kurios interneto adresas yra idcolor.ee. Preki\u0173 pardav\u0117jas yra \u201eID Color O\u00dc\u201c (toliau \u2013 pardav\u0117jas), adresas: Gonsiori 17-4, 10124 Tallinn, [&hellip;]<\/p>\n","protected":false},"author":1,"featured_media":0,"parent":0,"menu_order":0,"comment_status":"closed","ping_status":"closed","template":"","meta":{"footnotes":""},"class_list":["post-5797","page","type-page","status-publish","hentry"],"yoast_head":"<!-- This site is optimized with the Yoast SEO plugin v27.3 - https:\/\/yoast.com\/product\/yoast-seo-wordpress\/ -->\n<title>S\u0105lygos ir nuostatos - iD Color<\/title>\n<meta name=\"robots\" content=\"index, follow, max-snippet:-1, max-image-preview:large, max-video-preview:-1\" \/>\n<link rel=\"canonical\" href=\"https:\/\/idcolor.ee\/lt\/salygos-ir-nuostatos\/\" \/>\n<meta property=\"og:locale\" content=\"lt_LT\" \/>\n<meta property=\"og:type\" content=\"article\" \/>\n<meta property=\"og:title\" content=\"S\u0105lygos ir nuostatos - iD Color\" \/>\n<meta property=\"og:description\" content=\"[vc_row css=&#8221;.vc_custom_1641598295106{padding-top: 60px !important;}&#8221;][vc_column][\/vc_column][\/vc_row][vc_row css=&#8221;.vc_custom_1647248779793{padding-top: 35px !important;padding-bottom: 120px !important;}&#8221;][vc_column][vc_column_text css=&#8221;&#8221;] 1. BENDROSIOS NUOSTATOS 1.1. \u0160ios \u201eiD Color\u201c internetin\u0117 parduotuv\u0117 (toliau \u2013 e. parduotuv\u0117) naudojimo s\u0105lygos (toliau \u2013 s\u0105lygos) taikomos perkant prekes i\u0161 internetin\u0117s parduotuv\u0117s \u201eiD Color\u201c, kurios interneto adresas yra idcolor.ee. Preki\u0173 pardav\u0117jas yra \u201eID Color O\u00dc\u201c (toliau \u2013 pardav\u0117jas), adresas: Gonsiori 17-4, 10124 Tallinn, [&hellip;]\" \/>\n<meta property=\"og:url\" content=\"https:\/\/idcolor.ee\/lt\/salygos-ir-nuostatos\/\" \/>\n<meta property=\"og:site_name\" content=\"iD Color\" \/>\n<meta property=\"article:modified_time\" content=\"2025-06-30T21:35:01+00:00\" \/>\n<meta name=\"twitter:card\" content=\"summary_large_image\" \/>\n<meta name=\"twitter:label1\" content=\"Est. reading time\" \/>\n\t<meta name=\"twitter:data1\" content=\"5 minut\u0117s\" \/>\n<script type=\"application\/ld+json\" class=\"yoast-schema-graph\">{\"@context\":\"https:\\\/\\\/schema.org\",\"@graph\":[{\"@type\":\"WebPage\",\"@id\":\"https:\\\/\\\/idcolor.ee\\\/lt\\\/salygos-ir-nuostatos\\\/\",\"url\":\"https:\\\/\\\/idcolor.ee\\\/lt\\\/salygos-ir-nuostatos\\\/\",\"name\":\"S\u0105lygos ir nuostatos - iD Color\",\"isPartOf\":{\"@id\":\"https:\\\/\\\/idcolor.ee\\\/lt\\\/#website\"},\"datePublished\":\"2022-01-07T23:32:42+00:00\",\"dateModified\":\"2025-06-30T21:35:01+00:00\",\"breadcrumb\":{\"@id\":\"https:\\\/\\\/idcolor.ee\\\/lt\\\/salygos-ir-nuostatos\\\/#breadcrumb\"},\"inLanguage\":\"lt-LT\",\"potentialAction\":[{\"@type\":\"ReadAction\",\"target\":[\"https:\\\/\\\/idcolor.ee\\\/lt\\\/salygos-ir-nuostatos\\\/\"]}]},{\"@type\":\"BreadcrumbList\",\"@id\":\"https:\\\/\\\/idcolor.ee\\\/lt\\\/salygos-ir-nuostatos\\\/#breadcrumb\",\"itemListElement\":[{\"@type\":\"ListItem\",\"position\":1,\"name\":\"Home\",\"item\":\"https:\\\/\\\/idcolor.ee\\\/lt\\\/namai\\\/\"},{\"@type\":\"ListItem\",\"position\":2,\"name\":\"S\u0105lygos ir nuostatos\"}]},{\"@type\":\"WebSite\",\"@id\":\"https:\\\/\\\/idcolor.ee\\\/lt\\\/#website\",\"url\":\"https:\\\/\\\/idcolor.ee\\\/lt\\\/\",\"name\":\"iD Color\",\"description\":\"Hair care products\",\"publisher\":{\"@id\":\"https:\\\/\\\/idcolor.ee\\\/lt\\\/#organization\"},\"potentialAction\":[{\"@type\":\"SearchAction\",\"target\":{\"@type\":\"EntryPoint\",\"urlTemplate\":\"https:\\\/\\\/idcolor.ee\\\/lt\\\/?s={search_term_string}\"},\"query-input\":{\"@type\":\"PropertyValueSpecification\",\"valueRequired\":true,\"valueName\":\"search_term_string\"}}],\"inLanguage\":\"lt-LT\"},{\"@type\":\"Organization\",\"@id\":\"https:\\\/\\\/idcolor.ee\\\/lt\\\/#organization\",\"name\":\"iD Color O\u00dc\",\"url\":\"https:\\\/\\\/idcolor.ee\\\/lt\\\/\",\"logo\":{\"@type\":\"ImageObject\",\"inLanguage\":\"lt-LT\",\"@id\":\"https:\\\/\\\/idcolor.ee\\\/lt\\\/#\\\/schema\\\/logo\\\/image\\\/\",\"url\":\"https:\\\/\\\/idcolor.ee\\\/wp-content\\\/uploads\\\/2022\\\/01\\\/IDColor_Logo_1000.png\",\"contentUrl\":\"https:\\\/\\\/idcolor.ee\\\/wp-content\\\/uploads\\\/2022\\\/01\\\/IDColor_Logo_1000.png\",\"width\":1001,\"height\":354,\"caption\":\"iD Color O\u00dc\"},\"image\":{\"@id\":\"https:\\\/\\\/idcolor.ee\\\/lt\\\/#\\\/schema\\\/logo\\\/image\\\/\"}}]}<\/script>\n<!-- \/ Yoast SEO plugin. -->","yoast_head_json":{"title":"S\u0105lygos ir nuostatos - iD Color","robots":{"index":"index","follow":"follow","max-snippet":"max-snippet:-1","max-image-preview":"max-image-preview:large","max-video-preview":"max-video-preview:-1"},"canonical":"https:\/\/idcolor.ee\/lt\/salygos-ir-nuostatos\/","og_locale":"lt_LT","og_type":"article","og_title":"S\u0105lygos ir nuostatos - iD Color","og_description":"[vc_row css=&#8221;.vc_custom_1641598295106{padding-top: 60px !important;}&#8221;][vc_column][\/vc_column][\/vc_row][vc_row css=&#8221;.vc_custom_1647248779793{padding-top: 35px !important;padding-bottom: 120px !important;}&#8221;][vc_column][vc_column_text css=&#8221;&#8221;] 1. BENDROSIOS NUOSTATOS 1.1. \u0160ios \u201eiD Color\u201c internetin\u0117 parduotuv\u0117 (toliau \u2013 e. parduotuv\u0117) naudojimo s\u0105lygos (toliau \u2013 s\u0105lygos) taikomos perkant prekes i\u0161 internetin\u0117s parduotuv\u0117s \u201eiD Color\u201c, kurios interneto adresas yra idcolor.ee. Preki\u0173 pardav\u0117jas yra \u201eID Color O\u00dc\u201c (toliau \u2013 pardav\u0117jas), adresas: Gonsiori 17-4, 10124 Tallinn, [&hellip;]","og_url":"https:\/\/idcolor.ee\/lt\/salygos-ir-nuostatos\/","og_site_name":"iD Color","article_modified_time":"2025-06-30T21:35:01+00:00","twitter_card":"summary_large_image","twitter_misc":{"Est. reading time":"5 minut\u0117s"},"schema":{"@context":"https:\/\/schema.org","@graph":[{"@type":"WebPage","@id":"https:\/\/idcolor.ee\/lt\/salygos-ir-nuostatos\/","url":"https:\/\/idcolor.ee\/lt\/salygos-ir-nuostatos\/","name":"S\u0105lygos ir nuostatos - iD Color","isPartOf":{"@id":"https:\/\/idcolor.ee\/lt\/#website"},"datePublished":"2022-01-07T23:32:42+00:00","dateModified":"2025-06-30T21:35:01+00:00","breadcrumb":{"@id":"https:\/\/idcolor.ee\/lt\/salygos-ir-nuostatos\/#breadcrumb"},"inLanguage":"lt-LT","potentialAction":[{"@type":"ReadAction","target":["https:\/\/idcolor.ee\/lt\/salygos-ir-nuostatos\/"]}]},{"@type":"BreadcrumbList","@id":"https:\/\/idcolor.ee\/lt\/salygos-ir-nuostatos\/#breadcrumb","itemListElement":[{"@type":"ListItem","position":1,"name":"Home","item":"https:\/\/idcolor.ee\/lt\/namai\/"},{"@type":"ListItem","position":2,"name":"S\u0105lygos ir nuostatos"}]},{"@type":"WebSite","@id":"https:\/\/idcolor.ee\/lt\/#website","url":"https:\/\/idcolor.ee\/lt\/","name":"iD Color","description":"Hair care products","publisher":{"@id":"https:\/\/idcolor.ee\/lt\/#organization"},"potentialAction":[{"@type":"SearchAction","target":{"@type":"EntryPoint","urlTemplate":"https:\/\/idcolor.ee\/lt\/?s={search_term_string}"},"query-input":{"@type":"PropertyValueSpecification","valueRequired":true,"valueName":"search_term_string"}}],"inLanguage":"lt-LT"},{"@type":"Organization","@id":"https:\/\/idcolor.ee\/lt\/#organization","name":"iD Color O\u00dc","url":"https:\/\/idcolor.ee\/lt\/","logo":{"@type":"ImageObject","inLanguage":"lt-LT","@id":"https:\/\/idcolor.ee\/lt\/#\/schema\/logo\/image\/","url":"https:\/\/idcolor.ee\/wp-content\/uploads\/2022\/01\/IDColor_Logo_1000.png","contentUrl":"https:\/\/idcolor.ee\/wp-content\/uploads\/2022\/01\/IDColor_Logo_1000.png","width":1001,"height":354,"caption":"iD Color O\u00dc"},"image":{"@id":"https:\/\/idcolor.ee\/lt\/#\/schema\/logo\/image\/"}}]}},"_links":{"self":[{"href":"https:\/\/idcolor.ee\/lt\/wp-json\/wp\/v2\/pages\/5797","targetHints":{"allow":["GET"]}}],"collection":[{"href":"https:\/\/idcolor.ee\/lt\/wp-json\/wp\/v2\/pages"}],"about":[{"href":"https:\/\/idcolor.ee\/lt\/wp-json\/wp\/v2\/types\/page"}],"author":[{"embeddable":true,"href":"https:\/\/idcolor.ee\/lt\/wp-json\/wp\/v2\/users\/1"}],"replies":[{"embeddable":true,"href":"https:\/\/idcolor.ee\/lt\/wp-json\/wp\/v2\/comments?post=5797"}],"version-history":[{"count":28,"href":"https:\/\/idcolor.ee\/lt\/wp-json\/wp\/v2\/pages\/5797\/revisions"}],"predecessor-version":[{"id":6867,"href":"https:\/\/idcolor.ee\/lt\/wp-json\/wp\/v2\/pages\/5797\/revisions\/6867"}],"wp:attachment":[{"href":"https:\/\/idcolor.ee\/lt\/wp-json\/wp\/v2\/media?parent=5797"}],"curies":[{"name":"wp","href":"https:\/\/api.w.org\/{rel}","templated":true}]}}