{"id":5810,"date":"2022-03-14T11:34:10","date_gmt":"2022-03-14T09:34:10","guid":{"rendered":"https:\/\/idcolor.ee\/pristatymas\/"},"modified":"2024-01-20T12:14:14","modified_gmt":"2024-01-20T10:14:14","slug":"pristatymas","status":"publish","type":"page","link":"https:\/\/idcolor.ee\/lt\/pristatymas\/","title":{"rendered":"Pristatymas"},"content":{"rendered":"<div class=\"wpb-content-wrapper\"><p>[vc_row css=&#8221;.vc_custom_1647250380513{padding-top: 60px !important;padding-bottom: 120px !important;}&#8221;][vc_column]<div class=\"nasa-title clearfix hr-type-full\"><h3 class=\"nasa-heading-title\"><span class=\"nasa-title-wrap\"><span style=\"background: #ffffff; color: #24b3b0;\">Pristatymas<\/span><span class=\"nasa-title-hr\" style=\"border-color: #24b3b0;\"><\/span><\/span><\/h3><\/div>[vc_row_inner gap=&#8221;35&#8243; css=&#8221;.vc_custom_1647250372585{padding-top: 40px !important;}&#8221;][vc_column_inner width=&#8221;3\/4&#8243; css=&#8221;.vc_custom_1653063783082{padding-top: 20px !important;}&#8221;][vc_column_text]<strong>I\u0161 \u201eidcolor.ee\u201c \u012fsigytos prek\u0117s pristatomos tik Estijoje, Latvijoje, Lietuvoje ir Suomija.<\/strong><\/p>\n<p>Prek\u0117s pristatomos kliento nurodytu siunt\u0173 automatu.<\/p>\n<p>Preki\u0173 pristatymo mokestis pridedamas prie preki\u0173 kainos.<\/p>\n<p><strong>Jei u\u017esakymo vert\u0117 vir\u0161ija 75.00 \u20ac sum\u0105, pristatymo mokestis nepridedamas.<\/strong><\/p>\n<p>Preki\u0173 pristatymo mokestis yra:<br \/>\n<strong>ESTIJA:<\/strong><br \/>\nOmniva siunt\u0173 automatas 3.60 \u20ac<br \/>\nItella Smartpost siunt\u0173 automatas 3.60 \u20ac<\/p>\n<p><strong>SUOMIJA:<\/strong><br \/>\nPosti siunt\u0173 automatas 8.00 \u20ac<\/p>\n<p><strong>LATVIJA:<\/strong><br \/>\nOmniva siunt\u0173 automatas 8.00 \u20ac<\/p>\n<p><strong>LIETUVA:<\/strong><br \/>\nOmniva siunt\u0173 automatas 8.00 \u20ac<\/p>\n<p>E. parduotuv\u0117je \u012fsigytos prek\u0117s pristatomos per 1\u20137 darbo dienas nuo pirkimo sutarties \u012fsigaliojimo dienos.<\/p>\n<p>I\u0161imtiniais atvejais prek\u0117s turi teis\u0119 b\u016bti pristatytos per 45 kalendorines dienas.<\/p>\n<p>The seller is not liable for any damage caused to the customer if, for reasons beyond the seller&#8217;s control, third parties have obtained a unique code for the parcel machine and the goods have been received on the basis thereof.<\/p>\n<p>If the customer has not received the goods from the parcel machine after the deposit period, the seller considers that the customer has canceled the order and the seller returns the purchase amount (without delivery fee) to the same current account from which the purchase was paid for within 14 calendar days at the latest.[\/vc_column_text][\/vc_column_inner][vc_column_inner width=&#8221;1\/4&#8243;]<a class=\"nasa-link-image\" href=\"https:\/\/www.omniva.ee\/\"><img loading=\"lazy\" decoding=\"async\" class=\"nasa-image\" src=\"https:\/\/idcolor.ee\/wp-content\/uploads\/2022\/03\/Omniva_lockup_horizontal_orange.png\" alt=\"\" width=\"1000\" height=\"400\" \/><\/a><a class=\"nasa-link-image\" href=\"https:\/\/itella.ee\/\"><img loading=\"lazy\" decoding=\"async\" class=\"nasa-image\" src=\"https:\/\/idcolor.ee\/wp-content\/uploads\/2024\/01\/Itella_smartpost.png\" alt=\"\" width=\"1000\" height=\"400\" \/><\/a><a class=\"nasa-link-image\" href=\"https:\/\/www.posti.fi\/fi\"><img loading=\"lazy\" decoding=\"async\" class=\"nasa-image\" src=\"https:\/\/idcolor.ee\/wp-content\/uploads\/2024\/01\/Posti_orange.png\" alt=\"\" width=\"1000\" height=\"400\" \/><\/a>[\/vc_column_inner][\/vc_row_inner][\/vc_column][\/vc_row]<\/p>\n<\/div>","protected":false},"excerpt":{"rendered":"<p>[vc_row css=&#8221;.vc_custom_1647250380513{padding-top: 60px !important;padding-bottom: 120px !important;}&#8221;][vc_column][vc_row_inner gap=&#8221;35&#8243; css=&#8221;.vc_custom_1647250372585{padding-top: 40px !important;}&#8221;][vc_column_inner width=&#8221;3\/4&#8243; css=&#8221;.vc_custom_1653063783082{padding-top: 20px !important;}&#8221;][vc_column_text]I\u0161 \u201eidcolor.ee\u201c \u012fsigytos prek\u0117s pristatomos tik Estijoje, Latvijoje, Lietuvoje ir Suomija. Prek\u0117s pristatomos kliento nurodytu siunt\u0173 automatu. Preki\u0173 pristatymo mokestis pridedamas prie preki\u0173 kainos. Jei u\u017esakymo vert\u0117 vir\u0161ija 75.00 \u20ac sum\u0105, pristatymo mokestis nepridedamas. Preki\u0173 pristatymo mokestis yra: ESTIJA: Omniva siunt\u0173 automatas [&hellip;]<\/p>\n","protected":false},"author":1,"featured_media":0,"parent":0,"menu_order":0,"comment_status":"closed","ping_status":"closed","template":"","meta":{"footnotes":""},"class_list":["post-5810","page","type-page","status-publish","hentry"],"yoast_head":"<!-- This site is optimized with the Yoast SEO plugin v27.4 - https:\/\/yoast.com\/product\/yoast-seo-wordpress\/ -->\n<title>Pristatymas - iD Color<\/title>\n<meta name=\"robots\" content=\"index, follow, max-snippet:-1, max-image-preview:large, max-video-preview:-1\" \/>\n<link rel=\"canonical\" href=\"https:\/\/idcolor.ee\/lt\/pristatymas\/\" \/>\n<meta property=\"og:locale\" content=\"lt_LT\" \/>\n<meta property=\"og:type\" content=\"article\" \/>\n<meta property=\"og:title\" content=\"Pristatymas - iD Color\" \/>\n<meta property=\"og:description\" content=\"[vc_row css=&#8221;.vc_custom_1647250380513{padding-top: 60px !important;padding-bottom: 120px !important;}&#8221;][vc_column][vc_row_inner gap=&#8221;35&#8243; css=&#8221;.vc_custom_1647250372585{padding-top: 40px !important;}&#8221;][vc_column_inner width=&#8221;3\/4&#8243; css=&#8221;.vc_custom_1653063783082{padding-top: 20px !important;}&#8221;][vc_column_text]I\u0161 \u201eidcolor.ee\u201c \u012fsigytos prek\u0117s pristatomos tik Estijoje, Latvijoje, Lietuvoje ir Suomija. Prek\u0117s pristatomos kliento nurodytu siunt\u0173 automatu. Preki\u0173 pristatymo mokestis pridedamas prie preki\u0173 kainos. Jei u\u017esakymo vert\u0117 vir\u0161ija 75.00 \u20ac sum\u0105, pristatymo mokestis nepridedamas. Preki\u0173 pristatymo mokestis yra: ESTIJA: Omniva siunt\u0173 automatas [&hellip;]\" \/>\n<meta property=\"og:url\" content=\"https:\/\/idcolor.ee\/lt\/pristatymas\/\" \/>\n<meta property=\"og:site_name\" content=\"iD Color\" \/>\n<meta property=\"article:modified_time\" content=\"2024-01-20T10:14:14+00:00\" \/>\n<meta name=\"twitter:card\" content=\"summary_large_image\" \/>\n<meta name=\"twitter:label1\" content=\"Est. reading time\" \/>\n\t<meta name=\"twitter:data1\" content=\"1 minut\u0117\" \/>\n<script type=\"application\/ld+json\" class=\"yoast-schema-graph\">{\"@context\":\"https:\\\/\\\/schema.org\",\"@graph\":[{\"@type\":\"WebPage\",\"@id\":\"https:\\\/\\\/idcolor.ee\\\/lt\\\/pristatymas\\\/\",\"url\":\"https:\\\/\\\/idcolor.ee\\\/lt\\\/pristatymas\\\/\",\"name\":\"Pristatymas - iD Color\",\"isPartOf\":{\"@id\":\"https:\\\/\\\/idcolor.ee\\\/lt\\\/#website\"},\"datePublished\":\"2022-03-14T09:34:10+00:00\",\"dateModified\":\"2024-01-20T10:14:14+00:00\",\"breadcrumb\":{\"@id\":\"https:\\\/\\\/idcolor.ee\\\/lt\\\/pristatymas\\\/#breadcrumb\"},\"inLanguage\":\"lt-LT\",\"potentialAction\":[{\"@type\":\"ReadAction\",\"target\":[\"https:\\\/\\\/idcolor.ee\\\/lt\\\/pristatymas\\\/\"]}]},{\"@type\":\"BreadcrumbList\",\"@id\":\"https:\\\/\\\/idcolor.ee\\\/lt\\\/pristatymas\\\/#breadcrumb\",\"itemListElement\":[{\"@type\":\"ListItem\",\"position\":1,\"name\":\"Home\",\"item\":\"https:\\\/\\\/idcolor.ee\\\/lt\\\/namai\\\/\"},{\"@type\":\"ListItem\",\"position\":2,\"name\":\"Pristatymas\"}]},{\"@type\":\"WebSite\",\"@id\":\"https:\\\/\\\/idcolor.ee\\\/lt\\\/#website\",\"url\":\"https:\\\/\\\/idcolor.ee\\\/lt\\\/\",\"name\":\"iD Color\",\"description\":\"Hair care products\",\"publisher\":{\"@id\":\"https:\\\/\\\/idcolor.ee\\\/lt\\\/#organization\"},\"potentialAction\":[{\"@type\":\"SearchAction\",\"target\":{\"@type\":\"EntryPoint\",\"urlTemplate\":\"https:\\\/\\\/idcolor.ee\\\/lt\\\/?s={search_term_string}\"},\"query-input\":{\"@type\":\"PropertyValueSpecification\",\"valueRequired\":true,\"valueName\":\"search_term_string\"}}],\"inLanguage\":\"lt-LT\"},{\"@type\":\"Organization\",\"@id\":\"https:\\\/\\\/idcolor.ee\\\/lt\\\/#organization\",\"name\":\"iD Color O\u00dc\",\"url\":\"https:\\\/\\\/idcolor.ee\\\/lt\\\/\",\"logo\":{\"@type\":\"ImageObject\",\"inLanguage\":\"lt-LT\",\"@id\":\"https:\\\/\\\/idcolor.ee\\\/lt\\\/#\\\/schema\\\/logo\\\/image\\\/\",\"url\":\"https:\\\/\\\/idcolor.ee\\\/wp-content\\\/uploads\\\/2022\\\/01\\\/IDColor_Logo_1000.png\",\"contentUrl\":\"https:\\\/\\\/idcolor.ee\\\/wp-content\\\/uploads\\\/2022\\\/01\\\/IDColor_Logo_1000.png\",\"width\":1001,\"height\":354,\"caption\":\"iD Color O\u00dc\"},\"image\":{\"@id\":\"https:\\\/\\\/idcolor.ee\\\/lt\\\/#\\\/schema\\\/logo\\\/image\\\/\"}}]}<\/script>\n<!-- \/ Yoast SEO plugin. -->","yoast_head_json":{"title":"Pristatymas - iD Color","robots":{"index":"index","follow":"follow","max-snippet":"max-snippet:-1","max-image-preview":"max-image-preview:large","max-video-preview":"max-video-preview:-1"},"canonical":"https:\/\/idcolor.ee\/lt\/pristatymas\/","og_locale":"lt_LT","og_type":"article","og_title":"Pristatymas - iD Color","og_description":"[vc_row css=&#8221;.vc_custom_1647250380513{padding-top: 60px !important;padding-bottom: 120px !important;}&#8221;][vc_column][vc_row_inner gap=&#8221;35&#8243; css=&#8221;.vc_custom_1647250372585{padding-top: 40px !important;}&#8221;][vc_column_inner width=&#8221;3\/4&#8243; css=&#8221;.vc_custom_1653063783082{padding-top: 20px !important;}&#8221;][vc_column_text]I\u0161 \u201eidcolor.ee\u201c \u012fsigytos prek\u0117s pristatomos tik Estijoje, Latvijoje, Lietuvoje ir Suomija. Prek\u0117s pristatomos kliento nurodytu siunt\u0173 automatu. Preki\u0173 pristatymo mokestis pridedamas prie preki\u0173 kainos. Jei u\u017esakymo vert\u0117 vir\u0161ija 75.00 \u20ac sum\u0105, pristatymo mokestis nepridedamas. Preki\u0173 pristatymo mokestis yra: ESTIJA: Omniva siunt\u0173 automatas [&hellip;]","og_url":"https:\/\/idcolor.ee\/lt\/pristatymas\/","og_site_name":"iD Color","article_modified_time":"2024-01-20T10:14:14+00:00","twitter_card":"summary_large_image","twitter_misc":{"Est. reading time":"1 minut\u0117"},"schema":{"@context":"https:\/\/schema.org","@graph":[{"@type":"WebPage","@id":"https:\/\/idcolor.ee\/lt\/pristatymas\/","url":"https:\/\/idcolor.ee\/lt\/pristatymas\/","name":"Pristatymas - iD Color","isPartOf":{"@id":"https:\/\/idcolor.ee\/lt\/#website"},"datePublished":"2022-03-14T09:34:10+00:00","dateModified":"2024-01-20T10:14:14+00:00","breadcrumb":{"@id":"https:\/\/idcolor.ee\/lt\/pristatymas\/#breadcrumb"},"inLanguage":"lt-LT","potentialAction":[{"@type":"ReadAction","target":["https:\/\/idcolor.ee\/lt\/pristatymas\/"]}]},{"@type":"BreadcrumbList","@id":"https:\/\/idcolor.ee\/lt\/pristatymas\/#breadcrumb","itemListElement":[{"@type":"ListItem","position":1,"name":"Home","item":"https:\/\/idcolor.ee\/lt\/namai\/"},{"@type":"ListItem","position":2,"name":"Pristatymas"}]},{"@type":"WebSite","@id":"https:\/\/idcolor.ee\/lt\/#website","url":"https:\/\/idcolor.ee\/lt\/","name":"iD Color","description":"Hair care products","publisher":{"@id":"https:\/\/idcolor.ee\/lt\/#organization"},"potentialAction":[{"@type":"SearchAction","target":{"@type":"EntryPoint","urlTemplate":"https:\/\/idcolor.ee\/lt\/?s={search_term_string}"},"query-input":{"@type":"PropertyValueSpecification","valueRequired":true,"valueName":"search_term_string"}}],"inLanguage":"lt-LT"},{"@type":"Organization","@id":"https:\/\/idcolor.ee\/lt\/#organization","name":"iD Color O\u00dc","url":"https:\/\/idcolor.ee\/lt\/","logo":{"@type":"ImageObject","inLanguage":"lt-LT","@id":"https:\/\/idcolor.ee\/lt\/#\/schema\/logo\/image\/","url":"https:\/\/idcolor.ee\/wp-content\/uploads\/2022\/01\/IDColor_Logo_1000.png","contentUrl":"https:\/\/idcolor.ee\/wp-content\/uploads\/2022\/01\/IDColor_Logo_1000.png","width":1001,"height":354,"caption":"iD Color O\u00dc"},"image":{"@id":"https:\/\/idcolor.ee\/lt\/#\/schema\/logo\/image\/"}}]}},"_links":{"self":[{"href":"https:\/\/idcolor.ee\/lt\/wp-json\/wp\/v2\/pages\/5810","targetHints":{"allow":["GET"]}}],"collection":[{"href":"https:\/\/idcolor.ee\/lt\/wp-json\/wp\/v2\/pages"}],"about":[{"href":"https:\/\/idcolor.ee\/lt\/wp-json\/wp\/v2\/types\/page"}],"author":[{"embeddable":true,"href":"https:\/\/idcolor.ee\/lt\/wp-json\/wp\/v2\/users\/1"}],"replies":[{"embeddable":true,"href":"https:\/\/idcolor.ee\/lt\/wp-json\/wp\/v2\/comments?post=5810"}],"version-history":[{"count":6,"href":"https:\/\/idcolor.ee\/lt\/wp-json\/wp\/v2\/pages\/5810\/revisions"}],"predecessor-version":[{"id":6458,"href":"https:\/\/idcolor.ee\/lt\/wp-json\/wp\/v2\/pages\/5810\/revisions\/6458"}],"wp:attachment":[{"href":"https:\/\/idcolor.ee\/lt\/wp-json\/wp\/v2\/media?parent=5810"}],"curies":[{"name":"wp","href":"https:\/\/api.w.org\/{rel}","templated":true}]}}