{"id":5738,"date":"2022-01-07T22:16:36","date_gmt":"2022-01-07T20:16:36","guid":{"rendered":"https:\/\/idcolor.ee\/product\/k18-leave-in-molecular-repair-hair-mask-50-ml\/"},"modified":"2026-04-02T11:50:41","modified_gmt":"2026-04-02T08:50:41","slug":"k18-leave-in-molecular-repair-hair-mask-50-ml","status":"publish","type":"product","link":"https:\/\/idcolor.ee\/lt\/produktas\/k18-leave-in-molecular-repair-hair-mask-50-ml\/","title":{"rendered":"K18 Leave-in Molecular Repair Hair Mask 50 ml"},"content":{"rendered":"<div class=\"wpb-content-wrapper\"><p>[vc_row][vc_column][vc_row_inner][vc_column_inner width=&#8221;1\/4&#8243; offset=&#8221;vc_hidden-sm vc_hidden-xs&#8221; css=&#8221;.vc_custom_1643102572855{padding-right: 40% !important;}&#8221;][vc_single_image image=&#8221;4768&#8243; img_size=&#8221;full&#8221;][vc_empty_space height=&#8221;20px&#8221;][\/vc_column_inner][vc_column_inner width=&#8221;3\/4&#8243; css=&#8221;.vc_custom_1643102537405{padding-right: 70% !important;}&#8221; offset=&#8221;vc_hidden-lg vc_hidden-md&#8221;][vc_single_image image=&#8221;4768&#8243; img_size=&#8221;full&#8221;][vc_empty_space height=&#8221;20px&#8221;][\/vc_column_inner][\/vc_row_inner]<div class=\"nasa-title clearfix nasa-t hr-type-none\"><h4 class=\"nasa-heading-title\"><span class=\"nasa-title-wrap\"><span style=\"color: #000000;\">K18 Leave-in Molecular Repair Hair Mask | 50 ml<\/span><\/span><\/h4><p class=\"nasa-title-desc\" style=\"color: #000000;\">4 minu\u010di\u0173 nenuplaunamas gydymas plauk\u0173 pa\u017eeidimams panaikinti<\/p><\/div>[vc_empty_space height=&#8221;20px&#8221;][vc_separator][vc_empty_space height=&#8221;10px&#8221;][vc_column_text]<\/p>\n<h4><strong>gaminio apra\u0161ymas:<\/strong><\/h4>\n<p>Nenuplaunama gydomoji kauk\u0117 vis\u0173 tip\u0173 plaukams, kuri klini\u0161kai panaikina \u017eal\u0105 per 4 minutes. Patentuota peptid\u0173 technologija atkuria baliklio, spalvos, chemini\u0173 priemoni\u0173 ir kar\u0161\u010dio padaryt\u0105 \u017eal\u0105 \u2013 atkuria plauk\u0173 stiprum\u0105, \u0161velnum\u0105, glotnum\u0105 ir at\u0161okim\u0105.<\/p>\n<p><strong>plaukai kaip nauji<\/strong><br \/>\nBioaktyvus peptidas \u201eK18\u201c patenka \u012f vidin\u012f plauko sluoksn\u012f ir pasiekia pagrindines polipeptid\u0173 grandines (keratino grandines). \u201eK18Peptide\u2122\u201c yra tiksliai tokio dyd\u017eio ir sud\u0117ties, kad tikt\u0173 nutr\u016bkusioms grandin\u0117ms ir jas sujungt\u0173. Jau pirm\u0105 kart\u0105 panaudojus galite pajusti ir pamatyti skirtum\u0105.<\/p>\n<p>Po proced\u016bros salone \u201eK18 Mask\u201c rekomenduojame naudoti namuose 4\u20135 kartus i\u0161 eil\u0117s po plauk\u0173 plovimo. V\u0117liau naudoti kart\u0105 per savait\u0119.[\/vc_column_text][vc_empty_space height=&#8221;35px&#8221;][vc_row_inner][vc_column_inner offset=&#8221;vc_hidden-sm vc_hidden-xs&#8221;][vc_single_image image=&#8221;5671&#8243; img_size=&#8221;full&#8221;][\/vc_column_inner][\/vc_row_inner][vc_row_inner][vc_column_inner offset=&#8221;vc_hidden-lg vc_hidden-md&#8221;][vc_single_image image=&#8221;5672&#8243; img_size=&#8221;full&#8221;][\/vc_column_inner][\/vc_row_inner][vc_row_inner css=&#8221;.vc_custom_1641810793016{padding-bottom: 30px !important;}&#8221;][vc_column_inner width=&#8221;1\/2&#8243;][vc_empty_space height=&#8221;35px&#8221;][vc_column_text]<\/p>\n<h4><strong>naudojimas:<\/strong><\/h4>\n<p>[\/vc_column_text][vc_empty_space height=&#8221;35px&#8221;][vc_column_text]<\/p>\n<ol>\n<li>I\u0161plaukite plaukus. BALZAMO NENAUDOKITE!<\/li>\n<li>Nusausinkite rank\u0161luos\u010diu.<\/li>\n<li>U\u017etepkite <strong>\u201eK18 Mask\u201c<\/strong> ant plauk\u0173. Prad\u0117kite nuo vienos doz\u0117s ir j\u0105 didinkite atsi\u017evelgdami \u012f plauk\u0173 ilg\u012f, tank\u012f ir b\u016bkl\u0119 (\u017er. dozavimo lentel\u0119).<\/li>\n<li>Tolygiai paskirstykite ant plauk\u0173, po vien\u0105 doz\u0119 nuo galiuk\u0173 iki \u0161akn\u0173. Kad b\u016bt\u0173 lengviau paskirstyti, kauk\u0119 tepkite ant plauk\u0173 dalimis.<\/li>\n<li>Palikite veikti 4 minutes.<\/li>\n<li>NENUSKALAUKITE! Kauk\u0117 lieka plaukuose.<\/li>\n<li>Formuokite \u0161ukuosen\u0105 kaip \u012fprastai.<\/li>\n<\/ol>\n<p><strong>Tiksl\u0173 naudojim\u0105 rasite dozavimo lentel\u0117je.<\/strong>[\/vc_column_text][\/vc_column_inner][vc_column_inner width=&#8221;1\/2&#8243;][vc_empty_space height=&#8221;35px&#8221;][vc_column_text]<\/p>\n<h4 style=\"text-align: center;\"><b>dozavimo vadovas<\/b><\/h4>\n<p>[\/vc_column_text][vc_single_image image=&#8221;4776&#8243; img_size=&#8221;full&#8221; alignment=&#8221;center&#8221;][vc_column_text]<\/p>\n<p style=\"text-align: center;\"><strong>1 doz\u0117 = 1 ml = 1 pir\u0161to galiukas<br \/>\n<\/strong><\/p>\n<p>[\/vc_column_text][\/vc_column_inner][\/vc_row_inner][vc_empty_space height=&#8221;10px&#8221;][vc_separator][vc_row_inner][vc_column_inner width=&#8221;1\/2&#8243;][vc_empty_space height=&#8221;25px&#8221;][vc_column_text]<\/p>\n<h4><strong>reikia + nereikia <\/strong><\/h4>\n<div class=\"accordion__copy--inner\" data-accordion-copy-text=\"\">\n<ul class=\"green-check\">\n<li><strong>REIKIA<\/strong> naudoti giliai valant\u012f \u0161amp\u016bn\u0105, ypa\u010d jei naudojate sunkius produktus ar saus\u0105 \u0161amp\u016bn\u0105.<\/li>\n<li><strong>REIKIA<\/strong> palaukti 4 minutes prie\u0161 d\u017eiovinant ar dedant stilizavimo priemones.<\/li>\n<li><strong>REIKIA<\/strong> naudoti 4-6 plovimus i\u0161 eil\u0117s, po to kas 3-4 plovimus, jog palaikyti plauk\u0105 sveik\u0105 ir matyti pastovius rezultatus.<\/li>\n<\/ul>\n<ul class=\"red-x\">\n<li><strong><span style=\"color: #ff0000;\">NEREIKIA<\/span><\/strong> naudoti kondicionieriau ar kauk\u0117s prie\u0161 dedant K18 kauk\u0119.<\/li>\n<li><strong><span style=\"color: #ff0000;\">NEREIKIA<\/span><\/strong> naudoti per daug produkto.<\/li>\n<li><strong><span style=\"color: #ff0000;\">NEREIKIA<\/span><\/strong> produkto i\u0161skalauti. Kauk\u0117 lieka plaukuose.<\/li>\n<\/ul>\n<\/div>\n<p>[\/vc_column_text][\/vc_column_inner][vc_column_inner width=&#8221;1\/2&#8243;][vc_empty_space height=&#8221;25px&#8221;][vc_column_text]<\/p>\n<h4><strong>pagrindiniai privalumai<\/strong><\/h4>\n<div class=\"accordion__copy--inner\" data-accordion-copy-text=\"\">\n<div class=\"accordion__copy--inner\" data-accordion-copy-text=\"\">\n<p>\u201eK18 Peptide\u2122\u201c yra klini\u0161kai patvirtinta patentuota molekulin\u0117 prover\u017eio technologija, kuri vos per 4 minutes pa\u0161alina plauk\u0173 pa\u017eeidimus.<\/p>\n<ul class=\"green-check\">\n<li>Pa\u0161alina plauk\u0173 pa\u017eeidimus, atsiradusius naudojant chemines ir mechanines priemones: \u0161viesinim\u0105\/balinim\u0105, da\u017eym\u0105, chemin\u012f su\u0161ukavim\u0105, apdorojim\u0105 kar\u0161\u010diu.<\/li>\n<li>Atkuria plauk\u0173 stiprum\u0105, \u0161velnum\u0105, glotnum\u0105 ir at\u0161okim\u0105.<\/li>\n<li>K18\u201c peptidas yra nei\u0161plaunamas su vandeniu ir \u0161amp\u016bnu. \u201eK18\u201c yra ilgalaikis sprendimas pa\u017eeistiems plaukams.<\/li>\n<li>Vegani\u0161ka, draugi\u0161ka gyv\u016bnams, saugi spalvai priemon\u0117.<\/li>\n<\/ul>\n<p>91% jaunatvi\u0161k\u0105 plauk\u0173 tvirtum\u0105*<br \/>\n94% jaunatvi\u0161k\u0105 plauk\u0173 elastingum\u0105*<\/p>\n<p>* Rezultatai pagr\u012fsti klinikiniu tyrimu, naudojant \u201eMist\u201c ir kauk\u0119 balinimo metu. Rezultatai gali skirtis priklausomai nuo plauk\u0173 tipo, pradin\u0117s b\u016bkl\u0117s ir j\u0173 prie\u017ei\u016bros istorijos.<\/p>\n<\/div>\n<\/div>\n<p>[\/vc_column_text][\/vc_column_inner][\/vc_row_inner][vc_empty_space height=&#8221;10px&#8221;][\/vc_column][\/vc_row]<\/p>\n<\/div>","protected":false},"excerpt":{"rendered":"<h5><strong>50 ml<\/strong><\/h5>\n<p><strong>Nenuplaunama gydomoji kauk\u0117 vis\u0173 tip\u0173 plaukams, kuri klini\u0161kai panaikina \u017eal\u0105 per 4 minutes.<\/strong> Patentuota peptid\u0173 technologija atkuria baliklio, spalvos, chemini\u0173 priemoni\u0173 ir kar\u0161\u010dio padaryt\u0105 \u017eal\u0105 \u2013 atkuria plauk\u0173 stiprum\u0105, \u0161velnum\u0105, glotnum\u0105 ir at\u0161okim\u0105.<\/p>\n","protected":false},"featured_media":4764,"template":"","meta":[],"product_brand":[],"product_cat":[316],"product_tag":[],"class_list":{"0":"post-5738","1":"product","2":"type-product","3":"status-publish","4":"has-post-thumbnail","6":"product_cat-k18-hair-lt","8":"first","9":"instock","10":"taxable","11":"shipping-taxable","12":"purchasable","13":"product-type-simple"},"yoast_head":"<!-- This site is optimized with the Yoast SEO plugin v27.3 - https:\/\/yoast.com\/product\/yoast-seo-wordpress\/ -->\n<title>K18 Leave-in Molecular Repair Hair Mask 50 ml - iD Color<\/title>\n<meta name=\"description\" content=\"Nenuplaunama gydomoji kauk\u0117 vis\u0173 tip\u0173 plaukams, kuri klini\u0161kai panaikina \u017eal\u0105 per 4 minutes. Patentuota peptid\u0173 technologija atkuria baliklio, spalvos, chemini\u0173 priemoni\u0173 ir kar\u0161\u010dio padaryt\u0105 \u017eal\u0105.\" \/>\n<meta name=\"robots\" content=\"index, follow, max-snippet:-1, max-image-preview:large, max-video-preview:-1\" \/>\n<link rel=\"canonical\" href=\"https:\/\/idcolor.ee\/lt\/produktas\/k18-leave-in-molecular-repair-hair-mask-50-ml\/\" \/>\n<meta property=\"og:locale\" content=\"lt_LT\" \/>\n<meta property=\"og:type\" content=\"article\" \/>\n<meta property=\"og:title\" content=\"K18 Leave-in Molecular Repair Hair Mask 50 ml - iD Color\" \/>\n<meta property=\"og:description\" content=\"Nenuplaunama gydomoji kauk\u0117 vis\u0173 tip\u0173 plaukams, kuri klini\u0161kai panaikina \u017eal\u0105 per 4 minutes. Patentuota peptid\u0173 technologija atkuria baliklio, spalvos, chemini\u0173 priemoni\u0173 ir kar\u0161\u010dio padaryt\u0105 \u017eal\u0105.\" \/>\n<meta property=\"og:url\" content=\"https:\/\/idcolor.ee\/lt\/produktas\/k18-leave-in-molecular-repair-hair-mask-50-ml\/\" \/>\n<meta property=\"og:site_name\" content=\"iD Color\" \/>\n<meta property=\"article:modified_time\" content=\"2026-04-02T08:50:41+00:00\" \/>\n<meta property=\"og:image\" content=\"https:\/\/idcolor.ee\/wp-content\/uploads\/2022\/01\/K18_Mask_50ml.jpg\" \/>\n\t<meta property=\"og:image:width\" content=\"1080\" \/>\n\t<meta property=\"og:image:height\" content=\"1080\" \/>\n\t<meta property=\"og:image:type\" content=\"image\/jpeg\" \/>\n<meta name=\"twitter:card\" content=\"summary_large_image\" \/>\n<meta name=\"twitter:label1\" content=\"Est. reading time\" \/>\n\t<meta name=\"twitter:data1\" content=\"3 minut\u0117s\" \/>\n<script type=\"application\/ld+json\" class=\"yoast-schema-graph\">{\"@context\":\"https:\\\/\\\/schema.org\",\"@graph\":[{\"@type\":\"WebPage\",\"@id\":\"https:\\\/\\\/idcolor.ee\\\/lt\\\/produktas\\\/k18-leave-in-molecular-repair-hair-mask-50-ml\\\/\",\"url\":\"https:\\\/\\\/idcolor.ee\\\/lt\\\/produktas\\\/k18-leave-in-molecular-repair-hair-mask-50-ml\\\/\",\"name\":\"K18 Leave-in Molecular Repair Hair Mask 50 ml - iD Color\",\"isPartOf\":{\"@id\":\"https:\\\/\\\/idcolor.ee\\\/lt\\\/#website\"},\"primaryImageOfPage\":{\"@id\":\"https:\\\/\\\/idcolor.ee\\\/lt\\\/produktas\\\/k18-leave-in-molecular-repair-hair-mask-50-ml\\\/#primaryimage\"},\"image\":{\"@id\":\"https:\\\/\\\/idcolor.ee\\\/lt\\\/produktas\\\/k18-leave-in-molecular-repair-hair-mask-50-ml\\\/#primaryimage\"},\"thumbnailUrl\":\"https:\\\/\\\/idcolor.ee\\\/wp-content\\\/uploads\\\/2022\\\/01\\\/K18_Mask_50ml.jpg\",\"datePublished\":\"2022-01-07T20:16:36+00:00\",\"dateModified\":\"2026-04-02T08:50:41+00:00\",\"description\":\"Nenuplaunama gydomoji kauk\u0117 vis\u0173 tip\u0173 plaukams, kuri klini\u0161kai panaikina \u017eal\u0105 per 4 minutes. Patentuota peptid\u0173 technologija atkuria baliklio, spalvos, chemini\u0173 priemoni\u0173 ir kar\u0161\u010dio padaryt\u0105 \u017eal\u0105.\",\"breadcrumb\":{\"@id\":\"https:\\\/\\\/idcolor.ee\\\/lt\\\/produktas\\\/k18-leave-in-molecular-repair-hair-mask-50-ml\\\/#breadcrumb\"},\"inLanguage\":\"lt-LT\",\"potentialAction\":[{\"@type\":\"ReadAction\",\"target\":[\"https:\\\/\\\/idcolor.ee\\\/lt\\\/produktas\\\/k18-leave-in-molecular-repair-hair-mask-50-ml\\\/\"]}]},{\"@type\":\"ImageObject\",\"inLanguage\":\"lt-LT\",\"@id\":\"https:\\\/\\\/idcolor.ee\\\/lt\\\/produktas\\\/k18-leave-in-molecular-repair-hair-mask-50-ml\\\/#primaryimage\",\"url\":\"https:\\\/\\\/idcolor.ee\\\/wp-content\\\/uploads\\\/2022\\\/01\\\/K18_Mask_50ml.jpg\",\"contentUrl\":\"https:\\\/\\\/idcolor.ee\\\/wp-content\\\/uploads\\\/2022\\\/01\\\/K18_Mask_50ml.jpg\",\"width\":1080,\"height\":1080},{\"@type\":\"BreadcrumbList\",\"@id\":\"https:\\\/\\\/idcolor.ee\\\/lt\\\/produktas\\\/k18-leave-in-molecular-repair-hair-mask-50-ml\\\/#breadcrumb\",\"itemListElement\":[{\"@type\":\"ListItem\",\"position\":1,\"name\":\"Home\",\"item\":\"https:\\\/\\\/idcolor.ee\\\/lt\\\/namai\\\/\"},{\"@type\":\"ListItem\",\"position\":2,\"name\":\"Parduotuv\u0117\",\"item\":\"https:\\\/\\\/idcolor.ee\\\/lt\\\/shop-2\\\/\"},{\"@type\":\"ListItem\",\"position\":3,\"name\":\"K18 Leave-in Molecular Repair Hair Mask 50 ml\"}]},{\"@type\":\"WebSite\",\"@id\":\"https:\\\/\\\/idcolor.ee\\\/lt\\\/#website\",\"url\":\"https:\\\/\\\/idcolor.ee\\\/lt\\\/\",\"name\":\"iD Color\",\"description\":\"Hair care products\",\"publisher\":{\"@id\":\"https:\\\/\\\/idcolor.ee\\\/lt\\\/#organization\"},\"potentialAction\":[{\"@type\":\"SearchAction\",\"target\":{\"@type\":\"EntryPoint\",\"urlTemplate\":\"https:\\\/\\\/idcolor.ee\\\/lt\\\/?s={search_term_string}\"},\"query-input\":{\"@type\":\"PropertyValueSpecification\",\"valueRequired\":true,\"valueName\":\"search_term_string\"}}],\"inLanguage\":\"lt-LT\"},{\"@type\":\"Organization\",\"@id\":\"https:\\\/\\\/idcolor.ee\\\/lt\\\/#organization\",\"name\":\"iD Color O\u00dc\",\"url\":\"https:\\\/\\\/idcolor.ee\\\/lt\\\/\",\"logo\":{\"@type\":\"ImageObject\",\"inLanguage\":\"lt-LT\",\"@id\":\"https:\\\/\\\/idcolor.ee\\\/lt\\\/#\\\/schema\\\/logo\\\/image\\\/\",\"url\":\"https:\\\/\\\/idcolor.ee\\\/wp-content\\\/uploads\\\/2022\\\/01\\\/IDColor_Logo_1000.png\",\"contentUrl\":\"https:\\\/\\\/idcolor.ee\\\/wp-content\\\/uploads\\\/2022\\\/01\\\/IDColor_Logo_1000.png\",\"width\":1001,\"height\":354,\"caption\":\"iD Color O\u00dc\"},\"image\":{\"@id\":\"https:\\\/\\\/idcolor.ee\\\/lt\\\/#\\\/schema\\\/logo\\\/image\\\/\"}}]}<\/script>\n<!-- \/ Yoast SEO plugin. -->","yoast_head_json":{"title":"K18 Leave-in Molecular Repair Hair Mask 50 ml - iD Color","description":"Nenuplaunama gydomoji kauk\u0117 vis\u0173 tip\u0173 plaukams, kuri klini\u0161kai panaikina \u017eal\u0105 per 4 minutes. Patentuota peptid\u0173 technologija atkuria baliklio, spalvos, chemini\u0173 priemoni\u0173 ir kar\u0161\u010dio padaryt\u0105 \u017eal\u0105.","robots":{"index":"index","follow":"follow","max-snippet":"max-snippet:-1","max-image-preview":"max-image-preview:large","max-video-preview":"max-video-preview:-1"},"canonical":"https:\/\/idcolor.ee\/lt\/produktas\/k18-leave-in-molecular-repair-hair-mask-50-ml\/","og_locale":"lt_LT","og_type":"article","og_title":"K18 Leave-in Molecular Repair Hair Mask 50 ml - iD Color","og_description":"Nenuplaunama gydomoji kauk\u0117 vis\u0173 tip\u0173 plaukams, kuri klini\u0161kai panaikina \u017eal\u0105 per 4 minutes. Patentuota peptid\u0173 technologija atkuria baliklio, spalvos, chemini\u0173 priemoni\u0173 ir kar\u0161\u010dio padaryt\u0105 \u017eal\u0105.","og_url":"https:\/\/idcolor.ee\/lt\/produktas\/k18-leave-in-molecular-repair-hair-mask-50-ml\/","og_site_name":"iD Color","article_modified_time":"2026-04-02T08:50:41+00:00","og_image":[{"width":1080,"height":1080,"url":"https:\/\/idcolor.ee\/wp-content\/uploads\/2022\/01\/K18_Mask_50ml.jpg","type":"image\/jpeg"}],"twitter_card":"summary_large_image","twitter_misc":{"Est. reading time":"3 minut\u0117s"},"schema":{"@context":"https:\/\/schema.org","@graph":[{"@type":"WebPage","@id":"https:\/\/idcolor.ee\/lt\/produktas\/k18-leave-in-molecular-repair-hair-mask-50-ml\/","url":"https:\/\/idcolor.ee\/lt\/produktas\/k18-leave-in-molecular-repair-hair-mask-50-ml\/","name":"K18 Leave-in Molecular Repair Hair Mask 50 ml - iD Color","isPartOf":{"@id":"https:\/\/idcolor.ee\/lt\/#website"},"primaryImageOfPage":{"@id":"https:\/\/idcolor.ee\/lt\/produktas\/k18-leave-in-molecular-repair-hair-mask-50-ml\/#primaryimage"},"image":{"@id":"https:\/\/idcolor.ee\/lt\/produktas\/k18-leave-in-molecular-repair-hair-mask-50-ml\/#primaryimage"},"thumbnailUrl":"https:\/\/idcolor.ee\/wp-content\/uploads\/2022\/01\/K18_Mask_50ml.jpg","datePublished":"2022-01-07T20:16:36+00:00","dateModified":"2026-04-02T08:50:41+00:00","description":"Nenuplaunama gydomoji kauk\u0117 vis\u0173 tip\u0173 plaukams, kuri klini\u0161kai panaikina \u017eal\u0105 per 4 minutes. Patentuota peptid\u0173 technologija atkuria baliklio, spalvos, chemini\u0173 priemoni\u0173 ir kar\u0161\u010dio padaryt\u0105 \u017eal\u0105.","breadcrumb":{"@id":"https:\/\/idcolor.ee\/lt\/produktas\/k18-leave-in-molecular-repair-hair-mask-50-ml\/#breadcrumb"},"inLanguage":"lt-LT","potentialAction":[{"@type":"ReadAction","target":["https:\/\/idcolor.ee\/lt\/produktas\/k18-leave-in-molecular-repair-hair-mask-50-ml\/"]}]},{"@type":"ImageObject","inLanguage":"lt-LT","@id":"https:\/\/idcolor.ee\/lt\/produktas\/k18-leave-in-molecular-repair-hair-mask-50-ml\/#primaryimage","url":"https:\/\/idcolor.ee\/wp-content\/uploads\/2022\/01\/K18_Mask_50ml.jpg","contentUrl":"https:\/\/idcolor.ee\/wp-content\/uploads\/2022\/01\/K18_Mask_50ml.jpg","width":1080,"height":1080},{"@type":"BreadcrumbList","@id":"https:\/\/idcolor.ee\/lt\/produktas\/k18-leave-in-molecular-repair-hair-mask-50-ml\/#breadcrumb","itemListElement":[{"@type":"ListItem","position":1,"name":"Home","item":"https:\/\/idcolor.ee\/lt\/namai\/"},{"@type":"ListItem","position":2,"name":"Parduotuv\u0117","item":"https:\/\/idcolor.ee\/lt\/shop-2\/"},{"@type":"ListItem","position":3,"name":"K18 Leave-in Molecular Repair Hair Mask 50 ml"}]},{"@type":"WebSite","@id":"https:\/\/idcolor.ee\/lt\/#website","url":"https:\/\/idcolor.ee\/lt\/","name":"iD Color","description":"Hair care products","publisher":{"@id":"https:\/\/idcolor.ee\/lt\/#organization"},"potentialAction":[{"@type":"SearchAction","target":{"@type":"EntryPoint","urlTemplate":"https:\/\/idcolor.ee\/lt\/?s={search_term_string}"},"query-input":{"@type":"PropertyValueSpecification","valueRequired":true,"valueName":"search_term_string"}}],"inLanguage":"lt-LT"},{"@type":"Organization","@id":"https:\/\/idcolor.ee\/lt\/#organization","name":"iD Color O\u00dc","url":"https:\/\/idcolor.ee\/lt\/","logo":{"@type":"ImageObject","inLanguage":"lt-LT","@id":"https:\/\/idcolor.ee\/lt\/#\/schema\/logo\/image\/","url":"https:\/\/idcolor.ee\/wp-content\/uploads\/2022\/01\/IDColor_Logo_1000.png","contentUrl":"https:\/\/idcolor.ee\/wp-content\/uploads\/2022\/01\/IDColor_Logo_1000.png","width":1001,"height":354,"caption":"iD Color O\u00dc"},"image":{"@id":"https:\/\/idcolor.ee\/lt\/#\/schema\/logo\/image\/"}}]}},"_links":{"self":[{"href":"https:\/\/idcolor.ee\/lt\/wp-json\/wp\/v2\/product\/5738","targetHints":{"allow":["GET"]}}],"collection":[{"href":"https:\/\/idcolor.ee\/lt\/wp-json\/wp\/v2\/product"}],"about":[{"href":"https:\/\/idcolor.ee\/lt\/wp-json\/wp\/v2\/types\/product"}],"wp:featuredmedia":[{"embeddable":true,"href":"https:\/\/idcolor.ee\/lt\/wp-json\/wp\/v2\/media\/4764"}],"wp:attachment":[{"href":"https:\/\/idcolor.ee\/lt\/wp-json\/wp\/v2\/media?parent=5738"}],"wp:term":[{"taxonomy":"product_brand","embeddable":true,"href":"https:\/\/idcolor.ee\/lt\/wp-json\/wp\/v2\/product_brand?post=5738"},{"taxonomy":"product_cat","embeddable":true,"href":"https:\/\/idcolor.ee\/lt\/wp-json\/wp\/v2\/product_cat?post=5738"},{"taxonomy":"product_tag","embeddable":true,"href":"https:\/\/idcolor.ee\/lt\/wp-json\/wp\/v2\/product_tag?post=5738"}],"curies":[{"name":"wp","href":"https:\/\/api.w.org\/{rel}","templated":true}]}}