{"id":5740,"date":"2022-06-13T15:10:35","date_gmt":"2022-06-13T12:10:35","guid":{"rendered":"https:\/\/idcolor.ee\/product\/k18-peptide-prep-giluminio-plovimo-sampunas\/"},"modified":"2024-05-29T10:56:29","modified_gmt":"2024-05-29T07:56:29","slug":"k18-peptide-prep-giluminio-plovimo-sampunas","status":"publish","type":"product","link":"https:\/\/idcolor.ee\/lt\/produktas\/k18-peptide-prep-giluminio-plovimo-sampunas\/","title":{"rendered":"K18 PEPTIDE PREP\u2122 giluminio plovimo \u0161amp\u016bnas"},"content":{"rendered":"<div class=\"wpb-content-wrapper\"><p>[vc_row][vc_column][vc_row_inner][vc_column_inner width=&#8221;1\/4&#8243; offset=&#8221;vc_hidden-sm vc_hidden-xs&#8221; css=&#8221;.vc_custom_1643102572855{padding-right: 40% !important;}&#8221;][vc_single_image image=&#8221;4768&#8243; img_size=&#8221;full&#8221;][vc_empty_space height=&#8221;20px&#8221;][\/vc_column_inner][vc_column_inner width=&#8221;3\/4&#8243; css=&#8221;.vc_custom_1643102537405{padding-right: 70% !important;}&#8221; offset=&#8221;vc_hidden-lg vc_hidden-md&#8221;][vc_single_image image=&#8221;4768&#8243; img_size=&#8221;full&#8221;][vc_empty_space height=&#8221;20px&#8221;][\/vc_column_inner][\/vc_row_inner]<div class=\"nasa-title clearfix nasa-t hr-type-none\"><h4 class=\"nasa-heading-title\"><span class=\"nasa-title-wrap\"><span style=\"color: #000000;\">K18 PEPTIDE PREP\u2122 giluminio plovimo \u0161amp\u016bnas | 250 ml<\/span><\/span><\/h4><p class=\"nasa-title-desc\" style=\"color: #000000;\">SUD\u0116TYJE YRA PATENTUOTO K18 PEPTIDO<\/p><\/div>[vc_empty_space height=&#8221;20px&#8221;][vc_separator][vc_empty_space height=&#8221;10px&#8221;][vc_column_text]Veiksmingai pa\u0161alina susikaupusias apna\u0161as nepa\u017eeisdamas da\u017e\u0173.<\/p>\n<h4><strong>KAIP JIS VEIKIA?<\/strong><\/h4>\n<p><strong>Giliai plauna plaukus ir galvos od\u0105.<\/strong> Tankios putos i\u0161valo u\u017esikim\u0161usias poras pa\u0161alindamos ne\u0161varumus, riebalus, silikon\u0105 ir kitus plauk\u0173 prie\u017ei\u016bros priemoni\u0173 liku\u010dius.<br \/>\n<strong>Paruo\u0161ia plaukus geriausiems K18 prie\u017ei\u016bros priemoni\u0173 rezultatams.<\/strong> \u0160variems plaukams viskas tinka labiau \u2013 proced\u016bros, da\u017eai, chemin\u0117s priemon\u0117s ir modeliavimo produktai.<br \/>\n<strong>Sukuria ideal\u0173 sveik\u0173 plauk\u0173 pagrind\u0105.<\/strong> \u0160amp\u016bno sud\u0117tis u\u017etikrina, kad plaukus i\u0161plausite veiksmingai, nepa\u017eeisdami j\u0173 ir galvos odos.<\/p>\n<h4>KOD\u0116L TAI VEIKIA?<\/h4>\n<p><strong>Veikliosios med\u017eiagos pa\u0161alina plaukuose susikaupusius liku\u010dius nepa\u017eeisdamos plauk\u0173 strukt\u016bros ir galvos odos:<\/strong><\/p>\n<ul>\n<li><strong>Sud\u0117tyje yra veikli\u0173j\u0173 med\u017eiag\u0173<\/strong> (be u\u017epild\u0173), tod\u0117l \u0161is \u0161amp\u016bnas efektyviai plauna plaukus, nekei\u010dia j\u0173 strukt\u016bros ir spalvos.<\/li>\n<li><strong>Aktyvintoji anglis<\/strong> sugeria toksinus, riebal\u0173 pertekli\u0173 ir ne\u0161varumus tiek i\u0161 plauk\u0173, tiek i\u0161 galvos odos.<\/li>\n<li><strong>Salicilo r\u016bg\u0161tis<\/strong> pa\u0161alina folikuluose susikaupusius riebalus i\u0161laikydama reikiam\u0105 plauko dr\u0117gm\u0119 ir lipidus.<\/li>\n<li>Plaunant mikrodozuotu <strong>K18Peptide\u2122<\/strong> \u0161amp\u016bnu prarandama ma\u017eiau baltym\u0173, plaukai tampa mink\u0161ti, tvirti, sveiki ir \u0161var\u016bs.<\/li>\n<\/ul>\n<p>[\/vc_column_text][vc_row_inner css=&#8221;.vc_custom_1641810793016{padding-bottom: 30px !important;}&#8221;][vc_column_inner width=&#8221;1\/2&#8243;][vc_empty_space height=&#8221;35px&#8221;][vc_column_text]<\/p>\n<h4><strong>NAUDOJIMAS<\/strong><\/h4>\n<ol>\n<li>Naudokite PEPTIDE PREP\u2122 \u0161amp\u016bn\u0105 kart\u0105 per savait\u0119 arba prireikus.<\/li>\n<li>\u012etrinkite \u0161amp\u016bn\u0105 \u012f plaukus ir galvos od\u0105, kad pa\u0161alintum\u0117te susikaupusius plauk\u0173 prie\u017ei\u016bros liku\u010dius.<\/li>\n<li>Gerai i\u0161skalaukite plaukus.<\/li>\n<li>Prireikus naudokite pakartotinai.<\/li>\n<\/ol>\n<p><strong>KVEPIA<\/strong><br \/>\nCitrusiniais vaisiais<\/p>\n<p><strong>SUD\u0116TYJE N\u0116RA<\/strong> sulfat\u0173, paraben\u0173, ftalat\u0173, lelij\u0173 aldehid\u0173, silikon\u0173, dirbtini\u0173 da\u017eikli\u0173, natrio chlorido, formaldehido ir jo produkt\u0173. <strong>Produktas yra vegani\u0161kas ir puikiai veikia.<\/strong><\/p>\n<p><strong>Nekenkia da\u017eams.<\/strong><br \/>\n<strong>Nealergizuoja<\/strong>, dermatologi\u0161kai patikrintas (RIPT testas atliktas su 50 tiriam\u0173j\u0173).<br \/>\n<strong>pH 3,8-4,2<\/strong>[\/vc_column_text][\/vc_column_inner][vc_column_inner width=&#8221;1\/2&#8243;][vc_empty_space height=&#8221;35px&#8221;][vc_single_image image=&#8221;6566&#8243; img_size=&#8221;full&#8221; alignment=&#8221;center&#8221; css=&#8221;&#8221;][\/vc_column_inner][\/vc_row_inner][vc_empty_space height=&#8221;35px&#8221;][vc_separator][vc_empty_space height=&#8221;20px&#8221;][vc_column_text]<\/p>\n<h4><strong>Saugos reikalavimai<\/strong><\/h4>\n<div class=\"accordion__copy--inner\" data-accordion-copy-text=\"\">\n<p>Venkite kontakto su akimis. Vartoti tik i\u0161ori\u0161kai. Esant neigiamai reakcijai, nedelsiant kreipkit\u0117s \u012f gydytoj\u0105. Laikykite vaikams nepasiekiamoje ir neprieinamoje vietoje.<\/p>\n<\/div>\n<p>[\/vc_column_text][vc_empty_space height=&#8221;10px&#8221;][\/vc_column][\/vc_row]<\/p>\n<\/div>","protected":false},"excerpt":{"rendered":"<h5><strong>250 ml<\/strong><\/h5>\n<p>Veiksmingai pa\u0161alina susikaupusias apna\u0161as nepa\u017eeisdamas da\u017e\u0173. Veikliosios med\u017eiagos pa\u0161alina plaukuose susikaupusius liku\u010dius nepa\u017eeisdamos plauk\u0173 strukt\u016bros ir galvos odos.<\/p>\n<p>SUD\u0116TYJE YRA PATENTUOTO K18 PEPTIDO<\/p>\n","protected":false},"featured_media":5680,"template":"","meta":[],"product_brand":[],"product_cat":[316],"product_tag":[],"class_list":{"0":"post-5740","1":"product","2":"type-product","3":"status-publish","4":"has-post-thumbnail","6":"product_cat-k18-hair-lt","8":"first","9":"instock","10":"taxable","11":"shipping-taxable","12":"purchasable","13":"product-type-simple"},"yoast_head":"<!-- This site is optimized with the Yoast SEO plugin v27.3 - https:\/\/yoast.com\/product\/yoast-seo-wordpress\/ -->\n<title>K18 PEPTIDE PREP\u2122 giluminio plovimo \u0161amp\u016bnas - iD Color<\/title>\n<meta name=\"description\" content=\"Veiksmingai pa\u0161alina susikaupusias apna\u0161as nepa\u017eeisdamas da\u017e\u0173.\" \/>\n<meta name=\"robots\" content=\"index, follow, max-snippet:-1, max-image-preview:large, max-video-preview:-1\" \/>\n<link rel=\"canonical\" href=\"https:\/\/idcolor.ee\/lt\/produktas\/k18-peptide-prep-giluminio-plovimo-sampunas\/\" \/>\n<meta property=\"og:locale\" content=\"lt_LT\" \/>\n<meta property=\"og:type\" content=\"article\" \/>\n<meta property=\"og:title\" content=\"K18 PEPTIDE PREP\u2122 giluminio plovimo \u0161amp\u016bnas - iD Color\" \/>\n<meta property=\"og:description\" content=\"Veiksmingai pa\u0161alina susikaupusias apna\u0161as nepa\u017eeisdamas da\u017e\u0173.\" \/>\n<meta property=\"og:url\" content=\"https:\/\/idcolor.ee\/lt\/produktas\/k18-peptide-prep-giluminio-plovimo-sampunas\/\" \/>\n<meta property=\"og:site_name\" content=\"iD Color\" \/>\n<meta property=\"article:modified_time\" content=\"2024-05-29T07:56:29+00:00\" \/>\n<meta property=\"og:image\" content=\"https:\/\/idcolor.ee\/wp-content\/uploads\/2022\/06\/K18_PeptidePrep_DetoxShampoo_Retail.jpg\" \/>\n\t<meta property=\"og:image:width\" content=\"1080\" \/>\n\t<meta property=\"og:image:height\" content=\"1080\" \/>\n\t<meta property=\"og:image:type\" content=\"image\/jpeg\" \/>\n<meta name=\"twitter:card\" content=\"summary_large_image\" \/>\n<meta name=\"twitter:label1\" content=\"Est. reading time\" \/>\n\t<meta name=\"twitter:data1\" content=\"2 minut\u0117s\" \/>\n<script type=\"application\/ld+json\" class=\"yoast-schema-graph\">{\"@context\":\"https:\\\/\\\/schema.org\",\"@graph\":[{\"@type\":\"WebPage\",\"@id\":\"https:\\\/\\\/idcolor.ee\\\/lt\\\/produktas\\\/k18-peptide-prep-giluminio-plovimo-sampunas\\\/\",\"url\":\"https:\\\/\\\/idcolor.ee\\\/lt\\\/produktas\\\/k18-peptide-prep-giluminio-plovimo-sampunas\\\/\",\"name\":\"K18 PEPTIDE PREP\u2122 giluminio plovimo \u0161amp\u016bnas - iD Color\",\"isPartOf\":{\"@id\":\"https:\\\/\\\/idcolor.ee\\\/lt\\\/#website\"},\"primaryImageOfPage\":{\"@id\":\"https:\\\/\\\/idcolor.ee\\\/lt\\\/produktas\\\/k18-peptide-prep-giluminio-plovimo-sampunas\\\/#primaryimage\"},\"image\":{\"@id\":\"https:\\\/\\\/idcolor.ee\\\/lt\\\/produktas\\\/k18-peptide-prep-giluminio-plovimo-sampunas\\\/#primaryimage\"},\"thumbnailUrl\":\"https:\\\/\\\/idcolor.ee\\\/wp-content\\\/uploads\\\/2022\\\/06\\\/K18_PeptidePrep_DetoxShampoo_Retail.jpg\",\"datePublished\":\"2022-06-13T12:10:35+00:00\",\"dateModified\":\"2024-05-29T07:56:29+00:00\",\"description\":\"Veiksmingai pa\u0161alina susikaupusias apna\u0161as nepa\u017eeisdamas da\u017e\u0173.\",\"breadcrumb\":{\"@id\":\"https:\\\/\\\/idcolor.ee\\\/lt\\\/produktas\\\/k18-peptide-prep-giluminio-plovimo-sampunas\\\/#breadcrumb\"},\"inLanguage\":\"lt-LT\",\"potentialAction\":[{\"@type\":\"ReadAction\",\"target\":[\"https:\\\/\\\/idcolor.ee\\\/lt\\\/produktas\\\/k18-peptide-prep-giluminio-plovimo-sampunas\\\/\"]}]},{\"@type\":\"ImageObject\",\"inLanguage\":\"lt-LT\",\"@id\":\"https:\\\/\\\/idcolor.ee\\\/lt\\\/produktas\\\/k18-peptide-prep-giluminio-plovimo-sampunas\\\/#primaryimage\",\"url\":\"https:\\\/\\\/idcolor.ee\\\/wp-content\\\/uploads\\\/2022\\\/06\\\/K18_PeptidePrep_DetoxShampoo_Retail.jpg\",\"contentUrl\":\"https:\\\/\\\/idcolor.ee\\\/wp-content\\\/uploads\\\/2022\\\/06\\\/K18_PeptidePrep_DetoxShampoo_Retail.jpg\",\"width\":1080,\"height\":1080},{\"@type\":\"BreadcrumbList\",\"@id\":\"https:\\\/\\\/idcolor.ee\\\/lt\\\/produktas\\\/k18-peptide-prep-giluminio-plovimo-sampunas\\\/#breadcrumb\",\"itemListElement\":[{\"@type\":\"ListItem\",\"position\":1,\"name\":\"Home\",\"item\":\"https:\\\/\\\/idcolor.ee\\\/lt\\\/namai\\\/\"},{\"@type\":\"ListItem\",\"position\":2,\"name\":\"Parduotuv\u0117\",\"item\":\"https:\\\/\\\/idcolor.ee\\\/lt\\\/shop-2\\\/\"},{\"@type\":\"ListItem\",\"position\":3,\"name\":\"K18 PEPTIDE PREP\u2122 giluminio plovimo \u0161amp\u016bnas\"}]},{\"@type\":\"WebSite\",\"@id\":\"https:\\\/\\\/idcolor.ee\\\/lt\\\/#website\",\"url\":\"https:\\\/\\\/idcolor.ee\\\/lt\\\/\",\"name\":\"iD Color\",\"description\":\"Hair care products\",\"publisher\":{\"@id\":\"https:\\\/\\\/idcolor.ee\\\/lt\\\/#organization\"},\"potentialAction\":[{\"@type\":\"SearchAction\",\"target\":{\"@type\":\"EntryPoint\",\"urlTemplate\":\"https:\\\/\\\/idcolor.ee\\\/lt\\\/?s={search_term_string}\"},\"query-input\":{\"@type\":\"PropertyValueSpecification\",\"valueRequired\":true,\"valueName\":\"search_term_string\"}}],\"inLanguage\":\"lt-LT\"},{\"@type\":\"Organization\",\"@id\":\"https:\\\/\\\/idcolor.ee\\\/lt\\\/#organization\",\"name\":\"iD Color O\u00dc\",\"url\":\"https:\\\/\\\/idcolor.ee\\\/lt\\\/\",\"logo\":{\"@type\":\"ImageObject\",\"inLanguage\":\"lt-LT\",\"@id\":\"https:\\\/\\\/idcolor.ee\\\/lt\\\/#\\\/schema\\\/logo\\\/image\\\/\",\"url\":\"https:\\\/\\\/idcolor.ee\\\/wp-content\\\/uploads\\\/2022\\\/01\\\/IDColor_Logo_1000.png\",\"contentUrl\":\"https:\\\/\\\/idcolor.ee\\\/wp-content\\\/uploads\\\/2022\\\/01\\\/IDColor_Logo_1000.png\",\"width\":1001,\"height\":354,\"caption\":\"iD Color O\u00dc\"},\"image\":{\"@id\":\"https:\\\/\\\/idcolor.ee\\\/lt\\\/#\\\/schema\\\/logo\\\/image\\\/\"}}]}<\/script>\n<!-- \/ Yoast SEO plugin. -->","yoast_head_json":{"title":"K18 PEPTIDE PREP\u2122 giluminio plovimo \u0161amp\u016bnas - iD Color","description":"Veiksmingai pa\u0161alina susikaupusias apna\u0161as nepa\u017eeisdamas da\u017e\u0173.","robots":{"index":"index","follow":"follow","max-snippet":"max-snippet:-1","max-image-preview":"max-image-preview:large","max-video-preview":"max-video-preview:-1"},"canonical":"https:\/\/idcolor.ee\/lt\/produktas\/k18-peptide-prep-giluminio-plovimo-sampunas\/","og_locale":"lt_LT","og_type":"article","og_title":"K18 PEPTIDE PREP\u2122 giluminio plovimo \u0161amp\u016bnas - iD Color","og_description":"Veiksmingai pa\u0161alina susikaupusias apna\u0161as nepa\u017eeisdamas da\u017e\u0173.","og_url":"https:\/\/idcolor.ee\/lt\/produktas\/k18-peptide-prep-giluminio-plovimo-sampunas\/","og_site_name":"iD Color","article_modified_time":"2024-05-29T07:56:29+00:00","og_image":[{"width":1080,"height":1080,"url":"https:\/\/idcolor.ee\/wp-content\/uploads\/2022\/06\/K18_PeptidePrep_DetoxShampoo_Retail.jpg","type":"image\/jpeg"}],"twitter_card":"summary_large_image","twitter_misc":{"Est. reading time":"2 minut\u0117s"},"schema":{"@context":"https:\/\/schema.org","@graph":[{"@type":"WebPage","@id":"https:\/\/idcolor.ee\/lt\/produktas\/k18-peptide-prep-giluminio-plovimo-sampunas\/","url":"https:\/\/idcolor.ee\/lt\/produktas\/k18-peptide-prep-giluminio-plovimo-sampunas\/","name":"K18 PEPTIDE PREP\u2122 giluminio plovimo \u0161amp\u016bnas - iD Color","isPartOf":{"@id":"https:\/\/idcolor.ee\/lt\/#website"},"primaryImageOfPage":{"@id":"https:\/\/idcolor.ee\/lt\/produktas\/k18-peptide-prep-giluminio-plovimo-sampunas\/#primaryimage"},"image":{"@id":"https:\/\/idcolor.ee\/lt\/produktas\/k18-peptide-prep-giluminio-plovimo-sampunas\/#primaryimage"},"thumbnailUrl":"https:\/\/idcolor.ee\/wp-content\/uploads\/2022\/06\/K18_PeptidePrep_DetoxShampoo_Retail.jpg","datePublished":"2022-06-13T12:10:35+00:00","dateModified":"2024-05-29T07:56:29+00:00","description":"Veiksmingai pa\u0161alina susikaupusias apna\u0161as nepa\u017eeisdamas da\u017e\u0173.","breadcrumb":{"@id":"https:\/\/idcolor.ee\/lt\/produktas\/k18-peptide-prep-giluminio-plovimo-sampunas\/#breadcrumb"},"inLanguage":"lt-LT","potentialAction":[{"@type":"ReadAction","target":["https:\/\/idcolor.ee\/lt\/produktas\/k18-peptide-prep-giluminio-plovimo-sampunas\/"]}]},{"@type":"ImageObject","inLanguage":"lt-LT","@id":"https:\/\/idcolor.ee\/lt\/produktas\/k18-peptide-prep-giluminio-plovimo-sampunas\/#primaryimage","url":"https:\/\/idcolor.ee\/wp-content\/uploads\/2022\/06\/K18_PeptidePrep_DetoxShampoo_Retail.jpg","contentUrl":"https:\/\/idcolor.ee\/wp-content\/uploads\/2022\/06\/K18_PeptidePrep_DetoxShampoo_Retail.jpg","width":1080,"height":1080},{"@type":"BreadcrumbList","@id":"https:\/\/idcolor.ee\/lt\/produktas\/k18-peptide-prep-giluminio-plovimo-sampunas\/#breadcrumb","itemListElement":[{"@type":"ListItem","position":1,"name":"Home","item":"https:\/\/idcolor.ee\/lt\/namai\/"},{"@type":"ListItem","position":2,"name":"Parduotuv\u0117","item":"https:\/\/idcolor.ee\/lt\/shop-2\/"},{"@type":"ListItem","position":3,"name":"K18 PEPTIDE PREP\u2122 giluminio plovimo \u0161amp\u016bnas"}]},{"@type":"WebSite","@id":"https:\/\/idcolor.ee\/lt\/#website","url":"https:\/\/idcolor.ee\/lt\/","name":"iD Color","description":"Hair care products","publisher":{"@id":"https:\/\/idcolor.ee\/lt\/#organization"},"potentialAction":[{"@type":"SearchAction","target":{"@type":"EntryPoint","urlTemplate":"https:\/\/idcolor.ee\/lt\/?s={search_term_string}"},"query-input":{"@type":"PropertyValueSpecification","valueRequired":true,"valueName":"search_term_string"}}],"inLanguage":"lt-LT"},{"@type":"Organization","@id":"https:\/\/idcolor.ee\/lt\/#organization","name":"iD Color O\u00dc","url":"https:\/\/idcolor.ee\/lt\/","logo":{"@type":"ImageObject","inLanguage":"lt-LT","@id":"https:\/\/idcolor.ee\/lt\/#\/schema\/logo\/image\/","url":"https:\/\/idcolor.ee\/wp-content\/uploads\/2022\/01\/IDColor_Logo_1000.png","contentUrl":"https:\/\/idcolor.ee\/wp-content\/uploads\/2022\/01\/IDColor_Logo_1000.png","width":1001,"height":354,"caption":"iD Color O\u00dc"},"image":{"@id":"https:\/\/idcolor.ee\/lt\/#\/schema\/logo\/image\/"}}]}},"_links":{"self":[{"href":"https:\/\/idcolor.ee\/lt\/wp-json\/wp\/v2\/product\/5740","targetHints":{"allow":["GET"]}}],"collection":[{"href":"https:\/\/idcolor.ee\/lt\/wp-json\/wp\/v2\/product"}],"about":[{"href":"https:\/\/idcolor.ee\/lt\/wp-json\/wp\/v2\/types\/product"}],"wp:featuredmedia":[{"embeddable":true,"href":"https:\/\/idcolor.ee\/lt\/wp-json\/wp\/v2\/media\/5680"}],"wp:attachment":[{"href":"https:\/\/idcolor.ee\/lt\/wp-json\/wp\/v2\/media?parent=5740"}],"wp:term":[{"taxonomy":"product_brand","embeddable":true,"href":"https:\/\/idcolor.ee\/lt\/wp-json\/wp\/v2\/product_brand?post=5740"},{"taxonomy":"product_cat","embeddable":true,"href":"https:\/\/idcolor.ee\/lt\/wp-json\/wp\/v2\/product_cat?post=5740"},{"taxonomy":"product_tag","embeddable":true,"href":"https:\/\/idcolor.ee\/lt\/wp-json\/wp\/v2\/product_tag?post=5740"}],"curies":[{"name":"wp","href":"https:\/\/api.w.org\/{rel}","templated":true}]}}