{"id":5741,"date":"2022-01-07T17:56:13","date_gmt":"2022-01-07T15:56:13","guid":{"rendered":"https:\/\/idcolor.ee\/product\/mystardust-svytejimo-purskalas\/"},"modified":"2023-04-13T16:24:17","modified_gmt":"2023-04-13T13:24:17","slug":"mystardust-svytejimo-purskalas","status":"publish","type":"product","link":"https:\/\/idcolor.ee\/lt\/produktas\/mystardust-svytejimo-purskalas\/","title":{"rendered":"#MyStardust \u0161vyt\u0117jimo pur\u0161kalas"},"content":{"rendered":"<div class=\"wpb-content-wrapper\"><p>[vc_row][vc_column][vc_row_inner][vc_column_inner width=&#8221;1\/4&#8243; css=&#8221;.vc_custom_1643100113825{padding-right: 20% !important;}&#8221; offset=&#8221;vc_hidden-sm vc_hidden-xs&#8221;][vc_single_image image=&#8221;4772&#8243; img_size=&#8221;full&#8221;][vc_empty_space height=&#8221;20px&#8221;][\/vc_column_inner][vc_column_inner width=&#8221;3\/4&#8243; offset=&#8221;vc_hidden-lg vc_hidden-md&#8221; css=&#8221;.vc_custom_1643102057386{padding-right: 50% !important;}&#8221;][vc_single_image image=&#8221;4772&#8243; img_size=&#8221;full&#8221;][vc_empty_space height=&#8221;20px&#8221;][\/vc_column_inner][\/vc_row_inner]<div class=\"nasa-title clearfix nasa-t hr-type-none\"><h4 class=\"nasa-heading-title\"><span class=\"nasa-title-wrap\"><span style=\"color: #5a2169;\">#MyStardust \u0161vyt\u0117jimo pur\u0161kalas | 162 ml<\/span><\/span><\/h4><p class=\"nasa-title-desc\" style=\"color: #5a2169;\">LENGVAS, PUR\u0160KIAMAS ITIN SMULKIAIS LA\u0160ELIAIS<\/p><\/div>[vc_empty_space height=&#8221;20px&#8221;][vc_separator][vc_empty_space height=&#8221;20px&#8221;][vc_column_text]<strong>Gaminio apra\u0161ymas<\/strong><\/p>\n<p>\u2022 <strong>Lengvas, pur\u0161kiamas itin smulkiais la\u0161eliais<\/strong>, suteikia garbanoms mink\u0161t\u0105 purum\u0105 ir <strong>stipr\u0173 \u0161vyt\u0117jim\u0105.<\/strong><br \/>\n\u2022 Sud\u0117tyje esantis <strong>arb\u016bz\u0173 ekstraktas<\/strong> <strong>u\u017etikrina gra\u017e\u0173 \u017evilges\u012f.<\/strong><br \/>\n\u2022 <strong>Suma\u017eina plauk\u0173 garbanojim\u0105si ir \u0161iau\u0161im\u0105si<\/strong>, ta\u010diau i\u0161laiko \u0161ukuosenos purum\u0105.<br \/>\n\u2022 <strong>Dr\u0117kina<\/strong>, mink\u0161tina ir puosel\u0117ja plaukus.<br \/>\n\u2022 FANTASTINIS VY\u0160NI\u0172 \u017dIED\u0172 AROMATAS![\/vc_column_text][vc_empty_space height=&#8221;25px&#8221;][vc_column_text css=&#8221;.vc_custom_1641571129619{border-top-width: 1px !important;border-right-width: 1px !important;border-bottom-width: 1px !important;border-left-width: 1px !important;padding-top: 10px !important;padding-right: 10px !important;padding-bottom: 10px !important;padding-left: 10px !important;background-color: rgba(90,33,105,0.1) !important;*background-color: rgb(90,33,105) !important;border-left-color: #5a2169 !important;border-left-style: solid !important;border-right-color: #5a2169 !important;border-right-style: solid !important;border-top-color: #5a2169 !important;border-top-style: solid !important;border-bottom-color: #5a2169 !important;border-bottom-style: solid !important;border-radius: 1px !important;}&#8221;]<span style=\"color: #5a2169;\"><strong>#Guy Tang Tip:<\/strong> suteik\u0119s \u0161ukuosenai purumo, m\u0117gstu \u0161iuo laku bangomis apipurk\u0161ti plaukus, tuomet jie gauna fantastin\u012f \u017evilges\u012f.<\/span>[\/vc_column_text][vc_empty_space height=&#8221;35px&#8221;][vc_column_text]<strong>Naudojimas:<\/strong><\/p>\n<p>Purk\u0161kite ant saus\u0173 plauk\u0173 20 cm atstumu.[\/vc_column_text][vc_empty_space height=&#8221;25px&#8221;][vc_separator][vc_empty_space height=&#8221;20px&#8221;][vc_column_text]<strong>Saugos reikalavimai<\/strong><\/p>\n<p>\u012eSP\u0116JIMAS. DEGUS. Sl\u0117gio veikiamas turinys. Neperdurkite ir nedeginkite pakuot\u0117s, nelaikykite auk\u0161tesn\u0117je nei 50 \u00b0C temperat\u016broje. Nenaudokite esant atvirai liepsnai ar kibirk\u0161\u010diai. Laikykite vaikams nepasiekiamoje ir neprieinamoje vietoje. Jei atsiranda nepageidaujam\u0173 odos ar galvos odos reakcij\u0173, nutraukite vartojim\u0105 ir kreipkit\u0117s \u012f gydytoj\u0105. Patekus \u012f akis, plaukite jas vandeniu 15 minu\u010di\u0173. Jei problema i\u0161lieka, kreipkit\u0117s \u012f gydytoj\u0105.[\/vc_column_text][vc_empty_space height=&#8221;25px&#8221;][vc_separator][vc_empty_space height=&#8221;15px&#8221;]<div class=\"nasa-title clearfix nasa-t hr-type-none\"><h4 class=\"nasa-heading-title\"><span class=\"nasa-title-wrap\"><span style=\"color: #5a2169;\">Plauk\u0173 stilistas rekomenduoja<\/span><\/span><\/h4><\/div>            <div class=\"nasa-sc products woocommerce\">\r\n                <div class=\"row nasa-row-child-clear-none mobile-padding-left-5 mobile-padding-right-5\"><div class=\"product-warp-item columns large-3 medium-4 small-6 nasa-modern-6\">\r\n<div class=\"product type-product post-5743 status-publish first instock product_cat-mydentity-lt product_cat-formavimas has-post-thumbnail taxable shipping-taxable purchasable product-type-simple product-item grid\">\r\n\r\n    \r\n    <div class=\"product-img-wrap\">\r\n        <div class=\"nasa-sc-pdeal-countdown hidden-tag\"><\/div><div class=\"nasa-product-grid nasa-group-btns nasa-btns-product-item\"><a href=\"\/lt\/wp-json\/wp\/v2\/product\/5741?add-to-cart=5743\" aria-describedby=\"woocommerce_loop_add_to_cart_link_describedby_5743\" data-quantity=\"1\" class=\"button product_type_simple add_to_cart_button ajax_add_to_cart add-to-cart-grid btn-link nasa-tip\" data-product_id=\"5743\" data-product_sku=\"014926411215\" aria-label=\"Add to cart: &ldquo;#MyControl vidutinio stiprumo plauk\u0173 lakas&rdquo;\" rel=\"nofollow\" data-success_message=\"&ldquo;#MyControl vidutinio stiprumo plauk\u0173 lakas&rdquo; has been added to your cart\" title=\"\u012e krep\u0161el\u012f\" role=\"button\"><span class=\"add_to_cart_text\">\u012e krep\u0161el\u012f<\/span><span class=\"nasa-icon cart-icon nasa-flex jc\"><svg width=\"20\" height=\"20\" viewBox=\"0 0 32 32\" fill=\"currentColor\"><path d=\"M3.205 3.205v25.59h25.59v-25.59h-25.59zM27.729 27.729h-23.457v-23.457h23.457v23.457z\" \/><path d=\"M9.068 13.334c0 3.828 3.104 6.931 6.931 6.931s6.93-3.102 6.93-6.931v-3.732h1.067v-1.066h-3.199v1.066h1.065v3.732c0 3.234-2.631 5.864-5.864 5.864-3.234 0-5.865-2.631-5.865-5.864v-3.732h1.067v-1.066h-3.199v1.066h1.065v3.732z\"\/><\/svg><\/span><\/a>\r\n            <a href=\"javascript:void(0);\" class=\"btn-wishlist btn-link wishlist-icon btn-nasa-wishlist nasa-tip nasa-tip-left\" data-prod=\"5743\" data-prod_type=\"simple\" data-icon-text=\"Add to Wishlist\" data-added=\"Added to Wishlist\" title=\"Nor\u0173 s\u0105ra\u0161as\" rel=\"nofollow\">\r\n                <svg class=\"nasa-icon ns-stroke\" width=\"20\" height=\"20\" viewBox=\"0 0 32 32\">\r\n                <path d=\"M21.886 5.115c3.521 0 6.376 2.855 6.376 6.376 0 1.809-0.754 3.439-1.964 4.6l-10.297 10.349-10.484-10.536c-1.1-1.146-1.778-2.699-1.778-4.413 0-3.522 2.855-6.376 6.376-6.376 2.652 0 4.925 1.62 5.886 3.924 0.961-2.304 3.234-3.924 5.886-3.924zM21.886 4.049c-2.345 0-4.499 1.089-5.886 2.884-1.386-1.795-3.54-2.884-5.886-2.884-4.104 0-7.442 3.339-7.442 7.442 0 1.928 0.737 3.758 2.075 5.152l11.253 11.309 11.053-11.108c1.46-1.402 2.275-3.308 2.275-5.352 0-4.104-3.339-7.442-7.442-7.442v0z\" fill=\"currentColor\" \/>\r\n            <\/svg>                <svg  class=\"nasa-icon ns-filled\" width=\"20\" height=\"20\" viewBox=\"0 0 28 32\">\r\n                <path d=\"M19.886 4.049c-2.345 0-4.499 1.089-5.886 2.884-1.386-1.795-3.54-2.884-5.886-2.884-4.104 0-7.442 3.339-7.442 7.442 0 1.928 0.737 3.758 2.075 5.152l11.253 11.309 11.053-11.108c1.46-1.402 2.275-3.308 2.275-5.352 0-4.104-3.339-7.442-7.442-7.442z\" fill=\"currentColor\" \/>\r\n            <\/svg>            <\/a>\r\n\r\n            <a href=\"javascript:void(0);\" class=\"quick-view btn-link quick-view-icon nasa-tip nasa-tip-left\" data-prod=\"5743\" data-icon-text=\"Greita per\u017ei\u016bra\" title=\"Greita per\u017ei\u016bra\" data-product_type=\"simple\" data-href=\"https:\/\/idcolor.ee\/lt\/produktas\/mycontrol-vidutinio-stiprumo-plauku-lakas\/\" rel=\"nofollow\"><svg  class=\"nasa-icon\" width=\"20\" height=\"36\" viewBox=\"0 0 32 32\" fill=\"currentColor\"><path d=\"M16 6.404c-5.847 0-10.404 3.66-15.994 9.593 4.816 5.073 8.857 9.6 15.994 9.6s12.382-5.73 15.994-9.492c-3.697-4.407-8.943-9.7-15.994-9.7zM16 24.53c-6.336 0-10.16-3.929-14.524-8.532 5.192-5.414 9.32-8.527 14.524-8.527 6.161 0 10.975 4.443 14.558 8.591-3.523 3.674-8.293 8.469-14.558 8.469z\" \/><path d=\"M16 9.603c-3.528 0-6.398 2.87-6.398 6.397s2.87 6.397 6.398 6.397 6.398-2.87 6.398-6.397-2.87-6.397-6.398-6.397zM16 21.331c-2.939 0-5.331-2.391-5.331-5.331s2.392-5.331 5.331-5.331 5.331 2.391 5.331 5.331c0 2.939-2.392 5.331-5.331 5.331z\" \/><path d=\"M16 12.268c-2.058 0-3.732 1.674-3.732 3.732s1.674 3.732 3.732 3.732c2.058 0 3.732-1.674 3.732-3.732s-1.674-3.732-3.732-3.732zM16 18.666c-1.47 0-2.666-1.196-2.666-2.666s1.196-2.666 2.666-2.666 2.666 1.196 2.666 2.666c0 1.47-1.196 2.666-2.666 2.666z\" \/><\/svg><\/a><\/div>\r\n\r\n<a class=\"product-img nasa-no-effect\" href=\"https:\/\/idcolor.ee\/lt\/produktas\/mycontrol-vidutinio-stiprumo-plauku-lakas\/\" title=\"#MyControl vidutinio stiprumo plauk\u0173 lakas\">\r\n    <div class=\"main-img\">\r\n        <img loading=\"lazy\" decoding=\"async\" width=\"450\" height=\"450\" src=\"https:\/\/idcolor.ee\/wp-content\/uploads\/2022\/01\/MyControl_Spray-450x450.jpg\" class=\"attachment-woocommerce_thumbnail size-woocommerce_thumbnail\" alt=\"#MyControl vidutinio stiprumo plauk\u0173 lakas\" srcset=\"https:\/\/idcolor.ee\/wp-content\/uploads\/2022\/01\/MyControl_Spray-450x450.jpg 450w, https:\/\/idcolor.ee\/wp-content\/uploads\/2022\/01\/MyControl_Spray-300x300.jpg 300w, https:\/\/idcolor.ee\/wp-content\/uploads\/2022\/01\/MyControl_Spray-595x595.jpg 595w, https:\/\/idcolor.ee\/wp-content\/uploads\/2022\/01\/MyControl_Spray-150x150.jpg 150w, https:\/\/idcolor.ee\/wp-content\/uploads\/2022\/01\/MyControl_Spray-768x768.jpg 768w, https:\/\/idcolor.ee\/wp-content\/uploads\/2022\/01\/MyControl_Spray-380x380.jpg 380w, https:\/\/idcolor.ee\/wp-content\/uploads\/2022\/01\/MyControl_Spray-100x100.jpg 100w, https:\/\/idcolor.ee\/wp-content\/uploads\/2022\/01\/MyControl_Spray.jpg 1080w\" sizes=\"auto, (max-width: 450px) 100vw, 450px\" \/>    <\/div>\r\n\r\n    <\/a>\r\n    <\/div>\r\n\r\n    <div class=\"product-info-wrap info\">\r\n        \r\n        <a class=\"name nasa-bold woocommerce-loop-product__title\" href=\"https:\/\/idcolor.ee\/lt\/produktas\/mycontrol-vidutinio-stiprumo-plauku-lakas\/\" title=\"#MyControl vidutinio stiprumo plauk\u0173 lakas\">\r\n            #MyControl vidutinio stiprumo plauk\u0173 lakas        <\/a>\r\n                \n\t<span class=\"price\"><span class=\"woocommerce-Price-amount amount\"><bdi>24,00&nbsp;<span class=\"woocommerce-Price-currencySymbol\">&euro;<\/span><\/bdi><\/span><\/span>\n    <\/div>\r\n\r\n    \r\n<\/div>\r\n\r\n<\/div><\/div>            <\/div>\r\n            [\/vc_column][\/vc_row]<\/p>\n<\/div>","protected":false},"excerpt":{"rendered":"<h5><strong>162 ml<\/strong><\/h5>\n<p>Lengvas, pur\u0161kiamas itin smulkiais la\u0161eliais, suteikia plaukams \u0161vyt\u0117jimo. Ma\u017eina plauk\u0173 garbanojim\u0105si ir \u0161iau\u0161im\u0105si, ta\u010diau i\u0161laiko \u0161ukuosenos purum\u0105.<\/p>\n","protected":false},"featured_media":4744,"template":"","meta":[],"product_brand":[],"product_cat":[236,270],"product_tag":[],"class_list":{"0":"post-5741","1":"product","2":"type-product","3":"status-publish","4":"has-post-thumbnail","6":"product_cat-mydentity-lt","7":"product_cat-formavimas","9":"","10":"instock","11":"taxable","12":"shipping-taxable","13":"purchasable","14":"product-type-simple"},"yoast_head":"<!-- This site is optimized with the Yoast SEO plugin v27.4 - https:\/\/yoast.com\/product\/yoast-seo-wordpress\/ -->\n<title>MyDentity #MyStardust \u0161vyt\u0117jimo pur\u0161kalas - iD Color<\/title>\n<meta name=\"description\" content=\"Lengvas, pur\u0161kiamas itin smulkiais la\u0161eliais, suteikia plaukams \u0161vyt\u0117jimo. Ma\u017eina plauk\u0173 garbanojim\u0105si ir \u0161iau\u0161im\u0105si, ta\u010diau i\u0161laiko \u0161ukuosenos purum\u0105.\" \/>\n<meta name=\"robots\" content=\"index, follow, max-snippet:-1, max-image-preview:large, max-video-preview:-1\" \/>\n<link rel=\"canonical\" href=\"https:\/\/idcolor.ee\/lt\/produktas\/mystardust-svytejimo-purskalas\/\" \/>\n<meta property=\"og:locale\" content=\"lt_LT\" \/>\n<meta property=\"og:type\" content=\"article\" \/>\n<meta property=\"og:title\" content=\"MyDentity #MyStardust \u0161vyt\u0117jimo pur\u0161kalas - iD Color\" \/>\n<meta property=\"og:description\" content=\"Lengvas, pur\u0161kiamas itin smulkiais la\u0161eliais, suteikia plaukams \u0161vyt\u0117jimo. Ma\u017eina plauk\u0173 garbanojim\u0105si ir \u0161iau\u0161im\u0105si, ta\u010diau i\u0161laiko \u0161ukuosenos purum\u0105.\" \/>\n<meta property=\"og:url\" content=\"https:\/\/idcolor.ee\/lt\/produktas\/mystardust-svytejimo-purskalas\/\" \/>\n<meta property=\"og:site_name\" content=\"iD Color\" \/>\n<meta property=\"article:modified_time\" content=\"2023-04-13T13:24:17+00:00\" \/>\n<meta property=\"og:image\" content=\"https:\/\/idcolor.ee\/wp-content\/uploads\/2022\/01\/MyStardust_Spray.jpg\" \/>\n\t<meta property=\"og:image:width\" content=\"1080\" \/>\n\t<meta property=\"og:image:height\" content=\"1080\" \/>\n\t<meta property=\"og:image:type\" content=\"image\/jpeg\" \/>\n<meta name=\"twitter:card\" content=\"summary_large_image\" \/>\n<meta name=\"twitter:label1\" content=\"Est. reading time\" \/>\n\t<meta name=\"twitter:data1\" content=\"2 minut\u0117s\" \/>\n<script type=\"application\/ld+json\" class=\"yoast-schema-graph\">{\"@context\":\"https:\\\/\\\/schema.org\",\"@graph\":[{\"@type\":\"WebPage\",\"@id\":\"https:\\\/\\\/idcolor.ee\\\/lt\\\/produktas\\\/mystardust-svytejimo-purskalas\\\/\",\"url\":\"https:\\\/\\\/idcolor.ee\\\/lt\\\/produktas\\\/mystardust-svytejimo-purskalas\\\/\",\"name\":\"MyDentity #MyStardust \u0161vyt\u0117jimo pur\u0161kalas - iD Color\",\"isPartOf\":{\"@id\":\"https:\\\/\\\/idcolor.ee\\\/lt\\\/#website\"},\"primaryImageOfPage\":{\"@id\":\"https:\\\/\\\/idcolor.ee\\\/lt\\\/produktas\\\/mystardust-svytejimo-purskalas\\\/#primaryimage\"},\"image\":{\"@id\":\"https:\\\/\\\/idcolor.ee\\\/lt\\\/produktas\\\/mystardust-svytejimo-purskalas\\\/#primaryimage\"},\"thumbnailUrl\":\"https:\\\/\\\/idcolor.ee\\\/wp-content\\\/uploads\\\/2022\\\/01\\\/MyStardust_Spray.jpg\",\"datePublished\":\"2022-01-07T15:56:13+00:00\",\"dateModified\":\"2023-04-13T13:24:17+00:00\",\"description\":\"Lengvas, pur\u0161kiamas itin smulkiais la\u0161eliais, suteikia plaukams \u0161vyt\u0117jimo. Ma\u017eina plauk\u0173 garbanojim\u0105si ir \u0161iau\u0161im\u0105si, ta\u010diau i\u0161laiko \u0161ukuosenos purum\u0105.\",\"breadcrumb\":{\"@id\":\"https:\\\/\\\/idcolor.ee\\\/lt\\\/produktas\\\/mystardust-svytejimo-purskalas\\\/#breadcrumb\"},\"inLanguage\":\"lt-LT\",\"potentialAction\":[{\"@type\":\"ReadAction\",\"target\":[\"https:\\\/\\\/idcolor.ee\\\/lt\\\/produktas\\\/mystardust-svytejimo-purskalas\\\/\"]}]},{\"@type\":\"ImageObject\",\"inLanguage\":\"lt-LT\",\"@id\":\"https:\\\/\\\/idcolor.ee\\\/lt\\\/produktas\\\/mystardust-svytejimo-purskalas\\\/#primaryimage\",\"url\":\"https:\\\/\\\/idcolor.ee\\\/wp-content\\\/uploads\\\/2022\\\/01\\\/MyStardust_Spray.jpg\",\"contentUrl\":\"https:\\\/\\\/idcolor.ee\\\/wp-content\\\/uploads\\\/2022\\\/01\\\/MyStardust_Spray.jpg\",\"width\":1080,\"height\":1080},{\"@type\":\"BreadcrumbList\",\"@id\":\"https:\\\/\\\/idcolor.ee\\\/lt\\\/produktas\\\/mystardust-svytejimo-purskalas\\\/#breadcrumb\",\"itemListElement\":[{\"@type\":\"ListItem\",\"position\":1,\"name\":\"Home\",\"item\":\"https:\\\/\\\/idcolor.ee\\\/lt\\\/namai\\\/\"},{\"@type\":\"ListItem\",\"position\":2,\"name\":\"Parduotuv\u0117\",\"item\":\"https:\\\/\\\/idcolor.ee\\\/lt\\\/shop-2\\\/\"},{\"@type\":\"ListItem\",\"position\":3,\"name\":\"#MyStardust \u0161vyt\u0117jimo pur\u0161kalas\"}]},{\"@type\":\"WebSite\",\"@id\":\"https:\\\/\\\/idcolor.ee\\\/lt\\\/#website\",\"url\":\"https:\\\/\\\/idcolor.ee\\\/lt\\\/\",\"name\":\"iD Color\",\"description\":\"Hair care products\",\"publisher\":{\"@id\":\"https:\\\/\\\/idcolor.ee\\\/lt\\\/#organization\"},\"potentialAction\":[{\"@type\":\"SearchAction\",\"target\":{\"@type\":\"EntryPoint\",\"urlTemplate\":\"https:\\\/\\\/idcolor.ee\\\/lt\\\/?s={search_term_string}\"},\"query-input\":{\"@type\":\"PropertyValueSpecification\",\"valueRequired\":true,\"valueName\":\"search_term_string\"}}],\"inLanguage\":\"lt-LT\"},{\"@type\":\"Organization\",\"@id\":\"https:\\\/\\\/idcolor.ee\\\/lt\\\/#organization\",\"name\":\"iD Color O\u00dc\",\"url\":\"https:\\\/\\\/idcolor.ee\\\/lt\\\/\",\"logo\":{\"@type\":\"ImageObject\",\"inLanguage\":\"lt-LT\",\"@id\":\"https:\\\/\\\/idcolor.ee\\\/lt\\\/#\\\/schema\\\/logo\\\/image\\\/\",\"url\":\"https:\\\/\\\/idcolor.ee\\\/wp-content\\\/uploads\\\/2022\\\/01\\\/IDColor_Logo_1000.png\",\"contentUrl\":\"https:\\\/\\\/idcolor.ee\\\/wp-content\\\/uploads\\\/2022\\\/01\\\/IDColor_Logo_1000.png\",\"width\":1001,\"height\":354,\"caption\":\"iD Color O\u00dc\"},\"image\":{\"@id\":\"https:\\\/\\\/idcolor.ee\\\/lt\\\/#\\\/schema\\\/logo\\\/image\\\/\"}}]}<\/script>\n<!-- \/ Yoast SEO plugin. -->","yoast_head_json":{"title":"MyDentity #MyStardust \u0161vyt\u0117jimo pur\u0161kalas - iD Color","description":"Lengvas, pur\u0161kiamas itin smulkiais la\u0161eliais, suteikia plaukams \u0161vyt\u0117jimo. Ma\u017eina plauk\u0173 garbanojim\u0105si ir \u0161iau\u0161im\u0105si, ta\u010diau i\u0161laiko \u0161ukuosenos purum\u0105.","robots":{"index":"index","follow":"follow","max-snippet":"max-snippet:-1","max-image-preview":"max-image-preview:large","max-video-preview":"max-video-preview:-1"},"canonical":"https:\/\/idcolor.ee\/lt\/produktas\/mystardust-svytejimo-purskalas\/","og_locale":"lt_LT","og_type":"article","og_title":"MyDentity #MyStardust \u0161vyt\u0117jimo pur\u0161kalas - iD Color","og_description":"Lengvas, pur\u0161kiamas itin smulkiais la\u0161eliais, suteikia plaukams \u0161vyt\u0117jimo. Ma\u017eina plauk\u0173 garbanojim\u0105si ir \u0161iau\u0161im\u0105si, ta\u010diau i\u0161laiko \u0161ukuosenos purum\u0105.","og_url":"https:\/\/idcolor.ee\/lt\/produktas\/mystardust-svytejimo-purskalas\/","og_site_name":"iD Color","article_modified_time":"2023-04-13T13:24:17+00:00","og_image":[{"width":1080,"height":1080,"url":"https:\/\/idcolor.ee\/wp-content\/uploads\/2022\/01\/MyStardust_Spray.jpg","type":"image\/jpeg"}],"twitter_card":"summary_large_image","twitter_misc":{"Est. reading time":"2 minut\u0117s"},"schema":{"@context":"https:\/\/schema.org","@graph":[{"@type":"WebPage","@id":"https:\/\/idcolor.ee\/lt\/produktas\/mystardust-svytejimo-purskalas\/","url":"https:\/\/idcolor.ee\/lt\/produktas\/mystardust-svytejimo-purskalas\/","name":"MyDentity #MyStardust \u0161vyt\u0117jimo pur\u0161kalas - iD Color","isPartOf":{"@id":"https:\/\/idcolor.ee\/lt\/#website"},"primaryImageOfPage":{"@id":"https:\/\/idcolor.ee\/lt\/produktas\/mystardust-svytejimo-purskalas\/#primaryimage"},"image":{"@id":"https:\/\/idcolor.ee\/lt\/produktas\/mystardust-svytejimo-purskalas\/#primaryimage"},"thumbnailUrl":"https:\/\/idcolor.ee\/wp-content\/uploads\/2022\/01\/MyStardust_Spray.jpg","datePublished":"2022-01-07T15:56:13+00:00","dateModified":"2023-04-13T13:24:17+00:00","description":"Lengvas, pur\u0161kiamas itin smulkiais la\u0161eliais, suteikia plaukams \u0161vyt\u0117jimo. Ma\u017eina plauk\u0173 garbanojim\u0105si ir \u0161iau\u0161im\u0105si, ta\u010diau i\u0161laiko \u0161ukuosenos purum\u0105.","breadcrumb":{"@id":"https:\/\/idcolor.ee\/lt\/produktas\/mystardust-svytejimo-purskalas\/#breadcrumb"},"inLanguage":"lt-LT","potentialAction":[{"@type":"ReadAction","target":["https:\/\/idcolor.ee\/lt\/produktas\/mystardust-svytejimo-purskalas\/"]}]},{"@type":"ImageObject","inLanguage":"lt-LT","@id":"https:\/\/idcolor.ee\/lt\/produktas\/mystardust-svytejimo-purskalas\/#primaryimage","url":"https:\/\/idcolor.ee\/wp-content\/uploads\/2022\/01\/MyStardust_Spray.jpg","contentUrl":"https:\/\/idcolor.ee\/wp-content\/uploads\/2022\/01\/MyStardust_Spray.jpg","width":1080,"height":1080},{"@type":"BreadcrumbList","@id":"https:\/\/idcolor.ee\/lt\/produktas\/mystardust-svytejimo-purskalas\/#breadcrumb","itemListElement":[{"@type":"ListItem","position":1,"name":"Home","item":"https:\/\/idcolor.ee\/lt\/namai\/"},{"@type":"ListItem","position":2,"name":"Parduotuv\u0117","item":"https:\/\/idcolor.ee\/lt\/shop-2\/"},{"@type":"ListItem","position":3,"name":"#MyStardust \u0161vyt\u0117jimo pur\u0161kalas"}]},{"@type":"WebSite","@id":"https:\/\/idcolor.ee\/lt\/#website","url":"https:\/\/idcolor.ee\/lt\/","name":"iD Color","description":"Hair care products","publisher":{"@id":"https:\/\/idcolor.ee\/lt\/#organization"},"potentialAction":[{"@type":"SearchAction","target":{"@type":"EntryPoint","urlTemplate":"https:\/\/idcolor.ee\/lt\/?s={search_term_string}"},"query-input":{"@type":"PropertyValueSpecification","valueRequired":true,"valueName":"search_term_string"}}],"inLanguage":"lt-LT"},{"@type":"Organization","@id":"https:\/\/idcolor.ee\/lt\/#organization","name":"iD Color O\u00dc","url":"https:\/\/idcolor.ee\/lt\/","logo":{"@type":"ImageObject","inLanguage":"lt-LT","@id":"https:\/\/idcolor.ee\/lt\/#\/schema\/logo\/image\/","url":"https:\/\/idcolor.ee\/wp-content\/uploads\/2022\/01\/IDColor_Logo_1000.png","contentUrl":"https:\/\/idcolor.ee\/wp-content\/uploads\/2022\/01\/IDColor_Logo_1000.png","width":1001,"height":354,"caption":"iD Color O\u00dc"},"image":{"@id":"https:\/\/idcolor.ee\/lt\/#\/schema\/logo\/image\/"}}]}},"_links":{"self":[{"href":"https:\/\/idcolor.ee\/lt\/wp-json\/wp\/v2\/product\/5741","targetHints":{"allow":["GET"]}}],"collection":[{"href":"https:\/\/idcolor.ee\/lt\/wp-json\/wp\/v2\/product"}],"about":[{"href":"https:\/\/idcolor.ee\/lt\/wp-json\/wp\/v2\/types\/product"}],"wp:featuredmedia":[{"embeddable":true,"href":"https:\/\/idcolor.ee\/lt\/wp-json\/wp\/v2\/media\/4744"}],"wp:attachment":[{"href":"https:\/\/idcolor.ee\/lt\/wp-json\/wp\/v2\/media?parent=5741"}],"wp:term":[{"taxonomy":"product_brand","embeddable":true,"href":"https:\/\/idcolor.ee\/lt\/wp-json\/wp\/v2\/product_brand?post=5741"},{"taxonomy":"product_cat","embeddable":true,"href":"https:\/\/idcolor.ee\/lt\/wp-json\/wp\/v2\/product_cat?post=5741"},{"taxonomy":"product_tag","embeddable":true,"href":"https:\/\/idcolor.ee\/lt\/wp-json\/wp\/v2\/product_tag?post=5741"}],"curies":[{"name":"wp","href":"https:\/\/api.w.org\/{rel}","templated":true}]}}