{"id":5742,"date":"2022-01-07T17:46:35","date_gmt":"2022-01-07T15:46:35","guid":{"rendered":"https:\/\/idcolor.ee\/product\/myhairlube-plauku-formavimo-aliejus\/"},"modified":"2023-04-13T16:32:51","modified_gmt":"2023-04-13T13:32:51","slug":"myhairlube-plauku-formavimo-aliejus","status":"publish","type":"product","link":"https:\/\/idcolor.ee\/lt\/produktas\/myhairlube-plauku-formavimo-aliejus\/","title":{"rendered":"#MyHairLube plauk\u0173 formavimo aliejus"},"content":{"rendered":"<div class=\"wpb-content-wrapper\"><p>[vc_row][vc_column][vc_row_inner][vc_column_inner width=&#8221;1\/4&#8243; css=&#8221;.vc_custom_1643100113825{padding-right: 20% !important;}&#8221; offset=&#8221;vc_hidden-sm vc_hidden-xs&#8221;][vc_single_image image=&#8221;4772&#8243; img_size=&#8221;full&#8221;][vc_empty_space height=&#8221;20px&#8221;][\/vc_column_inner][vc_column_inner width=&#8221;3\/4&#8243; offset=&#8221;vc_hidden-lg vc_hidden-md&#8221; css=&#8221;.vc_custom_1643102057386{padding-right: 50% !important;}&#8221;][vc_single_image image=&#8221;4772&#8243; img_size=&#8221;full&#8221;][vc_empty_space height=&#8221;20px&#8221;][\/vc_column_inner][\/vc_row_inner]<div class=\"nasa-title clearfix nasa-t hr-type-none\"><h4 class=\"nasa-heading-title\"><span class=\"nasa-title-wrap\"><span style=\"color: #5a2169;\">#MyHairLube plauk\u0173 formavimo aliejus | 88 ml<\/span><\/span><\/h4><p class=\"nasa-title-desc\" style=\"color: #5a2169;\">PADEDA I\u0160VENGTI GARBANOJIMOSI IR \u0160IAU\u0160IMOSI<\/p><\/div>[vc_empty_space height=&#8221;20px&#8221;][vc_separator][vc_empty_space height=&#8221;20px&#8221;][vc_column_text]<strong>Gaminio apra\u0161ymas<\/strong><\/p>\n<p>\u2022 <strong>Padeda i\u0161vengti garbanojimosi ir \u0161iau\u0161imosi po<\/strong> d\u017eiovinimo fenu.<br \/>\n\u2022 <strong>Suma\u017eina plauk\u0173 l\u016b\u017ein\u0117jim\u0105 net 98%<\/strong> ir suteikia sveik\u0105 i\u0161vaizd\u0105.<br \/>\n\u2022 Improves overall <strong>shine, manageability &amp; smoothness<\/strong> for polished styles<br \/>\n\u2022 <strong>Apsaugo plaukus<\/strong> <strong>nuo kar\u0161\u010dio<\/strong> <strong>iki 232 \u00b0C<\/strong> <strong>net 24 valandas.<\/strong><br \/>\n\u2022 Unikali <strong>\u017eel\u0117 konsistencija<\/strong> ir FANTASTINIS VY\u0160NI\u0172 \u017dIED\u0172 AROMATAS!![\/vc_column_text][vc_empty_space height=&#8221;25px&#8221;][vc_column_text css=&#8221;.vc_custom_1641570745859{border-top-width: 1px !important;border-right-width: 1px !important;border-bottom-width: 1px !important;border-left-width: 1px !important;padding-top: 10px !important;padding-right: 10px !important;padding-bottom: 10px !important;padding-left: 10px !important;background-color: rgba(90,33,105,0.1) !important;*background-color: rgb(90,33,105) !important;border-left-color: #5a2169 !important;border-left-style: solid !important;border-right-color: #5a2169 !important;border-right-style: solid !important;border-top-color: #5a2169 !important;border-top-style: solid !important;border-bottom-color: #5a2169 !important;border-bottom-style: solid !important;border-radius: 1px !important;}&#8221;]<span style=\"color: #5a2169;\"><strong>#Guy Tang Tip:<\/strong> tepkite plauk\u0173 formavimo aliej\u0173 ant saus\u0173 plauk\u0173, tuomet jis visi\u0161kai susigers ir plaukai atrodys lyg\u016bs, sveiki, gra\u017e\u016bs.<\/span>[\/vc_column_text][vc_empty_space height=&#8221;35px&#8221;][vc_separator][vc_empty_space height=&#8221;20px&#8221;][vc_column_text]<strong>Saugos reikalavimai<\/strong><\/p>\n<p>\u012eSP\u0116JIMAS. DEGUS. Nenaudokite esant atvirai liepsnai ar kibirk\u0161\u010diai. Venkite kontakto su akimis. Vartoti tik i\u0161ori\u0161kai. Esant neigiamai reakcijai, nedelsiant kreipkit\u0117s \u012f gydytoj\u0105. Laikykite vaikams nepasiekiamoje ir neprieinamoje vietoje.[\/vc_column_text][vc_empty_space height=&#8221;25px&#8221;][vc_separator][vc_empty_space height=&#8221;15px&#8221;]<div class=\"nasa-title clearfix nasa-t hr-type-none\"><h4 class=\"nasa-heading-title\"><span class=\"nasa-title-wrap\"><span style=\"color: #5a2169;\">Plauk\u0173 stilistas rekomenduoja<\/span><\/span><\/h4><\/div>[\/vc_column][\/vc_row]<\/p>\n<\/div>","protected":false},"excerpt":{"rendered":"<h5><strong>88 ml<\/strong><\/h5>\n<p>Padeda i\u0161vengti garbanojimosi ir \u0161iau\u0161imosi po d\u017eiovinimo fenu. Suma\u017eina plauk\u0173 l\u016b\u017ein\u0117jim\u0105 net 98% ir apsaugo nuo kar\u0161\u010dio net 24 valandas.<\/p>\n","protected":false},"featured_media":4728,"template":"","meta":[],"product_brand":[],"product_cat":[236,270],"product_tag":[],"class_list":{"0":"post-5742","1":"product","2":"type-product","3":"status-publish","4":"has-post-thumbnail","6":"product_cat-mydentity-lt","7":"product_cat-formavimas","9":"first","10":"instock","11":"taxable","12":"shipping-taxable","13":"purchasable","14":"product-type-simple"},"yoast_head":"<!-- This site is optimized with the Yoast SEO plugin v27.4 - https:\/\/yoast.com\/product\/yoast-seo-wordpress\/ -->\n<title>#MyHairLube plauk\u0173 formavimo aliejus - iD Color<\/title>\n<meta name=\"description\" content=\"Padeda i\u0161vengti garbanojimosi ir \u0161iau\u0161imosi po d\u017eiovinimo fenu. Suma\u017eina plauk\u0173 l\u016b\u017ein\u0117jim\u0105 net 98% ir apsaugo nuo kar\u0161\u010dio net 24 valandas.\" \/>\n<meta name=\"robots\" content=\"index, follow, max-snippet:-1, max-image-preview:large, max-video-preview:-1\" \/>\n<link rel=\"canonical\" href=\"https:\/\/idcolor.ee\/lt\/produktas\/myhairlube-plauku-formavimo-aliejus\/\" \/>\n<meta property=\"og:locale\" content=\"lt_LT\" \/>\n<meta property=\"og:type\" content=\"article\" \/>\n<meta property=\"og:title\" content=\"#MyHairLube plauk\u0173 formavimo aliejus - iD Color\" \/>\n<meta property=\"og:description\" content=\"Padeda i\u0161vengti garbanojimosi ir \u0161iau\u0161imosi po d\u017eiovinimo fenu. Suma\u017eina plauk\u0173 l\u016b\u017ein\u0117jim\u0105 net 98% ir apsaugo nuo kar\u0161\u010dio net 24 valandas.\" \/>\n<meta property=\"og:url\" content=\"https:\/\/idcolor.ee\/lt\/produktas\/myhairlube-plauku-formavimo-aliejus\/\" \/>\n<meta property=\"og:site_name\" content=\"iD Color\" \/>\n<meta property=\"article:modified_time\" content=\"2023-04-13T13:32:51+00:00\" \/>\n<meta property=\"og:image\" content=\"https:\/\/idcolor.ee\/wp-content\/uploads\/2022\/01\/MyHairLube_Oil.jpg\" \/>\n\t<meta property=\"og:image:width\" content=\"1080\" \/>\n\t<meta property=\"og:image:height\" content=\"1080\" \/>\n\t<meta property=\"og:image:type\" content=\"image\/jpeg\" \/>\n<meta name=\"twitter:card\" content=\"summary_large_image\" \/>\n<meta name=\"twitter:label1\" content=\"Est. reading time\" \/>\n\t<meta name=\"twitter:data1\" content=\"2 minut\u0117s\" \/>\n<script type=\"application\/ld+json\" class=\"yoast-schema-graph\">{\"@context\":\"https:\\\/\\\/schema.org\",\"@graph\":[{\"@type\":\"WebPage\",\"@id\":\"https:\\\/\\\/idcolor.ee\\\/lt\\\/produktas\\\/myhairlube-plauku-formavimo-aliejus\\\/\",\"url\":\"https:\\\/\\\/idcolor.ee\\\/lt\\\/produktas\\\/myhairlube-plauku-formavimo-aliejus\\\/\",\"name\":\"#MyHairLube plauk\u0173 formavimo aliejus - iD Color\",\"isPartOf\":{\"@id\":\"https:\\\/\\\/idcolor.ee\\\/lt\\\/#website\"},\"primaryImageOfPage\":{\"@id\":\"https:\\\/\\\/idcolor.ee\\\/lt\\\/produktas\\\/myhairlube-plauku-formavimo-aliejus\\\/#primaryimage\"},\"image\":{\"@id\":\"https:\\\/\\\/idcolor.ee\\\/lt\\\/produktas\\\/myhairlube-plauku-formavimo-aliejus\\\/#primaryimage\"},\"thumbnailUrl\":\"https:\\\/\\\/idcolor.ee\\\/wp-content\\\/uploads\\\/2022\\\/01\\\/MyHairLube_Oil.jpg\",\"datePublished\":\"2022-01-07T15:46:35+00:00\",\"dateModified\":\"2023-04-13T13:32:51+00:00\",\"description\":\"Padeda i\u0161vengti garbanojimosi ir \u0161iau\u0161imosi po d\u017eiovinimo fenu. Suma\u017eina plauk\u0173 l\u016b\u017ein\u0117jim\u0105 net 98% ir apsaugo nuo kar\u0161\u010dio net 24 valandas.\",\"breadcrumb\":{\"@id\":\"https:\\\/\\\/idcolor.ee\\\/lt\\\/produktas\\\/myhairlube-plauku-formavimo-aliejus\\\/#breadcrumb\"},\"inLanguage\":\"lt-LT\",\"potentialAction\":[{\"@type\":\"ReadAction\",\"target\":[\"https:\\\/\\\/idcolor.ee\\\/lt\\\/produktas\\\/myhairlube-plauku-formavimo-aliejus\\\/\"]}]},{\"@type\":\"ImageObject\",\"inLanguage\":\"lt-LT\",\"@id\":\"https:\\\/\\\/idcolor.ee\\\/lt\\\/produktas\\\/myhairlube-plauku-formavimo-aliejus\\\/#primaryimage\",\"url\":\"https:\\\/\\\/idcolor.ee\\\/wp-content\\\/uploads\\\/2022\\\/01\\\/MyHairLube_Oil.jpg\",\"contentUrl\":\"https:\\\/\\\/idcolor.ee\\\/wp-content\\\/uploads\\\/2022\\\/01\\\/MyHairLube_Oil.jpg\",\"width\":1080,\"height\":1080},{\"@type\":\"BreadcrumbList\",\"@id\":\"https:\\\/\\\/idcolor.ee\\\/lt\\\/produktas\\\/myhairlube-plauku-formavimo-aliejus\\\/#breadcrumb\",\"itemListElement\":[{\"@type\":\"ListItem\",\"position\":1,\"name\":\"Home\",\"item\":\"https:\\\/\\\/idcolor.ee\\\/lt\\\/namai\\\/\"},{\"@type\":\"ListItem\",\"position\":2,\"name\":\"Parduotuv\u0117\",\"item\":\"https:\\\/\\\/idcolor.ee\\\/lt\\\/shop-2\\\/\"},{\"@type\":\"ListItem\",\"position\":3,\"name\":\"#MyHairLube plauk\u0173 formavimo aliejus\"}]},{\"@type\":\"WebSite\",\"@id\":\"https:\\\/\\\/idcolor.ee\\\/lt\\\/#website\",\"url\":\"https:\\\/\\\/idcolor.ee\\\/lt\\\/\",\"name\":\"iD Color\",\"description\":\"Hair care products\",\"publisher\":{\"@id\":\"https:\\\/\\\/idcolor.ee\\\/lt\\\/#organization\"},\"potentialAction\":[{\"@type\":\"SearchAction\",\"target\":{\"@type\":\"EntryPoint\",\"urlTemplate\":\"https:\\\/\\\/idcolor.ee\\\/lt\\\/?s={search_term_string}\"},\"query-input\":{\"@type\":\"PropertyValueSpecification\",\"valueRequired\":true,\"valueName\":\"search_term_string\"}}],\"inLanguage\":\"lt-LT\"},{\"@type\":\"Organization\",\"@id\":\"https:\\\/\\\/idcolor.ee\\\/lt\\\/#organization\",\"name\":\"iD Color O\u00dc\",\"url\":\"https:\\\/\\\/idcolor.ee\\\/lt\\\/\",\"logo\":{\"@type\":\"ImageObject\",\"inLanguage\":\"lt-LT\",\"@id\":\"https:\\\/\\\/idcolor.ee\\\/lt\\\/#\\\/schema\\\/logo\\\/image\\\/\",\"url\":\"https:\\\/\\\/idcolor.ee\\\/wp-content\\\/uploads\\\/2022\\\/01\\\/IDColor_Logo_1000.png\",\"contentUrl\":\"https:\\\/\\\/idcolor.ee\\\/wp-content\\\/uploads\\\/2022\\\/01\\\/IDColor_Logo_1000.png\",\"width\":1001,\"height\":354,\"caption\":\"iD Color O\u00dc\"},\"image\":{\"@id\":\"https:\\\/\\\/idcolor.ee\\\/lt\\\/#\\\/schema\\\/logo\\\/image\\\/\"}}]}<\/script>\n<!-- \/ Yoast SEO plugin. -->","yoast_head_json":{"title":"#MyHairLube plauk\u0173 formavimo aliejus - iD Color","description":"Padeda i\u0161vengti garbanojimosi ir \u0161iau\u0161imosi po d\u017eiovinimo fenu. Suma\u017eina plauk\u0173 l\u016b\u017ein\u0117jim\u0105 net 98% ir apsaugo nuo kar\u0161\u010dio net 24 valandas.","robots":{"index":"index","follow":"follow","max-snippet":"max-snippet:-1","max-image-preview":"max-image-preview:large","max-video-preview":"max-video-preview:-1"},"canonical":"https:\/\/idcolor.ee\/lt\/produktas\/myhairlube-plauku-formavimo-aliejus\/","og_locale":"lt_LT","og_type":"article","og_title":"#MyHairLube plauk\u0173 formavimo aliejus - iD Color","og_description":"Padeda i\u0161vengti garbanojimosi ir \u0161iau\u0161imosi po d\u017eiovinimo fenu. Suma\u017eina plauk\u0173 l\u016b\u017ein\u0117jim\u0105 net 98% ir apsaugo nuo kar\u0161\u010dio net 24 valandas.","og_url":"https:\/\/idcolor.ee\/lt\/produktas\/myhairlube-plauku-formavimo-aliejus\/","og_site_name":"iD Color","article_modified_time":"2023-04-13T13:32:51+00:00","og_image":[{"width":1080,"height":1080,"url":"https:\/\/idcolor.ee\/wp-content\/uploads\/2022\/01\/MyHairLube_Oil.jpg","type":"image\/jpeg"}],"twitter_card":"summary_large_image","twitter_misc":{"Est. reading time":"2 minut\u0117s"},"schema":{"@context":"https:\/\/schema.org","@graph":[{"@type":"WebPage","@id":"https:\/\/idcolor.ee\/lt\/produktas\/myhairlube-plauku-formavimo-aliejus\/","url":"https:\/\/idcolor.ee\/lt\/produktas\/myhairlube-plauku-formavimo-aliejus\/","name":"#MyHairLube plauk\u0173 formavimo aliejus - iD Color","isPartOf":{"@id":"https:\/\/idcolor.ee\/lt\/#website"},"primaryImageOfPage":{"@id":"https:\/\/idcolor.ee\/lt\/produktas\/myhairlube-plauku-formavimo-aliejus\/#primaryimage"},"image":{"@id":"https:\/\/idcolor.ee\/lt\/produktas\/myhairlube-plauku-formavimo-aliejus\/#primaryimage"},"thumbnailUrl":"https:\/\/idcolor.ee\/wp-content\/uploads\/2022\/01\/MyHairLube_Oil.jpg","datePublished":"2022-01-07T15:46:35+00:00","dateModified":"2023-04-13T13:32:51+00:00","description":"Padeda i\u0161vengti garbanojimosi ir \u0161iau\u0161imosi po d\u017eiovinimo fenu. Suma\u017eina plauk\u0173 l\u016b\u017ein\u0117jim\u0105 net 98% ir apsaugo nuo kar\u0161\u010dio net 24 valandas.","breadcrumb":{"@id":"https:\/\/idcolor.ee\/lt\/produktas\/myhairlube-plauku-formavimo-aliejus\/#breadcrumb"},"inLanguage":"lt-LT","potentialAction":[{"@type":"ReadAction","target":["https:\/\/idcolor.ee\/lt\/produktas\/myhairlube-plauku-formavimo-aliejus\/"]}]},{"@type":"ImageObject","inLanguage":"lt-LT","@id":"https:\/\/idcolor.ee\/lt\/produktas\/myhairlube-plauku-formavimo-aliejus\/#primaryimage","url":"https:\/\/idcolor.ee\/wp-content\/uploads\/2022\/01\/MyHairLube_Oil.jpg","contentUrl":"https:\/\/idcolor.ee\/wp-content\/uploads\/2022\/01\/MyHairLube_Oil.jpg","width":1080,"height":1080},{"@type":"BreadcrumbList","@id":"https:\/\/idcolor.ee\/lt\/produktas\/myhairlube-plauku-formavimo-aliejus\/#breadcrumb","itemListElement":[{"@type":"ListItem","position":1,"name":"Home","item":"https:\/\/idcolor.ee\/lt\/namai\/"},{"@type":"ListItem","position":2,"name":"Parduotuv\u0117","item":"https:\/\/idcolor.ee\/lt\/shop-2\/"},{"@type":"ListItem","position":3,"name":"#MyHairLube plauk\u0173 formavimo aliejus"}]},{"@type":"WebSite","@id":"https:\/\/idcolor.ee\/lt\/#website","url":"https:\/\/idcolor.ee\/lt\/","name":"iD Color","description":"Hair care products","publisher":{"@id":"https:\/\/idcolor.ee\/lt\/#organization"},"potentialAction":[{"@type":"SearchAction","target":{"@type":"EntryPoint","urlTemplate":"https:\/\/idcolor.ee\/lt\/?s={search_term_string}"},"query-input":{"@type":"PropertyValueSpecification","valueRequired":true,"valueName":"search_term_string"}}],"inLanguage":"lt-LT"},{"@type":"Organization","@id":"https:\/\/idcolor.ee\/lt\/#organization","name":"iD Color O\u00dc","url":"https:\/\/idcolor.ee\/lt\/","logo":{"@type":"ImageObject","inLanguage":"lt-LT","@id":"https:\/\/idcolor.ee\/lt\/#\/schema\/logo\/image\/","url":"https:\/\/idcolor.ee\/wp-content\/uploads\/2022\/01\/IDColor_Logo_1000.png","contentUrl":"https:\/\/idcolor.ee\/wp-content\/uploads\/2022\/01\/IDColor_Logo_1000.png","width":1001,"height":354,"caption":"iD Color O\u00dc"},"image":{"@id":"https:\/\/idcolor.ee\/lt\/#\/schema\/logo\/image\/"}}]}},"_links":{"self":[{"href":"https:\/\/idcolor.ee\/lt\/wp-json\/wp\/v2\/product\/5742","targetHints":{"allow":["GET"]}}],"collection":[{"href":"https:\/\/idcolor.ee\/lt\/wp-json\/wp\/v2\/product"}],"about":[{"href":"https:\/\/idcolor.ee\/lt\/wp-json\/wp\/v2\/types\/product"}],"wp:featuredmedia":[{"embeddable":true,"href":"https:\/\/idcolor.ee\/lt\/wp-json\/wp\/v2\/media\/4728"}],"wp:attachment":[{"href":"https:\/\/idcolor.ee\/lt\/wp-json\/wp\/v2\/media?parent=5742"}],"wp:term":[{"taxonomy":"product_brand","embeddable":true,"href":"https:\/\/idcolor.ee\/lt\/wp-json\/wp\/v2\/product_brand?post=5742"},{"taxonomy":"product_cat","embeddable":true,"href":"https:\/\/idcolor.ee\/lt\/wp-json\/wp\/v2\/product_cat?post=5742"},{"taxonomy":"product_tag","embeddable":true,"href":"https:\/\/idcolor.ee\/lt\/wp-json\/wp\/v2\/product_tag?post=5742"}],"curies":[{"name":"wp","href":"https:\/\/api.w.org\/{rel}","templated":true}]}}