{"id":5743,"date":"2022-01-07T16:26:01","date_gmt":"2022-01-07T14:26:01","guid":{"rendered":"https:\/\/idcolor.ee\/product\/mycontrol-vidutinio-stiprumo-plauku-lakas\/"},"modified":"2023-04-13T16:36:43","modified_gmt":"2023-04-13T13:36:43","slug":"mycontrol-vidutinio-stiprumo-plauku-lakas","status":"publish","type":"product","link":"https:\/\/idcolor.ee\/lt\/produktas\/mycontrol-vidutinio-stiprumo-plauku-lakas\/","title":{"rendered":"#MyControl vidutinio stiprumo plauk\u0173 lakas"},"content":{"rendered":"<div class=\"wpb-content-wrapper\"><p>[vc_row][vc_column][vc_row_inner][vc_column_inner width=&#8221;1\/4&#8243; css=&#8221;.vc_custom_1643100113825{padding-right: 20% !important;}&#8221; offset=&#8221;vc_hidden-sm vc_hidden-xs&#8221;][vc_single_image image=&#8221;4772&#8243; img_size=&#8221;full&#8221;][vc_empty_space height=&#8221;20px&#8221;][\/vc_column_inner][vc_column_inner width=&#8221;3\/4&#8243; offset=&#8221;vc_hidden-lg vc_hidden-md&#8221; css=&#8221;.vc_custom_1643102057386{padding-right: 50% !important;}&#8221;][vc_single_image image=&#8221;4772&#8243; img_size=&#8221;full&#8221;][vc_empty_space height=&#8221;20px&#8221;][\/vc_column_inner][\/vc_row_inner]<div class=\"nasa-title clearfix nasa-t hr-type-none\"><h4 class=\"nasa-heading-title\"><span class=\"nasa-title-wrap\"><span style=\"color: #5a2169;\">#MyControl vidutinio stiprumo plauk\u0173 lakas | 266 ml<\/span><\/span><\/h4><p class=\"nasa-title-desc\" style=\"color: #5a2169;\">PUR\u0160KIAMAS ITIN SMULKIAIS<\/p><\/div>[vc_empty_space height=&#8221;20px&#8221;][vc_separator][vc_empty_space height=&#8221;20px&#8221;][vc_column_text]<strong>Gaminio apra\u0161ymas<\/strong><\/p>\n<p>\u2022 <strong>Pur\u0161kiamas itin smulkiais<\/strong> la\u0161eliais, <strong>gerai i\u0161laiko \u0161ukuosenos form\u0105.<\/strong><br \/>\n\u2022 <strong>Greitai d\u017ei\u016bsta<\/strong>, puikiai tinka purioms ir <strong>keli\u0173 sluoksni\u0173 \u0161ukuosenoms.<\/strong><br \/>\n\u2022 <strong>Suteikia plaukams \u0161vyt\u0117jimo<\/strong> ir sukuria <strong>i\u0161rai\u0161kingus spalv\u0173 \u0161viesos<\/strong> atspind\u017eius fotografuojant.<br \/>\n\u2022 FANTASTINIS VY\u0160NI\u0172 \u017dIED\u0172 AROMATAS![\/vc_column_text][vc_empty_space height=&#8221;25px&#8221;][vc_column_text css=&#8221;.vc_custom_1641566312762{padding: 10px !important;background-color: rgba(90,33,105,0.1) !important;*background-color: rgb(90,33,105) !important;border: 1px solid #5a2169 !important;border-radius: 1px !important;}&#8221;]<span style=\"color: #5a2169;\"><strong>#Guy Tang Tip:<\/strong> pam\u0117gau \u0161\u012f plauk\u0173 lak\u0105, nes jis ne\u012ftik\u0117tinai greitai d\u017ei\u016bsta ir leid\u017eia formuoti puresnes bei mink\u0161tesnes \u0161ukuosenas, ta\u010diau nesulipdo plauk\u0173 kaip \u012fprastiniai lakai.<\/span>[\/vc_column_text][vc_empty_space height=&#8221;35px&#8221;][vc_column_text]<strong>Naudojimas:<\/strong><\/p>\n<p>Purk\u0161kite ant saus\u0173 plauk\u0173 20 cm atstumu.[\/vc_column_text][vc_empty_space height=&#8221;25px&#8221;][vc_separator][vc_empty_space height=&#8221;20px&#8221;][vc_column_text]<strong>Saugos reikalavimai<\/strong><\/p>\n<p>\u012eSP\u0116JIMAS. DEGUS. Sl\u0117gio veikiamas turinys. Neperdurkite ir nedeginkite pakuot\u0117s, nelaikykite auk\u0161tesn\u0117je nei 50 \u00b0C temperat\u016broje. Nenaudokite esant atvirai liepsnai ar kibirk\u0161\u010diai. Laikykite vaikams nepasiekiamoje ir neprieinamoje vietoje. First aid treatment: spray in a well-ventilated area. Jei atsiranda nepageidaujam\u0173 odos ar galvos odos reakcij\u0173, nutraukite vartojim\u0105 ir kreipkit\u0117s \u012f gydytoj\u0105. Patekus \u012f akis, plaukite jas vandeniu 15 minu\u010di\u0173. Jei problema i\u0161lieka, kreipkit\u0117s \u012f gydytoj\u0105.[\/vc_column_text][vc_empty_space height=&#8221;25px&#8221;][vc_separator][vc_empty_space height=&#8221;15px&#8221;]<div class=\"nasa-title clearfix nasa-t hr-type-none\"><h4 class=\"nasa-heading-title\"><span class=\"nasa-title-wrap\"><span style=\"color: #5a2169;\">Plauk\u0173 stilistas rekomenduoja<\/span><\/span><\/h4><\/div>[\/vc_column][\/vc_row]<\/p>\n<\/div>","protected":false},"excerpt":{"rendered":"<h5><strong>266 ml<\/strong><\/h5>\n<p>Pur\u0161kiamas itin smulkiais la\u0161eliais, gerai i\u0161laiko \u0161ukuosenos form\u0105. Greitai d\u017ei\u016bsta.<\/p>\n","protected":false},"featured_media":4724,"template":"","meta":[],"product_brand":[],"product_cat":[236,270],"product_tag":[],"class_list":{"0":"post-5743","1":"product","2":"type-product","3":"status-publish","4":"has-post-thumbnail","6":"product_cat-mydentity-lt","7":"product_cat-formavimas","9":"first","10":"instock","11":"taxable","12":"shipping-taxable","13":"purchasable","14":"product-type-simple"},"yoast_head":"<!-- This site is optimized with the Yoast SEO plugin v27.4 - https:\/\/yoast.com\/product\/yoast-seo-wordpress\/ -->\n<title>#MyControl vidutinio stiprumo plauk\u0173 lakas - iD Color<\/title>\n<meta name=\"description\" content=\"Pur\u0161kiamas itin smulkiais la\u0161eliais, gerai i\u0161laiko \u0161ukuosenos form\u0105. Greitai d\u017ei\u016bsta.\" \/>\n<meta name=\"robots\" content=\"index, follow, max-snippet:-1, max-image-preview:large, max-video-preview:-1\" \/>\n<link rel=\"canonical\" href=\"https:\/\/idcolor.ee\/lt\/produktas\/mycontrol-vidutinio-stiprumo-plauku-lakas\/\" \/>\n<meta property=\"og:locale\" content=\"lt_LT\" \/>\n<meta property=\"og:type\" content=\"article\" \/>\n<meta property=\"og:title\" content=\"#MyControl vidutinio stiprumo plauk\u0173 lakas - iD Color\" \/>\n<meta property=\"og:description\" content=\"Pur\u0161kiamas itin smulkiais la\u0161eliais, gerai i\u0161laiko \u0161ukuosenos form\u0105. Greitai d\u017ei\u016bsta.\" \/>\n<meta property=\"og:url\" content=\"https:\/\/idcolor.ee\/lt\/produktas\/mycontrol-vidutinio-stiprumo-plauku-lakas\/\" \/>\n<meta property=\"og:site_name\" content=\"iD Color\" \/>\n<meta property=\"article:modified_time\" content=\"2023-04-13T13:36:43+00:00\" \/>\n<meta property=\"og:image\" content=\"https:\/\/idcolor.ee\/wp-content\/uploads\/2022\/01\/MyControl_Spray.jpg\" \/>\n\t<meta property=\"og:image:width\" content=\"1080\" \/>\n\t<meta property=\"og:image:height\" content=\"1080\" \/>\n\t<meta property=\"og:image:type\" content=\"image\/jpeg\" \/>\n<meta name=\"twitter:card\" content=\"summary_large_image\" \/>\n<meta name=\"twitter:label1\" content=\"Est. reading time\" \/>\n\t<meta name=\"twitter:data1\" content=\"2 minut\u0117s\" \/>\n<script type=\"application\/ld+json\" class=\"yoast-schema-graph\">{\"@context\":\"https:\\\/\\\/schema.org\",\"@graph\":[{\"@type\":\"WebPage\",\"@id\":\"https:\\\/\\\/idcolor.ee\\\/lt\\\/produktas\\\/mycontrol-vidutinio-stiprumo-plauku-lakas\\\/\",\"url\":\"https:\\\/\\\/idcolor.ee\\\/lt\\\/produktas\\\/mycontrol-vidutinio-stiprumo-plauku-lakas\\\/\",\"name\":\"#MyControl vidutinio stiprumo plauk\u0173 lakas - iD Color\",\"isPartOf\":{\"@id\":\"https:\\\/\\\/idcolor.ee\\\/lt\\\/#website\"},\"primaryImageOfPage\":{\"@id\":\"https:\\\/\\\/idcolor.ee\\\/lt\\\/produktas\\\/mycontrol-vidutinio-stiprumo-plauku-lakas\\\/#primaryimage\"},\"image\":{\"@id\":\"https:\\\/\\\/idcolor.ee\\\/lt\\\/produktas\\\/mycontrol-vidutinio-stiprumo-plauku-lakas\\\/#primaryimage\"},\"thumbnailUrl\":\"https:\\\/\\\/idcolor.ee\\\/wp-content\\\/uploads\\\/2022\\\/01\\\/MyControl_Spray.jpg\",\"datePublished\":\"2022-01-07T14:26:01+00:00\",\"dateModified\":\"2023-04-13T13:36:43+00:00\",\"description\":\"Pur\u0161kiamas itin smulkiais la\u0161eliais, gerai i\u0161laiko \u0161ukuosenos form\u0105. Greitai d\u017ei\u016bsta.\",\"breadcrumb\":{\"@id\":\"https:\\\/\\\/idcolor.ee\\\/lt\\\/produktas\\\/mycontrol-vidutinio-stiprumo-plauku-lakas\\\/#breadcrumb\"},\"inLanguage\":\"lt-LT\",\"potentialAction\":[{\"@type\":\"ReadAction\",\"target\":[\"https:\\\/\\\/idcolor.ee\\\/lt\\\/produktas\\\/mycontrol-vidutinio-stiprumo-plauku-lakas\\\/\"]}]},{\"@type\":\"ImageObject\",\"inLanguage\":\"lt-LT\",\"@id\":\"https:\\\/\\\/idcolor.ee\\\/lt\\\/produktas\\\/mycontrol-vidutinio-stiprumo-plauku-lakas\\\/#primaryimage\",\"url\":\"https:\\\/\\\/idcolor.ee\\\/wp-content\\\/uploads\\\/2022\\\/01\\\/MyControl_Spray.jpg\",\"contentUrl\":\"https:\\\/\\\/idcolor.ee\\\/wp-content\\\/uploads\\\/2022\\\/01\\\/MyControl_Spray.jpg\",\"width\":1080,\"height\":1080},{\"@type\":\"BreadcrumbList\",\"@id\":\"https:\\\/\\\/idcolor.ee\\\/lt\\\/produktas\\\/mycontrol-vidutinio-stiprumo-plauku-lakas\\\/#breadcrumb\",\"itemListElement\":[{\"@type\":\"ListItem\",\"position\":1,\"name\":\"Home\",\"item\":\"https:\\\/\\\/idcolor.ee\\\/lt\\\/namai\\\/\"},{\"@type\":\"ListItem\",\"position\":2,\"name\":\"Parduotuv\u0117\",\"item\":\"https:\\\/\\\/idcolor.ee\\\/lt\\\/shop-2\\\/\"},{\"@type\":\"ListItem\",\"position\":3,\"name\":\"#MyControl vidutinio stiprumo plauk\u0173 lakas\"}]},{\"@type\":\"WebSite\",\"@id\":\"https:\\\/\\\/idcolor.ee\\\/lt\\\/#website\",\"url\":\"https:\\\/\\\/idcolor.ee\\\/lt\\\/\",\"name\":\"iD Color\",\"description\":\"Hair care products\",\"publisher\":{\"@id\":\"https:\\\/\\\/idcolor.ee\\\/lt\\\/#organization\"},\"potentialAction\":[{\"@type\":\"SearchAction\",\"target\":{\"@type\":\"EntryPoint\",\"urlTemplate\":\"https:\\\/\\\/idcolor.ee\\\/lt\\\/?s={search_term_string}\"},\"query-input\":{\"@type\":\"PropertyValueSpecification\",\"valueRequired\":true,\"valueName\":\"search_term_string\"}}],\"inLanguage\":\"lt-LT\"},{\"@type\":\"Organization\",\"@id\":\"https:\\\/\\\/idcolor.ee\\\/lt\\\/#organization\",\"name\":\"iD Color O\u00dc\",\"url\":\"https:\\\/\\\/idcolor.ee\\\/lt\\\/\",\"logo\":{\"@type\":\"ImageObject\",\"inLanguage\":\"lt-LT\",\"@id\":\"https:\\\/\\\/idcolor.ee\\\/lt\\\/#\\\/schema\\\/logo\\\/image\\\/\",\"url\":\"https:\\\/\\\/idcolor.ee\\\/wp-content\\\/uploads\\\/2022\\\/01\\\/IDColor_Logo_1000.png\",\"contentUrl\":\"https:\\\/\\\/idcolor.ee\\\/wp-content\\\/uploads\\\/2022\\\/01\\\/IDColor_Logo_1000.png\",\"width\":1001,\"height\":354,\"caption\":\"iD Color O\u00dc\"},\"image\":{\"@id\":\"https:\\\/\\\/idcolor.ee\\\/lt\\\/#\\\/schema\\\/logo\\\/image\\\/\"}}]}<\/script>\n<!-- \/ Yoast SEO plugin. -->","yoast_head_json":{"title":"#MyControl vidutinio stiprumo plauk\u0173 lakas - iD Color","description":"Pur\u0161kiamas itin smulkiais la\u0161eliais, gerai i\u0161laiko \u0161ukuosenos form\u0105. Greitai d\u017ei\u016bsta.","robots":{"index":"index","follow":"follow","max-snippet":"max-snippet:-1","max-image-preview":"max-image-preview:large","max-video-preview":"max-video-preview:-1"},"canonical":"https:\/\/idcolor.ee\/lt\/produktas\/mycontrol-vidutinio-stiprumo-plauku-lakas\/","og_locale":"lt_LT","og_type":"article","og_title":"#MyControl vidutinio stiprumo plauk\u0173 lakas - iD Color","og_description":"Pur\u0161kiamas itin smulkiais la\u0161eliais, gerai i\u0161laiko \u0161ukuosenos form\u0105. Greitai d\u017ei\u016bsta.","og_url":"https:\/\/idcolor.ee\/lt\/produktas\/mycontrol-vidutinio-stiprumo-plauku-lakas\/","og_site_name":"iD Color","article_modified_time":"2023-04-13T13:36:43+00:00","og_image":[{"width":1080,"height":1080,"url":"https:\/\/idcolor.ee\/wp-content\/uploads\/2022\/01\/MyControl_Spray.jpg","type":"image\/jpeg"}],"twitter_card":"summary_large_image","twitter_misc":{"Est. reading time":"2 minut\u0117s"},"schema":{"@context":"https:\/\/schema.org","@graph":[{"@type":"WebPage","@id":"https:\/\/idcolor.ee\/lt\/produktas\/mycontrol-vidutinio-stiprumo-plauku-lakas\/","url":"https:\/\/idcolor.ee\/lt\/produktas\/mycontrol-vidutinio-stiprumo-plauku-lakas\/","name":"#MyControl vidutinio stiprumo plauk\u0173 lakas - iD Color","isPartOf":{"@id":"https:\/\/idcolor.ee\/lt\/#website"},"primaryImageOfPage":{"@id":"https:\/\/idcolor.ee\/lt\/produktas\/mycontrol-vidutinio-stiprumo-plauku-lakas\/#primaryimage"},"image":{"@id":"https:\/\/idcolor.ee\/lt\/produktas\/mycontrol-vidutinio-stiprumo-plauku-lakas\/#primaryimage"},"thumbnailUrl":"https:\/\/idcolor.ee\/wp-content\/uploads\/2022\/01\/MyControl_Spray.jpg","datePublished":"2022-01-07T14:26:01+00:00","dateModified":"2023-04-13T13:36:43+00:00","description":"Pur\u0161kiamas itin smulkiais la\u0161eliais, gerai i\u0161laiko \u0161ukuosenos form\u0105. Greitai d\u017ei\u016bsta.","breadcrumb":{"@id":"https:\/\/idcolor.ee\/lt\/produktas\/mycontrol-vidutinio-stiprumo-plauku-lakas\/#breadcrumb"},"inLanguage":"lt-LT","potentialAction":[{"@type":"ReadAction","target":["https:\/\/idcolor.ee\/lt\/produktas\/mycontrol-vidutinio-stiprumo-plauku-lakas\/"]}]},{"@type":"ImageObject","inLanguage":"lt-LT","@id":"https:\/\/idcolor.ee\/lt\/produktas\/mycontrol-vidutinio-stiprumo-plauku-lakas\/#primaryimage","url":"https:\/\/idcolor.ee\/wp-content\/uploads\/2022\/01\/MyControl_Spray.jpg","contentUrl":"https:\/\/idcolor.ee\/wp-content\/uploads\/2022\/01\/MyControl_Spray.jpg","width":1080,"height":1080},{"@type":"BreadcrumbList","@id":"https:\/\/idcolor.ee\/lt\/produktas\/mycontrol-vidutinio-stiprumo-plauku-lakas\/#breadcrumb","itemListElement":[{"@type":"ListItem","position":1,"name":"Home","item":"https:\/\/idcolor.ee\/lt\/namai\/"},{"@type":"ListItem","position":2,"name":"Parduotuv\u0117","item":"https:\/\/idcolor.ee\/lt\/shop-2\/"},{"@type":"ListItem","position":3,"name":"#MyControl vidutinio stiprumo plauk\u0173 lakas"}]},{"@type":"WebSite","@id":"https:\/\/idcolor.ee\/lt\/#website","url":"https:\/\/idcolor.ee\/lt\/","name":"iD Color","description":"Hair care products","publisher":{"@id":"https:\/\/idcolor.ee\/lt\/#organization"},"potentialAction":[{"@type":"SearchAction","target":{"@type":"EntryPoint","urlTemplate":"https:\/\/idcolor.ee\/lt\/?s={search_term_string}"},"query-input":{"@type":"PropertyValueSpecification","valueRequired":true,"valueName":"search_term_string"}}],"inLanguage":"lt-LT"},{"@type":"Organization","@id":"https:\/\/idcolor.ee\/lt\/#organization","name":"iD Color O\u00dc","url":"https:\/\/idcolor.ee\/lt\/","logo":{"@type":"ImageObject","inLanguage":"lt-LT","@id":"https:\/\/idcolor.ee\/lt\/#\/schema\/logo\/image\/","url":"https:\/\/idcolor.ee\/wp-content\/uploads\/2022\/01\/IDColor_Logo_1000.png","contentUrl":"https:\/\/idcolor.ee\/wp-content\/uploads\/2022\/01\/IDColor_Logo_1000.png","width":1001,"height":354,"caption":"iD Color O\u00dc"},"image":{"@id":"https:\/\/idcolor.ee\/lt\/#\/schema\/logo\/image\/"}}]}},"_links":{"self":[{"href":"https:\/\/idcolor.ee\/lt\/wp-json\/wp\/v2\/product\/5743","targetHints":{"allow":["GET"]}}],"collection":[{"href":"https:\/\/idcolor.ee\/lt\/wp-json\/wp\/v2\/product"}],"about":[{"href":"https:\/\/idcolor.ee\/lt\/wp-json\/wp\/v2\/types\/product"}],"wp:featuredmedia":[{"embeddable":true,"href":"https:\/\/idcolor.ee\/lt\/wp-json\/wp\/v2\/media\/4724"}],"wp:attachment":[{"href":"https:\/\/idcolor.ee\/lt\/wp-json\/wp\/v2\/media?parent=5743"}],"wp:term":[{"taxonomy":"product_brand","embeddable":true,"href":"https:\/\/idcolor.ee\/lt\/wp-json\/wp\/v2\/product_brand?post=5743"},{"taxonomy":"product_cat","embeddable":true,"href":"https:\/\/idcolor.ee\/lt\/wp-json\/wp\/v2\/product_cat?post=5743"},{"taxonomy":"product_tag","embeddable":true,"href":"https:\/\/idcolor.ee\/lt\/wp-json\/wp\/v2\/product_tag?post=5743"}],"curies":[{"name":"wp","href":"https:\/\/api.w.org\/{rel}","templated":true}]}}