{"id":5962,"date":"2023-04-20T17:28:33","date_gmt":"2023-04-20T14:28:33","guid":{"rendered":"https:\/\/idcolor.ee\/product\/myhero-x2-atkuriamoji-priemone-su-kolagenu\/"},"modified":"2023-11-01T00:57:27","modified_gmt":"2023-10-31T22:57:27","slug":"myhero-x2-atkuriamoji-priemone-su-kolagenu","status":"publish","type":"product","link":"https:\/\/idcolor.ee\/lt\/produktas\/myhero-x2-atkuriamoji-priemone-su-kolagenu\/","title":{"rendered":"#MyHero X2 atkuriamoji priemon\u0117 su kolagenu"},"content":{"rendered":"<div class=\"wpb-content-wrapper\"><p>[vc_row][vc_column][vc_row_inner][vc_column_inner width=&#8221;1\/4&#8243; css=&#8221;.vc_custom_1643100113825{padding-right: 20% !important;}&#8221; offset=&#8221;vc_hidden-sm vc_hidden-xs&#8221;][vc_single_image image=&#8221;4772&#8243; img_size=&#8221;full&#8221;][vc_empty_space height=&#8221;20px&#8221;][\/vc_column_inner][vc_column_inner width=&#8221;3\/4&#8243; offset=&#8221;vc_hidden-lg vc_hidden-md&#8221; css=&#8221;.vc_custom_1643102057386{padding-right: 50% !important;}&#8221;][vc_single_image image=&#8221;4772&#8243; img_size=&#8221;full&#8221;][vc_empty_space height=&#8221;20px&#8221;][\/vc_column_inner][\/vc_row_inner]<div class=\"nasa-title clearfix nasa-t hr-type-none\"><h4 class=\"nasa-heading-title\"><span class=\"nasa-title-wrap\"><span style=\"color: #5a2169;\">#MyHero X2 Collagen Repair Treatment | 414 ml<\/span><\/span><\/h4><p class=\"nasa-title-desc\" style=\"color: #5a2169;\">U\u017dPILDO KUTIKUL\u0116S TARPELIUS IR MINK\u0160TINA PLAUKUS<\/p><\/div>[vc_empty_space height=&#8221;20px&#8221;][vc_separator][vc_empty_space height=&#8221;20px&#8221;][vc_row_inner][vc_column_inner width=&#8221;3\/4&#8243;][vc_column_text]<strong>Gaminio apra\u0161ymas<\/strong><\/p>\n<p>Atkuriam\u0105j\u0105 priemon\u0119 #MyHero X2 galima naudoti namuose 1\u20133 kartus per savait\u0119, kad stiprintum\u0117te ir puosel\u0117tum\u0117te plaukus tarp apsilankym\u0173 salone.<\/p>\n<ul>\n<li>Paruo\u0161ia plauko kutikul\u0119 ir sukuria glotn\u0173 pavir\u0161i\u0173 da\u017eymo ir formavimo priemon\u0117ms.<\/li>\n<li>Atkuria plauk\u0173 pH pusiausvyr\u0105 \u2013 idealiai tinka pa\u017eeistiems, da\u017eytiems plaukams.<\/li>\n<li>Greitai \u012fsigeria \u012f plaukus.<\/li>\n<li>Veikia tik pa\u017eeistas sritis ir neapsunkina plauk\u0173.<\/li>\n<li>Tinka vis\u0173 tip\u0173 plaukams, storiems ir ploniems.<\/li>\n<\/ul>\n<p>[\/vc_column_text][vc_empty_space height=&#8221;25px&#8221;][vc_separator align=&#8221;align_left&#8221; el_width=&#8221;10&#8243;][vc_empty_space height=&#8221;20px&#8221;][vc_column_text]<strong>Naudojimas:<\/strong><\/p>\n<div class=\"wpb_text_column wpb_content_element\">1\u20133 kartus per savait\u0119. I\u0161trinkite plaukus \u0161amp\u016bnu \u201e#MyConfidant Shampoo\u201c ir i\u0161skalaukite. U\u017etepkite \u201e#MyHero X2\u201c ant dr\u0117gn\u0173 plauk\u0173, palaikykite 1\u20135 minutes ir kruop\u0161\u010diai i\u0161skalaukite. Paskui naudokite kondicionieri\u0173 \u201e#MyConfidant Conditioner\u201c.<\/div>\n<p>[\/vc_column_text][\/vc_column_inner][vc_column_inner width=&#8221;1\/4&#8243; offset=&#8221;vc_hidden-sm vc_hidden-xs&#8221;][vc_single_image image=&#8221;5954&#8243; img_size=&#8221;full&#8221;][\/vc_column_inner][\/vc_row_inner][vc_empty_space height=&#8221;35px&#8221;][vc_separator][vc_empty_space height=&#8221;20px&#8221;][vc_column_text]<strong>Saugos reikalavimai<\/strong><\/p>\n<div class=\"wpb_text_column wpb_content_element\">\n<p>Venkite kontakto su akimis. Vartoti tik i\u0161ori\u0161kai. Esant neigiamai reakcijai, nedelsiant kreipkit\u0117s \u012f gydytoj\u0105. Laikykite vaikams nepasiekiamoje ir neprieinamoje vietoje.<\/p>\n<\/div>\n<p>[\/vc_column_text][vc_empty_space height=&#8221;25px&#8221;][vc_separator][vc_empty_space height=&#8221;15px&#8221;]<div class=\"nasa-title clearfix nasa-t hr-type-none\"><h4 class=\"nasa-heading-title\"><span class=\"nasa-title-wrap\"><span style=\"color: #5a2169;\">Plauk\u0173 stilistas rekomenduoja<\/span><\/span><\/h4><\/div>[\/vc_column][\/vc_row]<\/p>\n<\/div>","protected":false},"excerpt":{"rendered":"<h5><strong>414 ml<\/strong><\/h5>\n<p>Paruo\u0161ia plauko kutikul\u0119 ir sukuria glotn\u0173 pavir\u0161i\u0173 da\u017eymo ir formavimo priemon\u0117ms. Atkuria plauk\u0173 pH pusiausvyr\u0105 \u2013 idealiai tinka pa\u017eeistiems, da\u017eytiems plaukams.<\/p>\n","protected":false},"featured_media":5959,"template":"","meta":[],"product_brand":[],"product_cat":[236,269],"product_tag":[],"class_list":{"0":"post-5962","1":"product","2":"type-product","3":"status-publish","4":"has-post-thumbnail","6":"product_cat-mydentity-lt","7":"product_cat-kondicionierius-lt","9":"first","10":"instock","11":"taxable","12":"shipping-taxable","13":"purchasable","14":"product-type-simple"},"yoast_head":"<!-- This site is optimized with the Yoast SEO plugin v27.4 - https:\/\/yoast.com\/product\/yoast-seo-wordpress\/ -->\n<title>#MyHero X2 atkuriamoji priemon\u0117 su kolagenu - iD Color<\/title>\n<meta name=\"description\" content=\"Atkuria plauk\u0173 pH pusiausvyr\u0105 \u2013 idealiai tinka pa\u017eeistiems, da\u017eytiems plaukams.\" \/>\n<meta name=\"robots\" content=\"index, follow, max-snippet:-1, max-image-preview:large, max-video-preview:-1\" \/>\n<link rel=\"canonical\" href=\"https:\/\/idcolor.ee\/lt\/produktas\/myhero-x2-atkuriamoji-priemone-su-kolagenu\/\" \/>\n<meta property=\"og:locale\" content=\"lt_LT\" \/>\n<meta property=\"og:type\" content=\"article\" \/>\n<meta property=\"og:title\" content=\"#MyHero X2 atkuriamoji priemon\u0117 su kolagenu - iD Color\" \/>\n<meta property=\"og:description\" content=\"Atkuria plauk\u0173 pH pusiausvyr\u0105 \u2013 idealiai tinka pa\u017eeistiems, da\u017eytiems plaukams.\" \/>\n<meta property=\"og:url\" content=\"https:\/\/idcolor.ee\/lt\/produktas\/myhero-x2-atkuriamoji-priemone-su-kolagenu\/\" \/>\n<meta property=\"og:site_name\" content=\"iD Color\" \/>\n<meta property=\"article:modified_time\" content=\"2023-10-31T22:57:27+00:00\" \/>\n<meta property=\"og:image\" content=\"https:\/\/idcolor.ee\/wp-content\/uploads\/2023\/04\/MyHero_X2.jpg\" \/>\n\t<meta property=\"og:image:width\" content=\"1080\" \/>\n\t<meta property=\"og:image:height\" content=\"1080\" \/>\n\t<meta property=\"og:image:type\" content=\"image\/jpeg\" \/>\n<meta name=\"twitter:card\" content=\"summary_large_image\" \/>\n<meta name=\"twitter:label1\" content=\"Est. reading time\" \/>\n\t<meta name=\"twitter:data1\" content=\"2 minut\u0117s\" \/>\n<script type=\"application\/ld+json\" class=\"yoast-schema-graph\">{\"@context\":\"https:\\\/\\\/schema.org\",\"@graph\":[{\"@type\":\"WebPage\",\"@id\":\"https:\\\/\\\/idcolor.ee\\\/lt\\\/produktas\\\/myhero-x2-atkuriamoji-priemone-su-kolagenu\\\/\",\"url\":\"https:\\\/\\\/idcolor.ee\\\/lt\\\/produktas\\\/myhero-x2-atkuriamoji-priemone-su-kolagenu\\\/\",\"name\":\"#MyHero X2 atkuriamoji priemon\u0117 su kolagenu - iD Color\",\"isPartOf\":{\"@id\":\"https:\\\/\\\/idcolor.ee\\\/lt\\\/#website\"},\"primaryImageOfPage\":{\"@id\":\"https:\\\/\\\/idcolor.ee\\\/lt\\\/produktas\\\/myhero-x2-atkuriamoji-priemone-su-kolagenu\\\/#primaryimage\"},\"image\":{\"@id\":\"https:\\\/\\\/idcolor.ee\\\/lt\\\/produktas\\\/myhero-x2-atkuriamoji-priemone-su-kolagenu\\\/#primaryimage\"},\"thumbnailUrl\":\"https:\\\/\\\/idcolor.ee\\\/wp-content\\\/uploads\\\/2023\\\/04\\\/MyHero_X2.jpg\",\"datePublished\":\"2023-04-20T14:28:33+00:00\",\"dateModified\":\"2023-10-31T22:57:27+00:00\",\"description\":\"Atkuria plauk\u0173 pH pusiausvyr\u0105 \u2013 idealiai tinka pa\u017eeistiems, da\u017eytiems plaukams.\",\"breadcrumb\":{\"@id\":\"https:\\\/\\\/idcolor.ee\\\/lt\\\/produktas\\\/myhero-x2-atkuriamoji-priemone-su-kolagenu\\\/#breadcrumb\"},\"inLanguage\":\"lt-LT\",\"potentialAction\":[{\"@type\":\"ReadAction\",\"target\":[\"https:\\\/\\\/idcolor.ee\\\/lt\\\/produktas\\\/myhero-x2-atkuriamoji-priemone-su-kolagenu\\\/\"]}]},{\"@type\":\"ImageObject\",\"inLanguage\":\"lt-LT\",\"@id\":\"https:\\\/\\\/idcolor.ee\\\/lt\\\/produktas\\\/myhero-x2-atkuriamoji-priemone-su-kolagenu\\\/#primaryimage\",\"url\":\"https:\\\/\\\/idcolor.ee\\\/wp-content\\\/uploads\\\/2023\\\/04\\\/MyHero_X2.jpg\",\"contentUrl\":\"https:\\\/\\\/idcolor.ee\\\/wp-content\\\/uploads\\\/2023\\\/04\\\/MyHero_X2.jpg\",\"width\":1080,\"height\":1080},{\"@type\":\"BreadcrumbList\",\"@id\":\"https:\\\/\\\/idcolor.ee\\\/lt\\\/produktas\\\/myhero-x2-atkuriamoji-priemone-su-kolagenu\\\/#breadcrumb\",\"itemListElement\":[{\"@type\":\"ListItem\",\"position\":1,\"name\":\"Home\",\"item\":\"https:\\\/\\\/idcolor.ee\\\/lt\\\/namai\\\/\"},{\"@type\":\"ListItem\",\"position\":2,\"name\":\"Parduotuv\u0117\",\"item\":\"https:\\\/\\\/idcolor.ee\\\/lt\\\/shop-2\\\/\"},{\"@type\":\"ListItem\",\"position\":3,\"name\":\"#MyHero X2 atkuriamoji priemon\u0117 su kolagenu\"}]},{\"@type\":\"WebSite\",\"@id\":\"https:\\\/\\\/idcolor.ee\\\/lt\\\/#website\",\"url\":\"https:\\\/\\\/idcolor.ee\\\/lt\\\/\",\"name\":\"iD Color\",\"description\":\"Hair care products\",\"publisher\":{\"@id\":\"https:\\\/\\\/idcolor.ee\\\/lt\\\/#organization\"},\"potentialAction\":[{\"@type\":\"SearchAction\",\"target\":{\"@type\":\"EntryPoint\",\"urlTemplate\":\"https:\\\/\\\/idcolor.ee\\\/lt\\\/?s={search_term_string}\"},\"query-input\":{\"@type\":\"PropertyValueSpecification\",\"valueRequired\":true,\"valueName\":\"search_term_string\"}}],\"inLanguage\":\"lt-LT\"},{\"@type\":\"Organization\",\"@id\":\"https:\\\/\\\/idcolor.ee\\\/lt\\\/#organization\",\"name\":\"iD Color O\u00dc\",\"url\":\"https:\\\/\\\/idcolor.ee\\\/lt\\\/\",\"logo\":{\"@type\":\"ImageObject\",\"inLanguage\":\"lt-LT\",\"@id\":\"https:\\\/\\\/idcolor.ee\\\/lt\\\/#\\\/schema\\\/logo\\\/image\\\/\",\"url\":\"https:\\\/\\\/idcolor.ee\\\/wp-content\\\/uploads\\\/2022\\\/01\\\/IDColor_Logo_1000.png\",\"contentUrl\":\"https:\\\/\\\/idcolor.ee\\\/wp-content\\\/uploads\\\/2022\\\/01\\\/IDColor_Logo_1000.png\",\"width\":1001,\"height\":354,\"caption\":\"iD Color O\u00dc\"},\"image\":{\"@id\":\"https:\\\/\\\/idcolor.ee\\\/lt\\\/#\\\/schema\\\/logo\\\/image\\\/\"}}]}<\/script>\n<!-- \/ Yoast SEO plugin. -->","yoast_head_json":{"title":"#MyHero X2 atkuriamoji priemon\u0117 su kolagenu - iD Color","description":"Atkuria plauk\u0173 pH pusiausvyr\u0105 \u2013 idealiai tinka pa\u017eeistiems, da\u017eytiems plaukams.","robots":{"index":"index","follow":"follow","max-snippet":"max-snippet:-1","max-image-preview":"max-image-preview:large","max-video-preview":"max-video-preview:-1"},"canonical":"https:\/\/idcolor.ee\/lt\/produktas\/myhero-x2-atkuriamoji-priemone-su-kolagenu\/","og_locale":"lt_LT","og_type":"article","og_title":"#MyHero X2 atkuriamoji priemon\u0117 su kolagenu - iD Color","og_description":"Atkuria plauk\u0173 pH pusiausvyr\u0105 \u2013 idealiai tinka pa\u017eeistiems, da\u017eytiems plaukams.","og_url":"https:\/\/idcolor.ee\/lt\/produktas\/myhero-x2-atkuriamoji-priemone-su-kolagenu\/","og_site_name":"iD Color","article_modified_time":"2023-10-31T22:57:27+00:00","og_image":[{"width":1080,"height":1080,"url":"https:\/\/idcolor.ee\/wp-content\/uploads\/2023\/04\/MyHero_X2.jpg","type":"image\/jpeg"}],"twitter_card":"summary_large_image","twitter_misc":{"Est. reading time":"2 minut\u0117s"},"schema":{"@context":"https:\/\/schema.org","@graph":[{"@type":"WebPage","@id":"https:\/\/idcolor.ee\/lt\/produktas\/myhero-x2-atkuriamoji-priemone-su-kolagenu\/","url":"https:\/\/idcolor.ee\/lt\/produktas\/myhero-x2-atkuriamoji-priemone-su-kolagenu\/","name":"#MyHero X2 atkuriamoji priemon\u0117 su kolagenu - iD Color","isPartOf":{"@id":"https:\/\/idcolor.ee\/lt\/#website"},"primaryImageOfPage":{"@id":"https:\/\/idcolor.ee\/lt\/produktas\/myhero-x2-atkuriamoji-priemone-su-kolagenu\/#primaryimage"},"image":{"@id":"https:\/\/idcolor.ee\/lt\/produktas\/myhero-x2-atkuriamoji-priemone-su-kolagenu\/#primaryimage"},"thumbnailUrl":"https:\/\/idcolor.ee\/wp-content\/uploads\/2023\/04\/MyHero_X2.jpg","datePublished":"2023-04-20T14:28:33+00:00","dateModified":"2023-10-31T22:57:27+00:00","description":"Atkuria plauk\u0173 pH pusiausvyr\u0105 \u2013 idealiai tinka pa\u017eeistiems, da\u017eytiems plaukams.","breadcrumb":{"@id":"https:\/\/idcolor.ee\/lt\/produktas\/myhero-x2-atkuriamoji-priemone-su-kolagenu\/#breadcrumb"},"inLanguage":"lt-LT","potentialAction":[{"@type":"ReadAction","target":["https:\/\/idcolor.ee\/lt\/produktas\/myhero-x2-atkuriamoji-priemone-su-kolagenu\/"]}]},{"@type":"ImageObject","inLanguage":"lt-LT","@id":"https:\/\/idcolor.ee\/lt\/produktas\/myhero-x2-atkuriamoji-priemone-su-kolagenu\/#primaryimage","url":"https:\/\/idcolor.ee\/wp-content\/uploads\/2023\/04\/MyHero_X2.jpg","contentUrl":"https:\/\/idcolor.ee\/wp-content\/uploads\/2023\/04\/MyHero_X2.jpg","width":1080,"height":1080},{"@type":"BreadcrumbList","@id":"https:\/\/idcolor.ee\/lt\/produktas\/myhero-x2-atkuriamoji-priemone-su-kolagenu\/#breadcrumb","itemListElement":[{"@type":"ListItem","position":1,"name":"Home","item":"https:\/\/idcolor.ee\/lt\/namai\/"},{"@type":"ListItem","position":2,"name":"Parduotuv\u0117","item":"https:\/\/idcolor.ee\/lt\/shop-2\/"},{"@type":"ListItem","position":3,"name":"#MyHero X2 atkuriamoji priemon\u0117 su kolagenu"}]},{"@type":"WebSite","@id":"https:\/\/idcolor.ee\/lt\/#website","url":"https:\/\/idcolor.ee\/lt\/","name":"iD Color","description":"Hair care products","publisher":{"@id":"https:\/\/idcolor.ee\/lt\/#organization"},"potentialAction":[{"@type":"SearchAction","target":{"@type":"EntryPoint","urlTemplate":"https:\/\/idcolor.ee\/lt\/?s={search_term_string}"},"query-input":{"@type":"PropertyValueSpecification","valueRequired":true,"valueName":"search_term_string"}}],"inLanguage":"lt-LT"},{"@type":"Organization","@id":"https:\/\/idcolor.ee\/lt\/#organization","name":"iD Color O\u00dc","url":"https:\/\/idcolor.ee\/lt\/","logo":{"@type":"ImageObject","inLanguage":"lt-LT","@id":"https:\/\/idcolor.ee\/lt\/#\/schema\/logo\/image\/","url":"https:\/\/idcolor.ee\/wp-content\/uploads\/2022\/01\/IDColor_Logo_1000.png","contentUrl":"https:\/\/idcolor.ee\/wp-content\/uploads\/2022\/01\/IDColor_Logo_1000.png","width":1001,"height":354,"caption":"iD Color O\u00dc"},"image":{"@id":"https:\/\/idcolor.ee\/lt\/#\/schema\/logo\/image\/"}}]}},"_links":{"self":[{"href":"https:\/\/idcolor.ee\/lt\/wp-json\/wp\/v2\/product\/5962","targetHints":{"allow":["GET"]}}],"collection":[{"href":"https:\/\/idcolor.ee\/lt\/wp-json\/wp\/v2\/product"}],"about":[{"href":"https:\/\/idcolor.ee\/lt\/wp-json\/wp\/v2\/types\/product"}],"wp:featuredmedia":[{"embeddable":true,"href":"https:\/\/idcolor.ee\/lt\/wp-json\/wp\/v2\/media\/5959"}],"wp:attachment":[{"href":"https:\/\/idcolor.ee\/lt\/wp-json\/wp\/v2\/media?parent=5962"}],"wp:term":[{"taxonomy":"product_brand","embeddable":true,"href":"https:\/\/idcolor.ee\/lt\/wp-json\/wp\/v2\/product_brand?post=5962"},{"taxonomy":"product_cat","embeddable":true,"href":"https:\/\/idcolor.ee\/lt\/wp-json\/wp\/v2\/product_cat?post=5962"},{"taxonomy":"product_tag","embeddable":true,"href":"https:\/\/idcolor.ee\/lt\/wp-json\/wp\/v2\/product_tag?post=5962"}],"curies":[{"name":"wp","href":"https:\/\/api.w.org\/{rel}","templated":true}]}}