{"id":6023,"date":"2023-04-23T13:10:22","date_gmt":"2023-04-23T10:10:22","guid":{"rendered":"https:\/\/idcolor.ee\/product\/k18-molecular-repair-hair-oil\/"},"modified":"2024-10-07T20:04:06","modified_gmt":"2024-10-07T17:04:06","slug":"k18-molecular-repair-hair-oil","status":"publish","type":"product","link":"https:\/\/idcolor.ee\/lt\/produktas\/k18-molecular-repair-hair-oil\/","title":{"rendered":"K18 Molecular Repair Hair Oil"},"content":{"rendered":"<div class=\"wpb-content-wrapper\"><p>[vc_row][vc_column][vc_row_inner][vc_column_inner width=&#8221;1\/4&#8243; offset=&#8221;vc_hidden-sm vc_hidden-xs&#8221; css=&#8221;.vc_custom_1643102572855{padding-right: 40% !important;}&#8221;][vc_single_image image=&#8221;4768&#8243; img_size=&#8221;full&#8221;][vc_empty_space height=&#8221;20px&#8221;][\/vc_column_inner][vc_column_inner width=&#8221;3\/4&#8243; css=&#8221;.vc_custom_1643102537405{padding-right: 70% !important;}&#8221; offset=&#8221;vc_hidden-lg vc_hidden-md&#8221;][vc_single_image image=&#8221;4768&#8243; img_size=&#8221;full&#8221;][vc_empty_space height=&#8221;20px&#8221;][\/vc_column_inner][\/vc_row_inner]<div class=\"nasa-title clearfix nasa-t hr-type-none\"><h4 class=\"nasa-heading-title\"><span class=\"nasa-title-wrap\"><span style=\"color: #000000;\">K18 Molecular Repair Hair Oil | 30 ml<\/span><\/span><\/h4><p class=\"nasa-title-desc\" style=\"color: #000000;\">SUD\u0116TYJE YRA PATENTUOTO K18 PEPTIDO<\/p><\/div>[vc_empty_space height=&#8221;20px&#8221;][vc_separator][vc_empty_space height=&#8221;10px&#8221;][vc_column_text]<strong>Suvaldykite nepaklusnius bei p\u016bstis linkusius plaukus! Naujas atstatomasis molekulin\u0117s formul\u0117s aliejus GLOTNUMAS + SPINDESYS pa\u017eeistiems plaukams. <\/strong><\/p>\n<p>Lengvas aliejus be silikono. \u0160alina \u0161iau\u0161im\u0105si sukelian\u010dius pa\u017eeidimus, u\u017etikrindamas ilgalaik\u012f poveik\u012f Akimirksniu i\u0161lygina pasi\u0161iau\u0161usius plaukus, suteikia blizgesio, suma\u017eina plauk\u0173 galiuk\u0173 skilin\u0117jim\u0105.<\/p>\n<p>Labai koncentruota formul\u0117, tinkanti vis\u0173 tip\u0173 plaukams.<\/p>\n<h4><strong>KAIP JIS VEIKIA?<\/strong><\/h4>\n<ul>\n<li><strong>Atstato pa\u017eeistus, p\u016bstis linkusius plaukus,<\/strong> panaikina aplinkos oksidacini\u0173 veiksni\u0173 sukeltus pa\u017eeidimus.<\/li>\n<li>Natural\u016bs aliejai veikdami plauko pavir\u0161i\u0173 <strong>suma\u017eina plauk\u0173 p\u016btim\u0105si bei juos glotnina.<\/strong><\/li>\n<li>Atstato plauk\u0173 dr\u0117gm\u0119 taip <strong>sustiprindamas j\u0173 blizges\u012f ir spalvos sodrum\u0105.<\/strong><\/li>\n<li><strong>Apsauga nuo kar\u0161\u010dio<\/strong> iki 232\u00b0C temperat\u016bros.<\/li>\n<\/ul>\n<h4>KOD\u0116L TAI VEIKIA?<\/h4>\n<ul>\n<li><strong>\u201eK18PEPTIDE\u2122\u201c<\/strong> sud\u0117tyje esantys peptidai \u012fsiskverbia \u012f plauk\u0105, taip suma\u017eindami jo pa\u017eeidimus bei padidina ilgalaik\u012f plauko tvirtum\u0105 ir glotnum\u0105.<\/li>\n<li><strong>Saul\u0117gra\u017e\u0173, hemiskvalano ir skvalano aliej\u0173 kompleksas<\/strong> sustiprina nat\u016bral\u0173 plauko dr\u0117gm\u0117s barjer\u0105, suma\u017eina plauko putim\u0105si bei suteikia blizgesio.<\/li>\n<li><strong>Avokad\u0173 aliejus<\/strong> apsaugo plaukus net iki iki 232\u00b0C temperat\u016bros.<\/li>\n<\/ul>\n<p>[\/vc_column_text][vc_empty_space height=&#8221;35px&#8221;][vc_separator][vc_empty_space height=&#8221;25px&#8221;][vc_row_inner equal_height=&#8221;yes&#8221; content_placement=&#8221;middle&#8221; css=&#8221;.vc_custom_1682579137134{padding-bottom: 30px !important;}&#8221;][vc_column_inner width=&#8221;1\/2&#8243;][vc_column_text]<\/p>\n<h4><strong>NAUDOJIMAS<\/strong><\/h4>\n<ul>\n<li><strong>Naudojimas ant dr\u0117gn\u0173 plauk\u0173:<\/strong> paskirstykite nedidel\u012f produkto kiek\u012f (1-2 la\u0161us) ant dr\u0117gn\u0173 plauk\u0173, prie\u0161 d\u017eiovinim\u0105 po K18 kauk\u0117s veikimo laiko. Palikite veikti 4 minutes. Formuokite \u0161ukuosen\u0105 kaip \u012fprastai.<\/li>\n<li><strong>Naudojimas ant saus\u0173 plauk\u0173:<\/strong> nor\u0117dami plaukams suteikti spindesio, baigdami formuoti plaukus u\u017etepkite ir paskirstykite nedidel\u012f produkto kiek\u012f (1-2 la\u0161us) ant saus\u0173 plauk\u0173. Palikite veikti 4 minutes. Formuokite \u0161ukuosen\u0105 kaip \u012fprastai.<\/li>\n<\/ul>\n<p><strong>KVEPIA<\/strong><br \/>\nGaivus g\u0117li\u0173 kvapas<\/p>\n<p><strong>KLINI\u0160KAI \u012eRODYTA, JOG ATKURIA PA\u017dEIST\u0172 PLAUK\u0172 STRUKT\u016aR\u0104<\/strong><br \/>\n24h trukm\u0117s poveikis*<br \/>\n104% daugiau \u017evilgesio*<br \/>\n78% suma\u017eina galiuk\u0173 skilin\u0117jim\u0105*<br \/>\n<em>* k18hairpro.com\/disclaimers<\/em><\/p>\n<p><strong>SUD\u0116TYJE N\u0116RA<\/strong> sulfat\u0173, paraben\u0173, ftalat\u0173, lelij\u0173 aldehid\u0173, silikon\u0173, dirbtini\u0173 da\u017eikli\u0173, natrio chlorido, formaldehido ir jo produkt\u0173. <strong>Produktas yra vegani\u0161kas ir puikiai veikia.<\/strong>[\/vc_column_text][\/vc_column_inner][vc_column_inner width=&#8221;1\/2&#8243;][vc_single_image image=&#8221;5969&#8243; img_size=&#8221;full&#8221; alignment=&#8221;center&#8221;][\/vc_column_inner][\/vc_row_inner][vc_empty_space height=&#8221;20px&#8221;][vc_separator][vc_empty_space height=&#8221;20px&#8221;][vc_column_text]<\/p>\n<h4><strong>Saugos reikalavimai<\/strong><\/h4>\n<div class=\"accordion__copy--inner\" data-accordion-copy-text=\"\">\n<p>Venkite kontakto su akimis. Vartoti tik i\u0161ori\u0161kai. Esant neigiamai reakcijai, nedelsiant kreipkit\u0117s \u012f gydytoj\u0105. Laikykite vaikams nepasiekiamoje ir neprieinamoje vietoje.<\/p>\n<\/div>\n<p>[\/vc_column_text][vc_empty_space height=&#8221;10px&#8221;][\/vc_column][\/vc_row]<\/p>\n<\/div>","protected":false},"excerpt":{"rendered":"<h5><strong>30 ml<br \/>\n<\/strong><\/h5>\n<p><strong>Suvaldykite nepaklusnius bei p\u016bstis linkusius plaukus! Naujas atstatomasis molekulin\u0117s formul\u0117s aliejus GLOTNUMAS + SPINDESYS pa\u017eeistiems plaukams. <\/strong>Lengvas aliejus be silikono. \u0160alina \u0161iau\u0161im\u0105si sukelian\u010dius pa\u017eeidimus, u\u017etikrindamas ilgalaik\u012f poveik\u012f Akimirksniu i\u0161lygina pasi\u0161iau\u0161usius plaukus, suteikia blizgesio, suma\u017eina plauk\u0173 galiuk\u0173 skilin\u0117jim\u0105.<\/p>\n","protected":false},"featured_media":5974,"template":"","meta":[],"product_brand":[],"product_cat":[316],"product_tag":[],"class_list":{"0":"post-6023","1":"product","2":"type-product","3":"status-publish","4":"has-post-thumbnail","6":"product_cat-k18-hair-lt","8":"first","9":"instock","10":"taxable","11":"shipping-taxable","12":"purchasable","13":"product-type-simple"},"yoast_head":"<!-- This site is optimized with the Yoast SEO plugin v27.4 - https:\/\/yoast.com\/product\/yoast-seo-wordpress\/ -->\n<title>K18 Molecular Repair Hair Oil - iD Color<\/title>\n<meta name=\"description\" content=\"Suvaldykite nepaklusnius bei p\u016bstis linkusius plaukus! Naujas atstatomasis molekulin\u0117s formul\u0117s aliejus GLOTNUMAS + SPINDESYS pa\u017eeistiems plaukams.\" \/>\n<meta name=\"robots\" content=\"index, follow, max-snippet:-1, max-image-preview:large, max-video-preview:-1\" \/>\n<link rel=\"canonical\" href=\"https:\/\/idcolor.ee\/lt\/produktas\/k18-molecular-repair-hair-oil\/\" \/>\n<meta property=\"og:locale\" content=\"lt_LT\" \/>\n<meta property=\"og:type\" content=\"article\" \/>\n<meta property=\"og:title\" content=\"K18 Molecular Repair Hair Oil - iD Color\" \/>\n<meta property=\"og:description\" content=\"Suvaldykite nepaklusnius bei p\u016bstis linkusius plaukus! Naujas atstatomasis molekulin\u0117s formul\u0117s aliejus GLOTNUMAS + SPINDESYS pa\u017eeistiems plaukams.\" \/>\n<meta property=\"og:url\" content=\"https:\/\/idcolor.ee\/lt\/produktas\/k18-molecular-repair-hair-oil\/\" \/>\n<meta property=\"og:site_name\" content=\"iD Color\" \/>\n<meta property=\"article:modified_time\" content=\"2024-10-07T17:04:06+00:00\" \/>\n<meta property=\"og:image\" content=\"https:\/\/idcolor.ee\/wp-content\/uploads\/2023\/04\/K18_Oil_30ml.jpg\" \/>\n\t<meta property=\"og:image:width\" content=\"1080\" \/>\n\t<meta property=\"og:image:height\" content=\"1080\" \/>\n\t<meta property=\"og:image:type\" content=\"image\/jpeg\" \/>\n<meta name=\"twitter:card\" content=\"summary_large_image\" \/>\n<meta name=\"twitter:label1\" content=\"Est. reading time\" \/>\n\t<meta name=\"twitter:data1\" content=\"2 minut\u0117s\" \/>\n<script type=\"application\/ld+json\" class=\"yoast-schema-graph\">{\"@context\":\"https:\\\/\\\/schema.org\",\"@graph\":[{\"@type\":\"WebPage\",\"@id\":\"https:\\\/\\\/idcolor.ee\\\/lt\\\/produktas\\\/k18-molecular-repair-hair-oil\\\/\",\"url\":\"https:\\\/\\\/idcolor.ee\\\/lt\\\/produktas\\\/k18-molecular-repair-hair-oil\\\/\",\"name\":\"K18 Molecular Repair Hair Oil - iD Color\",\"isPartOf\":{\"@id\":\"https:\\\/\\\/idcolor.ee\\\/lt\\\/#website\"},\"primaryImageOfPage\":{\"@id\":\"https:\\\/\\\/idcolor.ee\\\/lt\\\/produktas\\\/k18-molecular-repair-hair-oil\\\/#primaryimage\"},\"image\":{\"@id\":\"https:\\\/\\\/idcolor.ee\\\/lt\\\/produktas\\\/k18-molecular-repair-hair-oil\\\/#primaryimage\"},\"thumbnailUrl\":\"https:\\\/\\\/idcolor.ee\\\/wp-content\\\/uploads\\\/2023\\\/04\\\/K18_Oil_30ml.jpg\",\"datePublished\":\"2023-04-23T10:10:22+00:00\",\"dateModified\":\"2024-10-07T17:04:06+00:00\",\"description\":\"Suvaldykite nepaklusnius bei p\u016bstis linkusius plaukus! Naujas atstatomasis molekulin\u0117s formul\u0117s aliejus GLOTNUMAS + SPINDESYS pa\u017eeistiems plaukams.\",\"breadcrumb\":{\"@id\":\"https:\\\/\\\/idcolor.ee\\\/lt\\\/produktas\\\/k18-molecular-repair-hair-oil\\\/#breadcrumb\"},\"inLanguage\":\"lt-LT\",\"potentialAction\":[{\"@type\":\"ReadAction\",\"target\":[\"https:\\\/\\\/idcolor.ee\\\/lt\\\/produktas\\\/k18-molecular-repair-hair-oil\\\/\"]}]},{\"@type\":\"ImageObject\",\"inLanguage\":\"lt-LT\",\"@id\":\"https:\\\/\\\/idcolor.ee\\\/lt\\\/produktas\\\/k18-molecular-repair-hair-oil\\\/#primaryimage\",\"url\":\"https:\\\/\\\/idcolor.ee\\\/wp-content\\\/uploads\\\/2023\\\/04\\\/K18_Oil_30ml.jpg\",\"contentUrl\":\"https:\\\/\\\/idcolor.ee\\\/wp-content\\\/uploads\\\/2023\\\/04\\\/K18_Oil_30ml.jpg\",\"width\":1080,\"height\":1080},{\"@type\":\"BreadcrumbList\",\"@id\":\"https:\\\/\\\/idcolor.ee\\\/lt\\\/produktas\\\/k18-molecular-repair-hair-oil\\\/#breadcrumb\",\"itemListElement\":[{\"@type\":\"ListItem\",\"position\":1,\"name\":\"Home\",\"item\":\"https:\\\/\\\/idcolor.ee\\\/lt\\\/namai\\\/\"},{\"@type\":\"ListItem\",\"position\":2,\"name\":\"Parduotuv\u0117\",\"item\":\"https:\\\/\\\/idcolor.ee\\\/lt\\\/shop-2\\\/\"},{\"@type\":\"ListItem\",\"position\":3,\"name\":\"K18 Molecular Repair Hair Oil\"}]},{\"@type\":\"WebSite\",\"@id\":\"https:\\\/\\\/idcolor.ee\\\/lt\\\/#website\",\"url\":\"https:\\\/\\\/idcolor.ee\\\/lt\\\/\",\"name\":\"iD Color\",\"description\":\"Hair care products\",\"publisher\":{\"@id\":\"https:\\\/\\\/idcolor.ee\\\/lt\\\/#organization\"},\"potentialAction\":[{\"@type\":\"SearchAction\",\"target\":{\"@type\":\"EntryPoint\",\"urlTemplate\":\"https:\\\/\\\/idcolor.ee\\\/lt\\\/?s={search_term_string}\"},\"query-input\":{\"@type\":\"PropertyValueSpecification\",\"valueRequired\":true,\"valueName\":\"search_term_string\"}}],\"inLanguage\":\"lt-LT\"},{\"@type\":\"Organization\",\"@id\":\"https:\\\/\\\/idcolor.ee\\\/lt\\\/#organization\",\"name\":\"iD Color O\u00dc\",\"url\":\"https:\\\/\\\/idcolor.ee\\\/lt\\\/\",\"logo\":{\"@type\":\"ImageObject\",\"inLanguage\":\"lt-LT\",\"@id\":\"https:\\\/\\\/idcolor.ee\\\/lt\\\/#\\\/schema\\\/logo\\\/image\\\/\",\"url\":\"https:\\\/\\\/idcolor.ee\\\/wp-content\\\/uploads\\\/2022\\\/01\\\/IDColor_Logo_1000.png\",\"contentUrl\":\"https:\\\/\\\/idcolor.ee\\\/wp-content\\\/uploads\\\/2022\\\/01\\\/IDColor_Logo_1000.png\",\"width\":1001,\"height\":354,\"caption\":\"iD Color O\u00dc\"},\"image\":{\"@id\":\"https:\\\/\\\/idcolor.ee\\\/lt\\\/#\\\/schema\\\/logo\\\/image\\\/\"}}]}<\/script>\n<!-- \/ Yoast SEO plugin. -->","yoast_head_json":{"title":"K18 Molecular Repair Hair Oil - iD Color","description":"Suvaldykite nepaklusnius bei p\u016bstis linkusius plaukus! Naujas atstatomasis molekulin\u0117s formul\u0117s aliejus GLOTNUMAS + SPINDESYS pa\u017eeistiems plaukams.","robots":{"index":"index","follow":"follow","max-snippet":"max-snippet:-1","max-image-preview":"max-image-preview:large","max-video-preview":"max-video-preview:-1"},"canonical":"https:\/\/idcolor.ee\/lt\/produktas\/k18-molecular-repair-hair-oil\/","og_locale":"lt_LT","og_type":"article","og_title":"K18 Molecular Repair Hair Oil - iD Color","og_description":"Suvaldykite nepaklusnius bei p\u016bstis linkusius plaukus! Naujas atstatomasis molekulin\u0117s formul\u0117s aliejus GLOTNUMAS + SPINDESYS pa\u017eeistiems plaukams.","og_url":"https:\/\/idcolor.ee\/lt\/produktas\/k18-molecular-repair-hair-oil\/","og_site_name":"iD Color","article_modified_time":"2024-10-07T17:04:06+00:00","og_image":[{"width":1080,"height":1080,"url":"https:\/\/idcolor.ee\/wp-content\/uploads\/2023\/04\/K18_Oil_30ml.jpg","type":"image\/jpeg"}],"twitter_card":"summary_large_image","twitter_misc":{"Est. reading time":"2 minut\u0117s"},"schema":{"@context":"https:\/\/schema.org","@graph":[{"@type":"WebPage","@id":"https:\/\/idcolor.ee\/lt\/produktas\/k18-molecular-repair-hair-oil\/","url":"https:\/\/idcolor.ee\/lt\/produktas\/k18-molecular-repair-hair-oil\/","name":"K18 Molecular Repair Hair Oil - iD Color","isPartOf":{"@id":"https:\/\/idcolor.ee\/lt\/#website"},"primaryImageOfPage":{"@id":"https:\/\/idcolor.ee\/lt\/produktas\/k18-molecular-repair-hair-oil\/#primaryimage"},"image":{"@id":"https:\/\/idcolor.ee\/lt\/produktas\/k18-molecular-repair-hair-oil\/#primaryimage"},"thumbnailUrl":"https:\/\/idcolor.ee\/wp-content\/uploads\/2023\/04\/K18_Oil_30ml.jpg","datePublished":"2023-04-23T10:10:22+00:00","dateModified":"2024-10-07T17:04:06+00:00","description":"Suvaldykite nepaklusnius bei p\u016bstis linkusius plaukus! Naujas atstatomasis molekulin\u0117s formul\u0117s aliejus GLOTNUMAS + SPINDESYS pa\u017eeistiems plaukams.","breadcrumb":{"@id":"https:\/\/idcolor.ee\/lt\/produktas\/k18-molecular-repair-hair-oil\/#breadcrumb"},"inLanguage":"lt-LT","potentialAction":[{"@type":"ReadAction","target":["https:\/\/idcolor.ee\/lt\/produktas\/k18-molecular-repair-hair-oil\/"]}]},{"@type":"ImageObject","inLanguage":"lt-LT","@id":"https:\/\/idcolor.ee\/lt\/produktas\/k18-molecular-repair-hair-oil\/#primaryimage","url":"https:\/\/idcolor.ee\/wp-content\/uploads\/2023\/04\/K18_Oil_30ml.jpg","contentUrl":"https:\/\/idcolor.ee\/wp-content\/uploads\/2023\/04\/K18_Oil_30ml.jpg","width":1080,"height":1080},{"@type":"BreadcrumbList","@id":"https:\/\/idcolor.ee\/lt\/produktas\/k18-molecular-repair-hair-oil\/#breadcrumb","itemListElement":[{"@type":"ListItem","position":1,"name":"Home","item":"https:\/\/idcolor.ee\/lt\/namai\/"},{"@type":"ListItem","position":2,"name":"Parduotuv\u0117","item":"https:\/\/idcolor.ee\/lt\/shop-2\/"},{"@type":"ListItem","position":3,"name":"K18 Molecular Repair Hair Oil"}]},{"@type":"WebSite","@id":"https:\/\/idcolor.ee\/lt\/#website","url":"https:\/\/idcolor.ee\/lt\/","name":"iD Color","description":"Hair care products","publisher":{"@id":"https:\/\/idcolor.ee\/lt\/#organization"},"potentialAction":[{"@type":"SearchAction","target":{"@type":"EntryPoint","urlTemplate":"https:\/\/idcolor.ee\/lt\/?s={search_term_string}"},"query-input":{"@type":"PropertyValueSpecification","valueRequired":true,"valueName":"search_term_string"}}],"inLanguage":"lt-LT"},{"@type":"Organization","@id":"https:\/\/idcolor.ee\/lt\/#organization","name":"iD Color O\u00dc","url":"https:\/\/idcolor.ee\/lt\/","logo":{"@type":"ImageObject","inLanguage":"lt-LT","@id":"https:\/\/idcolor.ee\/lt\/#\/schema\/logo\/image\/","url":"https:\/\/idcolor.ee\/wp-content\/uploads\/2022\/01\/IDColor_Logo_1000.png","contentUrl":"https:\/\/idcolor.ee\/wp-content\/uploads\/2022\/01\/IDColor_Logo_1000.png","width":1001,"height":354,"caption":"iD Color O\u00dc"},"image":{"@id":"https:\/\/idcolor.ee\/lt\/#\/schema\/logo\/image\/"}}]}},"_links":{"self":[{"href":"https:\/\/idcolor.ee\/lt\/wp-json\/wp\/v2\/product\/6023","targetHints":{"allow":["GET"]}}],"collection":[{"href":"https:\/\/idcolor.ee\/lt\/wp-json\/wp\/v2\/product"}],"about":[{"href":"https:\/\/idcolor.ee\/lt\/wp-json\/wp\/v2\/types\/product"}],"wp:featuredmedia":[{"embeddable":true,"href":"https:\/\/idcolor.ee\/lt\/wp-json\/wp\/v2\/media\/5974"}],"wp:attachment":[{"href":"https:\/\/idcolor.ee\/lt\/wp-json\/wp\/v2\/media?parent=6023"}],"wp:term":[{"taxonomy":"product_brand","embeddable":true,"href":"https:\/\/idcolor.ee\/lt\/wp-json\/wp\/v2\/product_brand?post=6023"},{"taxonomy":"product_cat","embeddable":true,"href":"https:\/\/idcolor.ee\/lt\/wp-json\/wp\/v2\/product_cat?post=6023"},{"taxonomy":"product_tag","embeddable":true,"href":"https:\/\/idcolor.ee\/lt\/wp-json\/wp\/v2\/product_tag?post=6023"}],"curies":[{"name":"wp","href":"https:\/\/api.w.org\/{rel}","templated":true}]}}