{"id":6611,"date":"2024-10-07T19:10:03","date_gmt":"2024-10-07T16:10:03","guid":{"rendered":"https:\/\/idcolor.ee\/?post_type=product&#038;p=6611"},"modified":"2024-10-07T19:38:23","modified_gmt":"2024-10-07T16:38:23","slug":"k18-mini-damage-shield-apsauginis-kondicionierius-53-ml","status":"publish","type":"product","link":"https:\/\/idcolor.ee\/lt\/produktas\/k18-mini-damage-shield-apsauginis-kondicionierius-53-ml\/","title":{"rendered":"K18 MINI Damage Shield apsauginis kondicionierius 53 ml"},"content":{"rendered":"<div class=\"wpb-content-wrapper\"><p>[vc_row][vc_column][vc_row_inner][vc_column_inner width=&#8221;1\/4&#8243; offset=&#8221;vc_hidden-sm vc_hidden-xs&#8221; css=&#8221;.vc_custom_1643102572855{padding-right: 40% !important;}&#8221;][vc_single_image image=&#8221;4768&#8243; img_size=&#8221;full&#8221;][vc_empty_space height=&#8221;20px&#8221;][\/vc_column_inner][vc_column_inner width=&#8221;3\/4&#8243; css=&#8221;.vc_custom_1643102537405{padding-right: 70% !important;}&#8221; offset=&#8221;vc_hidden-lg vc_hidden-md&#8221;][vc_single_image image=&#8221;4768&#8243; img_size=&#8221;full&#8221;][vc_empty_space height=&#8221;20px&#8221;][\/vc_column_inner][\/vc_row_inner]<div class=\"nasa-title clearfix nasa-t hr-type-none\"><h4 class=\"nasa-heading-title\"><span class=\"nasa-title-wrap\"><span style=\"color: #000000;\">K18 MINI Damage Shield apsauginis kondicionierius | 53 ml<\/span><\/span><\/h4><p class=\"nasa-title-desc\" style=\"color: #000000;\">PIRMASIS PASIRINKIMAS APSAUGOTI PLAUKUS NUO KASDIEN\u0116S \u017dALOS<\/p><\/div>[vc_empty_space height=&#8221;20px&#8221;][vc_separator][vc_empty_space height=&#8221;10px&#8221;][vc_column_text]\u0160is maitinamasis, apsauginis kondicionierius apsaugo plaukus nuo kasdien\u0117s \u017ealos ir padeda i\u0161saugoti plauk\u0173 b\u016bkl\u0119, pagerinti j\u0173 glotnum\u0105 ir blizges\u012f. Sukurta taip, kad mink\u0161tint\u0173 plaukus ir pad\u0117t\u0173 juos i\u0161\u0161ukuoti. Sud\u0117tyje esantis \u201eK18Peptide\u2122\u201c padeda maitinti plaukus plovimo metu.<\/p>\n<h4><strong>KAIP JIS VEIKIA?<\/strong><\/h4>\n<p>Klini\u0161kai \u012frodyta, kad \u0161is kondicionierius iki 3 dien\u0173 apsaugo nuo UV spinduli\u0173, mechaninio modeliavimo ir aplinkos agresori\u0173 daromos \u017ealos. Stiprina, mink\u0161tina ir palengvina plauk\u0173 i\u0161\u0161ukavim\u0105.<\/p>\n<ul>\n<li><strong>Apsaugo nuo \u017ealos.<\/strong> \u0160is kondicionierius iki 3 dien\u0173 apsaugo nuo UV spinduli\u0173, aplinkos agresori\u0173 ir kasdienio mechaninio modeliavimo poveikio.<\/li>\n<li><strong>Palaiko sveik\u0105 plauk\u0173 b\u016bkl\u0119.<\/strong> Stiprina i\u0161orinius lipidinius plauk\u0173 barjerus, tod\u0117l plaukai tampa elastingesni ir atsparesni pa\u017eeidimams. Peptidas \u201eK18Peptide\u2122\u201c papildo plovimo metu prarastus plauk\u0173 baltymus.<\/li>\n<li><strong>Stiprina nat\u016bral\u0173 plauk\u0173 blizges\u012f.<\/strong> Optimizuoto pH formul\u0117 suma\u017eina perteklin\u012f kutikul\u0117s paburkim\u0105 plaunant, tod\u0117l plaukai i\u0161lieka glotn\u016bs ir spindintys.<\/li>\n<\/ul>\n<h4>KOD\u0116L TAI VEIKIA?<\/h4>\n<ul>\n<li><strong>Biotechnologij\u0173 pagrindu sukurtas polisacharidas<\/strong> veikia kaip biomimetinis skydas ir apsaugo plaukus nuo tar\u0161os ir aplinkos agresori\u0173.<\/li>\n<li><strong>Stiprinamasis keramid\u0173 mi\u0161inys<\/strong> u\u017edaro pa\u017eeistas plauko kutikul\u0117s vietas, \u0161velnina ir apsaugo plaukus nuo tolesnio pa\u017eeidimo.<\/li>\n<li>Peptidas <strong>\u201eK18Peptide\u2122\u201c<\/strong> papildo plovimo metu prarastus plauk\u0173 baltymus.<\/li>\n<\/ul>\n<h4><strong>KLINI\u0160KAI \u012eRODYTAS VEIKSMINGUMAS*<\/strong><\/h4>\n<ul>\n<li>Klini\u0161kai \u012frodyta, kad \u0161is kondicionierius iki 3 dien\u0173 apsaugo nuo UV spinduli\u0173, mechaninio modeliavimo ir aplinkos agresori\u0173 daromos \u017ealos*<\/li>\n<li>94 proc. respondent\u0173 sutinka, kad plaukai tampa lengvesni*<\/li>\n<li>91 proc. respondent\u0173 sutinka, kad plaukai tampa \u0161velnesni*<\/li>\n<\/ul>\n<p><a href=\"https:\/\/www.k18hairpro.com\/pages\/disclaimers\" target=\"_blank\" rel=\"noopener\"><em>* k18hairpro.com\/disclaimers<\/em><\/a>[\/vc_column_text][vc_row_inner css=&#8221;.vc_custom_1641810793016{padding-bottom: 30px !important;}&#8221;][vc_column_inner width=&#8221;1\/2&#8243;][vc_empty_space height=&#8221;35px&#8221;][vc_column_text]<\/p>\n<h4><strong>NAUDOJIMAS<\/strong><\/h4>\n<ol>\n<li>I\u0161plaukite plaukus.<\/li>\n<li>Nedidel\u012f kiek\u012f <strong>apsauginio kondicionieriaus \u201eDAMAGE SHIELD\u201c<\/strong> u\u017etepkite nuo plauk\u0173 vidurio iki gal\u0173.<\/li>\n<li>Kruop\u0161\u010diai i\u0161skalauti.<\/li>\n<\/ol>\n<p>Kad pasiektum\u0117te geriausi\u0173 rezultat\u0173, naudokite po galvos plovimo su <strong>pH saugan\u010diu \u0161amp\u016bnu \u201eDAMAGE SHIELD\u201c.<\/strong>[\/vc_column_text][vc_empty_space height=&#8221;35px&#8221;][vc_separator align=&#8221;align_left&#8221; el_width=&#8221;20&#8243;][vc_empty_space height=&#8221;20px&#8221;][vc_column_text]<strong>KVEPIA<\/strong><br \/>\nCitrusiniais vaisiais<\/p>\n<p><strong>SUD\u0116TYJE N\u0116RA<\/strong> ftalat\u0173, formaldehido ar formaldehid\u0105 i\u0161skirian\u010di\u0173 med\u017eiag\u0173, oksibenzono ir oktinoksato ir kt.[\/vc_column_text][\/vc_column_inner][vc_column_inner width=&#8221;1\/2&#8243;][vc_empty_space height=&#8221;35px&#8221;][vc_single_image image=&#8221;6386&#8243; img_size=&#8221;full&#8221; alignment=&#8221;center&#8221;][\/vc_column_inner][\/vc_row_inner][vc_empty_space height=&#8221;35px&#8221;][vc_separator][vc_empty_space height=&#8221;20px&#8221;][vc_column_text]<\/p>\n<h4><strong>Saugos reikalavimai<\/strong><\/h4>\n<div class=\"accordion__copy--inner\" data-accordion-copy-text=\"\">\n<p>Venkite kontakto su akimis. Vartoti tik i\u0161ori\u0161kai. Esant neigiamai reakcijai, nedelsiant kreipkit\u0117s \u012f gydytoj\u0105. Laikykite vaikams nepasiekiamoje ir neprieinamoje vietoje.<\/p>\n<\/div>\n<p>[\/vc_column_text][vc_empty_space height=&#8221;10px&#8221;][\/vc_column][\/vc_row]<\/p>\n<\/div>","protected":false},"excerpt":{"rendered":"<h5><strong>53 ml<br \/>\n<\/strong><\/h5>\n<p>\u0160is maitinamasis, apsauginis kondicionierius apsaugo plaukus nuo kasdien\u0117s \u017ealos ir padeda i\u0161saugoti plauk\u0173 b\u016bkl\u0119, pagerinti j\u0173 glotnum\u0105 ir blizges\u012f.<\/p>\n<p>SUD\u0116TYJE YRA PATENTUOTO K18 PEPTIDO<\/p>\n","protected":false},"featured_media":6598,"template":"","meta":[],"product_brand":[],"product_cat":[316],"product_tag":[],"class_list":{"0":"post-6611","1":"product","2":"type-product","3":"status-publish","4":"has-post-thumbnail","6":"product_cat-k18-hair-lt","8":"first","9":"outofstock","10":"taxable","11":"shipping-taxable","12":"purchasable","13":"product-type-simple"},"yoast_head":"<!-- This site is optimized with the Yoast SEO plugin v27.3 - https:\/\/yoast.com\/product\/yoast-seo-wordpress\/ -->\n<title>K18 MINI Damage Shield apsauginis kondicionierius 53 ml - iD Color<\/title>\n<meta name=\"robots\" content=\"index, follow, max-snippet:-1, max-image-preview:large, max-video-preview:-1\" \/>\n<link rel=\"canonical\" href=\"https:\/\/idcolor.ee\/lt\/produktas\/k18-mini-damage-shield-apsauginis-kondicionierius-53-ml\/\" \/>\n<meta property=\"og:locale\" content=\"lt_LT\" \/>\n<meta property=\"og:type\" content=\"article\" \/>\n<meta property=\"og:title\" content=\"K18 MINI Damage Shield apsauginis kondicionierius 53 ml - iD Color\" \/>\n<meta property=\"og:description\" content=\"53 ml  \u0160is maitinamasis, apsauginis kondicionierius apsaugo plaukus nuo kasdien\u0117s \u017ealos ir padeda i\u0161saugoti plauk\u0173 b\u016bkl\u0119, pagerinti j\u0173 glotnum\u0105 ir blizges\u012f.  SUD\u0116TYJE YRA PATENTUOTO K18 PEPTIDO\" \/>\n<meta property=\"og:url\" content=\"https:\/\/idcolor.ee\/lt\/produktas\/k18-mini-damage-shield-apsauginis-kondicionierius-53-ml\/\" \/>\n<meta property=\"og:site_name\" content=\"iD Color\" \/>\n<meta property=\"article:modified_time\" content=\"2024-10-07T16:38:23+00:00\" \/>\n<meta property=\"og:image\" content=\"https:\/\/idcolor.ee\/wp-content\/uploads\/2024\/10\/K18MINI_DamageShield_Conditioner_53ml.jpg\" \/>\n\t<meta property=\"og:image:width\" content=\"1080\" \/>\n\t<meta property=\"og:image:height\" content=\"1080\" \/>\n\t<meta property=\"og:image:type\" content=\"image\/jpeg\" \/>\n<meta name=\"twitter:card\" content=\"summary_large_image\" \/>\n<meta name=\"twitter:label1\" content=\"Est. reading time\" \/>\n\t<meta name=\"twitter:data1\" content=\"2 minut\u0117s\" \/>\n<script type=\"application\/ld+json\" class=\"yoast-schema-graph\">{\"@context\":\"https:\\\/\\\/schema.org\",\"@graph\":[{\"@type\":\"WebPage\",\"@id\":\"https:\\\/\\\/idcolor.ee\\\/lt\\\/produktas\\\/k18-mini-damage-shield-apsauginis-kondicionierius-53-ml\\\/\",\"url\":\"https:\\\/\\\/idcolor.ee\\\/lt\\\/produktas\\\/k18-mini-damage-shield-apsauginis-kondicionierius-53-ml\\\/\",\"name\":\"K18 MINI Damage Shield apsauginis kondicionierius 53 ml - iD Color\",\"isPartOf\":{\"@id\":\"https:\\\/\\\/idcolor.ee\\\/lt\\\/#website\"},\"primaryImageOfPage\":{\"@id\":\"https:\\\/\\\/idcolor.ee\\\/lt\\\/produktas\\\/k18-mini-damage-shield-apsauginis-kondicionierius-53-ml\\\/#primaryimage\"},\"image\":{\"@id\":\"https:\\\/\\\/idcolor.ee\\\/lt\\\/produktas\\\/k18-mini-damage-shield-apsauginis-kondicionierius-53-ml\\\/#primaryimage\"},\"thumbnailUrl\":\"https:\\\/\\\/idcolor.ee\\\/wp-content\\\/uploads\\\/2024\\\/10\\\/K18MINI_DamageShield_Conditioner_53ml.jpg\",\"datePublished\":\"2024-10-07T16:10:03+00:00\",\"dateModified\":\"2024-10-07T16:38:23+00:00\",\"breadcrumb\":{\"@id\":\"https:\\\/\\\/idcolor.ee\\\/lt\\\/produktas\\\/k18-mini-damage-shield-apsauginis-kondicionierius-53-ml\\\/#breadcrumb\"},\"inLanguage\":\"lt-LT\",\"potentialAction\":[{\"@type\":\"ReadAction\",\"target\":[\"https:\\\/\\\/idcolor.ee\\\/lt\\\/produktas\\\/k18-mini-damage-shield-apsauginis-kondicionierius-53-ml\\\/\"]}]},{\"@type\":\"ImageObject\",\"inLanguage\":\"lt-LT\",\"@id\":\"https:\\\/\\\/idcolor.ee\\\/lt\\\/produktas\\\/k18-mini-damage-shield-apsauginis-kondicionierius-53-ml\\\/#primaryimage\",\"url\":\"https:\\\/\\\/idcolor.ee\\\/wp-content\\\/uploads\\\/2024\\\/10\\\/K18MINI_DamageShield_Conditioner_53ml.jpg\",\"contentUrl\":\"https:\\\/\\\/idcolor.ee\\\/wp-content\\\/uploads\\\/2024\\\/10\\\/K18MINI_DamageShield_Conditioner_53ml.jpg\",\"width\":1080,\"height\":1080},{\"@type\":\"BreadcrumbList\",\"@id\":\"https:\\\/\\\/idcolor.ee\\\/lt\\\/produktas\\\/k18-mini-damage-shield-apsauginis-kondicionierius-53-ml\\\/#breadcrumb\",\"itemListElement\":[{\"@type\":\"ListItem\",\"position\":1,\"name\":\"Home\",\"item\":\"https:\\\/\\\/idcolor.ee\\\/lt\\\/namai\\\/\"},{\"@type\":\"ListItem\",\"position\":2,\"name\":\"Parduotuv\u0117\",\"item\":\"https:\\\/\\\/idcolor.ee\\\/lt\\\/shop-2\\\/\"},{\"@type\":\"ListItem\",\"position\":3,\"name\":\"K18 MINI Damage Shield apsauginis kondicionierius 53 ml\"}]},{\"@type\":\"WebSite\",\"@id\":\"https:\\\/\\\/idcolor.ee\\\/lt\\\/#website\",\"url\":\"https:\\\/\\\/idcolor.ee\\\/lt\\\/\",\"name\":\"iD Color\",\"description\":\"Hair care products\",\"publisher\":{\"@id\":\"https:\\\/\\\/idcolor.ee\\\/lt\\\/#organization\"},\"potentialAction\":[{\"@type\":\"SearchAction\",\"target\":{\"@type\":\"EntryPoint\",\"urlTemplate\":\"https:\\\/\\\/idcolor.ee\\\/lt\\\/?s={search_term_string}\"},\"query-input\":{\"@type\":\"PropertyValueSpecification\",\"valueRequired\":true,\"valueName\":\"search_term_string\"}}],\"inLanguage\":\"lt-LT\"},{\"@type\":\"Organization\",\"@id\":\"https:\\\/\\\/idcolor.ee\\\/lt\\\/#organization\",\"name\":\"iD Color O\u00dc\",\"url\":\"https:\\\/\\\/idcolor.ee\\\/lt\\\/\",\"logo\":{\"@type\":\"ImageObject\",\"inLanguage\":\"lt-LT\",\"@id\":\"https:\\\/\\\/idcolor.ee\\\/lt\\\/#\\\/schema\\\/logo\\\/image\\\/\",\"url\":\"https:\\\/\\\/idcolor.ee\\\/wp-content\\\/uploads\\\/2022\\\/01\\\/IDColor_Logo_1000.png\",\"contentUrl\":\"https:\\\/\\\/idcolor.ee\\\/wp-content\\\/uploads\\\/2022\\\/01\\\/IDColor_Logo_1000.png\",\"width\":1001,\"height\":354,\"caption\":\"iD Color O\u00dc\"},\"image\":{\"@id\":\"https:\\\/\\\/idcolor.ee\\\/lt\\\/#\\\/schema\\\/logo\\\/image\\\/\"}}]}<\/script>\n<!-- \/ Yoast SEO plugin. -->","yoast_head_json":{"title":"K18 MINI Damage Shield apsauginis kondicionierius 53 ml - iD Color","robots":{"index":"index","follow":"follow","max-snippet":"max-snippet:-1","max-image-preview":"max-image-preview:large","max-video-preview":"max-video-preview:-1"},"canonical":"https:\/\/idcolor.ee\/lt\/produktas\/k18-mini-damage-shield-apsauginis-kondicionierius-53-ml\/","og_locale":"lt_LT","og_type":"article","og_title":"K18 MINI Damage Shield apsauginis kondicionierius 53 ml - iD Color","og_description":"53 ml  \u0160is maitinamasis, apsauginis kondicionierius apsaugo plaukus nuo kasdien\u0117s \u017ealos ir padeda i\u0161saugoti plauk\u0173 b\u016bkl\u0119, pagerinti j\u0173 glotnum\u0105 ir blizges\u012f.  SUD\u0116TYJE YRA PATENTUOTO K18 PEPTIDO","og_url":"https:\/\/idcolor.ee\/lt\/produktas\/k18-mini-damage-shield-apsauginis-kondicionierius-53-ml\/","og_site_name":"iD Color","article_modified_time":"2024-10-07T16:38:23+00:00","og_image":[{"width":1080,"height":1080,"url":"https:\/\/idcolor.ee\/wp-content\/uploads\/2024\/10\/K18MINI_DamageShield_Conditioner_53ml.jpg","type":"image\/jpeg"}],"twitter_card":"summary_large_image","twitter_misc":{"Est. reading time":"2 minut\u0117s"},"schema":{"@context":"https:\/\/schema.org","@graph":[{"@type":"WebPage","@id":"https:\/\/idcolor.ee\/lt\/produktas\/k18-mini-damage-shield-apsauginis-kondicionierius-53-ml\/","url":"https:\/\/idcolor.ee\/lt\/produktas\/k18-mini-damage-shield-apsauginis-kondicionierius-53-ml\/","name":"K18 MINI Damage Shield apsauginis kondicionierius 53 ml - iD Color","isPartOf":{"@id":"https:\/\/idcolor.ee\/lt\/#website"},"primaryImageOfPage":{"@id":"https:\/\/idcolor.ee\/lt\/produktas\/k18-mini-damage-shield-apsauginis-kondicionierius-53-ml\/#primaryimage"},"image":{"@id":"https:\/\/idcolor.ee\/lt\/produktas\/k18-mini-damage-shield-apsauginis-kondicionierius-53-ml\/#primaryimage"},"thumbnailUrl":"https:\/\/idcolor.ee\/wp-content\/uploads\/2024\/10\/K18MINI_DamageShield_Conditioner_53ml.jpg","datePublished":"2024-10-07T16:10:03+00:00","dateModified":"2024-10-07T16:38:23+00:00","breadcrumb":{"@id":"https:\/\/idcolor.ee\/lt\/produktas\/k18-mini-damage-shield-apsauginis-kondicionierius-53-ml\/#breadcrumb"},"inLanguage":"lt-LT","potentialAction":[{"@type":"ReadAction","target":["https:\/\/idcolor.ee\/lt\/produktas\/k18-mini-damage-shield-apsauginis-kondicionierius-53-ml\/"]}]},{"@type":"ImageObject","inLanguage":"lt-LT","@id":"https:\/\/idcolor.ee\/lt\/produktas\/k18-mini-damage-shield-apsauginis-kondicionierius-53-ml\/#primaryimage","url":"https:\/\/idcolor.ee\/wp-content\/uploads\/2024\/10\/K18MINI_DamageShield_Conditioner_53ml.jpg","contentUrl":"https:\/\/idcolor.ee\/wp-content\/uploads\/2024\/10\/K18MINI_DamageShield_Conditioner_53ml.jpg","width":1080,"height":1080},{"@type":"BreadcrumbList","@id":"https:\/\/idcolor.ee\/lt\/produktas\/k18-mini-damage-shield-apsauginis-kondicionierius-53-ml\/#breadcrumb","itemListElement":[{"@type":"ListItem","position":1,"name":"Home","item":"https:\/\/idcolor.ee\/lt\/namai\/"},{"@type":"ListItem","position":2,"name":"Parduotuv\u0117","item":"https:\/\/idcolor.ee\/lt\/shop-2\/"},{"@type":"ListItem","position":3,"name":"K18 MINI Damage Shield apsauginis kondicionierius 53 ml"}]},{"@type":"WebSite","@id":"https:\/\/idcolor.ee\/lt\/#website","url":"https:\/\/idcolor.ee\/lt\/","name":"iD Color","description":"Hair care products","publisher":{"@id":"https:\/\/idcolor.ee\/lt\/#organization"},"potentialAction":[{"@type":"SearchAction","target":{"@type":"EntryPoint","urlTemplate":"https:\/\/idcolor.ee\/lt\/?s={search_term_string}"},"query-input":{"@type":"PropertyValueSpecification","valueRequired":true,"valueName":"search_term_string"}}],"inLanguage":"lt-LT"},{"@type":"Organization","@id":"https:\/\/idcolor.ee\/lt\/#organization","name":"iD Color O\u00dc","url":"https:\/\/idcolor.ee\/lt\/","logo":{"@type":"ImageObject","inLanguage":"lt-LT","@id":"https:\/\/idcolor.ee\/lt\/#\/schema\/logo\/image\/","url":"https:\/\/idcolor.ee\/wp-content\/uploads\/2022\/01\/IDColor_Logo_1000.png","contentUrl":"https:\/\/idcolor.ee\/wp-content\/uploads\/2022\/01\/IDColor_Logo_1000.png","width":1001,"height":354,"caption":"iD Color O\u00dc"},"image":{"@id":"https:\/\/idcolor.ee\/lt\/#\/schema\/logo\/image\/"}}]}},"_links":{"self":[{"href":"https:\/\/idcolor.ee\/lt\/wp-json\/wp\/v2\/product\/6611","targetHints":{"allow":["GET"]}}],"collection":[{"href":"https:\/\/idcolor.ee\/lt\/wp-json\/wp\/v2\/product"}],"about":[{"href":"https:\/\/idcolor.ee\/lt\/wp-json\/wp\/v2\/types\/product"}],"wp:featuredmedia":[{"embeddable":true,"href":"https:\/\/idcolor.ee\/lt\/wp-json\/wp\/v2\/media\/6598"}],"wp:attachment":[{"href":"https:\/\/idcolor.ee\/lt\/wp-json\/wp\/v2\/media?parent=6611"}],"wp:term":[{"taxonomy":"product_brand","embeddable":true,"href":"https:\/\/idcolor.ee\/lt\/wp-json\/wp\/v2\/product_brand?post=6611"},{"taxonomy":"product_cat","embeddable":true,"href":"https:\/\/idcolor.ee\/lt\/wp-json\/wp\/v2\/product_cat?post=6611"},{"taxonomy":"product_tag","embeddable":true,"href":"https:\/\/idcolor.ee\/lt\/wp-json\/wp\/v2\/product_tag?post=6611"}],"curies":[{"name":"wp","href":"https:\/\/api.w.org\/{rel}","templated":true}]}}