{"id":6777,"date":"2025-03-13T17:14:28","date_gmt":"2025-03-13T15:14:28","guid":{"rendered":"https:\/\/idcolor.ee\/product\/astrolift-atkuriamasis-apimties-purskiklis\/"},"modified":"2026-04-23T14:05:22","modified_gmt":"2026-04-23T11:05:22","slug":"astrolift-atkuriamasis-apimties-purskiklis","status":"publish","type":"product","link":"https:\/\/idcolor.ee\/lt\/produktas\/astrolift-atkuriamasis-apimties-purskiklis\/","title":{"rendered":"AstroLift\u2122 atkuriamasis apimties pur\u0161kiklis"},"content":{"rendered":"<div class=\"wpb-content-wrapper\"><p>[vc_row][vc_column][vc_row_inner][vc_column_inner width=&#8221;1\/4&#8243; offset=&#8221;vc_hidden-sm vc_hidden-xs&#8221; css=&#8221;.vc_custom_1643102572855{padding-right: 40% !important;}&#8221;][vc_single_image image=&#8221;4768&#8243; img_size=&#8221;full&#8221;][vc_empty_space height=&#8221;20px&#8221;][\/vc_column_inner][vc_column_inner width=&#8221;3\/4&#8243; css=&#8221;.vc_custom_1643102537405{padding-right: 70% !important;}&#8221; offset=&#8221;vc_hidden-lg vc_hidden-md&#8221;][vc_single_image image=&#8221;4768&#8243; img_size=&#8221;full&#8221;][vc_empty_space height=&#8221;20px&#8221;][\/vc_column_inner][\/vc_row_inner]<div class=\"nasa-title clearfix nasa-t hr-type-none\"><h4 class=\"nasa-heading-title\"><span class=\"nasa-title-wrap\"><span style=\"color: #000000;\">AstroLift\u2122 atkuriamasis apimties pur\u0161kiklis | 118 ml<\/span><\/span><\/h4><p class=\"nasa-title-desc\" style=\"color: #000000;\">SUD\u0116TYJE YRA PATENTUOTO K18 PEPTIDO<\/p><\/div>[vc_empty_space height=&#8221;10px&#8221;][vc_column_text css=&#8221;&#8221;]<strong>Labai lengvas ir nelipnus pur\u0161kiklis<\/strong> ypa\u010d tinka plonesniems, trapiems plaukams, kuriems reikia apimties, suteikiant \u0161ukuosenai pilnesn\u0119 ir dailesn\u0119 i\u0161vaizd\u0105 bei jausm\u0105, kurie i\u0161silaiko iki dviej\u0173 dien\u0173.<\/p>\n<p><a href=\"https:\/\/www.k18hair.com\/pages\/disclaimers\" target=\"_blank\" rel=\"noopener\"><em>*k18hair.com\/disclaimers<\/em><\/a>[\/vc_column_text][vc_empty_space height=&#8221;20px&#8221;][vc_separator][vc_row_inner][vc_column_inner width=&#8221;1\/2&#8243;][vc_empty_space height=&#8221;20px&#8221;][vc_column_text css=&#8221;&#8221;]<\/p>\n<ul>\n<li><strong>Plaukams apimties suteikiantis mi\u0161inys padidina plauko skersmen\u012f iki 25%<\/strong> ir sukuria tarp\u0105 tarp sruog\u0173, kad i\u0161vaizda ir jausmas b\u016bt\u0173 pilnesnis.<\/li>\n<li>Aktyvus pur\u0161kiklio ingredientas yra atkuriamasis <strong>K18PEPTIDE\u2122<\/strong>, kuris atkuria plauk\u0173 elastingum\u0105 ir suma\u017eina \u017eal\u0105.<\/li>\n<li>Padeda iki <strong>minimumo suma\u017einti \u017eal\u0105 d\u0117l kar\u0161\u010dio ir mechaninio apdorojimo.<\/strong><\/li>\n<li><strong>Atsparus dr\u0117gmei<\/strong> \u2013 nat\u016bralus polimeras veikia kaip apsauginis nesvarusis barjeras nuo dr\u0117gm\u0117s.<\/li>\n<\/ul>\n<p>[\/vc_column_text][vc_empty_space height=&#8221;20px&#8221;][vc_column_text css=&#8221;&#8221;]<\/p>\n<h4><strong>NAUDOJIMAS<\/strong><\/h4>\n<p>Purk\u0161kite produkt\u0105 ant rank\u0161luos\u010diu nusausint\u0173 arba saus\u0173 plauk\u0173.<\/p>\n<ol>\n<li>GERAI PAKRATYKITE.<\/li>\n<li>Laikykite buteliuk\u0105 10-15 cm atstumu.<\/li>\n<li>Purk\u0161kite nuo plauk\u0173 \u0161akn\u0173 iki galiuk\u0173.<\/li>\n<li>I\u0161d\u017eiovinkite plauk\u0173 d\u017eiovintuvu, kad suteiktum\u0117te papildomo purumo.<\/li>\n<\/ol>\n<p>Naudokite tarp plovim\u0173, jei reikia papildomos apimties.[\/vc_column_text][\/vc_column_inner][vc_column_inner width=&#8221;1\/2&#8243;][vc_empty_space height=&#8221;25px&#8221;][vc_single_image image=&#8221;6769&#8243; img_size=&#8221;full&#8221; alignment=&#8221;center&#8221; css=&#8221;&#8221;][\/vc_column_inner][\/vc_row_inner][vc_empty_space height=&#8221;25px&#8221;][vc_separator][vc_empty_space height=&#8221;20px&#8221;][vc_column_text]<\/p>\n<h4><strong>Saugos reikalavimai<\/strong><\/h4>\n<div class=\"accordion__copy--inner\" data-accordion-copy-text=\"\">\n<p>Venkite kontakto su akimis. Vartoti tik i\u0161ori\u0161kai. Esant neigiamai reakcijai, nedelsiant kreipkit\u0117s \u012f gydytoj\u0105. Laikykite vaikams nepasiekiamoje ir neprieinamoje vietoje.<\/p>\n<\/div>\n<p>[\/vc_column_text][vc_empty_space height=&#8221;10px&#8221;][\/vc_column][\/vc_row]<\/p>\n<\/div>","protected":false},"excerpt":{"rendered":"<h5><strong>118 ml<\/strong><\/h5>\n<p><strong>Labai lengvas ir nelipnus pur\u0161kiklis<\/strong> ypa\u010d tinka plonesniems, trapiems plaukams, kuriems reikia apimties, suteikiant \u0161ukuosenai pilnesn\u0119 ir dailesn\u0119 i\u0161vaizd\u0105 bei jausm\u0105, kurie i\u0161silaiko iki dviej\u0173 dien\u0173.<\/p>\n","protected":false},"featured_media":6774,"template":"","meta":[],"product_brand":[207],"product_cat":[316],"product_tag":[],"class_list":{"0":"post-6777","1":"product","2":"type-product","3":"status-publish","4":"has-post-thumbnail","6":"product_brand-k18-hair","7":"product_cat-k18-hair-lt","9":"first","10":"instock","11":"taxable","12":"shipping-taxable","13":"purchasable","14":"product-type-simple"},"yoast_head":"<!-- This site is optimized with the Yoast SEO plugin v27.4 - https:\/\/yoast.com\/product\/yoast-seo-wordpress\/ -->\n<title>AstroLift\u2122 atkuriamasis apimties pur\u0161kiklis - iD Color<\/title>\n<meta name=\"description\" content=\"A lightweight, non-sticky volume spray helps hair look and feel fuller, delivering flexible volume for up to two days\" \/>\n<meta name=\"robots\" content=\"index, follow, max-snippet:-1, max-image-preview:large, max-video-preview:-1\" \/>\n<link rel=\"canonical\" href=\"https:\/\/idcolor.ee\/lt\/produktas\/astrolift-atkuriamasis-apimties-purskiklis\/\" \/>\n<meta property=\"og:locale\" content=\"lt_LT\" \/>\n<meta property=\"og:type\" content=\"article\" \/>\n<meta property=\"og:title\" content=\"AstroLift\u2122 atkuriamasis apimties pur\u0161kiklis - iD Color\" \/>\n<meta property=\"og:description\" content=\"A lightweight, non-sticky volume spray helps hair look and feel fuller, delivering flexible volume for up to two days\" \/>\n<meta property=\"og:url\" content=\"https:\/\/idcolor.ee\/lt\/produktas\/astrolift-atkuriamasis-apimties-purskiklis\/\" \/>\n<meta property=\"og:site_name\" content=\"iD Color\" \/>\n<meta property=\"article:modified_time\" content=\"2026-04-23T11:05:22+00:00\" \/>\n<meta property=\"og:image\" content=\"https:\/\/idcolor.ee\/wp-content\/uploads\/2025\/03\/K18_AstroLift.jpg\" \/>\n\t<meta property=\"og:image:width\" content=\"1080\" \/>\n\t<meta property=\"og:image:height\" content=\"1080\" \/>\n\t<meta property=\"og:image:type\" content=\"image\/jpeg\" \/>\n<meta name=\"twitter:card\" content=\"summary_large_image\" \/>\n<meta name=\"twitter:label1\" content=\"Est. reading time\" \/>\n\t<meta name=\"twitter:data1\" content=\"2 minut\u0117s\" \/>\n<script type=\"application\/ld+json\" class=\"yoast-schema-graph\">{\"@context\":\"https:\\\/\\\/schema.org\",\"@graph\":[{\"@type\":\"WebPage\",\"@id\":\"https:\\\/\\\/idcolor.ee\\\/lt\\\/produktas\\\/astrolift-atkuriamasis-apimties-purskiklis\\\/\",\"url\":\"https:\\\/\\\/idcolor.ee\\\/lt\\\/produktas\\\/astrolift-atkuriamasis-apimties-purskiklis\\\/\",\"name\":\"AstroLift\u2122 atkuriamasis apimties pur\u0161kiklis - iD Color\",\"isPartOf\":{\"@id\":\"https:\\\/\\\/idcolor.ee\\\/lt\\\/#website\"},\"primaryImageOfPage\":{\"@id\":\"https:\\\/\\\/idcolor.ee\\\/lt\\\/produktas\\\/astrolift-atkuriamasis-apimties-purskiklis\\\/#primaryimage\"},\"image\":{\"@id\":\"https:\\\/\\\/idcolor.ee\\\/lt\\\/produktas\\\/astrolift-atkuriamasis-apimties-purskiklis\\\/#primaryimage\"},\"thumbnailUrl\":\"https:\\\/\\\/idcolor.ee\\\/wp-content\\\/uploads\\\/2025\\\/03\\\/K18_AstroLift.jpg\",\"datePublished\":\"2025-03-13T15:14:28+00:00\",\"dateModified\":\"2026-04-23T11:05:22+00:00\",\"description\":\"A lightweight, non-sticky volume spray helps hair look and feel fuller, delivering flexible volume for up to two days\",\"breadcrumb\":{\"@id\":\"https:\\\/\\\/idcolor.ee\\\/lt\\\/produktas\\\/astrolift-atkuriamasis-apimties-purskiklis\\\/#breadcrumb\"},\"inLanguage\":\"lt-LT\",\"potentialAction\":[{\"@type\":\"ReadAction\",\"target\":[\"https:\\\/\\\/idcolor.ee\\\/lt\\\/produktas\\\/astrolift-atkuriamasis-apimties-purskiklis\\\/\"]}]},{\"@type\":\"ImageObject\",\"inLanguage\":\"lt-LT\",\"@id\":\"https:\\\/\\\/idcolor.ee\\\/lt\\\/produktas\\\/astrolift-atkuriamasis-apimties-purskiklis\\\/#primaryimage\",\"url\":\"https:\\\/\\\/idcolor.ee\\\/wp-content\\\/uploads\\\/2025\\\/03\\\/K18_AstroLift.jpg\",\"contentUrl\":\"https:\\\/\\\/idcolor.ee\\\/wp-content\\\/uploads\\\/2025\\\/03\\\/K18_AstroLift.jpg\",\"width\":1080,\"height\":1080},{\"@type\":\"BreadcrumbList\",\"@id\":\"https:\\\/\\\/idcolor.ee\\\/lt\\\/produktas\\\/astrolift-atkuriamasis-apimties-purskiklis\\\/#breadcrumb\",\"itemListElement\":[{\"@type\":\"ListItem\",\"position\":1,\"name\":\"Home\",\"item\":\"https:\\\/\\\/idcolor.ee\\\/lt\\\/namai\\\/\"},{\"@type\":\"ListItem\",\"position\":2,\"name\":\"Parduotuv\u0117\",\"item\":\"https:\\\/\\\/idcolor.ee\\\/lt\\\/shop-2\\\/\"},{\"@type\":\"ListItem\",\"position\":3,\"name\":\"AstroLift\u2122 atkuriamasis apimties pur\u0161kiklis\"}]},{\"@type\":\"WebSite\",\"@id\":\"https:\\\/\\\/idcolor.ee\\\/lt\\\/#website\",\"url\":\"https:\\\/\\\/idcolor.ee\\\/lt\\\/\",\"name\":\"iD Color\",\"description\":\"Hair care products\",\"publisher\":{\"@id\":\"https:\\\/\\\/idcolor.ee\\\/lt\\\/#organization\"},\"potentialAction\":[{\"@type\":\"SearchAction\",\"target\":{\"@type\":\"EntryPoint\",\"urlTemplate\":\"https:\\\/\\\/idcolor.ee\\\/lt\\\/?s={search_term_string}\"},\"query-input\":{\"@type\":\"PropertyValueSpecification\",\"valueRequired\":true,\"valueName\":\"search_term_string\"}}],\"inLanguage\":\"lt-LT\"},{\"@type\":\"Organization\",\"@id\":\"https:\\\/\\\/idcolor.ee\\\/lt\\\/#organization\",\"name\":\"iD Color O\u00dc\",\"url\":\"https:\\\/\\\/idcolor.ee\\\/lt\\\/\",\"logo\":{\"@type\":\"ImageObject\",\"inLanguage\":\"lt-LT\",\"@id\":\"https:\\\/\\\/idcolor.ee\\\/lt\\\/#\\\/schema\\\/logo\\\/image\\\/\",\"url\":\"https:\\\/\\\/idcolor.ee\\\/wp-content\\\/uploads\\\/2022\\\/01\\\/IDColor_Logo_1000.png\",\"contentUrl\":\"https:\\\/\\\/idcolor.ee\\\/wp-content\\\/uploads\\\/2022\\\/01\\\/IDColor_Logo_1000.png\",\"width\":1001,\"height\":354,\"caption\":\"iD Color O\u00dc\"},\"image\":{\"@id\":\"https:\\\/\\\/idcolor.ee\\\/lt\\\/#\\\/schema\\\/logo\\\/image\\\/\"}}]}<\/script>\n<!-- \/ Yoast SEO plugin. -->","yoast_head_json":{"title":"AstroLift\u2122 atkuriamasis apimties pur\u0161kiklis - iD Color","description":"A lightweight, non-sticky volume spray helps hair look and feel fuller, delivering flexible volume for up to two days","robots":{"index":"index","follow":"follow","max-snippet":"max-snippet:-1","max-image-preview":"max-image-preview:large","max-video-preview":"max-video-preview:-1"},"canonical":"https:\/\/idcolor.ee\/lt\/produktas\/astrolift-atkuriamasis-apimties-purskiklis\/","og_locale":"lt_LT","og_type":"article","og_title":"AstroLift\u2122 atkuriamasis apimties pur\u0161kiklis - iD Color","og_description":"A lightweight, non-sticky volume spray helps hair look and feel fuller, delivering flexible volume for up to two days","og_url":"https:\/\/idcolor.ee\/lt\/produktas\/astrolift-atkuriamasis-apimties-purskiklis\/","og_site_name":"iD Color","article_modified_time":"2026-04-23T11:05:22+00:00","og_image":[{"width":1080,"height":1080,"url":"https:\/\/idcolor.ee\/wp-content\/uploads\/2025\/03\/K18_AstroLift.jpg","type":"image\/jpeg"}],"twitter_card":"summary_large_image","twitter_misc":{"Est. reading time":"2 minut\u0117s"},"schema":{"@context":"https:\/\/schema.org","@graph":[{"@type":"WebPage","@id":"https:\/\/idcolor.ee\/lt\/produktas\/astrolift-atkuriamasis-apimties-purskiklis\/","url":"https:\/\/idcolor.ee\/lt\/produktas\/astrolift-atkuriamasis-apimties-purskiklis\/","name":"AstroLift\u2122 atkuriamasis apimties pur\u0161kiklis - iD Color","isPartOf":{"@id":"https:\/\/idcolor.ee\/lt\/#website"},"primaryImageOfPage":{"@id":"https:\/\/idcolor.ee\/lt\/produktas\/astrolift-atkuriamasis-apimties-purskiklis\/#primaryimage"},"image":{"@id":"https:\/\/idcolor.ee\/lt\/produktas\/astrolift-atkuriamasis-apimties-purskiklis\/#primaryimage"},"thumbnailUrl":"https:\/\/idcolor.ee\/wp-content\/uploads\/2025\/03\/K18_AstroLift.jpg","datePublished":"2025-03-13T15:14:28+00:00","dateModified":"2026-04-23T11:05:22+00:00","description":"A lightweight, non-sticky volume spray helps hair look and feel fuller, delivering flexible volume for up to two days","breadcrumb":{"@id":"https:\/\/idcolor.ee\/lt\/produktas\/astrolift-atkuriamasis-apimties-purskiklis\/#breadcrumb"},"inLanguage":"lt-LT","potentialAction":[{"@type":"ReadAction","target":["https:\/\/idcolor.ee\/lt\/produktas\/astrolift-atkuriamasis-apimties-purskiklis\/"]}]},{"@type":"ImageObject","inLanguage":"lt-LT","@id":"https:\/\/idcolor.ee\/lt\/produktas\/astrolift-atkuriamasis-apimties-purskiklis\/#primaryimage","url":"https:\/\/idcolor.ee\/wp-content\/uploads\/2025\/03\/K18_AstroLift.jpg","contentUrl":"https:\/\/idcolor.ee\/wp-content\/uploads\/2025\/03\/K18_AstroLift.jpg","width":1080,"height":1080},{"@type":"BreadcrumbList","@id":"https:\/\/idcolor.ee\/lt\/produktas\/astrolift-atkuriamasis-apimties-purskiklis\/#breadcrumb","itemListElement":[{"@type":"ListItem","position":1,"name":"Home","item":"https:\/\/idcolor.ee\/lt\/namai\/"},{"@type":"ListItem","position":2,"name":"Parduotuv\u0117","item":"https:\/\/idcolor.ee\/lt\/shop-2\/"},{"@type":"ListItem","position":3,"name":"AstroLift\u2122 atkuriamasis apimties pur\u0161kiklis"}]},{"@type":"WebSite","@id":"https:\/\/idcolor.ee\/lt\/#website","url":"https:\/\/idcolor.ee\/lt\/","name":"iD Color","description":"Hair care products","publisher":{"@id":"https:\/\/idcolor.ee\/lt\/#organization"},"potentialAction":[{"@type":"SearchAction","target":{"@type":"EntryPoint","urlTemplate":"https:\/\/idcolor.ee\/lt\/?s={search_term_string}"},"query-input":{"@type":"PropertyValueSpecification","valueRequired":true,"valueName":"search_term_string"}}],"inLanguage":"lt-LT"},{"@type":"Organization","@id":"https:\/\/idcolor.ee\/lt\/#organization","name":"iD Color O\u00dc","url":"https:\/\/idcolor.ee\/lt\/","logo":{"@type":"ImageObject","inLanguage":"lt-LT","@id":"https:\/\/idcolor.ee\/lt\/#\/schema\/logo\/image\/","url":"https:\/\/idcolor.ee\/wp-content\/uploads\/2022\/01\/IDColor_Logo_1000.png","contentUrl":"https:\/\/idcolor.ee\/wp-content\/uploads\/2022\/01\/IDColor_Logo_1000.png","width":1001,"height":354,"caption":"iD Color O\u00dc"},"image":{"@id":"https:\/\/idcolor.ee\/lt\/#\/schema\/logo\/image\/"}}]}},"_links":{"self":[{"href":"https:\/\/idcolor.ee\/lt\/wp-json\/wp\/v2\/product\/6777","targetHints":{"allow":["GET"]}}],"collection":[{"href":"https:\/\/idcolor.ee\/lt\/wp-json\/wp\/v2\/product"}],"about":[{"href":"https:\/\/idcolor.ee\/lt\/wp-json\/wp\/v2\/types\/product"}],"wp:featuredmedia":[{"embeddable":true,"href":"https:\/\/idcolor.ee\/lt\/wp-json\/wp\/v2\/media\/6774"}],"wp:attachment":[{"href":"https:\/\/idcolor.ee\/lt\/wp-json\/wp\/v2\/media?parent=6777"}],"wp:term":[{"taxonomy":"product_brand","embeddable":true,"href":"https:\/\/idcolor.ee\/lt\/wp-json\/wp\/v2\/product_brand?post=6777"},{"taxonomy":"product_cat","embeddable":true,"href":"https:\/\/idcolor.ee\/lt\/wp-json\/wp\/v2\/product_cat?post=6777"},{"taxonomy":"product_tag","embeddable":true,"href":"https:\/\/idcolor.ee\/lt\/wp-json\/wp\/v2\/product_tag?post=6777"}],"curies":[{"name":"wp","href":"https:\/\/api.w.org\/{rel}","templated":true}]}}