{"id":6843,"date":"2025-05-05T19:41:18","date_gmt":"2025-05-05T16:41:18","guid":{"rendered":"https:\/\/idcolor.ee\/product\/k18-preprepair-duo-kit\/"},"modified":"2025-08-25T06:46:17","modified_gmt":"2025-08-25T03:46:17","slug":"k18-preprepair-duo-kit","status":"publish","type":"product","link":"https:\/\/idcolor.ee\/lt\/produktas\/k18-preprepair-duo-kit\/","title":{"rendered":"K18 Prep+Repair Duo KIT"},"content":{"rendered":"<div class=\"wpb-content-wrapper\"><p>[vc_row][vc_column][vc_row_inner][vc_column_inner width=&#8221;1\/4&#8243; offset=&#8221;vc_hidden-sm vc_hidden-xs&#8221; css=&#8221;.vc_custom_1643102572855{padding-right: 40% !important;}&#8221;][vc_single_image image=&#8221;4768&#8243; img_size=&#8221;full&#8221;][vc_empty_space height=&#8221;20px&#8221;][\/vc_column_inner][vc_column_inner width=&#8221;3\/4&#8243; css=&#8221;.vc_custom_1643102537405{padding-right: 70% !important;}&#8221; offset=&#8221;vc_hidden-lg vc_hidden-md&#8221;][vc_single_image image=&#8221;4768&#8243; img_size=&#8221;full&#8221;][vc_empty_space height=&#8221;20px&#8221;][\/vc_column_inner][\/vc_row_inner]<div class=\"nasa-title clearfix nasa-t hr-type-none\"><h4 class=\"nasa-heading-title\"><span class=\"nasa-title-wrap\"><span style=\"color: #000000;\">K18 Prep+Repair Duo KIT<\/span><\/span><\/h4><p class=\"nasa-title-desc\" style=\"color: #000000;\">SUD\u0116TYJE YRA PATENTUOTO K18 PEPTIDO<\/p><\/div>[vc_empty_space height=&#8221;20px&#8221;][vc_separator][vc_empty_space height=&#8221;5px&#8221;][vc_row_inner css=&#8221;.vc_custom_1641810793016{padding-bottom: 30px !important;}&#8221;][vc_column_inner width=&#8221;1\/2&#8243;][vc_empty_space height=&#8221;30px&#8221;][vc_column_text css=&#8221;&#8221;]<strong>K18 Leave-in Molecular Repair Hair Mask | 50 ml<\/strong><\/p>\n<p>Nenuplaunama gydomoji kauk\u0117 vis\u0173 tip\u0173 plaukams, kuri klini\u0161kai panaikina \u017eal\u0105 per 4 minutes. Patentuota peptid\u0173 technologija atkuria baliklio, spalvos, chemini\u0173 priemoni\u0173 ir kar\u0161\u010dio padaryt\u0105 \u017eal\u0105 \u2013 atkuria plauk\u0173 stiprum\u0105, \u0161velnum\u0105, glotnum\u0105 ir at\u0161okim\u0105.[\/vc_column_text][vc_empty_space height=&#8221;20px&#8221;][vc_separator][vc_empty_space height=&#8221;10px&#8221;][vc_column_text css=&#8221;&#8221;]<strong>K18 PEPTIDE PREP\u2122 giluminio plovimo \u0161amp\u016bnas | 53 ml<\/strong><\/p>\n<p>Veiksmingai pa\u0161alina susikaupusias apna\u0161as nepa\u017eeisdamas da\u017e\u0173. Veikliosios med\u017eiagos pa\u0161alina plaukuose susikaupusius liku\u010dius nepa\u017eeisdamos plauk\u0173 strukt\u016bros ir galvos odos.[\/vc_column_text][vc_empty_space height=&#8221;10px&#8221;][\/vc_column_inner][vc_column_inner width=&#8221;1\/2&#8243;][vc_empty_space height=&#8221;10px&#8221;][vc_single_image image=&#8221;6835&#8243; img_size=&#8221;full&#8221; alignment=&#8221;center&#8221; css=&#8221;&#8221;][vc_empty_space height=&#8221;20px&#8221;][\/vc_column_inner][\/vc_row_inner][\/vc_column][\/vc_row]<\/p>\n<\/div>","protected":false},"excerpt":{"rendered":"<p><strong>K18 Leave-in Molecular Repair Hair Mask | 50 ml<br \/>\nK18 PEPTIDE PREP\u2122 giluminio plovimo \u0161amp\u016bnas | 53 ml<br \/>\n<\/strong><\/p>\n","protected":false},"featured_media":6840,"template":"","meta":[],"product_brand":[],"product_cat":[316],"product_tag":[],"class_list":{"0":"post-6843","1":"product","2":"type-product","3":"status-publish","4":"has-post-thumbnail","6":"product_cat-k18-hair-lt","8":"first","9":"instock","10":"taxable","11":"shipping-taxable","12":"purchasable","13":"product-type-simple"},"yoast_head":"<!-- This site is optimized with the Yoast SEO plugin v27.4 - https:\/\/yoast.com\/product\/yoast-seo-wordpress\/ -->\n<title>K18 K18 Prep+Repair Duo KIT - iD Color<\/title>\n<meta name=\"description\" content=\"PH glotninamasis \u0161amp\u016bnas kasdieniniam naudojimui. Sukuria ideal\u0173 sveik\u0173 plauk\u0173 pagrind\u0105.\" \/>\n<meta name=\"robots\" content=\"index, follow, max-snippet:-1, max-image-preview:large, max-video-preview:-1\" \/>\n<link rel=\"canonical\" href=\"https:\/\/idcolor.ee\/lt\/produktas\/k18-preprepair-duo-kit\/\" \/>\n<meta property=\"og:locale\" content=\"lt_LT\" \/>\n<meta property=\"og:type\" content=\"article\" \/>\n<meta property=\"og:title\" content=\"K18 K18 Prep+Repair Duo KIT - iD Color\" \/>\n<meta property=\"og:description\" content=\"PH glotninamasis \u0161amp\u016bnas kasdieniniam naudojimui. Sukuria ideal\u0173 sveik\u0173 plauk\u0173 pagrind\u0105.\" \/>\n<meta property=\"og:url\" content=\"https:\/\/idcolor.ee\/lt\/produktas\/k18-preprepair-duo-kit\/\" \/>\n<meta property=\"og:site_name\" content=\"iD Color\" \/>\n<meta property=\"article:modified_time\" content=\"2025-08-25T03:46:17+00:00\" \/>\n<meta property=\"og:image\" content=\"https:\/\/idcolor.ee\/wp-content\/uploads\/2025\/05\/K18_PrepRepair_DuoKIT.jpg\" \/>\n\t<meta property=\"og:image:width\" content=\"1080\" \/>\n\t<meta property=\"og:image:height\" content=\"1080\" \/>\n\t<meta property=\"og:image:type\" content=\"image\/jpeg\" \/>\n<meta name=\"twitter:card\" content=\"summary_large_image\" \/>\n<meta name=\"twitter:label1\" content=\"Est. reading time\" \/>\n\t<meta name=\"twitter:data1\" content=\"1 minut\u0117\" \/>\n<script type=\"application\/ld+json\" class=\"yoast-schema-graph\">{\"@context\":\"https:\\\/\\\/schema.org\",\"@graph\":[{\"@type\":\"WebPage\",\"@id\":\"https:\\\/\\\/idcolor.ee\\\/lt\\\/produktas\\\/k18-preprepair-duo-kit\\\/\",\"url\":\"https:\\\/\\\/idcolor.ee\\\/lt\\\/produktas\\\/k18-preprepair-duo-kit\\\/\",\"name\":\"K18 K18 Prep+Repair Duo KIT - iD Color\",\"isPartOf\":{\"@id\":\"https:\\\/\\\/idcolor.ee\\\/lt\\\/#website\"},\"primaryImageOfPage\":{\"@id\":\"https:\\\/\\\/idcolor.ee\\\/lt\\\/produktas\\\/k18-preprepair-duo-kit\\\/#primaryimage\"},\"image\":{\"@id\":\"https:\\\/\\\/idcolor.ee\\\/lt\\\/produktas\\\/k18-preprepair-duo-kit\\\/#primaryimage\"},\"thumbnailUrl\":\"https:\\\/\\\/idcolor.ee\\\/wp-content\\\/uploads\\\/2025\\\/05\\\/K18_PrepRepair_DuoKIT.jpg\",\"datePublished\":\"2025-05-05T16:41:18+00:00\",\"dateModified\":\"2025-08-25T03:46:17+00:00\",\"description\":\"PH glotninamasis \u0161amp\u016bnas kasdieniniam naudojimui. Sukuria ideal\u0173 sveik\u0173 plauk\u0173 pagrind\u0105.\",\"breadcrumb\":{\"@id\":\"https:\\\/\\\/idcolor.ee\\\/lt\\\/produktas\\\/k18-preprepair-duo-kit\\\/#breadcrumb\"},\"inLanguage\":\"lt-LT\",\"potentialAction\":[{\"@type\":\"ReadAction\",\"target\":[\"https:\\\/\\\/idcolor.ee\\\/lt\\\/produktas\\\/k18-preprepair-duo-kit\\\/\"]}]},{\"@type\":\"ImageObject\",\"inLanguage\":\"lt-LT\",\"@id\":\"https:\\\/\\\/idcolor.ee\\\/lt\\\/produktas\\\/k18-preprepair-duo-kit\\\/#primaryimage\",\"url\":\"https:\\\/\\\/idcolor.ee\\\/wp-content\\\/uploads\\\/2025\\\/05\\\/K18_PrepRepair_DuoKIT.jpg\",\"contentUrl\":\"https:\\\/\\\/idcolor.ee\\\/wp-content\\\/uploads\\\/2025\\\/05\\\/K18_PrepRepair_DuoKIT.jpg\",\"width\":1080,\"height\":1080},{\"@type\":\"BreadcrumbList\",\"@id\":\"https:\\\/\\\/idcolor.ee\\\/lt\\\/produktas\\\/k18-preprepair-duo-kit\\\/#breadcrumb\",\"itemListElement\":[{\"@type\":\"ListItem\",\"position\":1,\"name\":\"Home\",\"item\":\"https:\\\/\\\/idcolor.ee\\\/lt\\\/namai\\\/\"},{\"@type\":\"ListItem\",\"position\":2,\"name\":\"Parduotuv\u0117\",\"item\":\"https:\\\/\\\/idcolor.ee\\\/lt\\\/shop-2\\\/\"},{\"@type\":\"ListItem\",\"position\":3,\"name\":\"K18 Prep+Repair Duo KIT\"}]},{\"@type\":\"WebSite\",\"@id\":\"https:\\\/\\\/idcolor.ee\\\/lt\\\/#website\",\"url\":\"https:\\\/\\\/idcolor.ee\\\/lt\\\/\",\"name\":\"iD Color\",\"description\":\"Hair care products\",\"publisher\":{\"@id\":\"https:\\\/\\\/idcolor.ee\\\/lt\\\/#organization\"},\"potentialAction\":[{\"@type\":\"SearchAction\",\"target\":{\"@type\":\"EntryPoint\",\"urlTemplate\":\"https:\\\/\\\/idcolor.ee\\\/lt\\\/?s={search_term_string}\"},\"query-input\":{\"@type\":\"PropertyValueSpecification\",\"valueRequired\":true,\"valueName\":\"search_term_string\"}}],\"inLanguage\":\"lt-LT\"},{\"@type\":\"Organization\",\"@id\":\"https:\\\/\\\/idcolor.ee\\\/lt\\\/#organization\",\"name\":\"iD Color O\u00dc\",\"url\":\"https:\\\/\\\/idcolor.ee\\\/lt\\\/\",\"logo\":{\"@type\":\"ImageObject\",\"inLanguage\":\"lt-LT\",\"@id\":\"https:\\\/\\\/idcolor.ee\\\/lt\\\/#\\\/schema\\\/logo\\\/image\\\/\",\"url\":\"https:\\\/\\\/idcolor.ee\\\/wp-content\\\/uploads\\\/2022\\\/01\\\/IDColor_Logo_1000.png\",\"contentUrl\":\"https:\\\/\\\/idcolor.ee\\\/wp-content\\\/uploads\\\/2022\\\/01\\\/IDColor_Logo_1000.png\",\"width\":1001,\"height\":354,\"caption\":\"iD Color O\u00dc\"},\"image\":{\"@id\":\"https:\\\/\\\/idcolor.ee\\\/lt\\\/#\\\/schema\\\/logo\\\/image\\\/\"}}]}<\/script>\n<!-- \/ Yoast SEO plugin. -->","yoast_head_json":{"title":"K18 K18 Prep+Repair Duo KIT - iD Color","description":"PH glotninamasis \u0161amp\u016bnas kasdieniniam naudojimui. Sukuria ideal\u0173 sveik\u0173 plauk\u0173 pagrind\u0105.","robots":{"index":"index","follow":"follow","max-snippet":"max-snippet:-1","max-image-preview":"max-image-preview:large","max-video-preview":"max-video-preview:-1"},"canonical":"https:\/\/idcolor.ee\/lt\/produktas\/k18-preprepair-duo-kit\/","og_locale":"lt_LT","og_type":"article","og_title":"K18 K18 Prep+Repair Duo KIT - iD Color","og_description":"PH glotninamasis \u0161amp\u016bnas kasdieniniam naudojimui. Sukuria ideal\u0173 sveik\u0173 plauk\u0173 pagrind\u0105.","og_url":"https:\/\/idcolor.ee\/lt\/produktas\/k18-preprepair-duo-kit\/","og_site_name":"iD Color","article_modified_time":"2025-08-25T03:46:17+00:00","og_image":[{"width":1080,"height":1080,"url":"https:\/\/idcolor.ee\/wp-content\/uploads\/2025\/05\/K18_PrepRepair_DuoKIT.jpg","type":"image\/jpeg"}],"twitter_card":"summary_large_image","twitter_misc":{"Est. reading time":"1 minut\u0117"},"schema":{"@context":"https:\/\/schema.org","@graph":[{"@type":"WebPage","@id":"https:\/\/idcolor.ee\/lt\/produktas\/k18-preprepair-duo-kit\/","url":"https:\/\/idcolor.ee\/lt\/produktas\/k18-preprepair-duo-kit\/","name":"K18 K18 Prep+Repair Duo KIT - iD Color","isPartOf":{"@id":"https:\/\/idcolor.ee\/lt\/#website"},"primaryImageOfPage":{"@id":"https:\/\/idcolor.ee\/lt\/produktas\/k18-preprepair-duo-kit\/#primaryimage"},"image":{"@id":"https:\/\/idcolor.ee\/lt\/produktas\/k18-preprepair-duo-kit\/#primaryimage"},"thumbnailUrl":"https:\/\/idcolor.ee\/wp-content\/uploads\/2025\/05\/K18_PrepRepair_DuoKIT.jpg","datePublished":"2025-05-05T16:41:18+00:00","dateModified":"2025-08-25T03:46:17+00:00","description":"PH glotninamasis \u0161amp\u016bnas kasdieniniam naudojimui. Sukuria ideal\u0173 sveik\u0173 plauk\u0173 pagrind\u0105.","breadcrumb":{"@id":"https:\/\/idcolor.ee\/lt\/produktas\/k18-preprepair-duo-kit\/#breadcrumb"},"inLanguage":"lt-LT","potentialAction":[{"@type":"ReadAction","target":["https:\/\/idcolor.ee\/lt\/produktas\/k18-preprepair-duo-kit\/"]}]},{"@type":"ImageObject","inLanguage":"lt-LT","@id":"https:\/\/idcolor.ee\/lt\/produktas\/k18-preprepair-duo-kit\/#primaryimage","url":"https:\/\/idcolor.ee\/wp-content\/uploads\/2025\/05\/K18_PrepRepair_DuoKIT.jpg","contentUrl":"https:\/\/idcolor.ee\/wp-content\/uploads\/2025\/05\/K18_PrepRepair_DuoKIT.jpg","width":1080,"height":1080},{"@type":"BreadcrumbList","@id":"https:\/\/idcolor.ee\/lt\/produktas\/k18-preprepair-duo-kit\/#breadcrumb","itemListElement":[{"@type":"ListItem","position":1,"name":"Home","item":"https:\/\/idcolor.ee\/lt\/namai\/"},{"@type":"ListItem","position":2,"name":"Parduotuv\u0117","item":"https:\/\/idcolor.ee\/lt\/shop-2\/"},{"@type":"ListItem","position":3,"name":"K18 Prep+Repair Duo KIT"}]},{"@type":"WebSite","@id":"https:\/\/idcolor.ee\/lt\/#website","url":"https:\/\/idcolor.ee\/lt\/","name":"iD Color","description":"Hair care products","publisher":{"@id":"https:\/\/idcolor.ee\/lt\/#organization"},"potentialAction":[{"@type":"SearchAction","target":{"@type":"EntryPoint","urlTemplate":"https:\/\/idcolor.ee\/lt\/?s={search_term_string}"},"query-input":{"@type":"PropertyValueSpecification","valueRequired":true,"valueName":"search_term_string"}}],"inLanguage":"lt-LT"},{"@type":"Organization","@id":"https:\/\/idcolor.ee\/lt\/#organization","name":"iD Color O\u00dc","url":"https:\/\/idcolor.ee\/lt\/","logo":{"@type":"ImageObject","inLanguage":"lt-LT","@id":"https:\/\/idcolor.ee\/lt\/#\/schema\/logo\/image\/","url":"https:\/\/idcolor.ee\/wp-content\/uploads\/2022\/01\/IDColor_Logo_1000.png","contentUrl":"https:\/\/idcolor.ee\/wp-content\/uploads\/2022\/01\/IDColor_Logo_1000.png","width":1001,"height":354,"caption":"iD Color O\u00dc"},"image":{"@id":"https:\/\/idcolor.ee\/lt\/#\/schema\/logo\/image\/"}}]}},"_links":{"self":[{"href":"https:\/\/idcolor.ee\/lt\/wp-json\/wp\/v2\/product\/6843","targetHints":{"allow":["GET"]}}],"collection":[{"href":"https:\/\/idcolor.ee\/lt\/wp-json\/wp\/v2\/product"}],"about":[{"href":"https:\/\/idcolor.ee\/lt\/wp-json\/wp\/v2\/types\/product"}],"wp:featuredmedia":[{"embeddable":true,"href":"https:\/\/idcolor.ee\/lt\/wp-json\/wp\/v2\/media\/6840"}],"wp:attachment":[{"href":"https:\/\/idcolor.ee\/lt\/wp-json\/wp\/v2\/media?parent=6843"}],"wp:term":[{"taxonomy":"product_brand","embeddable":true,"href":"https:\/\/idcolor.ee\/lt\/wp-json\/wp\/v2\/product_brand?post=6843"},{"taxonomy":"product_cat","embeddable":true,"href":"https:\/\/idcolor.ee\/lt\/wp-json\/wp\/v2\/product_cat?post=6843"},{"taxonomy":"product_tag","embeddable":true,"href":"https:\/\/idcolor.ee\/lt\/wp-json\/wp\/v2\/product_tag?post=6843"}],"curies":[{"name":"wp","href":"https:\/\/api.w.org\/{rel}","templated":true}]}}