{"id":6927,"date":"2025-08-05T14:59:59","date_gmt":"2025-08-05T11:59:59","guid":{"rendered":"https:\/\/idcolor.ee\/product\/k18-heatbounce-drekinamoji-apsaugine-priemone-plaukams-nuo-karscio\/"},"modified":"2025-12-01T00:12:09","modified_gmt":"2025-11-30T22:12:09","slug":"k18-heatbounce-drekinamoji-apsaugine-priemone-plaukams-nuo-karscio","status":"publish","type":"product","link":"https:\/\/idcolor.ee\/lt\/produktas\/k18-heatbounce-drekinamoji-apsaugine-priemone-plaukams-nuo-karscio\/","title":{"rendered":"K18 HeatBounce dr\u0117kinamoji apsaugin\u0117 priemon\u0117 plaukams nuo kar\u0161\u010dio"},"content":{"rendered":"<div class=\"wpb-content-wrapper\"><p>[vc_row][vc_column][vc_row_inner][vc_column_inner width=&#8221;1\/4&#8243; offset=&#8221;vc_hidden-sm vc_hidden-xs&#8221; css=&#8221;.vc_custom_1643102572855{padding-right: 40% !important;}&#8221;][vc_single_image image=&#8221;4768&#8243; img_size=&#8221;full&#8221;][vc_empty_space height=&#8221;20px&#8221;][\/vc_column_inner][vc_column_inner width=&#8221;3\/4&#8243; css=&#8221;.vc_custom_1643102537405{padding-right: 70% !important;}&#8221; offset=&#8221;vc_hidden-lg vc_hidden-md&#8221;][vc_single_image image=&#8221;4768&#8243; img_size=&#8221;full&#8221;][vc_empty_space height=&#8221;20px&#8221;][\/vc_column_inner][\/vc_row_inner]<div class=\"nasa-title clearfix nasa-t hr-type-none\"><h4 class=\"nasa-heading-title\"><span class=\"nasa-title-wrap\"><span style=\"color: #000000;\">K18 HeatBounce dr\u0117kinamoji apsaugin\u0117 priemon\u0117 plaukams nuo kar\u0161\u010dio | 118 ml<\/span><\/span><\/h4><p class=\"nasa-title-desc\" style=\"color: #000000;\">Apsauga nuo kar\u0161\u010dio iki 232 \u00b0C<\/p><\/div>[vc_empty_space height=&#8221;20px&#8221;][vc_separator][vc_empty_space height=&#8221;20px&#8221;]<div class=\"nasa-title clearfix nasa-s hr-type-none\"><h4 class=\"nasa-heading-title\"><span class=\"nasa-title-wrap\"><span style=\"color: #EF5196;\">Revoliucin\u0117 \u201eHeatBounce\u201c apsaugin\u0117 priemon\u0117 nuo kar\u0161\u010dio yra tarsi nematomas skydas j\u016bs\u0173 plaukams.<\/span><\/span><\/h4><\/div>[vc_empty_space height=&#8221;25px&#8221;][vc_separator][vc_row_inner css=&#8221;.vc_custom_1641810793016{padding-bottom: 30px !important;}&#8221;][vc_column_inner width=&#8221;1\/2&#8243;][vc_empty_space height=&#8221;20px&#8221;][vc_column_text css=&#8221;&#8221;]<strong>\u0160iuolaikin\u0117 Resilicore\u2122 technologija<\/strong> apsaugo plaukus nuo kar\u0161\u010dio iki 232 \u00b0C ir UV spinduli\u0173, <br \/>tuo pa\u010diu metu puosel\u0117dama ir apsaugodama spalv\u0105 nuo i\u0161blukimo, plaukus nuo i\u0161saus\u0117jimo ir l\u016b\u017ein\u0117jimo.<\/p>\n<p>Resilicore\u2122 molekulin\u0117 sud\u0117tis leid\u017eia priemonei prasiskverbti giliau \u012f plauko korteks\u0105, nei bet kada anks\u010diau, suformuoja viduje stipr\u0173 apsaugin\u012f skyd\u0105.<\/p>\n<p>Maitinamoji formul\u0117 dr\u0117kina, mink\u0161tina ir ma\u017eina net ir pa\u017eeist\u0173 plauk\u0173 pasip\u016btim\u0105.<\/p>\n<p>Tinka visiems plauk\u0173 tipams. Galima naudoti per vis\u0105 ilg\u012f.[\/vc_column_text][vc_empty_space height=&#8221;15px&#8221;][vc_column_text css=&#8221;&#8221;]<\/p>\n<h4><strong>NAUDOJIMAS<\/strong><\/h4>\n<ul>\n<li>Priemon\u0119 purk\u0161ti ant rank\u0161luos\u010diu nusausint\u0173 plauk\u0173 prie\u0161 d\u017eiovinim\u0105 d\u017eiovintuvu arba ant saus\u0173 plauk\u0173 kiekvien\u0105 kart\u0105 prie\u0161 garbanojim\u0105 ar tiesinim\u0105.<\/li>\n<li>Kad priemon\u0117 pasiskirstyt\u0173 tolygiai, purk\u0161kite j\u0105 dalindami plaukus dalimis, pra\u0161ukuokite.<\/li>\n<\/ul>\n<p>[\/vc_column_text][\/vc_column_inner][vc_column_inner width=&#8221;1\/2&#8243;][vc_empty_space height=&#8221;25px&#8221;][vc_single_image image=&#8221;6919&#8243; img_size=&#8221;full&#8221; alignment=&#8221;center&#8221; css=&#8221;&#8221;][\/vc_column_inner][\/vc_row_inner][vc_empty_space height=&#8221;35px&#8221;][vc_separator][vc_empty_space height=&#8221;20px&#8221;][vc_column_text]<\/p>\n<h4><strong>Saugos reikalavimai<\/strong><\/h4>\n<div class=\"accordion__copy--inner\" data-accordion-copy-text=\"\">\n<p>Venkite kontakto su akimis. Vartoti tik i\u0161ori\u0161kai. Esant neigiamai reakcijai, nedelsiant kreipkit\u0117s \u012f gydytoj\u0105. Laikykite vaikams nepasiekiamoje ir neprieinamoje vietoje.<\/p>\n<\/div>\n<p>[\/vc_column_text][vc_empty_space height=&#8221;10px&#8221;][\/vc_column][\/vc_row]<\/p>\n<\/div>","protected":false},"excerpt":{"rendered":"<h5><strong>118 ml<\/strong><\/h5>\n<p><strong>\u0160iuolaikin\u0117 Resilicore\u2122 technologija<\/strong> apsaugo plaukus nuo kar\u0161\u010dio iki 232 \u00b0C ir UV spinduli\u0173, <br \/>tuo pa\u010diu metu puosel\u0117dama ir apsaugodama spalv\u0105 nuo i\u0161blukimo, plaukus nuo i\u0161saus\u0117jimo ir l\u016b\u017ein\u0117jimo.<\/p>\n","protected":false},"featured_media":6924,"template":"","meta":[],"product_brand":[],"product_cat":[316],"product_tag":[],"class_list":{"0":"post-6927","1":"product","2":"type-product","3":"status-publish","4":"has-post-thumbnail","6":"product_cat-k18-hair-lt","8":"first","9":"instock","10":"taxable","11":"shipping-taxable","12":"purchasable","13":"product-type-simple"},"yoast_head":"<!-- This site is optimized with the Yoast SEO plugin v27.4 - https:\/\/yoast.com\/product\/yoast-seo-wordpress\/ -->\n<title>K18 K18 HeatBounce dr\u0117kinamoji apsaugin\u0117 priemon\u0117 plaukams nuo kar\u0161\u010dio - iD Color<\/title>\n<meta name=\"description\" content=\"\u0160iuolaikin\u0117 Resilicore\u2122 technologija apsaugo plaukus nuo kar\u0161\u010dio iki 232 \u00b0C ir UV spinduli\u0173, tuo pa\u010diu metu puosel\u0117dama ir apsaugodama spalv\u0105 nuo i\u0161blukimo, plaukus nuo i\u0161saus\u0117jimo ir l\u016b\u017ein\u0117jimo.\" \/>\n<meta name=\"robots\" content=\"index, follow, max-snippet:-1, max-image-preview:large, max-video-preview:-1\" \/>\n<link rel=\"canonical\" href=\"https:\/\/idcolor.ee\/lt\/produktas\/k18-heatbounce-drekinamoji-apsaugine-priemone-plaukams-nuo-karscio\/\" \/>\n<meta property=\"og:locale\" content=\"lt_LT\" \/>\n<meta property=\"og:type\" content=\"article\" \/>\n<meta property=\"og:title\" content=\"K18 K18 HeatBounce dr\u0117kinamoji apsaugin\u0117 priemon\u0117 plaukams nuo kar\u0161\u010dio - iD Color\" \/>\n<meta property=\"og:description\" content=\"\u0160iuolaikin\u0117 Resilicore\u2122 technologija apsaugo plaukus nuo kar\u0161\u010dio iki 232 \u00b0C ir UV spinduli\u0173, tuo pa\u010diu metu puosel\u0117dama ir apsaugodama spalv\u0105 nuo i\u0161blukimo, plaukus nuo i\u0161saus\u0117jimo ir l\u016b\u017ein\u0117jimo.\" \/>\n<meta property=\"og:url\" content=\"https:\/\/idcolor.ee\/lt\/produktas\/k18-heatbounce-drekinamoji-apsaugine-priemone-plaukams-nuo-karscio\/\" \/>\n<meta property=\"og:site_name\" content=\"iD Color\" \/>\n<meta property=\"article:modified_time\" content=\"2025-11-30T22:12:09+00:00\" \/>\n<meta property=\"og:image\" content=\"https:\/\/idcolor.ee\/wp-content\/uploads\/2025\/08\/K18_HeatBounce_118ml_open.jpg\" \/>\n\t<meta property=\"og:image:width\" content=\"1080\" \/>\n\t<meta property=\"og:image:height\" content=\"1080\" \/>\n\t<meta property=\"og:image:type\" content=\"image\/jpeg\" \/>\n<meta name=\"twitter:card\" content=\"summary_large_image\" \/>\n<meta name=\"twitter:label1\" content=\"Est. reading time\" \/>\n\t<meta name=\"twitter:data1\" content=\"2 minut\u0117s\" \/>\n<script type=\"application\/ld+json\" class=\"yoast-schema-graph\">{\"@context\":\"https:\\\/\\\/schema.org\",\"@graph\":[{\"@type\":\"WebPage\",\"@id\":\"https:\\\/\\\/idcolor.ee\\\/lt\\\/produktas\\\/k18-heatbounce-drekinamoji-apsaugine-priemone-plaukams-nuo-karscio\\\/\",\"url\":\"https:\\\/\\\/idcolor.ee\\\/lt\\\/produktas\\\/k18-heatbounce-drekinamoji-apsaugine-priemone-plaukams-nuo-karscio\\\/\",\"name\":\"K18 K18 HeatBounce dr\u0117kinamoji apsaugin\u0117 priemon\u0117 plaukams nuo kar\u0161\u010dio - iD Color\",\"isPartOf\":{\"@id\":\"https:\\\/\\\/idcolor.ee\\\/lt\\\/#website\"},\"primaryImageOfPage\":{\"@id\":\"https:\\\/\\\/idcolor.ee\\\/lt\\\/produktas\\\/k18-heatbounce-drekinamoji-apsaugine-priemone-plaukams-nuo-karscio\\\/#primaryimage\"},\"image\":{\"@id\":\"https:\\\/\\\/idcolor.ee\\\/lt\\\/produktas\\\/k18-heatbounce-drekinamoji-apsaugine-priemone-plaukams-nuo-karscio\\\/#primaryimage\"},\"thumbnailUrl\":\"https:\\\/\\\/idcolor.ee\\\/wp-content\\\/uploads\\\/2025\\\/08\\\/K18_HeatBounce_118ml_open.jpg\",\"datePublished\":\"2025-08-05T11:59:59+00:00\",\"dateModified\":\"2025-11-30T22:12:09+00:00\",\"description\":\"\u0160iuolaikin\u0117 Resilicore\u2122 technologija apsaugo plaukus nuo kar\u0161\u010dio iki 232 \u00b0C ir UV spinduli\u0173, tuo pa\u010diu metu puosel\u0117dama ir apsaugodama spalv\u0105 nuo i\u0161blukimo, plaukus nuo i\u0161saus\u0117jimo ir l\u016b\u017ein\u0117jimo.\",\"breadcrumb\":{\"@id\":\"https:\\\/\\\/idcolor.ee\\\/lt\\\/produktas\\\/k18-heatbounce-drekinamoji-apsaugine-priemone-plaukams-nuo-karscio\\\/#breadcrumb\"},\"inLanguage\":\"lt-LT\",\"potentialAction\":[{\"@type\":\"ReadAction\",\"target\":[\"https:\\\/\\\/idcolor.ee\\\/lt\\\/produktas\\\/k18-heatbounce-drekinamoji-apsaugine-priemone-plaukams-nuo-karscio\\\/\"]}]},{\"@type\":\"ImageObject\",\"inLanguage\":\"lt-LT\",\"@id\":\"https:\\\/\\\/idcolor.ee\\\/lt\\\/produktas\\\/k18-heatbounce-drekinamoji-apsaugine-priemone-plaukams-nuo-karscio\\\/#primaryimage\",\"url\":\"https:\\\/\\\/idcolor.ee\\\/wp-content\\\/uploads\\\/2025\\\/08\\\/K18_HeatBounce_118ml_open.jpg\",\"contentUrl\":\"https:\\\/\\\/idcolor.ee\\\/wp-content\\\/uploads\\\/2025\\\/08\\\/K18_HeatBounce_118ml_open.jpg\",\"width\":1080,\"height\":1080},{\"@type\":\"BreadcrumbList\",\"@id\":\"https:\\\/\\\/idcolor.ee\\\/lt\\\/produktas\\\/k18-heatbounce-drekinamoji-apsaugine-priemone-plaukams-nuo-karscio\\\/#breadcrumb\",\"itemListElement\":[{\"@type\":\"ListItem\",\"position\":1,\"name\":\"Home\",\"item\":\"https:\\\/\\\/idcolor.ee\\\/lt\\\/namai\\\/\"},{\"@type\":\"ListItem\",\"position\":2,\"name\":\"Parduotuv\u0117\",\"item\":\"https:\\\/\\\/idcolor.ee\\\/lt\\\/shop-2\\\/\"},{\"@type\":\"ListItem\",\"position\":3,\"name\":\"K18 HeatBounce dr\u0117kinamoji apsaugin\u0117 priemon\u0117 plaukams nuo kar\u0161\u010dio\"}]},{\"@type\":\"WebSite\",\"@id\":\"https:\\\/\\\/idcolor.ee\\\/lt\\\/#website\",\"url\":\"https:\\\/\\\/idcolor.ee\\\/lt\\\/\",\"name\":\"iD Color\",\"description\":\"Hair care products\",\"publisher\":{\"@id\":\"https:\\\/\\\/idcolor.ee\\\/lt\\\/#organization\"},\"potentialAction\":[{\"@type\":\"SearchAction\",\"target\":{\"@type\":\"EntryPoint\",\"urlTemplate\":\"https:\\\/\\\/idcolor.ee\\\/lt\\\/?s={search_term_string}\"},\"query-input\":{\"@type\":\"PropertyValueSpecification\",\"valueRequired\":true,\"valueName\":\"search_term_string\"}}],\"inLanguage\":\"lt-LT\"},{\"@type\":\"Organization\",\"@id\":\"https:\\\/\\\/idcolor.ee\\\/lt\\\/#organization\",\"name\":\"iD Color O\u00dc\",\"url\":\"https:\\\/\\\/idcolor.ee\\\/lt\\\/\",\"logo\":{\"@type\":\"ImageObject\",\"inLanguage\":\"lt-LT\",\"@id\":\"https:\\\/\\\/idcolor.ee\\\/lt\\\/#\\\/schema\\\/logo\\\/image\\\/\",\"url\":\"https:\\\/\\\/idcolor.ee\\\/wp-content\\\/uploads\\\/2022\\\/01\\\/IDColor_Logo_1000.png\",\"contentUrl\":\"https:\\\/\\\/idcolor.ee\\\/wp-content\\\/uploads\\\/2022\\\/01\\\/IDColor_Logo_1000.png\",\"width\":1001,\"height\":354,\"caption\":\"iD Color O\u00dc\"},\"image\":{\"@id\":\"https:\\\/\\\/idcolor.ee\\\/lt\\\/#\\\/schema\\\/logo\\\/image\\\/\"}}]}<\/script>\n<!-- \/ Yoast SEO plugin. -->","yoast_head_json":{"title":"K18 K18 HeatBounce dr\u0117kinamoji apsaugin\u0117 priemon\u0117 plaukams nuo kar\u0161\u010dio - iD Color","description":"\u0160iuolaikin\u0117 Resilicore\u2122 technologija apsaugo plaukus nuo kar\u0161\u010dio iki 232 \u00b0C ir UV spinduli\u0173, tuo pa\u010diu metu puosel\u0117dama ir apsaugodama spalv\u0105 nuo i\u0161blukimo, plaukus nuo i\u0161saus\u0117jimo ir l\u016b\u017ein\u0117jimo.","robots":{"index":"index","follow":"follow","max-snippet":"max-snippet:-1","max-image-preview":"max-image-preview:large","max-video-preview":"max-video-preview:-1"},"canonical":"https:\/\/idcolor.ee\/lt\/produktas\/k18-heatbounce-drekinamoji-apsaugine-priemone-plaukams-nuo-karscio\/","og_locale":"lt_LT","og_type":"article","og_title":"K18 K18 HeatBounce dr\u0117kinamoji apsaugin\u0117 priemon\u0117 plaukams nuo kar\u0161\u010dio - iD Color","og_description":"\u0160iuolaikin\u0117 Resilicore\u2122 technologija apsaugo plaukus nuo kar\u0161\u010dio iki 232 \u00b0C ir UV spinduli\u0173, tuo pa\u010diu metu puosel\u0117dama ir apsaugodama spalv\u0105 nuo i\u0161blukimo, plaukus nuo i\u0161saus\u0117jimo ir l\u016b\u017ein\u0117jimo.","og_url":"https:\/\/idcolor.ee\/lt\/produktas\/k18-heatbounce-drekinamoji-apsaugine-priemone-plaukams-nuo-karscio\/","og_site_name":"iD Color","article_modified_time":"2025-11-30T22:12:09+00:00","og_image":[{"width":1080,"height":1080,"url":"https:\/\/idcolor.ee\/wp-content\/uploads\/2025\/08\/K18_HeatBounce_118ml_open.jpg","type":"image\/jpeg"}],"twitter_card":"summary_large_image","twitter_misc":{"Est. reading time":"2 minut\u0117s"},"schema":{"@context":"https:\/\/schema.org","@graph":[{"@type":"WebPage","@id":"https:\/\/idcolor.ee\/lt\/produktas\/k18-heatbounce-drekinamoji-apsaugine-priemone-plaukams-nuo-karscio\/","url":"https:\/\/idcolor.ee\/lt\/produktas\/k18-heatbounce-drekinamoji-apsaugine-priemone-plaukams-nuo-karscio\/","name":"K18 K18 HeatBounce dr\u0117kinamoji apsaugin\u0117 priemon\u0117 plaukams nuo kar\u0161\u010dio - iD Color","isPartOf":{"@id":"https:\/\/idcolor.ee\/lt\/#website"},"primaryImageOfPage":{"@id":"https:\/\/idcolor.ee\/lt\/produktas\/k18-heatbounce-drekinamoji-apsaugine-priemone-plaukams-nuo-karscio\/#primaryimage"},"image":{"@id":"https:\/\/idcolor.ee\/lt\/produktas\/k18-heatbounce-drekinamoji-apsaugine-priemone-plaukams-nuo-karscio\/#primaryimage"},"thumbnailUrl":"https:\/\/idcolor.ee\/wp-content\/uploads\/2025\/08\/K18_HeatBounce_118ml_open.jpg","datePublished":"2025-08-05T11:59:59+00:00","dateModified":"2025-11-30T22:12:09+00:00","description":"\u0160iuolaikin\u0117 Resilicore\u2122 technologija apsaugo plaukus nuo kar\u0161\u010dio iki 232 \u00b0C ir UV spinduli\u0173, tuo pa\u010diu metu puosel\u0117dama ir apsaugodama spalv\u0105 nuo i\u0161blukimo, plaukus nuo i\u0161saus\u0117jimo ir l\u016b\u017ein\u0117jimo.","breadcrumb":{"@id":"https:\/\/idcolor.ee\/lt\/produktas\/k18-heatbounce-drekinamoji-apsaugine-priemone-plaukams-nuo-karscio\/#breadcrumb"},"inLanguage":"lt-LT","potentialAction":[{"@type":"ReadAction","target":["https:\/\/idcolor.ee\/lt\/produktas\/k18-heatbounce-drekinamoji-apsaugine-priemone-plaukams-nuo-karscio\/"]}]},{"@type":"ImageObject","inLanguage":"lt-LT","@id":"https:\/\/idcolor.ee\/lt\/produktas\/k18-heatbounce-drekinamoji-apsaugine-priemone-plaukams-nuo-karscio\/#primaryimage","url":"https:\/\/idcolor.ee\/wp-content\/uploads\/2025\/08\/K18_HeatBounce_118ml_open.jpg","contentUrl":"https:\/\/idcolor.ee\/wp-content\/uploads\/2025\/08\/K18_HeatBounce_118ml_open.jpg","width":1080,"height":1080},{"@type":"BreadcrumbList","@id":"https:\/\/idcolor.ee\/lt\/produktas\/k18-heatbounce-drekinamoji-apsaugine-priemone-plaukams-nuo-karscio\/#breadcrumb","itemListElement":[{"@type":"ListItem","position":1,"name":"Home","item":"https:\/\/idcolor.ee\/lt\/namai\/"},{"@type":"ListItem","position":2,"name":"Parduotuv\u0117","item":"https:\/\/idcolor.ee\/lt\/shop-2\/"},{"@type":"ListItem","position":3,"name":"K18 HeatBounce dr\u0117kinamoji apsaugin\u0117 priemon\u0117 plaukams nuo kar\u0161\u010dio"}]},{"@type":"WebSite","@id":"https:\/\/idcolor.ee\/lt\/#website","url":"https:\/\/idcolor.ee\/lt\/","name":"iD Color","description":"Hair care products","publisher":{"@id":"https:\/\/idcolor.ee\/lt\/#organization"},"potentialAction":[{"@type":"SearchAction","target":{"@type":"EntryPoint","urlTemplate":"https:\/\/idcolor.ee\/lt\/?s={search_term_string}"},"query-input":{"@type":"PropertyValueSpecification","valueRequired":true,"valueName":"search_term_string"}}],"inLanguage":"lt-LT"},{"@type":"Organization","@id":"https:\/\/idcolor.ee\/lt\/#organization","name":"iD Color O\u00dc","url":"https:\/\/idcolor.ee\/lt\/","logo":{"@type":"ImageObject","inLanguage":"lt-LT","@id":"https:\/\/idcolor.ee\/lt\/#\/schema\/logo\/image\/","url":"https:\/\/idcolor.ee\/wp-content\/uploads\/2022\/01\/IDColor_Logo_1000.png","contentUrl":"https:\/\/idcolor.ee\/wp-content\/uploads\/2022\/01\/IDColor_Logo_1000.png","width":1001,"height":354,"caption":"iD Color O\u00dc"},"image":{"@id":"https:\/\/idcolor.ee\/lt\/#\/schema\/logo\/image\/"}}]}},"_links":{"self":[{"href":"https:\/\/idcolor.ee\/lt\/wp-json\/wp\/v2\/product\/6927","targetHints":{"allow":["GET"]}}],"collection":[{"href":"https:\/\/idcolor.ee\/lt\/wp-json\/wp\/v2\/product"}],"about":[{"href":"https:\/\/idcolor.ee\/lt\/wp-json\/wp\/v2\/types\/product"}],"wp:featuredmedia":[{"embeddable":true,"href":"https:\/\/idcolor.ee\/lt\/wp-json\/wp\/v2\/media\/6924"}],"wp:attachment":[{"href":"https:\/\/idcolor.ee\/lt\/wp-json\/wp\/v2\/media?parent=6927"}],"wp:term":[{"taxonomy":"product_brand","embeddable":true,"href":"https:\/\/idcolor.ee\/lt\/wp-json\/wp\/v2\/product_brand?post=6927"},{"taxonomy":"product_cat","embeddable":true,"href":"https:\/\/idcolor.ee\/lt\/wp-json\/wp\/v2\/product_cat?post=6927"},{"taxonomy":"product_tag","embeddable":true,"href":"https:\/\/idcolor.ee\/lt\/wp-json\/wp\/v2\/product_tag?post=6927"}],"curies":[{"name":"wp","href":"https:\/\/api.w.org\/{rel}","templated":true}]}}