{"id":7731,"date":"2026-03-11T12:40:04","date_gmt":"2026-03-11T10:40:04","guid":{"rendered":"https:\/\/idcolor.ee\/?post_type=product&#038;p=7731"},"modified":"2026-03-12T14:25:53","modified_gmt":"2026-03-12T12:25:53","slug":"k18-salon-blowout-at-home-kit","status":"publish","type":"product","link":"https:\/\/idcolor.ee\/lt\/produktas\/k18-salon-blowout-at-home-kit\/","title":{"rendered":"K18 Salon Blowout at Home KIT"},"content":{"rendered":"<div class=\"wpb-content-wrapper\"><p>[vc_row][vc_column][vc_row_inner][vc_column_inner width=&#8221;1\/4&#8243; offset=&#8221;vc_hidden-sm vc_hidden-xs&#8221; css=&#8221;.vc_custom_1643102572855{padding-right: 40% !important;}&#8221;][vc_single_image image=&#8221;4768&#8243; img_size=&#8221;full&#8221;][vc_empty_space height=&#8221;20px&#8221;][\/vc_column_inner][vc_column_inner width=&#8221;3\/4&#8243; css=&#8221;.vc_custom_1643102537405{padding-right: 70% !important;}&#8221; offset=&#8221;vc_hidden-lg vc_hidden-md&#8221;][vc_single_image image=&#8221;4768&#8243; img_size=&#8221;full&#8221;][vc_empty_space height=&#8221;20px&#8221;][\/vc_column_inner][\/vc_row_inner]<div class=\"nasa-title clearfix nasa-t hr-type-none\"><h4 class=\"nasa-heading-title\"><span class=\"nasa-title-wrap\"><span style=\"color: #000000;\">K18 Salon Blowout at Home KIT<\/span><\/span><\/h4><p class=\"nasa-title-desc\" style=\"color: #000000;\">SUD\u0116TYJE YRA PATENTUOTO K18 PEPTIDO<\/p><\/div>[vc_empty_space height=&#8221;20px&#8221;][vc_separator][vc_empty_space height=&#8221;5px&#8221;][vc_row_inner css=&#8221;.vc_custom_1641810793016{padding-bottom: 30px !important;}&#8221;][vc_column_inner width=&#8221;1\/2&#8243;][vc_empty_space height=&#8221;30px&#8221;][vc_column_text css=&#8221;&#8221;]<strong>K18 Leave-in Molecular Repair Hair Mask 50 ml<\/strong><\/p>\n<p>Nenuplaunama gydomoji kauk\u0117 vis\u0173 tip\u0173 plaukams, kuri klini\u0161kai panaikina \u017eal\u0105 per 4 minutes. Patentuota peptid\u0173 technologija atkuria baliklio, spalvos, chemini\u0173 priemoni\u0173 ir kar\u0161\u010dio padaryt\u0105 \u017eal\u0105 \u2013 atkuria plauk\u0173 stiprum\u0105, \u0161velnum\u0105, glotnum\u0105 ir at\u0161okim\u0105.[\/vc_column_text][vc_empty_space height=&#8221;20px&#8221;][vc_separator][vc_empty_space height=&#8221;10px&#8221;][vc_column_text css=&#8221;&#8221;]<strong>K18 TRAVEL AstroLift\u2122 atkuriamasis apimties pur\u0161kiklis 47 ml<\/strong><\/p>\n<p>Labai lengvas ir nelipnus pur\u0161kiklis ypa\u010d tinka plonesniems, trapiems plaukams, kuriems reikia apimties, suteikiant \u0161ukuosenai pilnesn\u0119 ir dailesn\u0119 i\u0161vaizd\u0105 bei jausm\u0105, kurie i\u0161silaiko iki dviej\u0173 dien\u0173.[\/vc_column_text][vc_empty_space height=&#8221;20px&#8221;][vc_separator][vc_empty_space height=&#8221;10px&#8221;][vc_column_text css=&#8221;&#8221;]<strong>K18 TRAVEL HeatBounce dr\u0117kinamoji apsaugin\u0117 priemon\u0117 plaukams nuo kar\u0161\u010dio 47 ml<\/strong><\/p>\n<p><strong>\u0160iuolaikin\u0117 Resilicore\u2122 technologija<\/strong> apsaugo plaukus nuo kar\u0161\u010dio iki 232 \u00b0C ir UV spinduli\u0173, <br \/>tuo pa\u010diu metu puosel\u0117dama ir apsaugodama spalv\u0105 nuo i\u0161blukimo, plaukus nuo i\u0161saus\u0117jimo ir l\u016b\u017ein\u0117jimo.[\/vc_column_text][\/vc_column_inner][vc_column_inner width=&#8221;1\/2&#8243;][vc_empty_space height=&#8221;10px&#8221;][vc_single_image image=&#8221;7740&#8243; img_size=&#8221;full&#8221; alignment=&#8221;center&#8221; css=&#8221;&#8221;][\/vc_column_inner][\/vc_row_inner][\/vc_column][\/vc_row]<\/p>\n<\/div>","protected":false},"excerpt":{"rendered":"<p><strong>K18 Leave-in Molecular Repair Hair Mask 50 ml<br \/>\nK18 TRAVEL AstroLift\u2122 atkuriamasis apimties pur\u0161kiklis 47 ml<br \/>\n<\/strong><strong><span style=\"color: #ff0000;\">NEMOKAMA<\/span><br \/>\nK18 TRAVEL HeatBounce dr\u0117kinamoji apsaugin\u0117 priemon\u0117 plaukams nuo kar\u0161\u010dio 47 ml<\/strong><\/p>\n","protected":false},"featured_media":7736,"template":"","meta":[],"product_brand":[],"product_cat":[316],"product_tag":[],"class_list":{"0":"post-7731","1":"product","2":"type-product","3":"status-publish","4":"has-post-thumbnail","6":"product_cat-k18-hair-lt","8":"first","9":"instock","10":"taxable","11":"shipping-taxable","12":"purchasable","13":"product-type-simple"},"yoast_head":"<!-- This site is optimized with the Yoast SEO plugin v27.4 - https:\/\/yoast.com\/product\/yoast-seo-wordpress\/ -->\n<title>K18 K18 Salon Blowout at Home KIT - iD Color<\/title>\n<meta name=\"description\" content=\"The patented peptide technology works to repair damage from bleach, color, chemical services &amp; heat \u2013 restoring strength, smoothness, and bounce to hair.\" \/>\n<meta name=\"robots\" content=\"index, follow, max-snippet:-1, max-image-preview:large, max-video-preview:-1\" \/>\n<link rel=\"canonical\" href=\"https:\/\/idcolor.ee\/lt\/produktas\/k18-salon-blowout-at-home-kit\/\" \/>\n<meta property=\"og:locale\" content=\"lt_LT\" \/>\n<meta property=\"og:type\" content=\"article\" \/>\n<meta property=\"og:title\" content=\"K18 K18 Salon Blowout at Home KIT - iD Color\" \/>\n<meta property=\"og:description\" content=\"The patented peptide technology works to repair damage from bleach, color, chemical services &amp; heat \u2013 restoring strength, smoothness, and bounce to hair.\" \/>\n<meta property=\"og:url\" content=\"https:\/\/idcolor.ee\/lt\/produktas\/k18-salon-blowout-at-home-kit\/\" \/>\n<meta property=\"og:site_name\" content=\"iD Color\" \/>\n<meta property=\"article:modified_time\" content=\"2026-03-12T12:25:53+00:00\" \/>\n<meta property=\"og:image\" content=\"https:\/\/idcolor.ee\/wp-content\/uploads\/2026\/03\/K18_SalonBlowoutKit.jpg\" \/>\n\t<meta property=\"og:image:width\" content=\"1080\" \/>\n\t<meta property=\"og:image:height\" content=\"1080\" \/>\n\t<meta property=\"og:image:type\" content=\"image\/jpeg\" \/>\n<meta name=\"twitter:card\" content=\"summary_large_image\" \/>\n<meta name=\"twitter:label1\" content=\"Est. reading time\" \/>\n\t<meta name=\"twitter:data1\" content=\"2 minut\u0117s\" \/>\n<script type=\"application\/ld+json\" class=\"yoast-schema-graph\">{\"@context\":\"https:\\\/\\\/schema.org\",\"@graph\":[{\"@type\":\"WebPage\",\"@id\":\"https:\\\/\\\/idcolor.ee\\\/lt\\\/produktas\\\/k18-salon-blowout-at-home-kit\\\/\",\"url\":\"https:\\\/\\\/idcolor.ee\\\/lt\\\/produktas\\\/k18-salon-blowout-at-home-kit\\\/\",\"name\":\"K18 K18 Salon Blowout at Home KIT - iD Color\",\"isPartOf\":{\"@id\":\"https:\\\/\\\/idcolor.ee\\\/lt\\\/#website\"},\"primaryImageOfPage\":{\"@id\":\"https:\\\/\\\/idcolor.ee\\\/lt\\\/produktas\\\/k18-salon-blowout-at-home-kit\\\/#primaryimage\"},\"image\":{\"@id\":\"https:\\\/\\\/idcolor.ee\\\/lt\\\/produktas\\\/k18-salon-blowout-at-home-kit\\\/#primaryimage\"},\"thumbnailUrl\":\"https:\\\/\\\/idcolor.ee\\\/wp-content\\\/uploads\\\/2026\\\/03\\\/K18_SalonBlowoutKit.jpg\",\"datePublished\":\"2026-03-11T10:40:04+00:00\",\"dateModified\":\"2026-03-12T12:25:53+00:00\",\"description\":\"The patented peptide technology works to repair damage from bleach, color, chemical services & heat \u2013 restoring strength, smoothness, and bounce to hair.\",\"breadcrumb\":{\"@id\":\"https:\\\/\\\/idcolor.ee\\\/lt\\\/produktas\\\/k18-salon-blowout-at-home-kit\\\/#breadcrumb\"},\"inLanguage\":\"lt-LT\",\"potentialAction\":[{\"@type\":\"ReadAction\",\"target\":[\"https:\\\/\\\/idcolor.ee\\\/lt\\\/produktas\\\/k18-salon-blowout-at-home-kit\\\/\"]}]},{\"@type\":\"ImageObject\",\"inLanguage\":\"lt-LT\",\"@id\":\"https:\\\/\\\/idcolor.ee\\\/lt\\\/produktas\\\/k18-salon-blowout-at-home-kit\\\/#primaryimage\",\"url\":\"https:\\\/\\\/idcolor.ee\\\/wp-content\\\/uploads\\\/2026\\\/03\\\/K18_SalonBlowoutKit.jpg\",\"contentUrl\":\"https:\\\/\\\/idcolor.ee\\\/wp-content\\\/uploads\\\/2026\\\/03\\\/K18_SalonBlowoutKit.jpg\",\"width\":1080,\"height\":1080},{\"@type\":\"BreadcrumbList\",\"@id\":\"https:\\\/\\\/idcolor.ee\\\/lt\\\/produktas\\\/k18-salon-blowout-at-home-kit\\\/#breadcrumb\",\"itemListElement\":[{\"@type\":\"ListItem\",\"position\":1,\"name\":\"Home\",\"item\":\"https:\\\/\\\/idcolor.ee\\\/lt\\\/namai\\\/\"},{\"@type\":\"ListItem\",\"position\":2,\"name\":\"Parduotuv\u0117\",\"item\":\"https:\\\/\\\/idcolor.ee\\\/lt\\\/shop-2\\\/\"},{\"@type\":\"ListItem\",\"position\":3,\"name\":\"K18 Salon Blowout at Home KIT\"}]},{\"@type\":\"WebSite\",\"@id\":\"https:\\\/\\\/idcolor.ee\\\/lt\\\/#website\",\"url\":\"https:\\\/\\\/idcolor.ee\\\/lt\\\/\",\"name\":\"iD Color\",\"description\":\"Hair care products\",\"publisher\":{\"@id\":\"https:\\\/\\\/idcolor.ee\\\/lt\\\/#organization\"},\"potentialAction\":[{\"@type\":\"SearchAction\",\"target\":{\"@type\":\"EntryPoint\",\"urlTemplate\":\"https:\\\/\\\/idcolor.ee\\\/lt\\\/?s={search_term_string}\"},\"query-input\":{\"@type\":\"PropertyValueSpecification\",\"valueRequired\":true,\"valueName\":\"search_term_string\"}}],\"inLanguage\":\"lt-LT\"},{\"@type\":\"Organization\",\"@id\":\"https:\\\/\\\/idcolor.ee\\\/lt\\\/#organization\",\"name\":\"iD Color O\u00dc\",\"url\":\"https:\\\/\\\/idcolor.ee\\\/lt\\\/\",\"logo\":{\"@type\":\"ImageObject\",\"inLanguage\":\"lt-LT\",\"@id\":\"https:\\\/\\\/idcolor.ee\\\/lt\\\/#\\\/schema\\\/logo\\\/image\\\/\",\"url\":\"https:\\\/\\\/idcolor.ee\\\/wp-content\\\/uploads\\\/2022\\\/01\\\/IDColor_Logo_1000.png\",\"contentUrl\":\"https:\\\/\\\/idcolor.ee\\\/wp-content\\\/uploads\\\/2022\\\/01\\\/IDColor_Logo_1000.png\",\"width\":1001,\"height\":354,\"caption\":\"iD Color O\u00dc\"},\"image\":{\"@id\":\"https:\\\/\\\/idcolor.ee\\\/lt\\\/#\\\/schema\\\/logo\\\/image\\\/\"}}]}<\/script>\n<!-- \/ Yoast SEO plugin. -->","yoast_head_json":{"title":"K18 K18 Salon Blowout at Home KIT - iD Color","description":"The patented peptide technology works to repair damage from bleach, color, chemical services & heat \u2013 restoring strength, smoothness, and bounce to hair.","robots":{"index":"index","follow":"follow","max-snippet":"max-snippet:-1","max-image-preview":"max-image-preview:large","max-video-preview":"max-video-preview:-1"},"canonical":"https:\/\/idcolor.ee\/lt\/produktas\/k18-salon-blowout-at-home-kit\/","og_locale":"lt_LT","og_type":"article","og_title":"K18 K18 Salon Blowout at Home KIT - iD Color","og_description":"The patented peptide technology works to repair damage from bleach, color, chemical services & heat \u2013 restoring strength, smoothness, and bounce to hair.","og_url":"https:\/\/idcolor.ee\/lt\/produktas\/k18-salon-blowout-at-home-kit\/","og_site_name":"iD Color","article_modified_time":"2026-03-12T12:25:53+00:00","og_image":[{"width":1080,"height":1080,"url":"https:\/\/idcolor.ee\/wp-content\/uploads\/2026\/03\/K18_SalonBlowoutKit.jpg","type":"image\/jpeg"}],"twitter_card":"summary_large_image","twitter_misc":{"Est. reading time":"2 minut\u0117s"},"schema":{"@context":"https:\/\/schema.org","@graph":[{"@type":"WebPage","@id":"https:\/\/idcolor.ee\/lt\/produktas\/k18-salon-blowout-at-home-kit\/","url":"https:\/\/idcolor.ee\/lt\/produktas\/k18-salon-blowout-at-home-kit\/","name":"K18 K18 Salon Blowout at Home KIT - iD Color","isPartOf":{"@id":"https:\/\/idcolor.ee\/lt\/#website"},"primaryImageOfPage":{"@id":"https:\/\/idcolor.ee\/lt\/produktas\/k18-salon-blowout-at-home-kit\/#primaryimage"},"image":{"@id":"https:\/\/idcolor.ee\/lt\/produktas\/k18-salon-blowout-at-home-kit\/#primaryimage"},"thumbnailUrl":"https:\/\/idcolor.ee\/wp-content\/uploads\/2026\/03\/K18_SalonBlowoutKit.jpg","datePublished":"2026-03-11T10:40:04+00:00","dateModified":"2026-03-12T12:25:53+00:00","description":"The patented peptide technology works to repair damage from bleach, color, chemical services & heat \u2013 restoring strength, smoothness, and bounce to hair.","breadcrumb":{"@id":"https:\/\/idcolor.ee\/lt\/produktas\/k18-salon-blowout-at-home-kit\/#breadcrumb"},"inLanguage":"lt-LT","potentialAction":[{"@type":"ReadAction","target":["https:\/\/idcolor.ee\/lt\/produktas\/k18-salon-blowout-at-home-kit\/"]}]},{"@type":"ImageObject","inLanguage":"lt-LT","@id":"https:\/\/idcolor.ee\/lt\/produktas\/k18-salon-blowout-at-home-kit\/#primaryimage","url":"https:\/\/idcolor.ee\/wp-content\/uploads\/2026\/03\/K18_SalonBlowoutKit.jpg","contentUrl":"https:\/\/idcolor.ee\/wp-content\/uploads\/2026\/03\/K18_SalonBlowoutKit.jpg","width":1080,"height":1080},{"@type":"BreadcrumbList","@id":"https:\/\/idcolor.ee\/lt\/produktas\/k18-salon-blowout-at-home-kit\/#breadcrumb","itemListElement":[{"@type":"ListItem","position":1,"name":"Home","item":"https:\/\/idcolor.ee\/lt\/namai\/"},{"@type":"ListItem","position":2,"name":"Parduotuv\u0117","item":"https:\/\/idcolor.ee\/lt\/shop-2\/"},{"@type":"ListItem","position":3,"name":"K18 Salon Blowout at Home KIT"}]},{"@type":"WebSite","@id":"https:\/\/idcolor.ee\/lt\/#website","url":"https:\/\/idcolor.ee\/lt\/","name":"iD Color","description":"Hair care products","publisher":{"@id":"https:\/\/idcolor.ee\/lt\/#organization"},"potentialAction":[{"@type":"SearchAction","target":{"@type":"EntryPoint","urlTemplate":"https:\/\/idcolor.ee\/lt\/?s={search_term_string}"},"query-input":{"@type":"PropertyValueSpecification","valueRequired":true,"valueName":"search_term_string"}}],"inLanguage":"lt-LT"},{"@type":"Organization","@id":"https:\/\/idcolor.ee\/lt\/#organization","name":"iD Color O\u00dc","url":"https:\/\/idcolor.ee\/lt\/","logo":{"@type":"ImageObject","inLanguage":"lt-LT","@id":"https:\/\/idcolor.ee\/lt\/#\/schema\/logo\/image\/","url":"https:\/\/idcolor.ee\/wp-content\/uploads\/2022\/01\/IDColor_Logo_1000.png","contentUrl":"https:\/\/idcolor.ee\/wp-content\/uploads\/2022\/01\/IDColor_Logo_1000.png","width":1001,"height":354,"caption":"iD Color O\u00dc"},"image":{"@id":"https:\/\/idcolor.ee\/lt\/#\/schema\/logo\/image\/"}}]}},"_links":{"self":[{"href":"https:\/\/idcolor.ee\/lt\/wp-json\/wp\/v2\/product\/7731","targetHints":{"allow":["GET"]}}],"collection":[{"href":"https:\/\/idcolor.ee\/lt\/wp-json\/wp\/v2\/product"}],"about":[{"href":"https:\/\/idcolor.ee\/lt\/wp-json\/wp\/v2\/types\/product"}],"wp:featuredmedia":[{"embeddable":true,"href":"https:\/\/idcolor.ee\/lt\/wp-json\/wp\/v2\/media\/7736"}],"wp:attachment":[{"href":"https:\/\/idcolor.ee\/lt\/wp-json\/wp\/v2\/media?parent=7731"}],"wp:term":[{"taxonomy":"product_brand","embeddable":true,"href":"https:\/\/idcolor.ee\/lt\/wp-json\/wp\/v2\/product_brand?post=7731"},{"taxonomy":"product_cat","embeddable":true,"href":"https:\/\/idcolor.ee\/lt\/wp-json\/wp\/v2\/product_cat?post=7731"},{"taxonomy":"product_tag","embeddable":true,"href":"https:\/\/idcolor.ee\/lt\/wp-json\/wp\/v2\/product_tag?post=7731"}],"curies":[{"name":"wp","href":"https:\/\/api.w.org\/{rel}","templated":true}]}}