{"id":7864,"date":"2026-04-24T15:10:46","date_gmt":"2026-04-24T12:10:46","guid":{"rendered":"https:\/\/idcolor.ee\/product\/k18-triplebright-nuo-oksidacijos-saugantis-violetinis-sampunas\/"},"modified":"2026-04-24T18:09:41","modified_gmt":"2026-04-24T15:09:41","slug":"k18-triplebright-nuo-oksidacijos-saugantis-violetinis-sampunas","status":"publish","type":"product","link":"https:\/\/idcolor.ee\/lt\/produktas\/k18-triplebright-nuo-oksidacijos-saugantis-violetinis-sampunas\/","title":{"rendered":"K18 TripleBright nuo oksidacijos saugantis violetinis \u0161amp\u016bnas"},"content":{"rendered":"<div class=\"wpb-content-wrapper\"><p>[vc_row][vc_column][vc_row_inner][vc_column_inner width=&#8221;1\/4&#8243; offset=&#8221;vc_hidden-sm vc_hidden-xs&#8221; css=&#8221;.vc_custom_1643102572855{padding-right: 40% !important;}&#8221;][vc_single_image image=&#8221;4768&#8243; img_size=&#8221;full&#8221;][vc_empty_space height=&#8221;20px&#8221;][\/vc_column_inner][vc_column_inner width=&#8221;3\/4&#8243; css=&#8221;.vc_custom_1643102537405{padding-right: 70% !important;}&#8221; offset=&#8221;vc_hidden-lg vc_hidden-md&#8221;][vc_single_image image=&#8221;4768&#8243; img_size=&#8221;full&#8221;][vc_empty_space height=&#8221;20px&#8221;][\/vc_column_inner][\/vc_row_inner]<div class=\"nasa-title clearfix nasa-t hr-type-none\"><h4 class=\"nasa-heading-title\"><span class=\"nasa-title-wrap\"><span style=\"color: #000000;\">K18 TripleBright nuo oksidacijos saugantis violetinis \u0161amp\u016bnas | 125 ml<\/span><\/span><\/h4><p class=\"nasa-title-desc\" style=\"color: #000000;\">\u0160VARESNIS, ILGIAU I\u0160LIEKANTIS \u0160VIESI\u0172 PLAUK\u0172 ATSPALVIS<\/p><\/div>[vc_empty_space height=&#8221;20px&#8221;][vc_separator][vc_empty_space height=&#8221;20px&#8221;][vc_column_text css=&#8221;&#8221;]<strong>Pa\u017eangus trigubo poveikio violetinis \u0161amp\u016bnas<\/strong> pa\u0161alina metalus ir mineralus, neutralizuoja atsiradus\u012f nepageidaujam\u0105 gelton\u0105 atspalv\u012f ir apsaugo nuo jo atsiradimo ateityje.[\/vc_column_text][vc_empty_space height=&#8221;25px&#8221;][vc_separator][vc_row_inner][vc_column_inner width=&#8221;1\/2&#8243;][vc_empty_space height=&#8221;20px&#8221;][vc_column_text css=&#8221;&#8221;]<\/p>\n<h4>KAIP JIS VEIKIA?<\/h4>\n<ul>\n<li>1 plovimas pa\u0161alina iki 3 m\u0117nesi\u0173 kieto vandens sukelt\u0105 gelton\u0105 atspalv\u012f. *<\/li>\n<li>Neutralizuoja gelton\u0105 atspalv\u012f, nepalieka d\u0117mi\u0173 ar nepertonuoja.<\/li>\n<li>Atkuria ir i\u0161lygina ideal\u0173 plauk\u0173 atspalv\u012f. *<\/li>\n<li><strong>Lengvai tepamos putos.<\/strong><\/li>\n<\/ul>\n<p>[\/vc_column_text][vc_separator align=&#8221;align_left&#8221; el_width=&#8221;10&#8243; css=&#8221;.vc_custom_1777035597027{margin-top: 10px !important;}&#8221;][vc_column_text css=&#8221;&#8221;]<a href=\"https:\/\/www.k18hairpro.com\/pages\/disclaimers\" target=\"_blank\" rel=\"noopener\"><em>* k18hairpro.com\/disclaimers<\/em><\/a>[\/vc_column_text][vc_empty_space height=&#8221;15px&#8221;][vc_column_text css=&#8221;&#8221;]<\/p>\n<h4>KOD\u0116L TAI VEIKIA?<\/h4>\n<ul>\n<li><strong>Jonin\u0117 technologija<\/strong> pa\u0161alina gelton\u0105 atspalv\u012f sukelian\u010dius metalus ir mineralus.<\/li>\n<li>Neutralizuoja gelton\u0105 atspalv\u012f d\u0117l <strong>tikslios violetin\u0117s technologijos<\/strong>, kuri nepalieka d\u0117mi\u0173 ir nepertonuoja.<\/li>\n<li><strong>Biopolimeras<\/strong> apsaugo nuo geltono atspalvio atsiradimo ir padeda u\u017ekirsti keli\u0105 pakartotiniam metal\u0173 ir mineral\u0173 kaupimuisi plovimo metu.<\/li>\n<\/ul>\n<p>[\/vc_column_text][vc_empty_space height=&#8221;15px&#8221;][vc_column_text css=&#8221;&#8221;]<\/p>\n<h4><strong>NAUDOJIMAS<\/strong><\/h4>\n<p><strong>Naudokite tarp plauk\u0173 \u0161viesinimo proced\u016br\u0173, kad atgaivintum\u0117te ry\u0161kum\u0105.<\/strong><\/p>\n<ol>\n<li>Tolygiai paskirstykite putas \u2013 \u0161amp\u016bn\u0105 ant dr\u0117gn\u0173 plauk\u0173 nuo \u0161akn\u0173 iki galiuk\u0173.<\/li>\n<li>Palikite 1-3 minutes.<\/li>\n<li>Gerai i\u0161skalaukite plaukus.<\/li>\n<\/ol>\n<p>[\/vc_column_text][\/vc_column_inner][vc_column_inner width=&#8221;1\/2&#8243;][vc_empty_space height=&#8221;25px&#8221;]    <div class=\"nasa-sc-carousel-main nasa-bullets-center\">\r\n                <div \r\n            class=\"nasa-slick-slider nasa-not-elementor-style nasa-slick-nav\"\r\n            data-autoplay=\"true\"\r\n            data-loop=\"true\"\r\n            data-speed=\"600\"\r\n            data-dot=\"true\"\r\n            data-columns=\"1\"\r\n            data-columns-small=\"1\"\r\n            data-columns-tablet=\"1\"\r\n            data-switch-tablet=\"767\"\r\n            data-switch-desktop=\"1024\"\r\n            >\r\n            [vc_single_image image=&#8221;7840&#8243; img_size=&#8221;full&#8221; alignment=&#8221;center&#8221; css=&#8221;&#8221;][vc_single_image image=&#8221;7841&#8243; img_size=&#8221;full&#8221; alignment=&#8221;center&#8221; css=&#8221;&#8221;][vc_single_image image=&#8221;7843&#8243; img_size=&#8221;full&#8221; alignment=&#8221;center&#8221; css=&#8221;&#8221;][vc_single_image image=&#8221;7844&#8243; img_size=&#8221;full&#8221; alignment=&#8221;center&#8221; css=&#8221;&#8221;][vc_single_image image=&#8221;7842&#8243; img_size=&#8221;full&#8221; alignment=&#8221;center&#8221; css=&#8221;&#8221;]        <\/div>\r\n    <\/div>\r\n    [\/vc_column_inner][\/vc_row_inner][vc_empty_space height=&#8221;25px&#8221;][vc_separator][vc_empty_space height=&#8221;20px&#8221;][vc_column_text]<\/p>\n<h4><strong>Saugos reikalavimai<\/strong><\/h4>\n<div class=\"accordion__copy--inner\" data-accordion-copy-text=\"\">\n<p>Venkite kontakto su akimis. Vartoti tik i\u0161ori\u0161kai. Esant neigiamai reakcijai, nedelsiant kreipkit\u0117s \u012f gydytoj\u0105. Laikykite vaikams nepasiekiamoje ir neprieinamoje vietoje.<\/p>\n<\/div>\n<p>[\/vc_column_text][\/vc_column][\/vc_row]<\/p>\n<\/div>","protected":false},"excerpt":{"rendered":"<h5><strong>125 ml<\/strong><\/h5>\n<p><strong>\u0160VARESNIS, ILGIAU I\u0160LIEKANTIS \u0160VIESI\u0172 PLAUK\u0172 ATSPALVIS.<\/strong> Pa\u017eangus trigubo poveikio violetinis \u0161amp\u016bnas pa\u0161alina metalus ir mineralus, neutralizuoja atsiradus\u012f nepageidaujam\u0105 gelton\u0105 atspalv\u012f ir apsaugo nuo jo atsiradimo ateityje.<\/p>\n","protected":false},"featured_media":7863,"template":"","meta":[],"product_brand":[],"product_cat":[316],"product_tag":[],"class_list":{"0":"post-7864","1":"product","2":"type-product","3":"status-publish","4":"has-post-thumbnail","6":"product_cat-k18-hair-lt","8":"first","9":"instock","10":"taxable","11":"shipping-taxable","12":"purchasable","13":"product-type-simple"},"yoast_head":"<!-- This site is optimized with the Yoast SEO plugin v27.4 - https:\/\/yoast.com\/product\/yoast-seo-wordpress\/ -->\n<title>K18 K18 TripleBright nuo oksidacijos saugantis violetinis \u0161amp\u016bnas - iD Color<\/title>\n<meta name=\"description\" content=\"Pa\u017eangus trigubo poveikio violetinis \u0161amp\u016bnas pa\u0161alina metalus ir mineralus, neutralizuoja atsiradus\u012f nepageidaujam\u0105 gelton\u0105 atspalv\u012f ir apsaugo nuo jo atsiradimo ateityje.\" \/>\n<meta name=\"robots\" content=\"index, follow, max-snippet:-1, max-image-preview:large, max-video-preview:-1\" \/>\n<link rel=\"canonical\" href=\"https:\/\/idcolor.ee\/lt\/produktas\/k18-triplebright-nuo-oksidacijos-saugantis-violetinis-sampunas\/\" \/>\n<meta property=\"og:locale\" content=\"lt_LT\" \/>\n<meta property=\"og:type\" content=\"article\" \/>\n<meta property=\"og:title\" content=\"K18 K18 TripleBright nuo oksidacijos saugantis violetinis \u0161amp\u016bnas - iD Color\" \/>\n<meta property=\"og:description\" content=\"Pa\u017eangus trigubo poveikio violetinis \u0161amp\u016bnas pa\u0161alina metalus ir mineralus, neutralizuoja atsiradus\u012f nepageidaujam\u0105 gelton\u0105 atspalv\u012f ir apsaugo nuo jo atsiradimo ateityje.\" \/>\n<meta property=\"og:url\" content=\"https:\/\/idcolor.ee\/lt\/produktas\/k18-triplebright-nuo-oksidacijos-saugantis-violetinis-sampunas\/\" \/>\n<meta property=\"og:site_name\" content=\"iD Color\" \/>\n<meta property=\"article:modified_time\" content=\"2026-04-24T15:09:41+00:00\" \/>\n<meta property=\"og:image\" content=\"https:\/\/idcolor.ee\/wp-content\/uploads\/2026\/04\/K18_TripleBright_125ml.jpg\" \/>\n\t<meta property=\"og:image:width\" content=\"1080\" \/>\n\t<meta property=\"og:image:height\" content=\"1080\" \/>\n\t<meta property=\"og:image:type\" content=\"image\/jpeg\" \/>\n<meta name=\"twitter:card\" content=\"summary_large_image\" \/>\n<meta name=\"twitter:label1\" content=\"Est. reading time\" \/>\n\t<meta name=\"twitter:data1\" content=\"2 minut\u0117s\" \/>\n<script type=\"application\/ld+json\" class=\"yoast-schema-graph\">{\"@context\":\"https:\\\/\\\/schema.org\",\"@graph\":[{\"@type\":\"WebPage\",\"@id\":\"https:\\\/\\\/idcolor.ee\\\/lt\\\/produktas\\\/k18-triplebright-nuo-oksidacijos-saugantis-violetinis-sampunas\\\/\",\"url\":\"https:\\\/\\\/idcolor.ee\\\/lt\\\/produktas\\\/k18-triplebright-nuo-oksidacijos-saugantis-violetinis-sampunas\\\/\",\"name\":\"K18 K18 TripleBright nuo oksidacijos saugantis violetinis \u0161amp\u016bnas - iD Color\",\"isPartOf\":{\"@id\":\"https:\\\/\\\/idcolor.ee\\\/lt\\\/#website\"},\"primaryImageOfPage\":{\"@id\":\"https:\\\/\\\/idcolor.ee\\\/lt\\\/produktas\\\/k18-triplebright-nuo-oksidacijos-saugantis-violetinis-sampunas\\\/#primaryimage\"},\"image\":{\"@id\":\"https:\\\/\\\/idcolor.ee\\\/lt\\\/produktas\\\/k18-triplebright-nuo-oksidacijos-saugantis-violetinis-sampunas\\\/#primaryimage\"},\"thumbnailUrl\":\"https:\\\/\\\/idcolor.ee\\\/wp-content\\\/uploads\\\/2026\\\/04\\\/K18_TripleBright_125ml.jpg\",\"datePublished\":\"2026-04-24T12:10:46+00:00\",\"dateModified\":\"2026-04-24T15:09:41+00:00\",\"description\":\"Pa\u017eangus trigubo poveikio violetinis \u0161amp\u016bnas pa\u0161alina metalus ir mineralus, neutralizuoja atsiradus\u012f nepageidaujam\u0105 gelton\u0105 atspalv\u012f ir apsaugo nuo jo atsiradimo ateityje.\",\"breadcrumb\":{\"@id\":\"https:\\\/\\\/idcolor.ee\\\/lt\\\/produktas\\\/k18-triplebright-nuo-oksidacijos-saugantis-violetinis-sampunas\\\/#breadcrumb\"},\"inLanguage\":\"lt-LT\",\"potentialAction\":[{\"@type\":\"ReadAction\",\"target\":[\"https:\\\/\\\/idcolor.ee\\\/lt\\\/produktas\\\/k18-triplebright-nuo-oksidacijos-saugantis-violetinis-sampunas\\\/\"]}]},{\"@type\":\"ImageObject\",\"inLanguage\":\"lt-LT\",\"@id\":\"https:\\\/\\\/idcolor.ee\\\/lt\\\/produktas\\\/k18-triplebright-nuo-oksidacijos-saugantis-violetinis-sampunas\\\/#primaryimage\",\"url\":\"https:\\\/\\\/idcolor.ee\\\/wp-content\\\/uploads\\\/2026\\\/04\\\/K18_TripleBright_125ml.jpg\",\"contentUrl\":\"https:\\\/\\\/idcolor.ee\\\/wp-content\\\/uploads\\\/2026\\\/04\\\/K18_TripleBright_125ml.jpg\",\"width\":1080,\"height\":1080},{\"@type\":\"BreadcrumbList\",\"@id\":\"https:\\\/\\\/idcolor.ee\\\/lt\\\/produktas\\\/k18-triplebright-nuo-oksidacijos-saugantis-violetinis-sampunas\\\/#breadcrumb\",\"itemListElement\":[{\"@type\":\"ListItem\",\"position\":1,\"name\":\"Home\",\"item\":\"https:\\\/\\\/idcolor.ee\\\/lt\\\/namai\\\/\"},{\"@type\":\"ListItem\",\"position\":2,\"name\":\"Parduotuv\u0117\",\"item\":\"https:\\\/\\\/idcolor.ee\\\/lt\\\/shop-2\\\/\"},{\"@type\":\"ListItem\",\"position\":3,\"name\":\"K18 TripleBright nuo oksidacijos saugantis violetinis \u0161amp\u016bnas\"}]},{\"@type\":\"WebSite\",\"@id\":\"https:\\\/\\\/idcolor.ee\\\/lt\\\/#website\",\"url\":\"https:\\\/\\\/idcolor.ee\\\/lt\\\/\",\"name\":\"iD Color\",\"description\":\"Hair care products\",\"publisher\":{\"@id\":\"https:\\\/\\\/idcolor.ee\\\/lt\\\/#organization\"},\"potentialAction\":[{\"@type\":\"SearchAction\",\"target\":{\"@type\":\"EntryPoint\",\"urlTemplate\":\"https:\\\/\\\/idcolor.ee\\\/lt\\\/?s={search_term_string}\"},\"query-input\":{\"@type\":\"PropertyValueSpecification\",\"valueRequired\":true,\"valueName\":\"search_term_string\"}}],\"inLanguage\":\"lt-LT\"},{\"@type\":\"Organization\",\"@id\":\"https:\\\/\\\/idcolor.ee\\\/lt\\\/#organization\",\"name\":\"iD Color O\u00dc\",\"url\":\"https:\\\/\\\/idcolor.ee\\\/lt\\\/\",\"logo\":{\"@type\":\"ImageObject\",\"inLanguage\":\"lt-LT\",\"@id\":\"https:\\\/\\\/idcolor.ee\\\/lt\\\/#\\\/schema\\\/logo\\\/image\\\/\",\"url\":\"https:\\\/\\\/idcolor.ee\\\/wp-content\\\/uploads\\\/2022\\\/01\\\/IDColor_Logo_1000.png\",\"contentUrl\":\"https:\\\/\\\/idcolor.ee\\\/wp-content\\\/uploads\\\/2022\\\/01\\\/IDColor_Logo_1000.png\",\"width\":1001,\"height\":354,\"caption\":\"iD Color O\u00dc\"},\"image\":{\"@id\":\"https:\\\/\\\/idcolor.ee\\\/lt\\\/#\\\/schema\\\/logo\\\/image\\\/\"}}]}<\/script>\n<!-- \/ Yoast SEO plugin. -->","yoast_head_json":{"title":"K18 K18 TripleBright nuo oksidacijos saugantis violetinis \u0161amp\u016bnas - iD Color","description":"Pa\u017eangus trigubo poveikio violetinis \u0161amp\u016bnas pa\u0161alina metalus ir mineralus, neutralizuoja atsiradus\u012f nepageidaujam\u0105 gelton\u0105 atspalv\u012f ir apsaugo nuo jo atsiradimo ateityje.","robots":{"index":"index","follow":"follow","max-snippet":"max-snippet:-1","max-image-preview":"max-image-preview:large","max-video-preview":"max-video-preview:-1"},"canonical":"https:\/\/idcolor.ee\/lt\/produktas\/k18-triplebright-nuo-oksidacijos-saugantis-violetinis-sampunas\/","og_locale":"lt_LT","og_type":"article","og_title":"K18 K18 TripleBright nuo oksidacijos saugantis violetinis \u0161amp\u016bnas - iD Color","og_description":"Pa\u017eangus trigubo poveikio violetinis \u0161amp\u016bnas pa\u0161alina metalus ir mineralus, neutralizuoja atsiradus\u012f nepageidaujam\u0105 gelton\u0105 atspalv\u012f ir apsaugo nuo jo atsiradimo ateityje.","og_url":"https:\/\/idcolor.ee\/lt\/produktas\/k18-triplebright-nuo-oksidacijos-saugantis-violetinis-sampunas\/","og_site_name":"iD Color","article_modified_time":"2026-04-24T15:09:41+00:00","og_image":[{"width":1080,"height":1080,"url":"https:\/\/idcolor.ee\/wp-content\/uploads\/2026\/04\/K18_TripleBright_125ml.jpg","type":"image\/jpeg"}],"twitter_card":"summary_large_image","twitter_misc":{"Est. reading time":"2 minut\u0117s"},"schema":{"@context":"https:\/\/schema.org","@graph":[{"@type":"WebPage","@id":"https:\/\/idcolor.ee\/lt\/produktas\/k18-triplebright-nuo-oksidacijos-saugantis-violetinis-sampunas\/","url":"https:\/\/idcolor.ee\/lt\/produktas\/k18-triplebright-nuo-oksidacijos-saugantis-violetinis-sampunas\/","name":"K18 K18 TripleBright nuo oksidacijos saugantis violetinis \u0161amp\u016bnas - iD Color","isPartOf":{"@id":"https:\/\/idcolor.ee\/lt\/#website"},"primaryImageOfPage":{"@id":"https:\/\/idcolor.ee\/lt\/produktas\/k18-triplebright-nuo-oksidacijos-saugantis-violetinis-sampunas\/#primaryimage"},"image":{"@id":"https:\/\/idcolor.ee\/lt\/produktas\/k18-triplebright-nuo-oksidacijos-saugantis-violetinis-sampunas\/#primaryimage"},"thumbnailUrl":"https:\/\/idcolor.ee\/wp-content\/uploads\/2026\/04\/K18_TripleBright_125ml.jpg","datePublished":"2026-04-24T12:10:46+00:00","dateModified":"2026-04-24T15:09:41+00:00","description":"Pa\u017eangus trigubo poveikio violetinis \u0161amp\u016bnas pa\u0161alina metalus ir mineralus, neutralizuoja atsiradus\u012f nepageidaujam\u0105 gelton\u0105 atspalv\u012f ir apsaugo nuo jo atsiradimo ateityje.","breadcrumb":{"@id":"https:\/\/idcolor.ee\/lt\/produktas\/k18-triplebright-nuo-oksidacijos-saugantis-violetinis-sampunas\/#breadcrumb"},"inLanguage":"lt-LT","potentialAction":[{"@type":"ReadAction","target":["https:\/\/idcolor.ee\/lt\/produktas\/k18-triplebright-nuo-oksidacijos-saugantis-violetinis-sampunas\/"]}]},{"@type":"ImageObject","inLanguage":"lt-LT","@id":"https:\/\/idcolor.ee\/lt\/produktas\/k18-triplebright-nuo-oksidacijos-saugantis-violetinis-sampunas\/#primaryimage","url":"https:\/\/idcolor.ee\/wp-content\/uploads\/2026\/04\/K18_TripleBright_125ml.jpg","contentUrl":"https:\/\/idcolor.ee\/wp-content\/uploads\/2026\/04\/K18_TripleBright_125ml.jpg","width":1080,"height":1080},{"@type":"BreadcrumbList","@id":"https:\/\/idcolor.ee\/lt\/produktas\/k18-triplebright-nuo-oksidacijos-saugantis-violetinis-sampunas\/#breadcrumb","itemListElement":[{"@type":"ListItem","position":1,"name":"Home","item":"https:\/\/idcolor.ee\/lt\/namai\/"},{"@type":"ListItem","position":2,"name":"Parduotuv\u0117","item":"https:\/\/idcolor.ee\/lt\/shop-2\/"},{"@type":"ListItem","position":3,"name":"K18 TripleBright nuo oksidacijos saugantis violetinis \u0161amp\u016bnas"}]},{"@type":"WebSite","@id":"https:\/\/idcolor.ee\/lt\/#website","url":"https:\/\/idcolor.ee\/lt\/","name":"iD Color","description":"Hair care products","publisher":{"@id":"https:\/\/idcolor.ee\/lt\/#organization"},"potentialAction":[{"@type":"SearchAction","target":{"@type":"EntryPoint","urlTemplate":"https:\/\/idcolor.ee\/lt\/?s={search_term_string}"},"query-input":{"@type":"PropertyValueSpecification","valueRequired":true,"valueName":"search_term_string"}}],"inLanguage":"lt-LT"},{"@type":"Organization","@id":"https:\/\/idcolor.ee\/lt\/#organization","name":"iD Color O\u00dc","url":"https:\/\/idcolor.ee\/lt\/","logo":{"@type":"ImageObject","inLanguage":"lt-LT","@id":"https:\/\/idcolor.ee\/lt\/#\/schema\/logo\/image\/","url":"https:\/\/idcolor.ee\/wp-content\/uploads\/2022\/01\/IDColor_Logo_1000.png","contentUrl":"https:\/\/idcolor.ee\/wp-content\/uploads\/2022\/01\/IDColor_Logo_1000.png","width":1001,"height":354,"caption":"iD Color O\u00dc"},"image":{"@id":"https:\/\/idcolor.ee\/lt\/#\/schema\/logo\/image\/"}}]}},"_links":{"self":[{"href":"https:\/\/idcolor.ee\/lt\/wp-json\/wp\/v2\/product\/7864","targetHints":{"allow":["GET"]}}],"collection":[{"href":"https:\/\/idcolor.ee\/lt\/wp-json\/wp\/v2\/product"}],"about":[{"href":"https:\/\/idcolor.ee\/lt\/wp-json\/wp\/v2\/types\/product"}],"wp:featuredmedia":[{"embeddable":true,"href":"https:\/\/idcolor.ee\/lt\/wp-json\/wp\/v2\/media\/7863"}],"wp:attachment":[{"href":"https:\/\/idcolor.ee\/lt\/wp-json\/wp\/v2\/media?parent=7864"}],"wp:term":[{"taxonomy":"product_brand","embeddable":true,"href":"https:\/\/idcolor.ee\/lt\/wp-json\/wp\/v2\/product_brand?post=7864"},{"taxonomy":"product_cat","embeddable":true,"href":"https:\/\/idcolor.ee\/lt\/wp-json\/wp\/v2\/product_cat?post=7864"},{"taxonomy":"product_tag","embeddable":true,"href":"https:\/\/idcolor.ee\/lt\/wp-json\/wp\/v2\/product_tag?post=7864"}],"curies":[{"name":"wp","href":"https:\/\/api.w.org\/{rel}","templated":true}]}}