{"id":6128,"date":"2022-01-08T01:32:42","date_gmt":"2022-01-07T23:32:42","guid":{"rendered":"https:\/\/idcolor.ee\/noteikumi\/"},"modified":"2025-07-01T00:34:15","modified_gmt":"2025-06-30T21:34:15","slug":"noteikumi","status":"publish","type":"page","link":"https:\/\/idcolor.ee\/lv\/noteikumi\/","title":{"rendered":"Noteikumi"},"content":{"rendered":"<div class=\"wpb-content-wrapper\"><p>[vc_row css=&#8221;.vc_custom_1641598295106{padding-top: 60px !important;}&#8221;][vc_column]<div class=\"nasa-title clearfix hr-type-full\"><h3 class=\"nasa-heading-title\"><span class=\"nasa-title-wrap\"><span style=\"background: #ffffff; color: #24b3b0;\">E-veikala tirdzniec\u012bbas noteikumi<\/span><span class=\"nasa-title-hr\" style=\"border-color: #24b3b0;\"><\/span><\/span><\/h3><\/div>[\/vc_column][\/vc_row][vc_row css=&#8221;.vc_custom_1647248779793{padding-top: 35px !important;padding-bottom: 120px !important;}&#8221;][vc_column][vc_column_text css=&#8221;&#8221;]<\/p>\n<h5>1. VISP\u0100R\u0112JIE NOSAC\u012aJUMI<\/h5>\n<p>1.1. \u0160ie iD Color tie\u0161saistes veikals (turpm\u0101k: e-veikals) tirdzniec\u012bbas noteikumi (turpm\u0101k: noteikumi) ir sp\u0113k\u0101, iep\u0113rkoties iD Color e-veikal\u0101 interneta adres\u0113 idcolor.ee. Preces p\u0101rdev\u0113js ir ID Color O\u00dc (p\u0101rdev\u0113js), adrese Gonsiori 17-4, 10124 Tallinn, ESTONIA, re\u0123istr\u0101cijas numurs 14613686, e-pasta adrese shop@idcolor.ee, t\u0101lrunis +372 55133. Noteikumi ir sp\u0113k\u0101 tiesiskaj\u0101m attiec\u012bb\u0101m starp vis\u0101m person\u0101m (turpm\u0101k: klients) un p\u0101rdev\u0113ju, kas rodas ieg\u0101d\u0101joties preces ar iD Color e-veikala starpniec\u012bbu.<br \/>\n1.2. P\u0101rdev\u0113jam ir ties\u012bbas vienpus\u0113ji groz\u012bt un papildin\u0101t noteikumus, public\u0113jot jaunos noteikumus interneta adres\u0113 idcolor.ee. Ja klients pas\u016bt\u012bjumu ir iesniedzis pirms noteikumu groz\u012bjumu sp\u0113k\u0101 st\u0101\u0161an\u0101s, klientam piem\u0113ro noteikumus, kas bija sp\u0113k\u0101 pas\u016bt\u012bjuma iesnieg\u0161anas laik\u0101.<br \/>\n1.3. Klients pirms pirkuma veik\u0161anas var noteikumus saglab\u0101t, izdruk\u0101t un, ja nepiecie\u0161ams, atk\u0101rtoti iesniegt, k\u0101 ar\u012b klients, veicot pirkumu e-veikal\u0101, piekr\u012bt noteikumos min\u0113tajam.<br \/>\n1.4. Papildus noteikumiem piem\u0113ro Igaunijas Republik\u0101 sp\u0113k\u0101 eso\u0161os ties\u012bbu aktus, kas attiecas uz pirkuma veik\u0161anu e-veikal\u0101.<\/p>\n<h5>2. PAS\u016aT\u012aJUMA IESNIEG\u0160ANA<\/h5>\n<p>2.1. Pas\u016bt\u012bjumu e-veikal\u0101 var iesniegt p\u0113c autoriz\u0113\u0161an\u0101s k\u0101 past\u0101v\u012bgajam klientam.<br \/>\n2.2. Klients e-veikal\u0101 izv\u0113las preces un pievieno t\u0101s grozam. Klients apstiprina grozu un nor\u0113\u0137in\u0101s par preci p\u0101rdev\u0113ja pied\u0101v\u0101taj\u0101s maks\u0101jumu vid\u0113s. Pirms r\u0113\u0137ina apmaksas klients p\u0101rbauda, vai r\u0113\u0137in\u0101 eso\u0161ais pre\u010du saraksts atbilst klienta patiesajai gribai.<br \/>\n2.3. P\u0113c nor\u0113\u0137in\u0101\u0161an\u0101s par preci klientam j\u0101nospie\u017e saite \u201cAtpaka\u013c pie tirgot\u0101ja\u201d.<br \/>\n2.4. Par pas\u016bt\u012bjuma un maks\u0101juma sa\u0146em\u0161anu p\u0101rdev\u0113js ar e-pasta v\u0113stuli nos\u016bta klientam apstiprin\u0101jumu un r\u0113\u0137inu.<br \/>\n2.5. P\u0101rdo\u0161anas l\u012bgums starp p\u0101rdev\u0113ju un klientu st\u0101jas sp\u0113k\u0101, kad P\u0101rdev\u0113ja nor\u0113\u0137inu kont\u0101 ir sa\u0146emta pilna klienta apmaks\u0101t\u0101 pirkuma summa.<br \/>\n2.6. Par prec\u0113m, kuras neizdodas nokomplekt\u0113t, P\u0101rdev\u0113js atmaks\u0101 klientam naudu, v\u0113l\u0101kais, 14 dienu laik\u0101.<\/p>\n<h5>3. PRECES CENA UN APMAKSAS IESP\u0112JAS<\/h5>\n<p>3.1. Visas iD Color e-veikal\u0101 p\u0101rdodamo pre\u010du cenas ir nor\u0101d\u012btas eiro. Cen\u0101s iek\u013cauts PVN 24%.<br \/>\n3.2. Klients par pas\u016bt\u012bjumu nor\u0113\u0137in\u0101s ar priek\u0161apmaksu, samaks\u0101jot pilnu p\u0101rdo\u0161anas cenu un pieg\u0101des maksu. Apmaksa notiek \u0101rpus e-veikala dro\u0161\u0101 vid\u0113 \u2013 apmaks\u0101jot ar bankas saiti atbilsto\u0161\u0101s bankas dro\u0161aj\u0101 vid\u0113 un apmaks\u0101jot ar kred\u012btkarti Montonio Finance UAB dro\u0161aj\u0101 vid\u0113. P\u0101rdev\u0113jam nav pieejas klienta bankas un kred\u012btkartes datiem.<br \/>\n3.3. Vietnes datu p\u0101rzinis ir iD Color O\u00dc. Maks\u0101jumu apstr\u0101dei iD Color O\u00dc nos\u016bt\u012bs personas datus pilnvarotajam apstr\u0101d\u0101t\u0101jam Montonio Finance UAB.<br \/>\n3.4. Par preci var nor\u0113\u0137in\u0101ties:<br \/>\n3.4.1. izmantojot bankas saiti internetbank\u0101s:<br \/>\na) IGAUNIJA: Swedbank, SEB, LHV, Luminor, Coop Bank, Citadele, N26<br \/>\nb) LATVIJA: Swedbank, SEB, Luminor, Citadele<br \/>\nc) LIETUVA: Swedbank, SEB, Luminor, Citadele, \u0160iauliu Bankas<br \/>\nd) SOMIJA: Nordea, Danske Bank, N26, Handelsbanken, Oma S\u00e4\u00e4st\u00f6pankki, POP Pankki, S\u00e4\u00e4stopankki, \u00c5landsbanken, OP, S-Pankki<br \/>\n3.4.2. ar kred\u012btkart\u0113m.<br \/>\n3.5. as\u016bt\u012bjuma maksai var tikt pievienota apkalpo\u0161anas maksa atbilsto\u0161i l\u012bgumam, kas ir nosl\u0113gts starp klientu un banku vai kred\u012btkartes izsniedz\u0113ju.<\/p>\n<h5>4. PRECES PIEG\u0100DE<\/h5>\n<p>4.1. Preces tiek pieg\u0101d\u0101tas Igaunijas, Somijas, Latvijas un Lietuvas teritorij\u0101 ar pakom\u0101ta.<br \/>\n4.2. Pieg\u0101d\u0101jot preci klienta nor\u0101d\u012btaj\u0101 adres\u0113, preces cenai tiek pievienota pieg\u0101des maksa.<br \/>\n4.2.1. Pieg\u0101des maksa netiek pievienota, ja pas\u016bt\u012bjuma cena p\u0101rsniedz summu 75 \u20ac.<br \/>\n4.2.2. Pieg\u0101des maksa.<\/p>\n<p><strong>Igaunija:<\/strong><br \/>\nOmniva pakom\u0101ts: 3.60 \u20ac<br \/>\nItella Smartpost pakom\u0101ts: 3.60 \u20ac<\/p>\n<p><strong>Somija<\/strong>:<br \/>\nPosti pakom\u0101ts: 8.00 \u20ac<\/p>\n<p><strong>Latvija:<\/strong><br \/>\nOmniva pakom\u0101ts: 8.00 \u20ac<\/p>\n<p><strong>Lietuva:<\/strong><br \/>\nOmniva pakom\u0101ts: 8.00 \u20ac<\/p>\n<p>4.3. E-veikal\u0101 ieg\u0101d\u0101t\u0101 prece pien\u0101k 1\u20137 darbdienu laik\u0101 p\u0113c p\u0101rdo\u0161anas l\u012bguma sp\u0113k\u0101 st\u0101\u0161an\u0101s.<\/p>\n<p>4.4. Iz\u0146\u0113muma gad\u012bjumos preces ir ties\u012bbas pieg\u0101d\u0101t 45 kalend\u0101ro dienu laik\u0101.<\/p>\n<h5>5. PRECES P\u0100RBAUDE<\/h5>\n<p>5.1. Ja klients, sa\u0146emot preci, atkl\u0101j, ka vi\u0146am ir nos\u016bt\u012bta nepareiza vai defekt\u012bva prece, vai ar\u012b prece nenon\u0101k pie klienta lab\u0101 st\u0101vokl\u012b un aizv\u0113rt\u0101 iepakojum\u0101, par to nekav\u0113joties j\u0101inform\u0113 p\u0101rdev\u0113ja klientu serviss, rakstot e-pasta v\u0113stuli uz adresi shop@idcolor.ee.<br \/>\n5.2. P\u0101rdev\u0113js atbild par klienta ieg\u0101d\u0101to preci t\u0101s transport\u0113\u0161anas laik\u0101. S\u0101kot ar preces sa\u0146em\u0161anu, preces saboj\u0101\u0161an\u0101s vai pazu\u0161anas risks p\u0101riet klientam.<\/p>\n<h5>6. KLIENTA PERSONAS DATU APSTR\u0100DE<\/h5>\n<p>6.1. P\u0101rdev\u0113jam ir ties\u012bbas apstr\u0101d\u0101t klienta iesniegtos personas datus un pirkumu datus saska\u0146\u0101 ar sp\u0113k\u0101 eso\u0161ajiem ties\u012bbu aktiem t\u0101d\u0101 apjom\u0101, k\u0101ds ir nepiecie\u0161ams galvenok\u0101rt klienta e-veikal\u0101 iesniegt\u0101 pas\u016bt\u012bjuma izpildei.<br \/>\n6.2. P\u0101rdev\u0113js apstr\u0101d\u0101 klienta personas datus \u0161\u0101diem m\u0113r\u0137iem:<br \/>\na) e-veikal\u0101 iesniegt\u0101 pas\u016bt\u012bjuma izpilde;<br \/>\nb) e-veikala attiec\u012bbu ar klientiem p\u0101rvald\u012b\u0161ana un sazi\u0146a ar klientu;<br \/>\nc) atbil\u017eu uz klienta piepras\u012bjumiem snieg\u0161ana;<br \/>\nd) p\u0101rdo\u0161anas statistikas sast\u0101d\u012b\u0161ana;<br \/>\ne) e-veikala pakalpojumu p\u0101rvald\u012bba un att\u012bst\u012b\u0161ana.<br \/>\n6.3. P\u0101rdev\u0113js piem\u0113ro visus l\u012bdzek\u013cus (t.sk. administrat\u012bvos, tehniskos un fiziskos l\u012bdzek\u013cus) klienta personas datu aizsardz\u012bbai. Piek\u013cuve datu groz\u012b\u0161anai un apstr\u0101dei ir tikai \u012bpa\u0161i pilnvarot\u0101m person\u0101m.<br \/>\n6.4. P\u0101rdev\u0113jam ir ties\u012bbas veikt e-veikal\u0101 re\u0123istr\u0113to personas datu profila anal\u012bzi, lai lab\u0101k izprastu klientu gaidas un no t\u0101 izrietot pied\u0101v\u0101tu lab\u0101kas preces un pakalpojumus, nodro\u0161inot prec\u012bzu tie\u0161\u0101 m\u0101rketinga m\u0113r\u0137\u0113\u0161anu.<\/p>\n<h5>7. PRECES ATGRIE\u0160ANA UN ATMAKSA<\/h5>\n<p>7.1. Ja v\u0113las, e-veikal\u0101 ieg\u0101d\u0101t\u0101s preces var nodot atpaka\u013c. Atgrie\u0161anas ties\u012bbas ir sp\u0113k\u0101 14 kalend\u0101r\u0101s dienas no preces sa\u0146em\u0161anas, ar\u012b gad\u012bjum\u0101, ja t\u0101 nav prece ar tr\u016bkumu.<br \/>\n7.2. Atgrie\u017eamajai precei j\u0101b\u016bt nelietotai un neboj\u0101tai. Klientam ir ties\u012bbas iepaz\u012bties ar preci veid\u0101, k\u0101 tas parasti ir at\u013cauts veikal\u0101, k\u0101 ar\u012b klients atbild par preces v\u0113rt\u012bbas samazin\u0101\u0161anos iepaz\u012b\u0161an\u0101s ar preci laik\u0101.<br \/>\n7.3. Ja klients ir atgrie\u017eamo preci saboj\u0101jis t\u012b\u0161\u0101m vai ner\u016bp\u012bbas d\u0113\u013c, p\u0101rdev\u0113jam ir ties\u012bbas atteikties no preces pie\u0146em\u0161anas vai piepras\u012bt rad\u012bt\u0101 kait\u0113juma atl\u012bdzin\u0101\u0161anu.<br \/>\n7.4. Lai nodotu preci atpaka\u013c, klientam j\u0101aizpilda atgrie\u0161anas pieteikums. Atgrie\u017eam\u0101 prece kop\u0101 ar atbilsto\u0161o pieteikumu ir j\u0101atgrie\u017e P\u0101rdev\u0113jam adres\u0113: ID Color O\u00dc, adrese Tatari 58, Tallinn 10134, ESTONIA., e-pasta adrese <a href=\"mailto:shop@idcolor.ee\">shop@idcolor.ee<\/a><br \/>\n7.5. Atgrie\u017eam\u0101s preces s\u016bt\u012b\u0161anas izdevumus apmaks\u0101 pirc\u0113js. Atk\u0101p\u0161an\u0101s pieteikuma forma ir atrodama \u0161eit: [<a href=\"https:\/\/idcolor.ee\/wp-content\/uploads\/2023\/07\/IDC_WithdrawalForm.pdf\" target=\"_blank\" rel=\"noopener\">ATK\u0100P\u0160AN\u0100S PIETEIKUMS<\/a>]<br \/>\n7.6. Klientam ir pien\u0101kums, izmantojot atk\u0101p\u0161an\u0101s ties\u012bbas, atgriezt preci p\u0101rdev\u0113jam, v\u0113l\u0101kais, 14 dienu laik\u0101 p\u0113c atk\u0101p\u0161an\u0101s iesnieguma iesnieg\u0161anas.<br \/>\n7.7. Ja klients ir atk\u0101pies no dar\u012bjuma, p\u0101rdev\u0113js atgrie\u017e klientam pirkuma summu kop\u0101 ar pieg\u0101des maksu nekav\u0113joties, ta\u010du ne v\u0113l\u0101k k\u0101 14 kalend\u0101ro dienu laik\u0101 p\u0113c atk\u0101p\u0161anas pieteikuma non\u0101k\u0161anas pie p\u0101rdev\u0113ja. Atmaksa tiek veikta uz to pa\u0161u nor\u0113\u0137inu kontu, no kura tika veikta samaksa par pirkumu.[\/vc_column_text][\/vc_column][\/vc_row]<\/p>\n<\/div>","protected":false},"excerpt":{"rendered":"<p>[vc_row css=&#8221;.vc_custom_1641598295106{padding-top: 60px !important;}&#8221;][vc_column][\/vc_column][\/vc_row][vc_row css=&#8221;.vc_custom_1647248779793{padding-top: 35px !important;padding-bottom: 120px !important;}&#8221;][vc_column][vc_column_text css=&#8221;&#8221;] 1. VISP\u0100R\u0112JIE NOSAC\u012aJUMI 1.1. \u0160ie iD Color tie\u0161saistes veikals (turpm\u0101k: e-veikals) tirdzniec\u012bbas noteikumi (turpm\u0101k: noteikumi) ir sp\u0113k\u0101, iep\u0113rkoties iD Color e-veikal\u0101 interneta adres\u0113 idcolor.ee. Preces p\u0101rdev\u0113js ir ID Color O\u00dc (p\u0101rdev\u0113js), adrese Gonsiori 17-4, 10124 Tallinn, ESTONIA, re\u0123istr\u0101cijas numurs 14613686, e-pasta adrese shop@idcolor.ee, t\u0101lrunis +372 [&hellip;]<\/p>\n","protected":false},"author":1,"featured_media":0,"parent":0,"menu_order":0,"comment_status":"closed","ping_status":"closed","template":"","meta":{"footnotes":""},"class_list":["post-6128","page","type-page","status-publish","hentry"],"yoast_head":"<!-- This site is optimized with the Yoast SEO plugin v27.4 - https:\/\/yoast.com\/product\/yoast-seo-wordpress\/ -->\n<title>Noteikumi - iD Color<\/title>\n<meta name=\"robots\" content=\"index, follow, max-snippet:-1, max-image-preview:large, max-video-preview:-1\" \/>\n<link rel=\"canonical\" href=\"https:\/\/idcolor.ee\/lv\/noteikumi\/\" \/>\n<meta property=\"og:locale\" content=\"lv_LV\" \/>\n<meta property=\"og:type\" content=\"article\" \/>\n<meta property=\"og:title\" content=\"Noteikumi - iD Color\" \/>\n<meta property=\"og:description\" content=\"[vc_row css=&#8221;.vc_custom_1641598295106{padding-top: 60px !important;}&#8221;][vc_column][\/vc_column][\/vc_row][vc_row css=&#8221;.vc_custom_1647248779793{padding-top: 35px !important;padding-bottom: 120px !important;}&#8221;][vc_column][vc_column_text css=&#8221;&#8221;] 1. VISP\u0100R\u0112JIE NOSAC\u012aJUMI 1.1. \u0160ie iD Color tie\u0161saistes veikals (turpm\u0101k: e-veikals) tirdzniec\u012bbas noteikumi (turpm\u0101k: noteikumi) ir sp\u0113k\u0101, iep\u0113rkoties iD Color e-veikal\u0101 interneta adres\u0113 idcolor.ee. Preces p\u0101rdev\u0113js ir ID Color O\u00dc (p\u0101rdev\u0113js), adrese Gonsiori 17-4, 10124 Tallinn, ESTONIA, re\u0123istr\u0101cijas numurs 14613686, e-pasta adrese shop@idcolor.ee, t\u0101lrunis +372 [&hellip;]\" \/>\n<meta property=\"og:url\" content=\"https:\/\/idcolor.ee\/lv\/noteikumi\/\" \/>\n<meta property=\"og:site_name\" content=\"iD Color\" \/>\n<meta property=\"article:modified_time\" content=\"2025-06-30T21:34:15+00:00\" \/>\n<meta name=\"twitter:card\" content=\"summary_large_image\" \/>\n<meta name=\"twitter:label1\" content=\"Est. reading time\" \/>\n\t<meta name=\"twitter:data1\" content=\"6 minutes\" \/>\n<script type=\"application\/ld+json\" class=\"yoast-schema-graph\">{\"@context\":\"https:\\\/\\\/schema.org\",\"@graph\":[{\"@type\":\"WebPage\",\"@id\":\"https:\\\/\\\/idcolor.ee\\\/lv\\\/noteikumi\\\/\",\"url\":\"https:\\\/\\\/idcolor.ee\\\/lv\\\/noteikumi\\\/\",\"name\":\"Noteikumi - iD Color\",\"isPartOf\":{\"@id\":\"https:\\\/\\\/idcolor.ee\\\/lv\\\/#website\"},\"datePublished\":\"2022-01-07T23:32:42+00:00\",\"dateModified\":\"2025-06-30T21:34:15+00:00\",\"breadcrumb\":{\"@id\":\"https:\\\/\\\/idcolor.ee\\\/lv\\\/noteikumi\\\/#breadcrumb\"},\"inLanguage\":\"lv-LV\",\"potentialAction\":[{\"@type\":\"ReadAction\",\"target\":[\"https:\\\/\\\/idcolor.ee\\\/lv\\\/noteikumi\\\/\"]}]},{\"@type\":\"BreadcrumbList\",\"@id\":\"https:\\\/\\\/idcolor.ee\\\/lv\\\/noteikumi\\\/#breadcrumb\",\"itemListElement\":[{\"@type\":\"ListItem\",\"position\":1,\"name\":\"Home\",\"item\":\"https:\\\/\\\/idcolor.ee\\\/lv\\\/majas-lapa\\\/\"},{\"@type\":\"ListItem\",\"position\":2,\"name\":\"Noteikumi\"}]},{\"@type\":\"WebSite\",\"@id\":\"https:\\\/\\\/idcolor.ee\\\/lv\\\/#website\",\"url\":\"https:\\\/\\\/idcolor.ee\\\/lv\\\/\",\"name\":\"iD Color\",\"description\":\"Hair care products\",\"publisher\":{\"@id\":\"https:\\\/\\\/idcolor.ee\\\/lv\\\/#organization\"},\"potentialAction\":[{\"@type\":\"SearchAction\",\"target\":{\"@type\":\"EntryPoint\",\"urlTemplate\":\"https:\\\/\\\/idcolor.ee\\\/lv\\\/?s={search_term_string}\"},\"query-input\":{\"@type\":\"PropertyValueSpecification\",\"valueRequired\":true,\"valueName\":\"search_term_string\"}}],\"inLanguage\":\"lv-LV\"},{\"@type\":\"Organization\",\"@id\":\"https:\\\/\\\/idcolor.ee\\\/lv\\\/#organization\",\"name\":\"iD Color O\u00dc\",\"url\":\"https:\\\/\\\/idcolor.ee\\\/lv\\\/\",\"logo\":{\"@type\":\"ImageObject\",\"inLanguage\":\"lv-LV\",\"@id\":\"https:\\\/\\\/idcolor.ee\\\/lv\\\/#\\\/schema\\\/logo\\\/image\\\/\",\"url\":\"https:\\\/\\\/idcolor.ee\\\/wp-content\\\/uploads\\\/2022\\\/01\\\/IDColor_Logo_1000.png\",\"contentUrl\":\"https:\\\/\\\/idcolor.ee\\\/wp-content\\\/uploads\\\/2022\\\/01\\\/IDColor_Logo_1000.png\",\"width\":1001,\"height\":354,\"caption\":\"iD Color O\u00dc\"},\"image\":{\"@id\":\"https:\\\/\\\/idcolor.ee\\\/lv\\\/#\\\/schema\\\/logo\\\/image\\\/\"}}]}<\/script>\n<!-- \/ Yoast SEO plugin. -->","yoast_head_json":{"title":"Noteikumi - iD Color","robots":{"index":"index","follow":"follow","max-snippet":"max-snippet:-1","max-image-preview":"max-image-preview:large","max-video-preview":"max-video-preview:-1"},"canonical":"https:\/\/idcolor.ee\/lv\/noteikumi\/","og_locale":"lv_LV","og_type":"article","og_title":"Noteikumi - iD Color","og_description":"[vc_row css=&#8221;.vc_custom_1641598295106{padding-top: 60px !important;}&#8221;][vc_column][\/vc_column][\/vc_row][vc_row css=&#8221;.vc_custom_1647248779793{padding-top: 35px !important;padding-bottom: 120px !important;}&#8221;][vc_column][vc_column_text css=&#8221;&#8221;] 1. VISP\u0100R\u0112JIE NOSAC\u012aJUMI 1.1. \u0160ie iD Color tie\u0161saistes veikals (turpm\u0101k: e-veikals) tirdzniec\u012bbas noteikumi (turpm\u0101k: noteikumi) ir sp\u0113k\u0101, iep\u0113rkoties iD Color e-veikal\u0101 interneta adres\u0113 idcolor.ee. Preces p\u0101rdev\u0113js ir ID Color O\u00dc (p\u0101rdev\u0113js), adrese Gonsiori 17-4, 10124 Tallinn, ESTONIA, re\u0123istr\u0101cijas numurs 14613686, e-pasta adrese shop@idcolor.ee, t\u0101lrunis +372 [&hellip;]","og_url":"https:\/\/idcolor.ee\/lv\/noteikumi\/","og_site_name":"iD Color","article_modified_time":"2025-06-30T21:34:15+00:00","twitter_card":"summary_large_image","twitter_misc":{"Est. reading time":"6 minutes"},"schema":{"@context":"https:\/\/schema.org","@graph":[{"@type":"WebPage","@id":"https:\/\/idcolor.ee\/lv\/noteikumi\/","url":"https:\/\/idcolor.ee\/lv\/noteikumi\/","name":"Noteikumi - iD Color","isPartOf":{"@id":"https:\/\/idcolor.ee\/lv\/#website"},"datePublished":"2022-01-07T23:32:42+00:00","dateModified":"2025-06-30T21:34:15+00:00","breadcrumb":{"@id":"https:\/\/idcolor.ee\/lv\/noteikumi\/#breadcrumb"},"inLanguage":"lv-LV","potentialAction":[{"@type":"ReadAction","target":["https:\/\/idcolor.ee\/lv\/noteikumi\/"]}]},{"@type":"BreadcrumbList","@id":"https:\/\/idcolor.ee\/lv\/noteikumi\/#breadcrumb","itemListElement":[{"@type":"ListItem","position":1,"name":"Home","item":"https:\/\/idcolor.ee\/lv\/majas-lapa\/"},{"@type":"ListItem","position":2,"name":"Noteikumi"}]},{"@type":"WebSite","@id":"https:\/\/idcolor.ee\/lv\/#website","url":"https:\/\/idcolor.ee\/lv\/","name":"iD Color","description":"Hair care products","publisher":{"@id":"https:\/\/idcolor.ee\/lv\/#organization"},"potentialAction":[{"@type":"SearchAction","target":{"@type":"EntryPoint","urlTemplate":"https:\/\/idcolor.ee\/lv\/?s={search_term_string}"},"query-input":{"@type":"PropertyValueSpecification","valueRequired":true,"valueName":"search_term_string"}}],"inLanguage":"lv-LV"},{"@type":"Organization","@id":"https:\/\/idcolor.ee\/lv\/#organization","name":"iD Color O\u00dc","url":"https:\/\/idcolor.ee\/lv\/","logo":{"@type":"ImageObject","inLanguage":"lv-LV","@id":"https:\/\/idcolor.ee\/lv\/#\/schema\/logo\/image\/","url":"https:\/\/idcolor.ee\/wp-content\/uploads\/2022\/01\/IDColor_Logo_1000.png","contentUrl":"https:\/\/idcolor.ee\/wp-content\/uploads\/2022\/01\/IDColor_Logo_1000.png","width":1001,"height":354,"caption":"iD Color O\u00dc"},"image":{"@id":"https:\/\/idcolor.ee\/lv\/#\/schema\/logo\/image\/"}}]}},"_links":{"self":[{"href":"https:\/\/idcolor.ee\/lv\/wp-json\/wp\/v2\/pages\/6128","targetHints":{"allow":["GET"]}}],"collection":[{"href":"https:\/\/idcolor.ee\/lv\/wp-json\/wp\/v2\/pages"}],"about":[{"href":"https:\/\/idcolor.ee\/lv\/wp-json\/wp\/v2\/types\/page"}],"author":[{"embeddable":true,"href":"https:\/\/idcolor.ee\/lv\/wp-json\/wp\/v2\/users\/1"}],"replies":[{"embeddable":true,"href":"https:\/\/idcolor.ee\/lv\/wp-json\/wp\/v2\/comments?post=6128"}],"version-history":[{"count":21,"href":"https:\/\/idcolor.ee\/lv\/wp-json\/wp\/v2\/pages\/6128\/revisions"}],"predecessor-version":[{"id":6865,"href":"https:\/\/idcolor.ee\/lv\/wp-json\/wp\/v2\/pages\/6128\/revisions\/6865"}],"wp:attachment":[{"href":"https:\/\/idcolor.ee\/lv\/wp-json\/wp\/v2\/media?parent=6128"}],"curies":[{"name":"wp","href":"https:\/\/api.w.org\/{rel}","templated":true}]}}