{"id":6131,"date":"2022-03-25T13:08:16","date_gmt":"2022-03-25T11:08:16","guid":{"rendered":"https:\/\/idcolor.ee\/privatuma-politika\/"},"modified":"2024-01-20T13:05:10","modified_gmt":"2024-01-20T11:05:10","slug":"privatuma-politika","status":"publish","type":"page","link":"https:\/\/idcolor.ee\/lv\/privatuma-politika\/","title":{"rendered":"Priv\u0101tuma politika"},"content":{"rendered":"<div class=\"wpb-content-wrapper\"><p>[vc_row css=&#8221;.vc_custom_1641598295106{padding-top: 60px !important;}&#8221;][vc_column]<div class=\"nasa-title clearfix hr-type-full\"><h3 class=\"nasa-heading-title\"><span class=\"nasa-title-wrap\"><span style=\"background: #ffffff; color: #24b3b0;\">Priv\u0101tuma politika<\/span><span class=\"nasa-title-hr\" style=\"border-color: #24b3b0;\"><\/span><\/span><\/h3><\/div>[\/vc_column][\/vc_row][vc_row css=&#8221;.vc_custom_1647248779793{padding-top: 35px !important;padding-bottom: 120px !important;}&#8221;][vc_column][vc_column_text]<strong>Interneta veikala idcolor.ee personas datu galvenais apstr\u0101d\u0101t\u0101js ir ID Color O\u00dc, re\u0123istr\u0101cijas kods 14613686,<br \/>\nadrese Gonsiori 17-4, 10124 Tallinn, ESTONIA, t\u0101lrunis +372 50 25 133 un e-pasts shop@idcolor.ee.<\/strong><\/p>\n<p><strong>Apkopotie personas dati tiek apstr\u0101d\u0101ti \u0161\u0101diem m\u0113r\u0137iem:<\/strong><\/p>\n<ul>\n<li>personas dati tiek izmantoti klientu pas\u016bt\u012bjumu p\u0101rvald\u012bbai un pre\u010du pieg\u0101dei;<\/li>\n<li>pirkumu v\u0113stures dati (pirkuma datums, preces, daudzums, pirc\u0113ja dati) tiek izmantoti, lai apkopotu ieg\u0101d\u0101to pre\u010du un pakalpojumu p\u0101rskatu un analiz\u0113tu klientu v\u0113lmes;<\/li>\n<li>bankas konta numurs tiek izmantots maks\u0101jumu atgrie\u0161anai klientam;<\/li>\n<li>personas dati, piem\u0113ram, e-pasts, t\u0101lru\u0146a numurs un klienta v\u0101rds, tiek apstr\u0101d\u0101ti, lai atrisin\u0101tu ar pre\u010du un pakalpojumu snieg\u0161anu saist\u012btus jaut\u0101jumus (klientu atbalsts);<\/li>\n<li>interneta veikala lietot\u0101ja IP adrese vai citi t\u012bkla identifikatori tiek apstr\u0101d\u0101ti, lai nodro\u0161in\u0101tu interneta veikalu k\u0101 inform\u0101cijas sabiedr\u012bbas pakalpojumu un apkopotu tie\u0161saistes lieto\u0161anas statistiku.<\/li>\n<\/ul>\n<p><span class=\"VIiyi\" lang=\"en\"><strong><span class=\"JLqJ4b ChMk0b\" data-language-for-alternatives=\"en\" data-language-to-translate-into=\"et\" data-phrase-index=\"0\" data-number-of-phrases=\"5\">Juridiskais pamats<\/span> <\/strong><\/span><\/p>\n<ul>\n<li><span class=\"VIiyi\" lang=\"en\"><span class=\"JLqJ4b ChMk0b\" data-language-for-alternatives=\"en\" data-language-to-translate-into=\"et\" data-phrase-index=\"2\" data-number-of-phrases=\"5\">personas dati tiek apstr\u0101d\u0101ti ar klientu nosl\u0113gt\u0101 l\u012bguma izpildes nol\u016bkos;<\/span><\/span><\/li>\n<li><span class=\"VIiyi\" lang=\"en\"><span class=\"JLqJ4b ChMk0b\" data-language-for-alternatives=\"en\" data-language-to-translate-into=\"et\" data-phrase-index=\"4\" data-number-of-phrases=\"5\">personas datu apstr\u0101de tiek veikta, lai izpild\u012btu juridisku pien\u0101kumu (piem\u0113ram, uzskaite un pat\u0113r\u0113t\u0101ju str\u012bdu iz\u0161\u0137ir\u0161ana).<\/span><\/span><\/li>\n<\/ul>\n<p><strong>Sa\u0146\u0113m\u0113ji, kuriem personas dati tiek p\u0101rs\u016bt\u012bti:<\/strong><\/p>\n<ul>\n<li>personas dati tiek nodoti interneta veikala klientu atbalsta dienestam pirkumu un pirkumu v\u0113stures p\u0101rvald\u012b\u0161anai un klientu probl\u0113mu risin\u0101\u0161anai;<\/li>\n<li>v\u0101rds, t\u0101lru\u0146a numurs un e-pasta adrese tiek p\u0101rs\u016bt\u012bti klienta izv\u0113l\u0113tajam transporta pakalpojumu sniedz\u0113jam;<\/li>\n<li>ja preces tiek pieg\u0101d\u0101tas ar kurjeru, papildus kontaktinform\u0101cijai tiek nor\u0101d\u012bta ar\u012b klienta adrese;<\/li>\n<li>ja interneta veikala uzskaiti veic pakalpojumu sniedz\u0113js, personas dati tiks nodoti pakalpojuma sniedz\u0113jam gr\u0101matved\u012bbas nol\u016bkos;<\/li>\n<li>personas dati var tikt nodoti inform\u0101cijas tehnolo\u0123iju pakalpojumu sniedz\u0113jiem, ja tas ir nepiecie\u0161ams interneta veikala vai datu mitin\u0101\u0161anas funkcionalit\u0101tes nodro\u0161in\u0101\u0161anai.<\/li>\n<\/ul>\n<p><strong>Dro\u0161\u012bba un piek\u013cuve datiem:<\/strong><\/p>\n<ul>\n<li>personas dati tiek glab\u0101ti Zone Media O\u00dc serveros, kas atrodas Eiropas Savien\u012bbas dal\u012bbvalsts vai Eiropas Ekonomikas zonai pievienoju\u0161os valstu teritorij\u0101. Datus var p\u0101rs\u016bt\u012bt uz valst\u012bm, kuru datu aizsardz\u012bbas l\u012bmeni Eiropas Komisija ir atzinusi par atbilsto\u0161u, un ASV uz\u0146\u0113mumiem, kas ir saist\u012bti ar Priv\u0101tuma vairoga ietvaru;<\/li>\n<li>interneta veikala darbiniekiem ir pieejami personas dati, kuri var piek\u013c\u016bt personas datiem, lai atrisin\u0101tu ar interneta veikala lieto\u0161anu saist\u012btos tehniskos jaut\u0101jumus un sniegtu klientu atbalsta pakalpojumus;<\/li>\n<li>interneta veikals \u012bsteno atbilsto\u0161us fiziskos, organizatoriskos un IT dro\u0161\u012bbas pas\u0101kumus, lai aizsarg\u0101tu personas datus no nejau\u0161as vai nelikum\u012bgas izn\u012bcin\u0101\u0161anas, nozaud\u0113\u0161anas, p\u0101rveido\u0161anas vai nesankcion\u0113tas piek\u013cuves un izpau\u0161anas;<\/li>\n<li>personas datu nodo\u0161ana interneta veikala pilnvarotajiem apstr\u0101d\u0101t\u0101jiem (piem\u0113ram, transporta pakalpojumu sniedz\u0113jam un datu mitin\u0101\u0161anai) notiek, pamatojoties uz l\u012bgumiem, kas nosl\u0113gti ar interneta veikalu un pilnvarotajiem apstr\u0101d\u0101t\u0101jiem. Pilnvarotajiem apstr\u0101d\u0101t\u0101jiem ir j\u0101nodro\u0161ina atbilsto\u0161i aizsardz\u012bbas pas\u0101kumi personas datu apstr\u0101dei;<\/li>\n<li>idcolor.ee interneta veikala personas datu pilnvarotie apstr\u0101d\u0101t\u0101ji ir <a href=\"https:\/\/montonio.com\/et\/\" target=\"_blank\" rel=\"noopener\">Montonio Finance UAB<\/a>, <a href=\"https:\/\/www.omniva.ee\/eng\" target=\"_blank\" rel=\"noopener\">AS Eesti Post (Omniva)<\/a>, <a href=\"https:\/\/itella.ee\/\" target=\"_blank\" rel=\"noopener\">Itella Estonia O\u00dc<\/a> un <a href=\"https:\/\/www.zone.ee\/en\/\" target=\"_blank\" rel=\"noopener\">Zone Media O\u00dc<\/a>.<\/li>\n<\/ul>\n<p><strong>Piek\u013cuve personas datiem un to labo\u0161ana<\/strong><\/p>\n<p>Personas datiem var piek\u013c\u016bt un veikt labojumus interneta veikala lietot\u0101ja profil\u0101.<\/p>\n<p><strong>Piekri\u0161anas atsauk\u0161ana<\/strong><\/p>\n<p>Klientam ir ties\u012bbas atsaukt sniegto piekri\u0161anu personas datu apstr\u0101dei, par to pazi\u0146ojot klientu atbalsta dienestam pa e-pastu (<a href=\"mailto:shop@idcolor.ee\">shop@idcolor.ee<\/a>).<\/p>\n<p><strong>Uzglab\u0101\u0161ana:<\/strong><\/p>\n<ul>\n<li>sl\u0113dzot interneta veikala klienta kontu, personas dati tiks dz\u0113sti, ja vien tos nav nepiecie\u0161ams glab\u0101t uzskaitei vai pat\u0113r\u0113t\u0101ju str\u012bdu risin\u0101\u0161an;<\/li>\n<li>ar maks\u0101jumiem saist\u012btu str\u012bdu un pat\u0113r\u0113t\u0101ju str\u012bdu gad\u012bjum\u0101 personas dati tiks glab\u0101ti l\u012bdz pretenzijas izpildei vai noilguma termi\u0146a beig\u0101m;<\/li>\n<li>gr\u0101matved\u012bbas vajadz\u012bb\u0101m nepiecie\u0161amie personas dati tiks glab\u0101ti septi\u0146us gadus.<\/li>\n<\/ul>\n<p><strong>Dz\u0113\u0161ana<\/strong><\/p>\n<p>Lai dz\u0113stu personas datus, sazinieties ar klientu atbalsta dienestu pa e-pastu (<a href=\"mailto:shop@idcolor.ee\">shop@idcolor.ee<\/a>). Uz dz\u0113\u0161anas piepras\u012bjumu atbild ne v\u0113l\u0101k k\u0101 viena m\u0113ne\u0161a laik\u0101 un nor\u0101da dz\u0113\u0161anas termi\u0146u.<\/p>\n<p><strong>P\u0101rs\u016bt\u012b\u0161ana<\/strong><\/p>\n<p>Uz e-past\u0101 iesniegto piepras\u012bjumu par personas datu p\u0101rs\u016bt\u012b\u0161anu atbilde tiks sniegta ne v\u0113l\u0101k k\u0101 m\u0113ne\u0161a laik\u0101. Klientu atbalsts identific\u0113 un inform\u0113 j\u016bs par personas inform\u0101ciju, kas ir p\u0101rs\u016bt\u0101ma.<\/p>\n<p><strong>Tie\u0161\u0101 m\u0101rketinga pazi\u0146ojumi<\/strong><\/p>\n<p>E-pasta adrese tiks izmantota tie\u0161\u0101 m\u0101rketinga pazi\u0146ojumu nos\u016bt\u012b\u0161anai, ja klients ir devis savu piekri\u0161anu. Ja klients nev\u0113las sa\u0146emt tie\u0161\u0101s p\u0101rdo\u0161anas pazi\u0146ojumus, e-pasta k\u0101jen\u0113 ir j\u0101izv\u0113las atbilsto\u0161\u0101 atsauce vai j\u0101sazin\u0101s ar klientu atbalstu (<a href=\"mailto:shop@idcolor.ee\">shop@idcolor.ee<\/a>).<\/p>\n<p><strong>S\u012bkdatnes<\/strong><\/p>\n<p>E-veikals izmanto s\u012bkdatnes. S\u012bkdatne ir neliels teksta fails, ko p\u0101rl\u016bkprogramma autom\u0101tiski saglab\u0101 klienta izmantotaj\u0101 ier\u012bc\u0113. S\u012bkdatnes tiek izmantotas, lai apkopotu inform\u0101ciju par to, k\u0101 klients izmanto e-veikalu, lai nodro\u0161in\u0101tu klientam lab\u0101ku lieto\u0161anas pieredzi.<\/p>\n<p>E-veikal\u0101 tiek izmantotas \u0161\u0101das s\u012bkdatnes:<\/p>\n<ul>\n<li>sesijas s\u012bkdatnes, kuru m\u0113r\u0137is ir nodro\u0161in\u0101t e-veikala lieto\u0161anu;<\/li>\n<li>past\u0101v\u012bg\u0101s s\u012bkdatnes, kuru m\u0113r\u0137is ir atcer\u0113ties klienta izv\u0113les e-veikal\u0101;<\/li>\n<li>tre\u0161\u0101s puses anal\u012bzes s\u012bkfaili, kuru m\u0113r\u0137is ir optimiz\u0113t m\u0101rketinga komunik\u0101ciju.<\/li>\n<\/ul>\n<p>Klients var dz\u0113st un\/vai blo\u0137\u0113t sav\u0101s ier\u012bc\u0113s saglab\u0101t\u0101s s\u012bkdatnes, mainot atbilsto\u0161os iestat\u012bjumus sav\u0101 t\u012bmek\u013ca p\u0101rl\u016bkprogramm\u0101. Ja s\u012bkdatnes netiek izmantotas, e-veikals var nedarboties k\u0101 pl\u0101nots un\/vai atsevi\u0161\u0137as funkcionalit\u0101tes klientam var neb\u016bt pieejamas.<\/p>\n<p><strong>Priv\u0101tuma politikas noteikumu pie\u0146em\u0161ana<\/strong><\/p>\n<p>Izmantojot vietni pro.idcolor.ee, j\u016bs piekr\u012btat un esat izlas\u012bjis m\u016bsu tie\u0161saistes priv\u0101tuma politikas noteikumus un nosac\u012bjumus. M\u0113s paturam ties\u012bbas nepiecie\u0161am\u012bbas gad\u012bjum\u0101 papildin\u0101t un main\u012bt Priv\u0101tuma politikas noteikumus, par to br\u012bdinot visas personas datub\u0101z\u0113 idcolor.ee.<\/p>\n<p><strong>Argumentu risin\u0101\u0161ana<\/strong><\/p>\n<p>Str\u012bdi, kas saist\u012bti ar personas datu apstr\u0101di, tiek risin\u0101ti ar klientu atbalsta starpniec\u012bbu (shop@idcolor.ee). Uzraudz\u012bbas iest\u0101de ir Igaunijas Datu aizsardz\u012bbas inspekcija (<a href=\"mailto:info@aki.ee\">info@aki.ee<\/a>).<\/p>\n<p><strong>Kontakti<\/strong><\/p>\n<p>ID Color O\u00dc, Gonsiori 17-4, 10124 Tallinn, ESTONIA<br \/>\nRe\u0123istra kods: 14613686<br \/>\nT\u0101lrunis: +372 50 25 133<br \/>\ne-pasta: <a href=\"mailto:shop@idcolor.ee\">shop@idcolor.ee<\/a>[\/vc_column_text][\/vc_column][\/vc_row]<\/p>\n<\/div>","protected":false},"excerpt":{"rendered":"<p>[vc_row css=&#8221;.vc_custom_1641598295106{padding-top: 60px !important;}&#8221;][vc_column][\/vc_column][\/vc_row][vc_row css=&#8221;.vc_custom_1647248779793{padding-top: 35px !important;padding-bottom: 120px !important;}&#8221;][vc_column][vc_column_text]Interneta veikala idcolor.ee personas datu galvenais apstr\u0101d\u0101t\u0101js ir ID Color O\u00dc, re\u0123istr\u0101cijas kods 14613686, adrese Gonsiori 17-4, 10124 Tallinn, ESTONIA, t\u0101lrunis +372 50 25 133 un e-pasts shop@idcolor.ee. Apkopotie personas dati tiek apstr\u0101d\u0101ti \u0161\u0101diem m\u0113r\u0137iem: personas dati tiek izmantoti klientu pas\u016bt\u012bjumu p\u0101rvald\u012bbai un pre\u010du pieg\u0101dei; pirkumu v\u0113stures [&hellip;]<\/p>\n","protected":false},"author":1,"featured_media":0,"parent":0,"menu_order":0,"comment_status":"closed","ping_status":"closed","template":"","meta":{"footnotes":""},"class_list":["post-6131","page","type-page","status-publish","hentry"],"yoast_head":"<!-- This site is optimized with the Yoast SEO plugin v27.4 - https:\/\/yoast.com\/product\/yoast-seo-wordpress\/ -->\n<title>Priv\u0101tuma politika - iD Color<\/title>\n<meta name=\"robots\" content=\"index, follow, max-snippet:-1, max-image-preview:large, max-video-preview:-1\" \/>\n<link rel=\"canonical\" href=\"https:\/\/idcolor.ee\/lv\/privatuma-politika\/\" \/>\n<meta property=\"og:locale\" content=\"lv_LV\" \/>\n<meta property=\"og:type\" content=\"article\" \/>\n<meta property=\"og:title\" content=\"Priv\u0101tuma politika - iD Color\" \/>\n<meta property=\"og:description\" content=\"[vc_row css=&#8221;.vc_custom_1641598295106{padding-top: 60px !important;}&#8221;][vc_column][\/vc_column][\/vc_row][vc_row css=&#8221;.vc_custom_1647248779793{padding-top: 35px !important;padding-bottom: 120px !important;}&#8221;][vc_column][vc_column_text]Interneta veikala idcolor.ee personas datu galvenais apstr\u0101d\u0101t\u0101js ir ID Color O\u00dc, re\u0123istr\u0101cijas kods 14613686, adrese Gonsiori 17-4, 10124 Tallinn, ESTONIA, t\u0101lrunis +372 50 25 133 un e-pasts shop@idcolor.ee. Apkopotie personas dati tiek apstr\u0101d\u0101ti \u0161\u0101diem m\u0113r\u0137iem: personas dati tiek izmantoti klientu pas\u016bt\u012bjumu p\u0101rvald\u012bbai un pre\u010du pieg\u0101dei; pirkumu v\u0113stures [&hellip;]\" \/>\n<meta property=\"og:url\" content=\"https:\/\/idcolor.ee\/lv\/privatuma-politika\/\" \/>\n<meta property=\"og:site_name\" content=\"iD Color\" \/>\n<meta property=\"article:modified_time\" content=\"2024-01-20T11:05:10+00:00\" \/>\n<meta name=\"twitter:card\" content=\"summary_large_image\" \/>\n<meta name=\"twitter:label1\" content=\"Est. reading time\" \/>\n\t<meta name=\"twitter:data1\" content=\"6 minutes\" \/>\n<script type=\"application\/ld+json\" class=\"yoast-schema-graph\">{\"@context\":\"https:\\\/\\\/schema.org\",\"@graph\":[{\"@type\":\"WebPage\",\"@id\":\"https:\\\/\\\/idcolor.ee\\\/lv\\\/privatuma-politika\\\/\",\"url\":\"https:\\\/\\\/idcolor.ee\\\/lv\\\/privatuma-politika\\\/\",\"name\":\"Priv\u0101tuma politika - iD Color\",\"isPartOf\":{\"@id\":\"https:\\\/\\\/idcolor.ee\\\/lv\\\/#website\"},\"datePublished\":\"2022-03-25T11:08:16+00:00\",\"dateModified\":\"2024-01-20T11:05:10+00:00\",\"breadcrumb\":{\"@id\":\"https:\\\/\\\/idcolor.ee\\\/lv\\\/privatuma-politika\\\/#breadcrumb\"},\"inLanguage\":\"lv-LV\",\"potentialAction\":[{\"@type\":\"ReadAction\",\"target\":[\"https:\\\/\\\/idcolor.ee\\\/lv\\\/privatuma-politika\\\/\"]}]},{\"@type\":\"BreadcrumbList\",\"@id\":\"https:\\\/\\\/idcolor.ee\\\/lv\\\/privatuma-politika\\\/#breadcrumb\",\"itemListElement\":[{\"@type\":\"ListItem\",\"position\":1,\"name\":\"Home\",\"item\":\"https:\\\/\\\/idcolor.ee\\\/lv\\\/majas-lapa\\\/\"},{\"@type\":\"ListItem\",\"position\":2,\"name\":\"Priv\u0101tuma politika\"}]},{\"@type\":\"WebSite\",\"@id\":\"https:\\\/\\\/idcolor.ee\\\/lv\\\/#website\",\"url\":\"https:\\\/\\\/idcolor.ee\\\/lv\\\/\",\"name\":\"iD Color\",\"description\":\"Hair care products\",\"publisher\":{\"@id\":\"https:\\\/\\\/idcolor.ee\\\/lv\\\/#organization\"},\"potentialAction\":[{\"@type\":\"SearchAction\",\"target\":{\"@type\":\"EntryPoint\",\"urlTemplate\":\"https:\\\/\\\/idcolor.ee\\\/lv\\\/?s={search_term_string}\"},\"query-input\":{\"@type\":\"PropertyValueSpecification\",\"valueRequired\":true,\"valueName\":\"search_term_string\"}}],\"inLanguage\":\"lv-LV\"},{\"@type\":\"Organization\",\"@id\":\"https:\\\/\\\/idcolor.ee\\\/lv\\\/#organization\",\"name\":\"iD Color O\u00dc\",\"url\":\"https:\\\/\\\/idcolor.ee\\\/lv\\\/\",\"logo\":{\"@type\":\"ImageObject\",\"inLanguage\":\"lv-LV\",\"@id\":\"https:\\\/\\\/idcolor.ee\\\/lv\\\/#\\\/schema\\\/logo\\\/image\\\/\",\"url\":\"https:\\\/\\\/idcolor.ee\\\/wp-content\\\/uploads\\\/2022\\\/01\\\/IDColor_Logo_1000.png\",\"contentUrl\":\"https:\\\/\\\/idcolor.ee\\\/wp-content\\\/uploads\\\/2022\\\/01\\\/IDColor_Logo_1000.png\",\"width\":1001,\"height\":354,\"caption\":\"iD Color O\u00dc\"},\"image\":{\"@id\":\"https:\\\/\\\/idcolor.ee\\\/lv\\\/#\\\/schema\\\/logo\\\/image\\\/\"}}]}<\/script>\n<!-- \/ Yoast SEO plugin. -->","yoast_head_json":{"title":"Priv\u0101tuma politika - iD Color","robots":{"index":"index","follow":"follow","max-snippet":"max-snippet:-1","max-image-preview":"max-image-preview:large","max-video-preview":"max-video-preview:-1"},"canonical":"https:\/\/idcolor.ee\/lv\/privatuma-politika\/","og_locale":"lv_LV","og_type":"article","og_title":"Priv\u0101tuma politika - iD Color","og_description":"[vc_row css=&#8221;.vc_custom_1641598295106{padding-top: 60px !important;}&#8221;][vc_column][\/vc_column][\/vc_row][vc_row css=&#8221;.vc_custom_1647248779793{padding-top: 35px !important;padding-bottom: 120px !important;}&#8221;][vc_column][vc_column_text]Interneta veikala idcolor.ee personas datu galvenais apstr\u0101d\u0101t\u0101js ir ID Color O\u00dc, re\u0123istr\u0101cijas kods 14613686, adrese Gonsiori 17-4, 10124 Tallinn, ESTONIA, t\u0101lrunis +372 50 25 133 un e-pasts shop@idcolor.ee. Apkopotie personas dati tiek apstr\u0101d\u0101ti \u0161\u0101diem m\u0113r\u0137iem: personas dati tiek izmantoti klientu pas\u016bt\u012bjumu p\u0101rvald\u012bbai un pre\u010du pieg\u0101dei; pirkumu v\u0113stures [&hellip;]","og_url":"https:\/\/idcolor.ee\/lv\/privatuma-politika\/","og_site_name":"iD Color","article_modified_time":"2024-01-20T11:05:10+00:00","twitter_card":"summary_large_image","twitter_misc":{"Est. reading time":"6 minutes"},"schema":{"@context":"https:\/\/schema.org","@graph":[{"@type":"WebPage","@id":"https:\/\/idcolor.ee\/lv\/privatuma-politika\/","url":"https:\/\/idcolor.ee\/lv\/privatuma-politika\/","name":"Priv\u0101tuma politika - iD Color","isPartOf":{"@id":"https:\/\/idcolor.ee\/lv\/#website"},"datePublished":"2022-03-25T11:08:16+00:00","dateModified":"2024-01-20T11:05:10+00:00","breadcrumb":{"@id":"https:\/\/idcolor.ee\/lv\/privatuma-politika\/#breadcrumb"},"inLanguage":"lv-LV","potentialAction":[{"@type":"ReadAction","target":["https:\/\/idcolor.ee\/lv\/privatuma-politika\/"]}]},{"@type":"BreadcrumbList","@id":"https:\/\/idcolor.ee\/lv\/privatuma-politika\/#breadcrumb","itemListElement":[{"@type":"ListItem","position":1,"name":"Home","item":"https:\/\/idcolor.ee\/lv\/majas-lapa\/"},{"@type":"ListItem","position":2,"name":"Priv\u0101tuma politika"}]},{"@type":"WebSite","@id":"https:\/\/idcolor.ee\/lv\/#website","url":"https:\/\/idcolor.ee\/lv\/","name":"iD Color","description":"Hair care products","publisher":{"@id":"https:\/\/idcolor.ee\/lv\/#organization"},"potentialAction":[{"@type":"SearchAction","target":{"@type":"EntryPoint","urlTemplate":"https:\/\/idcolor.ee\/lv\/?s={search_term_string}"},"query-input":{"@type":"PropertyValueSpecification","valueRequired":true,"valueName":"search_term_string"}}],"inLanguage":"lv-LV"},{"@type":"Organization","@id":"https:\/\/idcolor.ee\/lv\/#organization","name":"iD Color O\u00dc","url":"https:\/\/idcolor.ee\/lv\/","logo":{"@type":"ImageObject","inLanguage":"lv-LV","@id":"https:\/\/idcolor.ee\/lv\/#\/schema\/logo\/image\/","url":"https:\/\/idcolor.ee\/wp-content\/uploads\/2022\/01\/IDColor_Logo_1000.png","contentUrl":"https:\/\/idcolor.ee\/wp-content\/uploads\/2022\/01\/IDColor_Logo_1000.png","width":1001,"height":354,"caption":"iD Color O\u00dc"},"image":{"@id":"https:\/\/idcolor.ee\/lv\/#\/schema\/logo\/image\/"}}]}},"_links":{"self":[{"href":"https:\/\/idcolor.ee\/lv\/wp-json\/wp\/v2\/pages\/6131","targetHints":{"allow":["GET"]}}],"collection":[{"href":"https:\/\/idcolor.ee\/lv\/wp-json\/wp\/v2\/pages"}],"about":[{"href":"https:\/\/idcolor.ee\/lv\/wp-json\/wp\/v2\/types\/page"}],"author":[{"embeddable":true,"href":"https:\/\/idcolor.ee\/lv\/wp-json\/wp\/v2\/users\/1"}],"replies":[{"embeddable":true,"href":"https:\/\/idcolor.ee\/lv\/wp-json\/wp\/v2\/comments?post=6131"}],"version-history":[{"count":6,"href":"https:\/\/idcolor.ee\/lv\/wp-json\/wp\/v2\/pages\/6131\/revisions"}],"predecessor-version":[{"id":6488,"href":"https:\/\/idcolor.ee\/lv\/wp-json\/wp\/v2\/pages\/6131\/revisions\/6488"}],"wp:attachment":[{"href":"https:\/\/idcolor.ee\/lv\/wp-json\/wp\/v2\/media?parent=6131"}],"curies":[{"name":"wp","href":"https:\/\/api.w.org\/{rel}","templated":true}]}}