{"id":6149,"date":"2022-03-14T11:34:10","date_gmt":"2022-03-14T09:34:10","guid":{"rendered":"https:\/\/idcolor.ee\/piegade\/"},"modified":"2024-01-20T12:11:58","modified_gmt":"2024-01-20T10:11:58","slug":"piegade","status":"publish","type":"page","link":"https:\/\/idcolor.ee\/lv\/piegade\/","title":{"rendered":"Pieg\u0101de"},"content":{"rendered":"<div class=\"wpb-content-wrapper\"><p>[vc_row css=&#8221;.vc_custom_1647250380513{padding-top: 60px !important;padding-bottom: 120px !important;}&#8221;][vc_column]<div class=\"nasa-title clearfix hr-type-full\"><h3 class=\"nasa-heading-title\"><span class=\"nasa-title-wrap\"><span style=\"background: #ffffff; color: #24b3b0;\">Pieg\u0101de<\/span><span class=\"nasa-title-hr\" style=\"border-color: #24b3b0;\"><\/span><\/span><\/h3><\/div>[vc_row_inner gap=&#8221;35&#8243; css=&#8221;.vc_custom_1647250372585{padding-top: 40px !important;}&#8221;][vc_column_inner width=&#8221;3\/4&#8243; css=&#8221;.vc_custom_1653063783082{padding-top: 20px !important;}&#8221;][vc_column_text]<strong>idcolor.ee interneta veikal\u0101 ieg\u0101d\u0101t\u0101s preces tiek pieg\u0101d\u0101tas tikai Igaunijas, Latvijas, Lietuvas un Somija teritorij\u0101.<\/strong><\/p>\n<p>Preces tiek pieg\u0101d\u0101tas klienta nor\u0101d\u012btaj\u0101 pakom\u0101t\u0101.<\/p>\n<p>Preces pieg\u0101des maksa tiek pievienota preces cenai.<\/p>\n<p><strong>Pieg\u0101des maksa netiek pievienota, ja pas\u016bt\u012bjuma cena p\u0101rsniedz summu 75 \u20ac<\/strong><\/p>\n<p>Preces pieg\u0101des maksa ir:<br \/>\n<strong>Igaunija:<\/strong><br \/>\nOmniva pakom\u0101ts: 3.60 \u20ac<br \/>\nItella Smartpost pakom\u0101ts: 3.60 \u20ac<\/p>\n<p><strong>Somija<\/strong>:<br \/>\nPosti pakom\u0101ts: 8.00 \u20ac<\/p>\n<p><strong>Latvija:<\/strong><br \/>\nOmniva pakom\u0101ts: 8.00 \u20ac<\/p>\n<p><strong>Lietuva:<\/strong><br \/>\nOmniva pakom\u0101ts: 8.00 \u20ac<\/p>\n<p>E-veikal\u0101 ieg\u0101d\u0101t\u0101 prece pien\u0101k 1\u20137 darbdienu laik\u0101 p\u0113c p\u0101rdo\u0161anas l\u012bguma sp\u0113k\u0101 st\u0101\u0161an\u0101s.<\/p>\n<p>Iz\u0146\u0113muma gad\u012bjumos preces ir ties\u012bbas pieg\u0101d\u0101t 45 kalend\u0101ro dienu laik\u0101.<\/p>\n<p>The seller is not liable for any damage caused to the customer if, for reasons beyond the seller&#8217;s control, third parties have obtained a unique code for the parcel machine and the goods have been received on the basis thereof.<\/p>\n<p>If the customer has not received the goods from the parcel machine after the deposit period, the seller considers that the customer has canceled the order and the seller returns the purchase amount (without delivery fee) to the same current account from which the purchase was paid for within 14 calendar days at the latest.[\/vc_column_text][\/vc_column_inner][vc_column_inner width=&#8221;1\/4&#8243;]<a class=\"nasa-link-image\" href=\"https:\/\/www.omniva.ee\/\"><img loading=\"lazy\" decoding=\"async\" class=\"nasa-image\" src=\"https:\/\/idcolor.ee\/wp-content\/uploads\/2022\/03\/Omniva_lockup_horizontal_orange.png\" alt=\"\" width=\"1000\" height=\"400\" \/><\/a><a class=\"nasa-link-image\" href=\"https:\/\/itella.ee\/\"><img loading=\"lazy\" decoding=\"async\" class=\"nasa-image\" src=\"https:\/\/idcolor.ee\/wp-content\/uploads\/2024\/01\/Itella_smartpost.png\" alt=\"\" width=\"1000\" height=\"400\" \/><\/a><a class=\"nasa-link-image\" href=\"https:\/\/www.posti.fi\/fi\"><img loading=\"lazy\" decoding=\"async\" class=\"nasa-image\" src=\"https:\/\/idcolor.ee\/wp-content\/uploads\/2024\/01\/Posti_orange.png\" alt=\"\" width=\"1000\" height=\"400\" \/><\/a>[\/vc_column_inner][\/vc_row_inner][\/vc_column][\/vc_row]<\/p>\n<\/div>","protected":false},"excerpt":{"rendered":"<p>[vc_row css=&#8221;.vc_custom_1647250380513{padding-top: 60px !important;padding-bottom: 120px !important;}&#8221;][vc_column][vc_row_inner gap=&#8221;35&#8243; css=&#8221;.vc_custom_1647250372585{padding-top: 40px !important;}&#8221;][vc_column_inner width=&#8221;3\/4&#8243; css=&#8221;.vc_custom_1653063783082{padding-top: 20px !important;}&#8221;][vc_column_text]idcolor.ee interneta veikal\u0101 ieg\u0101d\u0101t\u0101s preces tiek pieg\u0101d\u0101tas tikai Igaunijas, Latvijas, Lietuvas un Somija teritorij\u0101. Preces tiek pieg\u0101d\u0101tas klienta nor\u0101d\u012btaj\u0101 pakom\u0101t\u0101. Preces pieg\u0101des maksa tiek pievienota preces cenai. Pieg\u0101des maksa netiek pievienota, ja pas\u016bt\u012bjuma cena p\u0101rsniedz summu 75 \u20ac Preces pieg\u0101des maksa ir: [&hellip;]<\/p>\n","protected":false},"author":1,"featured_media":0,"parent":0,"menu_order":0,"comment_status":"closed","ping_status":"closed","template":"","meta":{"footnotes":""},"class_list":["post-6149","page","type-page","status-publish","hentry"],"yoast_head":"<!-- This site is optimized with the Yoast SEO plugin v27.3 - https:\/\/yoast.com\/product\/yoast-seo-wordpress\/ -->\n<title>Pieg\u0101de - iD Color<\/title>\n<meta name=\"robots\" content=\"index, follow, max-snippet:-1, max-image-preview:large, max-video-preview:-1\" \/>\n<link rel=\"canonical\" href=\"https:\/\/idcolor.ee\/lv\/piegade\/\" \/>\n<meta property=\"og:locale\" content=\"lv_LV\" \/>\n<meta property=\"og:type\" content=\"article\" \/>\n<meta property=\"og:title\" content=\"Pieg\u0101de - iD Color\" \/>\n<meta property=\"og:description\" content=\"[vc_row css=&#8221;.vc_custom_1647250380513{padding-top: 60px !important;padding-bottom: 120px !important;}&#8221;][vc_column][vc_row_inner gap=&#8221;35&#8243; css=&#8221;.vc_custom_1647250372585{padding-top: 40px !important;}&#8221;][vc_column_inner width=&#8221;3\/4&#8243; css=&#8221;.vc_custom_1653063783082{padding-top: 20px !important;}&#8221;][vc_column_text]idcolor.ee interneta veikal\u0101 ieg\u0101d\u0101t\u0101s preces tiek pieg\u0101d\u0101tas tikai Igaunijas, Latvijas, Lietuvas un Somija teritorij\u0101. Preces tiek pieg\u0101d\u0101tas klienta nor\u0101d\u012btaj\u0101 pakom\u0101t\u0101. Preces pieg\u0101des maksa tiek pievienota preces cenai. Pieg\u0101des maksa netiek pievienota, ja pas\u016bt\u012bjuma cena p\u0101rsniedz summu 75 \u20ac Preces pieg\u0101des maksa ir: [&hellip;]\" \/>\n<meta property=\"og:url\" content=\"https:\/\/idcolor.ee\/lv\/piegade\/\" \/>\n<meta property=\"og:site_name\" content=\"iD Color\" \/>\n<meta property=\"article:modified_time\" content=\"2024-01-20T10:11:58+00:00\" \/>\n<meta name=\"twitter:card\" content=\"summary_large_image\" \/>\n<meta name=\"twitter:label1\" content=\"Est. reading time\" \/>\n\t<meta name=\"twitter:data1\" content=\"2 minutes\" \/>\n<script type=\"application\/ld+json\" class=\"yoast-schema-graph\">{\"@context\":\"https:\\\/\\\/schema.org\",\"@graph\":[{\"@type\":\"WebPage\",\"@id\":\"https:\\\/\\\/idcolor.ee\\\/lv\\\/piegade\\\/\",\"url\":\"https:\\\/\\\/idcolor.ee\\\/lv\\\/piegade\\\/\",\"name\":\"Pieg\u0101de - iD Color\",\"isPartOf\":{\"@id\":\"https:\\\/\\\/idcolor.ee\\\/lv\\\/#website\"},\"datePublished\":\"2022-03-14T09:34:10+00:00\",\"dateModified\":\"2024-01-20T10:11:58+00:00\",\"breadcrumb\":{\"@id\":\"https:\\\/\\\/idcolor.ee\\\/lv\\\/piegade\\\/#breadcrumb\"},\"inLanguage\":\"lv-LV\",\"potentialAction\":[{\"@type\":\"ReadAction\",\"target\":[\"https:\\\/\\\/idcolor.ee\\\/lv\\\/piegade\\\/\"]}]},{\"@type\":\"BreadcrumbList\",\"@id\":\"https:\\\/\\\/idcolor.ee\\\/lv\\\/piegade\\\/#breadcrumb\",\"itemListElement\":[{\"@type\":\"ListItem\",\"position\":1,\"name\":\"Home\",\"item\":\"https:\\\/\\\/idcolor.ee\\\/lv\\\/majas-lapa\\\/\"},{\"@type\":\"ListItem\",\"position\":2,\"name\":\"Pieg\u0101de\"}]},{\"@type\":\"WebSite\",\"@id\":\"https:\\\/\\\/idcolor.ee\\\/lv\\\/#website\",\"url\":\"https:\\\/\\\/idcolor.ee\\\/lv\\\/\",\"name\":\"iD Color\",\"description\":\"Hair care products\",\"publisher\":{\"@id\":\"https:\\\/\\\/idcolor.ee\\\/lv\\\/#organization\"},\"potentialAction\":[{\"@type\":\"SearchAction\",\"target\":{\"@type\":\"EntryPoint\",\"urlTemplate\":\"https:\\\/\\\/idcolor.ee\\\/lv\\\/?s={search_term_string}\"},\"query-input\":{\"@type\":\"PropertyValueSpecification\",\"valueRequired\":true,\"valueName\":\"search_term_string\"}}],\"inLanguage\":\"lv-LV\"},{\"@type\":\"Organization\",\"@id\":\"https:\\\/\\\/idcolor.ee\\\/lv\\\/#organization\",\"name\":\"iD Color O\u00dc\",\"url\":\"https:\\\/\\\/idcolor.ee\\\/lv\\\/\",\"logo\":{\"@type\":\"ImageObject\",\"inLanguage\":\"lv-LV\",\"@id\":\"https:\\\/\\\/idcolor.ee\\\/lv\\\/#\\\/schema\\\/logo\\\/image\\\/\",\"url\":\"https:\\\/\\\/idcolor.ee\\\/wp-content\\\/uploads\\\/2022\\\/01\\\/IDColor_Logo_1000.png\",\"contentUrl\":\"https:\\\/\\\/idcolor.ee\\\/wp-content\\\/uploads\\\/2022\\\/01\\\/IDColor_Logo_1000.png\",\"width\":1001,\"height\":354,\"caption\":\"iD Color O\u00dc\"},\"image\":{\"@id\":\"https:\\\/\\\/idcolor.ee\\\/lv\\\/#\\\/schema\\\/logo\\\/image\\\/\"}}]}<\/script>\n<!-- \/ Yoast SEO plugin. -->","yoast_head_json":{"title":"Pieg\u0101de - iD Color","robots":{"index":"index","follow":"follow","max-snippet":"max-snippet:-1","max-image-preview":"max-image-preview:large","max-video-preview":"max-video-preview:-1"},"canonical":"https:\/\/idcolor.ee\/lv\/piegade\/","og_locale":"lv_LV","og_type":"article","og_title":"Pieg\u0101de - iD Color","og_description":"[vc_row css=&#8221;.vc_custom_1647250380513{padding-top: 60px !important;padding-bottom: 120px !important;}&#8221;][vc_column][vc_row_inner gap=&#8221;35&#8243; css=&#8221;.vc_custom_1647250372585{padding-top: 40px !important;}&#8221;][vc_column_inner width=&#8221;3\/4&#8243; css=&#8221;.vc_custom_1653063783082{padding-top: 20px !important;}&#8221;][vc_column_text]idcolor.ee interneta veikal\u0101 ieg\u0101d\u0101t\u0101s preces tiek pieg\u0101d\u0101tas tikai Igaunijas, Latvijas, Lietuvas un Somija teritorij\u0101. Preces tiek pieg\u0101d\u0101tas klienta nor\u0101d\u012btaj\u0101 pakom\u0101t\u0101. Preces pieg\u0101des maksa tiek pievienota preces cenai. Pieg\u0101des maksa netiek pievienota, ja pas\u016bt\u012bjuma cena p\u0101rsniedz summu 75 \u20ac Preces pieg\u0101des maksa ir: [&hellip;]","og_url":"https:\/\/idcolor.ee\/lv\/piegade\/","og_site_name":"iD Color","article_modified_time":"2024-01-20T10:11:58+00:00","twitter_card":"summary_large_image","twitter_misc":{"Est. reading time":"2 minutes"},"schema":{"@context":"https:\/\/schema.org","@graph":[{"@type":"WebPage","@id":"https:\/\/idcolor.ee\/lv\/piegade\/","url":"https:\/\/idcolor.ee\/lv\/piegade\/","name":"Pieg\u0101de - iD Color","isPartOf":{"@id":"https:\/\/idcolor.ee\/lv\/#website"},"datePublished":"2022-03-14T09:34:10+00:00","dateModified":"2024-01-20T10:11:58+00:00","breadcrumb":{"@id":"https:\/\/idcolor.ee\/lv\/piegade\/#breadcrumb"},"inLanguage":"lv-LV","potentialAction":[{"@type":"ReadAction","target":["https:\/\/idcolor.ee\/lv\/piegade\/"]}]},{"@type":"BreadcrumbList","@id":"https:\/\/idcolor.ee\/lv\/piegade\/#breadcrumb","itemListElement":[{"@type":"ListItem","position":1,"name":"Home","item":"https:\/\/idcolor.ee\/lv\/majas-lapa\/"},{"@type":"ListItem","position":2,"name":"Pieg\u0101de"}]},{"@type":"WebSite","@id":"https:\/\/idcolor.ee\/lv\/#website","url":"https:\/\/idcolor.ee\/lv\/","name":"iD Color","description":"Hair care products","publisher":{"@id":"https:\/\/idcolor.ee\/lv\/#organization"},"potentialAction":[{"@type":"SearchAction","target":{"@type":"EntryPoint","urlTemplate":"https:\/\/idcolor.ee\/lv\/?s={search_term_string}"},"query-input":{"@type":"PropertyValueSpecification","valueRequired":true,"valueName":"search_term_string"}}],"inLanguage":"lv-LV"},{"@type":"Organization","@id":"https:\/\/idcolor.ee\/lv\/#organization","name":"iD Color O\u00dc","url":"https:\/\/idcolor.ee\/lv\/","logo":{"@type":"ImageObject","inLanguage":"lv-LV","@id":"https:\/\/idcolor.ee\/lv\/#\/schema\/logo\/image\/","url":"https:\/\/idcolor.ee\/wp-content\/uploads\/2022\/01\/IDColor_Logo_1000.png","contentUrl":"https:\/\/idcolor.ee\/wp-content\/uploads\/2022\/01\/IDColor_Logo_1000.png","width":1001,"height":354,"caption":"iD Color O\u00dc"},"image":{"@id":"https:\/\/idcolor.ee\/lv\/#\/schema\/logo\/image\/"}}]}},"_links":{"self":[{"href":"https:\/\/idcolor.ee\/lv\/wp-json\/wp\/v2\/pages\/6149","targetHints":{"allow":["GET"]}}],"collection":[{"href":"https:\/\/idcolor.ee\/lv\/wp-json\/wp\/v2\/pages"}],"about":[{"href":"https:\/\/idcolor.ee\/lv\/wp-json\/wp\/v2\/types\/page"}],"author":[{"embeddable":true,"href":"https:\/\/idcolor.ee\/lv\/wp-json\/wp\/v2\/users\/1"}],"replies":[{"embeddable":true,"href":"https:\/\/idcolor.ee\/lv\/wp-json\/wp\/v2\/comments?post=6149"}],"version-history":[{"count":4,"href":"https:\/\/idcolor.ee\/lv\/wp-json\/wp\/v2\/pages\/6149\/revisions"}],"predecessor-version":[{"id":6456,"href":"https:\/\/idcolor.ee\/lv\/wp-json\/wp\/v2\/pages\/6149\/revisions\/6456"}],"wp:attachment":[{"href":"https:\/\/idcolor.ee\/lv\/wp-json\/wp\/v2\/media?parent=6149"}],"curies":[{"name":"wp","href":"https:\/\/api.w.org\/{rel}","templated":true}]}}