{"id":6102,"date":"2022-01-07T17:56:13","date_gmt":"2022-01-07T15:56:13","guid":{"rendered":"https:\/\/idcolor.ee\/product\/mystardust-spiduma-aerosols\/"},"modified":"2023-07-27T15:53:07","modified_gmt":"2023-07-27T12:53:07","slug":"mystardust-spiduma-aerosols","status":"publish","type":"product","link":"https:\/\/idcolor.ee\/lv\/produkts\/mystardust-spiduma-aerosols\/","title":{"rendered":"#MyStardust sp\u012bduma aerosols"},"content":{"rendered":"<div class=\"wpb-content-wrapper\"><p>[vc_row][vc_column][vc_row_inner][vc_column_inner width=&#8221;1\/4&#8243; css=&#8221;.vc_custom_1643100113825{padding-right: 20% !important;}&#8221; offset=&#8221;vc_hidden-sm vc_hidden-xs&#8221;][vc_single_image image=&#8221;4771&#8243; img_size=&#8221;full&#8221;][vc_empty_space height=&#8221;20px&#8221;][\/vc_column_inner][vc_column_inner width=&#8221;3\/4&#8243; offset=&#8221;vc_hidden-lg vc_hidden-md&#8221; css=&#8221;.vc_custom_1643102057386{padding-right: 50% !important;}&#8221;][vc_single_image image=&#8221;4771&#8243; img_size=&#8221;full&#8221;][vc_empty_space height=&#8221;20px&#8221;][\/vc_column_inner][\/vc_row_inner]<div class=\"nasa-title clearfix nasa-t hr-type-none\"><h4 class=\"nasa-heading-title\"><span class=\"nasa-title-wrap\"><span style=\"color: #5a2169;\">#MyStardust sp\u012bduma aerosols | 162 ml<\/span><\/span><\/h4><p class=\"nasa-title-desc\" style=\"color: #5a2169;\">VIEGLA, \u012aPA\u0160I SMALKI IZSMIDZIN\u0100MA<\/p><\/div>[vc_empty_space height=&#8221;20px&#8221;][vc_separator][vc_empty_space height=&#8221;20px&#8221;][vc_column_text]<strong>Produkta apraksts:<\/strong><\/p>\n<p>\u2022 <strong>Viegla, \u012bpa\u0161i smalki izsmidzin\u0101ma<\/strong> pie\u0161\u0137ir matu cirt\u0101m maigu vij\u012bgumu un <strong>izteiksm\u012bgu mirdzumu<\/strong>.<br \/>\n\u2022 Sast\u0101v\u0101 ir <strong>arb\u016bzu ekstrakts<\/strong>, kas nodro\u0161ina matiem <strong>skaistu sp\u012bdumu<\/strong>.<br \/>\n\u2022 <strong>Samazina matu sprogo\u0161anos un p\u016bko\u0161anos<\/strong>, bet saglab\u0101 friz\u016bras kuplumu.<br \/>\n\u2022 <strong>Mitrina, m\u012bkstina un atvese\u013co matus.<\/strong><br \/>\n\u2022 FANTASTISKS \u0136IR\u0160U ZIEDU AROM\u0100TS![\/vc_column_text][vc_empty_space height=&#8221;25px&#8221;][vc_column_text css=&#8221;.vc_custom_1641571129619{border-top-width: 1px !important;border-right-width: 1px !important;border-bottom-width: 1px !important;border-left-width: 1px !important;padding-top: 10px !important;padding-right: 10px !important;padding-bottom: 10px !important;padding-left: 10px !important;background-color: rgba(90,33,105,0.1) !important;*background-color: rgb(90,33,105) !important;border-left-color: #5a2169 !important;border-left-style: solid !important;border-right-color: #5a2169 !important;border-right-style: solid !important;border-top-color: #5a2169 !important;border-top-style: solid !important;border-bottom-color: #5a2169 !important;border-bottom-style: solid !important;border-radius: 1px !important;}&#8221;]<span style=\"color: #5a2169;\"><strong>#Guy Tang Tip:<\/strong> p\u0113c tam, kad mati ir ieguvu\u0161i kuplumu, man pat\u012bk tiem vi\u013c\u0146veid\u012bgi uzsmidzin\u0101t, lai rad\u012btu fantastisku mirdzumu.<\/span>[\/vc_column_text][vc_empty_space height=&#8221;35px&#8221;][vc_column_text]<strong>Lieto\u0161ana:<\/strong><\/p>\n<p>Izsmidziniet uz sausiem matiem no 20 cm att\u0101luma.[\/vc_column_text][vc_empty_space height=&#8221;25px&#8221;][vc_separator][vc_empty_space height=&#8221;20px&#8221;][vc_column_text]<strong>Lieto\u0161anas piesardz\u012bbas pas\u0101kumi:<\/strong><\/p>\n<p>BR\u012aDIN\u0100JUMS: VIEGLI UZLIESMOJO\u0160S. Saturs zem spiediena. Necaurdurt un nededzin\u0101t iepakojumu un neuzglab\u0101t temperat\u016br\u0101 virs 50 \u00b0C. Nelietot atkl\u0101tas liesmas vai dzirkste\u013cu tuvum\u0101. Glab\u0101jiet b\u0113rniem nepieejam\u0101 viet\u0101. Ja uz \u0101das vai galvas \u0101das rodas nev\u0113lama reakcija, p\u0101rtrauciet lieto\u0161anu un konsult\u0113jieties ar \u0101rstu. Ja produkts nejau\u0161i iek\u013c\u016bst ac\u012bs, 15 min\u016btes skalojiet acis. Ja probl\u0113ma nep\u0101riet, konsult\u0113jieties ar \u0101rstu.[\/vc_column_text][vc_empty_space height=&#8221;25px&#8221;][vc_separator][vc_empty_space height=&#8221;15px&#8221;]<div class=\"nasa-title clearfix nasa-t hr-type-none\"><h4 class=\"nasa-heading-title\"><span class=\"nasa-title-wrap\"><span style=\"color: #5a2169;\">Iesaka frizieri<\/span><\/span><\/h4><\/div>            <div class=\"nasa-sc products woocommerce\">\r\n                <div class=\"row nasa-row-child-clear-none mobile-padding-left-5 mobile-padding-right-5\"><div class=\"product-warp-item columns large-3 medium-4 small-6 nasa-modern-6\">\r\n<div class=\"product type-product post-6104 status-publish first instock product_cat-mydentity-lv product_cat-apdare-lv has-post-thumbnail taxable shipping-taxable purchasable product-type-simple product-item grid\">\r\n\r\n    \r\n    <div class=\"product-img-wrap\">\r\n        <div class=\"nasa-sc-pdeal-countdown hidden-tag\"><\/div><div class=\"nasa-product-grid nasa-group-btns nasa-btns-product-item\"><a href=\"\/lv\/wp-json\/wp\/v2\/product\/6102?add-to-cart=6104\" aria-describedby=\"woocommerce_loop_add_to_cart_link_describedby_6104\" data-quantity=\"1\" class=\"button product_type_simple add_to_cart_button ajax_add_to_cart add-to-cart-grid btn-link nasa-tip\" data-product_id=\"6104\" data-product_sku=\"014926411215\" aria-label=\"Add to cart: &ldquo;#MyControl vid\u0113ji stipras fiks\u0101cijas matu laka&rdquo;\" rel=\"nofollow\" data-success_message=\"&ldquo;#MyControl vid\u0113ji stipras fiks\u0101cijas matu laka&rdquo; has been added to your cart\" title=\"Pievienot grozam\" role=\"button\"><span class=\"add_to_cart_text\">Pievienot grozam<\/span><span class=\"nasa-icon cart-icon nasa-flex jc\"><svg width=\"20\" height=\"20\" viewBox=\"0 0 32 32\" fill=\"currentColor\"><path d=\"M3.205 3.205v25.59h25.59v-25.59h-25.59zM27.729 27.729h-23.457v-23.457h23.457v23.457z\" \/><path d=\"M9.068 13.334c0 3.828 3.104 6.931 6.931 6.931s6.93-3.102 6.93-6.931v-3.732h1.067v-1.066h-3.199v1.066h1.065v3.732c0 3.234-2.631 5.864-5.864 5.864-3.234 0-5.865-2.631-5.865-5.864v-3.732h1.067v-1.066h-3.199v1.066h1.065v3.732z\"\/><\/svg><\/span><\/a>\r\n            <a href=\"javascript:void(0);\" class=\"btn-wishlist btn-link wishlist-icon btn-nasa-wishlist nasa-tip nasa-tip-left\" data-prod=\"6104\" data-prod_type=\"simple\" data-icon-text=\"Add to Wishlist\" data-added=\"Added to Wishlist\" title=\"V\u0113lmju saraksts\" rel=\"nofollow\">\r\n                <svg class=\"nasa-icon ns-stroke\" width=\"20\" height=\"20\" viewBox=\"0 0 32 32\">\r\n                <path d=\"M21.886 5.115c3.521 0 6.376 2.855 6.376 6.376 0 1.809-0.754 3.439-1.964 4.6l-10.297 10.349-10.484-10.536c-1.1-1.146-1.778-2.699-1.778-4.413 0-3.522 2.855-6.376 6.376-6.376 2.652 0 4.925 1.62 5.886 3.924 0.961-2.304 3.234-3.924 5.886-3.924zM21.886 4.049c-2.345 0-4.499 1.089-5.886 2.884-1.386-1.795-3.54-2.884-5.886-2.884-4.104 0-7.442 3.339-7.442 7.442 0 1.928 0.737 3.758 2.075 5.152l11.253 11.309 11.053-11.108c1.46-1.402 2.275-3.308 2.275-5.352 0-4.104-3.339-7.442-7.442-7.442v0z\" fill=\"currentColor\" \/>\r\n            <\/svg>                <svg  class=\"nasa-icon ns-filled\" width=\"20\" height=\"20\" viewBox=\"0 0 28 32\">\r\n                <path d=\"M19.886 4.049c-2.345 0-4.499 1.089-5.886 2.884-1.386-1.795-3.54-2.884-5.886-2.884-4.104 0-7.442 3.339-7.442 7.442 0 1.928 0.737 3.758 2.075 5.152l11.253 11.309 11.053-11.108c1.46-1.402 2.275-3.308 2.275-5.352 0-4.104-3.339-7.442-7.442-7.442z\" fill=\"currentColor\" \/>\r\n            <\/svg>            <\/a>\r\n\r\n            <a href=\"javascript:void(0);\" class=\"quick-view btn-link quick-view-icon nasa-tip nasa-tip-left\" data-prod=\"6104\" data-icon-text=\"\u0100trs p\u0101rskats\" title=\"\u0100trs p\u0101rskats\" data-product_type=\"simple\" data-href=\"https:\/\/idcolor.ee\/lv\/produkts\/mycontrol-videji-stipras-fiksacijas-matu-laka\/\" rel=\"nofollow\"><svg  class=\"nasa-icon\" width=\"20\" height=\"36\" viewBox=\"0 0 32 32\" fill=\"currentColor\"><path d=\"M16 6.404c-5.847 0-10.404 3.66-15.994 9.593 4.816 5.073 8.857 9.6 15.994 9.6s12.382-5.73 15.994-9.492c-3.697-4.407-8.943-9.7-15.994-9.7zM16 24.53c-6.336 0-10.16-3.929-14.524-8.532 5.192-5.414 9.32-8.527 14.524-8.527 6.161 0 10.975 4.443 14.558 8.591-3.523 3.674-8.293 8.469-14.558 8.469z\" \/><path d=\"M16 9.603c-3.528 0-6.398 2.87-6.398 6.397s2.87 6.397 6.398 6.397 6.398-2.87 6.398-6.397-2.87-6.397-6.398-6.397zM16 21.331c-2.939 0-5.331-2.391-5.331-5.331s2.392-5.331 5.331-5.331 5.331 2.391 5.331 5.331c0 2.939-2.392 5.331-5.331 5.331z\" \/><path d=\"M16 12.268c-2.058 0-3.732 1.674-3.732 3.732s1.674 3.732 3.732 3.732c2.058 0 3.732-1.674 3.732-3.732s-1.674-3.732-3.732-3.732zM16 18.666c-1.47 0-2.666-1.196-2.666-2.666s1.196-2.666 2.666-2.666 2.666 1.196 2.666 2.666c0 1.47-1.196 2.666-2.666 2.666z\" \/><\/svg><\/a><\/div>\r\n\r\n<a class=\"product-img nasa-no-effect\" href=\"https:\/\/idcolor.ee\/lv\/produkts\/mycontrol-videji-stipras-fiksacijas-matu-laka\/\" title=\"#MyControl vid\u0113ji stipras fiks\u0101cijas matu laka\">\r\n    <div class=\"main-img\">\r\n        <img loading=\"lazy\" decoding=\"async\" width=\"450\" height=\"450\" src=\"https:\/\/idcolor.ee\/wp-content\/uploads\/2022\/01\/MyControl_Spray-450x450.jpg\" class=\"attachment-woocommerce_thumbnail size-woocommerce_thumbnail\" alt=\"#MyControl vid\u0113ji stipras fiks\u0101cijas matu laka\" srcset=\"https:\/\/idcolor.ee\/wp-content\/uploads\/2022\/01\/MyControl_Spray-450x450.jpg 450w, https:\/\/idcolor.ee\/wp-content\/uploads\/2022\/01\/MyControl_Spray-300x300.jpg 300w, https:\/\/idcolor.ee\/wp-content\/uploads\/2022\/01\/MyControl_Spray-595x595.jpg 595w, https:\/\/idcolor.ee\/wp-content\/uploads\/2022\/01\/MyControl_Spray-150x150.jpg 150w, https:\/\/idcolor.ee\/wp-content\/uploads\/2022\/01\/MyControl_Spray-768x768.jpg 768w, https:\/\/idcolor.ee\/wp-content\/uploads\/2022\/01\/MyControl_Spray-380x380.jpg 380w, https:\/\/idcolor.ee\/wp-content\/uploads\/2022\/01\/MyControl_Spray-100x100.jpg 100w, https:\/\/idcolor.ee\/wp-content\/uploads\/2022\/01\/MyControl_Spray.jpg 1080w\" sizes=\"auto, (max-width: 450px) 100vw, 450px\" \/>    <\/div>\r\n\r\n    <\/a>\r\n    <\/div>\r\n\r\n    <div class=\"product-info-wrap info\">\r\n        \r\n        <a class=\"name nasa-bold woocommerce-loop-product__title\" href=\"https:\/\/idcolor.ee\/lv\/produkts\/mycontrol-videji-stipras-fiksacijas-matu-laka\/\" title=\"#MyControl vid\u0113ji stipras fiks\u0101cijas matu laka\">\r\n            #MyControl vid\u0113ji stipras fiks\u0101cijas matu laka        <\/a>\r\n                \n\t<span class=\"price\"><span class=\"woocommerce-Price-amount amount\"><bdi>24,00&nbsp;<span class=\"woocommerce-Price-currencySymbol\">&euro;<\/span><\/bdi><\/span><\/span>\n    <\/div>\r\n\r\n    \r\n<\/div>\r\n\r\n<\/div><\/div>            <\/div>\r\n            [\/vc_column][\/vc_row]<\/p>\n<\/div>","protected":false},"excerpt":{"rendered":"<h5><strong>162 ml<\/strong><\/h5>\n<p>Viegla, \u012bpa\u0161i smalki izsmidzin\u0101ma, pie\u0161\u0137ir matiem \u017eilbino\u0161u mirdzumu. Samazina matu sprogo\u0161anos un p\u016bko\u0161anos, bet saglab\u0101 friz\u016bras kuplumu.<\/p>\n","protected":false},"featured_media":4743,"template":"","meta":[],"product_brand":[],"product_cat":[235,294],"product_tag":[],"class_list":{"0":"post-6102","1":"product","2":"type-product","3":"status-publish","4":"has-post-thumbnail","6":"product_cat-mydentity-lv","7":"product_cat-apdare-lv","9":"","10":"instock","11":"taxable","12":"shipping-taxable","13":"purchasable","14":"product-type-simple"},"yoast_head":"<!-- This site is optimized with the Yoast SEO plugin v27.4 - https:\/\/yoast.com\/product\/yoast-seo-wordpress\/ -->\n<title>MyDentity #MyStardust sp\u012bduma aerosols - iD Color<\/title>\n<meta name=\"description\" content=\"Viegla, \u012bpa\u0161i smalki izsmidzin\u0101ma, pie\u0161\u0137ir matiem \u017eilbino\u0161u mirdzumu. Samazina matu sprogo\u0161anos un p\u016bko\u0161anos, bet saglab\u0101 friz\u016bras kuplumu.\" \/>\n<meta name=\"robots\" content=\"index, follow, max-snippet:-1, max-image-preview:large, max-video-preview:-1\" \/>\n<link rel=\"canonical\" href=\"https:\/\/idcolor.ee\/lv\/produkts\/mystardust-spiduma-aerosols\/\" \/>\n<meta property=\"og:locale\" content=\"lv_LV\" \/>\n<meta property=\"og:type\" content=\"article\" \/>\n<meta property=\"og:title\" content=\"MyDentity #MyStardust sp\u012bduma aerosols - iD Color\" \/>\n<meta property=\"og:description\" content=\"Viegla, \u012bpa\u0161i smalki izsmidzin\u0101ma, pie\u0161\u0137ir matiem \u017eilbino\u0161u mirdzumu. Samazina matu sprogo\u0161anos un p\u016bko\u0161anos, bet saglab\u0101 friz\u016bras kuplumu.\" \/>\n<meta property=\"og:url\" content=\"https:\/\/idcolor.ee\/lv\/produkts\/mystardust-spiduma-aerosols\/\" \/>\n<meta property=\"og:site_name\" content=\"iD Color\" \/>\n<meta property=\"article:modified_time\" content=\"2023-07-27T12:53:07+00:00\" \/>\n<meta property=\"og:image\" content=\"https:\/\/idcolor.ee\/wp-content\/uploads\/2022\/01\/MyStardust_Spray.jpg\" \/>\n\t<meta property=\"og:image:width\" content=\"1080\" \/>\n\t<meta property=\"og:image:height\" content=\"1080\" \/>\n\t<meta property=\"og:image:type\" content=\"image\/jpeg\" \/>\n<meta name=\"twitter:card\" content=\"summary_large_image\" \/>\n<meta name=\"twitter:label1\" content=\"Est. reading time\" \/>\n\t<meta name=\"twitter:data1\" content=\"2 minutes\" \/>\n<script type=\"application\/ld+json\" class=\"yoast-schema-graph\">{\"@context\":\"https:\\\/\\\/schema.org\",\"@graph\":[{\"@type\":\"WebPage\",\"@id\":\"https:\\\/\\\/idcolor.ee\\\/lv\\\/produkts\\\/mystardust-spiduma-aerosols\\\/\",\"url\":\"https:\\\/\\\/idcolor.ee\\\/lv\\\/produkts\\\/mystardust-spiduma-aerosols\\\/\",\"name\":\"MyDentity #MyStardust sp\u012bduma aerosols - iD Color\",\"isPartOf\":{\"@id\":\"https:\\\/\\\/idcolor.ee\\\/lv\\\/#website\"},\"primaryImageOfPage\":{\"@id\":\"https:\\\/\\\/idcolor.ee\\\/lv\\\/produkts\\\/mystardust-spiduma-aerosols\\\/#primaryimage\"},\"image\":{\"@id\":\"https:\\\/\\\/idcolor.ee\\\/lv\\\/produkts\\\/mystardust-spiduma-aerosols\\\/#primaryimage\"},\"thumbnailUrl\":\"https:\\\/\\\/idcolor.ee\\\/wp-content\\\/uploads\\\/2022\\\/01\\\/MyStardust_Spray.jpg\",\"datePublished\":\"2022-01-07T15:56:13+00:00\",\"dateModified\":\"2023-07-27T12:53:07+00:00\",\"description\":\"Viegla, \u012bpa\u0161i smalki izsmidzin\u0101ma, pie\u0161\u0137ir matiem \u017eilbino\u0161u mirdzumu. Samazina matu sprogo\u0161anos un p\u016bko\u0161anos, bet saglab\u0101 friz\u016bras kuplumu.\",\"breadcrumb\":{\"@id\":\"https:\\\/\\\/idcolor.ee\\\/lv\\\/produkts\\\/mystardust-spiduma-aerosols\\\/#breadcrumb\"},\"inLanguage\":\"lv-LV\",\"potentialAction\":[{\"@type\":\"ReadAction\",\"target\":[\"https:\\\/\\\/idcolor.ee\\\/lv\\\/produkts\\\/mystardust-spiduma-aerosols\\\/\"]}]},{\"@type\":\"ImageObject\",\"inLanguage\":\"lv-LV\",\"@id\":\"https:\\\/\\\/idcolor.ee\\\/lv\\\/produkts\\\/mystardust-spiduma-aerosols\\\/#primaryimage\",\"url\":\"https:\\\/\\\/idcolor.ee\\\/wp-content\\\/uploads\\\/2022\\\/01\\\/MyStardust_Spray.jpg\",\"contentUrl\":\"https:\\\/\\\/idcolor.ee\\\/wp-content\\\/uploads\\\/2022\\\/01\\\/MyStardust_Spray.jpg\",\"width\":1080,\"height\":1080},{\"@type\":\"BreadcrumbList\",\"@id\":\"https:\\\/\\\/idcolor.ee\\\/lv\\\/produkts\\\/mystardust-spiduma-aerosols\\\/#breadcrumb\",\"itemListElement\":[{\"@type\":\"ListItem\",\"position\":1,\"name\":\"Home\",\"item\":\"https:\\\/\\\/idcolor.ee\\\/lv\\\/majas-lapa\\\/\"},{\"@type\":\"ListItem\",\"position\":2,\"name\":\"Shop\",\"item\":\"https:\\\/\\\/idcolor.ee\\\/lv\\\/shop-2\\\/\"},{\"@type\":\"ListItem\",\"position\":3,\"name\":\"#MyStardust sp\u012bduma aerosols\"}]},{\"@type\":\"WebSite\",\"@id\":\"https:\\\/\\\/idcolor.ee\\\/lv\\\/#website\",\"url\":\"https:\\\/\\\/idcolor.ee\\\/lv\\\/\",\"name\":\"iD Color\",\"description\":\"Hair care products\",\"publisher\":{\"@id\":\"https:\\\/\\\/idcolor.ee\\\/lv\\\/#organization\"},\"potentialAction\":[{\"@type\":\"SearchAction\",\"target\":{\"@type\":\"EntryPoint\",\"urlTemplate\":\"https:\\\/\\\/idcolor.ee\\\/lv\\\/?s={search_term_string}\"},\"query-input\":{\"@type\":\"PropertyValueSpecification\",\"valueRequired\":true,\"valueName\":\"search_term_string\"}}],\"inLanguage\":\"lv-LV\"},{\"@type\":\"Organization\",\"@id\":\"https:\\\/\\\/idcolor.ee\\\/lv\\\/#organization\",\"name\":\"iD Color O\u00dc\",\"url\":\"https:\\\/\\\/idcolor.ee\\\/lv\\\/\",\"logo\":{\"@type\":\"ImageObject\",\"inLanguage\":\"lv-LV\",\"@id\":\"https:\\\/\\\/idcolor.ee\\\/lv\\\/#\\\/schema\\\/logo\\\/image\\\/\",\"url\":\"https:\\\/\\\/idcolor.ee\\\/wp-content\\\/uploads\\\/2022\\\/01\\\/IDColor_Logo_1000.png\",\"contentUrl\":\"https:\\\/\\\/idcolor.ee\\\/wp-content\\\/uploads\\\/2022\\\/01\\\/IDColor_Logo_1000.png\",\"width\":1001,\"height\":354,\"caption\":\"iD Color O\u00dc\"},\"image\":{\"@id\":\"https:\\\/\\\/idcolor.ee\\\/lv\\\/#\\\/schema\\\/logo\\\/image\\\/\"}}]}<\/script>\n<!-- \/ Yoast SEO plugin. -->","yoast_head_json":{"title":"MyDentity #MyStardust sp\u012bduma aerosols - iD Color","description":"Viegla, \u012bpa\u0161i smalki izsmidzin\u0101ma, pie\u0161\u0137ir matiem \u017eilbino\u0161u mirdzumu. Samazina matu sprogo\u0161anos un p\u016bko\u0161anos, bet saglab\u0101 friz\u016bras kuplumu.","robots":{"index":"index","follow":"follow","max-snippet":"max-snippet:-1","max-image-preview":"max-image-preview:large","max-video-preview":"max-video-preview:-1"},"canonical":"https:\/\/idcolor.ee\/lv\/produkts\/mystardust-spiduma-aerosols\/","og_locale":"lv_LV","og_type":"article","og_title":"MyDentity #MyStardust sp\u012bduma aerosols - iD Color","og_description":"Viegla, \u012bpa\u0161i smalki izsmidzin\u0101ma, pie\u0161\u0137ir matiem \u017eilbino\u0161u mirdzumu. Samazina matu sprogo\u0161anos un p\u016bko\u0161anos, bet saglab\u0101 friz\u016bras kuplumu.","og_url":"https:\/\/idcolor.ee\/lv\/produkts\/mystardust-spiduma-aerosols\/","og_site_name":"iD Color","article_modified_time":"2023-07-27T12:53:07+00:00","og_image":[{"width":1080,"height":1080,"url":"https:\/\/idcolor.ee\/wp-content\/uploads\/2022\/01\/MyStardust_Spray.jpg","type":"image\/jpeg"}],"twitter_card":"summary_large_image","twitter_misc":{"Est. reading time":"2 minutes"},"schema":{"@context":"https:\/\/schema.org","@graph":[{"@type":"WebPage","@id":"https:\/\/idcolor.ee\/lv\/produkts\/mystardust-spiduma-aerosols\/","url":"https:\/\/idcolor.ee\/lv\/produkts\/mystardust-spiduma-aerosols\/","name":"MyDentity #MyStardust sp\u012bduma aerosols - iD Color","isPartOf":{"@id":"https:\/\/idcolor.ee\/lv\/#website"},"primaryImageOfPage":{"@id":"https:\/\/idcolor.ee\/lv\/produkts\/mystardust-spiduma-aerosols\/#primaryimage"},"image":{"@id":"https:\/\/idcolor.ee\/lv\/produkts\/mystardust-spiduma-aerosols\/#primaryimage"},"thumbnailUrl":"https:\/\/idcolor.ee\/wp-content\/uploads\/2022\/01\/MyStardust_Spray.jpg","datePublished":"2022-01-07T15:56:13+00:00","dateModified":"2023-07-27T12:53:07+00:00","description":"Viegla, \u012bpa\u0161i smalki izsmidzin\u0101ma, pie\u0161\u0137ir matiem \u017eilbino\u0161u mirdzumu. Samazina matu sprogo\u0161anos un p\u016bko\u0161anos, bet saglab\u0101 friz\u016bras kuplumu.","breadcrumb":{"@id":"https:\/\/idcolor.ee\/lv\/produkts\/mystardust-spiduma-aerosols\/#breadcrumb"},"inLanguage":"lv-LV","potentialAction":[{"@type":"ReadAction","target":["https:\/\/idcolor.ee\/lv\/produkts\/mystardust-spiduma-aerosols\/"]}]},{"@type":"ImageObject","inLanguage":"lv-LV","@id":"https:\/\/idcolor.ee\/lv\/produkts\/mystardust-spiduma-aerosols\/#primaryimage","url":"https:\/\/idcolor.ee\/wp-content\/uploads\/2022\/01\/MyStardust_Spray.jpg","contentUrl":"https:\/\/idcolor.ee\/wp-content\/uploads\/2022\/01\/MyStardust_Spray.jpg","width":1080,"height":1080},{"@type":"BreadcrumbList","@id":"https:\/\/idcolor.ee\/lv\/produkts\/mystardust-spiduma-aerosols\/#breadcrumb","itemListElement":[{"@type":"ListItem","position":1,"name":"Home","item":"https:\/\/idcolor.ee\/lv\/majas-lapa\/"},{"@type":"ListItem","position":2,"name":"Shop","item":"https:\/\/idcolor.ee\/lv\/shop-2\/"},{"@type":"ListItem","position":3,"name":"#MyStardust sp\u012bduma aerosols"}]},{"@type":"WebSite","@id":"https:\/\/idcolor.ee\/lv\/#website","url":"https:\/\/idcolor.ee\/lv\/","name":"iD Color","description":"Hair care products","publisher":{"@id":"https:\/\/idcolor.ee\/lv\/#organization"},"potentialAction":[{"@type":"SearchAction","target":{"@type":"EntryPoint","urlTemplate":"https:\/\/idcolor.ee\/lv\/?s={search_term_string}"},"query-input":{"@type":"PropertyValueSpecification","valueRequired":true,"valueName":"search_term_string"}}],"inLanguage":"lv-LV"},{"@type":"Organization","@id":"https:\/\/idcolor.ee\/lv\/#organization","name":"iD Color O\u00dc","url":"https:\/\/idcolor.ee\/lv\/","logo":{"@type":"ImageObject","inLanguage":"lv-LV","@id":"https:\/\/idcolor.ee\/lv\/#\/schema\/logo\/image\/","url":"https:\/\/idcolor.ee\/wp-content\/uploads\/2022\/01\/IDColor_Logo_1000.png","contentUrl":"https:\/\/idcolor.ee\/wp-content\/uploads\/2022\/01\/IDColor_Logo_1000.png","width":1001,"height":354,"caption":"iD Color O\u00dc"},"image":{"@id":"https:\/\/idcolor.ee\/lv\/#\/schema\/logo\/image\/"}}]}},"_links":{"self":[{"href":"https:\/\/idcolor.ee\/lv\/wp-json\/wp\/v2\/product\/6102","targetHints":{"allow":["GET"]}}],"collection":[{"href":"https:\/\/idcolor.ee\/lv\/wp-json\/wp\/v2\/product"}],"about":[{"href":"https:\/\/idcolor.ee\/lv\/wp-json\/wp\/v2\/types\/product"}],"wp:featuredmedia":[{"embeddable":true,"href":"https:\/\/idcolor.ee\/lv\/wp-json\/wp\/v2\/media\/4743"}],"wp:attachment":[{"href":"https:\/\/idcolor.ee\/lv\/wp-json\/wp\/v2\/media?parent=6102"}],"wp:term":[{"taxonomy":"product_brand","embeddable":true,"href":"https:\/\/idcolor.ee\/lv\/wp-json\/wp\/v2\/product_brand?post=6102"},{"taxonomy":"product_cat","embeddable":true,"href":"https:\/\/idcolor.ee\/lv\/wp-json\/wp\/v2\/product_cat?post=6102"},{"taxonomy":"product_tag","embeddable":true,"href":"https:\/\/idcolor.ee\/lv\/wp-json\/wp\/v2\/product_tag?post=6102"}],"curies":[{"name":"wp","href":"https:\/\/api.w.org\/{rel}","templated":true}]}}