{"id":6103,"date":"2022-01-07T17:46:35","date_gmt":"2022-01-07T15:46:35","guid":{"rendered":"https:\/\/idcolor.ee\/product\/myhairlube-ieveidosanas-ella\/"},"modified":"2023-07-27T16:01:20","modified_gmt":"2023-07-27T13:01:20","slug":"myhairlube-ieveidosanas-ella","status":"publish","type":"product","link":"https:\/\/idcolor.ee\/lv\/produkts\/myhairlube-ieveidosanas-ella\/","title":{"rendered":"#MyHairLube ieveido\u0161anas e\u013c\u013ca"},"content":{"rendered":"<div class=\"wpb-content-wrapper\"><p>[vc_row][vc_column][vc_row_inner][vc_column_inner width=&#8221;1\/4&#8243; css=&#8221;.vc_custom_1643100113825{padding-right: 20% !important;}&#8221; offset=&#8221;vc_hidden-sm vc_hidden-xs&#8221;][vc_single_image image=&#8221;4771&#8243; img_size=&#8221;full&#8221;][vc_empty_space height=&#8221;20px&#8221;][\/vc_column_inner][vc_column_inner width=&#8221;3\/4&#8243; offset=&#8221;vc_hidden-lg vc_hidden-md&#8221; css=&#8221;.vc_custom_1643102057386{padding-right: 50% !important;}&#8221;][vc_single_image image=&#8221;4771&#8243; img_size=&#8221;full&#8221;][vc_empty_space height=&#8221;20px&#8221;][\/vc_column_inner][\/vc_row_inner]<div class=\"nasa-title clearfix nasa-t hr-type-none\"><h4 class=\"nasa-heading-title\"><span class=\"nasa-title-wrap\"><span style=\"color: #5a2169;\">#MyHairLube ieveido\u0161anas e\u013c\u013ca | 88 ml<\/span><\/span><\/h4><p class=\"nasa-title-desc\" style=\"color: #5a2169;\">SAMAZINA MATU SPROGO\u0160ANOS UN P\u016aKO\u0160ANOS<\/p><\/div>[vc_empty_space height=&#8221;20px&#8221;][vc_separator][vc_empty_space height=&#8221;20px&#8221;][vc_column_text]<strong>Produkta apraksts:<\/strong><\/p>\n<p>\u2022 <strong>Samazina matu sprogo\u0161anos<\/strong> un p\u016bko\u0161anos p\u0113c \u017e\u0101v\u0113\u0161anas ar f\u0113nu.<br \/>\n\u2022 <strong>Nov\u0113r\u0161 matu l\u016b\u0161anu l\u012bdz pat 98%<\/strong> un pie\u0161\u0137ir tiem vesel\u012bgu izskatu.<br \/>\n\u2022 Uzlabo kop\u0113jo <strong>sp\u012bdumu, vad\u0101m\u012bbu un gludumu<\/strong> pul\u0113tiem stiliem<br \/>\n\u2022 Nodro\u0161ina matiem <strong>aizsardz\u012bbu<\/strong> <strong>pret karstumu<\/strong> l\u012bdz <strong>232\u00b0C<\/strong> un <strong>paaugstin\u0101tu mitrumu<\/strong>.<br \/>\n\u2022 Unik\u0101la <strong>g\u0113la konsistence<\/strong> un FANTASTISKS \u0136IR\u0160U ZIEDU AROM\u0100TS!![\/vc_column_text][vc_empty_space height=&#8221;25px&#8221;][vc_column_text css=&#8221;.vc_custom_1641570745859{border-top-width: 1px !important;border-right-width: 1px !important;border-bottom-width: 1px !important;border-left-width: 1px !important;padding-top: 10px !important;padding-right: 10px !important;padding-bottom: 10px !important;padding-left: 10px !important;background-color: rgba(90,33,105,0.1) !important;*background-color: rgb(90,33,105) !important;border-left-color: #5a2169 !important;border-left-style: solid !important;border-right-color: #5a2169 !important;border-right-style: solid !important;border-top-color: #5a2169 !important;border-top-style: solid !important;border-bottom-color: #5a2169 !important;border-bottom-style: solid !important;border-radius: 1px !important;}&#8221;]<span style=\"color: #5a2169;\"><strong>#Guy Tang Tip:<\/strong> uzkl\u0101jiet ieveido\u0161anas e\u013c\u013cu sausiem matiem, lai t\u0101 ies\u016bktos piln\u012bb\u0101 \u2013 tad mati b\u016bs gludi un vesel\u012bgi.<\/span>[\/vc_column_text][vc_empty_space height=&#8221;35px&#8221;][vc_separator][vc_empty_space height=&#8221;20px&#8221;][vc_column_text]<strong>Lieto\u0161anas piesardz\u012bbas pas\u0101kumi:<\/strong><\/p>\n<p>BR\u012aDIN\u0100JUMS: UZLIESMOJO\u0160S. Nelietot atkl\u0101tas liesmas tuvum\u0101. Izvairieties no saskares ar ac\u012bm. Tikai \u0101r\u012bgai lieto\u0161anai. Aler\u0123iskas reakcijas gad\u012bjum\u0101, p\u0101rtraukt lieto\u0161anu un sazin\u0101ties ar medic\u012bnas darbiniekiem. Glab\u0101jiet b\u0113rniem nepieejam\u0101 viet\u0101.[\/vc_column_text][vc_empty_space height=&#8221;25px&#8221;][vc_separator][vc_empty_space height=&#8221;15px&#8221;]<div class=\"nasa-title clearfix nasa-t hr-type-none\"><h4 class=\"nasa-heading-title\"><span class=\"nasa-title-wrap\"><span style=\"color: #5a2169;\">Iesaka frizieri<\/span><\/span><\/h4><\/div>[\/vc_column][\/vc_row]<\/p>\n<\/div>","protected":false},"excerpt":{"rendered":"<h5><strong>88 ml<\/strong><\/h5>\n<p>Matu ieveido\u0161anas e\u013c\u013ca. Samazina sprogo\u0161anos un p\u016bko\u0161anos p\u0113c \u017e\u0101v\u0113\u0161anas ar f\u0113nu. Nov\u0113r\u0161 matu l\u016b\u0161anu l\u012bdz pat 98 % un aizsarg\u0101 tos pret karstumu un mitrumu l\u012bdz 24 stund\u0101m.<\/p>\n","protected":false},"featured_media":4727,"template":"","meta":[],"product_brand":[],"product_cat":[235,294],"product_tag":[],"class_list":{"0":"post-6103","1":"product","2":"type-product","3":"status-publish","4":"has-post-thumbnail","6":"product_cat-mydentity-lv","7":"product_cat-apdare-lv","9":"first","10":"instock","11":"taxable","12":"shipping-taxable","13":"purchasable","14":"product-type-simple"},"yoast_head":"<!-- This site is optimized with the Yoast SEO plugin v27.4 - https:\/\/yoast.com\/product\/yoast-seo-wordpress\/ -->\n<title>#MyHairLube ieveido\u0161anas e\u013c\u013ca - iD Color<\/title>\n<meta name=\"description\" content=\"Samazina matu sprogo\u0161anos un p\u016bko\u0161anos. Reduces breakage for healthier looking hair and provides thermal protection &amp; humidity resistance up to 24 hours.\" \/>\n<meta name=\"robots\" content=\"index, follow, max-snippet:-1, max-image-preview:large, max-video-preview:-1\" \/>\n<link rel=\"canonical\" href=\"https:\/\/idcolor.ee\/lv\/produkts\/myhairlube-ieveidosanas-ella\/\" \/>\n<meta property=\"og:locale\" content=\"lv_LV\" \/>\n<meta property=\"og:type\" content=\"article\" \/>\n<meta property=\"og:title\" content=\"#MyHairLube ieveido\u0161anas e\u013c\u013ca - iD Color\" \/>\n<meta property=\"og:description\" content=\"Samazina matu sprogo\u0161anos un p\u016bko\u0161anos. Reduces breakage for healthier looking hair and provides thermal protection &amp; humidity resistance up to 24 hours.\" \/>\n<meta property=\"og:url\" content=\"https:\/\/idcolor.ee\/lv\/produkts\/myhairlube-ieveidosanas-ella\/\" \/>\n<meta property=\"og:site_name\" content=\"iD Color\" \/>\n<meta property=\"article:modified_time\" content=\"2023-07-27T13:01:20+00:00\" \/>\n<meta property=\"og:image\" content=\"https:\/\/idcolor.ee\/wp-content\/uploads\/2022\/01\/MyHairLube_Oil.jpg\" \/>\n\t<meta property=\"og:image:width\" content=\"1080\" \/>\n\t<meta property=\"og:image:height\" content=\"1080\" \/>\n\t<meta property=\"og:image:type\" content=\"image\/jpeg\" \/>\n<meta name=\"twitter:card\" content=\"summary_large_image\" \/>\n<meta name=\"twitter:label1\" content=\"Est. reading time\" \/>\n\t<meta name=\"twitter:data1\" content=\"2 minutes\" \/>\n<script type=\"application\/ld+json\" class=\"yoast-schema-graph\">{\"@context\":\"https:\\\/\\\/schema.org\",\"@graph\":[{\"@type\":\"WebPage\",\"@id\":\"https:\\\/\\\/idcolor.ee\\\/lv\\\/produkts\\\/myhairlube-ieveidosanas-ella\\\/\",\"url\":\"https:\\\/\\\/idcolor.ee\\\/lv\\\/produkts\\\/myhairlube-ieveidosanas-ella\\\/\",\"name\":\"#MyHairLube ieveido\u0161anas e\u013c\u013ca - iD Color\",\"isPartOf\":{\"@id\":\"https:\\\/\\\/idcolor.ee\\\/lv\\\/#website\"},\"primaryImageOfPage\":{\"@id\":\"https:\\\/\\\/idcolor.ee\\\/lv\\\/produkts\\\/myhairlube-ieveidosanas-ella\\\/#primaryimage\"},\"image\":{\"@id\":\"https:\\\/\\\/idcolor.ee\\\/lv\\\/produkts\\\/myhairlube-ieveidosanas-ella\\\/#primaryimage\"},\"thumbnailUrl\":\"https:\\\/\\\/idcolor.ee\\\/wp-content\\\/uploads\\\/2022\\\/01\\\/MyHairLube_Oil.jpg\",\"datePublished\":\"2022-01-07T15:46:35+00:00\",\"dateModified\":\"2023-07-27T13:01:20+00:00\",\"description\":\"Samazina matu sprogo\u0161anos un p\u016bko\u0161anos. Reduces breakage for healthier looking hair and provides thermal protection & humidity resistance up to 24 hours.\",\"breadcrumb\":{\"@id\":\"https:\\\/\\\/idcolor.ee\\\/lv\\\/produkts\\\/myhairlube-ieveidosanas-ella\\\/#breadcrumb\"},\"inLanguage\":\"lv-LV\",\"potentialAction\":[{\"@type\":\"ReadAction\",\"target\":[\"https:\\\/\\\/idcolor.ee\\\/lv\\\/produkts\\\/myhairlube-ieveidosanas-ella\\\/\"]}]},{\"@type\":\"ImageObject\",\"inLanguage\":\"lv-LV\",\"@id\":\"https:\\\/\\\/idcolor.ee\\\/lv\\\/produkts\\\/myhairlube-ieveidosanas-ella\\\/#primaryimage\",\"url\":\"https:\\\/\\\/idcolor.ee\\\/wp-content\\\/uploads\\\/2022\\\/01\\\/MyHairLube_Oil.jpg\",\"contentUrl\":\"https:\\\/\\\/idcolor.ee\\\/wp-content\\\/uploads\\\/2022\\\/01\\\/MyHairLube_Oil.jpg\",\"width\":1080,\"height\":1080},{\"@type\":\"BreadcrumbList\",\"@id\":\"https:\\\/\\\/idcolor.ee\\\/lv\\\/produkts\\\/myhairlube-ieveidosanas-ella\\\/#breadcrumb\",\"itemListElement\":[{\"@type\":\"ListItem\",\"position\":1,\"name\":\"Home\",\"item\":\"https:\\\/\\\/idcolor.ee\\\/lv\\\/majas-lapa\\\/\"},{\"@type\":\"ListItem\",\"position\":2,\"name\":\"Shop\",\"item\":\"https:\\\/\\\/idcolor.ee\\\/lv\\\/shop-2\\\/\"},{\"@type\":\"ListItem\",\"position\":3,\"name\":\"#MyHairLube ieveido\u0161anas e\u013c\u013ca\"}]},{\"@type\":\"WebSite\",\"@id\":\"https:\\\/\\\/idcolor.ee\\\/lv\\\/#website\",\"url\":\"https:\\\/\\\/idcolor.ee\\\/lv\\\/\",\"name\":\"iD Color\",\"description\":\"Hair care products\",\"publisher\":{\"@id\":\"https:\\\/\\\/idcolor.ee\\\/lv\\\/#organization\"},\"potentialAction\":[{\"@type\":\"SearchAction\",\"target\":{\"@type\":\"EntryPoint\",\"urlTemplate\":\"https:\\\/\\\/idcolor.ee\\\/lv\\\/?s={search_term_string}\"},\"query-input\":{\"@type\":\"PropertyValueSpecification\",\"valueRequired\":true,\"valueName\":\"search_term_string\"}}],\"inLanguage\":\"lv-LV\"},{\"@type\":\"Organization\",\"@id\":\"https:\\\/\\\/idcolor.ee\\\/lv\\\/#organization\",\"name\":\"iD Color O\u00dc\",\"url\":\"https:\\\/\\\/idcolor.ee\\\/lv\\\/\",\"logo\":{\"@type\":\"ImageObject\",\"inLanguage\":\"lv-LV\",\"@id\":\"https:\\\/\\\/idcolor.ee\\\/lv\\\/#\\\/schema\\\/logo\\\/image\\\/\",\"url\":\"https:\\\/\\\/idcolor.ee\\\/wp-content\\\/uploads\\\/2022\\\/01\\\/IDColor_Logo_1000.png\",\"contentUrl\":\"https:\\\/\\\/idcolor.ee\\\/wp-content\\\/uploads\\\/2022\\\/01\\\/IDColor_Logo_1000.png\",\"width\":1001,\"height\":354,\"caption\":\"iD Color O\u00dc\"},\"image\":{\"@id\":\"https:\\\/\\\/idcolor.ee\\\/lv\\\/#\\\/schema\\\/logo\\\/image\\\/\"}}]}<\/script>\n<!-- \/ Yoast SEO plugin. -->","yoast_head_json":{"title":"#MyHairLube ieveido\u0161anas e\u013c\u013ca - iD Color","description":"Samazina matu sprogo\u0161anos un p\u016bko\u0161anos. Reduces breakage for healthier looking hair and provides thermal protection & humidity resistance up to 24 hours.","robots":{"index":"index","follow":"follow","max-snippet":"max-snippet:-1","max-image-preview":"max-image-preview:large","max-video-preview":"max-video-preview:-1"},"canonical":"https:\/\/idcolor.ee\/lv\/produkts\/myhairlube-ieveidosanas-ella\/","og_locale":"lv_LV","og_type":"article","og_title":"#MyHairLube ieveido\u0161anas e\u013c\u013ca - iD Color","og_description":"Samazina matu sprogo\u0161anos un p\u016bko\u0161anos. Reduces breakage for healthier looking hair and provides thermal protection & humidity resistance up to 24 hours.","og_url":"https:\/\/idcolor.ee\/lv\/produkts\/myhairlube-ieveidosanas-ella\/","og_site_name":"iD Color","article_modified_time":"2023-07-27T13:01:20+00:00","og_image":[{"width":1080,"height":1080,"url":"https:\/\/idcolor.ee\/wp-content\/uploads\/2022\/01\/MyHairLube_Oil.jpg","type":"image\/jpeg"}],"twitter_card":"summary_large_image","twitter_misc":{"Est. reading time":"2 minutes"},"schema":{"@context":"https:\/\/schema.org","@graph":[{"@type":"WebPage","@id":"https:\/\/idcolor.ee\/lv\/produkts\/myhairlube-ieveidosanas-ella\/","url":"https:\/\/idcolor.ee\/lv\/produkts\/myhairlube-ieveidosanas-ella\/","name":"#MyHairLube ieveido\u0161anas e\u013c\u013ca - iD Color","isPartOf":{"@id":"https:\/\/idcolor.ee\/lv\/#website"},"primaryImageOfPage":{"@id":"https:\/\/idcolor.ee\/lv\/produkts\/myhairlube-ieveidosanas-ella\/#primaryimage"},"image":{"@id":"https:\/\/idcolor.ee\/lv\/produkts\/myhairlube-ieveidosanas-ella\/#primaryimage"},"thumbnailUrl":"https:\/\/idcolor.ee\/wp-content\/uploads\/2022\/01\/MyHairLube_Oil.jpg","datePublished":"2022-01-07T15:46:35+00:00","dateModified":"2023-07-27T13:01:20+00:00","description":"Samazina matu sprogo\u0161anos un p\u016bko\u0161anos. Reduces breakage for healthier looking hair and provides thermal protection & humidity resistance up to 24 hours.","breadcrumb":{"@id":"https:\/\/idcolor.ee\/lv\/produkts\/myhairlube-ieveidosanas-ella\/#breadcrumb"},"inLanguage":"lv-LV","potentialAction":[{"@type":"ReadAction","target":["https:\/\/idcolor.ee\/lv\/produkts\/myhairlube-ieveidosanas-ella\/"]}]},{"@type":"ImageObject","inLanguage":"lv-LV","@id":"https:\/\/idcolor.ee\/lv\/produkts\/myhairlube-ieveidosanas-ella\/#primaryimage","url":"https:\/\/idcolor.ee\/wp-content\/uploads\/2022\/01\/MyHairLube_Oil.jpg","contentUrl":"https:\/\/idcolor.ee\/wp-content\/uploads\/2022\/01\/MyHairLube_Oil.jpg","width":1080,"height":1080},{"@type":"BreadcrumbList","@id":"https:\/\/idcolor.ee\/lv\/produkts\/myhairlube-ieveidosanas-ella\/#breadcrumb","itemListElement":[{"@type":"ListItem","position":1,"name":"Home","item":"https:\/\/idcolor.ee\/lv\/majas-lapa\/"},{"@type":"ListItem","position":2,"name":"Shop","item":"https:\/\/idcolor.ee\/lv\/shop-2\/"},{"@type":"ListItem","position":3,"name":"#MyHairLube ieveido\u0161anas e\u013c\u013ca"}]},{"@type":"WebSite","@id":"https:\/\/idcolor.ee\/lv\/#website","url":"https:\/\/idcolor.ee\/lv\/","name":"iD Color","description":"Hair care products","publisher":{"@id":"https:\/\/idcolor.ee\/lv\/#organization"},"potentialAction":[{"@type":"SearchAction","target":{"@type":"EntryPoint","urlTemplate":"https:\/\/idcolor.ee\/lv\/?s={search_term_string}"},"query-input":{"@type":"PropertyValueSpecification","valueRequired":true,"valueName":"search_term_string"}}],"inLanguage":"lv-LV"},{"@type":"Organization","@id":"https:\/\/idcolor.ee\/lv\/#organization","name":"iD Color O\u00dc","url":"https:\/\/idcolor.ee\/lv\/","logo":{"@type":"ImageObject","inLanguage":"lv-LV","@id":"https:\/\/idcolor.ee\/lv\/#\/schema\/logo\/image\/","url":"https:\/\/idcolor.ee\/wp-content\/uploads\/2022\/01\/IDColor_Logo_1000.png","contentUrl":"https:\/\/idcolor.ee\/wp-content\/uploads\/2022\/01\/IDColor_Logo_1000.png","width":1001,"height":354,"caption":"iD Color O\u00dc"},"image":{"@id":"https:\/\/idcolor.ee\/lv\/#\/schema\/logo\/image\/"}}]}},"_links":{"self":[{"href":"https:\/\/idcolor.ee\/lv\/wp-json\/wp\/v2\/product\/6103","targetHints":{"allow":["GET"]}}],"collection":[{"href":"https:\/\/idcolor.ee\/lv\/wp-json\/wp\/v2\/product"}],"about":[{"href":"https:\/\/idcolor.ee\/lv\/wp-json\/wp\/v2\/types\/product"}],"wp:featuredmedia":[{"embeddable":true,"href":"https:\/\/idcolor.ee\/lv\/wp-json\/wp\/v2\/media\/4727"}],"wp:attachment":[{"href":"https:\/\/idcolor.ee\/lv\/wp-json\/wp\/v2\/media?parent=6103"}],"wp:term":[{"taxonomy":"product_brand","embeddable":true,"href":"https:\/\/idcolor.ee\/lv\/wp-json\/wp\/v2\/product_brand?post=6103"},{"taxonomy":"product_cat","embeddable":true,"href":"https:\/\/idcolor.ee\/lv\/wp-json\/wp\/v2\/product_cat?post=6103"},{"taxonomy":"product_tag","embeddable":true,"href":"https:\/\/idcolor.ee\/lv\/wp-json\/wp\/v2\/product_tag?post=6103"}],"curies":[{"name":"wp","href":"https:\/\/api.w.org\/{rel}","templated":true}]}}