{"id":6104,"date":"2022-01-07T16:26:01","date_gmt":"2022-01-07T14:26:01","guid":{"rendered":"https:\/\/idcolor.ee\/product\/mycontrol-videji-stipras-fiksacijas-matu-laka\/"},"modified":"2023-07-27T16:11:55","modified_gmt":"2023-07-27T13:11:55","slug":"mycontrol-videji-stipras-fiksacijas-matu-laka","status":"publish","type":"product","link":"https:\/\/idcolor.ee\/lv\/produkts\/mycontrol-videji-stipras-fiksacijas-matu-laka\/","title":{"rendered":"#MyControl vid\u0113ji stipras fiks\u0101cijas matu laka"},"content":{"rendered":"<div class=\"wpb-content-wrapper\"><p>[vc_row][vc_column][vc_row_inner][vc_column_inner width=&#8221;1\/4&#8243; css=&#8221;.vc_custom_1643100113825{padding-right: 20% !important;}&#8221; offset=&#8221;vc_hidden-sm vc_hidden-xs&#8221;][vc_single_image image=&#8221;4771&#8243; img_size=&#8221;full&#8221;][vc_empty_space height=&#8221;20px&#8221;][\/vc_column_inner][vc_column_inner width=&#8221;3\/4&#8243; offset=&#8221;vc_hidden-lg vc_hidden-md&#8221; css=&#8221;.vc_custom_1643102057386{padding-right: 50% !important;}&#8221;][vc_single_image image=&#8221;4771&#8243; img_size=&#8221;full&#8221;][vc_empty_space height=&#8221;20px&#8221;][\/vc_column_inner][\/vc_row_inner]<div class=\"nasa-title clearfix nasa-t hr-type-none\"><h4 class=\"nasa-heading-title\"><span class=\"nasa-title-wrap\"><span style=\"color: #5a2169;\">#MyControl vid\u0113ji stipras fiks\u0101cijas matu laka | 266 ml<\/span><\/span><\/h4><p class=\"nasa-title-desc\" style=\"color: #5a2169;\">\u012aPA\u0160I SMALKI IZSMIDZIN\u0100MA<\/p><\/div>[vc_empty_space height=&#8221;20px&#8221;][vc_separator][vc_empty_space height=&#8221;20px&#8221;][vc_column_text]<strong>Produkta apraksts:<\/strong><\/p>\n<p>\u2022 <strong>\u012apa\u0161i smalki izsmidzin\u0101ma,<\/strong> <strong>labi saglab\u0101 friz\u016bras formu<\/strong>.<br \/>\n\u2022 <strong>\u0100tri iz\u017e\u016bst<\/strong>, lieliski piem\u0113rota kuplu un <strong>vair\u0101ksl\u0101\u0146u firz\u016bru veido\u0161anai<\/strong>.<br \/>\n\u2022 Pie\u0161\u0137ir <strong>matiem skaistu mirdzumu<\/strong> un rada <strong>izteiksm\u012bgus kr\u0101su atsp\u012bdumus<\/strong> fotograf\u0113jot.<br \/>\n\u2022 FANTASTISKS \u0136IR\u0160U ZIEDU AROM\u0100TS![\/vc_column_text][vc_empty_space height=&#8221;25px&#8221;][vc_column_text css=&#8221;.vc_custom_1641566312762{padding: 10px !important;background-color: rgba(90,33,105,0.1) !important;*background-color: rgb(90,33,105) !important;border: 1px solid #5a2169 !important;border-radius: 1px !important;}&#8221;]<span style=\"color: #5a2169;\"><strong>#Guy Tang Tip:<\/strong> esmu iecien\u012bjis \u0161o matu laku, jo t\u0101 iz\u017e\u016bst neticami \u0101tri un \u013cauj veidot kuplas un m\u012bkstas firz\u016bras, bet nesalipina matus, k\u0101 to dara parast\u0101s lakas.<\/span>[\/vc_column_text][vc_empty_space height=&#8221;35px&#8221;][vc_column_text]<strong>Lieto\u0161ana:<\/strong><\/p>\n<p>Izsmidziniet uz sausiem matiem no 20 cm att\u0101luma.[\/vc_column_text][vc_empty_space height=&#8221;25px&#8221;][vc_separator][vc_empty_space height=&#8221;20px&#8221;][vc_column_text]<strong>Lieto\u0161anas piesardz\u012bbas pas\u0101kumi:<\/strong><\/p>\n<p>BR\u012aDIN\u0100JUMS: VIEGLI UZLIESMOJO\u0160S. Saturs zem spiediena. Necaurdurt un nededzin\u0101t iepakojumu un neuzglab\u0101t temperat\u016br\u0101 virs 50 \u00b0C. Nelietot atkl\u0101tas liesmas vai dzirkste\u013cu tuvum\u0101. Glab\u0101jiet b\u0113rniem nepieejam\u0101 viet\u0101. Izsmidziniet labi v\u0113din\u0101m\u0101 viet\u0101. Ja uz \u0101das vai galvas \u0101das rodas nev\u0113lama reakcija, p\u0101rtrauciet lieto\u0161anu un konsult\u0113jieties ar \u0101rstu. Ja produkts nejau\u0161i iek\u013c\u016bst ac\u012bs, 15 min\u016btes skalojiet acis. Ja probl\u0113ma nep\u0101riet, konsult\u0113jieties ar \u0101rstu.[\/vc_column_text][vc_empty_space height=&#8221;25px&#8221;][vc_separator][vc_empty_space height=&#8221;15px&#8221;]<div class=\"nasa-title clearfix nasa-t hr-type-none\"><h4 class=\"nasa-heading-title\"><span class=\"nasa-title-wrap\"><span style=\"color: #5a2169;\">Iesaka frizieri<\/span><\/span><\/h4><\/div>[\/vc_column][\/vc_row]<\/p>\n<\/div>","protected":false},"excerpt":{"rendered":"<h5><strong>266 ml<\/strong><\/h5>\n<p>\u012apa\u0161i smalki izsmidzin\u0101ma, labi saglab\u0101 friz\u016bras formu. \u0100tri iz\u017e\u016bst.<\/p>\n","protected":false},"featured_media":4723,"template":"","meta":[],"product_brand":[],"product_cat":[235,294],"product_tag":[],"class_list":{"0":"post-6104","1":"product","2":"type-product","3":"status-publish","4":"has-post-thumbnail","6":"product_cat-mydentity-lv","7":"product_cat-apdare-lv","9":"first","10":"instock","11":"taxable","12":"shipping-taxable","13":"purchasable","14":"product-type-simple"},"yoast_head":"<!-- This site is optimized with the Yoast SEO plugin v27.4 - https:\/\/yoast.com\/product\/yoast-seo-wordpress\/ -->\n<title>#MyControl vid\u0113ji stipras fiks\u0101cijas matu laka - iD Color<\/title>\n<meta name=\"description\" content=\"\u012apa\u0161i smalki izsmidzin\u0101ma, labi saglab\u0101 friz\u016bras formu. \u0100tri iz\u017e\u016bst.\" \/>\n<meta name=\"robots\" content=\"index, follow, max-snippet:-1, max-image-preview:large, max-video-preview:-1\" \/>\n<link rel=\"canonical\" href=\"https:\/\/idcolor.ee\/lv\/produkts\/mycontrol-videji-stipras-fiksacijas-matu-laka\/\" \/>\n<meta property=\"og:locale\" content=\"lv_LV\" \/>\n<meta property=\"og:type\" content=\"article\" \/>\n<meta property=\"og:title\" content=\"#MyControl vid\u0113ji stipras fiks\u0101cijas matu laka - iD Color\" \/>\n<meta property=\"og:description\" content=\"\u012apa\u0161i smalki izsmidzin\u0101ma, labi saglab\u0101 friz\u016bras formu. \u0100tri iz\u017e\u016bst.\" \/>\n<meta property=\"og:url\" content=\"https:\/\/idcolor.ee\/lv\/produkts\/mycontrol-videji-stipras-fiksacijas-matu-laka\/\" \/>\n<meta property=\"og:site_name\" content=\"iD Color\" \/>\n<meta property=\"article:modified_time\" content=\"2023-07-27T13:11:55+00:00\" \/>\n<meta property=\"og:image\" content=\"https:\/\/idcolor.ee\/wp-content\/uploads\/2022\/01\/MyControl_Spray.jpg\" \/>\n\t<meta property=\"og:image:width\" content=\"1080\" \/>\n\t<meta property=\"og:image:height\" content=\"1080\" \/>\n\t<meta property=\"og:image:type\" content=\"image\/jpeg\" \/>\n<meta name=\"twitter:card\" content=\"summary_large_image\" \/>\n<meta name=\"twitter:label1\" content=\"Est. reading time\" \/>\n\t<meta name=\"twitter:data1\" content=\"2 minutes\" \/>\n<script type=\"application\/ld+json\" class=\"yoast-schema-graph\">{\"@context\":\"https:\\\/\\\/schema.org\",\"@graph\":[{\"@type\":\"WebPage\",\"@id\":\"https:\\\/\\\/idcolor.ee\\\/lv\\\/produkts\\\/mycontrol-videji-stipras-fiksacijas-matu-laka\\\/\",\"url\":\"https:\\\/\\\/idcolor.ee\\\/lv\\\/produkts\\\/mycontrol-videji-stipras-fiksacijas-matu-laka\\\/\",\"name\":\"#MyControl vid\u0113ji stipras fiks\u0101cijas matu laka - iD Color\",\"isPartOf\":{\"@id\":\"https:\\\/\\\/idcolor.ee\\\/lv\\\/#website\"},\"primaryImageOfPage\":{\"@id\":\"https:\\\/\\\/idcolor.ee\\\/lv\\\/produkts\\\/mycontrol-videji-stipras-fiksacijas-matu-laka\\\/#primaryimage\"},\"image\":{\"@id\":\"https:\\\/\\\/idcolor.ee\\\/lv\\\/produkts\\\/mycontrol-videji-stipras-fiksacijas-matu-laka\\\/#primaryimage\"},\"thumbnailUrl\":\"https:\\\/\\\/idcolor.ee\\\/wp-content\\\/uploads\\\/2022\\\/01\\\/MyControl_Spray.jpg\",\"datePublished\":\"2022-01-07T14:26:01+00:00\",\"dateModified\":\"2023-07-27T13:11:55+00:00\",\"description\":\"\u012apa\u0161i smalki izsmidzin\u0101ma, labi saglab\u0101 friz\u016bras formu. \u0100tri iz\u017e\u016bst.\",\"breadcrumb\":{\"@id\":\"https:\\\/\\\/idcolor.ee\\\/lv\\\/produkts\\\/mycontrol-videji-stipras-fiksacijas-matu-laka\\\/#breadcrumb\"},\"inLanguage\":\"lv-LV\",\"potentialAction\":[{\"@type\":\"ReadAction\",\"target\":[\"https:\\\/\\\/idcolor.ee\\\/lv\\\/produkts\\\/mycontrol-videji-stipras-fiksacijas-matu-laka\\\/\"]}]},{\"@type\":\"ImageObject\",\"inLanguage\":\"lv-LV\",\"@id\":\"https:\\\/\\\/idcolor.ee\\\/lv\\\/produkts\\\/mycontrol-videji-stipras-fiksacijas-matu-laka\\\/#primaryimage\",\"url\":\"https:\\\/\\\/idcolor.ee\\\/wp-content\\\/uploads\\\/2022\\\/01\\\/MyControl_Spray.jpg\",\"contentUrl\":\"https:\\\/\\\/idcolor.ee\\\/wp-content\\\/uploads\\\/2022\\\/01\\\/MyControl_Spray.jpg\",\"width\":1080,\"height\":1080},{\"@type\":\"BreadcrumbList\",\"@id\":\"https:\\\/\\\/idcolor.ee\\\/lv\\\/produkts\\\/mycontrol-videji-stipras-fiksacijas-matu-laka\\\/#breadcrumb\",\"itemListElement\":[{\"@type\":\"ListItem\",\"position\":1,\"name\":\"Home\",\"item\":\"https:\\\/\\\/idcolor.ee\\\/lv\\\/majas-lapa\\\/\"},{\"@type\":\"ListItem\",\"position\":2,\"name\":\"Shop\",\"item\":\"https:\\\/\\\/idcolor.ee\\\/lv\\\/shop-2\\\/\"},{\"@type\":\"ListItem\",\"position\":3,\"name\":\"#MyControl vid\u0113ji stipras fiks\u0101cijas matu laka\"}]},{\"@type\":\"WebSite\",\"@id\":\"https:\\\/\\\/idcolor.ee\\\/lv\\\/#website\",\"url\":\"https:\\\/\\\/idcolor.ee\\\/lv\\\/\",\"name\":\"iD Color\",\"description\":\"Hair care products\",\"publisher\":{\"@id\":\"https:\\\/\\\/idcolor.ee\\\/lv\\\/#organization\"},\"potentialAction\":[{\"@type\":\"SearchAction\",\"target\":{\"@type\":\"EntryPoint\",\"urlTemplate\":\"https:\\\/\\\/idcolor.ee\\\/lv\\\/?s={search_term_string}\"},\"query-input\":{\"@type\":\"PropertyValueSpecification\",\"valueRequired\":true,\"valueName\":\"search_term_string\"}}],\"inLanguage\":\"lv-LV\"},{\"@type\":\"Organization\",\"@id\":\"https:\\\/\\\/idcolor.ee\\\/lv\\\/#organization\",\"name\":\"iD Color O\u00dc\",\"url\":\"https:\\\/\\\/idcolor.ee\\\/lv\\\/\",\"logo\":{\"@type\":\"ImageObject\",\"inLanguage\":\"lv-LV\",\"@id\":\"https:\\\/\\\/idcolor.ee\\\/lv\\\/#\\\/schema\\\/logo\\\/image\\\/\",\"url\":\"https:\\\/\\\/idcolor.ee\\\/wp-content\\\/uploads\\\/2022\\\/01\\\/IDColor_Logo_1000.png\",\"contentUrl\":\"https:\\\/\\\/idcolor.ee\\\/wp-content\\\/uploads\\\/2022\\\/01\\\/IDColor_Logo_1000.png\",\"width\":1001,\"height\":354,\"caption\":\"iD Color O\u00dc\"},\"image\":{\"@id\":\"https:\\\/\\\/idcolor.ee\\\/lv\\\/#\\\/schema\\\/logo\\\/image\\\/\"}}]}<\/script>\n<!-- \/ Yoast SEO plugin. -->","yoast_head_json":{"title":"#MyControl vid\u0113ji stipras fiks\u0101cijas matu laka - iD Color","description":"\u012apa\u0161i smalki izsmidzin\u0101ma, labi saglab\u0101 friz\u016bras formu. \u0100tri iz\u017e\u016bst.","robots":{"index":"index","follow":"follow","max-snippet":"max-snippet:-1","max-image-preview":"max-image-preview:large","max-video-preview":"max-video-preview:-1"},"canonical":"https:\/\/idcolor.ee\/lv\/produkts\/mycontrol-videji-stipras-fiksacijas-matu-laka\/","og_locale":"lv_LV","og_type":"article","og_title":"#MyControl vid\u0113ji stipras fiks\u0101cijas matu laka - iD Color","og_description":"\u012apa\u0161i smalki izsmidzin\u0101ma, labi saglab\u0101 friz\u016bras formu. \u0100tri iz\u017e\u016bst.","og_url":"https:\/\/idcolor.ee\/lv\/produkts\/mycontrol-videji-stipras-fiksacijas-matu-laka\/","og_site_name":"iD Color","article_modified_time":"2023-07-27T13:11:55+00:00","og_image":[{"width":1080,"height":1080,"url":"https:\/\/idcolor.ee\/wp-content\/uploads\/2022\/01\/MyControl_Spray.jpg","type":"image\/jpeg"}],"twitter_card":"summary_large_image","twitter_misc":{"Est. reading time":"2 minutes"},"schema":{"@context":"https:\/\/schema.org","@graph":[{"@type":"WebPage","@id":"https:\/\/idcolor.ee\/lv\/produkts\/mycontrol-videji-stipras-fiksacijas-matu-laka\/","url":"https:\/\/idcolor.ee\/lv\/produkts\/mycontrol-videji-stipras-fiksacijas-matu-laka\/","name":"#MyControl vid\u0113ji stipras fiks\u0101cijas matu laka - iD Color","isPartOf":{"@id":"https:\/\/idcolor.ee\/lv\/#website"},"primaryImageOfPage":{"@id":"https:\/\/idcolor.ee\/lv\/produkts\/mycontrol-videji-stipras-fiksacijas-matu-laka\/#primaryimage"},"image":{"@id":"https:\/\/idcolor.ee\/lv\/produkts\/mycontrol-videji-stipras-fiksacijas-matu-laka\/#primaryimage"},"thumbnailUrl":"https:\/\/idcolor.ee\/wp-content\/uploads\/2022\/01\/MyControl_Spray.jpg","datePublished":"2022-01-07T14:26:01+00:00","dateModified":"2023-07-27T13:11:55+00:00","description":"\u012apa\u0161i smalki izsmidzin\u0101ma, labi saglab\u0101 friz\u016bras formu. \u0100tri iz\u017e\u016bst.","breadcrumb":{"@id":"https:\/\/idcolor.ee\/lv\/produkts\/mycontrol-videji-stipras-fiksacijas-matu-laka\/#breadcrumb"},"inLanguage":"lv-LV","potentialAction":[{"@type":"ReadAction","target":["https:\/\/idcolor.ee\/lv\/produkts\/mycontrol-videji-stipras-fiksacijas-matu-laka\/"]}]},{"@type":"ImageObject","inLanguage":"lv-LV","@id":"https:\/\/idcolor.ee\/lv\/produkts\/mycontrol-videji-stipras-fiksacijas-matu-laka\/#primaryimage","url":"https:\/\/idcolor.ee\/wp-content\/uploads\/2022\/01\/MyControl_Spray.jpg","contentUrl":"https:\/\/idcolor.ee\/wp-content\/uploads\/2022\/01\/MyControl_Spray.jpg","width":1080,"height":1080},{"@type":"BreadcrumbList","@id":"https:\/\/idcolor.ee\/lv\/produkts\/mycontrol-videji-stipras-fiksacijas-matu-laka\/#breadcrumb","itemListElement":[{"@type":"ListItem","position":1,"name":"Home","item":"https:\/\/idcolor.ee\/lv\/majas-lapa\/"},{"@type":"ListItem","position":2,"name":"Shop","item":"https:\/\/idcolor.ee\/lv\/shop-2\/"},{"@type":"ListItem","position":3,"name":"#MyControl vid\u0113ji stipras fiks\u0101cijas matu laka"}]},{"@type":"WebSite","@id":"https:\/\/idcolor.ee\/lv\/#website","url":"https:\/\/idcolor.ee\/lv\/","name":"iD Color","description":"Hair care products","publisher":{"@id":"https:\/\/idcolor.ee\/lv\/#organization"},"potentialAction":[{"@type":"SearchAction","target":{"@type":"EntryPoint","urlTemplate":"https:\/\/idcolor.ee\/lv\/?s={search_term_string}"},"query-input":{"@type":"PropertyValueSpecification","valueRequired":true,"valueName":"search_term_string"}}],"inLanguage":"lv-LV"},{"@type":"Organization","@id":"https:\/\/idcolor.ee\/lv\/#organization","name":"iD Color O\u00dc","url":"https:\/\/idcolor.ee\/lv\/","logo":{"@type":"ImageObject","inLanguage":"lv-LV","@id":"https:\/\/idcolor.ee\/lv\/#\/schema\/logo\/image\/","url":"https:\/\/idcolor.ee\/wp-content\/uploads\/2022\/01\/IDColor_Logo_1000.png","contentUrl":"https:\/\/idcolor.ee\/wp-content\/uploads\/2022\/01\/IDColor_Logo_1000.png","width":1001,"height":354,"caption":"iD Color O\u00dc"},"image":{"@id":"https:\/\/idcolor.ee\/lv\/#\/schema\/logo\/image\/"}}]}},"_links":{"self":[{"href":"https:\/\/idcolor.ee\/lv\/wp-json\/wp\/v2\/product\/6104","targetHints":{"allow":["GET"]}}],"collection":[{"href":"https:\/\/idcolor.ee\/lv\/wp-json\/wp\/v2\/product"}],"about":[{"href":"https:\/\/idcolor.ee\/lv\/wp-json\/wp\/v2\/types\/product"}],"wp:featuredmedia":[{"embeddable":true,"href":"https:\/\/idcolor.ee\/lv\/wp-json\/wp\/v2\/media\/4723"}],"wp:attachment":[{"href":"https:\/\/idcolor.ee\/lv\/wp-json\/wp\/v2\/media?parent=6104"}],"wp:term":[{"taxonomy":"product_brand","embeddable":true,"href":"https:\/\/idcolor.ee\/lv\/wp-json\/wp\/v2\/product_brand?post=6104"},{"taxonomy":"product_cat","embeddable":true,"href":"https:\/\/idcolor.ee\/lv\/wp-json\/wp\/v2\/product_cat?post=6104"},{"taxonomy":"product_tag","embeddable":true,"href":"https:\/\/idcolor.ee\/lv\/wp-json\/wp\/v2\/product_tag?post=6104"}],"curies":[{"name":"wp","href":"https:\/\/api.w.org\/{rel}","templated":true}]}}