{"id":6106,"date":"2023-04-20T17:28:33","date_gmt":"2023-04-20T14:28:33","guid":{"rendered":"https:\/\/idcolor.ee\/product\/myhero-x2-kolagena-bojajumu-noversana\/"},"modified":"2023-11-01T00:57:27","modified_gmt":"2023-10-31T22:57:27","slug":"myhero-x2-kolagena-bojajumu-noversana","status":"publish","type":"product","link":"https:\/\/idcolor.ee\/lv\/produkts\/myhero-x2-kolagena-bojajumu-noversana\/","title":{"rendered":"#MyHero X2 kolag\u0113na boj\u0101jumu nov\u0113r\u0161ana"},"content":{"rendered":"<div class=\"wpb-content-wrapper\"><p>[vc_row][vc_column][vc_row_inner][vc_column_inner width=&#8221;1\/4&#8243; css=&#8221;.vc_custom_1643100113825{padding-right: 20% !important;}&#8221; offset=&#8221;vc_hidden-sm vc_hidden-xs&#8221;][vc_single_image image=&#8221;4771&#8243; img_size=&#8221;full&#8221;][vc_empty_space height=&#8221;20px&#8221;][\/vc_column_inner][vc_column_inner width=&#8221;3\/4&#8243; offset=&#8221;vc_hidden-lg vc_hidden-md&#8221; css=&#8221;.vc_custom_1643102057386{padding-right: 50% !important;}&#8221;][vc_single_image image=&#8221;4771&#8243; img_size=&#8221;full&#8221;][vc_empty_space height=&#8221;20px&#8221;][\/vc_column_inner][\/vc_row_inner]<div class=\"nasa-title clearfix nasa-t hr-type-none\"><h4 class=\"nasa-heading-title\"><span class=\"nasa-title-wrap\"><span style=\"color: #5a2169;\">#MyHero X2 kolag\u0113na boj\u0101jumu nov\u0113r\u0161ana | 414 ml<\/span><\/span><\/h4><p class=\"nasa-title-desc\" style=\"color: #5a2169;\">KUTIKULU NOGLUDINO\u0160A UN MATUS M\u012aKSTINO\u0160A PROCED\u016aRA<\/p><\/div>[vc_empty_space height=&#8221;20px&#8221;][vc_separator][vc_empty_space height=&#8221;20px&#8221;][vc_row_inner][vc_column_inner width=&#8221;3\/4&#8243;][vc_column_text]<strong>Produkta apraksts:<\/strong><\/p>\n<p>#MyHero X2 var izmantot m\u0101jas apst\u0101k\u013cos 1\u20133 reizes ned\u0113\u013c\u0101, lai v\u0113l vair\u0101k stiprin\u0101tu un atjaunotu matus starp viz\u012bt\u0113m pie friziera.<\/p>\n<ul>\n<li>Sagatavo un rada b\u0101zi matu kutikulas izveidei, radot labv\u0113l\u012bgus apst\u0101k\u013cus turpm\u0101kai apstr\u0101dei vai veido\u0161anas produktu uzkl\u0101\u0161anai.<\/li>\n<li>L\u012bdzsvaro pH l\u012bmeni matu iek\u0161pus\u0113 \u2013 ide\u0101li piem\u0113rots nov\u0101jin\u0101tiem, kr\u0101sotiem matiem.<\/li>\n<li>Viegli ies\u016bcas matos.<\/li>\n<li>Nok\u013c\u016bst tikai boj\u0101taj\u0101s zon\u0101s un nepadara matus smagus.<\/li>\n<li>Ide\u0101li piem\u0113rots visiem matu tipiem un tekst\u016br\u0101m.<\/li>\n<\/ul>\n<p>[\/vc_column_text][vc_empty_space height=&#8221;25px&#8221;][vc_separator align=&#8221;align_left&#8221; el_width=&#8221;10&#8243;][vc_empty_space height=&#8221;20px&#8221;][vc_column_text]<strong>Lieto\u0161ana:<\/strong><\/p>\n<div class=\"wpb_text_column wpb_content_element\">1\u20133 reizes ned\u0113\u013c\u0101. Zmazg\u0101jiet matus ar #MyConfidant Shampoo un izskalojiet tos. Uzkl\u0101jiet #MyHero X2 uz mitriem matiem, atst\u0101jiet uz 1-5 min\u016bt\u0113m un tad r\u016bp\u012bgi izskalojiet. P\u0113c tam uzkl\u0101jiet #MyConfidant Conditioner.<\/div>\n<p>[\/vc_column_text][\/vc_column_inner][vc_column_inner width=&#8221;1\/4&#8243; offset=&#8221;vc_hidden-sm vc_hidden-xs&#8221;][vc_single_image image=&#8221;5953&#8243; img_size=&#8221;full&#8221;][\/vc_column_inner][\/vc_row_inner][vc_empty_space height=&#8221;35px&#8221;][vc_separator][vc_empty_space height=&#8221;20px&#8221;][vc_column_text]<strong>Lieto\u0161anas piesardz\u012bbas pas\u0101kumi:<\/strong><\/p>\n<div class=\"wpb_text_column wpb_content_element\">\n<p>Izvairieties no saskares ar ac\u012bm. Tikai \u0101r\u012bgai lieto\u0161anai. Nev\u0113lamas reakcijas gad\u012bjum\u0101 p\u0101rtrauciet lieto\u0161anu un nekav\u0113joties sazinieties ar \u0101rstu. Glab\u0101jiet b\u0113rniem nepieejam\u0101 viet\u0101.<\/p>\n<\/div>\n<p>[\/vc_column_text][vc_empty_space height=&#8221;25px&#8221;][vc_separator][vc_empty_space height=&#8221;15px&#8221;]<div class=\"nasa-title clearfix nasa-t hr-type-none\"><h4 class=\"nasa-heading-title\"><span class=\"nasa-title-wrap\"><span style=\"color: #5a2169;\">Iesaka frizieri<\/span><\/span><\/h4><\/div>[\/vc_column][\/vc_row]<\/p>\n<\/div>","protected":false},"excerpt":{"rendered":"<h5><strong>414 ml<\/strong><\/h5>\n<p>Sagatavo un rada b\u0101zi matu kutikulas izveidei, radot labv\u0113l\u012bgus apst\u0101k\u013cus turpm\u0101kai apstr\u0101dei vai veido\u0161anas produktu uzkl\u0101\u0161anai. L\u012bdzsvaro pH l\u012bmeni matu iek\u0161pus\u0113 \u2013 ide\u0101li piem\u0113rots nov\u0101jin\u0101tiem, kr\u0101sotiem matiem.<\/p>\n","protected":false},"featured_media":5958,"template":"","meta":[],"product_brand":[],"product_cat":[235,293],"product_tag":[],"class_list":{"0":"post-6106","1":"product","2":"type-product","3":"status-publish","4":"has-post-thumbnail","6":"product_cat-mydentity-lv","7":"product_cat-kondicionieris-lv","9":"first","10":"instock","11":"taxable","12":"shipping-taxable","13":"purchasable","14":"product-type-simple"},"yoast_head":"<!-- This site is optimized with the Yoast SEO plugin v27.4 - https:\/\/yoast.com\/product\/yoast-seo-wordpress\/ -->\n<title>#MyHero X2 kolag\u0113na boj\u0101jumu nov\u0113r\u0161ana - iD Color<\/title>\n<meta name=\"description\" content=\"L\u012bdzsvaro pH l\u012bmeni matu iek\u0161pus\u0113 \u2013 ide\u0101li piem\u0113rots nov\u0101jin\u0101tiem, kr\u0101sotiem matiem.\" \/>\n<meta name=\"robots\" content=\"index, follow, max-snippet:-1, max-image-preview:large, max-video-preview:-1\" \/>\n<link rel=\"canonical\" href=\"https:\/\/idcolor.ee\/lv\/produkts\/myhero-x2-kolagena-bojajumu-noversana\/\" \/>\n<meta property=\"og:locale\" content=\"lv_LV\" \/>\n<meta property=\"og:type\" content=\"article\" \/>\n<meta property=\"og:title\" content=\"#MyHero X2 kolag\u0113na boj\u0101jumu nov\u0113r\u0161ana - iD Color\" \/>\n<meta property=\"og:description\" content=\"L\u012bdzsvaro pH l\u012bmeni matu iek\u0161pus\u0113 \u2013 ide\u0101li piem\u0113rots nov\u0101jin\u0101tiem, kr\u0101sotiem matiem.\" \/>\n<meta property=\"og:url\" content=\"https:\/\/idcolor.ee\/lv\/produkts\/myhero-x2-kolagena-bojajumu-noversana\/\" \/>\n<meta property=\"og:site_name\" content=\"iD Color\" \/>\n<meta property=\"article:modified_time\" content=\"2023-10-31T22:57:27+00:00\" \/>\n<meta property=\"og:image\" content=\"https:\/\/idcolor.ee\/wp-content\/uploads\/2023\/04\/MyHero_X2.jpg\" \/>\n\t<meta property=\"og:image:width\" content=\"1080\" \/>\n\t<meta property=\"og:image:height\" content=\"1080\" \/>\n\t<meta property=\"og:image:type\" content=\"image\/jpeg\" \/>\n<meta name=\"twitter:card\" content=\"summary_large_image\" \/>\n<meta name=\"twitter:label1\" content=\"Est. reading time\" \/>\n\t<meta name=\"twitter:data1\" content=\"2 minutes\" \/>\n<script type=\"application\/ld+json\" class=\"yoast-schema-graph\">{\"@context\":\"https:\\\/\\\/schema.org\",\"@graph\":[{\"@type\":\"WebPage\",\"@id\":\"https:\\\/\\\/idcolor.ee\\\/lv\\\/produkts\\\/myhero-x2-kolagena-bojajumu-noversana\\\/\",\"url\":\"https:\\\/\\\/idcolor.ee\\\/lv\\\/produkts\\\/myhero-x2-kolagena-bojajumu-noversana\\\/\",\"name\":\"#MyHero X2 kolag\u0113na boj\u0101jumu nov\u0113r\u0161ana - iD Color\",\"isPartOf\":{\"@id\":\"https:\\\/\\\/idcolor.ee\\\/lv\\\/#website\"},\"primaryImageOfPage\":{\"@id\":\"https:\\\/\\\/idcolor.ee\\\/lv\\\/produkts\\\/myhero-x2-kolagena-bojajumu-noversana\\\/#primaryimage\"},\"image\":{\"@id\":\"https:\\\/\\\/idcolor.ee\\\/lv\\\/produkts\\\/myhero-x2-kolagena-bojajumu-noversana\\\/#primaryimage\"},\"thumbnailUrl\":\"https:\\\/\\\/idcolor.ee\\\/wp-content\\\/uploads\\\/2023\\\/04\\\/MyHero_X2.jpg\",\"datePublished\":\"2023-04-20T14:28:33+00:00\",\"dateModified\":\"2023-10-31T22:57:27+00:00\",\"description\":\"L\u012bdzsvaro pH l\u012bmeni matu iek\u0161pus\u0113 \u2013 ide\u0101li piem\u0113rots nov\u0101jin\u0101tiem, kr\u0101sotiem matiem.\",\"breadcrumb\":{\"@id\":\"https:\\\/\\\/idcolor.ee\\\/lv\\\/produkts\\\/myhero-x2-kolagena-bojajumu-noversana\\\/#breadcrumb\"},\"inLanguage\":\"lv-LV\",\"potentialAction\":[{\"@type\":\"ReadAction\",\"target\":[\"https:\\\/\\\/idcolor.ee\\\/lv\\\/produkts\\\/myhero-x2-kolagena-bojajumu-noversana\\\/\"]}]},{\"@type\":\"ImageObject\",\"inLanguage\":\"lv-LV\",\"@id\":\"https:\\\/\\\/idcolor.ee\\\/lv\\\/produkts\\\/myhero-x2-kolagena-bojajumu-noversana\\\/#primaryimage\",\"url\":\"https:\\\/\\\/idcolor.ee\\\/wp-content\\\/uploads\\\/2023\\\/04\\\/MyHero_X2.jpg\",\"contentUrl\":\"https:\\\/\\\/idcolor.ee\\\/wp-content\\\/uploads\\\/2023\\\/04\\\/MyHero_X2.jpg\",\"width\":1080,\"height\":1080},{\"@type\":\"BreadcrumbList\",\"@id\":\"https:\\\/\\\/idcolor.ee\\\/lv\\\/produkts\\\/myhero-x2-kolagena-bojajumu-noversana\\\/#breadcrumb\",\"itemListElement\":[{\"@type\":\"ListItem\",\"position\":1,\"name\":\"Home\",\"item\":\"https:\\\/\\\/idcolor.ee\\\/lv\\\/majas-lapa\\\/\"},{\"@type\":\"ListItem\",\"position\":2,\"name\":\"Shop\",\"item\":\"https:\\\/\\\/idcolor.ee\\\/lv\\\/shop-2\\\/\"},{\"@type\":\"ListItem\",\"position\":3,\"name\":\"#MyHero X2 kolag\u0113na boj\u0101jumu nov\u0113r\u0161ana\"}]},{\"@type\":\"WebSite\",\"@id\":\"https:\\\/\\\/idcolor.ee\\\/lv\\\/#website\",\"url\":\"https:\\\/\\\/idcolor.ee\\\/lv\\\/\",\"name\":\"iD Color\",\"description\":\"Hair care products\",\"publisher\":{\"@id\":\"https:\\\/\\\/idcolor.ee\\\/lv\\\/#organization\"},\"potentialAction\":[{\"@type\":\"SearchAction\",\"target\":{\"@type\":\"EntryPoint\",\"urlTemplate\":\"https:\\\/\\\/idcolor.ee\\\/lv\\\/?s={search_term_string}\"},\"query-input\":{\"@type\":\"PropertyValueSpecification\",\"valueRequired\":true,\"valueName\":\"search_term_string\"}}],\"inLanguage\":\"lv-LV\"},{\"@type\":\"Organization\",\"@id\":\"https:\\\/\\\/idcolor.ee\\\/lv\\\/#organization\",\"name\":\"iD Color O\u00dc\",\"url\":\"https:\\\/\\\/idcolor.ee\\\/lv\\\/\",\"logo\":{\"@type\":\"ImageObject\",\"inLanguage\":\"lv-LV\",\"@id\":\"https:\\\/\\\/idcolor.ee\\\/lv\\\/#\\\/schema\\\/logo\\\/image\\\/\",\"url\":\"https:\\\/\\\/idcolor.ee\\\/wp-content\\\/uploads\\\/2022\\\/01\\\/IDColor_Logo_1000.png\",\"contentUrl\":\"https:\\\/\\\/idcolor.ee\\\/wp-content\\\/uploads\\\/2022\\\/01\\\/IDColor_Logo_1000.png\",\"width\":1001,\"height\":354,\"caption\":\"iD Color O\u00dc\"},\"image\":{\"@id\":\"https:\\\/\\\/idcolor.ee\\\/lv\\\/#\\\/schema\\\/logo\\\/image\\\/\"}}]}<\/script>\n<!-- \/ Yoast SEO plugin. -->","yoast_head_json":{"title":"#MyHero X2 kolag\u0113na boj\u0101jumu nov\u0113r\u0161ana - iD Color","description":"L\u012bdzsvaro pH l\u012bmeni matu iek\u0161pus\u0113 \u2013 ide\u0101li piem\u0113rots nov\u0101jin\u0101tiem, kr\u0101sotiem matiem.","robots":{"index":"index","follow":"follow","max-snippet":"max-snippet:-1","max-image-preview":"max-image-preview:large","max-video-preview":"max-video-preview:-1"},"canonical":"https:\/\/idcolor.ee\/lv\/produkts\/myhero-x2-kolagena-bojajumu-noversana\/","og_locale":"lv_LV","og_type":"article","og_title":"#MyHero X2 kolag\u0113na boj\u0101jumu nov\u0113r\u0161ana - iD Color","og_description":"L\u012bdzsvaro pH l\u012bmeni matu iek\u0161pus\u0113 \u2013 ide\u0101li piem\u0113rots nov\u0101jin\u0101tiem, kr\u0101sotiem matiem.","og_url":"https:\/\/idcolor.ee\/lv\/produkts\/myhero-x2-kolagena-bojajumu-noversana\/","og_site_name":"iD Color","article_modified_time":"2023-10-31T22:57:27+00:00","og_image":[{"width":1080,"height":1080,"url":"https:\/\/idcolor.ee\/wp-content\/uploads\/2023\/04\/MyHero_X2.jpg","type":"image\/jpeg"}],"twitter_card":"summary_large_image","twitter_misc":{"Est. reading time":"2 minutes"},"schema":{"@context":"https:\/\/schema.org","@graph":[{"@type":"WebPage","@id":"https:\/\/idcolor.ee\/lv\/produkts\/myhero-x2-kolagena-bojajumu-noversana\/","url":"https:\/\/idcolor.ee\/lv\/produkts\/myhero-x2-kolagena-bojajumu-noversana\/","name":"#MyHero X2 kolag\u0113na boj\u0101jumu nov\u0113r\u0161ana - iD Color","isPartOf":{"@id":"https:\/\/idcolor.ee\/lv\/#website"},"primaryImageOfPage":{"@id":"https:\/\/idcolor.ee\/lv\/produkts\/myhero-x2-kolagena-bojajumu-noversana\/#primaryimage"},"image":{"@id":"https:\/\/idcolor.ee\/lv\/produkts\/myhero-x2-kolagena-bojajumu-noversana\/#primaryimage"},"thumbnailUrl":"https:\/\/idcolor.ee\/wp-content\/uploads\/2023\/04\/MyHero_X2.jpg","datePublished":"2023-04-20T14:28:33+00:00","dateModified":"2023-10-31T22:57:27+00:00","description":"L\u012bdzsvaro pH l\u012bmeni matu iek\u0161pus\u0113 \u2013 ide\u0101li piem\u0113rots nov\u0101jin\u0101tiem, kr\u0101sotiem matiem.","breadcrumb":{"@id":"https:\/\/idcolor.ee\/lv\/produkts\/myhero-x2-kolagena-bojajumu-noversana\/#breadcrumb"},"inLanguage":"lv-LV","potentialAction":[{"@type":"ReadAction","target":["https:\/\/idcolor.ee\/lv\/produkts\/myhero-x2-kolagena-bojajumu-noversana\/"]}]},{"@type":"ImageObject","inLanguage":"lv-LV","@id":"https:\/\/idcolor.ee\/lv\/produkts\/myhero-x2-kolagena-bojajumu-noversana\/#primaryimage","url":"https:\/\/idcolor.ee\/wp-content\/uploads\/2023\/04\/MyHero_X2.jpg","contentUrl":"https:\/\/idcolor.ee\/wp-content\/uploads\/2023\/04\/MyHero_X2.jpg","width":1080,"height":1080},{"@type":"BreadcrumbList","@id":"https:\/\/idcolor.ee\/lv\/produkts\/myhero-x2-kolagena-bojajumu-noversana\/#breadcrumb","itemListElement":[{"@type":"ListItem","position":1,"name":"Home","item":"https:\/\/idcolor.ee\/lv\/majas-lapa\/"},{"@type":"ListItem","position":2,"name":"Shop","item":"https:\/\/idcolor.ee\/lv\/shop-2\/"},{"@type":"ListItem","position":3,"name":"#MyHero X2 kolag\u0113na boj\u0101jumu nov\u0113r\u0161ana"}]},{"@type":"WebSite","@id":"https:\/\/idcolor.ee\/lv\/#website","url":"https:\/\/idcolor.ee\/lv\/","name":"iD Color","description":"Hair care products","publisher":{"@id":"https:\/\/idcolor.ee\/lv\/#organization"},"potentialAction":[{"@type":"SearchAction","target":{"@type":"EntryPoint","urlTemplate":"https:\/\/idcolor.ee\/lv\/?s={search_term_string}"},"query-input":{"@type":"PropertyValueSpecification","valueRequired":true,"valueName":"search_term_string"}}],"inLanguage":"lv-LV"},{"@type":"Organization","@id":"https:\/\/idcolor.ee\/lv\/#organization","name":"iD Color O\u00dc","url":"https:\/\/idcolor.ee\/lv\/","logo":{"@type":"ImageObject","inLanguage":"lv-LV","@id":"https:\/\/idcolor.ee\/lv\/#\/schema\/logo\/image\/","url":"https:\/\/idcolor.ee\/wp-content\/uploads\/2022\/01\/IDColor_Logo_1000.png","contentUrl":"https:\/\/idcolor.ee\/wp-content\/uploads\/2022\/01\/IDColor_Logo_1000.png","width":1001,"height":354,"caption":"iD Color O\u00dc"},"image":{"@id":"https:\/\/idcolor.ee\/lv\/#\/schema\/logo\/image\/"}}]}},"_links":{"self":[{"href":"https:\/\/idcolor.ee\/lv\/wp-json\/wp\/v2\/product\/6106","targetHints":{"allow":["GET"]}}],"collection":[{"href":"https:\/\/idcolor.ee\/lv\/wp-json\/wp\/v2\/product"}],"about":[{"href":"https:\/\/idcolor.ee\/lv\/wp-json\/wp\/v2\/types\/product"}],"wp:featuredmedia":[{"embeddable":true,"href":"https:\/\/idcolor.ee\/lv\/wp-json\/wp\/v2\/media\/5958"}],"wp:attachment":[{"href":"https:\/\/idcolor.ee\/lv\/wp-json\/wp\/v2\/media?parent=6106"}],"wp:term":[{"taxonomy":"product_brand","embeddable":true,"href":"https:\/\/idcolor.ee\/lv\/wp-json\/wp\/v2\/product_brand?post=6106"},{"taxonomy":"product_cat","embeddable":true,"href":"https:\/\/idcolor.ee\/lv\/wp-json\/wp\/v2\/product_cat?post=6106"},{"taxonomy":"product_tag","embeddable":true,"href":"https:\/\/idcolor.ee\/lv\/wp-json\/wp\/v2\/product_tag?post=6106"}],"curies":[{"name":"wp","href":"https:\/\/api.w.org\/{rel}","templated":true}]}}