{"id":6118,"date":"2022-01-07T22:16:36","date_gmt":"2022-01-07T20:16:36","guid":{"rendered":"https:\/\/idcolor.ee\/product\/k18-leave-in-molecular-repair-hair-mask-50-ml\/"},"modified":"2024-05-29T10:57:58","modified_gmt":"2024-05-29T07:57:58","slug":"k18-leave-in-molecular-repair-hair-mask-50-ml","status":"publish","type":"product","link":"https:\/\/idcolor.ee\/lv\/produkts\/k18-leave-in-molecular-repair-hair-mask-50-ml\/","title":{"rendered":"K18 Leave-in Molecular Repair Hair Mask 50 ml"},"content":{"rendered":"<div class=\"wpb-content-wrapper\"><p>[vc_row][vc_column][vc_row_inner][vc_column_inner width=&#8221;1\/4&#8243; offset=&#8221;vc_hidden-sm vc_hidden-xs&#8221; css=&#8221;.vc_custom_1643102572855{padding-right: 40% !important;}&#8221;][vc_single_image image=&#8221;4767&#8243; img_size=&#8221;full&#8221;][vc_empty_space height=&#8221;20px&#8221;][\/vc_column_inner][vc_column_inner width=&#8221;3\/4&#8243; css=&#8221;.vc_custom_1643102537405{padding-right: 70% !important;}&#8221; offset=&#8221;vc_hidden-lg vc_hidden-md&#8221;][vc_single_image image=&#8221;4767&#8243; img_size=&#8221;full&#8221;][vc_empty_space height=&#8221;20px&#8221;][\/vc_column_inner][\/vc_row_inner]<div class=\"nasa-title clearfix nasa-t hr-type-none\"><h4 class=\"nasa-heading-title\"><span class=\"nasa-title-wrap\"><span style=\"color: #000000;\">K18 Leave-in Molecular Repair Hair Mask | 50 ml<\/span><\/span><\/h4><p class=\"nasa-title-desc\" style=\"color: #000000;\">mati k\u0101 jauni tikai 4 min\u016bt\u0113s<\/p><\/div>[vc_empty_space height=&#8221;20px&#8221;][vc_separator][vc_empty_space height=&#8221;10px&#8221;][vc_column_text]<\/p>\n<h4><strong>produkta apraksts<\/strong><\/h4>\n<p>Nenomazg\u0101jama kop\u0161anas maska visiem matu tipiem, kas kl\u012bniski nov\u0113r\u0161 boj\u0101jumus 4 min\u016bt\u0113s. Patent\u0113t\u0101 pept\u012bdu tehnolo\u0123ija darbojas, lai labotu boj\u0101jumus, ko rad\u012bjis balin\u0101t\u0101js, kr\u0101sa, \u0137\u012bmiskie pakalpojumi un karstums \u2013 atjaunojot matu iztur\u012bbu, maigumu, gludumu un atl\u0113cienu.<\/p>\n<p><strong>mati k\u0101 jauni<\/strong><br \/>\nK18 bioakt\u012bvais pept\u012bds iek\u013c\u016bst mata iek\u0161\u0113j\u0101 sl\u0101n\u012b, lai nok\u013c\u016btu l\u012bdz galvenaj\u0101m polipept\u012bdu \u0137\u0113d\u0113m (kerat\u012bna \u0137\u0113d\u0113m). K18Peptide\u2122 ir pareiz\u0101 izm\u0113ra un ar \u012bsto sast\u0101vu, lai sal\u0101gotos ar p\u0101rtr\u016bku\u0161aj\u0101m \u0137\u0113d\u0113m un t\u0101s atkal savienotu. J\u016bs varat sajust un redz\u0113t at\u0161\u0137ir\u012bbu pirmaj\u0101 lieto\u0161anas reiz\u0113.<\/p>\n<p>K18 masku p\u0113c salona proced\u016bras iesak\u0101m lietot m\u0101j\u0101s 4\u20136 n\u0101kamaj\u0101s mazg\u0101\u0161anas reiz\u0113s. P\u0113c tam turpin\u0101t proced\u016bru reizi ned\u0113\u013c\u0101.[\/vc_column_text][vc_empty_space height=&#8221;35px&#8221;][vc_row_inner][vc_column_inner offset=&#8221;vc_hidden-sm vc_hidden-xs&#8221;][vc_single_image image=&#8221;5870&#8243; img_size=&#8221;full&#8221;][\/vc_column_inner][\/vc_row_inner][vc_row_inner][vc_column_inner offset=&#8221;vc_hidden-lg vc_hidden-md&#8221;][vc_single_image image=&#8221;5872&#8243; img_size=&#8221;full&#8221;][\/vc_column_inner][\/vc_row_inner][vc_row_inner css=&#8221;.vc_custom_1641810793016{padding-bottom: 30px !important;}&#8221;][vc_column_inner width=&#8221;1\/2&#8243;][vc_empty_space height=&#8221;35px&#8221;][vc_column_text]<\/p>\n<h4><strong>lieto\u0161ana<\/strong><\/h4>\n<p>[\/vc_column_text][vc_empty_space height=&#8221;35px&#8221;][vc_column_text]<\/p>\n<ol>\n<li>Izmazg\u0101jiet matus. NEIZMANTOJIET KONDICIONIERI!<\/li>\n<li>Nosusiniet ar dvieli.<\/li>\n<li>Iekl\u0101jiet matos <strong>K18 masku.<\/strong> S\u0101ciet ar vienu piespiedienu un pievienojiet atbilsto\u0161i matu garumam, biezumam un st\u0101voklim (sk. tabulu zem\u0101k).<\/li>\n<li>Vienm\u0113r\u012bgi iekl\u0101jiet matos ar vienu piespiedienu no matu galiem l\u012bdz sakn\u0113m. Lai iestr\u0101d\u0101\u0161ana b\u016btu \u0113rt\u0101ka, iekl\u0101jiet masku matos pa \u0161\u0137ipsn\u0101m.<\/li>\n<li>\u013baujiet iedarboties 4 min\u016btes.<\/li>\n<li>NESKALOJIET! Maska paliek matos.<\/li>\n<li>Veidojiet k\u0101 parasti.<\/li>\n<\/ol>\n<p><strong>Prec\u012bzu lieto\u0161anu skatiet devu tabul\u0101.<\/strong>[\/vc_column_text][\/vc_column_inner][vc_column_inner width=&#8221;1\/2&#8243;][vc_empty_space height=&#8221;35px&#8221;][vc_column_text]<\/p>\n<h4 style=\"text-align: center;\"><b>devu ce\u013cvedis<\/b><\/h4>\n<p>[\/vc_column_text][vc_single_image image=&#8221;4775&#8243; img_size=&#8221;full&#8221; alignment=&#8221;center&#8221;][vc_column_text]<\/p>\n<p style=\"text-align: center;\"><strong>1 piespiediens = 1 ml = 1 \u0161\u0137ipsni\u0146a<br \/>\n<\/strong><\/p>\n<p>[\/vc_column_text][\/vc_column_inner][\/vc_row_inner][vc_empty_space height=&#8221;10px&#8221;][vc_separator][vc_row_inner][vc_column_inner width=&#8221;1\/2&#8243;][vc_empty_space height=&#8221;25px&#8221;][vc_column_text]<\/p>\n<h4><strong>iesak\u0101m + neiesak\u0101m <\/strong><\/h4>\n<div class=\"accordion__copy--inner\" data-accordion-copy-text=\"\">\n<ul class=\"green-check\">\n<li><strong>IESAK\u0100M<\/strong> lietot att\u012bro\u0161o \u0161amp\u016bnu, ja ikdien\u0101 izmanto smagn\u0113jus l\u012bdzek\u013cus vai sauso \u0161amp\u016bnu.<\/li>\n<li><strong>IESAK\u0100M<\/strong> nogaid\u012bt visas 4 min\u016btes pirms matu ieveido\u0161anas, taj\u0101 skait\u0101 ar\u012b ar k\u0101du l\u012bdzekli.<\/li>\n<li><strong>IESAK\u0100M<\/strong> izmantot 4-6 sec\u012bg\u0101s mazg\u0101\u0161anas reiz\u0113s, bet v\u0113l\u0101k \u2013 vienreiz ik p\u0113c 3-4 mazg\u0101\u0161an\u0101m, lai veicin\u0101tu rezult\u0101tu.<\/li>\n<\/ul>\n<ul class=\"red-x\">\n<li><strong><span style=\"color: #ff0000;\">NEIESAK\u0100M<\/span><\/strong> izmantot kondicionieri pirms K18 maskas.<\/li>\n<li><strong><span style=\"color: #ff0000;\">NEIESAK\u0100M<\/span><\/strong> izmantot par daudz.<\/li>\n<li><strong><span style=\"color: #ff0000;\">NEIESAK\u0100M<\/span><\/strong> izskalot. \u0160\u012b ir atst\u0101\u0161ana, t\u0101p\u0113c j\u016bs zin\u0101t, atst\u0101jiet to!<\/li>\n<\/ul>\n<\/div>\n<p>[\/vc_column_text][\/vc_column_inner][vc_column_inner width=&#8221;1\/2&#8243;][vc_empty_space height=&#8221;25px&#8221;][vc_column_text]<\/p>\n<h4><strong>galven\u0101s priek\u0161roc\u012bbas<\/strong><\/h4>\n<div class=\"accordion__copy--inner\" data-accordion-copy-text=\"\">\n<div class=\"accordion__copy--inner\" data-accordion-copy-text=\"\">\n<p>K18Peptide\u2122 ir kl\u012bniski pier\u0101d\u012bts, ka tas tikai 4 min\u016bt\u0113s uzlabo matu boj\u0101jumus, ko izraisa matu apstr\u0101de.<\/p>\n<ul class=\"green-check\">\n<li>Atjauno \u0137\u012bmisko proced\u016bru, termiskas un meh\u0101niskas ieveido\u0161anas rad\u012btos boj\u0101jumus.<\/li>\n<li>Atjauno sp\u0113ku, maigumu, gludumu un atl\u0113cienu.<\/li>\n<li>K18 pept\u012bdu nevar nomazg\u0101t ar \u016bdeni un \u0161amp\u016bnu, tas nodro\u0161ina past\u0101v\u012bgu risin\u0101jumu boj\u0101taj\u0101m \u0161\u0137iedr\u0101m.<\/li>\n<li>Veg\u0101ns, dro\u0161s kr\u0101sai, rad\u012bts bez ne\u017e\u0113l\u012bgas iztur\u0113\u0161an\u0101s pret dz\u012bvniekiem.<\/li>\n<\/ul>\n<p>91% jaunekl\u012bg\u0101k\u0101 sp\u0113ka*<br \/>\n94% jaunekl\u012bg\u0101s elast\u012bbas*<\/p>\n<p>* Rezult\u0101ts balst\u012bts kl\u012bniskos p\u0113t\u012bjumos, kuros balin\u0101\u0161anas laik\u0101 izmantoja Mist un Masku. Rezult\u0101ti var at\u0161\u0137irties atkar\u012bb\u0101 no matu tipa, s\u0101kotn\u0113j\u0101 st\u0101vok\u013ca un proced\u016bru v\u0113stures.<\/p>\n<\/div>\n<\/div>\n<p>[\/vc_column_text][\/vc_column_inner][\/vc_row_inner][vc_empty_space height=&#8221;10px&#8221;][\/vc_column][\/vc_row]<\/p>\n<\/div>","protected":false},"excerpt":{"rendered":"<h5><strong>50 ml<\/strong><\/h5>\n<p><strong>Nenomazg\u0101jama kop\u0161anas maska visiem matu tipiem, kas kl\u012bniski nov\u0113r\u0161 boj\u0101jumus 4 min\u016bt\u0113s.<\/strong> Patent\u0113t\u0101 pept\u012bdu tehnolo\u0123ija darbojas, lai labotu boj\u0101jumus, ko rad\u012bjis balin\u0101t\u0101js, kr\u0101sa, \u0137\u012bmiskie pakalpojumi un karstums \u2013 atjaunojot matu iztur\u012bbu, maigumu, gludumu un atl\u0113cienu.<\/p>\n","protected":false},"featured_media":4763,"template":"","meta":[],"product_brand":[],"product_cat":[315],"product_tag":[],"class_list":{"0":"post-6118","1":"product","2":"type-product","3":"status-publish","4":"has-post-thumbnail","6":"product_cat-k18-hair-lv","8":"first","9":"instock","10":"taxable","11":"shipping-taxable","12":"purchasable","13":"product-type-simple"},"yoast_head":"<!-- This site is optimized with the Yoast SEO plugin v27.3 - https:\/\/yoast.com\/product\/yoast-seo-wordpress\/ -->\n<title>K18 Leave-in Molecular Repair Hair Mask 50 ml - iD Color<\/title>\n<meta name=\"description\" content=\"Nenomazg\u0101jama kop\u0161anas maska visiem matu tipiem, kas kl\u012bniski nov\u0113r\u0161 boj\u0101jumus 4 min\u016bt\u0113s. Patent\u0113t\u0101 pept\u012bdu tehnolo\u0123ija darbojas, lai labotu boj\u0101jumus, ko rad\u012bjis balin\u0101t\u0101js, kr\u0101sa, \u0137\u012bmiskie pakalpojumi un karstums.\" \/>\n<meta name=\"robots\" content=\"index, follow, max-snippet:-1, max-image-preview:large, max-video-preview:-1\" \/>\n<link rel=\"canonical\" href=\"https:\/\/idcolor.ee\/lv\/produkts\/k18-leave-in-molecular-repair-hair-mask-50-ml\/\" \/>\n<meta property=\"og:locale\" content=\"lv_LV\" \/>\n<meta property=\"og:type\" content=\"article\" \/>\n<meta property=\"og:title\" content=\"K18 Leave-in Molecular Repair Hair Mask 50 ml - iD Color\" \/>\n<meta property=\"og:description\" content=\"Nenomazg\u0101jama kop\u0161anas maska visiem matu tipiem, kas kl\u012bniski nov\u0113r\u0161 boj\u0101jumus 4 min\u016bt\u0113s. Patent\u0113t\u0101 pept\u012bdu tehnolo\u0123ija darbojas, lai labotu boj\u0101jumus, ko rad\u012bjis balin\u0101t\u0101js, kr\u0101sa, \u0137\u012bmiskie pakalpojumi un karstums.\" \/>\n<meta property=\"og:url\" content=\"https:\/\/idcolor.ee\/lv\/produkts\/k18-leave-in-molecular-repair-hair-mask-50-ml\/\" \/>\n<meta property=\"og:site_name\" content=\"iD Color\" \/>\n<meta property=\"article:modified_time\" content=\"2024-05-29T07:57:58+00:00\" \/>\n<meta property=\"og:image\" content=\"https:\/\/idcolor.ee\/wp-content\/uploads\/2022\/01\/K18_Mask_50ml.jpg\" \/>\n\t<meta property=\"og:image:width\" content=\"1080\" \/>\n\t<meta property=\"og:image:height\" content=\"1080\" \/>\n\t<meta property=\"og:image:type\" content=\"image\/jpeg\" \/>\n<meta name=\"twitter:card\" content=\"summary_large_image\" \/>\n<meta name=\"twitter:label1\" content=\"Est. reading time\" \/>\n\t<meta name=\"twitter:data1\" content=\"4 minutes\" \/>\n<script type=\"application\/ld+json\" class=\"yoast-schema-graph\">{\"@context\":\"https:\\\/\\\/schema.org\",\"@graph\":[{\"@type\":\"WebPage\",\"@id\":\"https:\\\/\\\/idcolor.ee\\\/lv\\\/produkts\\\/k18-leave-in-molecular-repair-hair-mask-50-ml\\\/\",\"url\":\"https:\\\/\\\/idcolor.ee\\\/lv\\\/produkts\\\/k18-leave-in-molecular-repair-hair-mask-50-ml\\\/\",\"name\":\"K18 Leave-in Molecular Repair Hair Mask 50 ml - iD Color\",\"isPartOf\":{\"@id\":\"https:\\\/\\\/idcolor.ee\\\/lv\\\/#website\"},\"primaryImageOfPage\":{\"@id\":\"https:\\\/\\\/idcolor.ee\\\/lv\\\/produkts\\\/k18-leave-in-molecular-repair-hair-mask-50-ml\\\/#primaryimage\"},\"image\":{\"@id\":\"https:\\\/\\\/idcolor.ee\\\/lv\\\/produkts\\\/k18-leave-in-molecular-repair-hair-mask-50-ml\\\/#primaryimage\"},\"thumbnailUrl\":\"https:\\\/\\\/idcolor.ee\\\/wp-content\\\/uploads\\\/2022\\\/01\\\/K18_Mask_50ml.jpg\",\"datePublished\":\"2022-01-07T20:16:36+00:00\",\"dateModified\":\"2024-05-29T07:57:58+00:00\",\"description\":\"Nenomazg\u0101jama kop\u0161anas maska visiem matu tipiem, kas kl\u012bniski nov\u0113r\u0161 boj\u0101jumus 4 min\u016bt\u0113s. Patent\u0113t\u0101 pept\u012bdu tehnolo\u0123ija darbojas, lai labotu boj\u0101jumus, ko rad\u012bjis balin\u0101t\u0101js, kr\u0101sa, \u0137\u012bmiskie pakalpojumi un karstums.\",\"breadcrumb\":{\"@id\":\"https:\\\/\\\/idcolor.ee\\\/lv\\\/produkts\\\/k18-leave-in-molecular-repair-hair-mask-50-ml\\\/#breadcrumb\"},\"inLanguage\":\"lv-LV\",\"potentialAction\":[{\"@type\":\"ReadAction\",\"target\":[\"https:\\\/\\\/idcolor.ee\\\/lv\\\/produkts\\\/k18-leave-in-molecular-repair-hair-mask-50-ml\\\/\"]}]},{\"@type\":\"ImageObject\",\"inLanguage\":\"lv-LV\",\"@id\":\"https:\\\/\\\/idcolor.ee\\\/lv\\\/produkts\\\/k18-leave-in-molecular-repair-hair-mask-50-ml\\\/#primaryimage\",\"url\":\"https:\\\/\\\/idcolor.ee\\\/wp-content\\\/uploads\\\/2022\\\/01\\\/K18_Mask_50ml.jpg\",\"contentUrl\":\"https:\\\/\\\/idcolor.ee\\\/wp-content\\\/uploads\\\/2022\\\/01\\\/K18_Mask_50ml.jpg\",\"width\":1080,\"height\":1080},{\"@type\":\"BreadcrumbList\",\"@id\":\"https:\\\/\\\/idcolor.ee\\\/lv\\\/produkts\\\/k18-leave-in-molecular-repair-hair-mask-50-ml\\\/#breadcrumb\",\"itemListElement\":[{\"@type\":\"ListItem\",\"position\":1,\"name\":\"Home\",\"item\":\"https:\\\/\\\/idcolor.ee\\\/lv\\\/majas-lapa\\\/\"},{\"@type\":\"ListItem\",\"position\":2,\"name\":\"Shop\",\"item\":\"https:\\\/\\\/idcolor.ee\\\/lv\\\/shop-2\\\/\"},{\"@type\":\"ListItem\",\"position\":3,\"name\":\"K18 Leave-in Molecular Repair Hair Mask 50 ml\"}]},{\"@type\":\"WebSite\",\"@id\":\"https:\\\/\\\/idcolor.ee\\\/lv\\\/#website\",\"url\":\"https:\\\/\\\/idcolor.ee\\\/lv\\\/\",\"name\":\"iD Color\",\"description\":\"Hair care products\",\"publisher\":{\"@id\":\"https:\\\/\\\/idcolor.ee\\\/lv\\\/#organization\"},\"potentialAction\":[{\"@type\":\"SearchAction\",\"target\":{\"@type\":\"EntryPoint\",\"urlTemplate\":\"https:\\\/\\\/idcolor.ee\\\/lv\\\/?s={search_term_string}\"},\"query-input\":{\"@type\":\"PropertyValueSpecification\",\"valueRequired\":true,\"valueName\":\"search_term_string\"}}],\"inLanguage\":\"lv-LV\"},{\"@type\":\"Organization\",\"@id\":\"https:\\\/\\\/idcolor.ee\\\/lv\\\/#organization\",\"name\":\"iD Color O\u00dc\",\"url\":\"https:\\\/\\\/idcolor.ee\\\/lv\\\/\",\"logo\":{\"@type\":\"ImageObject\",\"inLanguage\":\"lv-LV\",\"@id\":\"https:\\\/\\\/idcolor.ee\\\/lv\\\/#\\\/schema\\\/logo\\\/image\\\/\",\"url\":\"https:\\\/\\\/idcolor.ee\\\/wp-content\\\/uploads\\\/2022\\\/01\\\/IDColor_Logo_1000.png\",\"contentUrl\":\"https:\\\/\\\/idcolor.ee\\\/wp-content\\\/uploads\\\/2022\\\/01\\\/IDColor_Logo_1000.png\",\"width\":1001,\"height\":354,\"caption\":\"iD Color O\u00dc\"},\"image\":{\"@id\":\"https:\\\/\\\/idcolor.ee\\\/lv\\\/#\\\/schema\\\/logo\\\/image\\\/\"}}]}<\/script>\n<!-- \/ Yoast SEO plugin. -->","yoast_head_json":{"title":"K18 Leave-in Molecular Repair Hair Mask 50 ml - iD Color","description":"Nenomazg\u0101jama kop\u0161anas maska visiem matu tipiem, kas kl\u012bniski nov\u0113r\u0161 boj\u0101jumus 4 min\u016bt\u0113s. Patent\u0113t\u0101 pept\u012bdu tehnolo\u0123ija darbojas, lai labotu boj\u0101jumus, ko rad\u012bjis balin\u0101t\u0101js, kr\u0101sa, \u0137\u012bmiskie pakalpojumi un karstums.","robots":{"index":"index","follow":"follow","max-snippet":"max-snippet:-1","max-image-preview":"max-image-preview:large","max-video-preview":"max-video-preview:-1"},"canonical":"https:\/\/idcolor.ee\/lv\/produkts\/k18-leave-in-molecular-repair-hair-mask-50-ml\/","og_locale":"lv_LV","og_type":"article","og_title":"K18 Leave-in Molecular Repair Hair Mask 50 ml - iD Color","og_description":"Nenomazg\u0101jama kop\u0161anas maska visiem matu tipiem, kas kl\u012bniski nov\u0113r\u0161 boj\u0101jumus 4 min\u016bt\u0113s. Patent\u0113t\u0101 pept\u012bdu tehnolo\u0123ija darbojas, lai labotu boj\u0101jumus, ko rad\u012bjis balin\u0101t\u0101js, kr\u0101sa, \u0137\u012bmiskie pakalpojumi un karstums.","og_url":"https:\/\/idcolor.ee\/lv\/produkts\/k18-leave-in-molecular-repair-hair-mask-50-ml\/","og_site_name":"iD Color","article_modified_time":"2024-05-29T07:57:58+00:00","og_image":[{"width":1080,"height":1080,"url":"https:\/\/idcolor.ee\/wp-content\/uploads\/2022\/01\/K18_Mask_50ml.jpg","type":"image\/jpeg"}],"twitter_card":"summary_large_image","twitter_misc":{"Est. reading time":"4 minutes"},"schema":{"@context":"https:\/\/schema.org","@graph":[{"@type":"WebPage","@id":"https:\/\/idcolor.ee\/lv\/produkts\/k18-leave-in-molecular-repair-hair-mask-50-ml\/","url":"https:\/\/idcolor.ee\/lv\/produkts\/k18-leave-in-molecular-repair-hair-mask-50-ml\/","name":"K18 Leave-in Molecular Repair Hair Mask 50 ml - iD Color","isPartOf":{"@id":"https:\/\/idcolor.ee\/lv\/#website"},"primaryImageOfPage":{"@id":"https:\/\/idcolor.ee\/lv\/produkts\/k18-leave-in-molecular-repair-hair-mask-50-ml\/#primaryimage"},"image":{"@id":"https:\/\/idcolor.ee\/lv\/produkts\/k18-leave-in-molecular-repair-hair-mask-50-ml\/#primaryimage"},"thumbnailUrl":"https:\/\/idcolor.ee\/wp-content\/uploads\/2022\/01\/K18_Mask_50ml.jpg","datePublished":"2022-01-07T20:16:36+00:00","dateModified":"2024-05-29T07:57:58+00:00","description":"Nenomazg\u0101jama kop\u0161anas maska visiem matu tipiem, kas kl\u012bniski nov\u0113r\u0161 boj\u0101jumus 4 min\u016bt\u0113s. Patent\u0113t\u0101 pept\u012bdu tehnolo\u0123ija darbojas, lai labotu boj\u0101jumus, ko rad\u012bjis balin\u0101t\u0101js, kr\u0101sa, \u0137\u012bmiskie pakalpojumi un karstums.","breadcrumb":{"@id":"https:\/\/idcolor.ee\/lv\/produkts\/k18-leave-in-molecular-repair-hair-mask-50-ml\/#breadcrumb"},"inLanguage":"lv-LV","potentialAction":[{"@type":"ReadAction","target":["https:\/\/idcolor.ee\/lv\/produkts\/k18-leave-in-molecular-repair-hair-mask-50-ml\/"]}]},{"@type":"ImageObject","inLanguage":"lv-LV","@id":"https:\/\/idcolor.ee\/lv\/produkts\/k18-leave-in-molecular-repair-hair-mask-50-ml\/#primaryimage","url":"https:\/\/idcolor.ee\/wp-content\/uploads\/2022\/01\/K18_Mask_50ml.jpg","contentUrl":"https:\/\/idcolor.ee\/wp-content\/uploads\/2022\/01\/K18_Mask_50ml.jpg","width":1080,"height":1080},{"@type":"BreadcrumbList","@id":"https:\/\/idcolor.ee\/lv\/produkts\/k18-leave-in-molecular-repair-hair-mask-50-ml\/#breadcrumb","itemListElement":[{"@type":"ListItem","position":1,"name":"Home","item":"https:\/\/idcolor.ee\/lv\/majas-lapa\/"},{"@type":"ListItem","position":2,"name":"Shop","item":"https:\/\/idcolor.ee\/lv\/shop-2\/"},{"@type":"ListItem","position":3,"name":"K18 Leave-in Molecular Repair Hair Mask 50 ml"}]},{"@type":"WebSite","@id":"https:\/\/idcolor.ee\/lv\/#website","url":"https:\/\/idcolor.ee\/lv\/","name":"iD Color","description":"Hair care products","publisher":{"@id":"https:\/\/idcolor.ee\/lv\/#organization"},"potentialAction":[{"@type":"SearchAction","target":{"@type":"EntryPoint","urlTemplate":"https:\/\/idcolor.ee\/lv\/?s={search_term_string}"},"query-input":{"@type":"PropertyValueSpecification","valueRequired":true,"valueName":"search_term_string"}}],"inLanguage":"lv-LV"},{"@type":"Organization","@id":"https:\/\/idcolor.ee\/lv\/#organization","name":"iD Color O\u00dc","url":"https:\/\/idcolor.ee\/lv\/","logo":{"@type":"ImageObject","inLanguage":"lv-LV","@id":"https:\/\/idcolor.ee\/lv\/#\/schema\/logo\/image\/","url":"https:\/\/idcolor.ee\/wp-content\/uploads\/2022\/01\/IDColor_Logo_1000.png","contentUrl":"https:\/\/idcolor.ee\/wp-content\/uploads\/2022\/01\/IDColor_Logo_1000.png","width":1001,"height":354,"caption":"iD Color O\u00dc"},"image":{"@id":"https:\/\/idcolor.ee\/lv\/#\/schema\/logo\/image\/"}}]}},"_links":{"self":[{"href":"https:\/\/idcolor.ee\/lv\/wp-json\/wp\/v2\/product\/6118","targetHints":{"allow":["GET"]}}],"collection":[{"href":"https:\/\/idcolor.ee\/lv\/wp-json\/wp\/v2\/product"}],"about":[{"href":"https:\/\/idcolor.ee\/lv\/wp-json\/wp\/v2\/types\/product"}],"wp:featuredmedia":[{"embeddable":true,"href":"https:\/\/idcolor.ee\/lv\/wp-json\/wp\/v2\/media\/4763"}],"wp:attachment":[{"href":"https:\/\/idcolor.ee\/lv\/wp-json\/wp\/v2\/media?parent=6118"}],"wp:term":[{"taxonomy":"product_brand","embeddable":true,"href":"https:\/\/idcolor.ee\/lv\/wp-json\/wp\/v2\/product_brand?post=6118"},{"taxonomy":"product_cat","embeddable":true,"href":"https:\/\/idcolor.ee\/lv\/wp-json\/wp\/v2\/product_cat?post=6118"},{"taxonomy":"product_tag","embeddable":true,"href":"https:\/\/idcolor.ee\/lv\/wp-json\/wp\/v2\/product_tag?post=6118"}],"curies":[{"name":"wp","href":"https:\/\/api.w.org\/{rel}","templated":true}]}}