{"id":6121,"date":"2023-04-23T13:10:22","date_gmt":"2023-04-23T10:10:22","guid":{"rendered":"https:\/\/idcolor.ee\/product\/k18-molecular-repair-hair-oil-2\/"},"modified":"2024-10-07T20:03:41","modified_gmt":"2024-10-07T17:03:41","slug":"k18-molecular-repair-hair-oil-2","status":"publish","type":"product","link":"https:\/\/idcolor.ee\/lv\/produkts\/k18-molecular-repair-hair-oil-2\/","title":{"rendered":"K18 Molecular Repair Hair Oil"},"content":{"rendered":"<div class=\"wpb-content-wrapper\"><p>[vc_row][vc_column][vc_row_inner][vc_column_inner width=&#8221;1\/4&#8243; offset=&#8221;vc_hidden-sm vc_hidden-xs&#8221; css=&#8221;.vc_custom_1643102572855{padding-right: 40% !important;}&#8221;][vc_single_image image=&#8221;4767&#8243; img_size=&#8221;full&#8221;][vc_empty_space height=&#8221;20px&#8221;][\/vc_column_inner][vc_column_inner width=&#8221;3\/4&#8243; css=&#8221;.vc_custom_1643102537405{padding-right: 70% !important;}&#8221; offset=&#8221;vc_hidden-lg vc_hidden-md&#8221;][vc_single_image image=&#8221;4767&#8243; img_size=&#8221;full&#8221;][vc_empty_space height=&#8221;20px&#8221;][\/vc_column_inner][\/vc_row_inner]<div class=\"nasa-title clearfix nasa-t hr-type-none\"><h4 class=\"nasa-heading-title\"><span class=\"nasa-title-wrap\"><span style=\"color: #000000;\">K18 Molecular Repair Hair Oil | 30 ml<\/span><\/span><\/h4><p class=\"nasa-title-desc\" style=\"color: #000000;\">SATUR PATENT\u0112TU K18 PEPT\u012aDU<\/p><\/div>[vc_empty_space height=&#8221;20px&#8221;][vc_separator][vc_empty_space height=&#8221;10px&#8221;][vc_column_text]<strong>C\u012bnies ar spurainiem matiem no iek\u0161puses! Jauna molekul\u0101r\u0101s atjauno\u0161anas matu e\u013c\u013ca NOGLUDINA un ATJAUNO boj\u0101tus matus. <\/strong><\/p>\n<p>\u0160\u012b e\u013c\u013ca, kas nesatur silikonu, c\u012bn\u0101s pret matu spuro\u0161anos at\u0161\u0137ir\u012bg\u0101 veid\u0101, nov\u0113r\u0161ot boj\u0101jumus, kas ilgtermi\u0146\u0101 izraisa spuro\u0161anos, un nekav\u0113joties nol\u012bdzinot matu galus un nov\u0113r\u0161ot matu l\u016b\u0161anu.<\/p>\n<p>\u013boti koncentr\u0113tais sast\u0101vs iedarbojas uz visiem matu tipiem.<\/p>\n<h4><strong>KO T\u0100 DARA?<\/strong><\/h4>\n<ul>\n<li><strong>Nov\u0113r\u0161 boj\u0101jumus, kas izraisa matu spuro\u0161anos:<\/strong> iedarbojas molekul\u0101r\u0101 l\u012bmen\u012b, lai nov\u0113rstu boj\u0101jumus, kas rada matu spuro\u0161anos.<\/li>\n<li><strong>Samazina matu spuro\u0161anos:<\/strong> dabisk\u0101s e\u013c\u013cas nogludina matu virsmu un m\u012bkstina tos, nepadarot smagus.<\/li>\n<li><strong>Pie\u0161\u0137ir sp\u012bdumu + kr\u0101sas ko\u0161umu:<\/strong> baroti, mitrin\u0101ti mati ir sp\u012bd\u012bg\u0101ki un matu kr\u0101sa ir paspilgtin\u0101ta.<\/li>\n<li><strong>Nodro\u0161ina karstuma aizsardz\u012bbu:<\/strong> nov\u0113r\u0161 turpm\u0101kos boj\u0101jumus l\u012bdz 232\u00b0C.<\/li>\n<\/ul>\n<h4>K\u0100 T\u0100 STR\u0100D\u0100?<\/h4>\n<ul>\n<li><strong>K18PEPTIDE\u2122<\/strong> iek\u013c\u016bst matu iek\u0161pus\u0113, nov\u0113r\u0161ot boj\u0101jumus un veicinot ilgsto\u0161u iztur\u012bbu + gludumu.<\/li>\n<li><strong>Saulespu\u0137u e\u013c\u013ca, hemiskval\u0101ns un skval\u0101ns<\/strong> uztur matu dabisko mitruma l\u012bmeni, nekav\u0113joties samazinot matu spuro\u0161anos un pie\u0161\u0137irot sp\u012bdumu.<\/li>\n<li><strong>Avokado e\u013c\u013cai<\/strong> ir viens no augst\u0101kajiem deg\u0161anas punktiem, kas pal\u012bdz nodro\u0161in\u0101t 232\u00b0C karstuma aizsardz\u012bbu sausiem matiem.<\/li>\n<\/ul>\n<p>[\/vc_column_text][vc_empty_space height=&#8221;35px&#8221;][vc_separator][vc_empty_space height=&#8221;25px&#8221;][vc_row_inner equal_height=&#8221;yes&#8221; content_placement=&#8221;middle&#8221; css=&#8221;.vc_custom_1682579137134{padding-bottom: 30px !important;}&#8221;][vc_column_inner width=&#8221;1\/2&#8243;][vc_column_text]<\/p>\n<h4><strong>LIETO\u0160ANA<\/strong><\/h4>\n<ul>\n<li><strong>Lieto mitros matos p\u0113c K18 matu maskas lieto\u0161anas, lai v\u0113l vair\u0101k<\/strong> stiprin\u0101tu matus un mazin\u0101tu to spuro\u0161anos matu ieveido\u0161anas laik\u0101. \u013baujiet iedarboties 4 min\u016btes. Veidojiet k\u0101 parasti.<\/li>\n<li><strong>Lieto sausos matos, lai:<\/strong> nogludin\u0101tu matus un pie\u0161\u0137irtu sp\u012bdumu. \u013baujiet iedarboties 4 min\u016btes. Veidojiet k\u0101 parasti.<\/li>\n<\/ul>\n<p><strong>SMAR\u017dA<\/strong><br \/>\nSvaigs ziedu arom\u0101ts<\/p>\n<p><strong>KL\u012aNISKI PIER\u0100D\u012aTA BOJ\u0100TO MATU ATJAUNO\u0160ANA<\/strong><br \/>\nGludi mati 24 stundu garum\u0101*<br \/>\nPar 104% vair\u0101k sp\u012bduma*<br \/>\nSpuraino matu galu samazin\u0101jums par 78%*<br \/>\n<em>* k18hairpro.com\/disclaimers<\/em><\/p>\n<p><strong>NESATUR<\/strong> sulf\u0101tus, parab\u0113nus, ftal\u0101tu, lilijas aldeh\u012bdu, silikonus, m\u0101ksl\u012bgas kr\u0101sas, n\u0101trija hlor\u012bdu, formaldeh\u012bdu un t\u0101 produktus. <strong>Produkts ir veg\u0101ns, bez cietsird\u012bbas.<\/strong>[\/vc_column_text][\/vc_column_inner][vc_column_inner width=&#8221;1\/2&#8243;][vc_single_image image=&#8221;5968&#8243; img_size=&#8221;full&#8221; alignment=&#8221;center&#8221;][\/vc_column_inner][\/vc_row_inner][vc_empty_space height=&#8221;20px&#8221;][vc_separator][vc_empty_space height=&#8221;20px&#8221;][vc_column_text]<\/p>\n<h4><strong>Lieto\u0161anas piesardz\u012bbas pas\u0101kumi:<\/strong><\/h4>\n<div class=\"accordion__copy--inner\" data-accordion-copy-text=\"\">\n<p>Izvairieties no saskares ar ac\u012bm. Tikai \u0101r\u012bgai lieto\u0161anai. Nev\u0113lamas reakcijas gad\u012bjum\u0101 p\u0101rtrauciet lieto\u0161anu un nekav\u0113joties sazinieties ar \u0101rstu. Glab\u0101jiet b\u0113rniem nepieejam\u0101 viet\u0101.<\/p>\n<\/div>\n<p>[\/vc_column_text][vc_empty_space height=&#8221;10px&#8221;][\/vc_column][\/vc_row]<\/p>\n<\/div>","protected":false},"excerpt":{"rendered":"<h5><strong>30 ml<br \/>\n<\/strong><\/h5>\n<p><strong>C\u012bnies ar spurainiem matiem no iek\u0161puses! Jauna molekul\u0101r\u0101s atjauno\u0161anas matu e\u013c\u013ca NOGLUDINA un ATJAUNO boj\u0101tus matus. <\/strong>\u0160\u012b e\u013c\u013ca, kas nesatur silikonu, c\u012bn\u0101s pret matu spuro\u0161anos at\u0161\u0137ir\u012bg\u0101 veid\u0101, nov\u0113r\u0161ot boj\u0101jumus, kas ilgtermi\u0146\u0101 izraisa spuro\u0161anos, un nekav\u0113joties nol\u012bdzinot matu galus un nov\u0113r\u0161ot matu l\u016b\u0161anu.<\/p>\n","protected":false},"featured_media":5973,"template":"","meta":[],"product_brand":[],"product_cat":[315],"product_tag":[],"class_list":{"0":"post-6121","1":"product","2":"type-product","3":"status-publish","4":"has-post-thumbnail","6":"product_cat-k18-hair-lv","8":"first","9":"instock","10":"taxable","11":"shipping-taxable","12":"purchasable","13":"product-type-simple"},"yoast_head":"<!-- This site is optimized with the Yoast SEO plugin v27.4 - https:\/\/yoast.com\/product\/yoast-seo-wordpress\/ -->\n<title>K18 Molecular Repair Hair Oil - iD Color<\/title>\n<meta name=\"description\" content=\"C\u012bnies ar spurainiem matiem no iek\u0161puses! Jauna molekul\u0101r\u0101s atjauno\u0161anas matu e\u013c\u013ca NOGLUDINA un ATJAUNO boj\u0101tus matus.\" \/>\n<meta name=\"robots\" content=\"index, follow, max-snippet:-1, max-image-preview:large, max-video-preview:-1\" \/>\n<link rel=\"canonical\" href=\"https:\/\/idcolor.ee\/lv\/produkts\/k18-molecular-repair-hair-oil-2\/\" \/>\n<meta property=\"og:locale\" content=\"lv_LV\" \/>\n<meta property=\"og:type\" content=\"article\" \/>\n<meta property=\"og:title\" content=\"K18 Molecular Repair Hair Oil - iD Color\" \/>\n<meta property=\"og:description\" content=\"C\u012bnies ar spurainiem matiem no iek\u0161puses! Jauna molekul\u0101r\u0101s atjauno\u0161anas matu e\u013c\u013ca NOGLUDINA un ATJAUNO boj\u0101tus matus.\" \/>\n<meta property=\"og:url\" content=\"https:\/\/idcolor.ee\/lv\/produkts\/k18-molecular-repair-hair-oil-2\/\" \/>\n<meta property=\"og:site_name\" content=\"iD Color\" \/>\n<meta property=\"article:modified_time\" content=\"2024-10-07T17:03:41+00:00\" \/>\n<meta property=\"og:image\" content=\"https:\/\/idcolor.ee\/wp-content\/uploads\/2023\/04\/K18_Oil_30ml.jpg\" \/>\n\t<meta property=\"og:image:width\" content=\"1080\" \/>\n\t<meta property=\"og:image:height\" content=\"1080\" \/>\n\t<meta property=\"og:image:type\" content=\"image\/jpeg\" \/>\n<meta name=\"twitter:card\" content=\"summary_large_image\" \/>\n<meta name=\"twitter:label1\" content=\"Est. reading time\" \/>\n\t<meta name=\"twitter:data1\" content=\"2 minutes\" \/>\n<script type=\"application\/ld+json\" class=\"yoast-schema-graph\">{\"@context\":\"https:\\\/\\\/schema.org\",\"@graph\":[{\"@type\":\"WebPage\",\"@id\":\"https:\\\/\\\/idcolor.ee\\\/lv\\\/produkts\\\/k18-molecular-repair-hair-oil-2\\\/\",\"url\":\"https:\\\/\\\/idcolor.ee\\\/lv\\\/produkts\\\/k18-molecular-repair-hair-oil-2\\\/\",\"name\":\"K18 Molecular Repair Hair Oil - iD Color\",\"isPartOf\":{\"@id\":\"https:\\\/\\\/idcolor.ee\\\/lv\\\/#website\"},\"primaryImageOfPage\":{\"@id\":\"https:\\\/\\\/idcolor.ee\\\/lv\\\/produkts\\\/k18-molecular-repair-hair-oil-2\\\/#primaryimage\"},\"image\":{\"@id\":\"https:\\\/\\\/idcolor.ee\\\/lv\\\/produkts\\\/k18-molecular-repair-hair-oil-2\\\/#primaryimage\"},\"thumbnailUrl\":\"https:\\\/\\\/idcolor.ee\\\/wp-content\\\/uploads\\\/2023\\\/04\\\/K18_Oil_30ml.jpg\",\"datePublished\":\"2023-04-23T10:10:22+00:00\",\"dateModified\":\"2024-10-07T17:03:41+00:00\",\"description\":\"C\u012bnies ar spurainiem matiem no iek\u0161puses! Jauna molekul\u0101r\u0101s atjauno\u0161anas matu e\u013c\u013ca NOGLUDINA un ATJAUNO boj\u0101tus matus.\",\"breadcrumb\":{\"@id\":\"https:\\\/\\\/idcolor.ee\\\/lv\\\/produkts\\\/k18-molecular-repair-hair-oil-2\\\/#breadcrumb\"},\"inLanguage\":\"lv-LV\",\"potentialAction\":[{\"@type\":\"ReadAction\",\"target\":[\"https:\\\/\\\/idcolor.ee\\\/lv\\\/produkts\\\/k18-molecular-repair-hair-oil-2\\\/\"]}]},{\"@type\":\"ImageObject\",\"inLanguage\":\"lv-LV\",\"@id\":\"https:\\\/\\\/idcolor.ee\\\/lv\\\/produkts\\\/k18-molecular-repair-hair-oil-2\\\/#primaryimage\",\"url\":\"https:\\\/\\\/idcolor.ee\\\/wp-content\\\/uploads\\\/2023\\\/04\\\/K18_Oil_30ml.jpg\",\"contentUrl\":\"https:\\\/\\\/idcolor.ee\\\/wp-content\\\/uploads\\\/2023\\\/04\\\/K18_Oil_30ml.jpg\",\"width\":1080,\"height\":1080},{\"@type\":\"BreadcrumbList\",\"@id\":\"https:\\\/\\\/idcolor.ee\\\/lv\\\/produkts\\\/k18-molecular-repair-hair-oil-2\\\/#breadcrumb\",\"itemListElement\":[{\"@type\":\"ListItem\",\"position\":1,\"name\":\"Home\",\"item\":\"https:\\\/\\\/idcolor.ee\\\/lv\\\/majas-lapa\\\/\"},{\"@type\":\"ListItem\",\"position\":2,\"name\":\"Shop\",\"item\":\"https:\\\/\\\/idcolor.ee\\\/lv\\\/shop-2\\\/\"},{\"@type\":\"ListItem\",\"position\":3,\"name\":\"K18 Molecular Repair Hair Oil\"}]},{\"@type\":\"WebSite\",\"@id\":\"https:\\\/\\\/idcolor.ee\\\/lv\\\/#website\",\"url\":\"https:\\\/\\\/idcolor.ee\\\/lv\\\/\",\"name\":\"iD Color\",\"description\":\"Hair care products\",\"publisher\":{\"@id\":\"https:\\\/\\\/idcolor.ee\\\/lv\\\/#organization\"},\"potentialAction\":[{\"@type\":\"SearchAction\",\"target\":{\"@type\":\"EntryPoint\",\"urlTemplate\":\"https:\\\/\\\/idcolor.ee\\\/lv\\\/?s={search_term_string}\"},\"query-input\":{\"@type\":\"PropertyValueSpecification\",\"valueRequired\":true,\"valueName\":\"search_term_string\"}}],\"inLanguage\":\"lv-LV\"},{\"@type\":\"Organization\",\"@id\":\"https:\\\/\\\/idcolor.ee\\\/lv\\\/#organization\",\"name\":\"iD Color O\u00dc\",\"url\":\"https:\\\/\\\/idcolor.ee\\\/lv\\\/\",\"logo\":{\"@type\":\"ImageObject\",\"inLanguage\":\"lv-LV\",\"@id\":\"https:\\\/\\\/idcolor.ee\\\/lv\\\/#\\\/schema\\\/logo\\\/image\\\/\",\"url\":\"https:\\\/\\\/idcolor.ee\\\/wp-content\\\/uploads\\\/2022\\\/01\\\/IDColor_Logo_1000.png\",\"contentUrl\":\"https:\\\/\\\/idcolor.ee\\\/wp-content\\\/uploads\\\/2022\\\/01\\\/IDColor_Logo_1000.png\",\"width\":1001,\"height\":354,\"caption\":\"iD Color O\u00dc\"},\"image\":{\"@id\":\"https:\\\/\\\/idcolor.ee\\\/lv\\\/#\\\/schema\\\/logo\\\/image\\\/\"}}]}<\/script>\n<!-- \/ Yoast SEO plugin. -->","yoast_head_json":{"title":"K18 Molecular Repair Hair Oil - iD Color","description":"C\u012bnies ar spurainiem matiem no iek\u0161puses! Jauna molekul\u0101r\u0101s atjauno\u0161anas matu e\u013c\u013ca NOGLUDINA un ATJAUNO boj\u0101tus matus.","robots":{"index":"index","follow":"follow","max-snippet":"max-snippet:-1","max-image-preview":"max-image-preview:large","max-video-preview":"max-video-preview:-1"},"canonical":"https:\/\/idcolor.ee\/lv\/produkts\/k18-molecular-repair-hair-oil-2\/","og_locale":"lv_LV","og_type":"article","og_title":"K18 Molecular Repair Hair Oil - iD Color","og_description":"C\u012bnies ar spurainiem matiem no iek\u0161puses! Jauna molekul\u0101r\u0101s atjauno\u0161anas matu e\u013c\u013ca NOGLUDINA un ATJAUNO boj\u0101tus matus.","og_url":"https:\/\/idcolor.ee\/lv\/produkts\/k18-molecular-repair-hair-oil-2\/","og_site_name":"iD Color","article_modified_time":"2024-10-07T17:03:41+00:00","og_image":[{"width":1080,"height":1080,"url":"https:\/\/idcolor.ee\/wp-content\/uploads\/2023\/04\/K18_Oil_30ml.jpg","type":"image\/jpeg"}],"twitter_card":"summary_large_image","twitter_misc":{"Est. reading time":"2 minutes"},"schema":{"@context":"https:\/\/schema.org","@graph":[{"@type":"WebPage","@id":"https:\/\/idcolor.ee\/lv\/produkts\/k18-molecular-repair-hair-oil-2\/","url":"https:\/\/idcolor.ee\/lv\/produkts\/k18-molecular-repair-hair-oil-2\/","name":"K18 Molecular Repair Hair Oil - iD Color","isPartOf":{"@id":"https:\/\/idcolor.ee\/lv\/#website"},"primaryImageOfPage":{"@id":"https:\/\/idcolor.ee\/lv\/produkts\/k18-molecular-repair-hair-oil-2\/#primaryimage"},"image":{"@id":"https:\/\/idcolor.ee\/lv\/produkts\/k18-molecular-repair-hair-oil-2\/#primaryimage"},"thumbnailUrl":"https:\/\/idcolor.ee\/wp-content\/uploads\/2023\/04\/K18_Oil_30ml.jpg","datePublished":"2023-04-23T10:10:22+00:00","dateModified":"2024-10-07T17:03:41+00:00","description":"C\u012bnies ar spurainiem matiem no iek\u0161puses! Jauna molekul\u0101r\u0101s atjauno\u0161anas matu e\u013c\u013ca NOGLUDINA un ATJAUNO boj\u0101tus matus.","breadcrumb":{"@id":"https:\/\/idcolor.ee\/lv\/produkts\/k18-molecular-repair-hair-oil-2\/#breadcrumb"},"inLanguage":"lv-LV","potentialAction":[{"@type":"ReadAction","target":["https:\/\/idcolor.ee\/lv\/produkts\/k18-molecular-repair-hair-oil-2\/"]}]},{"@type":"ImageObject","inLanguage":"lv-LV","@id":"https:\/\/idcolor.ee\/lv\/produkts\/k18-molecular-repair-hair-oil-2\/#primaryimage","url":"https:\/\/idcolor.ee\/wp-content\/uploads\/2023\/04\/K18_Oil_30ml.jpg","contentUrl":"https:\/\/idcolor.ee\/wp-content\/uploads\/2023\/04\/K18_Oil_30ml.jpg","width":1080,"height":1080},{"@type":"BreadcrumbList","@id":"https:\/\/idcolor.ee\/lv\/produkts\/k18-molecular-repair-hair-oil-2\/#breadcrumb","itemListElement":[{"@type":"ListItem","position":1,"name":"Home","item":"https:\/\/idcolor.ee\/lv\/majas-lapa\/"},{"@type":"ListItem","position":2,"name":"Shop","item":"https:\/\/idcolor.ee\/lv\/shop-2\/"},{"@type":"ListItem","position":3,"name":"K18 Molecular Repair Hair Oil"}]},{"@type":"WebSite","@id":"https:\/\/idcolor.ee\/lv\/#website","url":"https:\/\/idcolor.ee\/lv\/","name":"iD Color","description":"Hair care products","publisher":{"@id":"https:\/\/idcolor.ee\/lv\/#organization"},"potentialAction":[{"@type":"SearchAction","target":{"@type":"EntryPoint","urlTemplate":"https:\/\/idcolor.ee\/lv\/?s={search_term_string}"},"query-input":{"@type":"PropertyValueSpecification","valueRequired":true,"valueName":"search_term_string"}}],"inLanguage":"lv-LV"},{"@type":"Organization","@id":"https:\/\/idcolor.ee\/lv\/#organization","name":"iD Color O\u00dc","url":"https:\/\/idcolor.ee\/lv\/","logo":{"@type":"ImageObject","inLanguage":"lv-LV","@id":"https:\/\/idcolor.ee\/lv\/#\/schema\/logo\/image\/","url":"https:\/\/idcolor.ee\/wp-content\/uploads\/2022\/01\/IDColor_Logo_1000.png","contentUrl":"https:\/\/idcolor.ee\/wp-content\/uploads\/2022\/01\/IDColor_Logo_1000.png","width":1001,"height":354,"caption":"iD Color O\u00dc"},"image":{"@id":"https:\/\/idcolor.ee\/lv\/#\/schema\/logo\/image\/"}}]}},"_links":{"self":[{"href":"https:\/\/idcolor.ee\/lv\/wp-json\/wp\/v2\/product\/6121","targetHints":{"allow":["GET"]}}],"collection":[{"href":"https:\/\/idcolor.ee\/lv\/wp-json\/wp\/v2\/product"}],"about":[{"href":"https:\/\/idcolor.ee\/lv\/wp-json\/wp\/v2\/types\/product"}],"wp:featuredmedia":[{"embeddable":true,"href":"https:\/\/idcolor.ee\/lv\/wp-json\/wp\/v2\/media\/5973"}],"wp:attachment":[{"href":"https:\/\/idcolor.ee\/lv\/wp-json\/wp\/v2\/media?parent=6121"}],"wp:term":[{"taxonomy":"product_brand","embeddable":true,"href":"https:\/\/idcolor.ee\/lv\/wp-json\/wp\/v2\/product_brand?post=6121"},{"taxonomy":"product_cat","embeddable":true,"href":"https:\/\/idcolor.ee\/lv\/wp-json\/wp\/v2\/product_cat?post=6121"},{"taxonomy":"product_tag","embeddable":true,"href":"https:\/\/idcolor.ee\/lv\/wp-json\/wp\/v2\/product_tag?post=6121"}],"curies":[{"name":"wp","href":"https:\/\/api.w.org\/{rel}","templated":true}]}}