{"id":6701,"date":"2024-11-19T00:13:47","date_gmt":"2024-11-18T22:13:47","guid":{"rendered":"https:\/\/idcolor.ee\/product\/airwash-sausais-sampun\/"},"modified":"2025-12-01T00:12:10","modified_gmt":"2025-11-30T22:12:10","slug":"airwash-sausais-sampun","status":"publish","type":"product","link":"https:\/\/idcolor.ee\/lv\/produkts\/airwash-sausais-sampun\/","title":{"rendered":"AirWash\u2122 sausais \u0161amp\u016bn"},"content":{"rendered":"<div class=\"wpb-content-wrapper\"><p>[vc_row][vc_column][vc_row_inner][vc_column_inner width=&#8221;1\/4&#8243; offset=&#8221;vc_hidden-sm vc_hidden-xs&#8221; css=&#8221;.vc_custom_1643102572855{padding-right: 40% !important;}&#8221;][vc_single_image image=&#8221;4767&#8243; img_size=&#8221;full&#8221;][vc_empty_space height=&#8221;20px&#8221;][\/vc_column_inner][vc_column_inner width=&#8221;3\/4&#8243; css=&#8221;.vc_custom_1643102537405{padding-right: 70% !important;}&#8221; offset=&#8221;vc_hidden-lg vc_hidden-md&#8221;][vc_single_image image=&#8221;4767&#8243; img_size=&#8221;full&#8221;][vc_empty_space height=&#8221;20px&#8221;][\/vc_column_inner][\/vc_row_inner]<div class=\"nasa-title clearfix nasa-t hr-type-none\"><h4 class=\"nasa-heading-title\"><span class=\"nasa-title-wrap\"><span style=\"color: #000000;\">AirWash\u2122 sausais \u0161amp\u016bn | 118 ml<\/span><\/span><\/h4><p class=\"nasa-title-desc\" style=\"color: #000000;\">EFEKT\u012aVAS IEDARB\u012aBAS SAUSAIS \u0160AMP\u016aN<\/p><\/div>[vc_empty_space height=&#8221;10px&#8221;][vc_column_text css=&#8221;&#8221;]<strong>\u012apa\u0161i efekt\u012bvs<\/strong> sausais \u0161amp\u016bns bez aerosola.[\/vc_column_text][vc_empty_space height=&#8221;20px&#8221;][vc_separator][vc_row_inner][vc_column_inner width=&#8221;1\/2&#8243;][vc_empty_space height=&#8221;20px&#8221;][vc_column_text css=&#8221;&#8221;]Revolucion\u0101r\u0101 un efekt\u012bv\u0101 <strong>odorBIND\u2122 biotehnolo\u0123ija<\/strong> nevis mask\u0113 nepat\u012bkamas smar\u017eas, bet gan atkl\u0101j un neitraliz\u0113 t\u0101s l\u012bdz pat tr\u012bs dienu garum\u0101.<\/p>\n<p>Caursp\u012bd\u012bg\u0101s mikrogranulas absorb\u0113 e\u013c\u013cu, neatst\u0101jot matus baltus.<\/p>\n<p>Viegla un maiga formula bez sp\u0113c\u012bg\u0101m smar\u017eviel\u0101m.[\/vc_column_text][vc_empty_space height=&#8221;20px&#8221;][vc_column_text css=&#8221;&#8221;]<\/p>\n<h4><strong>LIETO\u0160ANA<\/strong><\/h4>\n<p>K\u0100RT\u012aGI SAKRAT\u012aT! Produkts var s\u0101kotn\u0113ji \u0161\u0137ist viegli mitrs, ta\u010du tas neboj\u0101 matu sak\u0101rtojumu.<\/p>\n<ol>\n<li>Lai nodro\u0161in\u0101tu vienm\u0113r\u012bgu izsmidzin\u0101\u0161anu, turi pudeli 10-15 cm att\u0101lum\u0101 no matiem.<\/li>\n<li>S\u0101c ar vienu dozatora devu, p\u0113c vajadz\u012bbas palielinot daudzumu l\u012bdz trim dozatora dev\u0101m.<\/li>\n<li>Iemas\u0113 matos un iz\u0137emm\u0113, vai ieveido ierastaj\u0101 veid\u0101.<\/li>\n<\/ol>\n<p>[\/vc_column_text][\/vc_column_inner][vc_column_inner width=&#8221;1\/2&#8243;][vc_empty_space height=&#8221;25px&#8221;][vc_single_image image=&#8221;6691&#8243; img_size=&#8221;full&#8221; alignment=&#8221;center&#8221; css=&#8221;&#8221;][\/vc_column_inner][\/vc_row_inner][vc_empty_space height=&#8221;25px&#8221;][vc_separator][vc_empty_space height=&#8221;20px&#8221;][vc_column_text]<\/p>\n<h4><strong>Lieto\u0161anas piesardz\u012bbas pas\u0101kumi:<\/strong><\/h4>\n<div class=\"accordion__copy--inner\" data-accordion-copy-text=\"\">\n<p>Izvairieties no saskares ar ac\u012bm. Tikai \u0101r\u012bgai lieto\u0161anai. Nev\u0113lamas reakcijas gad\u012bjum\u0101 p\u0101rtrauciet lieto\u0161anu un nekav\u0113joties sazinieties ar \u0101rstu. Glab\u0101jiet b\u0113rniem nepieejam\u0101 viet\u0101.<\/p>\n<\/div>\n<p>[\/vc_column_text][vc_empty_space height=&#8221;10px&#8221;][\/vc_column][\/vc_row]<\/p>\n<\/div>","protected":false},"excerpt":{"rendered":"<h5><strong>118 ml<\/strong><\/h5>\n<p><strong>EFEKT\u012aVAS IEDARB\u012aBAS SAUSAIS \u0160AMP\u016aN<\/strong><br \/>\n\u012apa\u0161i efekt\u012bvs sausais \u0161amp\u016bns bez aerosola.<\/p>\n","protected":false},"featured_media":6696,"template":"","meta":[],"product_brand":[],"product_cat":[315],"product_tag":[],"class_list":{"0":"post-6701","1":"product","2":"type-product","3":"status-publish","4":"has-post-thumbnail","6":"product_cat-k18-hair-lv","8":"first","9":"instock","10":"taxable","11":"shipping-taxable","12":"purchasable","13":"product-type-simple"},"yoast_head":"<!-- This site is optimized with the Yoast SEO plugin v27.4 - https:\/\/yoast.com\/product\/yoast-seo-wordpress\/ -->\n<title>AirWash\u2122 sausais \u0161amp\u016bn - iD Color<\/title>\n<meta name=\"description\" content=\"Efekt\u012bvas iedarb\u012bbas sausais \u0161amp\u016bn. \u012apa\u0161i efekt\u012bvs sausais \u0161amp\u016bns bez aerosola.\" \/>\n<meta name=\"robots\" content=\"index, follow, max-snippet:-1, max-image-preview:large, max-video-preview:-1\" \/>\n<link rel=\"canonical\" href=\"https:\/\/idcolor.ee\/lv\/produkts\/airwash-sausais-sampun\/\" \/>\n<meta property=\"og:locale\" content=\"lv_LV\" \/>\n<meta property=\"og:type\" content=\"article\" \/>\n<meta property=\"og:title\" content=\"AirWash\u2122 sausais \u0161amp\u016bn - iD Color\" \/>\n<meta property=\"og:description\" content=\"Efekt\u012bvas iedarb\u012bbas sausais \u0161amp\u016bn. \u012apa\u0161i efekt\u012bvs sausais \u0161amp\u016bns bez aerosola.\" \/>\n<meta property=\"og:url\" content=\"https:\/\/idcolor.ee\/lv\/produkts\/airwash-sausais-sampun\/\" \/>\n<meta property=\"og:site_name\" content=\"iD Color\" \/>\n<meta property=\"article:modified_time\" content=\"2025-11-30T22:12:10+00:00\" \/>\n<meta property=\"og:image\" content=\"https:\/\/idcolor.ee\/wp-content\/uploads\/2024\/11\/K18_AirWash.jpg\" \/>\n\t<meta property=\"og:image:width\" content=\"1080\" \/>\n\t<meta property=\"og:image:height\" content=\"1080\" \/>\n\t<meta property=\"og:image:type\" content=\"image\/jpeg\" \/>\n<meta name=\"twitter:card\" content=\"summary_large_image\" \/>\n<meta name=\"twitter:label1\" content=\"Est. reading time\" \/>\n\t<meta name=\"twitter:data1\" content=\"2 minutes\" \/>\n<script type=\"application\/ld+json\" class=\"yoast-schema-graph\">{\"@context\":\"https:\\\/\\\/schema.org\",\"@graph\":[{\"@type\":\"WebPage\",\"@id\":\"https:\\\/\\\/idcolor.ee\\\/lv\\\/produkts\\\/airwash-sausais-sampun\\\/\",\"url\":\"https:\\\/\\\/idcolor.ee\\\/lv\\\/produkts\\\/airwash-sausais-sampun\\\/\",\"name\":\"AirWash\u2122 sausais \u0161amp\u016bn - iD Color\",\"isPartOf\":{\"@id\":\"https:\\\/\\\/idcolor.ee\\\/lv\\\/#website\"},\"primaryImageOfPage\":{\"@id\":\"https:\\\/\\\/idcolor.ee\\\/lv\\\/produkts\\\/airwash-sausais-sampun\\\/#primaryimage\"},\"image\":{\"@id\":\"https:\\\/\\\/idcolor.ee\\\/lv\\\/produkts\\\/airwash-sausais-sampun\\\/#primaryimage\"},\"thumbnailUrl\":\"https:\\\/\\\/idcolor.ee\\\/wp-content\\\/uploads\\\/2024\\\/11\\\/K18_AirWash.jpg\",\"datePublished\":\"2024-11-18T22:13:47+00:00\",\"dateModified\":\"2025-11-30T22:12:10+00:00\",\"description\":\"Efekt\u012bvas iedarb\u012bbas sausais \u0161amp\u016bn. \u012apa\u0161i efekt\u012bvs sausais \u0161amp\u016bns bez aerosola.\",\"breadcrumb\":{\"@id\":\"https:\\\/\\\/idcolor.ee\\\/lv\\\/produkts\\\/airwash-sausais-sampun\\\/#breadcrumb\"},\"inLanguage\":\"lv-LV\",\"potentialAction\":[{\"@type\":\"ReadAction\",\"target\":[\"https:\\\/\\\/idcolor.ee\\\/lv\\\/produkts\\\/airwash-sausais-sampun\\\/\"]}]},{\"@type\":\"ImageObject\",\"inLanguage\":\"lv-LV\",\"@id\":\"https:\\\/\\\/idcolor.ee\\\/lv\\\/produkts\\\/airwash-sausais-sampun\\\/#primaryimage\",\"url\":\"https:\\\/\\\/idcolor.ee\\\/wp-content\\\/uploads\\\/2024\\\/11\\\/K18_AirWash.jpg\",\"contentUrl\":\"https:\\\/\\\/idcolor.ee\\\/wp-content\\\/uploads\\\/2024\\\/11\\\/K18_AirWash.jpg\",\"width\":1080,\"height\":1080},{\"@type\":\"BreadcrumbList\",\"@id\":\"https:\\\/\\\/idcolor.ee\\\/lv\\\/produkts\\\/airwash-sausais-sampun\\\/#breadcrumb\",\"itemListElement\":[{\"@type\":\"ListItem\",\"position\":1,\"name\":\"Home\",\"item\":\"https:\\\/\\\/idcolor.ee\\\/lv\\\/majas-lapa\\\/\"},{\"@type\":\"ListItem\",\"position\":2,\"name\":\"Shop\",\"item\":\"https:\\\/\\\/idcolor.ee\\\/lv\\\/shop-2\\\/\"},{\"@type\":\"ListItem\",\"position\":3,\"name\":\"AirWash\u2122 sausais \u0161amp\u016bn\"}]},{\"@type\":\"WebSite\",\"@id\":\"https:\\\/\\\/idcolor.ee\\\/lv\\\/#website\",\"url\":\"https:\\\/\\\/idcolor.ee\\\/lv\\\/\",\"name\":\"iD Color\",\"description\":\"Hair care products\",\"publisher\":{\"@id\":\"https:\\\/\\\/idcolor.ee\\\/lv\\\/#organization\"},\"potentialAction\":[{\"@type\":\"SearchAction\",\"target\":{\"@type\":\"EntryPoint\",\"urlTemplate\":\"https:\\\/\\\/idcolor.ee\\\/lv\\\/?s={search_term_string}\"},\"query-input\":{\"@type\":\"PropertyValueSpecification\",\"valueRequired\":true,\"valueName\":\"search_term_string\"}}],\"inLanguage\":\"lv-LV\"},{\"@type\":\"Organization\",\"@id\":\"https:\\\/\\\/idcolor.ee\\\/lv\\\/#organization\",\"name\":\"iD Color O\u00dc\",\"url\":\"https:\\\/\\\/idcolor.ee\\\/lv\\\/\",\"logo\":{\"@type\":\"ImageObject\",\"inLanguage\":\"lv-LV\",\"@id\":\"https:\\\/\\\/idcolor.ee\\\/lv\\\/#\\\/schema\\\/logo\\\/image\\\/\",\"url\":\"https:\\\/\\\/idcolor.ee\\\/wp-content\\\/uploads\\\/2022\\\/01\\\/IDColor_Logo_1000.png\",\"contentUrl\":\"https:\\\/\\\/idcolor.ee\\\/wp-content\\\/uploads\\\/2022\\\/01\\\/IDColor_Logo_1000.png\",\"width\":1001,\"height\":354,\"caption\":\"iD Color O\u00dc\"},\"image\":{\"@id\":\"https:\\\/\\\/idcolor.ee\\\/lv\\\/#\\\/schema\\\/logo\\\/image\\\/\"}}]}<\/script>\n<!-- \/ Yoast SEO plugin. -->","yoast_head_json":{"title":"AirWash\u2122 sausais \u0161amp\u016bn - iD Color","description":"Efekt\u012bvas iedarb\u012bbas sausais \u0161amp\u016bn. \u012apa\u0161i efekt\u012bvs sausais \u0161amp\u016bns bez aerosola.","robots":{"index":"index","follow":"follow","max-snippet":"max-snippet:-1","max-image-preview":"max-image-preview:large","max-video-preview":"max-video-preview:-1"},"canonical":"https:\/\/idcolor.ee\/lv\/produkts\/airwash-sausais-sampun\/","og_locale":"lv_LV","og_type":"article","og_title":"AirWash\u2122 sausais \u0161amp\u016bn - iD Color","og_description":"Efekt\u012bvas iedarb\u012bbas sausais \u0161amp\u016bn. \u012apa\u0161i efekt\u012bvs sausais \u0161amp\u016bns bez aerosola.","og_url":"https:\/\/idcolor.ee\/lv\/produkts\/airwash-sausais-sampun\/","og_site_name":"iD Color","article_modified_time":"2025-11-30T22:12:10+00:00","og_image":[{"width":1080,"height":1080,"url":"https:\/\/idcolor.ee\/wp-content\/uploads\/2024\/11\/K18_AirWash.jpg","type":"image\/jpeg"}],"twitter_card":"summary_large_image","twitter_misc":{"Est. reading time":"2 minutes"},"schema":{"@context":"https:\/\/schema.org","@graph":[{"@type":"WebPage","@id":"https:\/\/idcolor.ee\/lv\/produkts\/airwash-sausais-sampun\/","url":"https:\/\/idcolor.ee\/lv\/produkts\/airwash-sausais-sampun\/","name":"AirWash\u2122 sausais \u0161amp\u016bn - iD Color","isPartOf":{"@id":"https:\/\/idcolor.ee\/lv\/#website"},"primaryImageOfPage":{"@id":"https:\/\/idcolor.ee\/lv\/produkts\/airwash-sausais-sampun\/#primaryimage"},"image":{"@id":"https:\/\/idcolor.ee\/lv\/produkts\/airwash-sausais-sampun\/#primaryimage"},"thumbnailUrl":"https:\/\/idcolor.ee\/wp-content\/uploads\/2024\/11\/K18_AirWash.jpg","datePublished":"2024-11-18T22:13:47+00:00","dateModified":"2025-11-30T22:12:10+00:00","description":"Efekt\u012bvas iedarb\u012bbas sausais \u0161amp\u016bn. \u012apa\u0161i efekt\u012bvs sausais \u0161amp\u016bns bez aerosola.","breadcrumb":{"@id":"https:\/\/idcolor.ee\/lv\/produkts\/airwash-sausais-sampun\/#breadcrumb"},"inLanguage":"lv-LV","potentialAction":[{"@type":"ReadAction","target":["https:\/\/idcolor.ee\/lv\/produkts\/airwash-sausais-sampun\/"]}]},{"@type":"ImageObject","inLanguage":"lv-LV","@id":"https:\/\/idcolor.ee\/lv\/produkts\/airwash-sausais-sampun\/#primaryimage","url":"https:\/\/idcolor.ee\/wp-content\/uploads\/2024\/11\/K18_AirWash.jpg","contentUrl":"https:\/\/idcolor.ee\/wp-content\/uploads\/2024\/11\/K18_AirWash.jpg","width":1080,"height":1080},{"@type":"BreadcrumbList","@id":"https:\/\/idcolor.ee\/lv\/produkts\/airwash-sausais-sampun\/#breadcrumb","itemListElement":[{"@type":"ListItem","position":1,"name":"Home","item":"https:\/\/idcolor.ee\/lv\/majas-lapa\/"},{"@type":"ListItem","position":2,"name":"Shop","item":"https:\/\/idcolor.ee\/lv\/shop-2\/"},{"@type":"ListItem","position":3,"name":"AirWash\u2122 sausais \u0161amp\u016bn"}]},{"@type":"WebSite","@id":"https:\/\/idcolor.ee\/lv\/#website","url":"https:\/\/idcolor.ee\/lv\/","name":"iD Color","description":"Hair care products","publisher":{"@id":"https:\/\/idcolor.ee\/lv\/#organization"},"potentialAction":[{"@type":"SearchAction","target":{"@type":"EntryPoint","urlTemplate":"https:\/\/idcolor.ee\/lv\/?s={search_term_string}"},"query-input":{"@type":"PropertyValueSpecification","valueRequired":true,"valueName":"search_term_string"}}],"inLanguage":"lv-LV"},{"@type":"Organization","@id":"https:\/\/idcolor.ee\/lv\/#organization","name":"iD Color O\u00dc","url":"https:\/\/idcolor.ee\/lv\/","logo":{"@type":"ImageObject","inLanguage":"lv-LV","@id":"https:\/\/idcolor.ee\/lv\/#\/schema\/logo\/image\/","url":"https:\/\/idcolor.ee\/wp-content\/uploads\/2022\/01\/IDColor_Logo_1000.png","contentUrl":"https:\/\/idcolor.ee\/wp-content\/uploads\/2022\/01\/IDColor_Logo_1000.png","width":1001,"height":354,"caption":"iD Color O\u00dc"},"image":{"@id":"https:\/\/idcolor.ee\/lv\/#\/schema\/logo\/image\/"}}]}},"_links":{"self":[{"href":"https:\/\/idcolor.ee\/lv\/wp-json\/wp\/v2\/product\/6701","targetHints":{"allow":["GET"]}}],"collection":[{"href":"https:\/\/idcolor.ee\/lv\/wp-json\/wp\/v2\/product"}],"about":[{"href":"https:\/\/idcolor.ee\/lv\/wp-json\/wp\/v2\/types\/product"}],"wp:featuredmedia":[{"embeddable":true,"href":"https:\/\/idcolor.ee\/lv\/wp-json\/wp\/v2\/media\/6696"}],"wp:attachment":[{"href":"https:\/\/idcolor.ee\/lv\/wp-json\/wp\/v2\/media?parent=6701"}],"wp:term":[{"taxonomy":"product_brand","embeddable":true,"href":"https:\/\/idcolor.ee\/lv\/wp-json\/wp\/v2\/product_brand?post=6701"},{"taxonomy":"product_cat","embeddable":true,"href":"https:\/\/idcolor.ee\/lv\/wp-json\/wp\/v2\/product_cat?post=6701"},{"taxonomy":"product_tag","embeddable":true,"href":"https:\/\/idcolor.ee\/lv\/wp-json\/wp\/v2\/product_tag?post=6701"}],"curies":[{"name":"wp","href":"https:\/\/api.w.org\/{rel}","templated":true}]}}