{"id":6776,"date":"2025-03-13T17:14:28","date_gmt":"2025-03-13T15:14:28","guid":{"rendered":"https:\/\/idcolor.ee\/product\/astrolift-izsmidzinams-lidzeklis-matu-apjomam\/"},"modified":"2025-12-01T00:12:09","modified_gmt":"2025-11-30T22:12:09","slug":"astrolift-izsmidzinams-lidzeklis-matu-apjomam","status":"publish","type":"product","link":"https:\/\/idcolor.ee\/lv\/produkts\/astrolift-izsmidzinams-lidzeklis-matu-apjomam\/","title":{"rendered":"AstroLift\u2122 izsmidzin\u0101ms l\u012bdzeklis matu apjomam"},"content":{"rendered":"<div class=\"wpb-content-wrapper\"><p>[vc_row][vc_column][vc_row_inner][vc_column_inner width=&#8221;1\/4&#8243; offset=&#8221;vc_hidden-sm vc_hidden-xs&#8221; css=&#8221;.vc_custom_1643102572855{padding-right: 40% !important;}&#8221;][vc_single_image image=&#8221;4767&#8243; img_size=&#8221;full&#8221;][vc_empty_space height=&#8221;20px&#8221;][\/vc_column_inner][vc_column_inner width=&#8221;3\/4&#8243; css=&#8221;.vc_custom_1643102537405{padding-right: 70% !important;}&#8221; offset=&#8221;vc_hidden-lg vc_hidden-md&#8221;][vc_single_image image=&#8221;4767&#8243; img_size=&#8221;full&#8221;][vc_empty_space height=&#8221;20px&#8221;][\/vc_column_inner][\/vc_row_inner]<div class=\"nasa-title clearfix nasa-t hr-type-none\"><h4 class=\"nasa-heading-title\"><span class=\"nasa-title-wrap\"><span style=\"color: #000000;\">AstroLift\u2122 izsmidzin\u0101ms l\u012bdzeklis matu apjomam | 118 ml<\/span><\/span><\/h4><p class=\"nasa-title-desc\" style=\"color: #000000;\">SATUR PATENT\u0112TU K18 PEPT\u012aDU<\/p><\/div>[vc_empty_space height=&#8221;10px&#8221;][vc_column_text css=&#8221;&#8221;]<strong>Vieglais, izsmidzin\u0101mais l\u012bdzeklis nesalipina<\/strong> matus un ir \u012bpa\u0161i piem\u0113rots pl\u0101niem, trausliem matiem, kuriem nepiecie\u0161ams papildus apjoms. Tas pie\u0161\u0137ir matiem kupl\u0101ku, apjom\u012bg\u0101ku izskatu, un t\u0101 efekts saglab\u0101jas l\u012bdz pat 2 dien\u0101m.<\/p>\n<p><a href=\"https:\/\/www.k18hair.com\/pages\/disclaimers\" target=\"_blank\" rel=\"noopener\"><em>*k18hair.com\/disclaimers<\/em><\/a>[\/vc_column_text][vc_empty_space height=&#8221;20px&#8221;][vc_separator][vc_row_inner][vc_column_inner width=&#8221;1\/2&#8243;][vc_empty_space height=&#8221;20px&#8221;][vc_column_text css=&#8221;&#8221;]<\/p>\n<ul>\n<li><strong>Apjoma l\u012bdzeklis palielina mata diametru pat par 25%<\/strong> un atdala \u0161\u0137ipsnas, radot kupl\u0101ku matu efektu.<\/li>\n<li>L\u012bdzek\u013ca akt\u012bv\u0101 sast\u0101vda\u013ca ir atjaunojo\u0161ais pept\u012bds <strong>K18PEPTIDE\u2122<\/strong>, kas pal\u012bdz uzlabot matu elast\u012bbu un mazin\u0101t boj\u0101jumus.<\/li>\n<li>Pal\u012bdz <strong>samazin\u0101t karstuma un meh\u0101niskas apstr\u0101des rad\u012btos boj\u0101jumus.<\/strong><\/li>\n<li><strong>Mitrumiztur\u012bgs l\u012bdzeklis<\/strong> \u2013 dab\u012bgais polim\u0113rs darbojas k\u0101 bezsvara aizsargbarjera pret mitrumu.<\/li>\n<\/ul>\n<p>[\/vc_column_text][vc_empty_space height=&#8221;20px&#8221;][vc_column_text css=&#8221;&#8221;]<\/p>\n<h4><strong>LIETO\u0160ANA<\/strong><\/h4>\n<p>Izsmidzin\u0101t mitros vai sausos matos.<\/p>\n<ol>\n<li>K\u0100RT\u012aGI SAKRAT\u012aT!<\/li>\n<li>Tur\u0113t pudeli 10-15 cm att\u0101lum\u0101 no matiem.<\/li>\n<li>Apstr\u0101d\u0101t matus no sakn\u0113m l\u012bdz gali\u0146iem.<\/li>\n<li>Lai ieg\u016btu papildu kuplumu, \u017e\u0101v\u0113t matus ar f\u0113nu.<\/li>\n<\/ol>\n<p>Var lietot starp mazg\u0101\u0161anas reiz\u0113m, lai pie\u0161\u0137irtu matiem papildus apjomu.[\/vc_column_text][\/vc_column_inner][vc_column_inner width=&#8221;1\/2&#8243;][vc_empty_space height=&#8221;25px&#8221;][vc_single_image image=&#8221;6768&#8243; img_size=&#8221;full&#8221; alignment=&#8221;center&#8221; css=&#8221;&#8221;][\/vc_column_inner][\/vc_row_inner][vc_empty_space height=&#8221;25px&#8221;][vc_separator][vc_empty_space height=&#8221;20px&#8221;][vc_column_text]<\/p>\n<h4><strong>Lieto\u0161anas piesardz\u012bbas pas\u0101kumi:<\/strong><\/h4>\n<div class=\"accordion__copy--inner\" data-accordion-copy-text=\"\">\n<p>Izvairieties no saskares ar ac\u012bm. Tikai \u0101r\u012bgai lieto\u0161anai. Nev\u0113lamas reakcijas gad\u012bjum\u0101 p\u0101rtrauciet lieto\u0161anu un nekav\u0113joties sazinieties ar \u0101rstu. Glab\u0101jiet b\u0113rniem nepieejam\u0101 viet\u0101.<\/p>\n<\/div>\n<p>[\/vc_column_text][vc_empty_space height=&#8221;10px&#8221;][\/vc_column][\/vc_row]<\/p>\n<\/div>","protected":false},"excerpt":{"rendered":"<h5><strong>118 ml<\/strong><\/h5>\n<p><strong>Vieglais, izsmidzin\u0101mais l\u012bdzeklis nesalipina<\/strong> matus un ir \u012bpa\u0161i piem\u0113rots pl\u0101niem, trausliem matiem, kuriem nepiecie\u0161ams papildus apjoms. Tas pie\u0161\u0137ir matiem kupl\u0101ku, apjom\u012bg\u0101ku izskatu, un t\u0101 efekts saglab\u0101jas l\u012bdz pat 2 dien\u0101m.<\/p>\n","protected":false},"featured_media":6773,"template":"","meta":[],"product_brand":[207],"product_cat":[315],"product_tag":[],"class_list":{"0":"post-6776","1":"product","2":"type-product","3":"status-publish","4":"has-post-thumbnail","6":"product_brand-k18-hair","7":"product_cat-k18-hair-lv","9":"first","10":"instock","11":"taxable","12":"shipping-taxable","13":"purchasable","14":"product-type-simple"},"yoast_head":"<!-- This site is optimized with the Yoast SEO plugin v27.4 - https:\/\/yoast.com\/product\/yoast-seo-wordpress\/ -->\n<title>AstroLift\u2122 izsmidzin\u0101ms l\u012bdzeklis matu apjomam - iD Color<\/title>\n<meta name=\"description\" content=\"A lightweight, non-sticky volume spray helps hair look and feel fuller, delivering flexible volume for up to two days\" \/>\n<meta name=\"robots\" content=\"index, follow, max-snippet:-1, max-image-preview:large, max-video-preview:-1\" \/>\n<link rel=\"canonical\" href=\"https:\/\/idcolor.ee\/lv\/produkts\/astrolift-izsmidzinams-lidzeklis-matu-apjomam\/\" \/>\n<meta property=\"og:locale\" content=\"lv_LV\" \/>\n<meta property=\"og:type\" content=\"article\" \/>\n<meta property=\"og:title\" content=\"AstroLift\u2122 izsmidzin\u0101ms l\u012bdzeklis matu apjomam - iD Color\" \/>\n<meta property=\"og:description\" content=\"A lightweight, non-sticky volume spray helps hair look and feel fuller, delivering flexible volume for up to two days\" \/>\n<meta property=\"og:url\" content=\"https:\/\/idcolor.ee\/lv\/produkts\/astrolift-izsmidzinams-lidzeklis-matu-apjomam\/\" \/>\n<meta property=\"og:site_name\" content=\"iD Color\" \/>\n<meta property=\"article:modified_time\" content=\"2025-11-30T22:12:09+00:00\" \/>\n<meta property=\"og:image\" content=\"https:\/\/idcolor.ee\/wp-content\/uploads\/2025\/03\/K18_AstroLift.jpg\" \/>\n\t<meta property=\"og:image:width\" content=\"1080\" \/>\n\t<meta property=\"og:image:height\" content=\"1080\" \/>\n\t<meta property=\"og:image:type\" content=\"image\/jpeg\" \/>\n<meta name=\"twitter:card\" content=\"summary_large_image\" \/>\n<meta name=\"twitter:label1\" content=\"Est. reading time\" \/>\n\t<meta name=\"twitter:data1\" content=\"2 minutes\" \/>\n<script type=\"application\/ld+json\" class=\"yoast-schema-graph\">{\"@context\":\"https:\\\/\\\/schema.org\",\"@graph\":[{\"@type\":\"WebPage\",\"@id\":\"https:\\\/\\\/idcolor.ee\\\/lv\\\/produkts\\\/astrolift-izsmidzinams-lidzeklis-matu-apjomam\\\/\",\"url\":\"https:\\\/\\\/idcolor.ee\\\/lv\\\/produkts\\\/astrolift-izsmidzinams-lidzeklis-matu-apjomam\\\/\",\"name\":\"AstroLift\u2122 izsmidzin\u0101ms l\u012bdzeklis matu apjomam - iD Color\",\"isPartOf\":{\"@id\":\"https:\\\/\\\/idcolor.ee\\\/lv\\\/#website\"},\"primaryImageOfPage\":{\"@id\":\"https:\\\/\\\/idcolor.ee\\\/lv\\\/produkts\\\/astrolift-izsmidzinams-lidzeklis-matu-apjomam\\\/#primaryimage\"},\"image\":{\"@id\":\"https:\\\/\\\/idcolor.ee\\\/lv\\\/produkts\\\/astrolift-izsmidzinams-lidzeklis-matu-apjomam\\\/#primaryimage\"},\"thumbnailUrl\":\"https:\\\/\\\/idcolor.ee\\\/wp-content\\\/uploads\\\/2025\\\/03\\\/K18_AstroLift.jpg\",\"datePublished\":\"2025-03-13T15:14:28+00:00\",\"dateModified\":\"2025-11-30T22:12:09+00:00\",\"description\":\"A lightweight, non-sticky volume spray helps hair look and feel fuller, delivering flexible volume for up to two days\",\"breadcrumb\":{\"@id\":\"https:\\\/\\\/idcolor.ee\\\/lv\\\/produkts\\\/astrolift-izsmidzinams-lidzeklis-matu-apjomam\\\/#breadcrumb\"},\"inLanguage\":\"lv-LV\",\"potentialAction\":[{\"@type\":\"ReadAction\",\"target\":[\"https:\\\/\\\/idcolor.ee\\\/lv\\\/produkts\\\/astrolift-izsmidzinams-lidzeklis-matu-apjomam\\\/\"]}]},{\"@type\":\"ImageObject\",\"inLanguage\":\"lv-LV\",\"@id\":\"https:\\\/\\\/idcolor.ee\\\/lv\\\/produkts\\\/astrolift-izsmidzinams-lidzeklis-matu-apjomam\\\/#primaryimage\",\"url\":\"https:\\\/\\\/idcolor.ee\\\/wp-content\\\/uploads\\\/2025\\\/03\\\/K18_AstroLift.jpg\",\"contentUrl\":\"https:\\\/\\\/idcolor.ee\\\/wp-content\\\/uploads\\\/2025\\\/03\\\/K18_AstroLift.jpg\",\"width\":1080,\"height\":1080},{\"@type\":\"BreadcrumbList\",\"@id\":\"https:\\\/\\\/idcolor.ee\\\/lv\\\/produkts\\\/astrolift-izsmidzinams-lidzeklis-matu-apjomam\\\/#breadcrumb\",\"itemListElement\":[{\"@type\":\"ListItem\",\"position\":1,\"name\":\"Home\",\"item\":\"https:\\\/\\\/idcolor.ee\\\/lv\\\/majas-lapa\\\/\"},{\"@type\":\"ListItem\",\"position\":2,\"name\":\"Shop\",\"item\":\"https:\\\/\\\/idcolor.ee\\\/lv\\\/shop-2\\\/\"},{\"@type\":\"ListItem\",\"position\":3,\"name\":\"AstroLift\u2122 izsmidzin\u0101ms l\u012bdzeklis matu apjomam\"}]},{\"@type\":\"WebSite\",\"@id\":\"https:\\\/\\\/idcolor.ee\\\/lv\\\/#website\",\"url\":\"https:\\\/\\\/idcolor.ee\\\/lv\\\/\",\"name\":\"iD Color\",\"description\":\"Hair care products\",\"publisher\":{\"@id\":\"https:\\\/\\\/idcolor.ee\\\/lv\\\/#organization\"},\"potentialAction\":[{\"@type\":\"SearchAction\",\"target\":{\"@type\":\"EntryPoint\",\"urlTemplate\":\"https:\\\/\\\/idcolor.ee\\\/lv\\\/?s={search_term_string}\"},\"query-input\":{\"@type\":\"PropertyValueSpecification\",\"valueRequired\":true,\"valueName\":\"search_term_string\"}}],\"inLanguage\":\"lv-LV\"},{\"@type\":\"Organization\",\"@id\":\"https:\\\/\\\/idcolor.ee\\\/lv\\\/#organization\",\"name\":\"iD Color O\u00dc\",\"url\":\"https:\\\/\\\/idcolor.ee\\\/lv\\\/\",\"logo\":{\"@type\":\"ImageObject\",\"inLanguage\":\"lv-LV\",\"@id\":\"https:\\\/\\\/idcolor.ee\\\/lv\\\/#\\\/schema\\\/logo\\\/image\\\/\",\"url\":\"https:\\\/\\\/idcolor.ee\\\/wp-content\\\/uploads\\\/2022\\\/01\\\/IDColor_Logo_1000.png\",\"contentUrl\":\"https:\\\/\\\/idcolor.ee\\\/wp-content\\\/uploads\\\/2022\\\/01\\\/IDColor_Logo_1000.png\",\"width\":1001,\"height\":354,\"caption\":\"iD Color O\u00dc\"},\"image\":{\"@id\":\"https:\\\/\\\/idcolor.ee\\\/lv\\\/#\\\/schema\\\/logo\\\/image\\\/\"}}]}<\/script>\n<!-- \/ Yoast SEO plugin. -->","yoast_head_json":{"title":"AstroLift\u2122 izsmidzin\u0101ms l\u012bdzeklis matu apjomam - iD Color","description":"A lightweight, non-sticky volume spray helps hair look and feel fuller, delivering flexible volume for up to two days","robots":{"index":"index","follow":"follow","max-snippet":"max-snippet:-1","max-image-preview":"max-image-preview:large","max-video-preview":"max-video-preview:-1"},"canonical":"https:\/\/idcolor.ee\/lv\/produkts\/astrolift-izsmidzinams-lidzeklis-matu-apjomam\/","og_locale":"lv_LV","og_type":"article","og_title":"AstroLift\u2122 izsmidzin\u0101ms l\u012bdzeklis matu apjomam - iD Color","og_description":"A lightweight, non-sticky volume spray helps hair look and feel fuller, delivering flexible volume for up to two days","og_url":"https:\/\/idcolor.ee\/lv\/produkts\/astrolift-izsmidzinams-lidzeklis-matu-apjomam\/","og_site_name":"iD Color","article_modified_time":"2025-11-30T22:12:09+00:00","og_image":[{"width":1080,"height":1080,"url":"https:\/\/idcolor.ee\/wp-content\/uploads\/2025\/03\/K18_AstroLift.jpg","type":"image\/jpeg"}],"twitter_card":"summary_large_image","twitter_misc":{"Est. reading time":"2 minutes"},"schema":{"@context":"https:\/\/schema.org","@graph":[{"@type":"WebPage","@id":"https:\/\/idcolor.ee\/lv\/produkts\/astrolift-izsmidzinams-lidzeklis-matu-apjomam\/","url":"https:\/\/idcolor.ee\/lv\/produkts\/astrolift-izsmidzinams-lidzeklis-matu-apjomam\/","name":"AstroLift\u2122 izsmidzin\u0101ms l\u012bdzeklis matu apjomam - iD Color","isPartOf":{"@id":"https:\/\/idcolor.ee\/lv\/#website"},"primaryImageOfPage":{"@id":"https:\/\/idcolor.ee\/lv\/produkts\/astrolift-izsmidzinams-lidzeklis-matu-apjomam\/#primaryimage"},"image":{"@id":"https:\/\/idcolor.ee\/lv\/produkts\/astrolift-izsmidzinams-lidzeklis-matu-apjomam\/#primaryimage"},"thumbnailUrl":"https:\/\/idcolor.ee\/wp-content\/uploads\/2025\/03\/K18_AstroLift.jpg","datePublished":"2025-03-13T15:14:28+00:00","dateModified":"2025-11-30T22:12:09+00:00","description":"A lightweight, non-sticky volume spray helps hair look and feel fuller, delivering flexible volume for up to two days","breadcrumb":{"@id":"https:\/\/idcolor.ee\/lv\/produkts\/astrolift-izsmidzinams-lidzeklis-matu-apjomam\/#breadcrumb"},"inLanguage":"lv-LV","potentialAction":[{"@type":"ReadAction","target":["https:\/\/idcolor.ee\/lv\/produkts\/astrolift-izsmidzinams-lidzeklis-matu-apjomam\/"]}]},{"@type":"ImageObject","inLanguage":"lv-LV","@id":"https:\/\/idcolor.ee\/lv\/produkts\/astrolift-izsmidzinams-lidzeklis-matu-apjomam\/#primaryimage","url":"https:\/\/idcolor.ee\/wp-content\/uploads\/2025\/03\/K18_AstroLift.jpg","contentUrl":"https:\/\/idcolor.ee\/wp-content\/uploads\/2025\/03\/K18_AstroLift.jpg","width":1080,"height":1080},{"@type":"BreadcrumbList","@id":"https:\/\/idcolor.ee\/lv\/produkts\/astrolift-izsmidzinams-lidzeklis-matu-apjomam\/#breadcrumb","itemListElement":[{"@type":"ListItem","position":1,"name":"Home","item":"https:\/\/idcolor.ee\/lv\/majas-lapa\/"},{"@type":"ListItem","position":2,"name":"Shop","item":"https:\/\/idcolor.ee\/lv\/shop-2\/"},{"@type":"ListItem","position":3,"name":"AstroLift\u2122 izsmidzin\u0101ms l\u012bdzeklis matu apjomam"}]},{"@type":"WebSite","@id":"https:\/\/idcolor.ee\/lv\/#website","url":"https:\/\/idcolor.ee\/lv\/","name":"iD Color","description":"Hair care products","publisher":{"@id":"https:\/\/idcolor.ee\/lv\/#organization"},"potentialAction":[{"@type":"SearchAction","target":{"@type":"EntryPoint","urlTemplate":"https:\/\/idcolor.ee\/lv\/?s={search_term_string}"},"query-input":{"@type":"PropertyValueSpecification","valueRequired":true,"valueName":"search_term_string"}}],"inLanguage":"lv-LV"},{"@type":"Organization","@id":"https:\/\/idcolor.ee\/lv\/#organization","name":"iD Color O\u00dc","url":"https:\/\/idcolor.ee\/lv\/","logo":{"@type":"ImageObject","inLanguage":"lv-LV","@id":"https:\/\/idcolor.ee\/lv\/#\/schema\/logo\/image\/","url":"https:\/\/idcolor.ee\/wp-content\/uploads\/2022\/01\/IDColor_Logo_1000.png","contentUrl":"https:\/\/idcolor.ee\/wp-content\/uploads\/2022\/01\/IDColor_Logo_1000.png","width":1001,"height":354,"caption":"iD Color O\u00dc"},"image":{"@id":"https:\/\/idcolor.ee\/lv\/#\/schema\/logo\/image\/"}}]}},"_links":{"self":[{"href":"https:\/\/idcolor.ee\/lv\/wp-json\/wp\/v2\/product\/6776","targetHints":{"allow":["GET"]}}],"collection":[{"href":"https:\/\/idcolor.ee\/lv\/wp-json\/wp\/v2\/product"}],"about":[{"href":"https:\/\/idcolor.ee\/lv\/wp-json\/wp\/v2\/types\/product"}],"wp:featuredmedia":[{"embeddable":true,"href":"https:\/\/idcolor.ee\/lv\/wp-json\/wp\/v2\/media\/6773"}],"wp:attachment":[{"href":"https:\/\/idcolor.ee\/lv\/wp-json\/wp\/v2\/media?parent=6776"}],"wp:term":[{"taxonomy":"product_brand","embeddable":true,"href":"https:\/\/idcolor.ee\/lv\/wp-json\/wp\/v2\/product_brand?post=6776"},{"taxonomy":"product_cat","embeddable":true,"href":"https:\/\/idcolor.ee\/lv\/wp-json\/wp\/v2\/product_cat?post=6776"},{"taxonomy":"product_tag","embeddable":true,"href":"https:\/\/idcolor.ee\/lv\/wp-json\/wp\/v2\/product_tag?post=6776"}],"curies":[{"name":"wp","href":"https:\/\/api.w.org\/{rel}","templated":true}]}}