{"id":6926,"date":"2025-08-05T14:59:59","date_gmt":"2025-08-05T11:59:59","guid":{"rendered":"https:\/\/idcolor.ee\/product\/k18-heatbounce-mitrinoss-matu-aizsardzibas-lidzeklis-pret-karstumu\/"},"modified":"2025-12-01T00:12:09","modified_gmt":"2025-11-30T22:12:09","slug":"k18-heatbounce-mitrinoss-matu-aizsardzibas-lidzeklis-pret-karstumu","status":"publish","type":"product","link":"https:\/\/idcolor.ee\/lv\/produkts\/k18-heatbounce-mitrinoss-matu-aizsardzibas-lidzeklis-pret-karstumu\/","title":{"rendered":"K18 HeatBounce mitrino\u0161s matu aizsardz\u012bbas l\u012bdzeklis pret karstumu"},"content":{"rendered":"<div class=\"wpb-content-wrapper\"><p>[vc_row][vc_column][vc_row_inner][vc_column_inner width=&#8221;1\/4&#8243; offset=&#8221;vc_hidden-sm vc_hidden-xs&#8221; css=&#8221;.vc_custom_1643102572855{padding-right: 40% !important;}&#8221;][vc_single_image image=&#8221;4767&#8243; img_size=&#8221;full&#8221;][vc_empty_space height=&#8221;20px&#8221;][\/vc_column_inner][vc_column_inner width=&#8221;3\/4&#8243; css=&#8221;.vc_custom_1643102537405{padding-right: 70% !important;}&#8221; offset=&#8221;vc_hidden-lg vc_hidden-md&#8221;][vc_single_image image=&#8221;4767&#8243; img_size=&#8221;full&#8221;][vc_empty_space height=&#8221;20px&#8221;][\/vc_column_inner][\/vc_row_inner]<div class=\"nasa-title clearfix nasa-t hr-type-none\"><h4 class=\"nasa-heading-title\"><span class=\"nasa-title-wrap\"><span style=\"color: #000000;\">K18 HeatBounce mitrino\u0161s matu aizsardz\u012bbas l\u012bdzeklis pret karstumu | 118 ml<\/span><\/span><\/h4><p class=\"nasa-title-desc\" style=\"color: #000000;\">Termoaizsardz\u012bba l\u012bdz 232 \u00b0C<\/p><\/div>[vc_empty_space height=&#8221;20px&#8221;][vc_separator][vc_empty_space height=&#8221;20px&#8221;]<div class=\"nasa-title clearfix nasa-s hr-type-none\"><h4 class=\"nasa-heading-title\"><span class=\"nasa-title-wrap\"><span style=\"color: #EF5196;\">Revolucion\u0101rais HeatBounce l\u012bdzeklis matu aizsardz\u012bbai pret karstumu ir k\u0101 neredzams vairogs j\u016bsu matiem<\/span><\/span><\/h4><\/div>[vc_empty_space height=&#8221;25px&#8221;][vc_separator][vc_row_inner css=&#8221;.vc_custom_1641810793016{padding-bottom: 30px !important;}&#8221;][vc_column_inner width=&#8221;1\/2&#8243;][vc_empty_space height=&#8221;20px&#8221;][vc_column_text css=&#8221;&#8221;]<strong>Inovat\u012bv\u0101 Resilicore\u2122 tehnolo\u0123ija<\/strong> nodro\u0161ina aizsardz\u012bbu l\u012bdz pat 232 \u00b0C un pasarg\u0101 matus no UV starojuma, vienlaikus nodro\u0161inot to kop\u0161anu un nov\u0113r\u0161ot kr\u0101sas izbal\u0113\u0161anu, matu sausumu un l\u016b\u0161anu.<\/p>\n<p>Resilicore\u2122 molekul\u0101r\u0101 strukt\u016bra \u013cauj iek\u013c\u016bt matu korteks\u0101 daudz dzi\u013c\u0101k nek\u0101 l\u012bdz \u0161im, iek\u0161pus\u0113 veidojot sp\u0113c\u012bgu aizsargsl\u0101ni.<\/p>\n<p>Kopjo\u0161\u0101 formula mitrina un m\u012bkstina matus, mazinot ar\u012b boj\u0101tu matu p\u016bko\u0161anos.<\/p>\n<p>Piem\u0113rots visiem matu tipiem. Var lietot ar\u012b uz pieaudz\u0113tiem matiem.[\/vc_column_text][vc_empty_space height=&#8221;15px&#8221;][vc_column_text css=&#8221;&#8221;]<\/p>\n<h4><strong>LIETO\u0160ANA<\/strong><\/h4>\n<ul>\n<li>Izsmidzini produktu uz mitriem matiem (pirms \u017e\u0101v\u0113\u0161anas ar f\u0113nu) vai uz sausiem matiem (katru reizi pirms veido\u0161anas ar lok\u0161\u0137\u0113r\u0113m vai taisno\u0161anas).<\/li>\n<li>Lai pan\u0101ktu vienm\u0113r\u012bgu produkta kl\u0101jumu, izsmidzini produktu pa da\u013c\u0101m un ie\u0137emm\u0113 matos.<\/li>\n<\/ul>\n<p>[\/vc_column_text][\/vc_column_inner][vc_column_inner width=&#8221;1\/2&#8243;][vc_empty_space height=&#8221;25px&#8221;][vc_single_image image=&#8221;6918&#8243; img_size=&#8221;full&#8221; alignment=&#8221;center&#8221; css=&#8221;&#8221;][\/vc_column_inner][\/vc_row_inner][vc_empty_space height=&#8221;35px&#8221;][vc_separator][vc_empty_space height=&#8221;20px&#8221;][vc_column_text]<\/p>\n<h4><strong>Lieto\u0161anas piesardz\u012bbas pas\u0101kumi:<\/strong><\/h4>\n<div class=\"accordion__copy--inner\" data-accordion-copy-text=\"\">\n<p>Izvairieties no saskares ar ac\u012bm. Tikai \u0101r\u012bgai lieto\u0161anai. Nev\u0113lamas reakcijas gad\u012bjum\u0101 p\u0101rtrauciet lieto\u0161anu un nekav\u0113joties sazinieties ar \u0101rstu. Glab\u0101jiet b\u0113rniem nepieejam\u0101 viet\u0101.<\/p>\n<\/div>\n<p>[\/vc_column_text][vc_empty_space height=&#8221;10px&#8221;][\/vc_column][\/vc_row]<\/p>\n<\/div>","protected":false},"excerpt":{"rendered":"<h5><strong>118 ml<\/strong><\/h5>\n<p><strong>Inovat\u012bv\u0101 Resilicore\u2122 tehnolo\u0123ija<\/strong> nodro\u0161ina aizsardz\u012bbu l\u012bdz pat 232 \u00b0C un pasarg\u0101 matus no UV starojuma, vienlaikus nodro\u0161inot to kop\u0161anu un nov\u0113r\u0161ot kr\u0101sas izbal\u0113\u0161anu, matu sausumu un l\u016b\u0161anu.<\/p>\n","protected":false},"featured_media":6923,"template":"","meta":[],"product_brand":[],"product_cat":[315],"product_tag":[],"class_list":{"0":"post-6926","1":"product","2":"type-product","3":"status-publish","4":"has-post-thumbnail","6":"product_cat-k18-hair-lv","8":"first","9":"instock","10":"taxable","11":"shipping-taxable","12":"purchasable","13":"product-type-simple"},"yoast_head":"<!-- This site is optimized with the Yoast SEO plugin v27.4 - https:\/\/yoast.com\/product\/yoast-seo-wordpress\/ -->\n<title>K18 K18 HeatBounce mitrino\u0161s matu aizsardz\u012bbas l\u012bdzeklis pret karstumu - iD Color<\/title>\n<meta name=\"description\" content=\"Inovat\u012bv\u0101 Resilicore\u2122 tehnolo\u0123ija nodro\u0161ina aizsardz\u012bbu l\u012bdz pat 232 \u00b0C un pasarg\u0101 matus no UV starojuma, vienlaikus nodro\u0161inot to kop\u0161anu un nov\u0113r\u0161ot kr\u0101sas izbal\u0113\u0161anu, matu sausumu un l\u016b\u0161anu.\" \/>\n<meta name=\"robots\" content=\"index, follow, max-snippet:-1, max-image-preview:large, max-video-preview:-1\" \/>\n<link rel=\"canonical\" href=\"https:\/\/idcolor.ee\/lv\/produkts\/k18-heatbounce-mitrinoss-matu-aizsardzibas-lidzeklis-pret-karstumu\/\" \/>\n<meta property=\"og:locale\" content=\"lv_LV\" \/>\n<meta property=\"og:type\" content=\"article\" \/>\n<meta property=\"og:title\" content=\"K18 K18 HeatBounce mitrino\u0161s matu aizsardz\u012bbas l\u012bdzeklis pret karstumu - iD Color\" \/>\n<meta property=\"og:description\" content=\"Inovat\u012bv\u0101 Resilicore\u2122 tehnolo\u0123ija nodro\u0161ina aizsardz\u012bbu l\u012bdz pat 232 \u00b0C un pasarg\u0101 matus no UV starojuma, vienlaikus nodro\u0161inot to kop\u0161anu un nov\u0113r\u0161ot kr\u0101sas izbal\u0113\u0161anu, matu sausumu un l\u016b\u0161anu.\" \/>\n<meta property=\"og:url\" content=\"https:\/\/idcolor.ee\/lv\/produkts\/k18-heatbounce-mitrinoss-matu-aizsardzibas-lidzeklis-pret-karstumu\/\" \/>\n<meta property=\"og:site_name\" content=\"iD Color\" \/>\n<meta property=\"article:modified_time\" content=\"2025-11-30T22:12:09+00:00\" \/>\n<meta property=\"og:image\" content=\"https:\/\/idcolor.ee\/wp-content\/uploads\/2025\/08\/K18_HeatBounce_118ml_open.jpg\" \/>\n\t<meta property=\"og:image:width\" content=\"1080\" \/>\n\t<meta property=\"og:image:height\" content=\"1080\" \/>\n\t<meta property=\"og:image:type\" content=\"image\/jpeg\" \/>\n<meta name=\"twitter:card\" content=\"summary_large_image\" \/>\n<meta name=\"twitter:label1\" content=\"Est. reading time\" \/>\n\t<meta name=\"twitter:data1\" content=\"2 minutes\" \/>\n<script type=\"application\/ld+json\" class=\"yoast-schema-graph\">{\"@context\":\"https:\\\/\\\/schema.org\",\"@graph\":[{\"@type\":\"WebPage\",\"@id\":\"https:\\\/\\\/idcolor.ee\\\/lv\\\/produkts\\\/k18-heatbounce-mitrinoss-matu-aizsardzibas-lidzeklis-pret-karstumu\\\/\",\"url\":\"https:\\\/\\\/idcolor.ee\\\/lv\\\/produkts\\\/k18-heatbounce-mitrinoss-matu-aizsardzibas-lidzeklis-pret-karstumu\\\/\",\"name\":\"K18 K18 HeatBounce mitrino\u0161s matu aizsardz\u012bbas l\u012bdzeklis pret karstumu - iD Color\",\"isPartOf\":{\"@id\":\"https:\\\/\\\/idcolor.ee\\\/lv\\\/#website\"},\"primaryImageOfPage\":{\"@id\":\"https:\\\/\\\/idcolor.ee\\\/lv\\\/produkts\\\/k18-heatbounce-mitrinoss-matu-aizsardzibas-lidzeklis-pret-karstumu\\\/#primaryimage\"},\"image\":{\"@id\":\"https:\\\/\\\/idcolor.ee\\\/lv\\\/produkts\\\/k18-heatbounce-mitrinoss-matu-aizsardzibas-lidzeklis-pret-karstumu\\\/#primaryimage\"},\"thumbnailUrl\":\"https:\\\/\\\/idcolor.ee\\\/wp-content\\\/uploads\\\/2025\\\/08\\\/K18_HeatBounce_118ml_open.jpg\",\"datePublished\":\"2025-08-05T11:59:59+00:00\",\"dateModified\":\"2025-11-30T22:12:09+00:00\",\"description\":\"Inovat\u012bv\u0101 Resilicore\u2122 tehnolo\u0123ija nodro\u0161ina aizsardz\u012bbu l\u012bdz pat 232 \u00b0C un pasarg\u0101 matus no UV starojuma, vienlaikus nodro\u0161inot to kop\u0161anu un nov\u0113r\u0161ot kr\u0101sas izbal\u0113\u0161anu, matu sausumu un l\u016b\u0161anu.\",\"breadcrumb\":{\"@id\":\"https:\\\/\\\/idcolor.ee\\\/lv\\\/produkts\\\/k18-heatbounce-mitrinoss-matu-aizsardzibas-lidzeklis-pret-karstumu\\\/#breadcrumb\"},\"inLanguage\":\"lv-LV\",\"potentialAction\":[{\"@type\":\"ReadAction\",\"target\":[\"https:\\\/\\\/idcolor.ee\\\/lv\\\/produkts\\\/k18-heatbounce-mitrinoss-matu-aizsardzibas-lidzeklis-pret-karstumu\\\/\"]}]},{\"@type\":\"ImageObject\",\"inLanguage\":\"lv-LV\",\"@id\":\"https:\\\/\\\/idcolor.ee\\\/lv\\\/produkts\\\/k18-heatbounce-mitrinoss-matu-aizsardzibas-lidzeklis-pret-karstumu\\\/#primaryimage\",\"url\":\"https:\\\/\\\/idcolor.ee\\\/wp-content\\\/uploads\\\/2025\\\/08\\\/K18_HeatBounce_118ml_open.jpg\",\"contentUrl\":\"https:\\\/\\\/idcolor.ee\\\/wp-content\\\/uploads\\\/2025\\\/08\\\/K18_HeatBounce_118ml_open.jpg\",\"width\":1080,\"height\":1080},{\"@type\":\"BreadcrumbList\",\"@id\":\"https:\\\/\\\/idcolor.ee\\\/lv\\\/produkts\\\/k18-heatbounce-mitrinoss-matu-aizsardzibas-lidzeklis-pret-karstumu\\\/#breadcrumb\",\"itemListElement\":[{\"@type\":\"ListItem\",\"position\":1,\"name\":\"Home\",\"item\":\"https:\\\/\\\/idcolor.ee\\\/lv\\\/majas-lapa\\\/\"},{\"@type\":\"ListItem\",\"position\":2,\"name\":\"Shop\",\"item\":\"https:\\\/\\\/idcolor.ee\\\/lv\\\/shop-2\\\/\"},{\"@type\":\"ListItem\",\"position\":3,\"name\":\"K18 HeatBounce mitrino\u0161s matu aizsardz\u012bbas l\u012bdzeklis pret karstumu\"}]},{\"@type\":\"WebSite\",\"@id\":\"https:\\\/\\\/idcolor.ee\\\/lv\\\/#website\",\"url\":\"https:\\\/\\\/idcolor.ee\\\/lv\\\/\",\"name\":\"iD Color\",\"description\":\"Hair care products\",\"publisher\":{\"@id\":\"https:\\\/\\\/idcolor.ee\\\/lv\\\/#organization\"},\"potentialAction\":[{\"@type\":\"SearchAction\",\"target\":{\"@type\":\"EntryPoint\",\"urlTemplate\":\"https:\\\/\\\/idcolor.ee\\\/lv\\\/?s={search_term_string}\"},\"query-input\":{\"@type\":\"PropertyValueSpecification\",\"valueRequired\":true,\"valueName\":\"search_term_string\"}}],\"inLanguage\":\"lv-LV\"},{\"@type\":\"Organization\",\"@id\":\"https:\\\/\\\/idcolor.ee\\\/lv\\\/#organization\",\"name\":\"iD Color O\u00dc\",\"url\":\"https:\\\/\\\/idcolor.ee\\\/lv\\\/\",\"logo\":{\"@type\":\"ImageObject\",\"inLanguage\":\"lv-LV\",\"@id\":\"https:\\\/\\\/idcolor.ee\\\/lv\\\/#\\\/schema\\\/logo\\\/image\\\/\",\"url\":\"https:\\\/\\\/idcolor.ee\\\/wp-content\\\/uploads\\\/2022\\\/01\\\/IDColor_Logo_1000.png\",\"contentUrl\":\"https:\\\/\\\/idcolor.ee\\\/wp-content\\\/uploads\\\/2022\\\/01\\\/IDColor_Logo_1000.png\",\"width\":1001,\"height\":354,\"caption\":\"iD Color O\u00dc\"},\"image\":{\"@id\":\"https:\\\/\\\/idcolor.ee\\\/lv\\\/#\\\/schema\\\/logo\\\/image\\\/\"}}]}<\/script>\n<!-- \/ Yoast SEO plugin. -->","yoast_head_json":{"title":"K18 K18 HeatBounce mitrino\u0161s matu aizsardz\u012bbas l\u012bdzeklis pret karstumu - iD Color","description":"Inovat\u012bv\u0101 Resilicore\u2122 tehnolo\u0123ija nodro\u0161ina aizsardz\u012bbu l\u012bdz pat 232 \u00b0C un pasarg\u0101 matus no UV starojuma, vienlaikus nodro\u0161inot to kop\u0161anu un nov\u0113r\u0161ot kr\u0101sas izbal\u0113\u0161anu, matu sausumu un l\u016b\u0161anu.","robots":{"index":"index","follow":"follow","max-snippet":"max-snippet:-1","max-image-preview":"max-image-preview:large","max-video-preview":"max-video-preview:-1"},"canonical":"https:\/\/idcolor.ee\/lv\/produkts\/k18-heatbounce-mitrinoss-matu-aizsardzibas-lidzeklis-pret-karstumu\/","og_locale":"lv_LV","og_type":"article","og_title":"K18 K18 HeatBounce mitrino\u0161s matu aizsardz\u012bbas l\u012bdzeklis pret karstumu - iD Color","og_description":"Inovat\u012bv\u0101 Resilicore\u2122 tehnolo\u0123ija nodro\u0161ina aizsardz\u012bbu l\u012bdz pat 232 \u00b0C un pasarg\u0101 matus no UV starojuma, vienlaikus nodro\u0161inot to kop\u0161anu un nov\u0113r\u0161ot kr\u0101sas izbal\u0113\u0161anu, matu sausumu un l\u016b\u0161anu.","og_url":"https:\/\/idcolor.ee\/lv\/produkts\/k18-heatbounce-mitrinoss-matu-aizsardzibas-lidzeklis-pret-karstumu\/","og_site_name":"iD Color","article_modified_time":"2025-11-30T22:12:09+00:00","og_image":[{"width":1080,"height":1080,"url":"https:\/\/idcolor.ee\/wp-content\/uploads\/2025\/08\/K18_HeatBounce_118ml_open.jpg","type":"image\/jpeg"}],"twitter_card":"summary_large_image","twitter_misc":{"Est. reading time":"2 minutes"},"schema":{"@context":"https:\/\/schema.org","@graph":[{"@type":"WebPage","@id":"https:\/\/idcolor.ee\/lv\/produkts\/k18-heatbounce-mitrinoss-matu-aizsardzibas-lidzeklis-pret-karstumu\/","url":"https:\/\/idcolor.ee\/lv\/produkts\/k18-heatbounce-mitrinoss-matu-aizsardzibas-lidzeklis-pret-karstumu\/","name":"K18 K18 HeatBounce mitrino\u0161s matu aizsardz\u012bbas l\u012bdzeklis pret karstumu - iD Color","isPartOf":{"@id":"https:\/\/idcolor.ee\/lv\/#website"},"primaryImageOfPage":{"@id":"https:\/\/idcolor.ee\/lv\/produkts\/k18-heatbounce-mitrinoss-matu-aizsardzibas-lidzeklis-pret-karstumu\/#primaryimage"},"image":{"@id":"https:\/\/idcolor.ee\/lv\/produkts\/k18-heatbounce-mitrinoss-matu-aizsardzibas-lidzeklis-pret-karstumu\/#primaryimage"},"thumbnailUrl":"https:\/\/idcolor.ee\/wp-content\/uploads\/2025\/08\/K18_HeatBounce_118ml_open.jpg","datePublished":"2025-08-05T11:59:59+00:00","dateModified":"2025-11-30T22:12:09+00:00","description":"Inovat\u012bv\u0101 Resilicore\u2122 tehnolo\u0123ija nodro\u0161ina aizsardz\u012bbu l\u012bdz pat 232 \u00b0C un pasarg\u0101 matus no UV starojuma, vienlaikus nodro\u0161inot to kop\u0161anu un nov\u0113r\u0161ot kr\u0101sas izbal\u0113\u0161anu, matu sausumu un l\u016b\u0161anu.","breadcrumb":{"@id":"https:\/\/idcolor.ee\/lv\/produkts\/k18-heatbounce-mitrinoss-matu-aizsardzibas-lidzeklis-pret-karstumu\/#breadcrumb"},"inLanguage":"lv-LV","potentialAction":[{"@type":"ReadAction","target":["https:\/\/idcolor.ee\/lv\/produkts\/k18-heatbounce-mitrinoss-matu-aizsardzibas-lidzeklis-pret-karstumu\/"]}]},{"@type":"ImageObject","inLanguage":"lv-LV","@id":"https:\/\/idcolor.ee\/lv\/produkts\/k18-heatbounce-mitrinoss-matu-aizsardzibas-lidzeklis-pret-karstumu\/#primaryimage","url":"https:\/\/idcolor.ee\/wp-content\/uploads\/2025\/08\/K18_HeatBounce_118ml_open.jpg","contentUrl":"https:\/\/idcolor.ee\/wp-content\/uploads\/2025\/08\/K18_HeatBounce_118ml_open.jpg","width":1080,"height":1080},{"@type":"BreadcrumbList","@id":"https:\/\/idcolor.ee\/lv\/produkts\/k18-heatbounce-mitrinoss-matu-aizsardzibas-lidzeklis-pret-karstumu\/#breadcrumb","itemListElement":[{"@type":"ListItem","position":1,"name":"Home","item":"https:\/\/idcolor.ee\/lv\/majas-lapa\/"},{"@type":"ListItem","position":2,"name":"Shop","item":"https:\/\/idcolor.ee\/lv\/shop-2\/"},{"@type":"ListItem","position":3,"name":"K18 HeatBounce mitrino\u0161s matu aizsardz\u012bbas l\u012bdzeklis pret karstumu"}]},{"@type":"WebSite","@id":"https:\/\/idcolor.ee\/lv\/#website","url":"https:\/\/idcolor.ee\/lv\/","name":"iD Color","description":"Hair care products","publisher":{"@id":"https:\/\/idcolor.ee\/lv\/#organization"},"potentialAction":[{"@type":"SearchAction","target":{"@type":"EntryPoint","urlTemplate":"https:\/\/idcolor.ee\/lv\/?s={search_term_string}"},"query-input":{"@type":"PropertyValueSpecification","valueRequired":true,"valueName":"search_term_string"}}],"inLanguage":"lv-LV"},{"@type":"Organization","@id":"https:\/\/idcolor.ee\/lv\/#organization","name":"iD Color O\u00dc","url":"https:\/\/idcolor.ee\/lv\/","logo":{"@type":"ImageObject","inLanguage":"lv-LV","@id":"https:\/\/idcolor.ee\/lv\/#\/schema\/logo\/image\/","url":"https:\/\/idcolor.ee\/wp-content\/uploads\/2022\/01\/IDColor_Logo_1000.png","contentUrl":"https:\/\/idcolor.ee\/wp-content\/uploads\/2022\/01\/IDColor_Logo_1000.png","width":1001,"height":354,"caption":"iD Color O\u00dc"},"image":{"@id":"https:\/\/idcolor.ee\/lv\/#\/schema\/logo\/image\/"}}]}},"_links":{"self":[{"href":"https:\/\/idcolor.ee\/lv\/wp-json\/wp\/v2\/product\/6926","targetHints":{"allow":["GET"]}}],"collection":[{"href":"https:\/\/idcolor.ee\/lv\/wp-json\/wp\/v2\/product"}],"about":[{"href":"https:\/\/idcolor.ee\/lv\/wp-json\/wp\/v2\/types\/product"}],"wp:featuredmedia":[{"embeddable":true,"href":"https:\/\/idcolor.ee\/lv\/wp-json\/wp\/v2\/media\/6923"}],"wp:attachment":[{"href":"https:\/\/idcolor.ee\/lv\/wp-json\/wp\/v2\/media?parent=6926"}],"wp:term":[{"taxonomy":"product_brand","embeddable":true,"href":"https:\/\/idcolor.ee\/lv\/wp-json\/wp\/v2\/product_brand?post=6926"},{"taxonomy":"product_cat","embeddable":true,"href":"https:\/\/idcolor.ee\/lv\/wp-json\/wp\/v2\/product_cat?post=6926"},{"taxonomy":"product_tag","embeddable":true,"href":"https:\/\/idcolor.ee\/lv\/wp-json\/wp\/v2\/product_tag?post=6926"}],"curies":[{"name":"wp","href":"https:\/\/api.w.org\/{rel}","templated":true}]}}