{"id":7703,"date":"2026-03-11T12:05:09","date_gmt":"2026-03-11T10:05:09","guid":{"rendered":"https:\/\/idcolor.ee\/?post_type=product&#038;p=7703"},"modified":"2026-03-11T12:14:42","modified_gmt":"2026-03-11T10:14:42","slug":"damage-shield-aizsargajoss-ph-sampuns-copy","status":"publish","type":"product","link":"https:\/\/idcolor.ee\/lv\/produkts\/damage-shield-aizsargajoss-ph-sampuns-copy\/","title":{"rendered":"DAMAGE SHIELD aizsarg\u0101jo\u0161s pH \u0161amp\u016bns"},"content":{"rendered":"<div class=\"wpb-content-wrapper\"><p>[vc_row][vc_column][vc_row_inner][vc_column_inner width=&#8221;1\/4&#8243; offset=&#8221;vc_hidden-sm vc_hidden-xs&#8221; css=&#8221;.vc_custom_1643102572855{padding-right: 40% !important;}&#8221;][vc_single_image image=&#8221;4767&#8243; img_size=&#8221;full&#8221;][vc_empty_space height=&#8221;20px&#8221;][\/vc_column_inner][vc_column_inner width=&#8221;3\/4&#8243; css=&#8221;.vc_custom_1643102537405{padding-right: 70% !important;}&#8221; offset=&#8221;vc_hidden-lg vc_hidden-md&#8221;][vc_single_image image=&#8221;4767&#8243; img_size=&#8221;full&#8221;][vc_empty_space height=&#8221;20px&#8221;][\/vc_column_inner][\/vc_row_inner]<div class=\"nasa-title clearfix nasa-t hr-type-none\"><h4 class=\"nasa-heading-title\"><span class=\"nasa-title-wrap\"><span style=\"color: #000000;\">DAMAGE SHIELD aizsarg\u0101jo\u0161s pH \u0161amp\u016bns | 473 ml<\/span><\/span><\/h4><p class=\"nasa-title-desc\" style=\"color: #000000;\">SATUR PATENT\u0112TU K18 PEPT\u012aDU<\/p><\/div>[vc_empty_space height=&#8221;20px&#8221;][vc_separator][vc_empty_space height=&#8221;10px&#8221;][vc_column_text]Nogludino\u0161s \u0161amp\u016bns ar optimiz\u0113tu pH ikdienas lieto\u0161anai.<\/p>\n<h4><strong>KO T\u0100 DARA?<\/strong><\/h4>\n<p><strong>Att\u012bra matu virsmu, to nogludinot.<\/strong> Efekt\u012bvas, bet dro\u0161as t\u012bro\u0161as vielas \u0161\u0137e\u013c un no\u0146em net\u012brumus un e\u013c\u013cas \u2013 t\u0101 matus var lab\u0101k nodro\u0161in\u0101t ar uzturviel\u0101m un apstr\u0101d\u0101t.<br \/>\n<strong>Paredz\u0113ts ikdienas lieto\u0161anai.<\/strong> Sast\u0101vs ar l\u012bdzsvarotu pH neboj\u0101 ne matu \u0161\u0137iedras, ne galvas matus un ir piem\u0113rots ikdienas lieto\u0161anai.<br \/>\n<strong>Rada ide\u0101lu pamatu veseliem matiem.<\/strong> \u0160amp\u016bna sast\u0101v\u0101 nav pildvielu, kas boj\u0101tu matu un galvas \u0101das pH l\u012bdzsvaru.<\/p>\n<h4>K\u0100 T\u0100 STR\u0100D\u0100?<\/h4>\n<p><strong>Maz\u0101k ir vair\u0101k \u2013 optimiz\u0113tais sast\u0101vs nodro\u0161ina lielisku un bezkompromisu t\u012br\u012bbu:<\/strong><\/p>\n<ul>\n<li><strong>Optimiz\u0113tais pH<\/strong> mazg\u0101\u0161anas laik\u0101 notur kutikulu sl\u0113gtu un aizsarg\u0101 matu dabisko mitruma l\u012bmeni, rezult\u0101t\u0101 ir gludi un mitrin\u0101ti mati.<\/li>\n<li><strong>Augu virsmakt\u012bv\u0101s vielas<\/strong> rada sp\u0113c\u012bgas putas un efekt\u012bvu t\u012br\u012b\u0161anu, pal\u012bdzot nov\u0113rst p\u0101rpalikumu uzkr\u0101\u0161anos.<\/li>\n<li>Mikrodoz\u0113tais <strong>K18Peptide\u2122<\/strong> samazina mazg\u0101\u0161anas laik\u0101 iesp\u0113jamo olbaltumvielu zudumu un uztur matus m\u012bkstus, stiprus, veselus un t\u012brus.<\/li>\n<\/ul>\n<p>[\/vc_column_text][vc_row_inner css=&#8221;.vc_custom_1641810793016{padding-bottom: 30px !important;}&#8221;][vc_column_inner width=&#8221;1\/2&#8243;][vc_empty_space height=&#8221;35px&#8221;][vc_column_text]<\/p>\n<h4><strong>LIETO\u0160ANA<\/strong><\/h4>\n<ol>\n<li>Piem\u0113rots ikdienas lieto\u0161anai.<\/li>\n<li>Iemas\u0113 \u0161amp\u016bnu matos, koncentr\u0113joties uz galvas \u0101du.<\/li>\n<li>R\u016bp\u012bgi izskalo.<\/li>\n<li>Atk\u0101rto p\u0113c nepiecie\u0161am\u012bbas.<\/li>\n<\/ol>\n<p><strong>SMAR\u017dA<\/strong><br \/>\nAr svaigu citrusu arom\u0101tu.<\/p>\n<p><strong>NESATUR<\/strong> sulf\u0101tus, parab\u0113nus, ftal\u0101tu, lilijas aldeh\u012bdu, silikonus, m\u0101ksl\u012bgas kr\u0101sas, n\u0101trija hlor\u012bdu, formaldeh\u012bdu un t\u0101 produktus. <strong>Produkts ir veg\u0101ns, bez cietsird\u012bbas.<\/strong><\/p>\n<p><strong>Neboj\u0101 kr\u0101su.<\/strong><br \/>\n<strong>Nerada aler\u0123iju, dermatolo\u0123iski test\u0113ts (RIPT tests ar 50 test\u0113jamajiem).<\/strong><br \/>\n<strong>pH 4.5-5.5<br \/>\n<\/strong>[\/vc_column_text][\/vc_column_inner][vc_column_inner width=&#8221;1\/2&#8243;][vc_empty_space height=&#8221;35px&#8221;][vc_single_image image=&#8221;7710&#8243; img_size=&#8221;full&#8221; alignment=&#8221;center&#8221; css=&#8221;&#8221;][\/vc_column_inner][\/vc_row_inner][vc_empty_space height=&#8221;35px&#8221;][vc_separator][vc_empty_space height=&#8221;20px&#8221;][vc_column_text]<\/p>\n<h4><strong>Lieto\u0161anas piesardz\u012bbas pas\u0101kumi:<\/strong><\/h4>\n<div class=\"accordion__copy--inner\" data-accordion-copy-text=\"\">\n<p>Izvairieties no saskares ar ac\u012bm. Tikai \u0101r\u012bgai lieto\u0161anai. Nev\u0113lamas reakcijas gad\u012bjum\u0101 p\u0101rtrauciet lieto\u0161anu un nekav\u0113joties sazinieties ar \u0101rstu. Glab\u0101jiet b\u0113rniem nepieejam\u0101 viet\u0101.<\/p>\n<\/div>\n<p>[\/vc_column_text][vc_empty_space height=&#8221;10px&#8221;][\/vc_column][\/vc_row]<\/p>\n<\/div>","protected":false},"excerpt":{"rendered":"<h5><strong>473 ml<\/strong><\/h5>\n<p>Nogludino\u0161s \u0161amp\u016bns ar optimiz\u0113tu pH ikdienas lieto\u0161anai.<\/p>\n<p>SATUR PATENT\u0112TU K18 PEPT\u012aDU<\/p>\n","protected":false},"featured_media":7708,"template":"","meta":[],"product_brand":[],"product_cat":[315],"product_tag":[],"class_list":{"0":"post-7703","1":"product","2":"type-product","3":"status-publish","4":"has-post-thumbnail","6":"product_cat-k18-hair-lv","8":"first","9":"instock","10":"taxable","11":"shipping-taxable","12":"purchasable","13":"product-type-simple"},"yoast_head":"<!-- This site is optimized with the Yoast SEO plugin v27.4 - https:\/\/yoast.com\/product\/yoast-seo-wordpress\/ -->\n<title>DAMAGE SHIELD aizsarg\u0101jo\u0161s pH \u0161amp\u016bns - iD Color<\/title>\n<meta name=\"robots\" content=\"index, follow, max-snippet:-1, max-image-preview:large, max-video-preview:-1\" \/>\n<link rel=\"canonical\" href=\"https:\/\/idcolor.ee\/lv\/produkts\/damage-shield-aizsargajoss-ph-sampuns-copy\/\" \/>\n<meta property=\"og:locale\" content=\"lv_LV\" \/>\n<meta property=\"og:type\" content=\"article\" \/>\n<meta property=\"og:title\" content=\"DAMAGE SHIELD aizsarg\u0101jo\u0161s pH \u0161amp\u016bns - iD Color\" \/>\n<meta property=\"og:description\" content=\"473 ml Nogludino\u0161s \u0161amp\u016bns ar optimiz\u0113tu pH ikdienas lieto\u0161anai. SATUR PATENT\u0112TU K18 PEPT\u012aDU\" \/>\n<meta property=\"og:url\" content=\"https:\/\/idcolor.ee\/lv\/produkts\/damage-shield-aizsargajoss-ph-sampuns-copy\/\" \/>\n<meta property=\"og:site_name\" content=\"iD Color\" \/>\n<meta property=\"article:modified_time\" content=\"2026-03-11T10:14:42+00:00\" \/>\n<meta property=\"og:image\" content=\"https:\/\/idcolor.ee\/wp-content\/uploads\/2026\/03\/K18_DamageShield_pHShampoo_473ml.jpg\" \/>\n\t<meta property=\"og:image:width\" content=\"1080\" \/>\n\t<meta property=\"og:image:height\" content=\"1080\" \/>\n\t<meta property=\"og:image:type\" content=\"image\/jpeg\" \/>\n<meta name=\"twitter:card\" content=\"summary_large_image\" \/>\n<meta name=\"twitter:label1\" content=\"Est. reading time\" \/>\n\t<meta name=\"twitter:data1\" content=\"3 minutes\" \/>\n<script type=\"application\/ld+json\" class=\"yoast-schema-graph\">{\"@context\":\"https:\\\/\\\/schema.org\",\"@graph\":[{\"@type\":\"WebPage\",\"@id\":\"https:\\\/\\\/idcolor.ee\\\/lv\\\/produkts\\\/damage-shield-aizsargajoss-ph-sampuns-copy\\\/\",\"url\":\"https:\\\/\\\/idcolor.ee\\\/lv\\\/produkts\\\/damage-shield-aizsargajoss-ph-sampuns-copy\\\/\",\"name\":\"DAMAGE SHIELD aizsarg\u0101jo\u0161s pH \u0161amp\u016bns - iD Color\",\"isPartOf\":{\"@id\":\"https:\\\/\\\/idcolor.ee\\\/lv\\\/#website\"},\"primaryImageOfPage\":{\"@id\":\"https:\\\/\\\/idcolor.ee\\\/lv\\\/produkts\\\/damage-shield-aizsargajoss-ph-sampuns-copy\\\/#primaryimage\"},\"image\":{\"@id\":\"https:\\\/\\\/idcolor.ee\\\/lv\\\/produkts\\\/damage-shield-aizsargajoss-ph-sampuns-copy\\\/#primaryimage\"},\"thumbnailUrl\":\"https:\\\/\\\/idcolor.ee\\\/wp-content\\\/uploads\\\/2026\\\/03\\\/K18_DamageShield_pHShampoo_473ml.jpg\",\"datePublished\":\"2026-03-11T10:05:09+00:00\",\"dateModified\":\"2026-03-11T10:14:42+00:00\",\"breadcrumb\":{\"@id\":\"https:\\\/\\\/idcolor.ee\\\/lv\\\/produkts\\\/damage-shield-aizsargajoss-ph-sampuns-copy\\\/#breadcrumb\"},\"inLanguage\":\"lv-LV\",\"potentialAction\":[{\"@type\":\"ReadAction\",\"target\":[\"https:\\\/\\\/idcolor.ee\\\/lv\\\/produkts\\\/damage-shield-aizsargajoss-ph-sampuns-copy\\\/\"]}]},{\"@type\":\"ImageObject\",\"inLanguage\":\"lv-LV\",\"@id\":\"https:\\\/\\\/idcolor.ee\\\/lv\\\/produkts\\\/damage-shield-aizsargajoss-ph-sampuns-copy\\\/#primaryimage\",\"url\":\"https:\\\/\\\/idcolor.ee\\\/wp-content\\\/uploads\\\/2026\\\/03\\\/K18_DamageShield_pHShampoo_473ml.jpg\",\"contentUrl\":\"https:\\\/\\\/idcolor.ee\\\/wp-content\\\/uploads\\\/2026\\\/03\\\/K18_DamageShield_pHShampoo_473ml.jpg\",\"width\":1080,\"height\":1080},{\"@type\":\"BreadcrumbList\",\"@id\":\"https:\\\/\\\/idcolor.ee\\\/lv\\\/produkts\\\/damage-shield-aizsargajoss-ph-sampuns-copy\\\/#breadcrumb\",\"itemListElement\":[{\"@type\":\"ListItem\",\"position\":1,\"name\":\"Home\",\"item\":\"https:\\\/\\\/idcolor.ee\\\/lv\\\/majas-lapa\\\/\"},{\"@type\":\"ListItem\",\"position\":2,\"name\":\"Shop\",\"item\":\"https:\\\/\\\/idcolor.ee\\\/lv\\\/shop-2\\\/\"},{\"@type\":\"ListItem\",\"position\":3,\"name\":\"DAMAGE SHIELD aizsarg\u0101jo\u0161s pH \u0161amp\u016bns\"}]},{\"@type\":\"WebSite\",\"@id\":\"https:\\\/\\\/idcolor.ee\\\/lv\\\/#website\",\"url\":\"https:\\\/\\\/idcolor.ee\\\/lv\\\/\",\"name\":\"iD Color\",\"description\":\"Hair care products\",\"publisher\":{\"@id\":\"https:\\\/\\\/idcolor.ee\\\/lv\\\/#organization\"},\"potentialAction\":[{\"@type\":\"SearchAction\",\"target\":{\"@type\":\"EntryPoint\",\"urlTemplate\":\"https:\\\/\\\/idcolor.ee\\\/lv\\\/?s={search_term_string}\"},\"query-input\":{\"@type\":\"PropertyValueSpecification\",\"valueRequired\":true,\"valueName\":\"search_term_string\"}}],\"inLanguage\":\"lv-LV\"},{\"@type\":\"Organization\",\"@id\":\"https:\\\/\\\/idcolor.ee\\\/lv\\\/#organization\",\"name\":\"iD Color O\u00dc\",\"url\":\"https:\\\/\\\/idcolor.ee\\\/lv\\\/\",\"logo\":{\"@type\":\"ImageObject\",\"inLanguage\":\"lv-LV\",\"@id\":\"https:\\\/\\\/idcolor.ee\\\/lv\\\/#\\\/schema\\\/logo\\\/image\\\/\",\"url\":\"https:\\\/\\\/idcolor.ee\\\/wp-content\\\/uploads\\\/2022\\\/01\\\/IDColor_Logo_1000.png\",\"contentUrl\":\"https:\\\/\\\/idcolor.ee\\\/wp-content\\\/uploads\\\/2022\\\/01\\\/IDColor_Logo_1000.png\",\"width\":1001,\"height\":354,\"caption\":\"iD Color O\u00dc\"},\"image\":{\"@id\":\"https:\\\/\\\/idcolor.ee\\\/lv\\\/#\\\/schema\\\/logo\\\/image\\\/\"}}]}<\/script>\n<!-- \/ Yoast SEO plugin. -->","yoast_head_json":{"title":"DAMAGE SHIELD aizsarg\u0101jo\u0161s pH \u0161amp\u016bns - iD Color","robots":{"index":"index","follow":"follow","max-snippet":"max-snippet:-1","max-image-preview":"max-image-preview:large","max-video-preview":"max-video-preview:-1"},"canonical":"https:\/\/idcolor.ee\/lv\/produkts\/damage-shield-aizsargajoss-ph-sampuns-copy\/","og_locale":"lv_LV","og_type":"article","og_title":"DAMAGE SHIELD aizsarg\u0101jo\u0161s pH \u0161amp\u016bns - iD Color","og_description":"473 ml Nogludino\u0161s \u0161amp\u016bns ar optimiz\u0113tu pH ikdienas lieto\u0161anai. SATUR PATENT\u0112TU K18 PEPT\u012aDU","og_url":"https:\/\/idcolor.ee\/lv\/produkts\/damage-shield-aizsargajoss-ph-sampuns-copy\/","og_site_name":"iD Color","article_modified_time":"2026-03-11T10:14:42+00:00","og_image":[{"width":1080,"height":1080,"url":"https:\/\/idcolor.ee\/wp-content\/uploads\/2026\/03\/K18_DamageShield_pHShampoo_473ml.jpg","type":"image\/jpeg"}],"twitter_card":"summary_large_image","twitter_misc":{"Est. reading time":"3 minutes"},"schema":{"@context":"https:\/\/schema.org","@graph":[{"@type":"WebPage","@id":"https:\/\/idcolor.ee\/lv\/produkts\/damage-shield-aizsargajoss-ph-sampuns-copy\/","url":"https:\/\/idcolor.ee\/lv\/produkts\/damage-shield-aizsargajoss-ph-sampuns-copy\/","name":"DAMAGE SHIELD aizsarg\u0101jo\u0161s pH \u0161amp\u016bns - iD Color","isPartOf":{"@id":"https:\/\/idcolor.ee\/lv\/#website"},"primaryImageOfPage":{"@id":"https:\/\/idcolor.ee\/lv\/produkts\/damage-shield-aizsargajoss-ph-sampuns-copy\/#primaryimage"},"image":{"@id":"https:\/\/idcolor.ee\/lv\/produkts\/damage-shield-aizsargajoss-ph-sampuns-copy\/#primaryimage"},"thumbnailUrl":"https:\/\/idcolor.ee\/wp-content\/uploads\/2026\/03\/K18_DamageShield_pHShampoo_473ml.jpg","datePublished":"2026-03-11T10:05:09+00:00","dateModified":"2026-03-11T10:14:42+00:00","breadcrumb":{"@id":"https:\/\/idcolor.ee\/lv\/produkts\/damage-shield-aizsargajoss-ph-sampuns-copy\/#breadcrumb"},"inLanguage":"lv-LV","potentialAction":[{"@type":"ReadAction","target":["https:\/\/idcolor.ee\/lv\/produkts\/damage-shield-aizsargajoss-ph-sampuns-copy\/"]}]},{"@type":"ImageObject","inLanguage":"lv-LV","@id":"https:\/\/idcolor.ee\/lv\/produkts\/damage-shield-aizsargajoss-ph-sampuns-copy\/#primaryimage","url":"https:\/\/idcolor.ee\/wp-content\/uploads\/2026\/03\/K18_DamageShield_pHShampoo_473ml.jpg","contentUrl":"https:\/\/idcolor.ee\/wp-content\/uploads\/2026\/03\/K18_DamageShield_pHShampoo_473ml.jpg","width":1080,"height":1080},{"@type":"BreadcrumbList","@id":"https:\/\/idcolor.ee\/lv\/produkts\/damage-shield-aizsargajoss-ph-sampuns-copy\/#breadcrumb","itemListElement":[{"@type":"ListItem","position":1,"name":"Home","item":"https:\/\/idcolor.ee\/lv\/majas-lapa\/"},{"@type":"ListItem","position":2,"name":"Shop","item":"https:\/\/idcolor.ee\/lv\/shop-2\/"},{"@type":"ListItem","position":3,"name":"DAMAGE SHIELD aizsarg\u0101jo\u0161s pH \u0161amp\u016bns"}]},{"@type":"WebSite","@id":"https:\/\/idcolor.ee\/lv\/#website","url":"https:\/\/idcolor.ee\/lv\/","name":"iD Color","description":"Hair care products","publisher":{"@id":"https:\/\/idcolor.ee\/lv\/#organization"},"potentialAction":[{"@type":"SearchAction","target":{"@type":"EntryPoint","urlTemplate":"https:\/\/idcolor.ee\/lv\/?s={search_term_string}"},"query-input":{"@type":"PropertyValueSpecification","valueRequired":true,"valueName":"search_term_string"}}],"inLanguage":"lv-LV"},{"@type":"Organization","@id":"https:\/\/idcolor.ee\/lv\/#organization","name":"iD Color O\u00dc","url":"https:\/\/idcolor.ee\/lv\/","logo":{"@type":"ImageObject","inLanguage":"lv-LV","@id":"https:\/\/idcolor.ee\/lv\/#\/schema\/logo\/image\/","url":"https:\/\/idcolor.ee\/wp-content\/uploads\/2022\/01\/IDColor_Logo_1000.png","contentUrl":"https:\/\/idcolor.ee\/wp-content\/uploads\/2022\/01\/IDColor_Logo_1000.png","width":1001,"height":354,"caption":"iD Color O\u00dc"},"image":{"@id":"https:\/\/idcolor.ee\/lv\/#\/schema\/logo\/image\/"}}]}},"_links":{"self":[{"href":"https:\/\/idcolor.ee\/lv\/wp-json\/wp\/v2\/product\/7703","targetHints":{"allow":["GET"]}}],"collection":[{"href":"https:\/\/idcolor.ee\/lv\/wp-json\/wp\/v2\/product"}],"about":[{"href":"https:\/\/idcolor.ee\/lv\/wp-json\/wp\/v2\/types\/product"}],"wp:featuredmedia":[{"embeddable":true,"href":"https:\/\/idcolor.ee\/lv\/wp-json\/wp\/v2\/media\/7708"}],"wp:attachment":[{"href":"https:\/\/idcolor.ee\/lv\/wp-json\/wp\/v2\/media?parent=7703"}],"wp:term":[{"taxonomy":"product_brand","embeddable":true,"href":"https:\/\/idcolor.ee\/lv\/wp-json\/wp\/v2\/product_brand?post=7703"},{"taxonomy":"product_cat","embeddable":true,"href":"https:\/\/idcolor.ee\/lv\/wp-json\/wp\/v2\/product_cat?post=7703"},{"taxonomy":"product_tag","embeddable":true,"href":"https:\/\/idcolor.ee\/lv\/wp-json\/wp\/v2\/product_tag?post=7703"}],"curies":[{"name":"wp","href":"https:\/\/api.w.org\/{rel}","templated":true}]}}