{"id":7715,"date":"2026-03-11T12:19:50","date_gmt":"2026-03-11T10:19:50","guid":{"rendered":"https:\/\/idcolor.ee\/?post_type=product&#038;p=7715"},"modified":"2026-03-11T12:24:15","modified_gmt":"2026-03-11T10:24:15","slug":"damage-shield-aizsargajoss-kondicionieris-copy","status":"publish","type":"product","link":"https:\/\/idcolor.ee\/lv\/produkts\/damage-shield-aizsargajoss-kondicionieris-copy\/","title":{"rendered":"DAMAGE SHIELD aizsarg\u0101jo\u0161s kondicionieris"},"content":{"rendered":"<div class=\"wpb-content-wrapper\"><p>[vc_row][vc_column][vc_row_inner][vc_column_inner width=&#8221;1\/4&#8243; offset=&#8221;vc_hidden-sm vc_hidden-xs&#8221; css=&#8221;.vc_custom_1643102572855{padding-right: 40% !important;}&#8221;][vc_single_image image=&#8221;4767&#8243; img_size=&#8221;full&#8221;][vc_empty_space height=&#8221;20px&#8221;][\/vc_column_inner][vc_column_inner width=&#8221;3\/4&#8243; css=&#8221;.vc_custom_1643102537405{padding-right: 70% !important;}&#8221; offset=&#8221;vc_hidden-lg vc_hidden-md&#8221;][vc_single_image image=&#8221;4767&#8243; img_size=&#8221;full&#8221;][vc_empty_space height=&#8221;20px&#8221;][\/vc_column_inner][\/vc_row_inner]<div class=\"nasa-title clearfix nasa-t hr-type-none\"><h4 class=\"nasa-heading-title\"><span class=\"nasa-title-wrap\"><span style=\"color: #000000;\">DAMAGE SHIELD aizsarg\u0101jo\u0161s kondicionieris | 250 ml<\/span><\/span><\/h4><p class=\"nasa-title-desc\" style=\"color: #000000;\">PIRM\u0100 MATU AIZSARDZ\u012aBA PRET IKDIENAS BOJ\u0100JUMIEM<\/p><\/div>[vc_empty_space height=&#8221;20px&#8221;][vc_separator][vc_empty_space height=&#8221;10px&#8221;][vc_column_text]Barojo\u0161s, aizsarg\u0101jo\u0161s kondicionieris, kas pal\u012bdz pasarg\u0101t matus no ikdienas boj\u0101jumiem, saglab\u0101jot matu vesel\u012bbu un padarot matus glud\u0101kus un mirdzo\u0161\u0101kus. Izstr\u0101d\u0101ts, lai m\u012bkstin\u0101tu matus, nepadarot tos smagus, un at\u0161\u0137etin\u0101tu tos. Vienlaikus sast\u0101v\u0101 eso\u0161ais K18Peptide\u2122 mazg\u0101\u0161anas laik\u0101 pal\u012bdz tos atjaunot.<\/p>\n<h4><strong>KO T\u0100 DARA?<\/strong><\/h4>\n<p>Kl\u012bniski apstiprin\u0101ts, ka tas nodro\u0161ina kondicion\u0113jo\u0161u aizsardz\u012bbu pret UV staru, meh\u0101nisk\u0101s ieveido\u0161anas un vides agresoru rad\u012btajiem boj\u0101jumiem l\u012bdz pat 3 dien\u0101m*. Stiprina, m\u012bkstina un at\u0161\u0137etina matus.<\/p>\n<ul>\n<li><strong>Aizsarg\u0101 pret boj\u0101jumiem:<\/strong> Kondicion\u0113jo\u0161a aizsardz\u012bba pret UV staru, vides agresoru un meh\u0101niskas ieveido\u0161anas rad\u012btajiem boj\u0101jumiem l\u012bdz pat 3 dien\u0101m.<\/li>\n<li><strong>Uztur matu vesel\u012bbu:<\/strong> Stiprina matu \u0101r\u0113j\u0101s lip\u012bdu barjeras, padarot matus elast\u012bg\u0101kus un notur\u012bg\u0101kus pret boj\u0101jumiem. K18Peptide\u2122 kompens\u0113 mazg\u0101\u0161anas laik\u0101 zaud\u0113t\u0101s olbaltumvielas.<\/li>\n<li><strong>Uzlabo matu dabisko mirdzumu:<\/strong> optimiz\u0113tais pH sast\u0101vs mazg\u0101\u0161anas laik\u0101 samazina p\u0101rm\u0113r\u012bgu kutikulas uzbrie\u0161anu, lai saglab\u0101tu matu gludumu un padar\u012btu tos mirdzo\u0161\u0101kus.<\/li>\n<\/ul>\n<h4>K\u0100 T\u0100 STR\u0100D\u0100?<\/h4>\n<ul>\n<li><strong>Biotehnolo\u0123iski ra\u017eots polisahar\u012bds<\/strong> darbojas k\u0101 biomim\u0113tisks vairogs, aizsarg\u0101jot matus pret pies\u0101r\u0146ojumu un vides agresoriem.<\/li>\n<li><strong>Stiprino\u0161s keram\u012bdu mais\u012bjums<\/strong> nosl\u0113dz boj\u0101jumu vietas matu kutikul\u0101 \u2013 nogludina un aizsarg\u0101 matus pret turpm\u0101kiem boj\u0101jumiem.<\/li>\n<li><strong>K18Peptide\u2122<\/strong> kompens\u0113 mazg\u0101\u0161anas laik\u0101 zaud\u0113t\u0101s olbaltumvielas.<\/li>\n<\/ul>\n<h4><strong>KL\u012aNISKI APSTIPRIN\u0100TS*<\/strong><\/h4>\n<ul>\n<li>Kl\u012bniski pier\u0101d\u012bts, ka tas nodro\u0161ina kondicion\u0113jo\u0161u aizsardz\u012bbu pret UV staru, meh\u0101nisk\u0101s ieveido\u0161anas un vides agresoru rad\u012btajiem boj\u0101jumiem l\u012bdz pat 3 dien\u0101m*<\/li>\n<li>94% aptauj\u0101to atzina, ka mati nav k\u013cuvu\u0161i smagi*<\/li>\n<li>91% aptauj\u0101to atzina, ka mati ir m\u012bkst\u0101ki*<\/li>\n<\/ul>\n<p><a href=\"https:\/\/www.k18hairpro.com\/pages\/disclaimers\" target=\"_blank\" rel=\"noopener\"><em>* k18hairpro.com\/disclaimers<\/em><\/a>[\/vc_column_text][vc_row_inner css=&#8221;.vc_custom_1641810793016{padding-bottom: 30px !important;}&#8221;][vc_column_inner width=&#8221;1\/2&#8243;][vc_empty_space height=&#8221;35px&#8221;][vc_column_text]<\/p>\n<h4><strong>LIETO\u0160ANA<\/strong><\/h4>\n<ol>\n<li>Izmazg\u0101jiet matus.<\/li>\n<li>Uzkl\u0101jiet nelielu daudzumu <strong>DAMAGE SHIELD aizsarg\u0101jo\u0161\u0101 kondicioniera<\/strong> no matu vidusda\u013cas l\u012bdz galiem.<\/li>\n<li>R\u016bp\u012bgi izskalojiet.<\/li>\n<\/ol>\n<p>Lab\u0101kiem rezult\u0101tiem lietojiet p\u0113c matu mazg\u0101\u0161anas ar <strong>DAMAGE SHIELD pH aizsarg\u0101jo\u0161o \u0161amp\u016bnu.<\/strong>[\/vc_column_text][vc_empty_space height=&#8221;35px&#8221;][vc_separator align=&#8221;align_left&#8221; el_width=&#8221;20&#8243;][vc_empty_space height=&#8221;20px&#8221;][vc_column_text]<strong>SMAR\u017dA<\/strong><br \/>\nAr svaigu citrusu arom\u0101tu.<\/p>\n<p><strong>BEZ<\/strong> ftal\u0101tiem, formaldeh\u012bda vai formaldeh\u012bda atbr\u012bvot\u0101jiem, oksibenzona un oktinoks\u0101ta un cit\u0101m l\u012bdz\u012bg\u0101m viel\u0101m.[\/vc_column_text][\/vc_column_inner][vc_column_inner width=&#8221;1\/2&#8243;][vc_empty_space height=&#8221;35px&#8221;][vc_single_image image=&#8221;6385&#8243; img_size=&#8221;full&#8221; alignment=&#8221;center&#8221;][\/vc_column_inner][\/vc_row_inner][vc_empty_space height=&#8221;35px&#8221;][vc_separator][vc_empty_space height=&#8221;20px&#8221;][vc_column_text]<\/p>\n<h4><strong>Lieto\u0161anas piesardz\u012bbas pas\u0101kumi:<\/strong><\/h4>\n<div class=\"accordion__copy--inner\" data-accordion-copy-text=\"\">\n<p>Izvairieties no saskares ar ac\u012bm. Tikai \u0101r\u012bgai lieto\u0161anai. Nev\u0113lamas reakcijas gad\u012bjum\u0101 p\u0101rtrauciet lieto\u0161anu un nekav\u0113joties sazinieties ar \u0101rstu. Glab\u0101jiet b\u0113rniem nepieejam\u0101 viet\u0101.<\/p>\n<\/div>\n<p>[\/vc_column_text][vc_empty_space height=&#8221;10px&#8221;][\/vc_column][\/vc_row]<\/p>\n<\/div>","protected":false},"excerpt":{"rendered":"<h5><strong>473 ml<br \/>\n<\/strong><\/h5>\n<p>Barojo\u0161s, aizsarg\u0101jo\u0161s kondicionieris, kas pal\u012bdz pasarg\u0101t matus no ikdienas boj\u0101jumiem, saglab\u0101jot matu vesel\u012bbu un padarot matus glud\u0101kus un mirdzo\u0161\u0101kus.<\/p>\n<p>SATUR PATENT\u0112TU K18 PEPT\u012aDU<\/p>\n","protected":false},"featured_media":7719,"template":"","meta":[],"product_brand":[],"product_cat":[315],"product_tag":[],"class_list":{"0":"post-7715","1":"product","2":"type-product","3":"status-publish","4":"has-post-thumbnail","6":"product_cat-k18-hair-lv","8":"first","9":"instock","10":"taxable","11":"shipping-taxable","12":"purchasable","13":"product-type-simple"},"yoast_head":"<!-- This site is optimized with the Yoast SEO plugin v27.4 - https:\/\/yoast.com\/product\/yoast-seo-wordpress\/ -->\n<title>DAMAGE SHIELD aizsarg\u0101jo\u0161s kondicionieris - iD Color<\/title>\n<meta name=\"robots\" content=\"index, follow, max-snippet:-1, max-image-preview:large, max-video-preview:-1\" \/>\n<link rel=\"canonical\" href=\"https:\/\/idcolor.ee\/lv\/produkts\/damage-shield-aizsargajoss-kondicionieris-copy\/\" \/>\n<meta property=\"og:locale\" content=\"lv_LV\" \/>\n<meta property=\"og:type\" content=\"article\" \/>\n<meta property=\"og:title\" content=\"DAMAGE SHIELD aizsarg\u0101jo\u0161s kondicionieris - iD Color\" \/>\n<meta property=\"og:description\" content=\"473 ml Barojo\u0161s, aizsarg\u0101jo\u0161s kondicionieris, kas pal\u012bdz pasarg\u0101t matus no ikdienas boj\u0101jumiem, saglab\u0101jot matu vesel\u012bbu un padarot matus glud\u0101kus un mirdzo\u0161\u0101kus. SATUR PATENT\u0112TU K18 PEPT\u012aDU\" \/>\n<meta property=\"og:url\" content=\"https:\/\/idcolor.ee\/lv\/produkts\/damage-shield-aizsargajoss-kondicionieris-copy\/\" \/>\n<meta property=\"og:site_name\" content=\"iD Color\" \/>\n<meta property=\"article:modified_time\" content=\"2026-03-11T10:24:15+00:00\" \/>\n<meta property=\"og:image\" content=\"https:\/\/idcolor.ee\/wp-content\/uploads\/2026\/03\/K18_DamageShield_Conditioner_473ml.jpg\" \/>\n\t<meta property=\"og:image:width\" content=\"1080\" \/>\n\t<meta property=\"og:image:height\" content=\"1080\" \/>\n\t<meta property=\"og:image:type\" content=\"image\/jpeg\" \/>\n<meta name=\"twitter:card\" content=\"summary_large_image\" \/>\n<meta name=\"twitter:label1\" content=\"Est. reading time\" \/>\n\t<meta name=\"twitter:data1\" content=\"2 minutes\" \/>\n<script type=\"application\/ld+json\" class=\"yoast-schema-graph\">{\"@context\":\"https:\\\/\\\/schema.org\",\"@graph\":[{\"@type\":\"WebPage\",\"@id\":\"https:\\\/\\\/idcolor.ee\\\/lv\\\/produkts\\\/damage-shield-aizsargajoss-kondicionieris-copy\\\/\",\"url\":\"https:\\\/\\\/idcolor.ee\\\/lv\\\/produkts\\\/damage-shield-aizsargajoss-kondicionieris-copy\\\/\",\"name\":\"DAMAGE SHIELD aizsarg\u0101jo\u0161s kondicionieris - iD Color\",\"isPartOf\":{\"@id\":\"https:\\\/\\\/idcolor.ee\\\/lv\\\/#website\"},\"primaryImageOfPage\":{\"@id\":\"https:\\\/\\\/idcolor.ee\\\/lv\\\/produkts\\\/damage-shield-aizsargajoss-kondicionieris-copy\\\/#primaryimage\"},\"image\":{\"@id\":\"https:\\\/\\\/idcolor.ee\\\/lv\\\/produkts\\\/damage-shield-aizsargajoss-kondicionieris-copy\\\/#primaryimage\"},\"thumbnailUrl\":\"https:\\\/\\\/idcolor.ee\\\/wp-content\\\/uploads\\\/2026\\\/03\\\/K18_DamageShield_Conditioner_473ml.jpg\",\"datePublished\":\"2026-03-11T10:19:50+00:00\",\"dateModified\":\"2026-03-11T10:24:15+00:00\",\"breadcrumb\":{\"@id\":\"https:\\\/\\\/idcolor.ee\\\/lv\\\/produkts\\\/damage-shield-aizsargajoss-kondicionieris-copy\\\/#breadcrumb\"},\"inLanguage\":\"lv-LV\",\"potentialAction\":[{\"@type\":\"ReadAction\",\"target\":[\"https:\\\/\\\/idcolor.ee\\\/lv\\\/produkts\\\/damage-shield-aizsargajoss-kondicionieris-copy\\\/\"]}]},{\"@type\":\"ImageObject\",\"inLanguage\":\"lv-LV\",\"@id\":\"https:\\\/\\\/idcolor.ee\\\/lv\\\/produkts\\\/damage-shield-aizsargajoss-kondicionieris-copy\\\/#primaryimage\",\"url\":\"https:\\\/\\\/idcolor.ee\\\/wp-content\\\/uploads\\\/2026\\\/03\\\/K18_DamageShield_Conditioner_473ml.jpg\",\"contentUrl\":\"https:\\\/\\\/idcolor.ee\\\/wp-content\\\/uploads\\\/2026\\\/03\\\/K18_DamageShield_Conditioner_473ml.jpg\",\"width\":1080,\"height\":1080},{\"@type\":\"BreadcrumbList\",\"@id\":\"https:\\\/\\\/idcolor.ee\\\/lv\\\/produkts\\\/damage-shield-aizsargajoss-kondicionieris-copy\\\/#breadcrumb\",\"itemListElement\":[{\"@type\":\"ListItem\",\"position\":1,\"name\":\"Home\",\"item\":\"https:\\\/\\\/idcolor.ee\\\/lv\\\/majas-lapa\\\/\"},{\"@type\":\"ListItem\",\"position\":2,\"name\":\"Shop\",\"item\":\"https:\\\/\\\/idcolor.ee\\\/lv\\\/shop-2\\\/\"},{\"@type\":\"ListItem\",\"position\":3,\"name\":\"DAMAGE SHIELD aizsarg\u0101jo\u0161s kondicionieris\"}]},{\"@type\":\"WebSite\",\"@id\":\"https:\\\/\\\/idcolor.ee\\\/lv\\\/#website\",\"url\":\"https:\\\/\\\/idcolor.ee\\\/lv\\\/\",\"name\":\"iD Color\",\"description\":\"Hair care products\",\"publisher\":{\"@id\":\"https:\\\/\\\/idcolor.ee\\\/lv\\\/#organization\"},\"potentialAction\":[{\"@type\":\"SearchAction\",\"target\":{\"@type\":\"EntryPoint\",\"urlTemplate\":\"https:\\\/\\\/idcolor.ee\\\/lv\\\/?s={search_term_string}\"},\"query-input\":{\"@type\":\"PropertyValueSpecification\",\"valueRequired\":true,\"valueName\":\"search_term_string\"}}],\"inLanguage\":\"lv-LV\"},{\"@type\":\"Organization\",\"@id\":\"https:\\\/\\\/idcolor.ee\\\/lv\\\/#organization\",\"name\":\"iD Color O\u00dc\",\"url\":\"https:\\\/\\\/idcolor.ee\\\/lv\\\/\",\"logo\":{\"@type\":\"ImageObject\",\"inLanguage\":\"lv-LV\",\"@id\":\"https:\\\/\\\/idcolor.ee\\\/lv\\\/#\\\/schema\\\/logo\\\/image\\\/\",\"url\":\"https:\\\/\\\/idcolor.ee\\\/wp-content\\\/uploads\\\/2022\\\/01\\\/IDColor_Logo_1000.png\",\"contentUrl\":\"https:\\\/\\\/idcolor.ee\\\/wp-content\\\/uploads\\\/2022\\\/01\\\/IDColor_Logo_1000.png\",\"width\":1001,\"height\":354,\"caption\":\"iD Color O\u00dc\"},\"image\":{\"@id\":\"https:\\\/\\\/idcolor.ee\\\/lv\\\/#\\\/schema\\\/logo\\\/image\\\/\"}}]}<\/script>\n<!-- \/ Yoast SEO plugin. -->","yoast_head_json":{"title":"DAMAGE SHIELD aizsarg\u0101jo\u0161s kondicionieris - iD Color","robots":{"index":"index","follow":"follow","max-snippet":"max-snippet:-1","max-image-preview":"max-image-preview:large","max-video-preview":"max-video-preview:-1"},"canonical":"https:\/\/idcolor.ee\/lv\/produkts\/damage-shield-aizsargajoss-kondicionieris-copy\/","og_locale":"lv_LV","og_type":"article","og_title":"DAMAGE SHIELD aizsarg\u0101jo\u0161s kondicionieris - iD Color","og_description":"473 ml Barojo\u0161s, aizsarg\u0101jo\u0161s kondicionieris, kas pal\u012bdz pasarg\u0101t matus no ikdienas boj\u0101jumiem, saglab\u0101jot matu vesel\u012bbu un padarot matus glud\u0101kus un mirdzo\u0161\u0101kus. SATUR PATENT\u0112TU K18 PEPT\u012aDU","og_url":"https:\/\/idcolor.ee\/lv\/produkts\/damage-shield-aizsargajoss-kondicionieris-copy\/","og_site_name":"iD Color","article_modified_time":"2026-03-11T10:24:15+00:00","og_image":[{"width":1080,"height":1080,"url":"https:\/\/idcolor.ee\/wp-content\/uploads\/2026\/03\/K18_DamageShield_Conditioner_473ml.jpg","type":"image\/jpeg"}],"twitter_card":"summary_large_image","twitter_misc":{"Est. reading time":"2 minutes"},"schema":{"@context":"https:\/\/schema.org","@graph":[{"@type":"WebPage","@id":"https:\/\/idcolor.ee\/lv\/produkts\/damage-shield-aizsargajoss-kondicionieris-copy\/","url":"https:\/\/idcolor.ee\/lv\/produkts\/damage-shield-aizsargajoss-kondicionieris-copy\/","name":"DAMAGE SHIELD aizsarg\u0101jo\u0161s kondicionieris - iD Color","isPartOf":{"@id":"https:\/\/idcolor.ee\/lv\/#website"},"primaryImageOfPage":{"@id":"https:\/\/idcolor.ee\/lv\/produkts\/damage-shield-aizsargajoss-kondicionieris-copy\/#primaryimage"},"image":{"@id":"https:\/\/idcolor.ee\/lv\/produkts\/damage-shield-aizsargajoss-kondicionieris-copy\/#primaryimage"},"thumbnailUrl":"https:\/\/idcolor.ee\/wp-content\/uploads\/2026\/03\/K18_DamageShield_Conditioner_473ml.jpg","datePublished":"2026-03-11T10:19:50+00:00","dateModified":"2026-03-11T10:24:15+00:00","breadcrumb":{"@id":"https:\/\/idcolor.ee\/lv\/produkts\/damage-shield-aizsargajoss-kondicionieris-copy\/#breadcrumb"},"inLanguage":"lv-LV","potentialAction":[{"@type":"ReadAction","target":["https:\/\/idcolor.ee\/lv\/produkts\/damage-shield-aizsargajoss-kondicionieris-copy\/"]}]},{"@type":"ImageObject","inLanguage":"lv-LV","@id":"https:\/\/idcolor.ee\/lv\/produkts\/damage-shield-aizsargajoss-kondicionieris-copy\/#primaryimage","url":"https:\/\/idcolor.ee\/wp-content\/uploads\/2026\/03\/K18_DamageShield_Conditioner_473ml.jpg","contentUrl":"https:\/\/idcolor.ee\/wp-content\/uploads\/2026\/03\/K18_DamageShield_Conditioner_473ml.jpg","width":1080,"height":1080},{"@type":"BreadcrumbList","@id":"https:\/\/idcolor.ee\/lv\/produkts\/damage-shield-aizsargajoss-kondicionieris-copy\/#breadcrumb","itemListElement":[{"@type":"ListItem","position":1,"name":"Home","item":"https:\/\/idcolor.ee\/lv\/majas-lapa\/"},{"@type":"ListItem","position":2,"name":"Shop","item":"https:\/\/idcolor.ee\/lv\/shop-2\/"},{"@type":"ListItem","position":3,"name":"DAMAGE SHIELD aizsarg\u0101jo\u0161s kondicionieris"}]},{"@type":"WebSite","@id":"https:\/\/idcolor.ee\/lv\/#website","url":"https:\/\/idcolor.ee\/lv\/","name":"iD Color","description":"Hair care products","publisher":{"@id":"https:\/\/idcolor.ee\/lv\/#organization"},"potentialAction":[{"@type":"SearchAction","target":{"@type":"EntryPoint","urlTemplate":"https:\/\/idcolor.ee\/lv\/?s={search_term_string}"},"query-input":{"@type":"PropertyValueSpecification","valueRequired":true,"valueName":"search_term_string"}}],"inLanguage":"lv-LV"},{"@type":"Organization","@id":"https:\/\/idcolor.ee\/lv\/#organization","name":"iD Color O\u00dc","url":"https:\/\/idcolor.ee\/lv\/","logo":{"@type":"ImageObject","inLanguage":"lv-LV","@id":"https:\/\/idcolor.ee\/lv\/#\/schema\/logo\/image\/","url":"https:\/\/idcolor.ee\/wp-content\/uploads\/2022\/01\/IDColor_Logo_1000.png","contentUrl":"https:\/\/idcolor.ee\/wp-content\/uploads\/2022\/01\/IDColor_Logo_1000.png","width":1001,"height":354,"caption":"iD Color O\u00dc"},"image":{"@id":"https:\/\/idcolor.ee\/lv\/#\/schema\/logo\/image\/"}}]}},"_links":{"self":[{"href":"https:\/\/idcolor.ee\/lv\/wp-json\/wp\/v2\/product\/7715","targetHints":{"allow":["GET"]}}],"collection":[{"href":"https:\/\/idcolor.ee\/lv\/wp-json\/wp\/v2\/product"}],"about":[{"href":"https:\/\/idcolor.ee\/lv\/wp-json\/wp\/v2\/types\/product"}],"wp:featuredmedia":[{"embeddable":true,"href":"https:\/\/idcolor.ee\/lv\/wp-json\/wp\/v2\/media\/7719"}],"wp:attachment":[{"href":"https:\/\/idcolor.ee\/lv\/wp-json\/wp\/v2\/media?parent=7715"}],"wp:term":[{"taxonomy":"product_brand","embeddable":true,"href":"https:\/\/idcolor.ee\/lv\/wp-json\/wp\/v2\/product_brand?post=7715"},{"taxonomy":"product_cat","embeddable":true,"href":"https:\/\/idcolor.ee\/lv\/wp-json\/wp\/v2\/product_cat?post=7715"},{"taxonomy":"product_tag","embeddable":true,"href":"https:\/\/idcolor.ee\/lv\/wp-json\/wp\/v2\/product_tag?post=7715"}],"curies":[{"name":"wp","href":"https:\/\/api.w.org\/{rel}","templated":true}]}}